{"id":1302,"date":"2021-02-04T08:56:25","date_gmt":"2021-02-04T08:56:25","guid":{"rendered":"https:\/\/ferrycroatia.com\/de\/?page_id=1302"},"modified":"2021-02-09T12:16:34","modified_gmt":"2021-02-09T12:16:34","slug":"fahrhafen-vela-luka","status":"publish","type":"page","link":"https:\/\/www.ferrycroatia.com\/de\/fahrhafen-vela-luka\/","title":{"rendered":"F\u00e4hrhafen Vela Luka"},"content":{"rendered":"<p>Vela Luka ist eine Stadt im westlichen Teil der Insel <strong>Kor\u010dula in einer 9,2 km tiefen Bucht.<\/strong> Es ist einer der besten Ankerpl\u00e4tze an der Adria. Aufgrund <strong>seiner erstaunlichen geografischen Lage<\/strong> in einer tiefen Bucht war Vela Luka schon immer ein sehr wichtiger Hafen an der Adria. Der F\u00e4hrhafen befindet sich am Ende einer <strong>langen Promenade am Meer<\/strong> in der N\u00e4he des Stadtzentrums. Vela Luka ist mit Split durch eine regul\u00e4re Autof\u00e4hre und eine Katamaran Linie verbunden.<\/p>\n<p><span style=\"text-decoration: underline;\"><b>An- und Abreise zum F\u00e4hrterminal in Vela Luka:<\/b><\/span><\/p>\n<p>Wie die meisten Inselst\u00e4dte ist auch <strong>die Stadt Vela Luka nicht gro\u00df.<\/strong> Unabh\u00e4ngig davon, wo sich Ihre Unterkunft befindet, ist der F\u00e4hrhafen bequem zu Fu\u00df erreichbar. <strong>Die Alternative<\/strong>, insbesondere wenn Sie mit Gep\u00e4ck unterwegs sind, besteht darin, ein Taxi zu nehmen, das Sie nicht viel kostet, da es sich um <strong>eine kleine Strecke handelt<\/strong>. Wenn Sie woanders auf der Insel Kor\u010dula \u00fcbernachten, ist es ziemlich einfach, Vela Luka mit dem Bus zu erreichen. Die Hauptbushaltestelle Vela Luka befindet sich in der N\u00e4he des F\u00e4hrterminals.<\/p>\n<p><span style=\"text-decoration: underline;\"><b>Was Sie am F\u00e4hrterminal von Vela Luka finden k\u00f6nnen:<\/b><\/span><\/p>\n<p>Wie bereits erw\u00e4hnt, ist Vela Luka eine kleine Stadt<strong>, sodass sich alles, was Sie ben\u00f6tigen, direkt in der N\u00e4he des F\u00e4hrterminals befindet<\/strong>: Bars, Restaurants, Gesch\u00e4fte usw.<\/p>\n<p><span style=\"text-decoration: underline;\"><b>Adresse des F\u00e4hrterminals Vela Luka:<\/b><\/span><\/p>\n<blockquote><p>Obala 3,<\/p>\n<p>20270 Vela Luka<\/p>\n<p><strong>GPS-Koordinaten:<\/strong> 42.95972, 16.71007<\/p><\/blockquote>\n<p><a class=\"lightbox\" href=\"http:\/\/www.ferrycroatia.com\/wp-content\/uploads\/2016\/06\/Vela-Luka.jpg\"><img decoding=\"async\" loading=\"lazy\" class=\"alignnone size-full wp-image-252\" data-src=\"http:\/\/www.ferrycroatia.com\/wp-content\/uploads\/2016\/06\/Vela-Luka.jpg\" alt=\"Vela Luka\" width=\"800\" height=\"642\" \/><\/a><\/p>\n<p><span style=\"text-decoration: underline;\"><b>Liste der Routen:<\/b><\/span><\/p>\n<p>\u2192 Autof\u00e4hre: Split &#8211; Vela Luka (Kor\u010dula) &#8211; Ubli (Lastovo)<\/p>\n<ul>\n<li><a href=\"https:\/\/www.ferrycroatia.com\/de\/vela-luka-split\/\">Vela Luka &#8211; Split<\/a><\/li>\n<li><a href=\"https:\/\/www.ferrycroatia.com\/de\/vela-luka-ubli\/\">Vela Luka &#8211; Ubli<\/a><\/li>\n<\/ul>\n<p>\u2192 Katamaran: Split &#8211; Hvar &#8211; Vela Luka (Kor\u010dula) &#8211; Ubli (Lastovo)<\/p>\n<ul>\n<li><a href=\"https:\/\/www.ferrycroatia.com\/de\/vela-luka-hvar\/\">Vela Luka &#8211; Hvar<\/a><\/li>\n<\/ul>\n","protected":false},"excerpt":{"rendered":"<p>Vela Luka ist eine Stadt im westlichen Teil der Insel Kor\u010dula in einer 9,2 km tiefen Bucht. Es ist einer der besten Ankerpl\u00e4tze an der Adria. Aufgrund seiner erstaunlichen geografischen Lage in einer tiefen Bucht war Vela Luka schon immer ein sehr wichtiger Hafen an der Adria. Der F\u00e4hrhafen befindet sich am Ende einer langen [&hellip;]<\/p>\n<p><a class=\"more-link\" href=\"https:\/\/www.ferrycroatia.com\/de\/fahrhafen-vela-luka\/\"> Continue reading&#8230;<\/a><\/p>\n","protected":false},"author":5,"featured_media":1303,"parent":0,"menu_order":0,"comment_status":"closed","ping_status":"closed","template":"","meta":[],"yoast_head":"<!-- This site is optimized with the Yoast SEO plugin v19.8 - https:\/\/yoast.com\/wordpress\/plugins\/seo\/ -->\n<title>F\u00e4hrterminal Vela Luka, Abfahrt von Katamaranen und Autof\u00e4hren<\/title>\n<meta name=\"description\" content=\"F\u00e4hren und Katamarane vom F\u00e4hrhafen Vela Luka, wie man den Hafen mit dem Bus oder mit dem Auto von anderen Zielen in Kroatien aus erreicht, Adresse und Einrichtungen am Hafen.\" \/>\n<meta name=\"robots\" content=\"index, follow, max-snippet:-1, max-image-preview:large, max-video-preview:-1\" \/>\n<link rel=\"canonical\" href=\"https:\/\/www.ferrycroatia.com\/de\/fahrhafen-vela-luka\/\" \/>\n<meta property=\"og:locale\" content=\"en_US\" \/>\n<meta property=\"og:type\" content=\"article\" \/>\n<meta property=\"og:title\" content=\"F\u00e4hrterminal Vela Luka, Abfahrt von Katamaranen und Autof\u00e4hren\" \/>\n<meta property=\"og:description\" content=\"F\u00e4hren und Katamarane vom F\u00e4hrhafen Vela Luka, wie man den Hafen mit dem Bus oder mit dem Auto von anderen Zielen in Kroatien aus erreicht, Adresse und Einrichtungen am Hafen.\" \/>\n<meta property=\"og:url\" content=\"https:\/\/www.ferrycroatia.com\/de\/fahrhafen-vela-luka\/\" \/>\n<meta property=\"og:site_name\" content=\"F\u00e4hre Kroatien\" \/>\n<meta property=\"article:modified_time\" content=\"2021-02-09T12:16:34+00:00\" \/>\n<meta property=\"og:image\" content=\"https:\/\/www.ferrycroatia.com\/de\/wp-content\/uploads\/2021\/02\/Vela-Luka-F\u00e4hre.jpg\" \/>\n\t<meta property=\"og:image:width\" content=\"1024\" \/>\n\t<meta property=\"og:image:height\" content=\"512\" \/>\n\t<meta property=\"og:image:type\" content=\"image\/jpeg\" \/>\n<meta name=\"twitter:card\" content=\"summary_large_image\" \/>\n<meta name=\"twitter:label1\" content=\"Est. reading time\" \/>\n\t<meta name=\"twitter:data1\" content=\"1 minute\" \/>\n<script type=\"application\/ld+json\" class=\"yoast-schema-graph\">{\"@context\":\"https:\/\/schema.org\",\"@graph\":[{\"@type\":\"WebPage\",\"@id\":\"https:\/\/www.ferrycroatia.com\/de\/fahrhafen-vela-luka\/\",\"url\":\"https:\/\/www.ferrycroatia.com\/de\/fahrhafen-vela-luka\/\",\"name\":\"F\u00e4hrterminal Vela Luka, Abfahrt von Katamaranen und Autof\u00e4hren\",\"isPartOf\":{\"@id\":\"https:\/\/www.ferrycroatia.com\/de\/#website\"},\"datePublished\":\"2021-02-04T08:56:25+00:00\",\"dateModified\":\"2021-02-09T12:16:34+00:00\",\"description\":\"F\u00e4hren und Katamarane vom F\u00e4hrhafen Vela Luka, wie man den Hafen mit dem Bus oder mit dem Auto von anderen Zielen in Kroatien aus erreicht, Adresse und Einrichtungen am Hafen.\",\"breadcrumb\":{\"@id\":\"https:\/\/www.ferrycroatia.com\/de\/fahrhafen-vela-luka\/#breadcrumb\"},\"inLanguage\":\"en-US\",\"potentialAction\":[{\"@type\":\"ReadAction\",\"target\":[\"https:\/\/www.ferrycroatia.com\/de\/fahrhafen-vela-luka\/\"]}]},{\"@type\":\"BreadcrumbList\",\"@id\":\"https:\/\/www.ferrycroatia.com\/de\/fahrhafen-vela-luka\/#breadcrumb\",\"itemListElement\":[{\"@type\":\"ListItem\",\"position\":1,\"name\":\"Home\",\"item\":\"https:\/\/www.ferrycroatia.com\/de\/\"},{\"@type\":\"ListItem\",\"position\":2,\"name\":\"F\u00e4hrhafen Vela Luka\"}]},{\"@type\":\"WebSite\",\"@id\":\"https:\/\/www.ferrycroatia.com\/de\/#website\",\"url\":\"https:\/\/www.ferrycroatia.com\/de\/\",\"name\":\"F\u00e4hre Kroatien\",\"description\":\"Info und Fahrpl\u00e4ne f\u00fcr alle Katamarane und F\u00e4hren in Kroatien\",\"potentialAction\":[{\"@type\":\"SearchAction\",\"target\":{\"@type\":\"EntryPoint\",\"urlTemplate\":\"https:\/\/www.ferrycroatia.com\/de\/?s={search_term_string}\"},\"query-input\":\"required name=search_term_string\"}],\"inLanguage\":\"en-US\"}]}<\/script>\n<!-- \/ Yoast SEO plugin. -->","yoast_head_json":{"title":"F\u00e4hrterminal Vela Luka, Abfahrt von Katamaranen und Autof\u00e4hren","description":"F\u00e4hren und Katamarane vom F\u00e4hrhafen Vela Luka, wie man den Hafen mit dem Bus oder mit dem Auto von anderen Zielen in Kroatien aus erreicht, Adresse und Einrichtungen am Hafen.","robots":{"index":"index","follow":"follow","max-snippet":"max-snippet:-1","max-image-preview":"max-image-preview:large","max-video-preview":"max-video-preview:-1"},"canonical":"https:\/\/www.ferrycroatia.com\/de\/fahrhafen-vela-luka\/","og_locale":"en_US","og_type":"article","og_title":"F\u00e4hrterminal Vela Luka, Abfahrt von Katamaranen und Autof\u00e4hren","og_description":"F\u00e4hren und Katamarane vom F\u00e4hrhafen Vela Luka, wie man den Hafen mit dem Bus oder mit dem Auto von anderen Zielen in Kroatien aus erreicht, Adresse und Einrichtungen am Hafen.","og_url":"https:\/\/www.ferrycroatia.com\/de\/fahrhafen-vela-luka\/","og_site_name":"F\u00e4hre Kroatien","article_modified_time":"2021-02-09T12:16:34+00:00","og_image":[{"width":1024,"height":512,"url":"https:\/\/www.ferrycroatia.com\/de\/wp-content\/uploads\/2021\/02\/Vela-Luka-F\u00e4hre.jpg","type":"image\/jpeg"}],"twitter_card":"summary_large_image","twitter_misc":{"Est. reading time":"1 minute"},"schema":{"@context":"https:\/\/schema.org","@graph":[{"@type":"WebPage","@id":"https:\/\/www.ferrycroatia.com\/de\/fahrhafen-vela-luka\/","url":"https:\/\/www.ferrycroatia.com\/de\/fahrhafen-vela-luka\/","name":"F\u00e4hrterminal Vela Luka, Abfahrt von Katamaranen und Autof\u00e4hren","isPartOf":{"@id":"https:\/\/www.ferrycroatia.com\/de\/#website"},"datePublished":"2021-02-04T08:56:25+00:00","dateModified":"2021-02-09T12:16:34+00:00","description":"F\u00e4hren und Katamarane vom F\u00e4hrhafen Vela Luka, wie man den Hafen mit dem Bus oder mit dem Auto von anderen Zielen in Kroatien aus erreicht, Adresse und Einrichtungen am Hafen.","breadcrumb":{"@id":"https:\/\/www.ferrycroatia.com\/de\/fahrhafen-vela-luka\/#breadcrumb"},"inLanguage":"en-US","potentialAction":[{"@type":"ReadAction","target":["https:\/\/www.ferrycroatia.com\/de\/fahrhafen-vela-luka\/"]}]},{"@type":"BreadcrumbList","@id":"https:\/\/www.ferrycroatia.com\/de\/fahrhafen-vela-luka\/#breadcrumb","itemListElement":[{"@type":"ListItem","position":1,"name":"Home","item":"https:\/\/www.ferrycroatia.com\/de\/"},{"@type":"ListItem","position":2,"name":"F\u00e4hrhafen Vela Luka"}]},{"@type":"WebSite","@id":"https:\/\/www.ferrycroatia.com\/de\/#website","url":"https:\/\/www.ferrycroatia.com\/de\/","name":"F\u00e4hre Kroatien","description":"Info und Fahrpl\u00e4ne f\u00fcr alle Katamarane und F\u00e4hren in Kroatien","potentialAction":[{"@type":"SearchAction","target":{"@type":"EntryPoint","urlTemplate":"https:\/\/www.ferrycroatia.com\/de\/?s={search_term_string}"},"query-input":"required name=search_term_string"}],"inLanguage":"en-US"}]}},"_links":{"self":[{"href":"https:\/\/www.ferrycroatia.com\/de\/wp-json\/wp\/v2\/pages\/1302"}],"collection":[{"href":"https:\/\/www.ferrycroatia.com\/de\/wp-json\/wp\/v2\/pages"}],"about":[{"href":"https:\/\/www.ferrycroatia.com\/de\/wp-json\/wp\/v2\/types\/page"}],"author":[{"embeddable":true,"href":"https:\/\/www.ferrycroatia.com\/de\/wp-json\/wp\/v2\/users\/5"}],"replies":[{"embeddable":true,"href":"https:\/\/www.ferrycroatia.com\/de\/wp-json\/wp\/v2\/comments?post=1302"}],"version-history":[{"count":2,"href":"https:\/\/www.ferrycroatia.com\/de\/wp-json\/wp\/v2\/pages\/1302\/revisions"}],"predecessor-version":[{"id":1648,"href":"https:\/\/www.ferrycroatia.com\/de\/wp-json\/wp\/v2\/pages\/1302\/revisions\/1648"}],"wp:featuredmedia":[{"embeddable":true,"href":"https:\/\/www.ferrycroatia.com\/de\/wp-json\/wp\/v2\/media\/1303"}],"wp:attachment":[{"href":"https:\/\/www.ferrycroatia.com\/de\/wp-json\/wp\/v2\/media?parent=1302"}],"curies":[{"name":"wp","href":"https:\/\/api.w.org\/{rel}","templated":true}]}}