{"id":1305,"date":"2021-02-04T08:59:06","date_gmt":"2021-02-04T08:59:06","guid":{"rendered":"https:\/\/ferrycroatia.com\/de\/?page_id=1305"},"modified":"2021-02-09T12:18:01","modified_gmt":"2021-02-09T12:18:01","slug":"fahrhafen-veli-iz","status":"publish","type":"page","link":"https:\/\/www.ferrycroatia.com\/de\/fahrhafen-veli-iz\/","title":{"rendered":"F\u00e4hrhafen Veli I\u017e"},"content":{"rendered":"<p><strong>Veli I\u017e ist die \u201eHauptstadt\u201c der Insel I\u017e<\/strong> im Nordosten der Insel. Es ist auch ein Katamaran Hafen, der durch regelm\u00e4\u00dfige Katamaran Linien mit Mali I\u017e, der Insel Rava und Zadar, verbunden ist. Der Pier, von dem der Katamaran abf\u00e4hrt, befindet sich im Stadtzentrum in einer nahegelegenen Bucht nahe der Promenade am Meer.<\/p>\n<p><span style=\"text-decoration: underline;\"><b>An- und Abreise zum Katamaran Hafen in Veli I\u017e:<\/b><\/span><\/p>\n<p>Die Reisezeit <strong>mit dem Katamaran vom alten Stadthafen von Zadar nach Veli I\u017e betr\u00e4gt ca. 1 Stunde.<\/strong> Sobald Sie auf der Insel angekommen sind, k\u00f6nnen Sie Ihre Unterkunft bequem zu Fu\u00df erreichen. Wenn Sie anderswo auf der Insel \u00fcbernachten, sollten Sie Ihren Vermieter nach dem besten Weg fragen, um vom Katamaran Hafen zu Ihrer Wohnung \/ Ihrem Hotel zu gelangen.<\/p>\n<p><span style=\"text-decoration: underline;\"><b>Was Sie am Katamaran Hafen von Veli I\u017e finden k\u00f6nnen:<\/b><\/span><\/p>\n<p>Da Veli I\u017e eine kleine Inselstadt ist, in der sich der Katamaran Hafen direkt im Zentrum befindet, finden Sie in der N\u00e4he einige Einrichtungen: Restaurants, Bars, Gesch\u00e4fte usw.<\/p>\n<p><span style=\"text-decoration: underline;\"><b>Adresse des Katamaran Hafens Veli I\u017e:<\/b><\/span><\/p>\n<ul>\n<li>L\u00e4ngengrad: 15.109712<\/li>\n<li>Breitengrad: 44.050375<\/li>\n<li>23284 Veli I\u017e (I\u017e)<\/li>\n<\/ul>\n<p><a class=\"lightbox\" href=\"http:\/\/www.ferrycroatia.com\/wp-content\/uploads\/2016\/08\/Veli-Iz-catamaran.jpg\"><img decoding=\"async\" loading=\"lazy\" class=\"alignnone size-full wp-image-756\" data-src=\"http:\/\/www.ferrycroatia.com\/wp-content\/uploads\/2016\/08\/Veli-Iz-catamaran.jpg\" alt=\"Veli Iz catamaran\" width=\"884\" height=\"553\" \/><\/a><\/p>\n<p><span style=\"text-decoration: underline;\"><b>Liste der Katamaranrouten von und nach Veli I\u017e:<\/b><\/span><\/p>\n<p>\u2192 Katamaran: Zadar &#8211; Mali I\u017e- Veli I\u017e &#8211; Mala Rava-Rava<\/p>\n<ul>\n<li><a href=\"https:\/\/www.ferrycroatia.com\/de\/veli-iz-zadar\/\">Veli I\u017e &#8211; Zadar<\/a><\/li>\n<li><a href=\"https:\/\/www.ferrycroatia.com\/de\/veli-iz-mali-iz\/\">Veli I\u017e &#8211; Mali I\u017e<\/a><\/li>\n<li><a href=\"https:\/\/www.ferrycroatia.com\/de\/veli-iz-mala-rava\/\">Veli I\u017e &#8211; Mala Rava<\/a><\/li>\n<li><a href=\"https:\/\/www.ferrycroatia.com\/de\/veli-iz-rava\/\">Veli I\u017e &#8211; Rava<\/a><\/li>\n<\/ul>\n","protected":false},"excerpt":{"rendered":"<p>Veli I\u017e ist die \u201eHauptstadt\u201c der Insel I\u017e im Nordosten der Insel. Es ist auch ein Katamaran Hafen, der durch regelm\u00e4\u00dfige Katamaran Linien mit Mali I\u017e, der Insel Rava und Zadar, verbunden ist. Der Pier, von dem der Katamaran abf\u00e4hrt, befindet sich im Stadtzentrum in einer nahegelegenen Bucht nahe der Promenade am Meer. An- und [&hellip;]<\/p>\n<p><a class=\"more-link\" href=\"https:\/\/www.ferrycroatia.com\/de\/fahrhafen-veli-iz\/\"> Continue reading&#8230;<\/a><\/p>\n","protected":false},"author":5,"featured_media":0,"parent":0,"menu_order":0,"comment_status":"closed","ping_status":"closed","template":"","meta":[],"yoast_head":"<!-- This site is optimized with the Yoast SEO plugin v19.8 - https:\/\/yoast.com\/wordpress\/plugins\/seo\/ -->\n<title>Katamaranhafen Veli I\u017e, von und nach Veli I\u017e reisen<\/title>\n<meta name=\"robots\" content=\"index, follow, max-snippet:-1, max-image-preview:large, max-video-preview:-1\" \/>\n<link rel=\"canonical\" href=\"https:\/\/www.ferrycroatia.com\/de\/fahrhafen-veli-iz\/\" \/>\n<meta property=\"og:locale\" content=\"en_US\" \/>\n<meta property=\"og:type\" content=\"article\" \/>\n<meta property=\"og:title\" content=\"Katamaranhafen Veli I\u017e, von und nach Veli I\u017e reisen\" \/>\n<meta property=\"og:description\" content=\"Veli I\u017e ist die \u201eHauptstadt\u201c der Insel I\u017e im Nordosten der Insel. Es ist auch ein Katamaran Hafen, der durch regelm\u00e4\u00dfige Katamaran Linien mit Mali I\u017e, der Insel Rava und Zadar, verbunden ist. Der Pier, von dem der Katamaran abf\u00e4hrt, befindet sich im Stadtzentrum in einer nahegelegenen Bucht nahe der Promenade am Meer. An- und [&hellip;] Continue reading...\" \/>\n<meta property=\"og:url\" content=\"https:\/\/www.ferrycroatia.com\/de\/fahrhafen-veli-iz\/\" \/>\n<meta property=\"og:site_name\" content=\"F\u00e4hre Kroatien\" \/>\n<meta property=\"article:modified_time\" content=\"2021-02-09T12:18:01+00:00\" \/>\n<meta property=\"og:image\" content=\"http:\/\/www.ferrycroatia.com\/wp-content\/uploads\/2016\/08\/Veli-Iz-catamaran.jpg\" \/>\n<meta name=\"twitter:card\" content=\"summary_large_image\" \/>\n<meta name=\"twitter:label1\" content=\"Est. reading time\" \/>\n\t<meta name=\"twitter:data1\" content=\"1 minute\" \/>\n<script type=\"application\/ld+json\" class=\"yoast-schema-graph\">{\"@context\":\"https:\/\/schema.org\",\"@graph\":[{\"@type\":\"WebPage\",\"@id\":\"https:\/\/www.ferrycroatia.com\/de\/fahrhafen-veli-iz\/\",\"url\":\"https:\/\/www.ferrycroatia.com\/de\/fahrhafen-veli-iz\/\",\"name\":\"Katamaranhafen Veli I\u017e, von und nach Veli I\u017e reisen\",\"isPartOf\":{\"@id\":\"https:\/\/www.ferrycroatia.com\/de\/#website\"},\"datePublished\":\"2021-02-04T08:59:06+00:00\",\"dateModified\":\"2021-02-09T12:18:01+00:00\",\"breadcrumb\":{\"@id\":\"https:\/\/www.ferrycroatia.com\/de\/fahrhafen-veli-iz\/#breadcrumb\"},\"inLanguage\":\"en-US\",\"potentialAction\":[{\"@type\":\"ReadAction\",\"target\":[\"https:\/\/www.ferrycroatia.com\/de\/fahrhafen-veli-iz\/\"]}]},{\"@type\":\"BreadcrumbList\",\"@id\":\"https:\/\/www.ferrycroatia.com\/de\/fahrhafen-veli-iz\/#breadcrumb\",\"itemListElement\":[{\"@type\":\"ListItem\",\"position\":1,\"name\":\"Home\",\"item\":\"https:\/\/www.ferrycroatia.com\/de\/\"},{\"@type\":\"ListItem\",\"position\":2,\"name\":\"F\u00e4hrhafen Veli I\u017e\"}]},{\"@type\":\"WebSite\",\"@id\":\"https:\/\/www.ferrycroatia.com\/de\/#website\",\"url\":\"https:\/\/www.ferrycroatia.com\/de\/\",\"name\":\"F\u00e4hre Kroatien\",\"description\":\"Info und Fahrpl\u00e4ne f\u00fcr alle Katamarane und F\u00e4hren in Kroatien\",\"potentialAction\":[{\"@type\":\"SearchAction\",\"target\":{\"@type\":\"EntryPoint\",\"urlTemplate\":\"https:\/\/www.ferrycroatia.com\/de\/?s={search_term_string}\"},\"query-input\":\"required name=search_term_string\"}],\"inLanguage\":\"en-US\"}]}<\/script>\n<!-- \/ Yoast SEO plugin. -->","yoast_head_json":{"title":"Katamaranhafen Veli I\u017e, von und nach Veli I\u017e reisen","robots":{"index":"index","follow":"follow","max-snippet":"max-snippet:-1","max-image-preview":"max-image-preview:large","max-video-preview":"max-video-preview:-1"},"canonical":"https:\/\/www.ferrycroatia.com\/de\/fahrhafen-veli-iz\/","og_locale":"en_US","og_type":"article","og_title":"Katamaranhafen Veli I\u017e, von und nach Veli I\u017e reisen","og_description":"Veli I\u017e ist die \u201eHauptstadt\u201c der Insel I\u017e im Nordosten der Insel. Es ist auch ein Katamaran Hafen, der durch regelm\u00e4\u00dfige Katamaran Linien mit Mali I\u017e, der Insel Rava und Zadar, verbunden ist. Der Pier, von dem der Katamaran abf\u00e4hrt, befindet sich im Stadtzentrum in einer nahegelegenen Bucht nahe der Promenade am Meer. An- und [&hellip;] Continue reading...","og_url":"https:\/\/www.ferrycroatia.com\/de\/fahrhafen-veli-iz\/","og_site_name":"F\u00e4hre Kroatien","article_modified_time":"2021-02-09T12:18:01+00:00","og_image":[{"url":"http:\/\/www.ferrycroatia.com\/wp-content\/uploads\/2016\/08\/Veli-Iz-catamaran.jpg"}],"twitter_card":"summary_large_image","twitter_misc":{"Est. reading time":"1 minute"},"schema":{"@context":"https:\/\/schema.org","@graph":[{"@type":"WebPage","@id":"https:\/\/www.ferrycroatia.com\/de\/fahrhafen-veli-iz\/","url":"https:\/\/www.ferrycroatia.com\/de\/fahrhafen-veli-iz\/","name":"Katamaranhafen Veli I\u017e, von und nach Veli I\u017e reisen","isPartOf":{"@id":"https:\/\/www.ferrycroatia.com\/de\/#website"},"datePublished":"2021-02-04T08:59:06+00:00","dateModified":"2021-02-09T12:18:01+00:00","breadcrumb":{"@id":"https:\/\/www.ferrycroatia.com\/de\/fahrhafen-veli-iz\/#breadcrumb"},"inLanguage":"en-US","potentialAction":[{"@type":"ReadAction","target":["https:\/\/www.ferrycroatia.com\/de\/fahrhafen-veli-iz\/"]}]},{"@type":"BreadcrumbList","@id":"https:\/\/www.ferrycroatia.com\/de\/fahrhafen-veli-iz\/#breadcrumb","itemListElement":[{"@type":"ListItem","position":1,"name":"Home","item":"https:\/\/www.ferrycroatia.com\/de\/"},{"@type":"ListItem","position":2,"name":"F\u00e4hrhafen Veli I\u017e"}]},{"@type":"WebSite","@id":"https:\/\/www.ferrycroatia.com\/de\/#website","url":"https:\/\/www.ferrycroatia.com\/de\/","name":"F\u00e4hre Kroatien","description":"Info und Fahrpl\u00e4ne f\u00fcr alle Katamarane und F\u00e4hren in Kroatien","potentialAction":[{"@type":"SearchAction","target":{"@type":"EntryPoint","urlTemplate":"https:\/\/www.ferrycroatia.com\/de\/?s={search_term_string}"},"query-input":"required name=search_term_string"}],"inLanguage":"en-US"}]}},"_links":{"self":[{"href":"https:\/\/www.ferrycroatia.com\/de\/wp-json\/wp\/v2\/pages\/1305"}],"collection":[{"href":"https:\/\/www.ferrycroatia.com\/de\/wp-json\/wp\/v2\/pages"}],"about":[{"href":"https:\/\/www.ferrycroatia.com\/de\/wp-json\/wp\/v2\/types\/page"}],"author":[{"embeddable":true,"href":"https:\/\/www.ferrycroatia.com\/de\/wp-json\/wp\/v2\/users\/5"}],"replies":[{"embeddable":true,"href":"https:\/\/www.ferrycroatia.com\/de\/wp-json\/wp\/v2\/comments?post=1305"}],"version-history":[{"count":3,"href":"https:\/\/www.ferrycroatia.com\/de\/wp-json\/wp\/v2\/pages\/1305\/revisions"}],"predecessor-version":[{"id":1649,"href":"https:\/\/www.ferrycroatia.com\/de\/wp-json\/wp\/v2\/pages\/1305\/revisions\/1649"}],"wp:attachment":[{"href":"https:\/\/www.ferrycroatia.com\/de\/wp-json\/wp\/v2\/media?parent=1305"}],"curies":[{"name":"wp","href":"https:\/\/api.w.org\/{rel}","templated":true}]}}