{"id":1307,"date":"2021-02-04T09:03:50","date_gmt":"2021-02-04T09:03:50","guid":{"rendered":"https:\/\/ferrycroatia.com\/de\/?page_id=1307"},"modified":"2024-04-08T12:43:14","modified_gmt":"2024-04-08T10:43:14","slug":"fahrhafen-vis","status":"publish","type":"page","link":"https:\/\/www.ferrycroatia.com\/de\/fahrhafen-vis\/","title":{"rendered":"F\u00e4hrhafen Vis"},"content":{"rendered":"\n<p>Der Vis-F\u00e4hrhafen befindet sich direkt <strong>im Zentrum der Stadt Vis<\/strong>. Der Hafen ist nicht sehr gro\u00df, so dass es vor der Ankunft und Abfahrt der Autof\u00e4hre besonders in der Hauptsommersaison ziemlich voll werden kann.<\/p>\n\n\n\n<p>In der N\u00e4he des Hafens finden Sie Kioske, Superm\u00e4rkte, Caf\u00e9s, Restaurants und Fast-Food-Restaurants. Daher sollte es kein Problem sein, die Zeit zu vertreiben, w\u00e4hrend Sie auf die F\u00e4hre warten.<\/p>\n\n\n\n<p><b>Anreise zum F\u00e4hrhafen von Vis:<\/b><\/p>\n\n\n\n<p>Wenn Sie sich in der Stadt Vis aufhalten, k\u00f6nnen Sie zu Fu\u00df zum Hafen gehen, auch wenn Sie sich im \u00f6stlichen Teil der Stadt aufhalten, ist die Entfernung maximal 1 km.<\/p>\n\n\n\n<p>Wenn Sie <strong>in Komi\u017ea \u00fcbernachten<\/strong>, k\u00f6nnen Sie den Bus nehmen, der abf\u00e4hrt, damit Sie rechtzeitig in Vis sind, um die F\u00e4hre oder den Katamaran zu erreichen. Von den meisten anderen Teilen der Insel m\u00fcssen Sie den Transport nach Vis selbst arrangieren.<\/p>\n\n\n\n<p><b>F\u00e4hren nach Vis<\/b><\/p>\n\n\n\n<ul><li><a href=\"https:\/\/www.ferrycroatia.com\/de\/split-vis\/\">Split nach Vis<\/a> &#8211; Autof\u00e4hre und Katamaran<\/li><li><a href=\"https:\/\/www.ferrycroatia.com\/de\/hvar-vis\/\">Hvar nach Vis<\/a> &#8211; Katamaran<\/li><li><a href=\"https:\/\/www.ferrycroatia.com\/de\/milna-vis\/\">Milna nach Vis<\/a> &#8211; Katamaran<\/li><\/ul>\n\n\n\n<p><b>F\u00e4hren von Vis<\/b><\/p>\n\n\n\n<ul><li><a href=\"https:\/\/www.ferrycroatia.com\/de\/vis-split\/\">Vis nach Split<\/a> &#8211; Autof\u00e4hre und Katamaran<\/li><li><a href=\"https:\/\/www.ferrycroatia.com\/de\/vis-hvar\/\">Vis nach Hvar<\/a> &#8211; Katamaran<\/li><li><a href=\"https:\/\/www.ferrycroatia.com\/de\/vis-milna\/\">Vis nach Milna<\/a> &#8211; Katamaran<\/li><\/ul>\n\n\n\n<p><b>Karte vom Vis Stadt Hafen<\/b><\/p>\n\n\n\n<figure class=\"wp-block-image\"><a class=\"lightbox\" href=\"http:\/\/www.ferrycroatia.com\/en\/wp-content\/uploads\/2020\/04\/Vis-Port.jpg\"><img decoding=\"async\" data-src=\"http:\/\/www.ferrycroatia.com\/en\/wp-content\/uploads\/2020\/04\/Vis-Port.jpg\" alt=\"\" class=\"wp-image-3247\"\/><\/a><\/figure>\n\n\n\n<p><strong>Schau dir unseren detaillierten Videoleitfaden \u00fcber die Insel Vis an<\/strong>:<\/p>\n\n\n\n<figure class=\"wp-block-embed is-type-video is-provider-youtube wp-block-embed-youtube wp-embed-aspect-16-9 wp-has-aspect-ratio\"><div class=\"wp-block-embed__wrapper\">\n<iframe loading=\"lazy\" title=\"Vis, Croatia: A Local&#039;s Guide to Paradise Island\" width=\"740\" height=\"416\" src=\"https:\/\/www.youtube.com\/embed\/-k5OIMR0RBI?start=1&#038;feature=oembed\" frameborder=\"0\" allow=\"accelerometer; autoplay; clipboard-write; encrypted-media; gyroscope; picture-in-picture; web-share\" referrerpolicy=\"strict-origin-when-cross-origin\" allowfullscreen><\/iframe>\n<\/div><\/figure>\n","protected":false},"excerpt":{"rendered":"<p>Der Vis-F\u00e4hrhafen befindet sich direkt im Zentrum der Stadt Vis. Der Hafen ist nicht sehr gro\u00df, so dass es vor der Ankunft und Abfahrt der Autof\u00e4hre besonders in der Hauptsommersaison ziemlich voll werden kann. In der N\u00e4he des Hafens finden Sie Kioske, Superm\u00e4rkte, Caf\u00e9s, Restaurants und Fast-Food-Restaurants. Daher sollte es kein Problem sein, die Zeit [&hellip;]<\/p>\n<p><a class=\"more-link\" href=\"https:\/\/www.ferrycroatia.com\/de\/fahrhafen-vis\/\"> Continue reading&#8230;<\/a><\/p>\n","protected":false},"author":5,"featured_media":0,"parent":0,"menu_order":0,"comment_status":"closed","ping_status":"closed","template":"","meta":[],"yoast_head":"<!-- This site is optimized with the Yoast SEO plugin v19.8 - https:\/\/yoast.com\/wordpress\/plugins\/seo\/ -->\n<title>F\u00e4hrhafen Vis, Katamaran und F\u00e4hren von der Stadt Vis<\/title>\n<meta name=\"robots\" content=\"index, follow, max-snippet:-1, max-image-preview:large, max-video-preview:-1\" \/>\n<link rel=\"canonical\" href=\"https:\/\/www.ferrycroatia.com\/de\/fahrhafen-vis\/\" \/>\n<meta property=\"og:locale\" content=\"en_US\" \/>\n<meta property=\"og:type\" content=\"article\" \/>\n<meta property=\"og:title\" content=\"F\u00e4hrhafen Vis, Katamaran und F\u00e4hren von der Stadt Vis\" \/>\n<meta property=\"og:description\" content=\"Der Vis-F\u00e4hrhafen befindet sich direkt im Zentrum der Stadt Vis. Der Hafen ist nicht sehr gro\u00df, so dass es vor der Ankunft und Abfahrt der Autof\u00e4hre besonders in der Hauptsommersaison ziemlich voll werden kann. In der N\u00e4he des Hafens finden Sie Kioske, Superm\u00e4rkte, Caf\u00e9s, Restaurants und Fast-Food-Restaurants. Daher sollte es kein Problem sein, die Zeit [&hellip;] Continue reading...\" \/>\n<meta property=\"og:url\" content=\"https:\/\/www.ferrycroatia.com\/de\/fahrhafen-vis\/\" \/>\n<meta property=\"og:site_name\" content=\"F\u00e4hre Kroatien\" \/>\n<meta property=\"article:modified_time\" content=\"2024-04-08T10:43:14+00:00\" \/>\n<meta property=\"og:image\" content=\"http:\/\/www.ferrycroatia.com\/en\/wp-content\/uploads\/2020\/04\/Vis-Port.jpg\" \/>\n<meta name=\"twitter:card\" content=\"summary_large_image\" \/>\n<meta name=\"twitter:label1\" content=\"Est. reading time\" \/>\n\t<meta name=\"twitter:data1\" content=\"2 minutes\" \/>\n<script type=\"application\/ld+json\" class=\"yoast-schema-graph\">{\"@context\":\"https:\/\/schema.org\",\"@graph\":[{\"@type\":\"WebPage\",\"@id\":\"https:\/\/www.ferrycroatia.com\/de\/fahrhafen-vis\/\",\"url\":\"https:\/\/www.ferrycroatia.com\/de\/fahrhafen-vis\/\",\"name\":\"F\u00e4hrhafen Vis, Katamaran und F\u00e4hren von der Stadt Vis\",\"isPartOf\":{\"@id\":\"https:\/\/www.ferrycroatia.com\/de\/#website\"},\"datePublished\":\"2021-02-04T09:03:50+00:00\",\"dateModified\":\"2024-04-08T10:43:14+00:00\",\"breadcrumb\":{\"@id\":\"https:\/\/www.ferrycroatia.com\/de\/fahrhafen-vis\/#breadcrumb\"},\"inLanguage\":\"en-US\",\"potentialAction\":[{\"@type\":\"ReadAction\",\"target\":[\"https:\/\/www.ferrycroatia.com\/de\/fahrhafen-vis\/\"]}]},{\"@type\":\"BreadcrumbList\",\"@id\":\"https:\/\/www.ferrycroatia.com\/de\/fahrhafen-vis\/#breadcrumb\",\"itemListElement\":[{\"@type\":\"ListItem\",\"position\":1,\"name\":\"Home\",\"item\":\"https:\/\/www.ferrycroatia.com\/de\/\"},{\"@type\":\"ListItem\",\"position\":2,\"name\":\"F\u00e4hrhafen Vis\"}]},{\"@type\":\"WebSite\",\"@id\":\"https:\/\/www.ferrycroatia.com\/de\/#website\",\"url\":\"https:\/\/www.ferrycroatia.com\/de\/\",\"name\":\"F\u00e4hre Kroatien\",\"description\":\"Info und Fahrpl\u00e4ne f\u00fcr alle Katamarane und F\u00e4hren in Kroatien\",\"potentialAction\":[{\"@type\":\"SearchAction\",\"target\":{\"@type\":\"EntryPoint\",\"urlTemplate\":\"https:\/\/www.ferrycroatia.com\/de\/?s={search_term_string}\"},\"query-input\":\"required name=search_term_string\"}],\"inLanguage\":\"en-US\"}]}<\/script>\n<!-- \/ Yoast SEO plugin. -->","yoast_head_json":{"title":"F\u00e4hrhafen Vis, Katamaran und F\u00e4hren von der Stadt Vis","robots":{"index":"index","follow":"follow","max-snippet":"max-snippet:-1","max-image-preview":"max-image-preview:large","max-video-preview":"max-video-preview:-1"},"canonical":"https:\/\/www.ferrycroatia.com\/de\/fahrhafen-vis\/","og_locale":"en_US","og_type":"article","og_title":"F\u00e4hrhafen Vis, Katamaran und F\u00e4hren von der Stadt Vis","og_description":"Der Vis-F\u00e4hrhafen befindet sich direkt im Zentrum der Stadt Vis. Der Hafen ist nicht sehr gro\u00df, so dass es vor der Ankunft und Abfahrt der Autof\u00e4hre besonders in der Hauptsommersaison ziemlich voll werden kann. In der N\u00e4he des Hafens finden Sie Kioske, Superm\u00e4rkte, Caf\u00e9s, Restaurants und Fast-Food-Restaurants. Daher sollte es kein Problem sein, die Zeit [&hellip;] Continue reading...","og_url":"https:\/\/www.ferrycroatia.com\/de\/fahrhafen-vis\/","og_site_name":"F\u00e4hre Kroatien","article_modified_time":"2024-04-08T10:43:14+00:00","og_image":[{"url":"http:\/\/www.ferrycroatia.com\/en\/wp-content\/uploads\/2020\/04\/Vis-Port.jpg"}],"twitter_card":"summary_large_image","twitter_misc":{"Est. reading time":"2 minutes"},"schema":{"@context":"https:\/\/schema.org","@graph":[{"@type":"WebPage","@id":"https:\/\/www.ferrycroatia.com\/de\/fahrhafen-vis\/","url":"https:\/\/www.ferrycroatia.com\/de\/fahrhafen-vis\/","name":"F\u00e4hrhafen Vis, Katamaran und F\u00e4hren von der Stadt Vis","isPartOf":{"@id":"https:\/\/www.ferrycroatia.com\/de\/#website"},"datePublished":"2021-02-04T09:03:50+00:00","dateModified":"2024-04-08T10:43:14+00:00","breadcrumb":{"@id":"https:\/\/www.ferrycroatia.com\/de\/fahrhafen-vis\/#breadcrumb"},"inLanguage":"en-US","potentialAction":[{"@type":"ReadAction","target":["https:\/\/www.ferrycroatia.com\/de\/fahrhafen-vis\/"]}]},{"@type":"BreadcrumbList","@id":"https:\/\/www.ferrycroatia.com\/de\/fahrhafen-vis\/#breadcrumb","itemListElement":[{"@type":"ListItem","position":1,"name":"Home","item":"https:\/\/www.ferrycroatia.com\/de\/"},{"@type":"ListItem","position":2,"name":"F\u00e4hrhafen Vis"}]},{"@type":"WebSite","@id":"https:\/\/www.ferrycroatia.com\/de\/#website","url":"https:\/\/www.ferrycroatia.com\/de\/","name":"F\u00e4hre Kroatien","description":"Info und Fahrpl\u00e4ne f\u00fcr alle Katamarane und F\u00e4hren in Kroatien","potentialAction":[{"@type":"SearchAction","target":{"@type":"EntryPoint","urlTemplate":"https:\/\/www.ferrycroatia.com\/de\/?s={search_term_string}"},"query-input":"required name=search_term_string"}],"inLanguage":"en-US"}]}},"_links":{"self":[{"href":"https:\/\/www.ferrycroatia.com\/de\/wp-json\/wp\/v2\/pages\/1307"}],"collection":[{"href":"https:\/\/www.ferrycroatia.com\/de\/wp-json\/wp\/v2\/pages"}],"about":[{"href":"https:\/\/www.ferrycroatia.com\/de\/wp-json\/wp\/v2\/types\/page"}],"author":[{"embeddable":true,"href":"https:\/\/www.ferrycroatia.com\/de\/wp-json\/wp\/v2\/users\/5"}],"replies":[{"embeddable":true,"href":"https:\/\/www.ferrycroatia.com\/de\/wp-json\/wp\/v2\/comments?post=1307"}],"version-history":[{"count":4,"href":"https:\/\/www.ferrycroatia.com\/de\/wp-json\/wp\/v2\/pages\/1307\/revisions"}],"predecessor-version":[{"id":2755,"href":"https:\/\/www.ferrycroatia.com\/de\/wp-json\/wp\/v2\/pages\/1307\/revisions\/2755"}],"wp:attachment":[{"href":"https:\/\/www.ferrycroatia.com\/de\/wp-json\/wp\/v2\/media?parent=1307"}],"curies":[{"name":"wp","href":"https:\/\/api.w.org\/{rel}","templated":true}]}}