{"id":1309,"date":"2021-02-04T09:08:59","date_gmt":"2021-02-04T09:08:59","guid":{"rendered":"https:\/\/ferrycroatia.com\/de\/?page_id=1309"},"modified":"2021-02-09T12:24:12","modified_gmt":"2021-02-09T12:24:12","slug":"fahrhafen-vodice","status":"publish","type":"page","link":"https:\/\/www.ferrycroatia.com\/de\/fahrhafen-vodice\/","title":{"rendered":"F\u00e4hrhafen Vodice\u00a0"},"content":{"rendered":"<p>Vodice ist <strong>eine kleine Stadt in der Region \u0160ibenik,<\/strong> etwa 10 km von der Stadt \u0160ibenik entfernt. Der Pier, an dem das Schiff in Richtung <strong>Prvi\u0107, Kaprije, \u017dirje und der Stadt \u0160ibenik<\/strong> abf\u00e4hrt, befindet sich im Zentrum der Stadt, in der N\u00e4he der <strong>ACI Marina und der Hauptpromenade am Meer<\/strong>. Der Hauptbusbahnhof befindet sich nur wenige Minuten vom Abfahrts Pier entfernt. Einige Busse halten an der Haupt K\u00fcstenstra\u00dfe, die etwa 700 m vom Pier entfernt liegt.<\/p>\n<p><span style=\"text-decoration: underline;\"><b>An- und Abreise zum F\u00e4hrterminal in Vodice:<\/b><\/span><\/p>\n<p>Vodice ist eine kleine Stadt. Wenn Sie also dort \u00fcbernachten und <strong>die Insel Prvi\u0107, Kaprije, \u017dirje<\/strong> erreichen m\u00f6chten, ist es nicht schwer, zum Hafen zu gelangen, da er sich in einem Zentrum der Stadt befindet. Die Hauptpromenade <strong>am Meer liegt direkt daneben<\/strong>. Wenn Sie viel Gep\u00e4ck haben, k\u00f6nnen Sie ein Taxi rufen, das Sie nicht viel kostet, da es <strong>eine relativ kleine Entfernung<\/strong> ist, wo immer sich Ihre Unterkunft in Vodice befindet.<\/p>\n<p><span style=\"text-decoration: underline;\"><b>Anreise vom Flughafen Zadar zum Hafen von Vodice:<\/b><\/span><\/p>\n<p>Der n\u00e4chstgelegene Flughafen ist der Flughafen von Zadar<strong>, etwa 60 km von Vodice entfernt<\/strong> (etwa 10 km von Zadar entfernt). Sobald Sie gelandet sind, k\u00f6nnen Sie <strong>einen vorgebuchten Transfer<\/strong> <strong>nehmen oder ein Taxi<\/strong> direkt zum Hafen von Vodice nehmen. <strong>Es gibt auch Shuttlebusse<\/strong> vom Flughafen in Richtung Zadar (alle halten am Hauptbusbahnhof, der sich nur wenige Minuten vom F\u00e4hrterminal entfernt befindet). <strong>Das Ticket kostet ca. 25 kn = 3 Euro<\/strong> und die Fahrt zum Hauptbusbahnhof in Zadar dauert 15 &#8211; 20 Minuten. <strong>Wenn Sie den <a href=\"https:\/\/getbybus.com\/de\/bus-von-zadar\">Hauptbusbahnhof in Zadar<\/a> erreichen<\/strong>, m\u00fcssen Sie das Ticket f\u00fcr Vodice kaufen.<\/p>\n<p>Wenn Sie mehr \u00fcber das Verlassen des Flughafens Zadar erfahren m\u00f6chten, klicken Sie <a href=\"https:\/\/getbybus.com\/de\/blog\/flughafenbus-zadar\/\">hier<\/a>.<\/p>\n<p><span style=\"text-decoration: underline;\"><b>Was Sie im Hafen von Vodice finden k\u00f6nnen:<\/b><\/span><\/p>\n<p>Wie Sie bereits oben gelesen haben, befindet sich der Hafen von Vodice direkt im Stadtzentrum neben der Promenade am Meer. Offensichtlich sind die meisten Einrichtungen der Stadt in der N\u00e4he: Bars, Restaurants, Gesch\u00e4fte usw.<\/p>\n<p><span style=\"text-decoration: underline;\"><b>Adresse des Vodice-Hafens:<\/b><\/span><\/p>\n<blockquote><p>Obala Ive Juriceva Cota 1<\/p>\n<p>22211 Vodice<\/p>\n<p><strong>GPS-Koordinaten:<\/strong> 43.75613, 15.77797<\/p><\/blockquote>\n<p><a class=\"lightbox\" href=\"http:\/\/www.ferrycroatia.com\/wp-content\/uploads\/2016\/06\/Vodice.jpg\"><img decoding=\"async\" loading=\"lazy\" class=\"alignnone size-full wp-image-176\" data-src=\"http:\/\/www.ferrycroatia.com\/wp-content\/uploads\/2016\/06\/Vodice.jpg\" alt=\"Vodice\" width=\"800\" height=\"585\" \/><\/a><\/p>\n<p><span style=\"text-decoration: underline;\"><b>Liste der Routen:<\/b><\/span><\/p>\n<p>\u2192 Schiff: \u0160ibenik &#8211; Zlarin &#8211; Prvi\u0107 Luka &#8211; \u0160epurine &#8211; Vodice<\/p>\n<ul>\n<li><a href=\"https:\/\/www.ferrycroatia.com\/de\/vodice-sibenik\/\">\u00a0Vodice &#8211; \u0160ibenik<\/a><\/li>\n<li><a href=\"https:\/\/www.ferrycroatia.com\/de\/vodice-zlarin\/\">\u00a0Vodice &#8211; Zlarin<\/a><\/li>\n<li><a href=\"https:\/\/www.ferrycroatia.com\/de\/vodice-prvic\/\">\u00a0Vodice &#8211; Prvic Luka<\/a><\/li>\n<li>\u00a0Vodice &#8211; Sepurine<\/li>\n<\/ul>\n","protected":false},"excerpt":{"rendered":"<p>Vodice ist eine kleine Stadt in der Region \u0160ibenik, etwa 10 km von der Stadt \u0160ibenik entfernt. Der Pier, an dem das Schiff in Richtung Prvi\u0107, Kaprije, \u017dirje und der Stadt \u0160ibenik abf\u00e4hrt, befindet sich im Zentrum der Stadt, in der N\u00e4he der ACI Marina und der Hauptpromenade am Meer. Der Hauptbusbahnhof befindet sich nur [&hellip;]<\/p>\n<p><a class=\"more-link\" href=\"https:\/\/www.ferrycroatia.com\/de\/fahrhafen-vodice\/\"> Continue reading&#8230;<\/a><\/p>\n","protected":false},"author":5,"featured_media":1310,"parent":0,"menu_order":0,"comment_status":"closed","ping_status":"closed","template":"","meta":[],"yoast_head":"<!-- This site is optimized with the Yoast SEO plugin v19.8 - https:\/\/yoast.com\/wordpress\/plugins\/seo\/ -->\n<title>Hafen Vodice, Schiffsabfahrten vom Hafen in Vodice<\/title>\n<meta name=\"description\" content=\"Schiffsabfahrten vom Hafen Vodice, wie man den Hafen mit dem Bus oder dem Auto von anderen Zielen in Kroatien erreicht, Adresse des Hafens in Vodice.\" \/>\n<meta name=\"robots\" content=\"index, follow, max-snippet:-1, max-image-preview:large, max-video-preview:-1\" \/>\n<link rel=\"canonical\" href=\"https:\/\/www.ferrycroatia.com\/de\/fahrhafen-vodice\/\" \/>\n<meta property=\"og:locale\" content=\"en_US\" \/>\n<meta property=\"og:type\" content=\"article\" \/>\n<meta property=\"og:title\" content=\"Hafen Vodice, Schiffsabfahrten vom Hafen in Vodice\" \/>\n<meta property=\"og:description\" content=\"Schiffsabfahrten vom Hafen Vodice, wie man den Hafen mit dem Bus oder dem Auto von anderen Zielen in Kroatien erreicht, Adresse des Hafens in Vodice.\" \/>\n<meta property=\"og:url\" content=\"https:\/\/www.ferrycroatia.com\/de\/fahrhafen-vodice\/\" \/>\n<meta property=\"og:site_name\" content=\"F\u00e4hre Kroatien\" \/>\n<meta property=\"article:modified_time\" content=\"2021-02-09T12:24:12+00:00\" \/>\n<meta property=\"og:image\" content=\"https:\/\/www.ferrycroatia.com\/de\/wp-content\/uploads\/2021\/02\/Vodice.jpg\" \/>\n\t<meta property=\"og:image:width\" content=\"1024\" \/>\n\t<meta property=\"og:image:height\" content=\"768\" \/>\n\t<meta property=\"og:image:type\" content=\"image\/jpeg\" \/>\n<meta name=\"twitter:card\" content=\"summary_large_image\" \/>\n<meta name=\"twitter:label1\" content=\"Est. reading time\" \/>\n\t<meta name=\"twitter:data1\" content=\"2 minutes\" \/>\n<script type=\"application\/ld+json\" class=\"yoast-schema-graph\">{\"@context\":\"https:\/\/schema.org\",\"@graph\":[{\"@type\":\"WebPage\",\"@id\":\"https:\/\/www.ferrycroatia.com\/de\/fahrhafen-vodice\/\",\"url\":\"https:\/\/www.ferrycroatia.com\/de\/fahrhafen-vodice\/\",\"name\":\"Hafen Vodice, Schiffsabfahrten vom Hafen in Vodice\",\"isPartOf\":{\"@id\":\"https:\/\/www.ferrycroatia.com\/de\/#website\"},\"datePublished\":\"2021-02-04T09:08:59+00:00\",\"dateModified\":\"2021-02-09T12:24:12+00:00\",\"description\":\"Schiffsabfahrten vom Hafen Vodice, wie man den Hafen mit dem Bus oder dem Auto von anderen Zielen in Kroatien erreicht, Adresse des Hafens in Vodice.\",\"breadcrumb\":{\"@id\":\"https:\/\/www.ferrycroatia.com\/de\/fahrhafen-vodice\/#breadcrumb\"},\"inLanguage\":\"en-US\",\"potentialAction\":[{\"@type\":\"ReadAction\",\"target\":[\"https:\/\/www.ferrycroatia.com\/de\/fahrhafen-vodice\/\"]}]},{\"@type\":\"BreadcrumbList\",\"@id\":\"https:\/\/www.ferrycroatia.com\/de\/fahrhafen-vodice\/#breadcrumb\",\"itemListElement\":[{\"@type\":\"ListItem\",\"position\":1,\"name\":\"Home\",\"item\":\"https:\/\/www.ferrycroatia.com\/de\/\"},{\"@type\":\"ListItem\",\"position\":2,\"name\":\"F\u00e4hrhafen Vodice\u00a0\"}]},{\"@type\":\"WebSite\",\"@id\":\"https:\/\/www.ferrycroatia.com\/de\/#website\",\"url\":\"https:\/\/www.ferrycroatia.com\/de\/\",\"name\":\"F\u00e4hre Kroatien\",\"description\":\"Info und Fahrpl\u00e4ne f\u00fcr alle Katamarane und F\u00e4hren in Kroatien\",\"potentialAction\":[{\"@type\":\"SearchAction\",\"target\":{\"@type\":\"EntryPoint\",\"urlTemplate\":\"https:\/\/www.ferrycroatia.com\/de\/?s={search_term_string}\"},\"query-input\":\"required name=search_term_string\"}],\"inLanguage\":\"en-US\"}]}<\/script>\n<!-- \/ Yoast SEO plugin. -->","yoast_head_json":{"title":"Hafen Vodice, Schiffsabfahrten vom Hafen in Vodice","description":"Schiffsabfahrten vom Hafen Vodice, wie man den Hafen mit dem Bus oder dem Auto von anderen Zielen in Kroatien erreicht, Adresse des Hafens in Vodice.","robots":{"index":"index","follow":"follow","max-snippet":"max-snippet:-1","max-image-preview":"max-image-preview:large","max-video-preview":"max-video-preview:-1"},"canonical":"https:\/\/www.ferrycroatia.com\/de\/fahrhafen-vodice\/","og_locale":"en_US","og_type":"article","og_title":"Hafen Vodice, Schiffsabfahrten vom Hafen in Vodice","og_description":"Schiffsabfahrten vom Hafen Vodice, wie man den Hafen mit dem Bus oder dem Auto von anderen Zielen in Kroatien erreicht, Adresse des Hafens in Vodice.","og_url":"https:\/\/www.ferrycroatia.com\/de\/fahrhafen-vodice\/","og_site_name":"F\u00e4hre Kroatien","article_modified_time":"2021-02-09T12:24:12+00:00","og_image":[{"width":1024,"height":768,"url":"https:\/\/www.ferrycroatia.com\/de\/wp-content\/uploads\/2021\/02\/Vodice.jpg","type":"image\/jpeg"}],"twitter_card":"summary_large_image","twitter_misc":{"Est. reading time":"2 minutes"},"schema":{"@context":"https:\/\/schema.org","@graph":[{"@type":"WebPage","@id":"https:\/\/www.ferrycroatia.com\/de\/fahrhafen-vodice\/","url":"https:\/\/www.ferrycroatia.com\/de\/fahrhafen-vodice\/","name":"Hafen Vodice, Schiffsabfahrten vom Hafen in Vodice","isPartOf":{"@id":"https:\/\/www.ferrycroatia.com\/de\/#website"},"datePublished":"2021-02-04T09:08:59+00:00","dateModified":"2021-02-09T12:24:12+00:00","description":"Schiffsabfahrten vom Hafen Vodice, wie man den Hafen mit dem Bus oder dem Auto von anderen Zielen in Kroatien erreicht, Adresse des Hafens in Vodice.","breadcrumb":{"@id":"https:\/\/www.ferrycroatia.com\/de\/fahrhafen-vodice\/#breadcrumb"},"inLanguage":"en-US","potentialAction":[{"@type":"ReadAction","target":["https:\/\/www.ferrycroatia.com\/de\/fahrhafen-vodice\/"]}]},{"@type":"BreadcrumbList","@id":"https:\/\/www.ferrycroatia.com\/de\/fahrhafen-vodice\/#breadcrumb","itemListElement":[{"@type":"ListItem","position":1,"name":"Home","item":"https:\/\/www.ferrycroatia.com\/de\/"},{"@type":"ListItem","position":2,"name":"F\u00e4hrhafen Vodice\u00a0"}]},{"@type":"WebSite","@id":"https:\/\/www.ferrycroatia.com\/de\/#website","url":"https:\/\/www.ferrycroatia.com\/de\/","name":"F\u00e4hre Kroatien","description":"Info und Fahrpl\u00e4ne f\u00fcr alle Katamarane und F\u00e4hren in Kroatien","potentialAction":[{"@type":"SearchAction","target":{"@type":"EntryPoint","urlTemplate":"https:\/\/www.ferrycroatia.com\/de\/?s={search_term_string}"},"query-input":"required name=search_term_string"}],"inLanguage":"en-US"}]}},"_links":{"self":[{"href":"https:\/\/www.ferrycroatia.com\/de\/wp-json\/wp\/v2\/pages\/1309"}],"collection":[{"href":"https:\/\/www.ferrycroatia.com\/de\/wp-json\/wp\/v2\/pages"}],"about":[{"href":"https:\/\/www.ferrycroatia.com\/de\/wp-json\/wp\/v2\/types\/page"}],"author":[{"embeddable":true,"href":"https:\/\/www.ferrycroatia.com\/de\/wp-json\/wp\/v2\/users\/5"}],"replies":[{"embeddable":true,"href":"https:\/\/www.ferrycroatia.com\/de\/wp-json\/wp\/v2\/comments?post=1309"}],"version-history":[{"count":3,"href":"https:\/\/www.ferrycroatia.com\/de\/wp-json\/wp\/v2\/pages\/1309\/revisions"}],"predecessor-version":[{"id":1651,"href":"https:\/\/www.ferrycroatia.com\/de\/wp-json\/wp\/v2\/pages\/1309\/revisions\/1651"}],"wp:featuredmedia":[{"embeddable":true,"href":"https:\/\/www.ferrycroatia.com\/de\/wp-json\/wp\/v2\/media\/1310"}],"wp:attachment":[{"href":"https:\/\/www.ferrycroatia.com\/de\/wp-json\/wp\/v2\/media?parent=1309"}],"curies":[{"name":"wp","href":"https:\/\/api.w.org\/{rel}","templated":true}]}}