{"id":1312,"date":"2021-02-04T09:38:47","date_gmt":"2021-02-04T09:38:47","guid":{"rendered":"https:\/\/ferrycroatia.com\/de\/?page_id=1312"},"modified":"2021-02-09T12:29:22","modified_gmt":"2021-02-09T12:29:22","slug":"fahrhafen-zadar","status":"publish","type":"page","link":"https:\/\/www.ferrycroatia.com\/de\/fahrhafen-zadar\/","title":{"rendered":"F\u00e4hrhafen Zadar"},"content":{"rendered":"<p>Zadar ist eine historische Stadt in Mitteldalmatien, die bei Touristen sehr beliebt ist. Deshalb ist es perfekt <strong>mit fast allen Inseln des Zadar-Archipels verbunden<\/strong> und es besteht eine Verbindung zu Ancona in Italien. Die meisten F\u00e4hrverbindungen werden heute vom <strong>F\u00e4hrterminal in Ga\u017eenica<\/strong> aus betrieben, dass sich s\u00fcd\u00f6stlich von der Altstadt von Zadar und ihrem Hauptf\u00e4hrhafen befindet. Es gibt ein Geb\u00e4ude der Hafenbeh\u00f6rde im Hafen, aber nicht viele Einrichtungen.<\/p>\n<p>Der <strong>alte Hafen von Zadar<\/strong> verf\u00fcgt nun \u00fcber einige Katamaran Verbindungen und eine F\u00e4hrlinie nach Italien.<\/p>\n<p>Der Hauptbusbahnhof befindet sich <strong>zwischen dem F\u00e4hrterminal Ga\u017eenica<\/strong> und der Altstadt (3,5 km von Ga\u017eenica und 2 km von der Altstadt entfernt).<\/p>\n<div id=\"ez-toc-container\" class=\"ez-toc-v2_0_62 counter-hierarchy ez-toc-counter ez-toc-custom ez-toc-container-direction\">\n<div class=\"ez-toc-title-container\">\n<p class=\"ez-toc-title \" >Table of Contents<\/p>\n<span class=\"ez-toc-title-toggle\"><a href=\"#\" class=\"ez-toc-pull-right ez-toc-btn ez-toc-btn-xs ez-toc-btn-default ez-toc-toggle\" aria-label=\"Toggle Table of Content\"><span class=\"ez-toc-js-icon-con\"><span class=\"\"><span class=\"eztoc-hide\" style=\"display:none;\">Toggle<\/span><span class=\"ez-toc-icon-toggle-span\"><svg style=\"fill: #070c63;color:#070c63\" xmlns=\"http:\/\/www.w3.org\/2000\/svg\" class=\"list-377408\" width=\"20px\" height=\"20px\" viewBox=\"0 0 24 24\" fill=\"none\"><path d=\"M6 6H4v2h2V6zm14 0H8v2h12V6zM4 11h2v2H4v-2zm16 0H8v2h12v-2zM4 16h2v2H4v-2zm16 0H8v2h12v-2z\" fill=\"currentColor\"><\/path><\/svg><svg style=\"fill: #070c63;color:#070c63\" class=\"arrow-unsorted-368013\" xmlns=\"http:\/\/www.w3.org\/2000\/svg\" width=\"10px\" height=\"10px\" viewBox=\"0 0 24 24\" version=\"1.2\" baseProfile=\"tiny\"><path d=\"M18.2 9.3l-6.2-6.3-6.2 6.3c-.2.2-.3.4-.3.7s.1.5.3.7c.2.2.4.3.7.3h11c.3 0 .5-.1.7-.3.2-.2.3-.5.3-.7s-.1-.5-.3-.7zM5.8 14.7l6.2 6.3 6.2-6.3c.2-.2.3-.5.3-.7s-.1-.5-.3-.7c-.2-.2-.4-.3-.7-.3h-11c-.3 0-.5.1-.7.3-.2.2-.3.5-.3.7s.1.5.3.7z\"\/><\/svg><\/span><\/span><\/span><\/a><\/span><\/div>\n<nav><ul class='ez-toc-list ez-toc-list-level-1 eztoc-toggle-hide-by-default' ><li class='ez-toc-page-1 ez-toc-heading-level-2'><a class=\"ez-toc-link ez-toc-heading-1\" href=\"https:\/\/www.ferrycroatia.com\/de\/fahrhafen-zadar\/#An-_und_Abreise_zu_den_Hafen_in_Zadar\" title=\"An- und Abreise zu den H\u00e4fen in Zadar:\">An- und Abreise zu den H\u00e4fen in Zadar:<\/a><\/li><li class='ez-toc-page-1 ez-toc-heading-level-2'><a class=\"ez-toc-link ez-toc-heading-2\" href=\"https:\/\/www.ferrycroatia.com\/de\/fahrhafen-zadar\/#Vom_Flughafen_Zadar_zu_den_Hafen\" title=\"Vom Flughafen Zadar zu den H\u00e4fen:\">Vom Flughafen Zadar zu den H\u00e4fen:<\/a><\/li><li class='ez-toc-page-1 ez-toc-heading-level-2'><a class=\"ez-toc-link ez-toc-heading-3\" href=\"https:\/\/www.ferrycroatia.com\/de\/fahrhafen-zadar\/#Am_Fahrterminal_Katamaran_Hafen\" title=\"Am F\u00e4hrterminal \/ Katamaran Hafen:\">Am F\u00e4hrterminal \/ Katamaran Hafen:<\/a><\/li><li class='ez-toc-page-1 ez-toc-heading-level-2'><a class=\"ez-toc-link ez-toc-heading-4\" href=\"https:\/\/www.ferrycroatia.com\/de\/fahrhafen-zadar\/#Lage_des_Fahrterminals_Katamaran_Hafens_Zadar\" title=\"Lage des F\u00e4hrterminals \/ Katamaran Hafens Zadar:\">Lage des F\u00e4hrterminals \/ Katamaran Hafens Zadar:<\/a><\/li><li class='ez-toc-page-1 ez-toc-heading-level-2'><a class=\"ez-toc-link ez-toc-heading-5\" href=\"https:\/\/www.ferrycroatia.com\/de\/fahrhafen-zadar\/#Liste_der_Fahr-_und_Katamaran-Routen_von_Zadar\" title=\"Liste der F\u00e4hr- und Katamaran-Routen von Zadar:\">Liste der F\u00e4hr- und Katamaran-Routen von Zadar:<\/a><ul class='ez-toc-list-level-3' ><li class='ez-toc-heading-level-3'><a class=\"ez-toc-link ez-toc-heading-6\" href=\"https:\/\/www.ferrycroatia.com\/de\/fahrhafen-zadar\/#Autofahren_von_Zadar\" title=\"Autof\u00e4hren von Zadar\">Autof\u00e4hren von Zadar<\/a><\/li><li class='ez-toc-page-1 ez-toc-heading-level-3'><a class=\"ez-toc-link ez-toc-heading-7\" href=\"https:\/\/www.ferrycroatia.com\/de\/fahrhafen-zadar\/#Katamarane_aus_Zadar\" title=\"Katamarane aus Zadar\">Katamarane aus Zadar<\/a><\/li><li class='ez-toc-page-1 ez-toc-heading-level-3'><a class=\"ez-toc-link ez-toc-heading-8\" href=\"https:\/\/www.ferrycroatia.com\/de\/fahrhafen-zadar\/#Schiffe_aus_Zadar\" title=\"Schiffe aus Zadar\">Schiffe aus Zadar<\/a><\/li><\/ul><\/li><li class='ez-toc-page-1 ez-toc-heading-level-2'><a class=\"ez-toc-link ez-toc-heading-9\" href=\"https:\/\/www.ferrycroatia.com\/de\/fahrhafen-zadar\/#Fahrplane_Zadar_in_alphabetischer_Reihenfolge\" title=\"Fahrpl\u00e4ne Zadar in alphabetischer Reihenfolge:\">Fahrpl\u00e4ne Zadar in alphabetischer Reihenfolge:<\/a><\/li><\/ul><\/nav><\/div>\n<h2><span class=\"ez-toc-section\" id=\"An-_und_Abreise_zu_den_Hafen_in_Zadar\"><\/span><b>An- und Abreise zu den H\u00e4fen in Zadar:<\/b><span class=\"ez-toc-section-end\"><\/span><\/h2>\n<p>Wenn Sie in Zadar \u00fcbernachten und <strong>die Inseln <a href=\"https:\/\/www.ferrycroatia.com\/de\/insel-ugljan\/\">Ugljan<\/a>, <a href=\"https:\/\/www.ferrycroatia.com\/de\/insel-dugi-otok\/\">Dugi Otok<\/a>, <a href=\"https:\/\/www.ferrycroatia.com\/de\/insel-iz\/\">I\u017e<\/a>, <a href=\"https:\/\/www.ferrycroatia.com\/de\/insel-molat\/\">Molat<\/a> usw.<\/strong> <strong>erreichen<\/strong> m\u00f6chten, gelangen Sie von verschiedenen Teilen der Stadt zum F\u00e4hrterminal und zum anderen Hafen in der N\u00e4he des Stadtzentrums Stadt, Dorf:<\/p>\n<p>Wenn Sie sich im Zentrum von Zadar \u00fcbernachten, ist <strong>der Katamaran Hafen nur wenige Minuten von den meisten historischen Sehensw\u00fcrdigkeiten entfernt<\/strong>, sodass Sie bequem dorthin laufen k\u00f6nnen. Wenn Sie jedoch den F\u00e4hrhafen Ga\u017eenica erreichen m\u00f6chten, m\u00fcssen Sie zuerst den Bus Nr. 2 oder 4 zum Hauptbusbahnhof in Zadar nehmen und von dort den Bus Nr. 9 zum F\u00e4hrterminal Ga\u017eenica nehmen.<\/p>\n<p><strong>Wenn Sie in Diklo oder Borik \u00fcbernachten<\/strong>, m\u00fcssen Sie den Bus Nr. 8 zum Hauptbusbahnhof nehmen und von dort die Nummern 2 oder 4 nehmen, um den Katamaran Hafen im Zentrum zu erreichen, oder den Bus Nr. 9, um den F\u00e4hrhafen in Ga\u017eenica zu erreichen.<\/p>\n<p>Das Busticket kostet ungef\u00e4hr 10 kn (etwas mehr als ein Euro) und die Busse fahren vom fr\u00fchen Morgen bis zum sp\u00e4ten Abend.<\/p>\n<p>Von allen drei oben genannten Teilen der Stadt k\u00f6nnen Sie auch ein Taxi nehmen, das Sie nicht viel kostet, da es eine ziemlich kurze Strecke ist.<\/p>\n<p><strong>Wenn Sie au\u00dferhalb von Zadar <\/strong><strong>\u00fcbernachten<\/strong>, beispielsweise in Petr\u010dane (12 km von Zadar entfernt), verkehren regelm\u00e4\u00dfig Buslinien zwischen dem Hauptbusbahnhof in Zadar und Petr\u010dane. Das Ticket kostet nur wenige Euro.<\/p>\n<h2><span class=\"ez-toc-section\" id=\"Vom_Flughafen_Zadar_zu_den_Hafen\"><\/span><b>Vom Flughafen Zadar zu den H\u00e4fen:<\/b><span class=\"ez-toc-section-end\"><\/span><\/h2>\n<p><strong>Der Flughafen Zadar &#8211; Zemunik<\/strong> liegt etwa 10 km vom F\u00e4hrterminal Ga\u017eenica und 12 km vom Katamaran Hafen entfernt. Sobald Sie gelandet sind, k\u00f6nnen Sie einen im <a href=\"https:\/\/getbytransfer.com\/de\/zadar-flughafen-zadar\">Voraus gebuchten Transfer<\/a> (der rund 20 Euro kostet) oder ein Taxi nehmen.<\/p>\n<p><strong>Es gibt auch Shuttlebusse vom Flughafen in Richtung Zadar<\/strong> &#8211; dem Hauptbusbahnhof. Von dort nehmen Sie die Nummern 2 oder 4, um den Katamaran Hafen im Zentrum zu erreichen, oder den Bus Nr. 9, um den F\u00e4hrhafen in Ga\u017eenica zu erreichen. Das Ticket f\u00fcr den Shuttlebus kostet ca. 25 kn = 3 Euro und die Fahrt zum Hauptbusbahnhof in Zadar dauert 15 &#8211; 20 Minuten.<\/p>\n<p>Wenn Sie mehr \u00fcber den Transport vom Flughafen zum F\u00e4hrterminal erfahren m\u00f6chten, klicken Sie auf diesen Link: <a href=\"https:\/\/getbybus.com\/de\/blog\/flughafenbus-zadar\/\">https:\/\/getbybus.com\/de\/blog\/flughafenbus-zadar\/<\/a><\/p>\n<p><strong>Anreise von anderen Zielen in Kroatien und Europa zum F\u00e4hrterminal \/ Katamaran Hafen von Zadar:<\/strong><\/p>\n<p>Zadar ist <strong>durch regelm\u00e4\u00dfige oder saisonale Buslinien sehr gut mit vielen kroatischen und sogar einigen europ\u00e4ischen Zielen verbunden.<\/strong> Wie oben erw\u00e4hnt, befindet sich der Hauptbusbahnhof zwischen dem Katamaran Hafen (2 km) und dem F\u00e4hrterminal Ga\u017eenica (3,5 km). Klicken Sie auf diesen <a href=\"https:\/\/getbybus.com\/de\/bus-von-zadar\">Link<\/a>, um den genauen Standort anzuzeigen.<\/p>\n<p>Vielleicht m\u00f6chten Sie auch mit dem Auto anreisen und Sie k\u00f6nnen sowohl die Autobahn als auch die K\u00fcstenstra\u00dfe daf\u00fcr w\u00e4hlen. Wenn Sie die Stadt Zadar betreten, <strong>folgen Sie einfach den Schildern<\/strong>, je nachdem, wohin Sie m\u00f6chten &#8211; dem F\u00e4hrterminal Ga\u017eenica oder dem Katamaran Hafen (direkt im Zentrum). Sie werden ihn <strong>problemlos finden k\u00f6nnen.<\/strong><\/p>\n<h2><span class=\"ez-toc-section\" id=\"Am_Fahrterminal_Katamaran_Hafen\"><\/span><b>Am F\u00e4hrterminal \/ Katamaran Hafen:<\/b><span class=\"ez-toc-section-end\"><\/span><\/h2>\n<p>Der Hafen in der N\u00e4he des Zentrums von Zadar befindet sich auf einer Halbinsel, auf der sich der alte Stadtkern befindet. Daher befinden sich <strong>die meisten historischen Sehensw\u00fcrdigkeiten in der N\u00e4he<\/strong>, ebenso wie die anderen Einrichtungen wie Bars, Restaurants, Gesch\u00e4fte, ein Postamt, ein Ticketschalter, Geldautomaten usw.<\/p>\n<p>Am F\u00e4hrterminal Ga\u017eenica finden Sie jedoch nicht viele Einrichtungen.<\/p>\n<h2><span class=\"ez-toc-section\" id=\"Lage_des_Fahrterminals_Katamaran_Hafens_Zadar\"><\/span><b>Lage des F\u00e4hrterminals \/ Katamaran Hafens Zadar:<\/b><span class=\"ez-toc-section-end\"><\/span><\/h2>\n<p>L\u00e4ngengrad: 15.258944 \/ 15.224668<\/p>\n<p>Breitengrad: 44.091249 \/ 44.118073<\/p>\n<p>Ga\u017eenica Zadar \/ Liburnska obala &#8211; Zadar<\/p>\n<div id=\"attachment_51\" style=\"width: 810px\" class=\"wp-caption alignnone\"><a class=\"lightbox\" href=\"http:\/\/www.ferrycroatia.com\/wp-content\/uploads\/2016\/06\/Zadar-ferry-ports.jpg\"><img aria-describedby=\"caption-attachment-51\" decoding=\"async\" loading=\"lazy\" class=\"wp-image-51 size-full\" data-src=\"http:\/\/www.ferrycroatia.com\/wp-content\/uploads\/2016\/06\/Zadar-ferry-ports.jpg\" alt=\"\" width=\"800\" height=\"533\" \/><\/a><p id=\"caption-attachment-51\" class=\"wp-caption-text\">F\u00e4hrh\u00e4fen in Zadar<\/p><\/div>\n<h2><span class=\"ez-toc-section\" id=\"Liste_der_Fahr-_und_Katamaran-Routen_von_Zadar\"><\/span><b>Liste der F\u00e4hr- und Katamaran-Routen von Zadar:<\/b><span class=\"ez-toc-section-end\"><\/span><\/h2>\n<h3><span class=\"ez-toc-section\" id=\"Autofahren_von_Zadar\"><\/span><span style=\"color: #3366ff;\"><strong>Autof\u00e4hren von Zadar<\/strong><\/span><span class=\"ez-toc-section-end\"><\/span><\/h3>\n<p>\u2192 Zadar (Ga\u017eenica) &#8211; Ist &#8211; Olib &#8211; Silba &#8211; Premuda &#8211; Mali Lo\u0161inj<\/p>\n<p>\u2192 Zadar (Ga\u017eenica) &#8211; Preko (Ugljan)<\/p>\n<p>\u2192 Zadar (Ga\u017eenica) &#8211; Rivanj &#8211; Sestrunj &#8211; Zverinac &#8211; Molat<\/p>\n<p>\u2192 Zadar (Ga\u017eenica) &#8211; Brbinj (Dugi otok)<\/p>\n<p>\u2192 Zadar (Ga\u017eenica) &#8211; Br\u0161anj (I\u017e) &#8211; Rava &#8211; Mala Rava<\/p>\n<p>\u2192 Zadar &#8211; Ancona<\/p>\n<h3><span class=\"ez-toc-section\" id=\"Katamarane_aus_Zadar\"><\/span><span style=\"color: #3366ff;\"><strong>Katamarane aus Zadar<\/strong><\/span><span class=\"ez-toc-section-end\"><\/span><\/h3>\n<p>\u2192 Zadar &#8211; Molat &#8211; Brgulje &#8211; Zapuntel &#8211; Ist<\/p>\n<p>\u2192 Zadar &#8211; Rivanj &#8211; Sestrunj &#8211; Zverinac &#8211; Bo\u017eava &#8211; Brbinj<\/p>\n<p>\u2192 Zadar &#8211; Sali (Dugi Otok) &#8211; Zaglav (Dugi Otok)<\/p>\n<p>\u2192 Zadar &#8211; I\u017e &#8211; Rava<\/p>\n<p>\u2192 Zadar &#8211; Silba &#8211; Ilovik &#8211; Mali Lo\u0161inj &#8211; Susak &#8211; Unije &#8211; Pula<\/p>\n<p>\u2192 Zadar &#8211; Premuda &#8211; Silba &#8211; Olib<\/p>\n<h3><span class=\"ez-toc-section\" id=\"Schiffe_aus_Zadar\"><\/span><span style=\"color: #3366ff;\"><strong>Schiffe aus Zadar<\/strong><\/span><span class=\"ez-toc-section-end\"><\/span><\/h3>\n<p>\u2192 Zadar &#8211; Mali I\u017e- Veli I\u017e &#8211; Mala Rava &#8211; Rava (Katamaran)<\/p>\n<p>\u2192 Zadar &#8211; Preko (Ugljan)<\/p>\n<h2><span class=\"ez-toc-section\" id=\"Fahrplane_Zadar_in_alphabetischer_Reihenfolge\"><\/span><b>Fahrpl\u00e4ne Zadar in alphabetischer Reihenfolge:<\/b><span class=\"ez-toc-section-end\"><\/span><\/h2>\n<table width=\"708\">\n<tbody>\n<tr>\n<td style=\"text-align: center;\"><a href=\"https:\/\/www.ferrycroatia.com\/de\/zadar-ancona\/\">Zadar &#8211; Ancona<\/a><\/td>\n<td style=\"text-align: center;\"><a href=\"https:\/\/www.ferrycroatia.com\/de\/zadar-bozava\/\">Zadar &#8211; Bo\u017eava<\/a><\/td>\n<td style=\"text-align: center;\"><a href=\"https:\/\/www.ferrycroatia.com\/de\/zadar-brbinj\/\">Zadar &#8211; Brbinj (Dugi otok)<\/a><\/td>\n<\/tr>\n<tr>\n<td style=\"text-align: center;\"><a href=\"https:\/\/www.ferrycroatia.com\/de\/zadar-brgulje\/\">Zadar &#8211; Brgulje<\/a><\/td>\n<td style=\"text-align: center;\"><a href=\"https:\/\/www.ferrycroatia.com\/de\/zadar-brsanj\/\">Zadar &#8211; Br\u0161anj (I\u017e)<\/a><\/td>\n<td style=\"text-align: center;\"><a href=\"https:\/\/www.ferrycroatia.com\/de\/zadar-ilovik\/\">Zadar &#8211; Ilovik<\/a><\/td>\n<\/tr>\n<tr>\n<td style=\"text-align: center;\"><a href=\"https:\/\/www.ferrycroatia.com\/de\/zadar-ist\/\">Zadar &#8211; Ist<\/a><\/td>\n<td style=\"text-align: center;\"><a href=\"https:\/\/www.ferrycroatia.com\/de\/zadar-veli-iz\/\">Zadar &#8211; Veli I\u017e<\/a><\/td>\n<td style=\"text-align: center;\"><a href=\"https:\/\/www.ferrycroatia.com\/de\/zadar-mala-rava\/\">Zadar &#8211; Mala Rava<\/a><\/td>\n<\/tr>\n<tr>\n<td style=\"text-align: center;\"><a href=\"https:\/\/www.ferrycroatia.com\/de\/zadar-mali-losinj\/\">Zadar &#8211; Mali Lo\u0161inj<\/a><\/td>\n<td style=\"text-align: center;\"><a href=\"https:\/\/www.ferrycroatia.com\/de\/zadar-molat\/\">Zadar &#8211; Molat<\/a><\/td>\n<td style=\"text-align: center;\"><a href=\"https:\/\/www.ferrycroatia.com\/de\/zadar-olib\/\">Zadar &#8211; Olib<\/a><\/td>\n<\/tr>\n<tr>\n<td style=\"text-align: center;\"><a href=\"https:\/\/www.ferrycroatia.com\/de\/zadar-preko\/\">Zadar &#8211; Preko (Ugljan)<\/a><\/td>\n<td style=\"text-align: center;\"><a href=\"https:\/\/www.ferrycroatia.com\/de\/zadar-premuda\/\">Zadar &#8211; Premuda<\/a><\/td>\n<td style=\"text-align: center;\"><a href=\"https:\/\/www.ferrycroatia.com\/de\/zadar-pula\/\">Zadar &#8211; Pula<\/a><\/td>\n<\/tr>\n<tr>\n<td style=\"text-align: center;\"><a href=\"https:\/\/www.ferrycroatia.com\/de\/zadar-rava\/\">Zadar &#8211; Rava<\/a><\/td>\n<td style=\"text-align: center;\"><a href=\"https:\/\/www.ferrycroatia.com\/de\/zadar-rivanj\/\">Zadar &#8211; Rivanj<\/a><\/td>\n<td style=\"text-align: center;\"><a href=\"https:\/\/www.ferrycroatia.com\/de\/zadar-sali\/\">Zadar &#8211; Sali\u00a0 (Dugi Otok)<\/a><\/td>\n<\/tr>\n<tr>\n<td style=\"text-align: center;\"><a href=\"https:\/\/www.ferrycroatia.com\/de\/zadar-silba\/\">Zadar &#8211; Silba<\/a><\/td>\n<td style=\"text-align: center;\"><a href=\"https:\/\/www.ferrycroatia.com\/de\/zadar-susak\/\">Zadar &#8211; Susak<\/a><\/td>\n<td style=\"text-align: center;\"><a href=\"https:\/\/www.ferrycroatia.com\/de\/zadar-unije\/\">Zadar &#8211; Unije<\/a><\/td>\n<\/tr>\n<tr>\n<td style=\"text-align: center;\"><a href=\"https:\/\/www.ferrycroatia.com\/de\/zadar-split\/\">Zadar &#8211; Split<\/a><\/td>\n<td style=\"text-align: center;\"><a href=\"https:\/\/www.ferrycroatia.com\/de\/zadar-zapuntel\/\">Zadar &#8211; Zapuntel<\/a><\/td>\n<td style=\"text-align: center;\"><a href=\"https:\/\/www.ferrycroatia.com\/de\/zadar-zverinac\/\">Zadar &#8211; Zverinac<\/a><\/td>\n<\/tr>\n<tr>\n<td style=\"text-align: center;\"><a href=\"https:\/\/www.ferrycroatia.com\/de\/zadar-rijeka\/\">Zadar &#8211; Rijeka<\/a><\/td>\n<td style=\"text-align: center;\"><a href=\"https:\/\/www.ferrycroatia.com\/de\/zadar-lopar\/\">Zadar &#8211; Lopar (Rab)<\/a><\/td>\n<td style=\"text-align: center;\"><a href=\"https:\/\/www.ferrycroatia.com\/de\/zadar-krk\/\">Zadar &#8211; Stadt Krk<\/a><\/td>\n<\/tr>\n<\/tbody>\n<\/table>\n","protected":false},"excerpt":{"rendered":"<p>Zadar ist eine historische Stadt in Mitteldalmatien, die bei Touristen sehr beliebt ist. Deshalb ist es perfekt mit fast allen Inseln des Zadar-Archipels verbunden und es besteht eine Verbindung zu Ancona in Italien. Die meisten F\u00e4hrverbindungen werden heute vom F\u00e4hrterminal in Ga\u017eenica aus betrieben, dass sich s\u00fcd\u00f6stlich von der Altstadt von Zadar und ihrem Hauptf\u00e4hrhafen [&hellip;]<\/p>\n<p><a class=\"more-link\" href=\"https:\/\/www.ferrycroatia.com\/de\/fahrhafen-zadar\/\"> Continue reading&#8230;<\/a><\/p>\n","protected":false},"author":5,"featured_media":1313,"parent":0,"menu_order":0,"comment_status":"closed","ping_status":"closed","template":"","meta":[],"yoast_head":"<!-- This site is optimized with the Yoast SEO plugin v19.8 - https:\/\/yoast.com\/wordpress\/plugins\/seo\/ -->\n<title>F\u00e4hrhafen Zadar F\u00e4hre, Katamaran und Autof\u00e4hre<\/title>\n<meta name=\"description\" content=\"F\u00e4hren und Katamarane vom F\u00e4hrhafen Zadar, Informationen \u00fcber den F\u00e4hrhafen Ga\u017eenica und den Katamaranhafen im Stadtzentrum, Abfahrts- und Ankunftszeiten f\u00fcr F\u00e4hr- und Katamaranlinien von Zadar.\" \/>\n<meta name=\"robots\" content=\"index, follow, max-snippet:-1, max-image-preview:large, max-video-preview:-1\" \/>\n<link rel=\"canonical\" href=\"https:\/\/www.ferrycroatia.com\/de\/fahrhafen-zadar\/\" \/>\n<meta property=\"og:locale\" content=\"en_US\" \/>\n<meta property=\"og:type\" content=\"article\" \/>\n<meta property=\"og:title\" content=\"F\u00e4hrhafen Zadar F\u00e4hre, Katamaran und Autof\u00e4hre\" \/>\n<meta property=\"og:description\" content=\"F\u00e4hren und Katamarane vom F\u00e4hrhafen Zadar, Informationen \u00fcber den F\u00e4hrhafen Ga\u017eenica und den Katamaranhafen im Stadtzentrum, Abfahrts- und Ankunftszeiten f\u00fcr F\u00e4hr- und Katamaranlinien von Zadar.\" \/>\n<meta property=\"og:url\" content=\"https:\/\/www.ferrycroatia.com\/de\/fahrhafen-zadar\/\" \/>\n<meta property=\"og:site_name\" content=\"F\u00e4hre Kroatien\" \/>\n<meta property=\"article:modified_time\" content=\"2021-02-09T12:29:22+00:00\" \/>\n<meta property=\"og:image\" content=\"https:\/\/www.ferrycroatia.com\/de\/wp-content\/uploads\/2021\/02\/Zadar-f\u00e4hrhafen.jpg\" \/>\n\t<meta property=\"og:image:width\" content=\"1024\" \/>\n\t<meta property=\"og:image:height\" content=\"576\" \/>\n\t<meta property=\"og:image:type\" content=\"image\/jpeg\" \/>\n<meta name=\"twitter:card\" content=\"summary_large_image\" \/>\n<meta name=\"twitter:label1\" content=\"Est. reading time\" \/>\n\t<meta name=\"twitter:data1\" content=\"5 minutes\" \/>\n<script type=\"application\/ld+json\" class=\"yoast-schema-graph\">{\"@context\":\"https:\/\/schema.org\",\"@graph\":[{\"@type\":\"WebPage\",\"@id\":\"https:\/\/www.ferrycroatia.com\/de\/fahrhafen-zadar\/\",\"url\":\"https:\/\/www.ferrycroatia.com\/de\/fahrhafen-zadar\/\",\"name\":\"F\u00e4hrhafen Zadar F\u00e4hre, Katamaran und Autof\u00e4hre\",\"isPartOf\":{\"@id\":\"https:\/\/www.ferrycroatia.com\/de\/#website\"},\"datePublished\":\"2021-02-04T09:38:47+00:00\",\"dateModified\":\"2021-02-09T12:29:22+00:00\",\"description\":\"F\u00e4hren und Katamarane vom F\u00e4hrhafen Zadar, Informationen \u00fcber den F\u00e4hrhafen Ga\u017eenica und den Katamaranhafen im Stadtzentrum, Abfahrts- und Ankunftszeiten f\u00fcr F\u00e4hr- und Katamaranlinien von Zadar.\",\"breadcrumb\":{\"@id\":\"https:\/\/www.ferrycroatia.com\/de\/fahrhafen-zadar\/#breadcrumb\"},\"inLanguage\":\"en-US\",\"potentialAction\":[{\"@type\":\"ReadAction\",\"target\":[\"https:\/\/www.ferrycroatia.com\/de\/fahrhafen-zadar\/\"]}]},{\"@type\":\"BreadcrumbList\",\"@id\":\"https:\/\/www.ferrycroatia.com\/de\/fahrhafen-zadar\/#breadcrumb\",\"itemListElement\":[{\"@type\":\"ListItem\",\"position\":1,\"name\":\"Home\",\"item\":\"https:\/\/www.ferrycroatia.com\/de\/\"},{\"@type\":\"ListItem\",\"position\":2,\"name\":\"F\u00e4hrhafen Zadar\"}]},{\"@type\":\"WebSite\",\"@id\":\"https:\/\/www.ferrycroatia.com\/de\/#website\",\"url\":\"https:\/\/www.ferrycroatia.com\/de\/\",\"name\":\"F\u00e4hre Kroatien\",\"description\":\"Info und Fahrpl\u00e4ne f\u00fcr alle Katamarane und F\u00e4hren in Kroatien\",\"potentialAction\":[{\"@type\":\"SearchAction\",\"target\":{\"@type\":\"EntryPoint\",\"urlTemplate\":\"https:\/\/www.ferrycroatia.com\/de\/?s={search_term_string}\"},\"query-input\":\"required name=search_term_string\"}],\"inLanguage\":\"en-US\"}]}<\/script>\n<!-- \/ Yoast SEO plugin. -->","yoast_head_json":{"title":"F\u00e4hrhafen Zadar F\u00e4hre, Katamaran und Autof\u00e4hre","description":"F\u00e4hren und Katamarane vom F\u00e4hrhafen Zadar, Informationen \u00fcber den F\u00e4hrhafen Ga\u017eenica und den Katamaranhafen im Stadtzentrum, Abfahrts- und Ankunftszeiten f\u00fcr F\u00e4hr- und Katamaranlinien von Zadar.","robots":{"index":"index","follow":"follow","max-snippet":"max-snippet:-1","max-image-preview":"max-image-preview:large","max-video-preview":"max-video-preview:-1"},"canonical":"https:\/\/www.ferrycroatia.com\/de\/fahrhafen-zadar\/","og_locale":"en_US","og_type":"article","og_title":"F\u00e4hrhafen Zadar F\u00e4hre, Katamaran und Autof\u00e4hre","og_description":"F\u00e4hren und Katamarane vom F\u00e4hrhafen Zadar, Informationen \u00fcber den F\u00e4hrhafen Ga\u017eenica und den Katamaranhafen im Stadtzentrum, Abfahrts- und Ankunftszeiten f\u00fcr F\u00e4hr- und Katamaranlinien von Zadar.","og_url":"https:\/\/www.ferrycroatia.com\/de\/fahrhafen-zadar\/","og_site_name":"F\u00e4hre Kroatien","article_modified_time":"2021-02-09T12:29:22+00:00","og_image":[{"width":1024,"height":576,"url":"https:\/\/www.ferrycroatia.com\/de\/wp-content\/uploads\/2021\/02\/Zadar-f\u00e4hrhafen.jpg","type":"image\/jpeg"}],"twitter_card":"summary_large_image","twitter_misc":{"Est. reading time":"5 minutes"},"schema":{"@context":"https:\/\/schema.org","@graph":[{"@type":"WebPage","@id":"https:\/\/www.ferrycroatia.com\/de\/fahrhafen-zadar\/","url":"https:\/\/www.ferrycroatia.com\/de\/fahrhafen-zadar\/","name":"F\u00e4hrhafen Zadar F\u00e4hre, Katamaran und Autof\u00e4hre","isPartOf":{"@id":"https:\/\/www.ferrycroatia.com\/de\/#website"},"datePublished":"2021-02-04T09:38:47+00:00","dateModified":"2021-02-09T12:29:22+00:00","description":"F\u00e4hren und Katamarane vom F\u00e4hrhafen Zadar, Informationen \u00fcber den F\u00e4hrhafen Ga\u017eenica und den Katamaranhafen im Stadtzentrum, Abfahrts- und Ankunftszeiten f\u00fcr F\u00e4hr- und Katamaranlinien von Zadar.","breadcrumb":{"@id":"https:\/\/www.ferrycroatia.com\/de\/fahrhafen-zadar\/#breadcrumb"},"inLanguage":"en-US","potentialAction":[{"@type":"ReadAction","target":["https:\/\/www.ferrycroatia.com\/de\/fahrhafen-zadar\/"]}]},{"@type":"BreadcrumbList","@id":"https:\/\/www.ferrycroatia.com\/de\/fahrhafen-zadar\/#breadcrumb","itemListElement":[{"@type":"ListItem","position":1,"name":"Home","item":"https:\/\/www.ferrycroatia.com\/de\/"},{"@type":"ListItem","position":2,"name":"F\u00e4hrhafen Zadar"}]},{"@type":"WebSite","@id":"https:\/\/www.ferrycroatia.com\/de\/#website","url":"https:\/\/www.ferrycroatia.com\/de\/","name":"F\u00e4hre Kroatien","description":"Info und Fahrpl\u00e4ne f\u00fcr alle Katamarane und F\u00e4hren in Kroatien","potentialAction":[{"@type":"SearchAction","target":{"@type":"EntryPoint","urlTemplate":"https:\/\/www.ferrycroatia.com\/de\/?s={search_term_string}"},"query-input":"required name=search_term_string"}],"inLanguage":"en-US"}]}},"_links":{"self":[{"href":"https:\/\/www.ferrycroatia.com\/de\/wp-json\/wp\/v2\/pages\/1312"}],"collection":[{"href":"https:\/\/www.ferrycroatia.com\/de\/wp-json\/wp\/v2\/pages"}],"about":[{"href":"https:\/\/www.ferrycroatia.com\/de\/wp-json\/wp\/v2\/types\/page"}],"author":[{"embeddable":true,"href":"https:\/\/www.ferrycroatia.com\/de\/wp-json\/wp\/v2\/users\/5"}],"replies":[{"embeddable":true,"href":"https:\/\/www.ferrycroatia.com\/de\/wp-json\/wp\/v2\/comments?post=1312"}],"version-history":[{"count":2,"href":"https:\/\/www.ferrycroatia.com\/de\/wp-json\/wp\/v2\/pages\/1312\/revisions"}],"predecessor-version":[{"id":1653,"href":"https:\/\/www.ferrycroatia.com\/de\/wp-json\/wp\/v2\/pages\/1312\/revisions\/1653"}],"wp:featuredmedia":[{"embeddable":true,"href":"https:\/\/www.ferrycroatia.com\/de\/wp-json\/wp\/v2\/media\/1313"}],"wp:attachment":[{"href":"https:\/\/www.ferrycroatia.com\/de\/wp-json\/wp\/v2\/media?parent=1312"}],"curies":[{"name":"wp","href":"https:\/\/api.w.org\/{rel}","templated":true}]}}