{"id":1315,"date":"2021-02-04T09:48:52","date_gmt":"2021-02-04T09:48:52","guid":{"rendered":"https:\/\/ferrycroatia.com\/de\/?page_id=1315"},"modified":"2021-02-09T12:32:07","modified_gmt":"2021-02-09T12:32:07","slug":"fahrhafen-zaglav","status":"publish","type":"page","link":"https:\/\/www.ferrycroatia.com\/de\/fahrhafen-zaglav\/","title":{"rendered":"F\u00e4hrhafen Zaglav"},"content":{"rendered":"<p><strong>Zaglav ist eine kleine Stadt im Nordosten der Insel Dugi Otok<\/strong>, etwas westlich von der Stadt Sali. Der Pier, von dem der Katamaran abf\u00e4hrt, befindet sich direkt im Zentrum der Stadt, in der N\u00e4he der Hauptpromenade am Meer. Er ist durch regelm\u00e4\u00dfige Katamaran Linien mit der Stadt Sali auf der Insel Dugi Otok und <strong>Br\u0161anj auf der Insel I\u017e verbunden und mit Zadar<\/strong> &#8211; dem Hafen in der N\u00e4he des Zentrums.<\/p>\n<p><span style=\"text-decoration: underline;\"><b>An- und Abreise zum Katamaran Hafen in Zaglav:<\/b><\/span><\/p>\n<p>Die Segelzeit von Zadar betr\u00e4gt ca. 1 Stunde, <a href=\"https:\/\/www.ferrycroatia.com\/de\/fahrhafen-zadar\/\">der Katamaran f\u00e4hrt vom Pier der Altstadt ab<\/a>. <strong>Wenn Sie vom Flughafen Zadar nach Zaglav reisen<\/strong>, ben\u00f6tigen Sie im besten Fall etwa 2,30 Stunden, um zur Insel zu gelangen. Wie Sie vom Flughafen in die Altstadt gelangen finden Sie <a href=\"https:\/\/getbybus.com\/de\/blog\/flughafenbus-zadar\/\">hier<\/a>.<\/p>\n<p>Da Zaglav eine wirklich kleine Inselstadt ist, egal wo sich Ihre Unterkunft befindet, ist der Pier, von dem die Katamarane abfahren, leicht zu Fu\u00df erreichbar.<\/p>\n<p><span style=\"text-decoration: underline;\"><b>Was Sie am Katamaran Hafen von Zaglav finden k\u00f6nnen:<\/b><\/span><\/p>\n<p>Zaglav ist eine kleine Stadt, daher gibt es dort nicht viele Einrichtungen. Es ist perfekt, wenn Sie einen Ort suchen, wo Sie einen ruhigen und friedlichen Urlaub verbringen k\u00f6nnen.<\/p>\n<p><span style=\"text-decoration: underline;\"><b>Adresse des Katamaran Hafens Zaglav:<\/b><\/span><\/p>\n<ul>\n<li>GPS-Koordinaten: 43.949580, 15.143986<\/li>\n<li>23281 Zaglav (Dugi Otok)<\/li>\n<\/ul>\n<p><a class=\"lightbox\" href=\"http:\/\/www.ferrycroatia.com\/wp-content\/uploads\/2016\/07\/Zaglav-catamaran-port.jpg\"><img decoding=\"async\" loading=\"lazy\" class=\"alignnone size-full wp-image-587\" data-src=\"http:\/\/www.ferrycroatia.com\/wp-content\/uploads\/2016\/07\/Zaglav-catamaran-port.jpg\" alt=\"Zaglav catamaran port\" width=\"1024\" height=\"620\" \/><\/a><\/p>\n<p><span style=\"text-decoration: underline;\"><b>Liste der Katamaran Routen von und nach Zaglav:<\/b><\/span><\/p>\n<p>\u2192 Katamaran: Zadar &#8211; Sali (Dugi Otok) &#8211; Zaglav (Dugi Otok) &#8211; Br\u0161anj (I\u017e)<\/p>\n<p>\u2192 Katamaran: Zadar &#8211; Sali (Dugi Otok) &#8211; Zaglav (Dugi Otok)<\/p>\n<ul>\n<li>Zaglav &#8211; Zadar<\/li>\n<li>Zaglav &#8211; Sali<\/li>\n<li>Zaglav &#8211; Brsanj<\/li>\n<\/ul>\n","protected":false},"excerpt":{"rendered":"<p>Zaglav ist eine kleine Stadt im Nordosten der Insel Dugi Otok, etwas westlich von der Stadt Sali. Der Pier, von dem der Katamaran abf\u00e4hrt, befindet sich direkt im Zentrum der Stadt, in der N\u00e4he der Hauptpromenade am Meer. Er ist durch regelm\u00e4\u00dfige Katamaran Linien mit der Stadt Sali auf der Insel Dugi Otok und Br\u0161anj [&hellip;]<\/p>\n<p><a class=\"more-link\" href=\"https:\/\/www.ferrycroatia.com\/de\/fahrhafen-zaglav\/\"> Continue reading&#8230;<\/a><\/p>\n","protected":false},"author":5,"featured_media":0,"parent":0,"menu_order":0,"comment_status":"closed","ping_status":"closed","template":"","meta":[],"yoast_head":"<!-- This site is optimized with the Yoast SEO plugin v19.8 - https:\/\/yoast.com\/wordpress\/plugins\/seo\/ -->\n<title>Katamaran Hafen Zaglav, Abfahrten von Zaglav Dugi Otok<\/title>\n<meta name=\"robots\" content=\"index, follow, max-snippet:-1, max-image-preview:large, max-video-preview:-1\" \/>\n<link rel=\"canonical\" href=\"https:\/\/www.ferrycroatia.com\/de\/fahrhafen-zaglav\/\" \/>\n<meta property=\"og:locale\" content=\"en_US\" \/>\n<meta property=\"og:type\" content=\"article\" \/>\n<meta property=\"og:title\" content=\"Katamaran Hafen Zaglav, Abfahrten von Zaglav Dugi Otok\" \/>\n<meta property=\"og:description\" content=\"Zaglav ist eine kleine Stadt im Nordosten der Insel Dugi Otok, etwas westlich von der Stadt Sali. Der Pier, von dem der Katamaran abf\u00e4hrt, befindet sich direkt im Zentrum der Stadt, in der N\u00e4he der Hauptpromenade am Meer. Er ist durch regelm\u00e4\u00dfige Katamaran Linien mit der Stadt Sali auf der Insel Dugi Otok und Br\u0161anj [&hellip;] Continue reading...\" \/>\n<meta property=\"og:url\" content=\"https:\/\/www.ferrycroatia.com\/de\/fahrhafen-zaglav\/\" \/>\n<meta property=\"og:site_name\" content=\"F\u00e4hre Kroatien\" \/>\n<meta property=\"article:modified_time\" content=\"2021-02-09T12:32:07+00:00\" \/>\n<meta property=\"og:image\" content=\"http:\/\/www.ferrycroatia.com\/wp-content\/uploads\/2016\/07\/Zaglav-catamaran-port.jpg\" \/>\n<meta name=\"twitter:card\" content=\"summary_large_image\" \/>\n<meta name=\"twitter:label1\" content=\"Est. reading time\" \/>\n\t<meta name=\"twitter:data1\" content=\"1 minute\" \/>\n<script type=\"application\/ld+json\" class=\"yoast-schema-graph\">{\"@context\":\"https:\/\/schema.org\",\"@graph\":[{\"@type\":\"WebPage\",\"@id\":\"https:\/\/www.ferrycroatia.com\/de\/fahrhafen-zaglav\/\",\"url\":\"https:\/\/www.ferrycroatia.com\/de\/fahrhafen-zaglav\/\",\"name\":\"Katamaran Hafen Zaglav, Abfahrten von Zaglav Dugi Otok\",\"isPartOf\":{\"@id\":\"https:\/\/www.ferrycroatia.com\/de\/#website\"},\"datePublished\":\"2021-02-04T09:48:52+00:00\",\"dateModified\":\"2021-02-09T12:32:07+00:00\",\"breadcrumb\":{\"@id\":\"https:\/\/www.ferrycroatia.com\/de\/fahrhafen-zaglav\/#breadcrumb\"},\"inLanguage\":\"en-US\",\"potentialAction\":[{\"@type\":\"ReadAction\",\"target\":[\"https:\/\/www.ferrycroatia.com\/de\/fahrhafen-zaglav\/\"]}]},{\"@type\":\"BreadcrumbList\",\"@id\":\"https:\/\/www.ferrycroatia.com\/de\/fahrhafen-zaglav\/#breadcrumb\",\"itemListElement\":[{\"@type\":\"ListItem\",\"position\":1,\"name\":\"Home\",\"item\":\"https:\/\/www.ferrycroatia.com\/de\/\"},{\"@type\":\"ListItem\",\"position\":2,\"name\":\"F\u00e4hrhafen Zaglav\"}]},{\"@type\":\"WebSite\",\"@id\":\"https:\/\/www.ferrycroatia.com\/de\/#website\",\"url\":\"https:\/\/www.ferrycroatia.com\/de\/\",\"name\":\"F\u00e4hre Kroatien\",\"description\":\"Info und Fahrpl\u00e4ne f\u00fcr alle Katamarane und F\u00e4hren in Kroatien\",\"potentialAction\":[{\"@type\":\"SearchAction\",\"target\":{\"@type\":\"EntryPoint\",\"urlTemplate\":\"https:\/\/www.ferrycroatia.com\/de\/?s={search_term_string}\"},\"query-input\":\"required name=search_term_string\"}],\"inLanguage\":\"en-US\"}]}<\/script>\n<!-- \/ Yoast SEO plugin. -->","yoast_head_json":{"title":"Katamaran Hafen Zaglav, Abfahrten von Zaglav Dugi Otok","robots":{"index":"index","follow":"follow","max-snippet":"max-snippet:-1","max-image-preview":"max-image-preview:large","max-video-preview":"max-video-preview:-1"},"canonical":"https:\/\/www.ferrycroatia.com\/de\/fahrhafen-zaglav\/","og_locale":"en_US","og_type":"article","og_title":"Katamaran Hafen Zaglav, Abfahrten von Zaglav Dugi Otok","og_description":"Zaglav ist eine kleine Stadt im Nordosten der Insel Dugi Otok, etwas westlich von der Stadt Sali. Der Pier, von dem der Katamaran abf\u00e4hrt, befindet sich direkt im Zentrum der Stadt, in der N\u00e4he der Hauptpromenade am Meer. Er ist durch regelm\u00e4\u00dfige Katamaran Linien mit der Stadt Sali auf der Insel Dugi Otok und Br\u0161anj [&hellip;] Continue reading...","og_url":"https:\/\/www.ferrycroatia.com\/de\/fahrhafen-zaglav\/","og_site_name":"F\u00e4hre Kroatien","article_modified_time":"2021-02-09T12:32:07+00:00","og_image":[{"url":"http:\/\/www.ferrycroatia.com\/wp-content\/uploads\/2016\/07\/Zaglav-catamaran-port.jpg"}],"twitter_card":"summary_large_image","twitter_misc":{"Est. reading time":"1 minute"},"schema":{"@context":"https:\/\/schema.org","@graph":[{"@type":"WebPage","@id":"https:\/\/www.ferrycroatia.com\/de\/fahrhafen-zaglav\/","url":"https:\/\/www.ferrycroatia.com\/de\/fahrhafen-zaglav\/","name":"Katamaran Hafen Zaglav, Abfahrten von Zaglav Dugi Otok","isPartOf":{"@id":"https:\/\/www.ferrycroatia.com\/de\/#website"},"datePublished":"2021-02-04T09:48:52+00:00","dateModified":"2021-02-09T12:32:07+00:00","breadcrumb":{"@id":"https:\/\/www.ferrycroatia.com\/de\/fahrhafen-zaglav\/#breadcrumb"},"inLanguage":"en-US","potentialAction":[{"@type":"ReadAction","target":["https:\/\/www.ferrycroatia.com\/de\/fahrhafen-zaglav\/"]}]},{"@type":"BreadcrumbList","@id":"https:\/\/www.ferrycroatia.com\/de\/fahrhafen-zaglav\/#breadcrumb","itemListElement":[{"@type":"ListItem","position":1,"name":"Home","item":"https:\/\/www.ferrycroatia.com\/de\/"},{"@type":"ListItem","position":2,"name":"F\u00e4hrhafen Zaglav"}]},{"@type":"WebSite","@id":"https:\/\/www.ferrycroatia.com\/de\/#website","url":"https:\/\/www.ferrycroatia.com\/de\/","name":"F\u00e4hre Kroatien","description":"Info und Fahrpl\u00e4ne f\u00fcr alle Katamarane und F\u00e4hren in Kroatien","potentialAction":[{"@type":"SearchAction","target":{"@type":"EntryPoint","urlTemplate":"https:\/\/www.ferrycroatia.com\/de\/?s={search_term_string}"},"query-input":"required name=search_term_string"}],"inLanguage":"en-US"}]}},"_links":{"self":[{"href":"https:\/\/www.ferrycroatia.com\/de\/wp-json\/wp\/v2\/pages\/1315"}],"collection":[{"href":"https:\/\/www.ferrycroatia.com\/de\/wp-json\/wp\/v2\/pages"}],"about":[{"href":"https:\/\/www.ferrycroatia.com\/de\/wp-json\/wp\/v2\/types\/page"}],"author":[{"embeddable":true,"href":"https:\/\/www.ferrycroatia.com\/de\/wp-json\/wp\/v2\/users\/5"}],"replies":[{"embeddable":true,"href":"https:\/\/www.ferrycroatia.com\/de\/wp-json\/wp\/v2\/comments?post=1315"}],"version-history":[{"count":3,"href":"https:\/\/www.ferrycroatia.com\/de\/wp-json\/wp\/v2\/pages\/1315\/revisions"}],"predecessor-version":[{"id":1654,"href":"https:\/\/www.ferrycroatia.com\/de\/wp-json\/wp\/v2\/pages\/1315\/revisions\/1654"}],"wp:attachment":[{"href":"https:\/\/www.ferrycroatia.com\/de\/wp-json\/wp\/v2\/media?parent=1315"}],"curies":[{"name":"wp","href":"https:\/\/api.w.org\/{rel}","templated":true}]}}