{"id":1319,"date":"2021-02-04T09:58:22","date_gmt":"2021-02-04T09:58:22","guid":{"rendered":"https:\/\/ferrycroatia.com\/de\/?page_id=1319"},"modified":"2021-02-09T12:49:09","modified_gmt":"2021-02-09T12:49:09","slug":"fahrhafen-zirje","status":"publish","type":"page","link":"https:\/\/www.ferrycroatia.com\/de\/fahrhafen-zirje\/","title":{"rendered":"F\u00e4hrhafen \u017dirje"},"content":{"rendered":"<p><strong>\u017dirje ist eine Insel im Archipel von \u0160ibenik<\/strong> und der Haupthafen befindet sich in der Stadt \u017dirje im Nordwesten der Insel. <strong>Der F\u00e4hrhafen befindet sich in einer engen Bucht<\/strong> mit Blick auf die Insel Kakan. Es ist also offensichtlich gut vor Wind und Wellen gesch\u00fctzt.<\/p>\n<p><span style=\"text-decoration: underline;\"><b>An- und Abreise zum F\u00e4hrterminal in \u017dirje:<\/b><\/span><\/p>\n<p>Die <strong>Autof\u00e4hre von \u0160ibenik nach \u017dirje hat eine Fahrzeit von ca. 1 Stunde 40 Minuten,<\/strong> der Katamaran ca. 20 Minuten weniger. Sobald Sie auf der Insel angekommen sind, k\u00f6nnen Sie zu Fu\u00df zu allen Apartments in der Bucht gehen, wenn Sie anderswo auf der Insel \u00fcbernachten, fragen Sie Ihren Vermieter, ob er einen Transport vom Hafen arrangieren kann.<\/p>\n<p><span style=\"text-decoration: underline;\"><b>Was Sie am F\u00e4hrterminal von \u017dirje finden k\u00f6nnen:<\/b><\/span><\/p>\n<p>Wie bereits oben erw\u00e4hnt, ist <strong>\u017dirje eine sehr kleine Stadt, in der sich der F\u00e4hrhafen direkt im Zentrum befindet<\/strong>. Offensichtlich befinden sich die meisten Einrichtungen der Stadt in der N\u00e4he des F\u00e4hrterminals: Bars, Restaurants, Gesch\u00e4fte usw.<\/p>\n<p><span style=\"text-decoration: underline;\"><b>Adresse des F\u00e4hrterminals \u017dirje:<\/b><\/span><\/p>\n<ul>\n<li>L\u00e4ngengrad: 15. 655973<\/li>\n<li>Breitengrad: 43. 662231<\/li>\n<li>22236 \u017dirje<\/li>\n<\/ul>\n<p><a class=\"lightbox\" href=\"http:\/\/www.ferrycroatia.com\/wp-content\/uploads\/2016\/08\/Zirje-ferry-port.jpg\"><img decoding=\"async\" loading=\"lazy\" class=\"alignnone size-full wp-image-624\" data-src=\"http:\/\/www.ferrycroatia.com\/wp-content\/uploads\/2016\/08\/Zirje-ferry-port.jpg\" alt=\"Zirje ferry port\" width=\"1024\" height=\"654\" \/><\/a><\/p>\n<p><span style=\"text-decoration: underline;\"><b>Liste der F\u00e4hr- und Katamaran Routen von und nach \u017dirje:<\/b><\/span><\/p>\n<p>\u2192 Autof\u00e4hre: \u0160ibenik &#8211; Zlarin &#8211; Kaprije &#8211; \u017dirje<\/p>\n<ul>\n<li><a href=\"https:\/\/www.ferrycroatia.com\/de\/zirje-sibenik\/\">\u017dirje &#8211; \u0160ibenik<\/a><\/li>\n<li><a href=\"https:\/\/www.ferrycroatia.com\/de\/zirje-zlarin\/\">\u017dirje &#8211; Zlarin<\/a><\/li>\n<li><a href=\"https:\/\/www.ferrycroatia.com\/de\/zirje-kaprije\/\">\u017dirje \u2013 Kaprije<\/a><\/li>\n<\/ul>\n<p>\u2192 Katamaran: \u0160ibenik &#8211; Kaprije &#8211; \u017dirje<\/p>\n","protected":false},"excerpt":{"rendered":"<p>\u017dirje ist eine Insel im Archipel von \u0160ibenik und der Haupthafen befindet sich in der Stadt \u017dirje im Nordwesten der Insel. Der F\u00e4hrhafen befindet sich in einer engen Bucht mit Blick auf die Insel Kakan. Es ist also offensichtlich gut vor Wind und Wellen gesch\u00fctzt. An- und Abreise zum F\u00e4hrterminal in \u017dirje: Die Autof\u00e4hre von [&hellip;]<\/p>\n<p><a class=\"more-link\" href=\"https:\/\/www.ferrycroatia.com\/de\/fahrhafen-zirje\/\"> Continue reading&#8230;<\/a><\/p>\n","protected":false},"author":5,"featured_media":0,"parent":0,"menu_order":0,"comment_status":"closed","ping_status":"closed","template":"","meta":[],"yoast_head":"<!-- This site is optimized with the Yoast SEO plugin v19.8 - https:\/\/yoast.com\/wordpress\/plugins\/seo\/ -->\n<title>F\u00e4hrhafen \u017dirje, Hin- und R\u00fcckfahrt nach \u017dirje<\/title>\n<meta name=\"robots\" content=\"index, follow, max-snippet:-1, max-image-preview:large, max-video-preview:-1\" \/>\n<link rel=\"canonical\" href=\"https:\/\/www.ferrycroatia.com\/de\/fahrhafen-zirje\/\" \/>\n<meta property=\"og:locale\" content=\"en_US\" \/>\n<meta property=\"og:type\" content=\"article\" \/>\n<meta property=\"og:title\" content=\"F\u00e4hrhafen \u017dirje, Hin- und R\u00fcckfahrt nach \u017dirje\" \/>\n<meta property=\"og:description\" content=\"\u017dirje ist eine Insel im Archipel von \u0160ibenik und der Haupthafen befindet sich in der Stadt \u017dirje im Nordwesten der Insel. Der F\u00e4hrhafen befindet sich in einer engen Bucht mit Blick auf die Insel Kakan. Es ist also offensichtlich gut vor Wind und Wellen gesch\u00fctzt. An- und Abreise zum F\u00e4hrterminal in \u017dirje: Die Autof\u00e4hre von [&hellip;] Continue reading...\" \/>\n<meta property=\"og:url\" content=\"https:\/\/www.ferrycroatia.com\/de\/fahrhafen-zirje\/\" \/>\n<meta property=\"og:site_name\" content=\"F\u00e4hre Kroatien\" \/>\n<meta property=\"article:modified_time\" content=\"2021-02-09T12:49:09+00:00\" \/>\n<meta property=\"og:image\" content=\"http:\/\/www.ferrycroatia.com\/wp-content\/uploads\/2016\/08\/Zirje-ferry-port.jpg\" \/>\n<meta name=\"twitter:card\" content=\"summary_large_image\" \/>\n<meta name=\"twitter:label1\" content=\"Est. reading time\" \/>\n\t<meta name=\"twitter:data1\" content=\"1 minute\" \/>\n<script type=\"application\/ld+json\" class=\"yoast-schema-graph\">{\"@context\":\"https:\/\/schema.org\",\"@graph\":[{\"@type\":\"WebPage\",\"@id\":\"https:\/\/www.ferrycroatia.com\/de\/fahrhafen-zirje\/\",\"url\":\"https:\/\/www.ferrycroatia.com\/de\/fahrhafen-zirje\/\",\"name\":\"F\u00e4hrhafen \u017dirje, Hin- und R\u00fcckfahrt nach \u017dirje\",\"isPartOf\":{\"@id\":\"https:\/\/www.ferrycroatia.com\/de\/#website\"},\"datePublished\":\"2021-02-04T09:58:22+00:00\",\"dateModified\":\"2021-02-09T12:49:09+00:00\",\"breadcrumb\":{\"@id\":\"https:\/\/www.ferrycroatia.com\/de\/fahrhafen-zirje\/#breadcrumb\"},\"inLanguage\":\"en-US\",\"potentialAction\":[{\"@type\":\"ReadAction\",\"target\":[\"https:\/\/www.ferrycroatia.com\/de\/fahrhafen-zirje\/\"]}]},{\"@type\":\"BreadcrumbList\",\"@id\":\"https:\/\/www.ferrycroatia.com\/de\/fahrhafen-zirje\/#breadcrumb\",\"itemListElement\":[{\"@type\":\"ListItem\",\"position\":1,\"name\":\"Home\",\"item\":\"https:\/\/www.ferrycroatia.com\/de\/\"},{\"@type\":\"ListItem\",\"position\":2,\"name\":\"F\u00e4hrhafen \u017dirje\"}]},{\"@type\":\"WebSite\",\"@id\":\"https:\/\/www.ferrycroatia.com\/de\/#website\",\"url\":\"https:\/\/www.ferrycroatia.com\/de\/\",\"name\":\"F\u00e4hre Kroatien\",\"description\":\"Info und Fahrpl\u00e4ne f\u00fcr alle Katamarane und F\u00e4hren in Kroatien\",\"potentialAction\":[{\"@type\":\"SearchAction\",\"target\":{\"@type\":\"EntryPoint\",\"urlTemplate\":\"https:\/\/www.ferrycroatia.com\/de\/?s={search_term_string}\"},\"query-input\":\"required name=search_term_string\"}],\"inLanguage\":\"en-US\"}]}<\/script>\n<!-- \/ Yoast SEO plugin. -->","yoast_head_json":{"title":"F\u00e4hrhafen \u017dirje, Hin- und R\u00fcckfahrt nach \u017dirje","robots":{"index":"index","follow":"follow","max-snippet":"max-snippet:-1","max-image-preview":"max-image-preview:large","max-video-preview":"max-video-preview:-1"},"canonical":"https:\/\/www.ferrycroatia.com\/de\/fahrhafen-zirje\/","og_locale":"en_US","og_type":"article","og_title":"F\u00e4hrhafen \u017dirje, Hin- und R\u00fcckfahrt nach \u017dirje","og_description":"\u017dirje ist eine Insel im Archipel von \u0160ibenik und der Haupthafen befindet sich in der Stadt \u017dirje im Nordwesten der Insel. Der F\u00e4hrhafen befindet sich in einer engen Bucht mit Blick auf die Insel Kakan. Es ist also offensichtlich gut vor Wind und Wellen gesch\u00fctzt. An- und Abreise zum F\u00e4hrterminal in \u017dirje: Die Autof\u00e4hre von [&hellip;] Continue reading...","og_url":"https:\/\/www.ferrycroatia.com\/de\/fahrhafen-zirje\/","og_site_name":"F\u00e4hre Kroatien","article_modified_time":"2021-02-09T12:49:09+00:00","og_image":[{"url":"http:\/\/www.ferrycroatia.com\/wp-content\/uploads\/2016\/08\/Zirje-ferry-port.jpg"}],"twitter_card":"summary_large_image","twitter_misc":{"Est. reading time":"1 minute"},"schema":{"@context":"https:\/\/schema.org","@graph":[{"@type":"WebPage","@id":"https:\/\/www.ferrycroatia.com\/de\/fahrhafen-zirje\/","url":"https:\/\/www.ferrycroatia.com\/de\/fahrhafen-zirje\/","name":"F\u00e4hrhafen \u017dirje, Hin- und R\u00fcckfahrt nach \u017dirje","isPartOf":{"@id":"https:\/\/www.ferrycroatia.com\/de\/#website"},"datePublished":"2021-02-04T09:58:22+00:00","dateModified":"2021-02-09T12:49:09+00:00","breadcrumb":{"@id":"https:\/\/www.ferrycroatia.com\/de\/fahrhafen-zirje\/#breadcrumb"},"inLanguage":"en-US","potentialAction":[{"@type":"ReadAction","target":["https:\/\/www.ferrycroatia.com\/de\/fahrhafen-zirje\/"]}]},{"@type":"BreadcrumbList","@id":"https:\/\/www.ferrycroatia.com\/de\/fahrhafen-zirje\/#breadcrumb","itemListElement":[{"@type":"ListItem","position":1,"name":"Home","item":"https:\/\/www.ferrycroatia.com\/de\/"},{"@type":"ListItem","position":2,"name":"F\u00e4hrhafen \u017dirje"}]},{"@type":"WebSite","@id":"https:\/\/www.ferrycroatia.com\/de\/#website","url":"https:\/\/www.ferrycroatia.com\/de\/","name":"F\u00e4hre Kroatien","description":"Info und Fahrpl\u00e4ne f\u00fcr alle Katamarane und F\u00e4hren in Kroatien","potentialAction":[{"@type":"SearchAction","target":{"@type":"EntryPoint","urlTemplate":"https:\/\/www.ferrycroatia.com\/de\/?s={search_term_string}"},"query-input":"required name=search_term_string"}],"inLanguage":"en-US"}]}},"_links":{"self":[{"href":"https:\/\/www.ferrycroatia.com\/de\/wp-json\/wp\/v2\/pages\/1319"}],"collection":[{"href":"https:\/\/www.ferrycroatia.com\/de\/wp-json\/wp\/v2\/pages"}],"about":[{"href":"https:\/\/www.ferrycroatia.com\/de\/wp-json\/wp\/v2\/types\/page"}],"author":[{"embeddable":true,"href":"https:\/\/www.ferrycroatia.com\/de\/wp-json\/wp\/v2\/users\/5"}],"replies":[{"embeddable":true,"href":"https:\/\/www.ferrycroatia.com\/de\/wp-json\/wp\/v2\/comments?post=1319"}],"version-history":[{"count":3,"href":"https:\/\/www.ferrycroatia.com\/de\/wp-json\/wp\/v2\/pages\/1319\/revisions"}],"predecessor-version":[{"id":1656,"href":"https:\/\/www.ferrycroatia.com\/de\/wp-json\/wp\/v2\/pages\/1319\/revisions\/1656"}],"wp:attachment":[{"href":"https:\/\/www.ferrycroatia.com\/de\/wp-json\/wp\/v2\/media?parent=1319"}],"curies":[{"name":"wp","href":"https:\/\/api.w.org\/{rel}","templated":true}]}}