{"id":1323,"date":"2021-02-04T10:05:10","date_gmt":"2021-02-04T10:05:10","guid":{"rendered":"https:\/\/ferrycroatia.com\/de\/?page_id=1323"},"modified":"2021-02-09T12:51:44","modified_gmt":"2021-02-09T12:51:44","slug":"fahrhafen-zverinac","status":"publish","type":"page","link":"https:\/\/www.ferrycroatia.com\/de\/fahrhafen-zverinac\/","title":{"rendered":"F\u00e4hrhafen Zverinac"},"content":{"rendered":"<p>Zverinac ist eine kleine Insel im Zadar-Archipel zwischen den Inseln Sestrunj und Dugi Otok. Es gibt nur eine Siedlung und den einzigen F\u00e4hrhafen auf der Insel im S\u00fcdosten. Der F\u00e4hrhafen ist mit den Inseln Dugi Otok, Molat, Sestrunj und Rivanj sowie mit Zadar und Zadar (Ga\u017eenica) durch regelm\u00e4\u00dfige F\u00e4hrlinien verbunden.<\/p>\n<p><span style=\"text-decoration: underline;\"><b>Was Sie am F\u00e4hrterminal von Zverinac finden k\u00f6nnen:<\/b><\/span><\/p>\n<p>Wie bereits oben erw\u00e4hnt, ist Zverinac die einzige Siedlung auf einer sehr kleinen Insel im Zadar-Archipel, sodass Sie dort nicht viele Einrichtungen finden k\u00f6nnen.<\/p>\n<p><span style=\"text-decoration: underline;\"><b>Adresse des F\u00e4hrterminals Zverinac:<\/b><\/span><\/p>\n<ul>\n<li>L\u00e4ngengrad: 14.914414<\/li>\n<li>Breitengrad: 44.161396<\/li>\n<li>23286 Zverinac<\/li>\n<\/ul>\n<p><span style=\"text-decoration: underline;\"><b>Liste der F\u00e4hr- und Katamaran Routen von und nach Zverinac:<\/b><\/span><\/p>\n<p>\u2192 Autof\u00e4hre: Zadar (Ga\u017eenica) &#8211; Rivanj &#8211; Sestrunj &#8211; Zverinac &#8211; Molat<\/p>\n<ul>\n<li><a href=\"https:\/\/www.ferrycroatia.com\/de\/zverinac-zadar\/\">Zverinac &#8211; Zadar<\/a><\/li>\n<li><a href=\"https:\/\/www.ferrycroatia.com\/de\/zverinac-rivanj\/\">Zverinac &#8211; Rivanj<\/a><\/li>\n<li><a href=\"https:\/\/www.ferrycroatia.com\/de\/zverinac-sestrunj\/\">Zverinac &#8211; Sestrunj<\/a><\/li>\n<li><a href=\"https:\/\/www.ferrycroatia.com\/de\/zverinac-molat\/\">Zverinac &#8211; Molat<\/a><\/li>\n<\/ul>\n<p>\u2192 Schiff: Brbinj (Dugi Otok) &#8211; Bo\u017eava (Dugi Otok) &#8211; Zverinac &#8211; Sestrunj &#8211; Rivanj &#8211; Zadar<\/p>\n<ul>\n<li><a href=\"https:\/\/www.ferrycroatia.com\/de\/zverinac-brbinj\/\">Zverinac &#8211; Brbinj<\/a><\/li>\n<li><a href=\"https:\/\/www.ferrycroatia.com\/de\/zverinac-bozava\/\">Zverinac &#8211; Bo\u017eava<\/a><\/li>\n<\/ul>\n","protected":false},"excerpt":{"rendered":"<p>Zverinac ist eine kleine Insel im Zadar-Archipel zwischen den Inseln Sestrunj und Dugi Otok. Es gibt nur eine Siedlung und den einzigen F\u00e4hrhafen auf der Insel im S\u00fcdosten. Der F\u00e4hrhafen ist mit den Inseln Dugi Otok, Molat, Sestrunj und Rivanj sowie mit Zadar und Zadar (Ga\u017eenica) durch regelm\u00e4\u00dfige F\u00e4hrlinien verbunden. Was Sie am F\u00e4hrterminal von [&hellip;]<\/p>\n<p><a class=\"more-link\" href=\"https:\/\/www.ferrycroatia.com\/de\/fahrhafen-zverinac\/\"> Continue reading&#8230;<\/a><\/p>\n","protected":false},"author":5,"featured_media":0,"parent":0,"menu_order":0,"comment_status":"closed","ping_status":"closed","template":"","meta":[],"yoast_head":"<!-- This site is optimized with the Yoast SEO plugin v19.8 - https:\/\/yoast.com\/wordpress\/plugins\/seo\/ -->\n<title>F\u00e4hrterminal Zverinac, von und nach Zverinac reisen<\/title>\n<meta name=\"robots\" content=\"index, follow, max-snippet:-1, max-image-preview:large, max-video-preview:-1\" \/>\n<link rel=\"canonical\" href=\"https:\/\/www.ferrycroatia.com\/de\/fahrhafen-zverinac\/\" \/>\n<meta property=\"og:locale\" content=\"en_US\" \/>\n<meta property=\"og:type\" content=\"article\" \/>\n<meta property=\"og:title\" content=\"F\u00e4hrterminal Zverinac, von und nach Zverinac reisen\" \/>\n<meta property=\"og:description\" content=\"Zverinac ist eine kleine Insel im Zadar-Archipel zwischen den Inseln Sestrunj und Dugi Otok. Es gibt nur eine Siedlung und den einzigen F\u00e4hrhafen auf der Insel im S\u00fcdosten. Der F\u00e4hrhafen ist mit den Inseln Dugi Otok, Molat, Sestrunj und Rivanj sowie mit Zadar und Zadar (Ga\u017eenica) durch regelm\u00e4\u00dfige F\u00e4hrlinien verbunden. Was Sie am F\u00e4hrterminal von [&hellip;] Continue reading...\" \/>\n<meta property=\"og:url\" content=\"https:\/\/www.ferrycroatia.com\/de\/fahrhafen-zverinac\/\" \/>\n<meta property=\"og:site_name\" content=\"F\u00e4hre Kroatien\" \/>\n<meta property=\"article:modified_time\" content=\"2021-02-09T12:51:44+00:00\" \/>\n<meta name=\"twitter:card\" content=\"summary_large_image\" \/>\n<meta name=\"twitter:label1\" content=\"Est. reading time\" \/>\n\t<meta name=\"twitter:data1\" content=\"1 minute\" \/>\n<script type=\"application\/ld+json\" class=\"yoast-schema-graph\">{\"@context\":\"https:\/\/schema.org\",\"@graph\":[{\"@type\":\"WebPage\",\"@id\":\"https:\/\/www.ferrycroatia.com\/de\/fahrhafen-zverinac\/\",\"url\":\"https:\/\/www.ferrycroatia.com\/de\/fahrhafen-zverinac\/\",\"name\":\"F\u00e4hrterminal Zverinac, von und nach Zverinac reisen\",\"isPartOf\":{\"@id\":\"https:\/\/www.ferrycroatia.com\/de\/#website\"},\"datePublished\":\"2021-02-04T10:05:10+00:00\",\"dateModified\":\"2021-02-09T12:51:44+00:00\",\"breadcrumb\":{\"@id\":\"https:\/\/www.ferrycroatia.com\/de\/fahrhafen-zverinac\/#breadcrumb\"},\"inLanguage\":\"en-US\",\"potentialAction\":[{\"@type\":\"ReadAction\",\"target\":[\"https:\/\/www.ferrycroatia.com\/de\/fahrhafen-zverinac\/\"]}]},{\"@type\":\"BreadcrumbList\",\"@id\":\"https:\/\/www.ferrycroatia.com\/de\/fahrhafen-zverinac\/#breadcrumb\",\"itemListElement\":[{\"@type\":\"ListItem\",\"position\":1,\"name\":\"Home\",\"item\":\"https:\/\/www.ferrycroatia.com\/de\/\"},{\"@type\":\"ListItem\",\"position\":2,\"name\":\"F\u00e4hrhafen Zverinac\"}]},{\"@type\":\"WebSite\",\"@id\":\"https:\/\/www.ferrycroatia.com\/de\/#website\",\"url\":\"https:\/\/www.ferrycroatia.com\/de\/\",\"name\":\"F\u00e4hre Kroatien\",\"description\":\"Info und Fahrpl\u00e4ne f\u00fcr alle Katamarane und F\u00e4hren in Kroatien\",\"potentialAction\":[{\"@type\":\"SearchAction\",\"target\":{\"@type\":\"EntryPoint\",\"urlTemplate\":\"https:\/\/www.ferrycroatia.com\/de\/?s={search_term_string}\"},\"query-input\":\"required name=search_term_string\"}],\"inLanguage\":\"en-US\"}]}<\/script>\n<!-- \/ Yoast SEO plugin. -->","yoast_head_json":{"title":"F\u00e4hrterminal Zverinac, von und nach Zverinac reisen","robots":{"index":"index","follow":"follow","max-snippet":"max-snippet:-1","max-image-preview":"max-image-preview:large","max-video-preview":"max-video-preview:-1"},"canonical":"https:\/\/www.ferrycroatia.com\/de\/fahrhafen-zverinac\/","og_locale":"en_US","og_type":"article","og_title":"F\u00e4hrterminal Zverinac, von und nach Zverinac reisen","og_description":"Zverinac ist eine kleine Insel im Zadar-Archipel zwischen den Inseln Sestrunj und Dugi Otok. Es gibt nur eine Siedlung und den einzigen F\u00e4hrhafen auf der Insel im S\u00fcdosten. Der F\u00e4hrhafen ist mit den Inseln Dugi Otok, Molat, Sestrunj und Rivanj sowie mit Zadar und Zadar (Ga\u017eenica) durch regelm\u00e4\u00dfige F\u00e4hrlinien verbunden. Was Sie am F\u00e4hrterminal von [&hellip;] Continue reading...","og_url":"https:\/\/www.ferrycroatia.com\/de\/fahrhafen-zverinac\/","og_site_name":"F\u00e4hre Kroatien","article_modified_time":"2021-02-09T12:51:44+00:00","twitter_card":"summary_large_image","twitter_misc":{"Est. reading time":"1 minute"},"schema":{"@context":"https:\/\/schema.org","@graph":[{"@type":"WebPage","@id":"https:\/\/www.ferrycroatia.com\/de\/fahrhafen-zverinac\/","url":"https:\/\/www.ferrycroatia.com\/de\/fahrhafen-zverinac\/","name":"F\u00e4hrterminal Zverinac, von und nach Zverinac reisen","isPartOf":{"@id":"https:\/\/www.ferrycroatia.com\/de\/#website"},"datePublished":"2021-02-04T10:05:10+00:00","dateModified":"2021-02-09T12:51:44+00:00","breadcrumb":{"@id":"https:\/\/www.ferrycroatia.com\/de\/fahrhafen-zverinac\/#breadcrumb"},"inLanguage":"en-US","potentialAction":[{"@type":"ReadAction","target":["https:\/\/www.ferrycroatia.com\/de\/fahrhafen-zverinac\/"]}]},{"@type":"BreadcrumbList","@id":"https:\/\/www.ferrycroatia.com\/de\/fahrhafen-zverinac\/#breadcrumb","itemListElement":[{"@type":"ListItem","position":1,"name":"Home","item":"https:\/\/www.ferrycroatia.com\/de\/"},{"@type":"ListItem","position":2,"name":"F\u00e4hrhafen Zverinac"}]},{"@type":"WebSite","@id":"https:\/\/www.ferrycroatia.com\/de\/#website","url":"https:\/\/www.ferrycroatia.com\/de\/","name":"F\u00e4hre Kroatien","description":"Info und Fahrpl\u00e4ne f\u00fcr alle Katamarane und F\u00e4hren in Kroatien","potentialAction":[{"@type":"SearchAction","target":{"@type":"EntryPoint","urlTemplate":"https:\/\/www.ferrycroatia.com\/de\/?s={search_term_string}"},"query-input":"required name=search_term_string"}],"inLanguage":"en-US"}]}},"_links":{"self":[{"href":"https:\/\/www.ferrycroatia.com\/de\/wp-json\/wp\/v2\/pages\/1323"}],"collection":[{"href":"https:\/\/www.ferrycroatia.com\/de\/wp-json\/wp\/v2\/pages"}],"about":[{"href":"https:\/\/www.ferrycroatia.com\/de\/wp-json\/wp\/v2\/types\/page"}],"author":[{"embeddable":true,"href":"https:\/\/www.ferrycroatia.com\/de\/wp-json\/wp\/v2\/users\/5"}],"replies":[{"embeddable":true,"href":"https:\/\/www.ferrycroatia.com\/de\/wp-json\/wp\/v2\/comments?post=1323"}],"version-history":[{"count":3,"href":"https:\/\/www.ferrycroatia.com\/de\/wp-json\/wp\/v2\/pages\/1323\/revisions"}],"predecessor-version":[{"id":1658,"href":"https:\/\/www.ferrycroatia.com\/de\/wp-json\/wp\/v2\/pages\/1323\/revisions\/1658"}],"wp:attachment":[{"href":"https:\/\/www.ferrycroatia.com\/de\/wp-json\/wp\/v2\/media?parent=1323"}],"curies":[{"name":"wp","href":"https:\/\/api.w.org\/{rel}","templated":true}]}}