{"id":2351,"date":"2023-12-01T15:17:56","date_gmt":"2023-12-01T14:17:56","guid":{"rendered":"https:\/\/www.ferrycroatia.com\/de\/?page_id=2351"},"modified":"2023-12-01T15:19:42","modified_gmt":"2023-12-01T14:19:42","slug":"uber-uns","status":"publish","type":"page","link":"https:\/\/www.ferrycroatia.com\/de\/uber-uns\/","title":{"rendered":"\u00dcber uns"},"content":{"rendered":"\r\n<p>FerryCroatia besteht aus drei Reiseliebhabern, die viele Dinge auf Reisen lieben, sich aber im Laufe der Jahre darauf spezialisiert haben, <strong>genaue und aktuelle Informationen \u00fcber F\u00e4hr- und Katamaranabfahrten in Kroatien bereitzustellen.<\/strong><\/p>\r\n\r\n\r\n\r\n<p>Zus\u00e4tzlich zu den Abfahrts Informationen erstellen wir Inhalte zu verwandten Themen wie Inself\u00fchrer, Informationen \u00fcber F\u00e4hrh\u00e4fen, Reiseideen, Inselhopping usw.<\/p>\r\n\r\n\r\n\r\n<p>Der Blog enth\u00e4lt alle n\u00fctzlichen Informationen, die Sie f\u00fcr die Planung Ihrer Reise ben\u00f6tigen. Von der Anreise zu Ihrem Reiseziel \u00fcber die Fortbewegung bis hin zu Sehensw\u00fcrdigkeiten und Unternehmungen decken wir alles ab, was Sie vor Ihrer Reise wissen m\u00fcssen. Dar\u00fcber hinaus stammen <strong>alle Informationen von uns &#8211; den Einheimischen in Kroatien<\/strong>. Wir geben die besten Tipps f\u00fcr Reisen mit der F\u00e4hre weiter, die wir im Laufe der Jahre gesammelt haben, und pflegen dabei eine offene Kommunikation mit den Akteuren des Seeverkehrs.<\/p>\r\n\r\n\r\n\r\n<p>Wenn Sie eher der visuelle Typ sind, finden Sie in den Blogbeitr\u00e4gen auch <strong>Videos, die unser Team erstellt hat,<\/strong> um Sie mit dem vertraut zu machen, was Sie auf der Reise erwartet. <a class=\"lightbox\" href=\"https:\/\/www.ferrycroatia.com\/en\/wp-content\/uploads\/2023\/11\/PHOTO-2023-05-27-10-07-58-e1700214526886.jpg\"><img decoding=\"async\" loading=\"lazy\" class=\"aligncenter wp-image-9698 size-large\" data-src=\"https:\/\/www.ferrycroatia.com\/en\/wp-content\/uploads\/2023\/11\/PHOTO-2023-05-27-10-07-58-e1700214526886-1024x864.jpg\" alt=\"Das Team von Ferry Croatia auf dem Weg zur Insel Hvar\" width=\"740\" height=\"624\" \/><\/a><\/p>\r\n\r\n\r\n\r\n<h2>Wie alles begann<\/h2>\r\n\r\n\r\n\r\n<p>FerryCroatia wurde <strong>im Jahr 2016<\/strong> gegr\u00fcndet und ist mittlerweile in 4 verschiedenen Sprachen verf\u00fcgbar.<\/p>\r\n\r\n\r\n\r\n<p>Die Idee war, alle n\u00fctzlichen Informationen an einem Ort zu sammeln, mit dem Ziel, die Planung einer Reise \u00fcberall an der kroatischen Adria so einfach wie m\u00f6glich zu machen.<\/p>\r\n\r\n\r\n\r\n<p>Der n\u00e4chste Schritt war nat\u00fcrlich, den Passagieren die M\u00f6glichkeit zu geben, F\u00e4hr- und Katamarane Tickets online zu kaufen. Deshalb haben wir 2019 die Schwesterseite <a href=\"https:\/\/getbyferry.com\/de\/\">GetByFerry.com<\/a> eingerichtet.<\/p>\r\n\r\n\r\n\r\n<p>GetByFerry erm\u00f6glicht es Passagieren, F\u00e4hr- und Katamarantickets rechtzeitig zu kaufen, ohne sich Gedanken \u00fcber m\u00f6gliche Warteschlangen am F\u00e4hrhafen zu machen. Dar\u00fcber hinaus wird GetByFerry 2020 die erste Plattform in Kroatien sein, die Fahrg\u00e4sten den Kauf von Fahrkarten f\u00fcr die von Jadrolinija <strong>betriebenen nationalen Linien <\/strong>erm\u00f6glicht. <a class=\"lightbox\" href=\"https:\/\/www.ferrycroatia.com\/en\/wp-content\/uploads\/2023\/11\/hvar-island-beautiful-shot.png\"><img decoding=\"async\" loading=\"lazy\" class=\"aligncenter wp-image-9702 size-large\" data-src=\"https:\/\/www.ferrycroatia.com\/en\/wp-content\/uploads\/2023\/11\/hvar-island-beautiful-shot-1024x896.png\" alt=\"F\u00e4hrhafen auf der Insel Hvar\" width=\"740\" height=\"648\" \/><\/a><\/p>\r\n\r\n\r\n\r\n<h2>Wie genau sind die Informationen auf ferrycroatia.com?<\/h2>\r\n\r\n\r\n\r\n<p>Da wir die Informationen <strong>direkt von den Websites der Fluggesellschaften<\/strong> abrufen, sind die Angaben in den meisten F\u00e4llen korrekt und aktuell. Unter bestimmten Umst\u00e4nden stimmen die Abfl\u00fcge jedoch nicht mit den angegebenen Informationen \u00fcberein. In diesem Fall ist es am besten, <strong>die offizielle Website der Fluggesellschaft zu konsultieren.<\/strong><\/p>\r\n\r\n\r\n\r\n<h2>Unser Team<\/h2>\r\n\r\n\r\n\r\n<p>Unser Team besteht aus drei leidenschaftlichen Reisebloggern und Reisenden. <strong>Wir sind in Kroatien ans\u00e4ssig <\/strong>und reisen seit Jahren an der kroatischen K\u00fcste entlang. Es gibt keinen bewohnten Teil der kroatischen K\u00fcste, den wir noch nicht besucht haben. Wenn es also darum geht, sich in F\u00e4hrh\u00e4fen zurechtzufinden oder mit der F\u00e4hre zu reisen, kennen wir uns bestens aus.<\/p>\r\n\r\n\r\n\r\n<p>Unser Ziel ist es, alles, was Sie auf Ihrer Reise entlang unserer sch\u00f6nen K\u00fcste ben\u00f6tigen, <strong>zu vereinfachen und zu erkl\u00e4ren<\/strong>. Au\u00dferdem geben wir als Einheimische immer n\u00fctzliche <strong><em>Tipps und Tricks<\/em><\/strong>, die Ihnen w\u00e4hrend Ihrer Reise <strong>n\u00fctzlich <\/strong>sein k\u00f6nnten.<\/p>\r\n<hr class=\"wp-block-separator aligncenter\" \/>\r\n\r\n\r\n<figure class=\"aligncenter size-thumbnail\"><\/figure>\r\n<p><a href=\"https:\/\/www.ferrycroatia.com\/de\/wp-content\/uploads\/2023\/12\/dino-veljaca.png\"><img decoding=\"async\" loading=\"lazy\" class=\"aligncenter wp-image-2355 size-medium\" data-src=\"https:\/\/www.ferrycroatia.com\/de\/wp-content\/uploads\/2023\/12\/dino-veljaca-300x300.png\" alt=\"\" width=\"300\" height=\"300\" data-srcset=\"https:\/\/www.ferrycroatia.com\/de\/wp-content\/uploads\/2023\/12\/dino-veljaca-300x300.png 300w, https:\/\/www.ferrycroatia.com\/de\/wp-content\/uploads\/2023\/12\/dino-veljaca-150x150.png 150w, https:\/\/www.ferrycroatia.com\/de\/wp-content\/uploads\/2023\/12\/dino-veljaca-60x60.png 60w, https:\/\/www.ferrycroatia.com\/de\/wp-content\/uploads\/2023\/12\/dino-veljaca.png 600w\" sizes=\"(max-width: 300px) 100vw, 300px\" \/><\/a><\/p>\r\n<div class=\"wp-block-image is-style-default\">\r\n<p style=\"text-align: center;\"><span style=\"background-color: rgba(0, 0, 0, 0); color: #0003bb;\">Dino<\/span><\/p>\r\n<\/div>\r\n\r\n\r\n\r\n<figure class=\"wp-block-pullquote\">\r\n<blockquote>Wenn Sie mich nicht im B\u00fcro antreffen, bin ich wahrscheinlich auf einem Festival. Die Jagd nach guter Musik ist meine Lieblingsbesch\u00e4ftigung, vor allem weil sie mit Reisen verbunden ist. Im Sommer verbringe ich meine Tage damit, Inseln zu besuchen (vorzugsweise solche, auf denen ein Festival stattfindet), und im Winter verbringe ich meine Tage damit, die lokale Fu\u00dfballmannschaft zu unterst\u00fctzen.<\/blockquote>\r\n<hr class=\"wp-block-separator aligncenter\" \/><\/figure>\r\n\r\n\r\n\r\n<div class=\"wp-block-image is-style-default\" style=\"text-align: center;\">\r\n<figure class=\"aligncenter size-thumbnail\">\r\n<figcaption><mark class=\"has-inline-color\" style=\"background-color: rgba(0, 0, 0, 0); color: #0033bb;\"><a href=\"https:\/\/www.ferrycroatia.com\/de\/wp-content\/uploads\/2023\/12\/maja-tramontana.png\"><img decoding=\"async\" loading=\"lazy\" class=\"aligncenter wp-image-2357 size-medium\" data-src=\"https:\/\/www.ferrycroatia.com\/de\/wp-content\/uploads\/2023\/12\/maja-tramontana-300x300.png\" alt=\"Maja Tramontana\" width=\"300\" height=\"300\" data-srcset=\"https:\/\/www.ferrycroatia.com\/de\/wp-content\/uploads\/2023\/12\/maja-tramontana-300x300.png 300w, https:\/\/www.ferrycroatia.com\/de\/wp-content\/uploads\/2023\/12\/maja-tramontana-150x150.png 150w, https:\/\/www.ferrycroatia.com\/de\/wp-content\/uploads\/2023\/12\/maja-tramontana-60x60.png 60w, https:\/\/www.ferrycroatia.com\/de\/wp-content\/uploads\/2023\/12\/maja-tramontana.png 600w\" sizes=\"(max-width: 300px) 100vw, 300px\" \/><\/a><br \/>Maja<\/mark><\/figcaption>\r\n<\/figure>\r\n<\/div>\r\n\r\n\r\n\r\n<figure class=\"wp-block-pullquote\">\r\n<blockquote>Als Bloggerin aus Kroatien liebe ich es, die Sch\u00f6nheit der Welt zu erkunden und durch mein Schreiben zu teilen. Meine Leidenschaft f\u00fcr das Schreiben geht einher mit meiner Liebe zum Sport, Singen und dem Eintauchen in neue Kulturen und Sprachen. Wenn ich nicht gerade auf meiner Tastatur herum tippe, kann man mich dabei erwischen, wie ich leckeres Essen genie\u00dfe und meine Reiseerfahrungen mit meinen Lesern teile.<hr class=\"wp-block-separator aligncenter\" \/><\/blockquote>\r\n<\/figure>\r\n\r\n\r\n\r\n<div class=\"wp-block-image is-style-default\" style=\"text-align: center;\">\r\n<figure class=\"aligncenter size-thumbnail\">\r\n<figcaption><mark class=\"has-inline-color\" style=\"background-color: rgba(0, 0, 0, 0); color: #0033bb;\"><a href=\"https:\/\/www.ferrycroatia.com\/de\/wp-content\/uploads\/2023\/12\/Morten.png\"><img decoding=\"async\" loading=\"lazy\" class=\"alignnone wp-image-2358 size-medium\" data-src=\"https:\/\/www.ferrycroatia.com\/de\/wp-content\/uploads\/2023\/12\/Morten-300x300.png\" alt=\"Morten Smalby\" width=\"300\" height=\"300\" data-srcset=\"https:\/\/www.ferrycroatia.com\/de\/wp-content\/uploads\/2023\/12\/Morten-300x300.png 300w, https:\/\/www.ferrycroatia.com\/de\/wp-content\/uploads\/2023\/12\/Morten-150x150.png 150w, https:\/\/www.ferrycroatia.com\/de\/wp-content\/uploads\/2023\/12\/Morten-60x60.png 60w, https:\/\/www.ferrycroatia.com\/de\/wp-content\/uploads\/2023\/12\/Morten.png 600w\" sizes=\"(max-width: 300px) 100vw, 300px\" \/><\/a><br \/>Morten<\/mark><\/figcaption>\r\n<\/figure>\r\n<\/div>\r\n\r\n\r\n\r\n<figure class=\"wp-block-pullquote\">\r\n<blockquote>Ich bin ein d\u00e4nischer Unternehmer, der in Split lebt. Ich bin durch die ganze Welt gereist, aber Split hat mein Herz erobert, also habe ich beschlossen, mein Unternehmen hier zu gr\u00fcnden. Aber wann immer ich kann, reise ich mit meiner Familie an neue und aufregende Orte. Wenn ich die drei wichtigsten Dinge im Leben aufz\u00e4hlen m\u00fcsste, dann w\u00e4ren das meine Familie, mein Hund Oskar und das Reisen.<\/blockquote>\r\n<\/figure>\r\n<hr class=\"wp-block-separator aligncenter\" \/>\r\n<h2>Kontaktieren Sie uns<\/h2>\r\n\r\n\r\n\r\n<p>Wenn Sie Fragen zu einer F\u00e4hr\u00fcberfahrt in Kroatien haben oder Informationen \u00fcber Tickets von F\u00e4hrgesellschaften ben\u00f6tigen, <a href=\"https:\/\/getbyferry.com\/de\/kontakt\">kontaktieren Sie uns.<\/a><\/p>\r\n\r\n\r\n\r\n<p>Wir sind hier, um Sie mit den aktuellsten Informationen zu versorgen, die Ihnen bei der Planung Ihres Urlaubs helfen k\u00f6nnen.<\/p>","protected":false},"excerpt":{"rendered":"<p>FerryCroatia besteht aus drei Reiseliebhabern, die viele Dinge auf Reisen lieben, sich aber im Laufe der Jahre darauf spezialisiert haben, genaue und aktuelle Informationen \u00fcber F\u00e4hr- und Katamaranabfahrten in Kroatien bereitzustellen. Zus\u00e4tzlich zu den Abfahrts Informationen erstellen wir Inhalte zu verwandten Themen wie Inself\u00fchrer, Informationen \u00fcber F\u00e4hrh\u00e4fen, Reiseideen, Inselhopping usw. Der Blog enth\u00e4lt alle n\u00fctzlichen [&hellip;]<\/p>\n<p><a class=\"more-link\" href=\"https:\/\/www.ferrycroatia.com\/de\/uber-uns\/\"> Continue reading&#8230;<\/a><\/p>\n","protected":false},"author":1,"featured_media":2354,"parent":0,"menu_order":0,"comment_status":"closed","ping_status":"closed","template":"","meta":[],"yoast_head":"<!-- This site is optimized with the Yoast SEO plugin v19.8 - https:\/\/yoast.com\/wordpress\/plugins\/seo\/ -->\n<title>\u00dcber uns \u2013 Lernen Sie das Team von FerryCroatia kennen<\/title>\n<meta name=\"description\" content=\"Lernen Sie das Team hinter dem FerryCroatia-Blog kennen, in dem wir unsere Leidenschaft f\u00fcr F\u00e4hrreisen und Reiseziele entlang der kroatischen Adria teilen.\" \/>\n<meta name=\"robots\" content=\"index, follow, max-snippet:-1, max-image-preview:large, max-video-preview:-1\" \/>\n<link rel=\"canonical\" href=\"https:\/\/www.ferrycroatia.com\/de\/uber-uns\/\" \/>\n<meta property=\"og:locale\" content=\"en_US\" \/>\n<meta property=\"og:type\" content=\"article\" \/>\n<meta property=\"og:title\" content=\"\u00dcber uns \u2013 Lernen Sie das Team von FerryCroatia kennen\" \/>\n<meta property=\"og:description\" content=\"Lernen Sie das Team hinter dem FerryCroatia-Blog kennen, in dem wir unsere Leidenschaft f\u00fcr F\u00e4hrreisen und Reiseziele entlang der kroatischen Adria teilen.\" \/>\n<meta property=\"og:url\" content=\"https:\/\/www.ferrycroatia.com\/de\/uber-uns\/\" \/>\n<meta property=\"og:site_name\" content=\"F\u00e4hre Kroatien\" \/>\n<meta property=\"article:modified_time\" content=\"2023-12-01T14:19:42+00:00\" \/>\n<meta property=\"og:image\" content=\"https:\/\/www.ferrycroatia.com\/de\/wp-content\/uploads\/2023\/12\/Fa\u0308hre-Kroatien.jpeg\" \/>\n\t<meta property=\"og:image:width\" content=\"2560\" \/>\n\t<meta property=\"og:image:height\" content=\"1920\" \/>\n\t<meta property=\"og:image:type\" content=\"image\/jpeg\" \/>\n<meta name=\"twitter:card\" content=\"summary_large_image\" \/>\n<meta name=\"twitter:label1\" content=\"Est. reading time\" \/>\n\t<meta name=\"twitter:data1\" content=\"4 minutes\" \/>\n<script type=\"application\/ld+json\" class=\"yoast-schema-graph\">{\"@context\":\"https:\/\/schema.org\",\"@graph\":[{\"@type\":\"WebPage\",\"@id\":\"https:\/\/www.ferrycroatia.com\/de\/uber-uns\/\",\"url\":\"https:\/\/www.ferrycroatia.com\/de\/uber-uns\/\",\"name\":\"\u00dcber uns \u2013 Lernen Sie das Team von FerryCroatia kennen\",\"isPartOf\":{\"@id\":\"https:\/\/www.ferrycroatia.com\/de\/#website\"},\"datePublished\":\"2023-12-01T14:17:56+00:00\",\"dateModified\":\"2023-12-01T14:19:42+00:00\",\"description\":\"Lernen Sie das Team hinter dem FerryCroatia-Blog kennen, in dem wir unsere Leidenschaft f\u00fcr F\u00e4hrreisen und Reiseziele entlang der kroatischen Adria teilen.\",\"breadcrumb\":{\"@id\":\"https:\/\/www.ferrycroatia.com\/de\/uber-uns\/#breadcrumb\"},\"inLanguage\":\"en-US\",\"potentialAction\":[{\"@type\":\"ReadAction\",\"target\":[\"https:\/\/www.ferrycroatia.com\/de\/uber-uns\/\"]}]},{\"@type\":\"BreadcrumbList\",\"@id\":\"https:\/\/www.ferrycroatia.com\/de\/uber-uns\/#breadcrumb\",\"itemListElement\":[{\"@type\":\"ListItem\",\"position\":1,\"name\":\"Home\",\"item\":\"https:\/\/www.ferrycroatia.com\/de\/\"},{\"@type\":\"ListItem\",\"position\":2,\"name\":\"\u00dcber uns\"}]},{\"@type\":\"WebSite\",\"@id\":\"https:\/\/www.ferrycroatia.com\/de\/#website\",\"url\":\"https:\/\/www.ferrycroatia.com\/de\/\",\"name\":\"F\u00e4hre Kroatien\",\"description\":\"Info und Fahrpl\u00e4ne f\u00fcr alle Katamarane und F\u00e4hren in Kroatien\",\"potentialAction\":[{\"@type\":\"SearchAction\",\"target\":{\"@type\":\"EntryPoint\",\"urlTemplate\":\"https:\/\/www.ferrycroatia.com\/de\/?s={search_term_string}\"},\"query-input\":\"required name=search_term_string\"}],\"inLanguage\":\"en-US\"}]}<\/script>\n<!-- \/ Yoast SEO plugin. -->","yoast_head_json":{"title":"\u00dcber uns \u2013 Lernen Sie das Team von FerryCroatia kennen","description":"Lernen Sie das Team hinter dem FerryCroatia-Blog kennen, in dem wir unsere Leidenschaft f\u00fcr F\u00e4hrreisen und Reiseziele entlang der kroatischen Adria teilen.","robots":{"index":"index","follow":"follow","max-snippet":"max-snippet:-1","max-image-preview":"max-image-preview:large","max-video-preview":"max-video-preview:-1"},"canonical":"https:\/\/www.ferrycroatia.com\/de\/uber-uns\/","og_locale":"en_US","og_type":"article","og_title":"\u00dcber uns \u2013 Lernen Sie das Team von FerryCroatia kennen","og_description":"Lernen Sie das Team hinter dem FerryCroatia-Blog kennen, in dem wir unsere Leidenschaft f\u00fcr F\u00e4hrreisen und Reiseziele entlang der kroatischen Adria teilen.","og_url":"https:\/\/www.ferrycroatia.com\/de\/uber-uns\/","og_site_name":"F\u00e4hre Kroatien","article_modified_time":"2023-12-01T14:19:42+00:00","og_image":[{"width":2560,"height":1920,"url":"https:\/\/www.ferrycroatia.com\/de\/wp-content\/uploads\/2023\/12\/Fa\u0308hre-Kroatien.jpeg","type":"image\/jpeg"}],"twitter_card":"summary_large_image","twitter_misc":{"Est. reading time":"4 minutes"},"schema":{"@context":"https:\/\/schema.org","@graph":[{"@type":"WebPage","@id":"https:\/\/www.ferrycroatia.com\/de\/uber-uns\/","url":"https:\/\/www.ferrycroatia.com\/de\/uber-uns\/","name":"\u00dcber uns \u2013 Lernen Sie das Team von FerryCroatia kennen","isPartOf":{"@id":"https:\/\/www.ferrycroatia.com\/de\/#website"},"datePublished":"2023-12-01T14:17:56+00:00","dateModified":"2023-12-01T14:19:42+00:00","description":"Lernen Sie das Team hinter dem FerryCroatia-Blog kennen, in dem wir unsere Leidenschaft f\u00fcr F\u00e4hrreisen und Reiseziele entlang der kroatischen Adria teilen.","breadcrumb":{"@id":"https:\/\/www.ferrycroatia.com\/de\/uber-uns\/#breadcrumb"},"inLanguage":"en-US","potentialAction":[{"@type":"ReadAction","target":["https:\/\/www.ferrycroatia.com\/de\/uber-uns\/"]}]},{"@type":"BreadcrumbList","@id":"https:\/\/www.ferrycroatia.com\/de\/uber-uns\/#breadcrumb","itemListElement":[{"@type":"ListItem","position":1,"name":"Home","item":"https:\/\/www.ferrycroatia.com\/de\/"},{"@type":"ListItem","position":2,"name":"\u00dcber uns"}]},{"@type":"WebSite","@id":"https:\/\/www.ferrycroatia.com\/de\/#website","url":"https:\/\/www.ferrycroatia.com\/de\/","name":"F\u00e4hre Kroatien","description":"Info und Fahrpl\u00e4ne f\u00fcr alle Katamarane und F\u00e4hren in Kroatien","potentialAction":[{"@type":"SearchAction","target":{"@type":"EntryPoint","urlTemplate":"https:\/\/www.ferrycroatia.com\/de\/?s={search_term_string}"},"query-input":"required name=search_term_string"}],"inLanguage":"en-US"}]}},"_links":{"self":[{"href":"https:\/\/www.ferrycroatia.com\/de\/wp-json\/wp\/v2\/pages\/2351"}],"collection":[{"href":"https:\/\/www.ferrycroatia.com\/de\/wp-json\/wp\/v2\/pages"}],"about":[{"href":"https:\/\/www.ferrycroatia.com\/de\/wp-json\/wp\/v2\/types\/page"}],"author":[{"embeddable":true,"href":"https:\/\/www.ferrycroatia.com\/de\/wp-json\/wp\/v2\/users\/1"}],"replies":[{"embeddable":true,"href":"https:\/\/www.ferrycroatia.com\/de\/wp-json\/wp\/v2\/comments?post=2351"}],"version-history":[{"count":5,"href":"https:\/\/www.ferrycroatia.com\/de\/wp-json\/wp\/v2\/pages\/2351\/revisions"}],"predecessor-version":[{"id":2361,"href":"https:\/\/www.ferrycroatia.com\/de\/wp-json\/wp\/v2\/pages\/2351\/revisions\/2361"}],"wp:featuredmedia":[{"embeddable":true,"href":"https:\/\/www.ferrycroatia.com\/de\/wp-json\/wp\/v2\/media\/2354"}],"wp:attachment":[{"href":"https:\/\/www.ferrycroatia.com\/de\/wp-json\/wp\/v2\/media?parent=2351"}],"curies":[{"name":"wp","href":"https:\/\/api.w.org\/{rel}","templated":true}]}}