{"id":694,"date":"2021-01-27T13:21:31","date_gmt":"2021-01-27T13:21:31","guid":{"rendered":"https:\/\/ferrycroatia.com\/de\/?page_id=694"},"modified":"2021-02-08T16:08:19","modified_gmt":"2021-02-08T16:08:19","slug":"insel-ist","status":"publish","type":"page","link":"https:\/\/www.ferrycroatia.com\/de\/insel-ist\/","title":{"rendered":"Insel Ist"},"content":{"rendered":"<p>Obwohl die <strong>Insel Ist<\/strong> eine Insel mit weniger als 10 km2 ist und weniger als 200 Einwohner hat, verf\u00fcgt die Insel \u00fcber 3 F\u00e4hrverbindungen zum Festland und zu anderen Inseln in der N\u00e4he. <strong>Die Insel, die ein bisschen wie ein Schmetterling aussieht<\/strong>, hat nur eine Siedlung, n\u00e4mlich die Stadt Ist im Zentrum der Insel, mit Zugang zu einer n\u00f6rdlichen und s\u00fcdlichen Bucht.<\/p>\n<p>Es gibt <a href=\"https:\/\/www.ferrycroatia.com\/de\/fahrhafen-ist\/\">zwei H\u00e4fen auf der Insel<\/a>, <strong>der Hafen \u0160iroka<\/strong> befindet sich in der s\u00fcdlichen Bucht, wo der Katamaran ankommt, der andere Hafen ist Kosira\u010da und er befindet sich in der n\u00f6rdlichen Bucht, wo die Autof\u00e4hre ankommt, der Abstand zwischen den beiden H\u00e4fen ist etwas mehr als 1 km.<\/p>\n<h2><b>Anreise zur Insel Ist<\/b><\/h2>\n<p>Wie oben erw\u00e4hnt, ist <strong>die Insel Ist mit 3 F\u00e4hrverbindungen mit Zadar auf dem Festland verbunden<\/strong>, von denen 2 Autof\u00e4hrverbindungen und die letzte eine schnelle F\u00e4hr- \/ Katamaran-Verbindung sind.<\/p>\n<p>Die Katamaran Verbindung zur Insel wird<strong> das ganze Jahr \u00fcber t\u00e4glich betrieben<\/strong>. Die Katamaran Routen segeln <strong>von Zadar \u00fcber die <a href=\"https:\/\/www.ferrycroatia.com\/de\/insel-molat\/\">Insel Molat<\/a> zum Hafen von \u0160iroka auf Ist<\/strong>, au\u00dfer einmal pro Woche, wenn sie direkt zur Insel Ist segeln. Die Segelzeit von Zadar nach Ist liegt zwischen 1 Stunde und 20 und 50 Minuten, hier k\u00f6nnen Sie die Katamaran Abfahrten von und zur Insel sehen.<\/p>\n<table width=\"747\">\n<tbody>\n<tr>\n<td style=\"text-align: center;\"><a href=\"https:\/\/www.ferrycroatia.com\/de\/zadar-ist\/\">Zadar &#8211; Ist<\/a><\/td>\n<td style=\"text-align: center;\"><a href=\"https:\/\/www.ferrycroatia.com\/de\/molat-ist\/\">Molat &#8211; Ist<\/a><\/td>\n<td style=\"text-align: center;\"><a href=\"https:\/\/www.ferrycroatia.com\/de\/zapuntel-ist\/\">Zapuntel &#8211; Ist<\/a><\/td>\n<\/tr>\n<tr>\n<td style=\"text-align: center;\"><a href=\"https:\/\/www.ferrycroatia.com\/de\/ist-zadar\/\">Ist &#8211; Zadar<\/a><\/td>\n<td style=\"text-align: center;\"><a href=\"https:\/\/www.ferrycroatia.com\/de\/ist-molat\/\">Ist &#8211; Molat<\/a><\/td>\n<td style=\"text-align: center;\"><a href=\"https:\/\/www.ferrycroatia.com\/de\/ist-zapuntel\/\">Ist &#8211; Zapuntel<\/a><\/td>\n<\/tr>\n<\/tbody>\n<\/table>\n<p>Die beiden <strong>Autof\u00e4hrrouten<\/strong> zur Insel sind folgende:<\/p>\n<ul>\n<li>Route 433: Zadar (Ga\u017eenica) &#8211; Rivanj &#8211; Sestrunj &#8211; Zverinac &#8211; Molat &#8211; Ist<\/li>\n<li>Route 403: Zadar (Ga\u017eenica) &#8211; Ist &#8211; Olib &#8211; Silba &#8211; Premuda &#8211; Mali Lo\u0161inj<\/li>\n<\/ul>\n<p>Die <strong>Route 433<\/strong> segelt zur Insel Ist w\u00e4hrend der Sommersaison, in dieser Zeit gibt es<strong> zwei w\u00f6chentliche<\/strong> Abfahrten von und zur Insel, die Segelzeit auf dieser Route betr\u00e4gt ca. 4 Stunden.<\/p>\n<p>Die <strong>Route 403<\/strong> f\u00fchrt das ganze Jahr \u00fcber nach Ist. Jede Woche gibt es<strong> 4 bis 5 Abfahrten in jede Richtung<\/strong>. Die Segelzeit auf dieser Route betr\u00e4gt 2 Stunden und 30 Minuten.<\/p>\n<p>Hier sehen Sie den Fahrplan f\u00fcr die Autof\u00e4hre von und nach Ist.<\/p>\n<table width=\"747\">\n<tbody>\n<tr>\n<td style=\"text-align: center;\"><a href=\"https:\/\/www.ferrycroatia.com\/de\/ist-olib\/\">Ist &#8211; Olib<\/a><\/td>\n<td style=\"text-align: center;\"><a href=\"https:\/\/www.ferrycroatia.com\/de\/ist-silba\/\">Ist &#8211; Silba<\/a><\/td>\n<td style=\"text-align: center;\"><a href=\"https:\/\/www.ferrycroatia.com\/de\/ist-premuda\/\">Ist &#8211; Premuda<\/a><\/td>\n<td style=\"text-align: center;\"><a href=\"https:\/\/www.ferrycroatia.com\/de\/ist-mali-losinj\/\">Ist &#8211; Mali Losinj<\/a><\/td>\n<\/tr>\n<tr>\n<td style=\"text-align: center;\"><a href=\"https:\/\/www.ferrycroatia.com\/de\/olib-ist\/\">Olib &#8211; Ist<\/a><\/td>\n<td style=\"text-align: center;\"><a href=\"https:\/\/www.ferrycroatia.com\/de\/silba-ist\/\">Silba &#8211; Ist<\/a><\/td>\n<td style=\"text-align: center;\"><a href=\"https:\/\/www.ferrycroatia.com\/de\/premuda-ist\/\">Premuda &#8211; Ist<\/a><\/td>\n<td style=\"text-align: center;\"><a href=\"https:\/\/www.ferrycroatia.com\/de\/mali-losinj-ist\/\">Mali Losinj &#8211; Ist<\/a><\/td>\n<\/tr>\n<\/tbody>\n<\/table>\n<h2><b>Preis der F\u00e4hre Zadar &#8211; Ist<\/b><\/h2>\n<p>Eine einfache Fahrt mit der F\u00e4hre oder dem <strong>Katamaran von Zadar nach Ist,<\/strong> ist ziemlich g\u00fcnstig. Ein Erwachsenenticket mit dem Katamaran kostet 40 Kuna in der Hauptsommersaison, 30 Kuna in der Nebensommersaison und 20 Kuna im Winter, die Autof\u00e4hre kostet 30 Kuna im Sommer und 25 Kuna im Winter. Ein <strong>Auto von Zadar nach Ist zu bringen kostet ab 170 Kuna<\/strong> in eine Richtung.<\/p>\n","protected":false},"excerpt":{"rendered":"<p>Obwohl die Insel Ist eine Insel mit weniger als 10 km2 ist und weniger als 200 Einwohner hat, verf\u00fcgt die Insel \u00fcber 3 F\u00e4hrverbindungen zum Festland und zu anderen Inseln in der N\u00e4he. Die Insel, die ein bisschen wie ein Schmetterling aussieht, hat nur eine Siedlung, n\u00e4mlich die Stadt Ist im Zentrum der Insel, mit [&hellip;]<\/p>\n<p><a class=\"more-link\" href=\"https:\/\/www.ferrycroatia.com\/de\/insel-ist\/\"> Continue reading&#8230;<\/a><\/p>\n","protected":false},"author":5,"featured_media":0,"parent":0,"menu_order":0,"comment_status":"closed","ping_status":"closed","template":"","meta":[],"yoast_head":"<!-- This site is optimized with the Yoast SEO plugin v19.8 - https:\/\/yoast.com\/wordpress\/plugins\/seo\/ -->\n<title>Insel Ist im Zadar-Archipel, wie man dorthin kommt<\/title>\n<meta name=\"robots\" content=\"index, follow, max-snippet:-1, max-image-preview:large, max-video-preview:-1\" \/>\n<link rel=\"canonical\" href=\"https:\/\/www.ferrycroatia.com\/de\/insel-ist\/\" \/>\n<meta property=\"og:locale\" content=\"en_US\" \/>\n<meta property=\"og:type\" content=\"article\" \/>\n<meta property=\"og:title\" content=\"Insel Ist im Zadar-Archipel, wie man dorthin kommt\" \/>\n<meta property=\"og:description\" content=\"Obwohl die Insel Ist eine Insel mit weniger als 10 km2 ist und weniger als 200 Einwohner hat, verf\u00fcgt die Insel \u00fcber 3 F\u00e4hrverbindungen zum Festland und zu anderen Inseln in der N\u00e4he. Die Insel, die ein bisschen wie ein Schmetterling aussieht, hat nur eine Siedlung, n\u00e4mlich die Stadt Ist im Zentrum der Insel, mit [&hellip;] Continue reading...\" \/>\n<meta property=\"og:url\" content=\"https:\/\/www.ferrycroatia.com\/de\/insel-ist\/\" \/>\n<meta property=\"og:site_name\" content=\"F\u00e4hre Kroatien\" \/>\n<meta property=\"article:modified_time\" content=\"2021-02-08T16:08:19+00:00\" \/>\n<meta name=\"twitter:card\" content=\"summary_large_image\" \/>\n<meta name=\"twitter:label1\" content=\"Est. reading time\" \/>\n\t<meta name=\"twitter:data1\" content=\"2 minutes\" \/>\n<script type=\"application\/ld+json\" class=\"yoast-schema-graph\">{\"@context\":\"https:\/\/schema.org\",\"@graph\":[{\"@type\":\"WebPage\",\"@id\":\"https:\/\/www.ferrycroatia.com\/de\/insel-ist\/\",\"url\":\"https:\/\/www.ferrycroatia.com\/de\/insel-ist\/\",\"name\":\"Insel Ist im Zadar-Archipel, wie man dorthin kommt\",\"isPartOf\":{\"@id\":\"https:\/\/www.ferrycroatia.com\/de\/#website\"},\"datePublished\":\"2021-01-27T13:21:31+00:00\",\"dateModified\":\"2021-02-08T16:08:19+00:00\",\"breadcrumb\":{\"@id\":\"https:\/\/www.ferrycroatia.com\/de\/insel-ist\/#breadcrumb\"},\"inLanguage\":\"en-US\",\"potentialAction\":[{\"@type\":\"ReadAction\",\"target\":[\"https:\/\/www.ferrycroatia.com\/de\/insel-ist\/\"]}]},{\"@type\":\"BreadcrumbList\",\"@id\":\"https:\/\/www.ferrycroatia.com\/de\/insel-ist\/#breadcrumb\",\"itemListElement\":[{\"@type\":\"ListItem\",\"position\":1,\"name\":\"Home\",\"item\":\"https:\/\/www.ferrycroatia.com\/de\/\"},{\"@type\":\"ListItem\",\"position\":2,\"name\":\"Insel Ist\"}]},{\"@type\":\"WebSite\",\"@id\":\"https:\/\/www.ferrycroatia.com\/de\/#website\",\"url\":\"https:\/\/www.ferrycroatia.com\/de\/\",\"name\":\"F\u00e4hre Kroatien\",\"description\":\"Info und Fahrpl\u00e4ne f\u00fcr alle Katamarane und F\u00e4hren in Kroatien\",\"potentialAction\":[{\"@type\":\"SearchAction\",\"target\":{\"@type\":\"EntryPoint\",\"urlTemplate\":\"https:\/\/www.ferrycroatia.com\/de\/?s={search_term_string}\"},\"query-input\":\"required name=search_term_string\"}],\"inLanguage\":\"en-US\"}]}<\/script>\n<!-- \/ Yoast SEO plugin. -->","yoast_head_json":{"title":"Insel Ist im Zadar-Archipel, wie man dorthin kommt","robots":{"index":"index","follow":"follow","max-snippet":"max-snippet:-1","max-image-preview":"max-image-preview:large","max-video-preview":"max-video-preview:-1"},"canonical":"https:\/\/www.ferrycroatia.com\/de\/insel-ist\/","og_locale":"en_US","og_type":"article","og_title":"Insel Ist im Zadar-Archipel, wie man dorthin kommt","og_description":"Obwohl die Insel Ist eine Insel mit weniger als 10 km2 ist und weniger als 200 Einwohner hat, verf\u00fcgt die Insel \u00fcber 3 F\u00e4hrverbindungen zum Festland und zu anderen Inseln in der N\u00e4he. Die Insel, die ein bisschen wie ein Schmetterling aussieht, hat nur eine Siedlung, n\u00e4mlich die Stadt Ist im Zentrum der Insel, mit [&hellip;] Continue reading...","og_url":"https:\/\/www.ferrycroatia.com\/de\/insel-ist\/","og_site_name":"F\u00e4hre Kroatien","article_modified_time":"2021-02-08T16:08:19+00:00","twitter_card":"summary_large_image","twitter_misc":{"Est. reading time":"2 minutes"},"schema":{"@context":"https:\/\/schema.org","@graph":[{"@type":"WebPage","@id":"https:\/\/www.ferrycroatia.com\/de\/insel-ist\/","url":"https:\/\/www.ferrycroatia.com\/de\/insel-ist\/","name":"Insel Ist im Zadar-Archipel, wie man dorthin kommt","isPartOf":{"@id":"https:\/\/www.ferrycroatia.com\/de\/#website"},"datePublished":"2021-01-27T13:21:31+00:00","dateModified":"2021-02-08T16:08:19+00:00","breadcrumb":{"@id":"https:\/\/www.ferrycroatia.com\/de\/insel-ist\/#breadcrumb"},"inLanguage":"en-US","potentialAction":[{"@type":"ReadAction","target":["https:\/\/www.ferrycroatia.com\/de\/insel-ist\/"]}]},{"@type":"BreadcrumbList","@id":"https:\/\/www.ferrycroatia.com\/de\/insel-ist\/#breadcrumb","itemListElement":[{"@type":"ListItem","position":1,"name":"Home","item":"https:\/\/www.ferrycroatia.com\/de\/"},{"@type":"ListItem","position":2,"name":"Insel Ist"}]},{"@type":"WebSite","@id":"https:\/\/www.ferrycroatia.com\/de\/#website","url":"https:\/\/www.ferrycroatia.com\/de\/","name":"F\u00e4hre Kroatien","description":"Info und Fahrpl\u00e4ne f\u00fcr alle Katamarane und F\u00e4hren in Kroatien","potentialAction":[{"@type":"SearchAction","target":{"@type":"EntryPoint","urlTemplate":"https:\/\/www.ferrycroatia.com\/de\/?s={search_term_string}"},"query-input":"required name=search_term_string"}],"inLanguage":"en-US"}]}},"_links":{"self":[{"href":"https:\/\/www.ferrycroatia.com\/de\/wp-json\/wp\/v2\/pages\/694"}],"collection":[{"href":"https:\/\/www.ferrycroatia.com\/de\/wp-json\/wp\/v2\/pages"}],"about":[{"href":"https:\/\/www.ferrycroatia.com\/de\/wp-json\/wp\/v2\/types\/page"}],"author":[{"embeddable":true,"href":"https:\/\/www.ferrycroatia.com\/de\/wp-json\/wp\/v2\/users\/5"}],"replies":[{"embeddable":true,"href":"https:\/\/www.ferrycroatia.com\/de\/wp-json\/wp\/v2\/comments?post=694"}],"version-history":[{"count":3,"href":"https:\/\/www.ferrycroatia.com\/de\/wp-json\/wp\/v2\/pages\/694\/revisions"}],"predecessor-version":[{"id":1503,"href":"https:\/\/www.ferrycroatia.com\/de\/wp-json\/wp\/v2\/pages\/694\/revisions\/1503"}],"wp:attachment":[{"href":"https:\/\/www.ferrycroatia.com\/de\/wp-json\/wp\/v2\/media?parent=694"}],"curies":[{"name":"wp","href":"https:\/\/api.w.org\/{rel}","templated":true}]}}