{"id":700,"date":"2021-01-27T13:36:18","date_gmt":"2021-01-27T13:36:18","guid":{"rendered":"https:\/\/ferrycroatia.com\/de\/?page_id=700"},"modified":"2021-02-08T16:10:34","modified_gmt":"2021-02-08T16:10:34","slug":"insel-iz","status":"publish","type":"page","link":"https:\/\/www.ferrycroatia.com\/de\/insel-iz\/","title":{"rendered":"Insel Iz"},"content":{"rendered":"<p>Die <strong>Insel I\u017e ist eine kleine Insel im Zadar-Archipel<\/strong>. Sie liegt etwa 10 km Luft- und 20 km Segelentfernung von Zadar entfernt. Die Insel mit einer ganzj\u00e4hrigen Bev\u00f6lkerung von weniger als 700 Einwohnern ist ein beliebtes Ziel f\u00fcr Segelboote. Die 18 km\u00b2 gro\u00dfe Insel ist etwa 12 km lang und 1,5 km breit.<\/p>\n<p>Die <strong>Hauptsiedlung auf der Insel I\u017e ist Veli I\u017e<\/strong>, die zweitwichtigste Siedlung ist Mali I\u017e. Zus\u00e4tzlich befindet sich die folgenden kleinen Siedlungen auf der Insel: Drage bei Veli I\u017e und Mu\u0107e, Makovac, Kne\u017e, Porovac, Dolinje <strong>bei Mali I\u017e<\/strong>. Alle befinden sich an der Ostk\u00fcste der Insel <strong>in Richtung Insel Ugljan.<\/strong><\/p>\n<h2><b>Anreise zur Insel I\u017e<\/b><\/h2>\n<p>Die Insel I\u017e ist das ganze Jahr \u00fcber <strong>mit Zadar auf dem Festland verbunden<\/strong>. Au\u00dferdem besteht eine ganzj\u00e4hrige <strong>Verbindung zur Insel Rava,<\/strong> die sich westlich der Insel I\u017e befindet.<\/p>\n<p>Die Verbindung zur Insel besteht aus<strong> einer Autof\u00e4hre und einer Schnellf\u00e4hre \/ einem Katamaran<\/strong>.<\/p>\n<p>Die Autof\u00e4hre f\u00e4hrt <strong>zwischen Zadar (Ga\u017eenica) und dem <a href=\"https:\/\/www.ferrycroatia.com\/de\/fahrhafen-brsanj\/\">Hafen Br\u0161anj<\/a><\/strong>, der sich s\u00fcd\u00f6stlich der Insel I\u017e befindet. Die Autof\u00e4hre verkehrt t\u00e4glich. W\u00e4hrend der Sommersaison haben einige Wochentage zwei Abfahrten. Die <strong>Autof\u00e4hre<\/strong> hat eine Segelzeit von 1 Stunde und 15 Minuten, Fahrplan von <a href=\"https:\/\/www.ferrycroatia.com\/de\/zadar-brsanj\/\">Zadar (Ga\u017eenica) nach Br\u0161anj<\/a>.<\/p>\n<p>Der <strong>Katamaran<\/strong>, der auch das ganze Jahr \u00fcber verkehrt, f\u00e4hrt zwischen <strong>Zadar (Altstadt) und <a href=\"https:\/\/www.ferrycroatia.com\/de\/fahrhafen-mali-iz\/\">Mali I\u017e<\/a><\/strong> und f\u00e4hrt von dort weiter nach <a href=\"https:\/\/www.ferrycroatia.com\/de\/fahrhafen-veli-iz\/\">Veli I\u017e<\/a>. Nach den beiden Haltestellen auf der Insel I\u017e f\u00e4hrt der Katamaran weiter zur Insel Rava.<\/p>\n<p><a href=\"https:\/\/www.ferrycroatia.com\/de\/zadar-mali-iz\/\">Fahrplan zwischen Zadar und Mali I\u017e<\/a><\/p>\n<p><a href=\"https:\/\/www.ferrycroatia.com\/de\/zadar-veli-iz\/\">Fahrplan zwischen Zadar und Veli I\u017e<\/a><\/p>\n<p>Die Segelzeit des Katamarans von<strong> Zadar nach Mail I\u017e betr\u00e4gt 35 Minuten<\/strong>, zwischen Zadar und Veli I\u017e betr\u00e4gt die Segelzeit 55 Minuten.<\/p>\n<h2><b>Preise der F\u00e4hre Zadar zur Insel I\u017e<\/b><\/h2>\n<p>Die Anreise zur Insel I\u017e ist ziemlich erschwinglich. Ein Einfaches Ticket f\u00fcr Erwachsene von Zadar nach Mali oder Veli I\u017e kostet in der Hauptsaison 40 Kuna, in der Nebensaison 30 Kuna und in der Wintersaison 20 Kuna.<\/p>\n<p>Ein Einfaches Ticket mit der Autof\u00e4hre von Zadar nach Br\u0161anj kostet in der Sommersaison 24 Kuna und in der Wintersaison 20 Kuna. Der Transport eines regul\u00e4ren Fahrzeugs kostet 130 Kuna in eine Richtung. Die Preise f\u00fcr andere Fahrzeugtypen finden Sie hier:<\/p>\n<p><a class=\"lightbox\" href=\"http:\/\/www.ferrycroatia.com\/en\/wp-content\/uploads\/2020\/04\/Zadar-Brsanj-Price.jpg\"><img decoding=\"async\" loading=\"lazy\" class=\"alignnone size-full wp-image-3458\" data-src=\"http:\/\/www.ferrycroatia.com\/en\/wp-content\/uploads\/2020\/04\/Zadar-Brsanj-Price.jpg\" alt=\"Ferry Island Iz Price\" width=\"762\" height=\"1080\" \/><\/a><\/p>\n","protected":false},"excerpt":{"rendered":"<p>Die Insel I\u017e ist eine kleine Insel im Zadar-Archipel. Sie liegt etwa 10 km Luft- und 20 km Segelentfernung von Zadar entfernt. Die Insel mit einer ganzj\u00e4hrigen Bev\u00f6lkerung von weniger als 700 Einwohnern ist ein beliebtes Ziel f\u00fcr Segelboote. Die 18 km\u00b2 gro\u00dfe Insel ist etwa 12 km lang und 1,5 km breit. Die Hauptsiedlung [&hellip;]<\/p>\n<p><a class=\"more-link\" href=\"https:\/\/www.ferrycroatia.com\/de\/insel-iz\/\"> Continue reading&#8230;<\/a><\/p>\n","protected":false},"author":5,"featured_media":0,"parent":0,"menu_order":0,"comment_status":"closed","ping_status":"closed","template":"","meta":[],"yoast_head":"<!-- This site is optimized with the Yoast SEO plugin v19.8 - https:\/\/yoast.com\/wordpress\/plugins\/seo\/ -->\n<title>Insel Iz im Zadar-Archipel, wie man dorthin kommt<\/title>\n<meta name=\"robots\" content=\"index, follow, max-snippet:-1, max-image-preview:large, max-video-preview:-1\" \/>\n<link rel=\"canonical\" href=\"https:\/\/www.ferrycroatia.com\/de\/insel-iz\/\" \/>\n<meta property=\"og:locale\" content=\"en_US\" \/>\n<meta property=\"og:type\" content=\"article\" \/>\n<meta property=\"og:title\" content=\"Insel Iz im Zadar-Archipel, wie man dorthin kommt\" \/>\n<meta property=\"og:description\" content=\"Die Insel I\u017e ist eine kleine Insel im Zadar-Archipel. Sie liegt etwa 10 km Luft- und 20 km Segelentfernung von Zadar entfernt. Die Insel mit einer ganzj\u00e4hrigen Bev\u00f6lkerung von weniger als 700 Einwohnern ist ein beliebtes Ziel f\u00fcr Segelboote. Die 18 km\u00b2 gro\u00dfe Insel ist etwa 12 km lang und 1,5 km breit. Die Hauptsiedlung [&hellip;] Continue reading...\" \/>\n<meta property=\"og:url\" content=\"https:\/\/www.ferrycroatia.com\/de\/insel-iz\/\" \/>\n<meta property=\"og:site_name\" content=\"F\u00e4hre Kroatien\" \/>\n<meta property=\"article:modified_time\" content=\"2021-02-08T16:10:34+00:00\" \/>\n<meta property=\"og:image\" content=\"http:\/\/www.ferrycroatia.com\/en\/wp-content\/uploads\/2020\/04\/Zadar-Brsanj-Price.jpg\" \/>\n<meta name=\"twitter:card\" content=\"summary_large_image\" \/>\n<meta name=\"twitter:label1\" content=\"Est. reading time\" \/>\n\t<meta name=\"twitter:data1\" content=\"2 minutes\" \/>\n<script type=\"application\/ld+json\" class=\"yoast-schema-graph\">{\"@context\":\"https:\/\/schema.org\",\"@graph\":[{\"@type\":\"WebPage\",\"@id\":\"https:\/\/www.ferrycroatia.com\/de\/insel-iz\/\",\"url\":\"https:\/\/www.ferrycroatia.com\/de\/insel-iz\/\",\"name\":\"Insel Iz im Zadar-Archipel, wie man dorthin kommt\",\"isPartOf\":{\"@id\":\"https:\/\/www.ferrycroatia.com\/de\/#website\"},\"datePublished\":\"2021-01-27T13:36:18+00:00\",\"dateModified\":\"2021-02-08T16:10:34+00:00\",\"breadcrumb\":{\"@id\":\"https:\/\/www.ferrycroatia.com\/de\/insel-iz\/#breadcrumb\"},\"inLanguage\":\"en-US\",\"potentialAction\":[{\"@type\":\"ReadAction\",\"target\":[\"https:\/\/www.ferrycroatia.com\/de\/insel-iz\/\"]}]},{\"@type\":\"BreadcrumbList\",\"@id\":\"https:\/\/www.ferrycroatia.com\/de\/insel-iz\/#breadcrumb\",\"itemListElement\":[{\"@type\":\"ListItem\",\"position\":1,\"name\":\"Home\",\"item\":\"https:\/\/www.ferrycroatia.com\/de\/\"},{\"@type\":\"ListItem\",\"position\":2,\"name\":\"Insel Iz\"}]},{\"@type\":\"WebSite\",\"@id\":\"https:\/\/www.ferrycroatia.com\/de\/#website\",\"url\":\"https:\/\/www.ferrycroatia.com\/de\/\",\"name\":\"F\u00e4hre Kroatien\",\"description\":\"Info und Fahrpl\u00e4ne f\u00fcr alle Katamarane und F\u00e4hren in Kroatien\",\"potentialAction\":[{\"@type\":\"SearchAction\",\"target\":{\"@type\":\"EntryPoint\",\"urlTemplate\":\"https:\/\/www.ferrycroatia.com\/de\/?s={search_term_string}\"},\"query-input\":\"required name=search_term_string\"}],\"inLanguage\":\"en-US\"}]}<\/script>\n<!-- \/ Yoast SEO plugin. -->","yoast_head_json":{"title":"Insel Iz im Zadar-Archipel, wie man dorthin kommt","robots":{"index":"index","follow":"follow","max-snippet":"max-snippet:-1","max-image-preview":"max-image-preview:large","max-video-preview":"max-video-preview:-1"},"canonical":"https:\/\/www.ferrycroatia.com\/de\/insel-iz\/","og_locale":"en_US","og_type":"article","og_title":"Insel Iz im Zadar-Archipel, wie man dorthin kommt","og_description":"Die Insel I\u017e ist eine kleine Insel im Zadar-Archipel. Sie liegt etwa 10 km Luft- und 20 km Segelentfernung von Zadar entfernt. Die Insel mit einer ganzj\u00e4hrigen Bev\u00f6lkerung von weniger als 700 Einwohnern ist ein beliebtes Ziel f\u00fcr Segelboote. Die 18 km\u00b2 gro\u00dfe Insel ist etwa 12 km lang und 1,5 km breit. Die Hauptsiedlung [&hellip;] Continue reading...","og_url":"https:\/\/www.ferrycroatia.com\/de\/insel-iz\/","og_site_name":"F\u00e4hre Kroatien","article_modified_time":"2021-02-08T16:10:34+00:00","og_image":[{"url":"http:\/\/www.ferrycroatia.com\/en\/wp-content\/uploads\/2020\/04\/Zadar-Brsanj-Price.jpg"}],"twitter_card":"summary_large_image","twitter_misc":{"Est. reading time":"2 minutes"},"schema":{"@context":"https:\/\/schema.org","@graph":[{"@type":"WebPage","@id":"https:\/\/www.ferrycroatia.com\/de\/insel-iz\/","url":"https:\/\/www.ferrycroatia.com\/de\/insel-iz\/","name":"Insel Iz im Zadar-Archipel, wie man dorthin kommt","isPartOf":{"@id":"https:\/\/www.ferrycroatia.com\/de\/#website"},"datePublished":"2021-01-27T13:36:18+00:00","dateModified":"2021-02-08T16:10:34+00:00","breadcrumb":{"@id":"https:\/\/www.ferrycroatia.com\/de\/insel-iz\/#breadcrumb"},"inLanguage":"en-US","potentialAction":[{"@type":"ReadAction","target":["https:\/\/www.ferrycroatia.com\/de\/insel-iz\/"]}]},{"@type":"BreadcrumbList","@id":"https:\/\/www.ferrycroatia.com\/de\/insel-iz\/#breadcrumb","itemListElement":[{"@type":"ListItem","position":1,"name":"Home","item":"https:\/\/www.ferrycroatia.com\/de\/"},{"@type":"ListItem","position":2,"name":"Insel Iz"}]},{"@type":"WebSite","@id":"https:\/\/www.ferrycroatia.com\/de\/#website","url":"https:\/\/www.ferrycroatia.com\/de\/","name":"F\u00e4hre Kroatien","description":"Info und Fahrpl\u00e4ne f\u00fcr alle Katamarane und F\u00e4hren in Kroatien","potentialAction":[{"@type":"SearchAction","target":{"@type":"EntryPoint","urlTemplate":"https:\/\/www.ferrycroatia.com\/de\/?s={search_term_string}"},"query-input":"required name=search_term_string"}],"inLanguage":"en-US"}]}},"_links":{"self":[{"href":"https:\/\/www.ferrycroatia.com\/de\/wp-json\/wp\/v2\/pages\/700"}],"collection":[{"href":"https:\/\/www.ferrycroatia.com\/de\/wp-json\/wp\/v2\/pages"}],"about":[{"href":"https:\/\/www.ferrycroatia.com\/de\/wp-json\/wp\/v2\/types\/page"}],"author":[{"embeddable":true,"href":"https:\/\/www.ferrycroatia.com\/de\/wp-json\/wp\/v2\/users\/5"}],"replies":[{"embeddable":true,"href":"https:\/\/www.ferrycroatia.com\/de\/wp-json\/wp\/v2\/comments?post=700"}],"version-history":[{"count":2,"href":"https:\/\/www.ferrycroatia.com\/de\/wp-json\/wp\/v2\/pages\/700\/revisions"}],"predecessor-version":[{"id":1504,"href":"https:\/\/www.ferrycroatia.com\/de\/wp-json\/wp\/v2\/pages\/700\/revisions\/1504"}],"wp:attachment":[{"href":"https:\/\/www.ferrycroatia.com\/de\/wp-json\/wp\/v2\/media?parent=700"}],"curies":[{"name":"wp","href":"https:\/\/api.w.org\/{rel}","templated":true}]}}