{"id":722,"date":"2021-01-28T14:07:00","date_gmt":"2021-01-28T14:07:00","guid":{"rendered":"https:\/\/ferrycroatia.com\/de\/?page_id=722"},"modified":"2021-07-08T12:21:55","modified_gmt":"2021-07-08T10:21:55","slug":"bura-line","status":"publish","type":"page","link":"https:\/\/www.ferrycroatia.com\/de\/bura-line\/","title":{"rendered":"Bura Line"},"content":{"rendered":"\n<p><strong>Bura Line ist ein kleines Familienunternehmen<\/strong>, das 2004 gegr\u00fcndet wurde und seinen Sitz in Slatine auf der Insel Ciovo hat.<\/p>\n\n\n\n<p>Die Hauptdienstleistung des Unternehmens ist die Bootslinie <strong>Split &#8211; Slatine &#8211; Trogir<\/strong> (und umgekehrt), welche Split mit dem <a href=\"https:\/\/www.ferrycroatia.com\/de\/fahrhafen-slatine-ciovo\/\">Hafen von Slatine<\/a> im \u00f6stlichen Teil von der Insel Ciovo und Trogir verbindet. Dar\u00fcber hinaus bietet das <strong>Unternehmen Bootsausfl\u00fcge und Touren<\/strong> rund um Split an. Obwohl Split und Trogir durch andere Transportmittel gut verbunden sind, k\u00f6nnen Sie mit der <strong>Bootslinie 616<\/strong> einen sch\u00f6nen Panoramablick auf die Bucht von Kastela und Split genie\u00dfen, wenn Sie am <a href=\"https:\/\/www.ferrycroatia.com\/de\/fahrhafen-split\/\">Hafen von Split<\/a> ankommen.<\/p>\n\n\n\n<p>Das Unternehmen verf\u00fcgt \u00fcber<strong> vier Boote und ein Schnellboot<\/strong>, die alle an den seitlich angebrachten <em>BURA LINE<\/em>-Schildern erkennbar sind. Die Boote k\u00f6nnen<strong> zwischen 50 und 140 Passagiere<\/strong> aufnehmen.<\/p>\n\n\n\n<h2><b>H\u00e4ufig gestellte Fragen zu Bura Line<\/b><\/h2>\n\n\n\n<div class=\"schema-faq wp-block-yoast-faq-block\"><div class=\"schema-faq-section\" id=\"faq-question-1625739739849\"><strong class=\"schema-faq-question\"><strong>Wo befindet sich der Ankunfts- \/ Abfahrtsort?<\/strong><\/strong> <p class=\"schema-faq-answer\">In Split erreichen Boote der Bura Line den ersten Pier des Split-F\u00e4hrhafens in Gat Svetog Nikole. Die Adresse lautet Obala Lazareta 1. In Trogir kommen Boote direkt neben der Ciovo-Br\u00fccke auf der Seite der Ciovo-Insel an.<\/p> <\/div> <div class=\"schema-faq-section\" id=\"faq-question-1625739749351\"><strong class=\"schema-faq-question\"><strong>Wo kann ich Tickets f\u00fcr Routen der Bura Line kaufen?<\/strong><\/strong> <p class=\"schema-faq-answer\">Tickets k\u00f6nnen an Bord und an Verkaufsstellen an den Dockingpunkten Trogir, Split und Slatine gekauft werden. Stellen Sie sicher, dass Sie p\u00fcnktlich zum Abfahrtsort kommen, insbesondere im Sommer, wenn eine erhebliche Anzahl von Personen an Bord der Boote sein kann. Wir empfehlen au\u00dferdem, bei der Bezahlung des Tickets den genauen Geldbetrag zu geben.<\/p> <\/div> <div class=\"schema-faq-section\" id=\"faq-question-1625739756624\"><strong class=\"schema-faq-question\"><strong>Wie viel Gep\u00e4ck kann ich an Bord bringen?<\/strong><\/strong> <p class=\"schema-faq-answer\">Bura Line stellt leider nicht genaue Informationen \u00fcber die Menge an Gep\u00e4ck, die Sie mitbringen k\u00f6nnen zur Verf\u00fcgung, aber Sie k\u00f6nnen auf jeden Fall normal gro\u00dfe Taschen und Koffer an Bord bringen. Au\u00dferdem ist das Gep\u00e4ck kostenlos.<\/p> <\/div> <div class=\"schema-faq-section\" id=\"faq-question-1625739765519\"><strong class=\"schema-faq-question\"><strong>Kann ich mein Haustier an Bord bringen?<\/strong><\/strong> <p class=\"schema-faq-answer\">Ja, Sie k\u00f6nnen Ihr Haustier an Bord bringen. Aus Sicherheitsgr\u00fcnden empfehlen wir jedoch, eine E-Mail an Bura Line zu senden.<\/p> <\/div> <div class=\"schema-faq-section\" id=\"faq-question-1625739774464\"><strong class=\"schema-faq-question\"><strong>Kann ich mein Fahrrad an Bord bringen?<\/strong><\/strong> <p class=\"schema-faq-answer\">Genau wie bei Haustieren sind Fahrr\u00e4der an Bord erlaubt. Angesichts der Tatsache, dass die Flotte von Bura Line mittelgro\u00dfe und kleine Passagiere umfasst, empfehlen wir, sich bez\u00fcglich dieser Frage direkt an das Unternehmen zu wenden.<\/p> <\/div> <\/div>\n","protected":false},"excerpt":{"rendered":"<p>Bura Line ist ein kleines Familienunternehmen, das 2004 gegr\u00fcndet wurde und seinen Sitz in Slatine auf der Insel Ciovo hat. Die Hauptdienstleistung des Unternehmens ist die Bootslinie Split &#8211; Slatine &#8211; Trogir (und umgekehrt), welche Split mit dem Hafen von Slatine im \u00f6stlichen Teil von der Insel Ciovo und Trogir verbindet. Dar\u00fcber hinaus bietet das [&hellip;]<\/p>\n<p><a class=\"more-link\" href=\"https:\/\/www.ferrycroatia.com\/de\/bura-line\/\"> Continue reading&#8230;<\/a><\/p>\n","protected":false},"author":5,"featured_media":0,"parent":0,"menu_order":0,"comment_status":"closed","ping_status":"closed","template":"","meta":[],"yoast_head":"<!-- This site is optimized with the Yoast SEO plugin v19.8 - https:\/\/yoast.com\/wordpress\/plugins\/seo\/ -->\n<title>Bura Line - F\u00e4hrunternehmen Infos, Fahrplan und Preise<\/title>\n<meta name=\"description\" content=\"Bura Line ist eine lokale Bootsfirma mit Sitz in Slatine. Informieren Sie sich \u00fcber das Unternehmen und wie Sie Tickets f\u00fcr die Bootslinie Split - Slatine kaufen k\u00f6nnen.\" \/>\n<meta name=\"robots\" content=\"index, follow, max-snippet:-1, max-image-preview:large, max-video-preview:-1\" \/>\n<link rel=\"canonical\" href=\"https:\/\/www.ferrycroatia.com\/de\/bura-line\/\" \/>\n<meta property=\"og:locale\" content=\"en_US\" \/>\n<meta property=\"og:type\" content=\"article\" \/>\n<meta property=\"og:title\" content=\"Bura Line - F\u00e4hrunternehmen Infos, Fahrplan und Preise\" \/>\n<meta property=\"og:description\" content=\"Bura Line ist eine lokale Bootsfirma mit Sitz in Slatine. Informieren Sie sich \u00fcber das Unternehmen und wie Sie Tickets f\u00fcr die Bootslinie Split - Slatine kaufen k\u00f6nnen.\" \/>\n<meta property=\"og:url\" content=\"https:\/\/www.ferrycroatia.com\/de\/bura-line\/\" \/>\n<meta property=\"og:site_name\" content=\"F\u00e4hre Kroatien\" \/>\n<meta property=\"article:modified_time\" content=\"2021-07-08T10:21:55+00:00\" \/>\n<meta name=\"twitter:card\" content=\"summary_large_image\" \/>\n<meta name=\"twitter:label1\" content=\"Est. reading time\" \/>\n\t<meta name=\"twitter:data1\" content=\"2 minutes\" \/>\n<script type=\"application\/ld+json\" class=\"yoast-schema-graph\">{\"@context\":\"https:\/\/schema.org\",\"@graph\":[{\"@type\":[\"WebPage\",\"FAQPage\"],\"@id\":\"https:\/\/www.ferrycroatia.com\/de\/bura-line\/\",\"url\":\"https:\/\/www.ferrycroatia.com\/de\/bura-line\/\",\"name\":\"Bura Line - F\u00e4hrunternehmen Infos, Fahrplan und Preise\",\"isPartOf\":{\"@id\":\"https:\/\/www.ferrycroatia.com\/de\/#website\"},\"datePublished\":\"2021-01-28T14:07:00+00:00\",\"dateModified\":\"2021-07-08T10:21:55+00:00\",\"description\":\"Bura Line ist eine lokale Bootsfirma mit Sitz in Slatine. Informieren Sie sich \u00fcber das Unternehmen und wie Sie Tickets f\u00fcr die Bootslinie Split - Slatine kaufen k\u00f6nnen.\",\"breadcrumb\":{\"@id\":\"https:\/\/www.ferrycroatia.com\/de\/bura-line\/#breadcrumb\"},\"mainEntity\":[{\"@id\":\"https:\/\/www.ferrycroatia.com\/de\/bura-line\/#faq-question-1625739739849\"},{\"@id\":\"https:\/\/www.ferrycroatia.com\/de\/bura-line\/#faq-question-1625739749351\"},{\"@id\":\"https:\/\/www.ferrycroatia.com\/de\/bura-line\/#faq-question-1625739756624\"},{\"@id\":\"https:\/\/www.ferrycroatia.com\/de\/bura-line\/#faq-question-1625739765519\"},{\"@id\":\"https:\/\/www.ferrycroatia.com\/de\/bura-line\/#faq-question-1625739774464\"}],\"inLanguage\":\"en-US\",\"potentialAction\":[{\"@type\":\"ReadAction\",\"target\":[\"https:\/\/www.ferrycroatia.com\/de\/bura-line\/\"]}]},{\"@type\":\"BreadcrumbList\",\"@id\":\"https:\/\/www.ferrycroatia.com\/de\/bura-line\/#breadcrumb\",\"itemListElement\":[{\"@type\":\"ListItem\",\"position\":1,\"name\":\"Home\",\"item\":\"https:\/\/www.ferrycroatia.com\/de\/\"},{\"@type\":\"ListItem\",\"position\":2,\"name\":\"Bura Line\"}]},{\"@type\":\"WebSite\",\"@id\":\"https:\/\/www.ferrycroatia.com\/de\/#website\",\"url\":\"https:\/\/www.ferrycroatia.com\/de\/\",\"name\":\"F\u00e4hre Kroatien\",\"description\":\"Info und Fahrpl\u00e4ne f\u00fcr alle Katamarane und F\u00e4hren in Kroatien\",\"potentialAction\":[{\"@type\":\"SearchAction\",\"target\":{\"@type\":\"EntryPoint\",\"urlTemplate\":\"https:\/\/www.ferrycroatia.com\/de\/?s={search_term_string}\"},\"query-input\":\"required name=search_term_string\"}],\"inLanguage\":\"en-US\"},{\"@type\":\"Question\",\"@id\":\"https:\/\/www.ferrycroatia.com\/de\/bura-line\/#faq-question-1625739739849\",\"position\":1,\"url\":\"https:\/\/www.ferrycroatia.com\/de\/bura-line\/#faq-question-1625739739849\",\"name\":\"Wo befindet sich der Ankunfts- \/ Abfahrtsort?\",\"answerCount\":1,\"acceptedAnswer\":{\"@type\":\"Answer\",\"text\":\"In Split erreichen Boote der Bura Line den ersten Pier des Split-F\u00e4hrhafens in Gat Svetog Nikole. Die Adresse lautet Obala Lazareta 1. In Trogir kommen Boote direkt neben der Ciovo-Br\u00fccke auf der Seite der Ciovo-Insel an.\",\"inLanguage\":\"en-US\"},\"inLanguage\":\"en-US\"},{\"@type\":\"Question\",\"@id\":\"https:\/\/www.ferrycroatia.com\/de\/bura-line\/#faq-question-1625739749351\",\"position\":2,\"url\":\"https:\/\/www.ferrycroatia.com\/de\/bura-line\/#faq-question-1625739749351\",\"name\":\"Wo kann ich Tickets f\u00fcr Routen der Bura Line kaufen?\",\"answerCount\":1,\"acceptedAnswer\":{\"@type\":\"Answer\",\"text\":\"Tickets k\u00f6nnen an Bord und an Verkaufsstellen an den Dockingpunkten Trogir, Split und Slatine gekauft werden. Stellen Sie sicher, dass Sie p\u00fcnktlich zum Abfahrtsort kommen, insbesondere im Sommer, wenn eine erhebliche Anzahl von Personen an Bord der Boote sein kann. Wir empfehlen au\u00dferdem, bei der Bezahlung des Tickets den genauen Geldbetrag zu geben.\",\"inLanguage\":\"en-US\"},\"inLanguage\":\"en-US\"},{\"@type\":\"Question\",\"@id\":\"https:\/\/www.ferrycroatia.com\/de\/bura-line\/#faq-question-1625739756624\",\"position\":3,\"url\":\"https:\/\/www.ferrycroatia.com\/de\/bura-line\/#faq-question-1625739756624\",\"name\":\"Wie viel Gep\u00e4ck kann ich an Bord bringen?\",\"answerCount\":1,\"acceptedAnswer\":{\"@type\":\"Answer\",\"text\":\"Bura Line stellt leider nicht genaue Informationen \u00fcber die Menge an Gep\u00e4ck, die Sie mitbringen k\u00f6nnen zur Verf\u00fcgung, aber Sie k\u00f6nnen auf jeden Fall normal gro\u00dfe Taschen und Koffer an Bord bringen. Au\u00dferdem ist das Gep\u00e4ck kostenlos.\",\"inLanguage\":\"en-US\"},\"inLanguage\":\"en-US\"},{\"@type\":\"Question\",\"@id\":\"https:\/\/www.ferrycroatia.com\/de\/bura-line\/#faq-question-1625739765519\",\"position\":4,\"url\":\"https:\/\/www.ferrycroatia.com\/de\/bura-line\/#faq-question-1625739765519\",\"name\":\"Kann ich mein Haustier an Bord bringen?\",\"answerCount\":1,\"acceptedAnswer\":{\"@type\":\"Answer\",\"text\":\"Ja, Sie k\u00f6nnen Ihr Haustier an Bord bringen. Aus Sicherheitsgr\u00fcnden empfehlen wir jedoch, eine E-Mail an Bura Line zu senden.\",\"inLanguage\":\"en-US\"},\"inLanguage\":\"en-US\"},{\"@type\":\"Question\",\"@id\":\"https:\/\/www.ferrycroatia.com\/de\/bura-line\/#faq-question-1625739774464\",\"position\":5,\"url\":\"https:\/\/www.ferrycroatia.com\/de\/bura-line\/#faq-question-1625739774464\",\"name\":\"Kann ich mein Fahrrad an Bord bringen?\",\"answerCount\":1,\"acceptedAnswer\":{\"@type\":\"Answer\",\"text\":\"Genau wie bei Haustieren sind Fahrr\u00e4der an Bord erlaubt. Angesichts der Tatsache, dass die Flotte von Bura Line mittelgro\u00dfe und kleine Passagiere umfasst, empfehlen wir, sich bez\u00fcglich dieser Frage direkt an das Unternehmen zu wenden.\",\"inLanguage\":\"en-US\"},\"inLanguage\":\"en-US\"}]}<\/script>\n<!-- \/ Yoast SEO plugin. -->","yoast_head_json":{"title":"Bura Line - F\u00e4hrunternehmen Infos, Fahrplan und Preise","description":"Bura Line ist eine lokale Bootsfirma mit Sitz in Slatine. Informieren Sie sich \u00fcber das Unternehmen und wie Sie Tickets f\u00fcr die Bootslinie Split - Slatine kaufen k\u00f6nnen.","robots":{"index":"index","follow":"follow","max-snippet":"max-snippet:-1","max-image-preview":"max-image-preview:large","max-video-preview":"max-video-preview:-1"},"canonical":"https:\/\/www.ferrycroatia.com\/de\/bura-line\/","og_locale":"en_US","og_type":"article","og_title":"Bura Line - F\u00e4hrunternehmen Infos, Fahrplan und Preise","og_description":"Bura Line ist eine lokale Bootsfirma mit Sitz in Slatine. Informieren Sie sich \u00fcber das Unternehmen und wie Sie Tickets f\u00fcr die Bootslinie Split - Slatine kaufen k\u00f6nnen.","og_url":"https:\/\/www.ferrycroatia.com\/de\/bura-line\/","og_site_name":"F\u00e4hre Kroatien","article_modified_time":"2021-07-08T10:21:55+00:00","twitter_card":"summary_large_image","twitter_misc":{"Est. reading time":"2 minutes"},"schema":{"@context":"https:\/\/schema.org","@graph":[{"@type":["WebPage","FAQPage"],"@id":"https:\/\/www.ferrycroatia.com\/de\/bura-line\/","url":"https:\/\/www.ferrycroatia.com\/de\/bura-line\/","name":"Bura Line - F\u00e4hrunternehmen Infos, Fahrplan und Preise","isPartOf":{"@id":"https:\/\/www.ferrycroatia.com\/de\/#website"},"datePublished":"2021-01-28T14:07:00+00:00","dateModified":"2021-07-08T10:21:55+00:00","description":"Bura Line ist eine lokale Bootsfirma mit Sitz in Slatine. Informieren Sie sich \u00fcber das Unternehmen und wie Sie Tickets f\u00fcr die Bootslinie Split - Slatine kaufen k\u00f6nnen.","breadcrumb":{"@id":"https:\/\/www.ferrycroatia.com\/de\/bura-line\/#breadcrumb"},"mainEntity":[{"@id":"https:\/\/www.ferrycroatia.com\/de\/bura-line\/#faq-question-1625739739849"},{"@id":"https:\/\/www.ferrycroatia.com\/de\/bura-line\/#faq-question-1625739749351"},{"@id":"https:\/\/www.ferrycroatia.com\/de\/bura-line\/#faq-question-1625739756624"},{"@id":"https:\/\/www.ferrycroatia.com\/de\/bura-line\/#faq-question-1625739765519"},{"@id":"https:\/\/www.ferrycroatia.com\/de\/bura-line\/#faq-question-1625739774464"}],"inLanguage":"en-US","potentialAction":[{"@type":"ReadAction","target":["https:\/\/www.ferrycroatia.com\/de\/bura-line\/"]}]},{"@type":"BreadcrumbList","@id":"https:\/\/www.ferrycroatia.com\/de\/bura-line\/#breadcrumb","itemListElement":[{"@type":"ListItem","position":1,"name":"Home","item":"https:\/\/www.ferrycroatia.com\/de\/"},{"@type":"ListItem","position":2,"name":"Bura Line"}]},{"@type":"WebSite","@id":"https:\/\/www.ferrycroatia.com\/de\/#website","url":"https:\/\/www.ferrycroatia.com\/de\/","name":"F\u00e4hre Kroatien","description":"Info und Fahrpl\u00e4ne f\u00fcr alle Katamarane und F\u00e4hren in Kroatien","potentialAction":[{"@type":"SearchAction","target":{"@type":"EntryPoint","urlTemplate":"https:\/\/www.ferrycroatia.com\/de\/?s={search_term_string}"},"query-input":"required name=search_term_string"}],"inLanguage":"en-US"},{"@type":"Question","@id":"https:\/\/www.ferrycroatia.com\/de\/bura-line\/#faq-question-1625739739849","position":1,"url":"https:\/\/www.ferrycroatia.com\/de\/bura-line\/#faq-question-1625739739849","name":"Wo befindet sich der Ankunfts- \/ Abfahrtsort?","answerCount":1,"acceptedAnswer":{"@type":"Answer","text":"In Split erreichen Boote der Bura Line den ersten Pier des Split-F\u00e4hrhafens in Gat Svetog Nikole. Die Adresse lautet Obala Lazareta 1. In Trogir kommen Boote direkt neben der Ciovo-Br\u00fccke auf der Seite der Ciovo-Insel an.","inLanguage":"en-US"},"inLanguage":"en-US"},{"@type":"Question","@id":"https:\/\/www.ferrycroatia.com\/de\/bura-line\/#faq-question-1625739749351","position":2,"url":"https:\/\/www.ferrycroatia.com\/de\/bura-line\/#faq-question-1625739749351","name":"Wo kann ich Tickets f\u00fcr Routen der Bura Line kaufen?","answerCount":1,"acceptedAnswer":{"@type":"Answer","text":"Tickets k\u00f6nnen an Bord und an Verkaufsstellen an den Dockingpunkten Trogir, Split und Slatine gekauft werden. Stellen Sie sicher, dass Sie p\u00fcnktlich zum Abfahrtsort kommen, insbesondere im Sommer, wenn eine erhebliche Anzahl von Personen an Bord der Boote sein kann. Wir empfehlen au\u00dferdem, bei der Bezahlung des Tickets den genauen Geldbetrag zu geben.","inLanguage":"en-US"},"inLanguage":"en-US"},{"@type":"Question","@id":"https:\/\/www.ferrycroatia.com\/de\/bura-line\/#faq-question-1625739756624","position":3,"url":"https:\/\/www.ferrycroatia.com\/de\/bura-line\/#faq-question-1625739756624","name":"Wie viel Gep\u00e4ck kann ich an Bord bringen?","answerCount":1,"acceptedAnswer":{"@type":"Answer","text":"Bura Line stellt leider nicht genaue Informationen \u00fcber die Menge an Gep\u00e4ck, die Sie mitbringen k\u00f6nnen zur Verf\u00fcgung, aber Sie k\u00f6nnen auf jeden Fall normal gro\u00dfe Taschen und Koffer an Bord bringen. Au\u00dferdem ist das Gep\u00e4ck kostenlos.","inLanguage":"en-US"},"inLanguage":"en-US"},{"@type":"Question","@id":"https:\/\/www.ferrycroatia.com\/de\/bura-line\/#faq-question-1625739765519","position":4,"url":"https:\/\/www.ferrycroatia.com\/de\/bura-line\/#faq-question-1625739765519","name":"Kann ich mein Haustier an Bord bringen?","answerCount":1,"acceptedAnswer":{"@type":"Answer","text":"Ja, Sie k\u00f6nnen Ihr Haustier an Bord bringen. Aus Sicherheitsgr\u00fcnden empfehlen wir jedoch, eine E-Mail an Bura Line zu senden.","inLanguage":"en-US"},"inLanguage":"en-US"},{"@type":"Question","@id":"https:\/\/www.ferrycroatia.com\/de\/bura-line\/#faq-question-1625739774464","position":5,"url":"https:\/\/www.ferrycroatia.com\/de\/bura-line\/#faq-question-1625739774464","name":"Kann ich mein Fahrrad an Bord bringen?","answerCount":1,"acceptedAnswer":{"@type":"Answer","text":"Genau wie bei Haustieren sind Fahrr\u00e4der an Bord erlaubt. Angesichts der Tatsache, dass die Flotte von Bura Line mittelgro\u00dfe und kleine Passagiere umfasst, empfehlen wir, sich bez\u00fcglich dieser Frage direkt an das Unternehmen zu wenden.","inLanguage":"en-US"},"inLanguage":"en-US"}]}},"_links":{"self":[{"href":"https:\/\/www.ferrycroatia.com\/de\/wp-json\/wp\/v2\/pages\/722"}],"collection":[{"href":"https:\/\/www.ferrycroatia.com\/de\/wp-json\/wp\/v2\/pages"}],"about":[{"href":"https:\/\/www.ferrycroatia.com\/de\/wp-json\/wp\/v2\/types\/page"}],"author":[{"embeddable":true,"href":"https:\/\/www.ferrycroatia.com\/de\/wp-json\/wp\/v2\/users\/5"}],"replies":[{"embeddable":true,"href":"https:\/\/www.ferrycroatia.com\/de\/wp-json\/wp\/v2\/comments?post=722"}],"version-history":[{"count":3,"href":"https:\/\/www.ferrycroatia.com\/de\/wp-json\/wp\/v2\/pages\/722\/revisions"}],"predecessor-version":[{"id":1964,"href":"https:\/\/www.ferrycroatia.com\/de\/wp-json\/wp\/v2\/pages\/722\/revisions\/1964"}],"wp:attachment":[{"href":"https:\/\/www.ferrycroatia.com\/de\/wp-json\/wp\/v2\/media?parent=722"}],"curies":[{"name":"wp","href":"https:\/\/api.w.org\/{rel}","templated":true}]}}