{"id":732,"date":"2021-01-28T14:37:52","date_gmt":"2021-01-28T14:37:52","guid":{"rendered":"https:\/\/ferrycroatia.com\/de\/?page_id=732"},"modified":"2022-07-21T10:43:18","modified_gmt":"2022-07-21T08:43:18","slug":"tp-line","status":"publish","type":"page","link":"https:\/\/www.ferrycroatia.com\/de\/tp-line\/","title":{"rendered":"TP Line"},"content":{"rendered":"\n<p><strong>TP Line d.o.o ist eine F\u00e4hrgesellschaft aus Zadar<\/strong>, nicht zu verwechseln mit der Firma <a href=\"https:\/\/www.ferrycroatia.com\/de\/gv-line-zadar\/\">G &amp; V Line Iadera d.o.o.<\/a>, einer F\u00e4hrgesellschaft aus Zadar. Fr\u00fcher bekannt als TP line d.o.o verf\u00fcgt \u00fcber eine Flotte von 6 Hochgeschwindigkeits-Passagierf\u00e4hren, die zwischen Split, Dubrovnik, Makarska und den Inseln <a href=\"https:\/\/www.ferrycroatia.com\/de\/insel-brac\/\">Brac<\/a>, <a href=\"https:\/\/www.ferrycroatia.com\/de\/insel-hvar\/\">Hvar<\/a>, <a href=\"https:\/\/www.ferrycroatia.com\/de\/insel-korcula\/\">Korcula<\/a>, <a href=\"https:\/\/www.ferrycroatia.com\/de\/insel-mljet\/\">Mljet<\/a> und <a href=\"https:\/\/www.ferrycroatia.com\/de\/insel-vis\/\">Vis<\/a> verkehren.<\/p>\n\n\n\n<p>Die k\u00fcrzesten und h\u00e4ufigsten Routen sind Split &#8211; Hvar und Dubrovnik &#8211; Luka \u0160ipanska &#8211; Sobra (Mljet) oder Pola\u010de (Mljet), die mindestens einmal am Tag verkehren. Abfahrten, die <strong>Dubrovnik mit Korcula und Ubli (Lastovo) verbinden<\/strong>, sind seltener. Sie k\u00f6nnen unten eine Liste der Reisekombinationen sehen oder das Suchformular oben verwenden, um die Abreise f\u00fcr ein bestimmtes Datum zu finden.<\/p>\n\n\n\n<h2><b>H\u00e4ufig gestellte Fragen zu TP line d.o.o<\/b><\/h2>\n\n\n\n<div class=\"schema-faq wp-block-yoast-faq-block\"><div class=\"schema-faq-section\" id=\"faq-question-1625739908952\"><strong class=\"schema-faq-question\"><strong>Wo kann ich Tickets f\u00fcr die Schnellf\u00e4hre der TP-Linie kaufen?<\/strong><\/strong> <p class=\"schema-faq-answer\">Tickets werden nur am Tag des Segelns vom Boot verkauft. Es gibt keine M\u00f6glichkeit, Tickets im Voraus zu reservieren oder zu kaufen.<\/p> <\/div> <div class=\"schema-faq-section\" id=\"faq-question-1625739917603\"><strong class=\"schema-faq-question\"><strong>Wie viel Gep\u00e4ck kann ich mitbringen?<\/strong><\/strong> <p class=\"schema-faq-answer\">Bis zu 20 kg Gep\u00e4ck sind f\u00fcr jeden Passagier kostenlos erlaubt.<\/p> <\/div> <div class=\"schema-faq-section\" id=\"faq-question-1625739925213\"><strong class=\"schema-faq-question\"><strong>Kann ich ein Fahrrad auf den Katamaran bringen?<\/strong><\/strong> <p class=\"schema-faq-answer\">Nein, es ist nicht m\u00f6glich, Ihr Fahrrad auf den Katamaranen der TP-Linie mitzubringen.<\/p> <\/div> <div class=\"schema-faq-section\" id=\"faq-question-1625739932986\"><strong class=\"schema-faq-question\"><strong>Kann ich mein Haustier auf den Katamaran bringen?<\/strong><\/strong> <p class=\"schema-faq-answer\">Ja, Sie k\u00f6nnen, wenn Sie die Bedingungen der TP-Line d.o.o. befolgen.<br\/><em>&#8220;Haustiere werden nur akzeptiert, wenn sie keine Bedrohung oder St\u00f6rung f\u00fcr andere Passagiere oder das Schiff darstellen. Sie sind in geschlossenen Fahrgastbereichen nicht gestattet und m\u00fcssen in geeigneten K\u00e4sten oder K\u00e4figen mitgef\u00fchrt werden. Hunde m\u00fcssen Maulk\u00f6rbe tragen (mit Ausnahme der Blindenf\u00fchrhunde), Katzen m\u00fcssen in Kisten sein, V\u00f6gel in K\u00e4figen. Sowohl f\u00fcr Katzen als auch f\u00fcr Hunde m\u00fcssen die Besitzer Impfpapiere und andere Gesundheitsbescheinigungen vorlegen. Der Besitzer tr\u00e4gt die alleinige Verantwortung f\u00fcr die F\u00fctterung der Haustiere. Der Besitzer \u00fcbernimmt das Risiko und die Verantwortung f\u00fcr m\u00f6gliche Sch\u00e4den, die durch seine Tiere verursacht werden. Das Unternehmen \u00fcbernimmt keine Verantwortung f\u00fcr Verletzungen der Tiere w\u00e4hrend der Reise. \u201c<\/em><\/p> <\/div> <div class=\"schema-faq-section\" id=\"faq-question-1625739949917\"><strong class=\"schema-faq-question\"><strong>Wie viel fr\u00fcher muss ich am Hafen sein?<\/strong><\/strong> <p class=\"schema-faq-answer\">Sie sollten ungef\u00e4hr 30 Minuten vor Abfahrt im Hafen sein, da man dann beginnen kann in den Katamaran einzusteigen.<\/p> <\/div> <\/div>\n\n\n\n<h2><b>Beliebte Routen von TP Line d.o.o.<\/b><\/h2>\n\n\n\n<p>Aus Split:<\/p>\n\n\n\n<figure class=\"wp-block-table\"><table class=\"has-fixed-layout\"><tbody><tr><td><a href=\"https:\/\/www.ferrycroatia.com\/de\/split-hvar\/\">Split &#8211; Hvar<\/a><\/td><td><a href=\"https:\/\/www.ferrycroatia.com\/de\/split-dubrovnik\/\">Split &#8211; Milna &#8211; Hvar &#8211; Korcula &#8211; Mljet &#8211; Dubrovnik<\/a><\/td><\/tr><\/tbody><\/table><\/figure>\n\n\n\n<p>Aus Dubrovnik:<\/p>\n\n\n\n<figure class=\"wp-block-table\"><table><tbody><tr><td><a href=\"https:\/\/www.ferrycroatia.com\/de\/dubrovnik-korcula\/\">Dubrovnik &#8211; Korcula<\/a><\/td><td><a href=\"https:\/\/www.ferrycroatia.com\/de\/dubrovnik-ubli\/\">Dubrovnik &#8211; Ubli (Lastovo)<\/a><\/td><td><a href=\"https:\/\/www.ferrycroatia.com\/de\/dubrovnik-sipanska-luka\/\">Dubrovnik &#8211; Luka \u0160ipanska<\/a><\/td><\/tr><tr><td><a href=\"https:\/\/www.ferrycroatia.com\/de\/dubrovnik-sobra\/\">Dubrovnik &#8211; Sobra (Mljet)<\/a><\/td><td><a href=\"https:\/\/www.ferrycroatia.com\/de\/korcula-sobra\/\">Korcula &#8211; Sobra (Mljet)<\/a><\/td><td><a href=\"https:\/\/www.ferrycroatia.com\/de\/korcula-ubli\/\">Korcula &#8211; Ubli (Lastovo)<\/a><\/td><\/tr><\/tbody><\/table><\/figure>\n\n\n\n<p>Aus Makarska:<\/p>\n\n\n\n<figure class=\"wp-block-table\"><table><tbody><tr><td class=\"has-text-align-center\" data-align=\"center\"><a href=\"https:\/\/www.ferrycroatia.com\/en\/makarska-split\/\">Makarska &#8211; Bol (Brac) &#8211; Hvar &#8211; Vis &#8211; Split<\/a><\/td><\/tr><\/tbody><\/table><\/figure>\n","protected":false},"excerpt":{"rendered":"<p>TP Line d.o.o ist eine F\u00e4hrgesellschaft aus Zadar, nicht zu verwechseln mit der Firma G &amp; V Line Iadera d.o.o., einer F\u00e4hrgesellschaft aus Zadar. Fr\u00fcher bekannt als TP line d.o.o verf\u00fcgt \u00fcber eine Flotte von 6 Hochgeschwindigkeits-Passagierf\u00e4hren, die zwischen Split, Dubrovnik, Makarska und den Inseln Brac, Hvar, Korcula, Mljet und Vis verkehren. Die k\u00fcrzesten und [&hellip;]<\/p>\n<p><a class=\"more-link\" href=\"https:\/\/www.ferrycroatia.com\/de\/tp-line\/\"> Continue reading&#8230;<\/a><\/p>\n","protected":false},"author":5,"featured_media":0,"parent":0,"menu_order":0,"comment_status":"closed","ping_status":"closed","template":"","meta":[],"yoast_head":"<!-- This site is optimized with the Yoast SEO plugin v19.8 - https:\/\/yoast.com\/wordpress\/plugins\/seo\/ -->\n<title>TP Line d.o.o Zadar, Reiseinfos und F\u00e4hrfahrplan<\/title>\n<meta name=\"description\" content=\"Die F\u00e4hrgesellschaft TP Line aus Zadar bietet F\u00e4hr- oder Katamaranabfahrten nach Korcula, Sipanska Luka, Sobra und Ubli. TP Line verf\u00fcgt \u00fcber zwei Hochgeschwindigkeitskatamarane.\" \/>\n<meta name=\"robots\" content=\"index, follow, max-snippet:-1, max-image-preview:large, max-video-preview:-1\" \/>\n<link rel=\"canonical\" href=\"https:\/\/www.ferrycroatia.com\/de\/tp-line\/\" \/>\n<meta property=\"og:locale\" content=\"en_US\" \/>\n<meta property=\"og:type\" content=\"article\" \/>\n<meta property=\"og:title\" content=\"TP Line d.o.o Zadar, Reiseinfos und F\u00e4hrfahrplan\" \/>\n<meta property=\"og:description\" content=\"Die F\u00e4hrgesellschaft TP Line aus Zadar bietet F\u00e4hr- oder Katamaranabfahrten nach Korcula, Sipanska Luka, Sobra und Ubli. TP Line verf\u00fcgt \u00fcber zwei Hochgeschwindigkeitskatamarane.\" \/>\n<meta property=\"og:url\" content=\"https:\/\/www.ferrycroatia.com\/de\/tp-line\/\" \/>\n<meta property=\"og:site_name\" content=\"F\u00e4hre Kroatien\" \/>\n<meta property=\"article:modified_time\" content=\"2022-07-21T08:43:18+00:00\" \/>\n<meta name=\"twitter:card\" content=\"summary_large_image\" \/>\n<meta name=\"twitter:label1\" content=\"Est. reading time\" \/>\n\t<meta name=\"twitter:data1\" content=\"2 minutes\" \/>\n<script type=\"application\/ld+json\" class=\"yoast-schema-graph\">{\"@context\":\"https:\/\/schema.org\",\"@graph\":[{\"@type\":[\"WebPage\",\"FAQPage\"],\"@id\":\"https:\/\/www.ferrycroatia.com\/de\/tp-line\/\",\"url\":\"https:\/\/www.ferrycroatia.com\/de\/tp-line\/\",\"name\":\"TP Line d.o.o Zadar, Reiseinfos und F\u00e4hrfahrplan\",\"isPartOf\":{\"@id\":\"https:\/\/www.ferrycroatia.com\/de\/#website\"},\"datePublished\":\"2021-01-28T14:37:52+00:00\",\"dateModified\":\"2022-07-21T08:43:18+00:00\",\"description\":\"Die F\u00e4hrgesellschaft TP Line aus Zadar bietet F\u00e4hr- oder Katamaranabfahrten nach Korcula, Sipanska Luka, Sobra und Ubli. TP Line verf\u00fcgt \u00fcber zwei Hochgeschwindigkeitskatamarane.\",\"breadcrumb\":{\"@id\":\"https:\/\/www.ferrycroatia.com\/de\/tp-line\/#breadcrumb\"},\"mainEntity\":[{\"@id\":\"https:\/\/www.ferrycroatia.com\/de\/tp-line\/#faq-question-1625739908952\"},{\"@id\":\"https:\/\/www.ferrycroatia.com\/de\/tp-line\/#faq-question-1625739917603\"},{\"@id\":\"https:\/\/www.ferrycroatia.com\/de\/tp-line\/#faq-question-1625739925213\"},{\"@id\":\"https:\/\/www.ferrycroatia.com\/de\/tp-line\/#faq-question-1625739932986\"},{\"@id\":\"https:\/\/www.ferrycroatia.com\/de\/tp-line\/#faq-question-1625739949917\"}],\"inLanguage\":\"en-US\",\"potentialAction\":[{\"@type\":\"ReadAction\",\"target\":[\"https:\/\/www.ferrycroatia.com\/de\/tp-line\/\"]}]},{\"@type\":\"BreadcrumbList\",\"@id\":\"https:\/\/www.ferrycroatia.com\/de\/tp-line\/#breadcrumb\",\"itemListElement\":[{\"@type\":\"ListItem\",\"position\":1,\"name\":\"Home\",\"item\":\"https:\/\/www.ferrycroatia.com\/de\/\"},{\"@type\":\"ListItem\",\"position\":2,\"name\":\"TP Line\"}]},{\"@type\":\"WebSite\",\"@id\":\"https:\/\/www.ferrycroatia.com\/de\/#website\",\"url\":\"https:\/\/www.ferrycroatia.com\/de\/\",\"name\":\"F\u00e4hre Kroatien\",\"description\":\"Info und Fahrpl\u00e4ne f\u00fcr alle Katamarane und F\u00e4hren in Kroatien\",\"potentialAction\":[{\"@type\":\"SearchAction\",\"target\":{\"@type\":\"EntryPoint\",\"urlTemplate\":\"https:\/\/www.ferrycroatia.com\/de\/?s={search_term_string}\"},\"query-input\":\"required name=search_term_string\"}],\"inLanguage\":\"en-US\"},{\"@type\":\"Question\",\"@id\":\"https:\/\/www.ferrycroatia.com\/de\/tp-line\/#faq-question-1625739908952\",\"position\":1,\"url\":\"https:\/\/www.ferrycroatia.com\/de\/tp-line\/#faq-question-1625739908952\",\"name\":\"Wo kann ich Tickets f\u00fcr die Schnellf\u00e4hre der TP-Linie kaufen?\",\"answerCount\":1,\"acceptedAnswer\":{\"@type\":\"Answer\",\"text\":\"Tickets werden nur am Tag des Segelns vom Boot verkauft. Es gibt keine M\u00f6glichkeit, Tickets im Voraus zu reservieren oder zu kaufen.\",\"inLanguage\":\"en-US\"},\"inLanguage\":\"en-US\"},{\"@type\":\"Question\",\"@id\":\"https:\/\/www.ferrycroatia.com\/de\/tp-line\/#faq-question-1625739917603\",\"position\":2,\"url\":\"https:\/\/www.ferrycroatia.com\/de\/tp-line\/#faq-question-1625739917603\",\"name\":\"Wie viel Gep\u00e4ck kann ich mitbringen?\",\"answerCount\":1,\"acceptedAnswer\":{\"@type\":\"Answer\",\"text\":\"Bis zu 20 kg Gep\u00e4ck sind f\u00fcr jeden Passagier kostenlos erlaubt.\",\"inLanguage\":\"en-US\"},\"inLanguage\":\"en-US\"},{\"@type\":\"Question\",\"@id\":\"https:\/\/www.ferrycroatia.com\/de\/tp-line\/#faq-question-1625739925213\",\"position\":3,\"url\":\"https:\/\/www.ferrycroatia.com\/de\/tp-line\/#faq-question-1625739925213\",\"name\":\"Kann ich ein Fahrrad auf den Katamaran bringen?\",\"answerCount\":1,\"acceptedAnswer\":{\"@type\":\"Answer\",\"text\":\"Nein, es ist nicht m\u00f6glich, Ihr Fahrrad auf den Katamaranen der TP-Linie mitzubringen.\",\"inLanguage\":\"en-US\"},\"inLanguage\":\"en-US\"},{\"@type\":\"Question\",\"@id\":\"https:\/\/www.ferrycroatia.com\/de\/tp-line\/#faq-question-1625739932986\",\"position\":4,\"url\":\"https:\/\/www.ferrycroatia.com\/de\/tp-line\/#faq-question-1625739932986\",\"name\":\"Kann ich mein Haustier auf den Katamaran bringen?\",\"answerCount\":1,\"acceptedAnswer\":{\"@type\":\"Answer\",\"text\":\"Ja, Sie k\u00f6nnen, wenn Sie die Bedingungen der TP-Line d.o.o. befolgen.<br\/><em>\\\"Haustiere werden nur akzeptiert, wenn sie keine Bedrohung oder St\u00f6rung f\u00fcr andere Passagiere oder das Schiff darstellen. Sie sind in geschlossenen Fahrgastbereichen nicht gestattet und m\u00fcssen in geeigneten K\u00e4sten oder K\u00e4figen mitgef\u00fchrt werden. Hunde m\u00fcssen Maulk\u00f6rbe tragen (mit Ausnahme der Blindenf\u00fchrhunde), Katzen m\u00fcssen in Kisten sein, V\u00f6gel in K\u00e4figen. Sowohl f\u00fcr Katzen als auch f\u00fcr Hunde m\u00fcssen die Besitzer Impfpapiere und andere Gesundheitsbescheinigungen vorlegen. Der Besitzer tr\u00e4gt die alleinige Verantwortung f\u00fcr die F\u00fctterung der Haustiere. Der Besitzer \u00fcbernimmt das Risiko und die Verantwortung f\u00fcr m\u00f6gliche Sch\u00e4den, die durch seine Tiere verursacht werden. Das Unternehmen \u00fcbernimmt keine Verantwortung f\u00fcr Verletzungen der Tiere w\u00e4hrend der Reise. \u201c<\/em>\",\"inLanguage\":\"en-US\"},\"inLanguage\":\"en-US\"},{\"@type\":\"Question\",\"@id\":\"https:\/\/www.ferrycroatia.com\/de\/tp-line\/#faq-question-1625739949917\",\"position\":5,\"url\":\"https:\/\/www.ferrycroatia.com\/de\/tp-line\/#faq-question-1625739949917\",\"name\":\"Wie viel fr\u00fcher muss ich am Hafen sein?\",\"answerCount\":1,\"acceptedAnswer\":{\"@type\":\"Answer\",\"text\":\"Sie sollten ungef\u00e4hr 30 Minuten vor Abfahrt im Hafen sein, da man dann beginnen kann in den Katamaran einzusteigen.\",\"inLanguage\":\"en-US\"},\"inLanguage\":\"en-US\"}]}<\/script>\n<!-- \/ Yoast SEO plugin. -->","yoast_head_json":{"title":"TP Line d.o.o Zadar, Reiseinfos und F\u00e4hrfahrplan","description":"Die F\u00e4hrgesellschaft TP Line aus Zadar bietet F\u00e4hr- oder Katamaranabfahrten nach Korcula, Sipanska Luka, Sobra und Ubli. TP Line verf\u00fcgt \u00fcber zwei Hochgeschwindigkeitskatamarane.","robots":{"index":"index","follow":"follow","max-snippet":"max-snippet:-1","max-image-preview":"max-image-preview:large","max-video-preview":"max-video-preview:-1"},"canonical":"https:\/\/www.ferrycroatia.com\/de\/tp-line\/","og_locale":"en_US","og_type":"article","og_title":"TP Line d.o.o Zadar, Reiseinfos und F\u00e4hrfahrplan","og_description":"Die F\u00e4hrgesellschaft TP Line aus Zadar bietet F\u00e4hr- oder Katamaranabfahrten nach Korcula, Sipanska Luka, Sobra und Ubli. TP Line verf\u00fcgt \u00fcber zwei Hochgeschwindigkeitskatamarane.","og_url":"https:\/\/www.ferrycroatia.com\/de\/tp-line\/","og_site_name":"F\u00e4hre Kroatien","article_modified_time":"2022-07-21T08:43:18+00:00","twitter_card":"summary_large_image","twitter_misc":{"Est. reading time":"2 minutes"},"schema":{"@context":"https:\/\/schema.org","@graph":[{"@type":["WebPage","FAQPage"],"@id":"https:\/\/www.ferrycroatia.com\/de\/tp-line\/","url":"https:\/\/www.ferrycroatia.com\/de\/tp-line\/","name":"TP Line d.o.o Zadar, Reiseinfos und F\u00e4hrfahrplan","isPartOf":{"@id":"https:\/\/www.ferrycroatia.com\/de\/#website"},"datePublished":"2021-01-28T14:37:52+00:00","dateModified":"2022-07-21T08:43:18+00:00","description":"Die F\u00e4hrgesellschaft TP Line aus Zadar bietet F\u00e4hr- oder Katamaranabfahrten nach Korcula, Sipanska Luka, Sobra und Ubli. TP Line verf\u00fcgt \u00fcber zwei Hochgeschwindigkeitskatamarane.","breadcrumb":{"@id":"https:\/\/www.ferrycroatia.com\/de\/tp-line\/#breadcrumb"},"mainEntity":[{"@id":"https:\/\/www.ferrycroatia.com\/de\/tp-line\/#faq-question-1625739908952"},{"@id":"https:\/\/www.ferrycroatia.com\/de\/tp-line\/#faq-question-1625739917603"},{"@id":"https:\/\/www.ferrycroatia.com\/de\/tp-line\/#faq-question-1625739925213"},{"@id":"https:\/\/www.ferrycroatia.com\/de\/tp-line\/#faq-question-1625739932986"},{"@id":"https:\/\/www.ferrycroatia.com\/de\/tp-line\/#faq-question-1625739949917"}],"inLanguage":"en-US","potentialAction":[{"@type":"ReadAction","target":["https:\/\/www.ferrycroatia.com\/de\/tp-line\/"]}]},{"@type":"BreadcrumbList","@id":"https:\/\/www.ferrycroatia.com\/de\/tp-line\/#breadcrumb","itemListElement":[{"@type":"ListItem","position":1,"name":"Home","item":"https:\/\/www.ferrycroatia.com\/de\/"},{"@type":"ListItem","position":2,"name":"TP Line"}]},{"@type":"WebSite","@id":"https:\/\/www.ferrycroatia.com\/de\/#website","url":"https:\/\/www.ferrycroatia.com\/de\/","name":"F\u00e4hre Kroatien","description":"Info und Fahrpl\u00e4ne f\u00fcr alle Katamarane und F\u00e4hren in Kroatien","potentialAction":[{"@type":"SearchAction","target":{"@type":"EntryPoint","urlTemplate":"https:\/\/www.ferrycroatia.com\/de\/?s={search_term_string}"},"query-input":"required name=search_term_string"}],"inLanguage":"en-US"},{"@type":"Question","@id":"https:\/\/www.ferrycroatia.com\/de\/tp-line\/#faq-question-1625739908952","position":1,"url":"https:\/\/www.ferrycroatia.com\/de\/tp-line\/#faq-question-1625739908952","name":"Wo kann ich Tickets f\u00fcr die Schnellf\u00e4hre der TP-Linie kaufen?","answerCount":1,"acceptedAnswer":{"@type":"Answer","text":"Tickets werden nur am Tag des Segelns vom Boot verkauft. Es gibt keine M\u00f6glichkeit, Tickets im Voraus zu reservieren oder zu kaufen.","inLanguage":"en-US"},"inLanguage":"en-US"},{"@type":"Question","@id":"https:\/\/www.ferrycroatia.com\/de\/tp-line\/#faq-question-1625739917603","position":2,"url":"https:\/\/www.ferrycroatia.com\/de\/tp-line\/#faq-question-1625739917603","name":"Wie viel Gep\u00e4ck kann ich mitbringen?","answerCount":1,"acceptedAnswer":{"@type":"Answer","text":"Bis zu 20 kg Gep\u00e4ck sind f\u00fcr jeden Passagier kostenlos erlaubt.","inLanguage":"en-US"},"inLanguage":"en-US"},{"@type":"Question","@id":"https:\/\/www.ferrycroatia.com\/de\/tp-line\/#faq-question-1625739925213","position":3,"url":"https:\/\/www.ferrycroatia.com\/de\/tp-line\/#faq-question-1625739925213","name":"Kann ich ein Fahrrad auf den Katamaran bringen?","answerCount":1,"acceptedAnswer":{"@type":"Answer","text":"Nein, es ist nicht m\u00f6glich, Ihr Fahrrad auf den Katamaranen der TP-Linie mitzubringen.","inLanguage":"en-US"},"inLanguage":"en-US"},{"@type":"Question","@id":"https:\/\/www.ferrycroatia.com\/de\/tp-line\/#faq-question-1625739932986","position":4,"url":"https:\/\/www.ferrycroatia.com\/de\/tp-line\/#faq-question-1625739932986","name":"Kann ich mein Haustier auf den Katamaran bringen?","answerCount":1,"acceptedAnswer":{"@type":"Answer","text":"Ja, Sie k\u00f6nnen, wenn Sie die Bedingungen der TP-Line d.o.o. befolgen.<br\/><em>\"Haustiere werden nur akzeptiert, wenn sie keine Bedrohung oder St\u00f6rung f\u00fcr andere Passagiere oder das Schiff darstellen. Sie sind in geschlossenen Fahrgastbereichen nicht gestattet und m\u00fcssen in geeigneten K\u00e4sten oder K\u00e4figen mitgef\u00fchrt werden. Hunde m\u00fcssen Maulk\u00f6rbe tragen (mit Ausnahme der Blindenf\u00fchrhunde), Katzen m\u00fcssen in Kisten sein, V\u00f6gel in K\u00e4figen. Sowohl f\u00fcr Katzen als auch f\u00fcr Hunde m\u00fcssen die Besitzer Impfpapiere und andere Gesundheitsbescheinigungen vorlegen. Der Besitzer tr\u00e4gt die alleinige Verantwortung f\u00fcr die F\u00fctterung der Haustiere. Der Besitzer \u00fcbernimmt das Risiko und die Verantwortung f\u00fcr m\u00f6gliche Sch\u00e4den, die durch seine Tiere verursacht werden. Das Unternehmen \u00fcbernimmt keine Verantwortung f\u00fcr Verletzungen der Tiere w\u00e4hrend der Reise. \u201c<\/em>","inLanguage":"en-US"},"inLanguage":"en-US"},{"@type":"Question","@id":"https:\/\/www.ferrycroatia.com\/de\/tp-line\/#faq-question-1625739949917","position":5,"url":"https:\/\/www.ferrycroatia.com\/de\/tp-line\/#faq-question-1625739949917","name":"Wie viel fr\u00fcher muss ich am Hafen sein?","answerCount":1,"acceptedAnswer":{"@type":"Answer","text":"Sie sollten ungef\u00e4hr 30 Minuten vor Abfahrt im Hafen sein, da man dann beginnen kann in den Katamaran einzusteigen.","inLanguage":"en-US"},"inLanguage":"en-US"}]}},"_links":{"self":[{"href":"https:\/\/www.ferrycroatia.com\/de\/wp-json\/wp\/v2\/pages\/732"}],"collection":[{"href":"https:\/\/www.ferrycroatia.com\/de\/wp-json\/wp\/v2\/pages"}],"about":[{"href":"https:\/\/www.ferrycroatia.com\/de\/wp-json\/wp\/v2\/types\/page"}],"author":[{"embeddable":true,"href":"https:\/\/www.ferrycroatia.com\/de\/wp-json\/wp\/v2\/users\/5"}],"replies":[{"embeddable":true,"href":"https:\/\/www.ferrycroatia.com\/de\/wp-json\/wp\/v2\/comments?post=732"}],"version-history":[{"count":14,"href":"https:\/\/www.ferrycroatia.com\/de\/wp-json\/wp\/v2\/pages\/732\/revisions"}],"predecessor-version":[{"id":2176,"href":"https:\/\/www.ferrycroatia.com\/de\/wp-json\/wp\/v2\/pages\/732\/revisions\/2176"}],"wp:attachment":[{"href":"https:\/\/www.ferrycroatia.com\/de\/wp-json\/wp\/v2\/media?parent=732"}],"curies":[{"name":"wp","href":"https:\/\/api.w.org\/{rel}","templated":true}]}}