{"id":738,"date":"2021-01-28T14:47:25","date_gmt":"2021-01-28T14:47:25","guid":{"rendered":"https:\/\/ferrycroatia.com\/de\/?page_id=738"},"modified":"2021-07-08T12:26:36","modified_gmt":"2021-07-08T10:26:36","slug":"gv-line-zadar","status":"publish","type":"page","link":"https:\/\/www.ferrycroatia.com\/de\/gv-line-zadar\/","title":{"rendered":"G&#038;V Line Zadar"},"content":{"rendered":"\n<p><strong>G &amp; V Line Iadera d.o.o<\/strong> ist eine F\u00e4hrgesellschaft mit Sitz in Zadar. Das Unternehmen betreibt haupts\u00e4chlich Hochgeschwindigkeitsf\u00e4hren und Schiffsrouten zu mehreren der <strong>kleinen Inseln im Zadar-Archipel<\/strong> wie der <a href=\"https:\/\/www.ferrycroatia.com\/de\/insel-iz\/\">Insel Iz<\/a> sowie nach <a href=\"https:\/\/www.ferrycroatia.com\/de\/fahrhafen-rijeka\/\">Rijeka<\/a>, <a href=\"https:\/\/www.ferrycroatia.com\/de\/insel-rab\/\">Rab<\/a> und <a href=\"https:\/\/www.ferrycroatia.com\/de\/fahrhafen-zadar\/\">Zadar<\/a>. Die aktuell geplanten Segelrouten sind wie folgt:<\/p>\n\n\n\n<ul><li>Schiffslinie Nr. 405: Rava &#8211; I\u017e &#8211; Zadar<\/li><li>Schiffslinie Nr. 406: Zadar &#8211; Sali &#8211; Zaglav<\/li><li>Katamaranlinie Nr. 9406: Zadar &#8211; Sali &#8211; Zaglav<\/li><li>Katamaranlinie Rijeka &#8211; Krk &#8211; Lopar (Rab) &#8211; Silba &#8211; Zadar<\/li><\/ul>\n\n\n\n<p>Die <strong>Flotte der G &amp; V Line Iadera<\/strong> besteht derzeit aus 3 Schiffen, dem Hochgeschwindigkeitskatamaran Antonija, dem Motorschiff Anamarija und der Schnellf\u00e4hre Melita. Die Schiffe k\u00f6nnen zwischen 180 und 250 Passagiere mit Gep\u00e4ck bef\u00f6rdern.<\/p>\n\n\n\n<h2><b>H\u00e4ufig gestellte Fragen zu G &amp; V Line Iadera<\/b><\/h2>\n\n\n\n<div class=\"schema-faq wp-block-yoast-faq-block\"><div class=\"schema-faq-section\" id=\"faq-question-1625739983436\"><strong class=\"schema-faq-question\"><strong>Wo kann ich Tickets f\u00fcr die G &amp; V Line Iadera-Routen kaufen?<\/strong><\/strong> <p class=\"schema-faq-answer\">Sie k\u00f6nnen Tickets <strong>online<\/strong> kaufen. In Zadar gibt es auch einen Fahrkartenschalter in der N\u00e4he des Abfahrtsortes des Katamarans. An anderen Orten k\u00f6nnen Tickets vor dem Einsteigen \u00fcber Handelsvertreter oder von der Besatzung gekauft werden. Bitte beachten Sie, dass in diesem Fall nur Barzahlungen akzeptiert werden (nur in kroatischer Kuna).<\/p> <\/div> <div class=\"schema-faq-section\" id=\"faq-question-1625739992492\"><strong class=\"schema-faq-question\"><strong>Gibt es Sitzpl\u00e4tze im Freien auf den Schiffen?<\/strong><\/strong> <p class=\"schema-faq-answer\">Nur auf dem Motorschiff Anamarija, die anderen Schiffe fahren zu schnell.<\/p> <\/div> <div class=\"schema-faq-section\" id=\"faq-question-1625739996805\"><strong class=\"schema-faq-question\"><strong>Wie viel Zeit vor der Abreise sollte ich im Hafen sein?<\/strong><\/strong> <p class=\"schema-faq-answer\">Die Empfehlung ist mindestens 30 Minuten vor Abreise.<\/p> <\/div> <div class=\"schema-faq-section\" id=\"faq-question-1625740003804\"><strong class=\"schema-faq-question\"><strong>Kann ich auf den Schiffen der G &amp; V Line Iadera Sitzpl\u00e4tze nebeneinander reservieren?<\/strong><\/strong> <p class=\"schema-faq-answer\">Nein, auf den Booten gibt es freie Sitzpl\u00e4tze. Wenn Sie also mit der Familie oder in der Gruppe reisen, sollten Sie sich fr\u00fchzeitig f\u00fcr die Einschiffung anstellen, um sich Ihre Sitze zu sichern.<\/p> <\/div> <div class=\"schema-faq-section\" id=\"faq-question-1625740010684\"><strong class=\"schema-faq-question\"><strong>Wie viel Gep\u00e4ck kann ich an Bord bringen?<\/strong><\/strong> <p class=\"schema-faq-answer\">Das Gep\u00e4ck ist auf 1 Handgep\u00e4ckst\u00fcck und 1 gr\u00f6\u00dfere Tasche \/ Koffer bis zu 20 kg begrenzt.<\/p> <\/div> <div class=\"schema-faq-section\" id=\"faq-question-1625740020525\"><strong class=\"schema-faq-question\"><strong>Kann ich mein Haustier auf einen Katamaran bringen?<\/strong><\/strong> <p class=\"schema-faq-answer\">Hier ist ein Auszug aus den Gesch\u00e4ftsbedingungen von G &amp; V Line Iadera zu Haustieren:<br\/><em>Haustiere bis zu 7 kg d\u00fcrfen immer nur mit ihrem Besitzer in der Passagierlounge bleiben und nicht auf den Sitzen, sondern neben dem Sitz des Besitzers. Die Transportkapazit\u00e4t f\u00fcr Haustiere (Hunde), die schwerer als 7 kg sind, ist auf maximal 2 pro Person begrenzt. Der Transport von Tieren muss beim Einsteigen auf dem Schiff bezahlt werden (Zahlung: nur Barzahlung \/ W\u00e4hrung: Kuna).<\/em><\/p> <\/div> <div class=\"schema-faq-section\" id=\"faq-question-1625740035013\"><strong class=\"schema-faq-question\"><strong>Kann ich mein Fahrrad mit einem Katamaran mitbringen?<\/strong><\/strong> <p class=\"schema-faq-answer\">Ja, das k\u00f6nnen Sie, aber beachten Sie, dass der Platz f\u00fcr Fahrr\u00e4der begrenzt ist (maximal 20 Fahrr\u00e4der f\u00fcr den gesamten Katamaran). F\u00fcr den Fahrradtransport m\u00fcssen Sie extra bezahlen. Die Bezahlung erfolgt beim Einsteigen mit der kroatischen Kuna.<\/p> <\/div> <div class=\"schema-faq-section\" id=\"faq-question-1625740043140\"><strong class=\"schema-faq-question\"><strong>Kann ich an Bord Getr\u00e4nke und Snacks kaufen?<\/strong><\/strong> <p class=\"schema-faq-answer\">Ja, aber nur auf den Schiffen Antonija und Anamarija.<\/p> <\/div> <div class=\"schema-faq-section\" id=\"faq-question-1625740052852\"><strong class=\"schema-faq-question\"><strong>Ich habe ein Ticket online auf der Website von G &amp; V Line Iadera gekauft, aber das Ticket hat das falsche Reisedatum. Was soll ich tun?<\/strong><\/strong> <p class=\"schema-faq-answer\"><a href=\"https:\/\/www.gv-zadar.com\/terms-and-conditions-of-purchase\/\">Hier<\/a> k\u00f6nnen Sie die Bedingungen f\u00fcr die \u00c4nderung eines Tickets \u00fcberpr\u00fcfen.<\/p> <\/div> <\/div>\n\n\n\n<h2><b>Beliebte Routen der G &amp; V Line Iadera<\/b><\/h2>\n\n\n\n<figure class=\"wp-block-table\"><table><tbody><tr><td><a href=\"https:\/\/www.ferrycroatia.com\/de\/zadar-rijeka\/\">Zadar &#8211; Rijeka<\/a><\/td><td><a href=\"https:\/\/www.ferrycroatia.com\/de\/zadar-lopar\/\">Zadar &#8211; Lopar (Rab)<\/a><\/td><td><a href=\"https:\/\/www.ferrycroatia.com\/de\/zadar-krk\/\">Zadar &#8211; Krk<\/a><\/td><\/tr><tr><td><a href=\"https:\/\/www.ferrycroatia.com\/de\/zadar-rava\/\">Zadar &#8211; Rava<\/a><\/td><td><a href=\"https:\/\/www.ferrycroatia.com\/de\/zadar-sali\/\">Zadar &#8211; Sali (Dugi Otok)<\/a><\/td><td>Zadar &#8211; Zaglav (Dugi Otok)<\/td><\/tr><tr><td><a href=\"https:\/\/www.ferrycroatia.com\/de\/zadar-silba\/\">Zadar &#8211; Silba<\/a><\/td><td><a href=\"https:\/\/www.ferrycroatia.com\/de\/zadar-veli-iz\/\">Zadar &#8211; Veli I\u017e<\/a><\/td><td><a href=\"https:\/\/www.ferrycroatia.com\/de\/zadar-lopar\/\">Rijeka &#8211; Lopar (Rab)<\/a><\/td><\/tr><\/tbody><\/table><\/figure>\n\n\n\n<p><\/p>\n","protected":false},"excerpt":{"rendered":"<p>G &amp; V Line Iadera d.o.o ist eine F\u00e4hrgesellschaft mit Sitz in Zadar. Das Unternehmen betreibt haupts\u00e4chlich Hochgeschwindigkeitsf\u00e4hren und Schiffsrouten zu mehreren der kleinen Inseln im Zadar-Archipel wie der Insel Iz sowie nach Rijeka, Rab und Zadar. Die aktuell geplanten Segelrouten sind wie folgt: Schiffslinie Nr. 405: Rava &#8211; I\u017e &#8211; Zadar Schiffslinie Nr. 406: [&hellip;]<\/p>\n<p><a class=\"more-link\" href=\"https:\/\/www.ferrycroatia.com\/de\/gv-line-zadar\/\"> Continue reading&#8230;<\/a><\/p>\n","protected":false},"author":5,"featured_media":0,"parent":0,"menu_order":0,"comment_status":"closed","ping_status":"closed","template":"","meta":[],"yoast_head":"<!-- This site is optimized with the Yoast SEO plugin v19.8 - https:\/\/yoast.com\/wordpress\/plugins\/seo\/ -->\n<title>F\u00e4hrgesellschaft G &amp; V Line Zadar - Reiseinfos und Fahrpl\u00e4ne<\/title>\n<meta name=\"robots\" content=\"index, follow, max-snippet:-1, max-image-preview:large, max-video-preview:-1\" \/>\n<link rel=\"canonical\" href=\"https:\/\/www.ferrycroatia.com\/de\/gv-line-zadar\/\" \/>\n<meta property=\"og:locale\" content=\"en_US\" \/>\n<meta property=\"og:type\" content=\"article\" \/>\n<meta property=\"og:title\" content=\"F\u00e4hrgesellschaft G &amp; V Line Zadar - Reiseinfos und Fahrpl\u00e4ne\" \/>\n<meta property=\"og:description\" content=\"G &amp; V Line Iadera d.o.o ist eine F\u00e4hrgesellschaft mit Sitz in Zadar. Das Unternehmen betreibt haupts\u00e4chlich Hochgeschwindigkeitsf\u00e4hren und Schiffsrouten zu mehreren der kleinen Inseln im Zadar-Archipel wie der Insel Iz sowie nach Rijeka, Rab und Zadar. Die aktuell geplanten Segelrouten sind wie folgt: Schiffslinie Nr. 405: Rava &#8211; I\u017e &#8211; Zadar Schiffslinie Nr. 406: [&hellip;] Continue reading...\" \/>\n<meta property=\"og:url\" content=\"https:\/\/www.ferrycroatia.com\/de\/gv-line-zadar\/\" \/>\n<meta property=\"og:site_name\" content=\"F\u00e4hre Kroatien\" \/>\n<meta property=\"article:modified_time\" content=\"2021-07-08T10:26:36+00:00\" \/>\n<meta name=\"twitter:card\" content=\"summary_large_image\" \/>\n<meta name=\"twitter:label1\" content=\"Est. reading time\" \/>\n\t<meta name=\"twitter:data1\" content=\"3 minutes\" \/>\n<script type=\"application\/ld+json\" class=\"yoast-schema-graph\">{\"@context\":\"https:\/\/schema.org\",\"@graph\":[{\"@type\":[\"WebPage\",\"FAQPage\"],\"@id\":\"https:\/\/www.ferrycroatia.com\/de\/gv-line-zadar\/\",\"url\":\"https:\/\/www.ferrycroatia.com\/de\/gv-line-zadar\/\",\"name\":\"F\u00e4hrgesellschaft G & V Line Zadar - Reiseinfos und Fahrpl\u00e4ne\",\"isPartOf\":{\"@id\":\"https:\/\/www.ferrycroatia.com\/de\/#website\"},\"datePublished\":\"2021-01-28T14:47:25+00:00\",\"dateModified\":\"2021-07-08T10:26:36+00:00\",\"breadcrumb\":{\"@id\":\"https:\/\/www.ferrycroatia.com\/de\/gv-line-zadar\/#breadcrumb\"},\"mainEntity\":[{\"@id\":\"https:\/\/www.ferrycroatia.com\/de\/gv-line-zadar\/#faq-question-1625739983436\"},{\"@id\":\"https:\/\/www.ferrycroatia.com\/de\/gv-line-zadar\/#faq-question-1625739992492\"},{\"@id\":\"https:\/\/www.ferrycroatia.com\/de\/gv-line-zadar\/#faq-question-1625739996805\"},{\"@id\":\"https:\/\/www.ferrycroatia.com\/de\/gv-line-zadar\/#faq-question-1625740003804\"},{\"@id\":\"https:\/\/www.ferrycroatia.com\/de\/gv-line-zadar\/#faq-question-1625740010684\"},{\"@id\":\"https:\/\/www.ferrycroatia.com\/de\/gv-line-zadar\/#faq-question-1625740020525\"},{\"@id\":\"https:\/\/www.ferrycroatia.com\/de\/gv-line-zadar\/#faq-question-1625740035013\"},{\"@id\":\"https:\/\/www.ferrycroatia.com\/de\/gv-line-zadar\/#faq-question-1625740043140\"},{\"@id\":\"https:\/\/www.ferrycroatia.com\/de\/gv-line-zadar\/#faq-question-1625740052852\"}],\"inLanguage\":\"en-US\",\"potentialAction\":[{\"@type\":\"ReadAction\",\"target\":[\"https:\/\/www.ferrycroatia.com\/de\/gv-line-zadar\/\"]}]},{\"@type\":\"BreadcrumbList\",\"@id\":\"https:\/\/www.ferrycroatia.com\/de\/gv-line-zadar\/#breadcrumb\",\"itemListElement\":[{\"@type\":\"ListItem\",\"position\":1,\"name\":\"Home\",\"item\":\"https:\/\/www.ferrycroatia.com\/de\/\"},{\"@type\":\"ListItem\",\"position\":2,\"name\":\"G&#038;V Line Zadar\"}]},{\"@type\":\"WebSite\",\"@id\":\"https:\/\/www.ferrycroatia.com\/de\/#website\",\"url\":\"https:\/\/www.ferrycroatia.com\/de\/\",\"name\":\"F\u00e4hre Kroatien\",\"description\":\"Info und Fahrpl\u00e4ne f\u00fcr alle Katamarane und F\u00e4hren in Kroatien\",\"potentialAction\":[{\"@type\":\"SearchAction\",\"target\":{\"@type\":\"EntryPoint\",\"urlTemplate\":\"https:\/\/www.ferrycroatia.com\/de\/?s={search_term_string}\"},\"query-input\":\"required name=search_term_string\"}],\"inLanguage\":\"en-US\"},{\"@type\":\"Question\",\"@id\":\"https:\/\/www.ferrycroatia.com\/de\/gv-line-zadar\/#faq-question-1625739983436\",\"position\":1,\"url\":\"https:\/\/www.ferrycroatia.com\/de\/gv-line-zadar\/#faq-question-1625739983436\",\"name\":\"Wo kann ich Tickets f\u00fcr die G &amp; V Line Iadera-Routen kaufen?\",\"answerCount\":1,\"acceptedAnswer\":{\"@type\":\"Answer\",\"text\":\"Sie k\u00f6nnen Tickets <strong>online<\/strong> kaufen. In Zadar gibt es auch einen Fahrkartenschalter in der N\u00e4he des Abfahrtsortes des Katamarans. An anderen Orten k\u00f6nnen Tickets vor dem Einsteigen \u00fcber Handelsvertreter oder von der Besatzung gekauft werden. Bitte beachten Sie, dass in diesem Fall nur Barzahlungen akzeptiert werden (nur in kroatischer Kuna).\",\"inLanguage\":\"en-US\"},\"inLanguage\":\"en-US\"},{\"@type\":\"Question\",\"@id\":\"https:\/\/www.ferrycroatia.com\/de\/gv-line-zadar\/#faq-question-1625739992492\",\"position\":2,\"url\":\"https:\/\/www.ferrycroatia.com\/de\/gv-line-zadar\/#faq-question-1625739992492\",\"name\":\"Gibt es Sitzpl\u00e4tze im Freien auf den Schiffen?\",\"answerCount\":1,\"acceptedAnswer\":{\"@type\":\"Answer\",\"text\":\"Nur auf dem Motorschiff Anamarija, die anderen Schiffe fahren zu schnell.\",\"inLanguage\":\"en-US\"},\"inLanguage\":\"en-US\"},{\"@type\":\"Question\",\"@id\":\"https:\/\/www.ferrycroatia.com\/de\/gv-line-zadar\/#faq-question-1625739996805\",\"position\":3,\"url\":\"https:\/\/www.ferrycroatia.com\/de\/gv-line-zadar\/#faq-question-1625739996805\",\"name\":\"Wie viel Zeit vor der Abreise sollte ich im Hafen sein?\",\"answerCount\":1,\"acceptedAnswer\":{\"@type\":\"Answer\",\"text\":\"Die Empfehlung ist mindestens 30 Minuten vor Abreise.\",\"inLanguage\":\"en-US\"},\"inLanguage\":\"en-US\"},{\"@type\":\"Question\",\"@id\":\"https:\/\/www.ferrycroatia.com\/de\/gv-line-zadar\/#faq-question-1625740003804\",\"position\":4,\"url\":\"https:\/\/www.ferrycroatia.com\/de\/gv-line-zadar\/#faq-question-1625740003804\",\"name\":\"Kann ich auf den Schiffen der G &amp; V Line Iadera Sitzpl\u00e4tze nebeneinander reservieren?\",\"answerCount\":1,\"acceptedAnswer\":{\"@type\":\"Answer\",\"text\":\"Nein, auf den Booten gibt es freie Sitzpl\u00e4tze. Wenn Sie also mit der Familie oder in der Gruppe reisen, sollten Sie sich fr\u00fchzeitig f\u00fcr die Einschiffung anstellen, um sich Ihre Sitze zu sichern.\",\"inLanguage\":\"en-US\"},\"inLanguage\":\"en-US\"},{\"@type\":\"Question\",\"@id\":\"https:\/\/www.ferrycroatia.com\/de\/gv-line-zadar\/#faq-question-1625740010684\",\"position\":5,\"url\":\"https:\/\/www.ferrycroatia.com\/de\/gv-line-zadar\/#faq-question-1625740010684\",\"name\":\"Wie viel Gep\u00e4ck kann ich an Bord bringen?\",\"answerCount\":1,\"acceptedAnswer\":{\"@type\":\"Answer\",\"text\":\"Das Gep\u00e4ck ist auf 1 Handgep\u00e4ckst\u00fcck und 1 gr\u00f6\u00dfere Tasche \/ Koffer bis zu 20 kg begrenzt.\",\"inLanguage\":\"en-US\"},\"inLanguage\":\"en-US\"},{\"@type\":\"Question\",\"@id\":\"https:\/\/www.ferrycroatia.com\/de\/gv-line-zadar\/#faq-question-1625740020525\",\"position\":6,\"url\":\"https:\/\/www.ferrycroatia.com\/de\/gv-line-zadar\/#faq-question-1625740020525\",\"name\":\"Kann ich mein Haustier auf einen Katamaran bringen?\",\"answerCount\":1,\"acceptedAnswer\":{\"@type\":\"Answer\",\"text\":\"Hier ist ein Auszug aus den Gesch\u00e4ftsbedingungen von G &amp; V Line Iadera zu Haustieren:<br\/><em>Haustiere bis zu 7 kg d\u00fcrfen immer nur mit ihrem Besitzer in der Passagierlounge bleiben und nicht auf den Sitzen, sondern neben dem Sitz des Besitzers. Die Transportkapazit\u00e4t f\u00fcr Haustiere (Hunde), die schwerer als 7 kg sind, ist auf maximal 2 pro Person begrenzt. Der Transport von Tieren muss beim Einsteigen auf dem Schiff bezahlt werden (Zahlung: nur Barzahlung \/ W\u00e4hrung: Kuna).<\/em>\",\"inLanguage\":\"en-US\"},\"inLanguage\":\"en-US\"},{\"@type\":\"Question\",\"@id\":\"https:\/\/www.ferrycroatia.com\/de\/gv-line-zadar\/#faq-question-1625740035013\",\"position\":7,\"url\":\"https:\/\/www.ferrycroatia.com\/de\/gv-line-zadar\/#faq-question-1625740035013\",\"name\":\"Kann ich mein Fahrrad mit einem Katamaran mitbringen?\",\"answerCount\":1,\"acceptedAnswer\":{\"@type\":\"Answer\",\"text\":\"Ja, das k\u00f6nnen Sie, aber beachten Sie, dass der Platz f\u00fcr Fahrr\u00e4der begrenzt ist (maximal 20 Fahrr\u00e4der f\u00fcr den gesamten Katamaran). F\u00fcr den Fahrradtransport m\u00fcssen Sie extra bezahlen. Die Bezahlung erfolgt beim Einsteigen mit der kroatischen Kuna.\",\"inLanguage\":\"en-US\"},\"inLanguage\":\"en-US\"},{\"@type\":\"Question\",\"@id\":\"https:\/\/www.ferrycroatia.com\/de\/gv-line-zadar\/#faq-question-1625740043140\",\"position\":8,\"url\":\"https:\/\/www.ferrycroatia.com\/de\/gv-line-zadar\/#faq-question-1625740043140\",\"name\":\"Kann ich an Bord Getr\u00e4nke und Snacks kaufen?\",\"answerCount\":1,\"acceptedAnswer\":{\"@type\":\"Answer\",\"text\":\"Ja, aber nur auf den Schiffen Antonija und Anamarija.\",\"inLanguage\":\"en-US\"},\"inLanguage\":\"en-US\"},{\"@type\":\"Question\",\"@id\":\"https:\/\/www.ferrycroatia.com\/de\/gv-line-zadar\/#faq-question-1625740052852\",\"position\":9,\"url\":\"https:\/\/www.ferrycroatia.com\/de\/gv-line-zadar\/#faq-question-1625740052852\",\"name\":\"Ich habe ein Ticket online auf der Website von G &amp; V Line Iadera gekauft, aber das Ticket hat das falsche Reisedatum. Was soll ich tun?\",\"answerCount\":1,\"acceptedAnswer\":{\"@type\":\"Answer\",\"text\":\"<a href=\\\"https:\/\/www.gv-zadar.com\/terms-and-conditions-of-purchase\/\\\">Hier<\/a> k\u00f6nnen Sie die Bedingungen f\u00fcr die \u00c4nderung eines Tickets \u00fcberpr\u00fcfen.\",\"inLanguage\":\"en-US\"},\"inLanguage\":\"en-US\"}]}<\/script>\n<!-- \/ Yoast SEO plugin. -->","yoast_head_json":{"title":"F\u00e4hrgesellschaft G & V Line Zadar - Reiseinfos und Fahrpl\u00e4ne","robots":{"index":"index","follow":"follow","max-snippet":"max-snippet:-1","max-image-preview":"max-image-preview:large","max-video-preview":"max-video-preview:-1"},"canonical":"https:\/\/www.ferrycroatia.com\/de\/gv-line-zadar\/","og_locale":"en_US","og_type":"article","og_title":"F\u00e4hrgesellschaft G & V Line Zadar - Reiseinfos und Fahrpl\u00e4ne","og_description":"G &amp; V Line Iadera d.o.o ist eine F\u00e4hrgesellschaft mit Sitz in Zadar. Das Unternehmen betreibt haupts\u00e4chlich Hochgeschwindigkeitsf\u00e4hren und Schiffsrouten zu mehreren der kleinen Inseln im Zadar-Archipel wie der Insel Iz sowie nach Rijeka, Rab und Zadar. Die aktuell geplanten Segelrouten sind wie folgt: Schiffslinie Nr. 405: Rava &#8211; I\u017e &#8211; Zadar Schiffslinie Nr. 406: [&hellip;] Continue reading...","og_url":"https:\/\/www.ferrycroatia.com\/de\/gv-line-zadar\/","og_site_name":"F\u00e4hre Kroatien","article_modified_time":"2021-07-08T10:26:36+00:00","twitter_card":"summary_large_image","twitter_misc":{"Est. reading time":"3 minutes"},"schema":{"@context":"https:\/\/schema.org","@graph":[{"@type":["WebPage","FAQPage"],"@id":"https:\/\/www.ferrycroatia.com\/de\/gv-line-zadar\/","url":"https:\/\/www.ferrycroatia.com\/de\/gv-line-zadar\/","name":"F\u00e4hrgesellschaft G & V Line Zadar - Reiseinfos und Fahrpl\u00e4ne","isPartOf":{"@id":"https:\/\/www.ferrycroatia.com\/de\/#website"},"datePublished":"2021-01-28T14:47:25+00:00","dateModified":"2021-07-08T10:26:36+00:00","breadcrumb":{"@id":"https:\/\/www.ferrycroatia.com\/de\/gv-line-zadar\/#breadcrumb"},"mainEntity":[{"@id":"https:\/\/www.ferrycroatia.com\/de\/gv-line-zadar\/#faq-question-1625739983436"},{"@id":"https:\/\/www.ferrycroatia.com\/de\/gv-line-zadar\/#faq-question-1625739992492"},{"@id":"https:\/\/www.ferrycroatia.com\/de\/gv-line-zadar\/#faq-question-1625739996805"},{"@id":"https:\/\/www.ferrycroatia.com\/de\/gv-line-zadar\/#faq-question-1625740003804"},{"@id":"https:\/\/www.ferrycroatia.com\/de\/gv-line-zadar\/#faq-question-1625740010684"},{"@id":"https:\/\/www.ferrycroatia.com\/de\/gv-line-zadar\/#faq-question-1625740020525"},{"@id":"https:\/\/www.ferrycroatia.com\/de\/gv-line-zadar\/#faq-question-1625740035013"},{"@id":"https:\/\/www.ferrycroatia.com\/de\/gv-line-zadar\/#faq-question-1625740043140"},{"@id":"https:\/\/www.ferrycroatia.com\/de\/gv-line-zadar\/#faq-question-1625740052852"}],"inLanguage":"en-US","potentialAction":[{"@type":"ReadAction","target":["https:\/\/www.ferrycroatia.com\/de\/gv-line-zadar\/"]}]},{"@type":"BreadcrumbList","@id":"https:\/\/www.ferrycroatia.com\/de\/gv-line-zadar\/#breadcrumb","itemListElement":[{"@type":"ListItem","position":1,"name":"Home","item":"https:\/\/www.ferrycroatia.com\/de\/"},{"@type":"ListItem","position":2,"name":"G&#038;V Line Zadar"}]},{"@type":"WebSite","@id":"https:\/\/www.ferrycroatia.com\/de\/#website","url":"https:\/\/www.ferrycroatia.com\/de\/","name":"F\u00e4hre Kroatien","description":"Info und Fahrpl\u00e4ne f\u00fcr alle Katamarane und F\u00e4hren in Kroatien","potentialAction":[{"@type":"SearchAction","target":{"@type":"EntryPoint","urlTemplate":"https:\/\/www.ferrycroatia.com\/de\/?s={search_term_string}"},"query-input":"required name=search_term_string"}],"inLanguage":"en-US"},{"@type":"Question","@id":"https:\/\/www.ferrycroatia.com\/de\/gv-line-zadar\/#faq-question-1625739983436","position":1,"url":"https:\/\/www.ferrycroatia.com\/de\/gv-line-zadar\/#faq-question-1625739983436","name":"Wo kann ich Tickets f\u00fcr die G &amp; V Line Iadera-Routen kaufen?","answerCount":1,"acceptedAnswer":{"@type":"Answer","text":"Sie k\u00f6nnen Tickets <strong>online<\/strong> kaufen. In Zadar gibt es auch einen Fahrkartenschalter in der N\u00e4he des Abfahrtsortes des Katamarans. An anderen Orten k\u00f6nnen Tickets vor dem Einsteigen \u00fcber Handelsvertreter oder von der Besatzung gekauft werden. Bitte beachten Sie, dass in diesem Fall nur Barzahlungen akzeptiert werden (nur in kroatischer Kuna).","inLanguage":"en-US"},"inLanguage":"en-US"},{"@type":"Question","@id":"https:\/\/www.ferrycroatia.com\/de\/gv-line-zadar\/#faq-question-1625739992492","position":2,"url":"https:\/\/www.ferrycroatia.com\/de\/gv-line-zadar\/#faq-question-1625739992492","name":"Gibt es Sitzpl\u00e4tze im Freien auf den Schiffen?","answerCount":1,"acceptedAnswer":{"@type":"Answer","text":"Nur auf dem Motorschiff Anamarija, die anderen Schiffe fahren zu schnell.","inLanguage":"en-US"},"inLanguage":"en-US"},{"@type":"Question","@id":"https:\/\/www.ferrycroatia.com\/de\/gv-line-zadar\/#faq-question-1625739996805","position":3,"url":"https:\/\/www.ferrycroatia.com\/de\/gv-line-zadar\/#faq-question-1625739996805","name":"Wie viel Zeit vor der Abreise sollte ich im Hafen sein?","answerCount":1,"acceptedAnswer":{"@type":"Answer","text":"Die Empfehlung ist mindestens 30 Minuten vor Abreise.","inLanguage":"en-US"},"inLanguage":"en-US"},{"@type":"Question","@id":"https:\/\/www.ferrycroatia.com\/de\/gv-line-zadar\/#faq-question-1625740003804","position":4,"url":"https:\/\/www.ferrycroatia.com\/de\/gv-line-zadar\/#faq-question-1625740003804","name":"Kann ich auf den Schiffen der G &amp; V Line Iadera Sitzpl\u00e4tze nebeneinander reservieren?","answerCount":1,"acceptedAnswer":{"@type":"Answer","text":"Nein, auf den Booten gibt es freie Sitzpl\u00e4tze. Wenn Sie also mit der Familie oder in der Gruppe reisen, sollten Sie sich fr\u00fchzeitig f\u00fcr die Einschiffung anstellen, um sich Ihre Sitze zu sichern.","inLanguage":"en-US"},"inLanguage":"en-US"},{"@type":"Question","@id":"https:\/\/www.ferrycroatia.com\/de\/gv-line-zadar\/#faq-question-1625740010684","position":5,"url":"https:\/\/www.ferrycroatia.com\/de\/gv-line-zadar\/#faq-question-1625740010684","name":"Wie viel Gep\u00e4ck kann ich an Bord bringen?","answerCount":1,"acceptedAnswer":{"@type":"Answer","text":"Das Gep\u00e4ck ist auf 1 Handgep\u00e4ckst\u00fcck und 1 gr\u00f6\u00dfere Tasche \/ Koffer bis zu 20 kg begrenzt.","inLanguage":"en-US"},"inLanguage":"en-US"},{"@type":"Question","@id":"https:\/\/www.ferrycroatia.com\/de\/gv-line-zadar\/#faq-question-1625740020525","position":6,"url":"https:\/\/www.ferrycroatia.com\/de\/gv-line-zadar\/#faq-question-1625740020525","name":"Kann ich mein Haustier auf einen Katamaran bringen?","answerCount":1,"acceptedAnswer":{"@type":"Answer","text":"Hier ist ein Auszug aus den Gesch\u00e4ftsbedingungen von G &amp; V Line Iadera zu Haustieren:<br\/><em>Haustiere bis zu 7 kg d\u00fcrfen immer nur mit ihrem Besitzer in der Passagierlounge bleiben und nicht auf den Sitzen, sondern neben dem Sitz des Besitzers. Die Transportkapazit\u00e4t f\u00fcr Haustiere (Hunde), die schwerer als 7 kg sind, ist auf maximal 2 pro Person begrenzt. Der Transport von Tieren muss beim Einsteigen auf dem Schiff bezahlt werden (Zahlung: nur Barzahlung \/ W\u00e4hrung: Kuna).<\/em>","inLanguage":"en-US"},"inLanguage":"en-US"},{"@type":"Question","@id":"https:\/\/www.ferrycroatia.com\/de\/gv-line-zadar\/#faq-question-1625740035013","position":7,"url":"https:\/\/www.ferrycroatia.com\/de\/gv-line-zadar\/#faq-question-1625740035013","name":"Kann ich mein Fahrrad mit einem Katamaran mitbringen?","answerCount":1,"acceptedAnswer":{"@type":"Answer","text":"Ja, das k\u00f6nnen Sie, aber beachten Sie, dass der Platz f\u00fcr Fahrr\u00e4der begrenzt ist (maximal 20 Fahrr\u00e4der f\u00fcr den gesamten Katamaran). F\u00fcr den Fahrradtransport m\u00fcssen Sie extra bezahlen. Die Bezahlung erfolgt beim Einsteigen mit der kroatischen Kuna.","inLanguage":"en-US"},"inLanguage":"en-US"},{"@type":"Question","@id":"https:\/\/www.ferrycroatia.com\/de\/gv-line-zadar\/#faq-question-1625740043140","position":8,"url":"https:\/\/www.ferrycroatia.com\/de\/gv-line-zadar\/#faq-question-1625740043140","name":"Kann ich an Bord Getr\u00e4nke und Snacks kaufen?","answerCount":1,"acceptedAnswer":{"@type":"Answer","text":"Ja, aber nur auf den Schiffen Antonija und Anamarija.","inLanguage":"en-US"},"inLanguage":"en-US"},{"@type":"Question","@id":"https:\/\/www.ferrycroatia.com\/de\/gv-line-zadar\/#faq-question-1625740052852","position":9,"url":"https:\/\/www.ferrycroatia.com\/de\/gv-line-zadar\/#faq-question-1625740052852","name":"Ich habe ein Ticket online auf der Website von G &amp; V Line Iadera gekauft, aber das Ticket hat das falsche Reisedatum. Was soll ich tun?","answerCount":1,"acceptedAnswer":{"@type":"Answer","text":"<a href=\"https:\/\/www.gv-zadar.com\/terms-and-conditions-of-purchase\/\">Hier<\/a> k\u00f6nnen Sie die Bedingungen f\u00fcr die \u00c4nderung eines Tickets \u00fcberpr\u00fcfen.","inLanguage":"en-US"},"inLanguage":"en-US"}]}},"_links":{"self":[{"href":"https:\/\/www.ferrycroatia.com\/de\/wp-json\/wp\/v2\/pages\/738"}],"collection":[{"href":"https:\/\/www.ferrycroatia.com\/de\/wp-json\/wp\/v2\/pages"}],"about":[{"href":"https:\/\/www.ferrycroatia.com\/de\/wp-json\/wp\/v2\/types\/page"}],"author":[{"embeddable":true,"href":"https:\/\/www.ferrycroatia.com\/de\/wp-json\/wp\/v2\/users\/5"}],"replies":[{"embeddable":true,"href":"https:\/\/www.ferrycroatia.com\/de\/wp-json\/wp\/v2\/comments?post=738"}],"version-history":[{"count":5,"href":"https:\/\/www.ferrycroatia.com\/de\/wp-json\/wp\/v2\/pages\/738\/revisions"}],"predecessor-version":[{"id":1969,"href":"https:\/\/www.ferrycroatia.com\/de\/wp-json\/wp\/v2\/pages\/738\/revisions\/1969"}],"wp:attachment":[{"href":"https:\/\/www.ferrycroatia.com\/de\/wp-json\/wp\/v2\/media?parent=738"}],"curies":[{"name":"wp","href":"https:\/\/api.w.org\/{rel}","templated":true}]}}