{"id":744,"date":"2021-01-28T14:54:16","date_gmt":"2021-01-28T14:54:16","guid":{"rendered":"https:\/\/ferrycroatia.com\/de\/?page_id=744"},"modified":"2021-07-08T12:27:49","modified_gmt":"2021-07-08T10:27:49","slug":"gomo-viaggi","status":"publish","type":"page","link":"https:\/\/www.ferrycroatia.com\/de\/gomo-viaggi\/","title":{"rendered":"Gomo Viaggi"},"content":{"rendered":"\n<p><strong>Gomo Viaggi<\/strong> ist ein italienisches Reiseb\u00fcro und Reiseveranstalter, das 2003 in Pesaro, Italien, gegr\u00fcndet wurde. Der Hauptdienst des Unternehmens besteht darin, <a href=\"https:\/\/www.ferrycroatia.com\/de\/fahre-italien-kroatien\/\">F\u00e4hrverbindungen von Italien nach Kroatien<\/a> (und umgekehrt) anzubieten. Ab 2020 verbinden Gomo Viaggi-F\u00e4hren <strong>Pesaro<\/strong> und <strong>Cesenatico<\/strong> in Italien mit den <a href=\"https:\/\/www.ferrycroatia.com\/de\/inseln-kroatien\/\">kroatischen Inseln<\/a> &#8211; <a href=\"https:\/\/www.ferrycroatia.com\/de\/insel-pag\/\">Pag<\/a>, <a href=\"https:\/\/www.ferrycroatia.com\/de\/insel-losinj\/\">Losinj<\/a> und <a href=\"https:\/\/www.ferrycroatia.com\/de\/insel-rab\/\">Rab<\/a> sowie den istrischen H\u00e4fen Rovinj und Pula. Die Flotte des Unternehmens umfasst <strong>schnelle Katamarane und Tragfl\u00fcgelboote<\/strong>, was bedeutet, dass Reisen nach Kroatien und umgekehrt nach Italien nur wenige Stunden dauern.<\/p>\n\n\n\n<h2><b>H\u00e4ufig gestellte Fragen zu Gomo Viaggi<\/b><\/h2>\n\n\n\n<div class=\"schema-faq wp-block-yoast-faq-block\"><div class=\"schema-faq-section\" id=\"faq-question-1625740093152\"><strong class=\"schema-faq-question\"><strong>Wo kann ich Tickets f\u00fcr Gomo Viaggi-Routen kaufen?<\/strong><\/strong> <p class=\"schema-faq-answer\">Tickets k\u00f6nnen online sowie in den Betriebsb\u00fcros aller Verbindungsh\u00e4fen gebucht werden &#8211; in Pesaro, Cesenatico, Mali Losinj, Novalja (Insel Pag), Pula, Rovinj und Rab Town (Insel Rab).<\/p> <\/div> <div class=\"schema-faq-section\" id=\"faq-question-1625740101692\"><strong class=\"schema-faq-question\"><strong>Wie viel Gep\u00e4ck kann ich an Bord bringen?<\/strong><\/strong> <p class=\"schema-faq-answer\">Jeder Passagier kann ein \u00fcberpr\u00fcftes Gep\u00e4ckst\u00fcck mit einem Maximalgewicht von 15 kg (65 x 45 x 30 cm) und einen Rucksack mit einem Maximalgewicht von 5 kg kostenlos mitbringen. Wenn Ihre Taschen \u00fcbergewichtig oder \u00fcbergro\u00df sind, wird eine zus\u00e4tzliche Geb\u00fchr von 15 \u20ac pro Tasche erhoben.<\/p> <\/div> <div class=\"schema-faq-section\" id=\"faq-question-1625740106670\"><strong class=\"schema-faq-question\"><strong>Kann ich mein Haustier an Bord bringen?<\/strong><\/strong> <p class=\"schema-faq-answer\">Ja, Haustiere sind erlaubt, aber nur kleine, die in einem K\u00e4fig oder einer Tiertrage mit einem maximalen Gewicht von 5 kg getragen werden m\u00fcssen. Beachten Sie, dass Sie eine zus\u00e4tzliche Geb\u00fchr von 20 \u20ac pro Strecke zahlen m\u00fcssen.<\/p> <\/div> <div class=\"schema-faq-section\" id=\"faq-question-1625740114101\"><strong class=\"schema-faq-question\"><strong>Kann ich mein Fahrrad an Bord bringen?<\/strong><\/strong> <p class=\"schema-faq-answer\">Ja, Fahrr\u00e4der k\u00f6nnen gegen eine Geb\u00fchr von 20 \u20ac pro Strecke an Bord gebracht werden. Beachten Sie, dass Sie sich bez\u00fcglich dieses Problems an das Unternehmen wenden m\u00fcssen, da der Platz f\u00fcr Fahrr\u00e4der auf Schnellf\u00e4hren \/ Katamaranen begrenzt ist.<\/p> <\/div> <div class=\"schema-faq-section\" id=\"faq-question-1625740124085\"><strong class=\"schema-faq-question\"><strong>Wie fr\u00fch sollte ich im Hafen sein?<\/strong><\/strong> <p class=\"schema-faq-answer\">Wir empfehlen, so fr\u00fch wie m\u00f6glich zum Hafen zu kommen, insbesondere in der Hochsaison, wenn mehr Menschen anwesend sind. Die offizielle Empfehlung von Gomo Viaggi lautet, mindestens 2 Stunden vor Abreise dort zu sein, um die Zollformalit\u00e4ten zu erledigen.<\/p> <\/div> <div class=\"schema-faq-section\" id=\"faq-question-1625740131934\"><strong class=\"schema-faq-question\"><strong>Welche Dokumente ben\u00f6tige ich, wenn ich mit Gomo Viaggi nach Kroatien reise?<\/strong><\/strong> <p class=\"schema-faq-answer\">Sie ben\u00f6tigen einen Reisepass oder einen Personalausweis, der f\u00fcr Auslandsreisen g\u00fcltig ist. Der Reisepass muss mindestens 90 Tage ab dem R\u00fcckreisedatum g\u00fcltig sein. Wenn Ihre Dokumente bald ablaufen, wird empfohlen, sie rechtzeitig zu erneuern.<\/p> <\/div> <\/div>\n","protected":false},"excerpt":{"rendered":"<p>Gomo Viaggi ist ein italienisches Reiseb\u00fcro und Reiseveranstalter, das 2003 in Pesaro, Italien, gegr\u00fcndet wurde. Der Hauptdienst des Unternehmens besteht darin, F\u00e4hrverbindungen von Italien nach Kroatien (und umgekehrt) anzubieten. Ab 2020 verbinden Gomo Viaggi-F\u00e4hren Pesaro und Cesenatico in Italien mit den kroatischen Inseln &#8211; Pag, Losinj und Rab sowie den istrischen H\u00e4fen Rovinj und Pula. [&hellip;]<\/p>\n<p><a class=\"more-link\" href=\"https:\/\/www.ferrycroatia.com\/de\/gomo-viaggi\/\"> Continue reading&#8230;<\/a><\/p>\n","protected":false},"author":5,"featured_media":0,"parent":0,"menu_order":0,"comment_status":"closed","ping_status":"closed","template":"","meta":[],"yoast_head":"<!-- This site is optimized with the Yoast SEO plugin v19.8 - https:\/\/yoast.com\/wordpress\/plugins\/seo\/ -->\n<title>Gomo Viaggi - Katamaran Info, Fahrplan &amp; Preise<\/title>\n<meta name=\"description\" content=\"Gomo Viaggi ist ein italienisches Reiseb\u00fcro mit Sitz in Pesaro. Gomo Viaggi bietet regelm\u00e4\u00dfige Abfahrten von Italien nach Kroatien an. Infos \u00fcber das Unternehmen, Zeitpl\u00e4ne und die HGF zum Unternehmen.\" \/>\n<meta name=\"robots\" content=\"index, follow, max-snippet:-1, max-image-preview:large, max-video-preview:-1\" \/>\n<link rel=\"canonical\" href=\"https:\/\/www.ferrycroatia.com\/de\/gomo-viaggi\/\" \/>\n<meta property=\"og:locale\" content=\"en_US\" \/>\n<meta property=\"og:type\" content=\"article\" \/>\n<meta property=\"og:title\" content=\"Gomo Viaggi - Katamaran Info, Fahrplan &amp; Preise\" \/>\n<meta property=\"og:description\" content=\"Gomo Viaggi ist ein italienisches Reiseb\u00fcro mit Sitz in Pesaro. Gomo Viaggi bietet regelm\u00e4\u00dfige Abfahrten von Italien nach Kroatien an. Infos \u00fcber das Unternehmen, Zeitpl\u00e4ne und die HGF zum Unternehmen.\" \/>\n<meta property=\"og:url\" content=\"https:\/\/www.ferrycroatia.com\/de\/gomo-viaggi\/\" \/>\n<meta property=\"og:site_name\" content=\"F\u00e4hre Kroatien\" \/>\n<meta property=\"article:modified_time\" content=\"2021-07-08T10:27:49+00:00\" \/>\n<meta name=\"twitter:card\" content=\"summary_large_image\" \/>\n<meta name=\"twitter:label1\" content=\"Est. reading time\" \/>\n\t<meta name=\"twitter:data1\" content=\"2 minutes\" \/>\n<script type=\"application\/ld+json\" class=\"yoast-schema-graph\">{\"@context\":\"https:\/\/schema.org\",\"@graph\":[{\"@type\":[\"WebPage\",\"FAQPage\"],\"@id\":\"https:\/\/www.ferrycroatia.com\/de\/gomo-viaggi\/\",\"url\":\"https:\/\/www.ferrycroatia.com\/de\/gomo-viaggi\/\",\"name\":\"Gomo Viaggi - Katamaran Info, Fahrplan & Preise\",\"isPartOf\":{\"@id\":\"https:\/\/www.ferrycroatia.com\/de\/#website\"},\"datePublished\":\"2021-01-28T14:54:16+00:00\",\"dateModified\":\"2021-07-08T10:27:49+00:00\",\"description\":\"Gomo Viaggi ist ein italienisches Reiseb\u00fcro mit Sitz in Pesaro. Gomo Viaggi bietet regelm\u00e4\u00dfige Abfahrten von Italien nach Kroatien an. Infos \u00fcber das Unternehmen, Zeitpl\u00e4ne und die HGF zum Unternehmen.\",\"breadcrumb\":{\"@id\":\"https:\/\/www.ferrycroatia.com\/de\/gomo-viaggi\/#breadcrumb\"},\"mainEntity\":[{\"@id\":\"https:\/\/www.ferrycroatia.com\/de\/gomo-viaggi\/#faq-question-1625740093152\"},{\"@id\":\"https:\/\/www.ferrycroatia.com\/de\/gomo-viaggi\/#faq-question-1625740101692\"},{\"@id\":\"https:\/\/www.ferrycroatia.com\/de\/gomo-viaggi\/#faq-question-1625740106670\"},{\"@id\":\"https:\/\/www.ferrycroatia.com\/de\/gomo-viaggi\/#faq-question-1625740114101\"},{\"@id\":\"https:\/\/www.ferrycroatia.com\/de\/gomo-viaggi\/#faq-question-1625740124085\"},{\"@id\":\"https:\/\/www.ferrycroatia.com\/de\/gomo-viaggi\/#faq-question-1625740131934\"}],\"inLanguage\":\"en-US\",\"potentialAction\":[{\"@type\":\"ReadAction\",\"target\":[\"https:\/\/www.ferrycroatia.com\/de\/gomo-viaggi\/\"]}]},{\"@type\":\"BreadcrumbList\",\"@id\":\"https:\/\/www.ferrycroatia.com\/de\/gomo-viaggi\/#breadcrumb\",\"itemListElement\":[{\"@type\":\"ListItem\",\"position\":1,\"name\":\"Home\",\"item\":\"https:\/\/www.ferrycroatia.com\/de\/\"},{\"@type\":\"ListItem\",\"position\":2,\"name\":\"Gomo Viaggi\"}]},{\"@type\":\"WebSite\",\"@id\":\"https:\/\/www.ferrycroatia.com\/de\/#website\",\"url\":\"https:\/\/www.ferrycroatia.com\/de\/\",\"name\":\"F\u00e4hre Kroatien\",\"description\":\"Info und Fahrpl\u00e4ne f\u00fcr alle Katamarane und F\u00e4hren in Kroatien\",\"potentialAction\":[{\"@type\":\"SearchAction\",\"target\":{\"@type\":\"EntryPoint\",\"urlTemplate\":\"https:\/\/www.ferrycroatia.com\/de\/?s={search_term_string}\"},\"query-input\":\"required name=search_term_string\"}],\"inLanguage\":\"en-US\"},{\"@type\":\"Question\",\"@id\":\"https:\/\/www.ferrycroatia.com\/de\/gomo-viaggi\/#faq-question-1625740093152\",\"position\":1,\"url\":\"https:\/\/www.ferrycroatia.com\/de\/gomo-viaggi\/#faq-question-1625740093152\",\"name\":\"Wo kann ich Tickets f\u00fcr Gomo Viaggi-Routen kaufen?\",\"answerCount\":1,\"acceptedAnswer\":{\"@type\":\"Answer\",\"text\":\"Tickets k\u00f6nnen online sowie in den Betriebsb\u00fcros aller Verbindungsh\u00e4fen gebucht werden - in Pesaro, Cesenatico, Mali Losinj, Novalja (Insel Pag), Pula, Rovinj und Rab Town (Insel Rab).\",\"inLanguage\":\"en-US\"},\"inLanguage\":\"en-US\"},{\"@type\":\"Question\",\"@id\":\"https:\/\/www.ferrycroatia.com\/de\/gomo-viaggi\/#faq-question-1625740101692\",\"position\":2,\"url\":\"https:\/\/www.ferrycroatia.com\/de\/gomo-viaggi\/#faq-question-1625740101692\",\"name\":\"Wie viel Gep\u00e4ck kann ich an Bord bringen?\",\"answerCount\":1,\"acceptedAnswer\":{\"@type\":\"Answer\",\"text\":\"Jeder Passagier kann ein \u00fcberpr\u00fcftes Gep\u00e4ckst\u00fcck mit einem Maximalgewicht von 15 kg (65 x 45 x 30 cm) und einen Rucksack mit einem Maximalgewicht von 5 kg kostenlos mitbringen. Wenn Ihre Taschen \u00fcbergewichtig oder \u00fcbergro\u00df sind, wird eine zus\u00e4tzliche Geb\u00fchr von 15 \u20ac pro Tasche erhoben.\",\"inLanguage\":\"en-US\"},\"inLanguage\":\"en-US\"},{\"@type\":\"Question\",\"@id\":\"https:\/\/www.ferrycroatia.com\/de\/gomo-viaggi\/#faq-question-1625740106670\",\"position\":3,\"url\":\"https:\/\/www.ferrycroatia.com\/de\/gomo-viaggi\/#faq-question-1625740106670\",\"name\":\"Kann ich mein Haustier an Bord bringen?\",\"answerCount\":1,\"acceptedAnswer\":{\"@type\":\"Answer\",\"text\":\"Ja, Haustiere sind erlaubt, aber nur kleine, die in einem K\u00e4fig oder einer Tiertrage mit einem maximalen Gewicht von 5 kg getragen werden m\u00fcssen. Beachten Sie, dass Sie eine zus\u00e4tzliche Geb\u00fchr von 20 \u20ac pro Strecke zahlen m\u00fcssen.\",\"inLanguage\":\"en-US\"},\"inLanguage\":\"en-US\"},{\"@type\":\"Question\",\"@id\":\"https:\/\/www.ferrycroatia.com\/de\/gomo-viaggi\/#faq-question-1625740114101\",\"position\":4,\"url\":\"https:\/\/www.ferrycroatia.com\/de\/gomo-viaggi\/#faq-question-1625740114101\",\"name\":\"Kann ich mein Fahrrad an Bord bringen?\",\"answerCount\":1,\"acceptedAnswer\":{\"@type\":\"Answer\",\"text\":\"Ja, Fahrr\u00e4der k\u00f6nnen gegen eine Geb\u00fchr von 20 \u20ac pro Strecke an Bord gebracht werden. Beachten Sie, dass Sie sich bez\u00fcglich dieses Problems an das Unternehmen wenden m\u00fcssen, da der Platz f\u00fcr Fahrr\u00e4der auf Schnellf\u00e4hren \/ Katamaranen begrenzt ist.\",\"inLanguage\":\"en-US\"},\"inLanguage\":\"en-US\"},{\"@type\":\"Question\",\"@id\":\"https:\/\/www.ferrycroatia.com\/de\/gomo-viaggi\/#faq-question-1625740124085\",\"position\":5,\"url\":\"https:\/\/www.ferrycroatia.com\/de\/gomo-viaggi\/#faq-question-1625740124085\",\"name\":\"Wie fr\u00fch sollte ich im Hafen sein?\",\"answerCount\":1,\"acceptedAnswer\":{\"@type\":\"Answer\",\"text\":\"Wir empfehlen, so fr\u00fch wie m\u00f6glich zum Hafen zu kommen, insbesondere in der Hochsaison, wenn mehr Menschen anwesend sind. Die offizielle Empfehlung von Gomo Viaggi lautet, mindestens 2 Stunden vor Abreise dort zu sein, um die Zollformalit\u00e4ten zu erledigen.\",\"inLanguage\":\"en-US\"},\"inLanguage\":\"en-US\"},{\"@type\":\"Question\",\"@id\":\"https:\/\/www.ferrycroatia.com\/de\/gomo-viaggi\/#faq-question-1625740131934\",\"position\":6,\"url\":\"https:\/\/www.ferrycroatia.com\/de\/gomo-viaggi\/#faq-question-1625740131934\",\"name\":\"Welche Dokumente ben\u00f6tige ich, wenn ich mit Gomo Viaggi nach Kroatien reise?\",\"answerCount\":1,\"acceptedAnswer\":{\"@type\":\"Answer\",\"text\":\"Sie ben\u00f6tigen einen Reisepass oder einen Personalausweis, der f\u00fcr Auslandsreisen g\u00fcltig ist. Der Reisepass muss mindestens 90 Tage ab dem R\u00fcckreisedatum g\u00fcltig sein. Wenn Ihre Dokumente bald ablaufen, wird empfohlen, sie rechtzeitig zu erneuern.\",\"inLanguage\":\"en-US\"},\"inLanguage\":\"en-US\"}]}<\/script>\n<!-- \/ Yoast SEO plugin. -->","yoast_head_json":{"title":"Gomo Viaggi - Katamaran Info, Fahrplan & Preise","description":"Gomo Viaggi ist ein italienisches Reiseb\u00fcro mit Sitz in Pesaro. Gomo Viaggi bietet regelm\u00e4\u00dfige Abfahrten von Italien nach Kroatien an. Infos \u00fcber das Unternehmen, Zeitpl\u00e4ne und die HGF zum Unternehmen.","robots":{"index":"index","follow":"follow","max-snippet":"max-snippet:-1","max-image-preview":"max-image-preview:large","max-video-preview":"max-video-preview:-1"},"canonical":"https:\/\/www.ferrycroatia.com\/de\/gomo-viaggi\/","og_locale":"en_US","og_type":"article","og_title":"Gomo Viaggi - Katamaran Info, Fahrplan & Preise","og_description":"Gomo Viaggi ist ein italienisches Reiseb\u00fcro mit Sitz in Pesaro. Gomo Viaggi bietet regelm\u00e4\u00dfige Abfahrten von Italien nach Kroatien an. Infos \u00fcber das Unternehmen, Zeitpl\u00e4ne und die HGF zum Unternehmen.","og_url":"https:\/\/www.ferrycroatia.com\/de\/gomo-viaggi\/","og_site_name":"F\u00e4hre Kroatien","article_modified_time":"2021-07-08T10:27:49+00:00","twitter_card":"summary_large_image","twitter_misc":{"Est. reading time":"2 minutes"},"schema":{"@context":"https:\/\/schema.org","@graph":[{"@type":["WebPage","FAQPage"],"@id":"https:\/\/www.ferrycroatia.com\/de\/gomo-viaggi\/","url":"https:\/\/www.ferrycroatia.com\/de\/gomo-viaggi\/","name":"Gomo Viaggi - Katamaran Info, Fahrplan & Preise","isPartOf":{"@id":"https:\/\/www.ferrycroatia.com\/de\/#website"},"datePublished":"2021-01-28T14:54:16+00:00","dateModified":"2021-07-08T10:27:49+00:00","description":"Gomo Viaggi ist ein italienisches Reiseb\u00fcro mit Sitz in Pesaro. Gomo Viaggi bietet regelm\u00e4\u00dfige Abfahrten von Italien nach Kroatien an. Infos \u00fcber das Unternehmen, Zeitpl\u00e4ne und die HGF zum Unternehmen.","breadcrumb":{"@id":"https:\/\/www.ferrycroatia.com\/de\/gomo-viaggi\/#breadcrumb"},"mainEntity":[{"@id":"https:\/\/www.ferrycroatia.com\/de\/gomo-viaggi\/#faq-question-1625740093152"},{"@id":"https:\/\/www.ferrycroatia.com\/de\/gomo-viaggi\/#faq-question-1625740101692"},{"@id":"https:\/\/www.ferrycroatia.com\/de\/gomo-viaggi\/#faq-question-1625740106670"},{"@id":"https:\/\/www.ferrycroatia.com\/de\/gomo-viaggi\/#faq-question-1625740114101"},{"@id":"https:\/\/www.ferrycroatia.com\/de\/gomo-viaggi\/#faq-question-1625740124085"},{"@id":"https:\/\/www.ferrycroatia.com\/de\/gomo-viaggi\/#faq-question-1625740131934"}],"inLanguage":"en-US","potentialAction":[{"@type":"ReadAction","target":["https:\/\/www.ferrycroatia.com\/de\/gomo-viaggi\/"]}]},{"@type":"BreadcrumbList","@id":"https:\/\/www.ferrycroatia.com\/de\/gomo-viaggi\/#breadcrumb","itemListElement":[{"@type":"ListItem","position":1,"name":"Home","item":"https:\/\/www.ferrycroatia.com\/de\/"},{"@type":"ListItem","position":2,"name":"Gomo Viaggi"}]},{"@type":"WebSite","@id":"https:\/\/www.ferrycroatia.com\/de\/#website","url":"https:\/\/www.ferrycroatia.com\/de\/","name":"F\u00e4hre Kroatien","description":"Info und Fahrpl\u00e4ne f\u00fcr alle Katamarane und F\u00e4hren in Kroatien","potentialAction":[{"@type":"SearchAction","target":{"@type":"EntryPoint","urlTemplate":"https:\/\/www.ferrycroatia.com\/de\/?s={search_term_string}"},"query-input":"required name=search_term_string"}],"inLanguage":"en-US"},{"@type":"Question","@id":"https:\/\/www.ferrycroatia.com\/de\/gomo-viaggi\/#faq-question-1625740093152","position":1,"url":"https:\/\/www.ferrycroatia.com\/de\/gomo-viaggi\/#faq-question-1625740093152","name":"Wo kann ich Tickets f\u00fcr Gomo Viaggi-Routen kaufen?","answerCount":1,"acceptedAnswer":{"@type":"Answer","text":"Tickets k\u00f6nnen online sowie in den Betriebsb\u00fcros aller Verbindungsh\u00e4fen gebucht werden - in Pesaro, Cesenatico, Mali Losinj, Novalja (Insel Pag), Pula, Rovinj und Rab Town (Insel Rab).","inLanguage":"en-US"},"inLanguage":"en-US"},{"@type":"Question","@id":"https:\/\/www.ferrycroatia.com\/de\/gomo-viaggi\/#faq-question-1625740101692","position":2,"url":"https:\/\/www.ferrycroatia.com\/de\/gomo-viaggi\/#faq-question-1625740101692","name":"Wie viel Gep\u00e4ck kann ich an Bord bringen?","answerCount":1,"acceptedAnswer":{"@type":"Answer","text":"Jeder Passagier kann ein \u00fcberpr\u00fcftes Gep\u00e4ckst\u00fcck mit einem Maximalgewicht von 15 kg (65 x 45 x 30 cm) und einen Rucksack mit einem Maximalgewicht von 5 kg kostenlos mitbringen. Wenn Ihre Taschen \u00fcbergewichtig oder \u00fcbergro\u00df sind, wird eine zus\u00e4tzliche Geb\u00fchr von 15 \u20ac pro Tasche erhoben.","inLanguage":"en-US"},"inLanguage":"en-US"},{"@type":"Question","@id":"https:\/\/www.ferrycroatia.com\/de\/gomo-viaggi\/#faq-question-1625740106670","position":3,"url":"https:\/\/www.ferrycroatia.com\/de\/gomo-viaggi\/#faq-question-1625740106670","name":"Kann ich mein Haustier an Bord bringen?","answerCount":1,"acceptedAnswer":{"@type":"Answer","text":"Ja, Haustiere sind erlaubt, aber nur kleine, die in einem K\u00e4fig oder einer Tiertrage mit einem maximalen Gewicht von 5 kg getragen werden m\u00fcssen. Beachten Sie, dass Sie eine zus\u00e4tzliche Geb\u00fchr von 20 \u20ac pro Strecke zahlen m\u00fcssen.","inLanguage":"en-US"},"inLanguage":"en-US"},{"@type":"Question","@id":"https:\/\/www.ferrycroatia.com\/de\/gomo-viaggi\/#faq-question-1625740114101","position":4,"url":"https:\/\/www.ferrycroatia.com\/de\/gomo-viaggi\/#faq-question-1625740114101","name":"Kann ich mein Fahrrad an Bord bringen?","answerCount":1,"acceptedAnswer":{"@type":"Answer","text":"Ja, Fahrr\u00e4der k\u00f6nnen gegen eine Geb\u00fchr von 20 \u20ac pro Strecke an Bord gebracht werden. Beachten Sie, dass Sie sich bez\u00fcglich dieses Problems an das Unternehmen wenden m\u00fcssen, da der Platz f\u00fcr Fahrr\u00e4der auf Schnellf\u00e4hren \/ Katamaranen begrenzt ist.","inLanguage":"en-US"},"inLanguage":"en-US"},{"@type":"Question","@id":"https:\/\/www.ferrycroatia.com\/de\/gomo-viaggi\/#faq-question-1625740124085","position":5,"url":"https:\/\/www.ferrycroatia.com\/de\/gomo-viaggi\/#faq-question-1625740124085","name":"Wie fr\u00fch sollte ich im Hafen sein?","answerCount":1,"acceptedAnswer":{"@type":"Answer","text":"Wir empfehlen, so fr\u00fch wie m\u00f6glich zum Hafen zu kommen, insbesondere in der Hochsaison, wenn mehr Menschen anwesend sind. Die offizielle Empfehlung von Gomo Viaggi lautet, mindestens 2 Stunden vor Abreise dort zu sein, um die Zollformalit\u00e4ten zu erledigen.","inLanguage":"en-US"},"inLanguage":"en-US"},{"@type":"Question","@id":"https:\/\/www.ferrycroatia.com\/de\/gomo-viaggi\/#faq-question-1625740131934","position":6,"url":"https:\/\/www.ferrycroatia.com\/de\/gomo-viaggi\/#faq-question-1625740131934","name":"Welche Dokumente ben\u00f6tige ich, wenn ich mit Gomo Viaggi nach Kroatien reise?","answerCount":1,"acceptedAnswer":{"@type":"Answer","text":"Sie ben\u00f6tigen einen Reisepass oder einen Personalausweis, der f\u00fcr Auslandsreisen g\u00fcltig ist. Der Reisepass muss mindestens 90 Tage ab dem R\u00fcckreisedatum g\u00fcltig sein. Wenn Ihre Dokumente bald ablaufen, wird empfohlen, sie rechtzeitig zu erneuern.","inLanguage":"en-US"},"inLanguage":"en-US"}]}},"_links":{"self":[{"href":"https:\/\/www.ferrycroatia.com\/de\/wp-json\/wp\/v2\/pages\/744"}],"collection":[{"href":"https:\/\/www.ferrycroatia.com\/de\/wp-json\/wp\/v2\/pages"}],"about":[{"href":"https:\/\/www.ferrycroatia.com\/de\/wp-json\/wp\/v2\/types\/page"}],"author":[{"embeddable":true,"href":"https:\/\/www.ferrycroatia.com\/de\/wp-json\/wp\/v2\/users\/5"}],"replies":[{"embeddable":true,"href":"https:\/\/www.ferrycroatia.com\/de\/wp-json\/wp\/v2\/comments?post=744"}],"version-history":[{"count":3,"href":"https:\/\/www.ferrycroatia.com\/de\/wp-json\/wp\/v2\/pages\/744\/revisions"}],"predecessor-version":[{"id":1970,"href":"https:\/\/www.ferrycroatia.com\/de\/wp-json\/wp\/v2\/pages\/744\/revisions\/1970"}],"wp:attachment":[{"href":"https:\/\/www.ferrycroatia.com\/de\/wp-json\/wp\/v2\/media?parent=744"}],"curies":[{"name":"wp","href":"https:\/\/api.w.org\/{rel}","templated":true}]}}