{"id":746,"date":"2021-01-28T15:15:59","date_gmt":"2021-01-28T15:15:59","guid":{"rendered":"https:\/\/ferrycroatia.com\/de\/?page_id=746"},"modified":"2024-06-27T13:49:37","modified_gmt":"2024-06-27T11:49:37","slug":"jadrolinija","status":"publish","type":"page","link":"https:\/\/www.ferrycroatia.com\/de\/jadrolinija\/","title":{"rendered":"Jadrolinija"},"content":{"rendered":"\n<p>Jadrolinija ist die <strong>wichtigste F\u00e4hrgesellschaft in Kroatien<\/strong>. Das Unternehmen hat eine mehr als 100-j\u00e4hrige Geschichte. Das Unternehmen hat seinen Sitz in Rijeka, operiert jedoch von allen vier gro\u00dfen H\u00e4fen in Kroatien aus &#8211; Rijeka, Zadar, Split und Dubrovnik.<br>\nInsgesamt hat das Unternehmen<strong> mehr als 50 Autof\u00e4hren, Katamarane, Schnellf\u00e4hren und Schiffe in Betrieb<\/strong>. Einige Schiffe der Flotte sind \u00e4ltere Boote, die fr\u00fcher f\u00fcr andere Unternehmen fuhren. Jadrolinija hat jedoch auch viele neue F\u00e4hren, die auf bestimmten Strecken verkehren, beispielsweise F\u00e4hren zwischen <a href=\"https:\/\/www.ferrycroatia.com\/de\/split-supetar\/\">Split und Supetar<\/a>.<\/p>\n\n\n\n<p>Jadrolinija betreibt viele <strong>staatlich subventionierte Linien<\/strong>, um sicherzustellen, dass die Inseln mit dem Festland verbunden sind. Dies bedeutet nicht nur Sommerrouten, sondern auch Routen in der Nebensaison und im Winter, wenn es nicht so viele Touristen gibt. Dar\u00fcber hinaus werden die meisten F\u00e4hrverbindungen zwischen Kroatien und Italien betrieben, darunter die Strecken <a href=\"https:\/\/www.ferrycroatia.com\/de\/zadar-ancona\/\">Zadar nach Ancona<\/a>, <a href=\"https:\/\/www.ferrycroatia.com\/de\/split-ancona\/\">Split nach Ancona<\/a> und <a href=\"https:\/\/www.ferrycroatia.com\/de\/dubrovnik-bari\/\">Dubrovnik nach Bari<\/a>.<\/p>\n\n\n\n<h2 class=\"has-medium-font-size\">Beliebteste Routen von Jadrolinija<\/h2>\n\n\n\n<h2 class=\"has-medium-font-size\">F\u00e4hren von Split<\/h2>\n\n\n\n<figure class=\"wp-block-table\"><table><tbody><tr><td><a href=\"https:\/\/www.ferrycroatia.com\/de\/split-hvar\/\">Jadrolinija-F\u00e4hre Split nach Hvar<\/a><\/td><td><a href=\"https:\/\/www.ferrycroatia.com\/de\/split-dubrovnik\/\">Jadrolinija-F\u00e4hre Split nach Dubrovnik<\/a><\/td><td><a href=\"https:\/\/www.ferrycroatia.com\/de\/split-vis\/\">Jadrolinija-F\u00e4hre Split nach Vis<\/a><\/td><\/tr><tr><td><a href=\"https:\/\/www.ferrycroatia.com\/de\/split-supetar\/\">Jadrolinija-F\u00e4hre Split nach Supetar<\/a><\/td><td><a href=\"https:\/\/www.ferrycroatia.com\/de\/split-bol\/\">Jadrolinija-F\u00e4hre Split nach Bol<\/a><\/td><td><a href=\"https:\/\/www.ferrycroatia.com\/de\/split-ancona\/\">Jadrolinija-F\u00e4hre Split nach Ancona<\/a><\/td><\/tr><\/tbody><\/table><\/figure>\n\n\n\n<h2 class=\"has-medium-font-size\">F\u00e4hren von Dubrovnik<\/h2>\n\n\n\n<figure class=\"wp-block-table\"><table><tbody><tr><td><a href=\"https:\/\/www.ferrycroatia.com\/de\/dubrovnik-korcula\">F\u00e4hre Dubrovnik nach Kor\u010dula<\/a><\/td><td><a href=\"https:\/\/www.ferrycroatia.com\/de\/dubrovnik-bari\/\">F\u00e4hre Dubrovnik nach Bari<\/a><\/td><td><a href=\"https:\/\/www.ferrycroatia.com\/de\/dubrovnik-split\/\">F\u00e4hre Dubrovnik nach Split<\/a><\/td><\/tr><tr><td><a href=\"https:\/\/www.ferrycroatia.com\/de\/dubrovnik-stadt-hvar\/\">F\u00e4hre Dubrovnik nach Hvar<\/a><\/td><td><a href=\"https:\/\/www.ferrycroatia.com\/de\/dubrovnik-lopud\/\">F\u00e4hre Dubrovnik nach Lopud<\/a><\/td><td><a href=\"https:\/\/www.ferrycroatia.com\/de\/dubrovnik-pomena\/\">F\u00e4hre Dubrovnik nach Mljet<\/a><\/td><\/tr><\/tbody><\/table><\/figure>\n\n\n\n<h2 class=\"has-medium-font-size\"><b>H\u00e4ufig gestellte Fragen<\/b><\/h2>\n\n\n\n<div class=\"schema-faq wp-block-yoast-faq-block\"><div class=\"schema-faq-section\" id=\"faq-question-1625740168829\"><strong class=\"schema-faq-question\"><strong>Kann ich mein Haustier auf die F\u00e4hre oder den Katamaran bringen?<\/strong><\/strong> <p class=\"schema-faq-answer\">Gem\u00e4\u00df den Jadrolinija-<strong>Transportbedingungen<\/strong> gelten f\u00fcr Haustiere die folgenden Regeln:<br\/><em>\u201eHaustiere d\u00fcrfen nur bef\u00f6rdert werden, wenn sie keine Bedrohung oder St\u00f6rung f\u00fcr Passagiere oder das Schiff darstellen, und d\u00fcrfen nicht in geschlossene Passagierbereiche gebracht werden. Die Eigent\u00fcmer \u00fcbernehmen die Verantwortung f\u00fcr alle Reiserisiken und f\u00fcr etwaige Sch\u00e4den. Hunde m\u00fcssen einen Maulkorb tragen (mit Ausnahme von Blindenhunden) und an der Leine sein, Katzen in Reiseboxen und V\u00f6gel in K\u00e4figen. Hunde und Katzen m\u00fcssen \u00fcber aktuelle Impfnachweise verf\u00fcgen. \u201c<\/em><br\/><br\/><em>\u201eAuf Hochgeschwindigkeitsstrecken (Katamaranen) sind kleine Haustiere im Katamaran-Salon erlaubt. Kleine Haustiere d\u00fcrfen ausschlie\u00dflich in einer Tragetasche transportiert werden, die f\u00fcr den Transport von Haustieren (Transporter-Softbag) mit den maximalen Abmessungen 45 x 35 x 25 cm ausgelegt ist. Der Boden der Tasche<\/em> <em>muss wasserdicht sein. Das Gesamtgewicht <em>der Tasche<\/em><\/em> <em>mit einem Haustier sollte 8 kg nicht \u00fcberschreiten. Die Tasche muss w\u00e4hrend der gesamten Fahrt unter dem Sitz oder auf dem Scho\u00df des Passagiers aufbewahrt werden. Ein Passagier kann nur eine Tasche mit einem Haustier tragen. Gro\u00dfe Haustiere sind nur erlaubt, wenn die technischen Bedingungen an Bord erf\u00fcllt sind (spezielle Boxen). \u201c<\/em><\/p> <\/div> <div class=\"schema-faq-section\" id=\"faq-question-1625740191101\"><strong class=\"schema-faq-question\"><strong>Wo kann ich Tickets f\u00fcr die F\u00e4hre kaufen?<\/strong><\/strong> <p class=\"schema-faq-answer\">A: Jadrolinija hat Verkaufsstellen <strong>an allen H\u00e4fen<\/strong>. Wenn Sie keine Probleme mit dem Kauf des Tickets im Hafen haben m\u00f6chten, k\u00f6nnen Sie Tickets f\u00fcr die meisten F\u00e4hren auch <strong>online kaufen<\/strong>.<\/p> <\/div> <div class=\"schema-faq-section\" id=\"faq-question-1625740203946\"><strong class=\"schema-faq-question\"><strong>Kann ich mein Fahrrad mit der F\u00e4hre oder dem Katamaran mitbringen?<\/strong><\/strong> <p class=\"schema-faq-answer\">Auf der Autof\u00e4hre k\u00f6nnen Sie Ihr Fahrrad mitbringen. Sie m\u00fcssen daf\u00fcr ein Erwachsenenticket kaufen. Auf Katamaranen \/ Schnellf\u00e4hren ist das Mitbringen eines Fahrrads nicht m\u00f6glich.<\/p> <\/div> <div class=\"schema-faq-section\" id=\"faq-question-1625740209821\"><strong class=\"schema-faq-question\"><strong>Wie viel Gep\u00e4ck kann ich mit der F\u00e4hre mitnehmen?<\/strong><\/strong> <p class=\"schema-faq-answer\">Auf Autof\u00e4hrlinien ist Gep\u00e4ck bis zu 100 kg erlaubt, auf Katamaranen \/ Passagierf\u00e4hren ist das Freigep\u00e4ck auf 20 kg pro Person begrenzt.<\/p> <\/div> <div class=\"schema-faq-section\" id=\"faq-question-1625740217652\"><strong class=\"schema-faq-question\"><strong>Ich versuche, ein Ticket f\u00fcr die Autof\u00e4hre zu kaufen. Warum hei\u00dft es, dass mir bei einer bestimmten Abfahrt kein Platz garantiert wird?<\/strong><\/strong> <p class=\"schema-faq-answer\">Viele F\u00e4hrh\u00e4fen haben aufgrund enger Stra\u00dfen oder kleiner H\u00e4fen kein Warteschlangensystem f\u00fcr Autos. Daher werden die Autos in der Reihenfolge beladen, in der sie am F\u00e4hrhafen angekommen sind. Aus diesem Grund<strong> kann Jadrolinija Ihnen bei einem bestimmten Abfahrt keinen Platz garantieren<\/strong>.<\/p> <\/div> <\/div>\n\n\n\n<figure class=\"wp-block-image size-full\"><img decoding=\"async\" loading=\"lazy\" width=\"1024\" height=\"576\" data-src=\"https:\/\/www.ferrycroatia.com\/de\/wp-content\/uploads\/2024\/06\/Segelpunkt-fu\u0308r-Jadrolinija-im-Fa\u0308hrhafen-von-Split.webp\" alt=\"Jadrolinija\" class=\"wp-image-2805\" data-srcset=\"https:\/\/www.ferrycroatia.com\/de\/wp-content\/uploads\/2024\/06\/Segelpunkt-fu\u0308r-Jadrolinija-im-Fa\u0308hrhafen-von-Split.webp 1024w, https:\/\/www.ferrycroatia.com\/de\/wp-content\/uploads\/2024\/06\/Segelpunkt-fu\u0308r-Jadrolinija-im-Fa\u0308hrhafen-von-Split-300x169.webp 300w, https:\/\/www.ferrycroatia.com\/de\/wp-content\/uploads\/2024\/06\/Segelpunkt-fu\u0308r-Jadrolinija-im-Fa\u0308hrhafen-von-Split-768x432.webp 768w\" sizes=\"(max-width: 1024px) 100vw, 1024px\" \/><figcaption class=\"wp-element-caption\">Segelpunkt im F\u00e4hrhafen von Split<\/figcaption><\/figure>\n","protected":false},"excerpt":{"rendered":"<p>Jadrolinija ist die wichtigste F\u00e4hrgesellschaft in Kroatien. Das Unternehmen hat eine mehr als 100-j\u00e4hrige Geschichte. Das Unternehmen hat seinen Sitz in Rijeka, operiert jedoch von allen vier gro\u00dfen H\u00e4fen in Kroatien aus &#8211; Rijeka, Zadar, Split und Dubrovnik. Insgesamt hat das Unternehmen mehr als 50 Autof\u00e4hren, Katamarane, Schnellf\u00e4hren und Schiffe in Betrieb. Einige Schiffe der [&hellip;]<\/p>\n<p><a class=\"more-link\" href=\"https:\/\/www.ferrycroatia.com\/de\/jadrolinija\/\"> Continue reading&#8230;<\/a><\/p>\n","protected":false},"author":5,"featured_media":748,"parent":0,"menu_order":0,"comment_status":"closed","ping_status":"closed","template":"","meta":[],"yoast_head":"<!-- This site is optimized with the Yoast SEO plugin v19.8 - https:\/\/yoast.com\/wordpress\/plugins\/seo\/ -->\n<title>Jadrolinija F\u00e4hrgesellschaft, Infos, Fahrplan und Preise<\/title>\n<meta name=\"description\" content=\"Jadrolinija Kroatischer F\u00e4hrbetreiber, Informationen, Fahrplan und F\u00e4hrstrecken, die von der F\u00e4hrgesellschaft Jadrolinija betrieben werden\" \/>\n<meta name=\"robots\" content=\"index, follow, max-snippet:-1, max-image-preview:large, max-video-preview:-1\" \/>\n<link rel=\"canonical\" href=\"https:\/\/www.ferrycroatia.com\/de\/jadrolinija\/\" \/>\n<meta property=\"og:locale\" content=\"en_US\" \/>\n<meta property=\"og:type\" content=\"article\" \/>\n<meta property=\"og:title\" content=\"Jadrolinija F\u00e4hrgesellschaft, Infos, Fahrplan und Preise\" \/>\n<meta property=\"og:description\" content=\"Jadrolinija Kroatischer F\u00e4hrbetreiber, Informationen, Fahrplan und F\u00e4hrstrecken, die von der F\u00e4hrgesellschaft Jadrolinija betrieben werden\" \/>\n<meta property=\"og:url\" content=\"https:\/\/www.ferrycroatia.com\/de\/jadrolinija\/\" \/>\n<meta property=\"og:site_name\" content=\"F\u00e4hre Kroatien\" \/>\n<meta property=\"article:modified_time\" content=\"2024-06-27T11:49:37+00:00\" \/>\n<meta property=\"og:image\" content=\"https:\/\/www.ferrycroatia.com\/de\/wp-content\/uploads\/2021\/01\/Jadrolinija-Katamaran.jpg\" \/>\n\t<meta property=\"og:image:width\" content=\"1387\" \/>\n\t<meta property=\"og:image:height\" content=\"1040\" \/>\n\t<meta property=\"og:image:type\" content=\"image\/jpeg\" \/>\n<meta name=\"twitter:card\" content=\"summary_large_image\" \/>\n<meta name=\"twitter:label1\" content=\"Est. reading time\" \/>\n\t<meta name=\"twitter:data1\" content=\"3 minutes\" \/>\n<script type=\"application\/ld+json\" class=\"yoast-schema-graph\">{\"@context\":\"https:\/\/schema.org\",\"@graph\":[{\"@type\":[\"WebPage\",\"FAQPage\"],\"@id\":\"https:\/\/www.ferrycroatia.com\/de\/jadrolinija\/\",\"url\":\"https:\/\/www.ferrycroatia.com\/de\/jadrolinija\/\",\"name\":\"Jadrolinija F\u00e4hrgesellschaft, Infos, Fahrplan und Preise\",\"isPartOf\":{\"@id\":\"https:\/\/www.ferrycroatia.com\/de\/#website\"},\"datePublished\":\"2021-01-28T15:15:59+00:00\",\"dateModified\":\"2024-06-27T11:49:37+00:00\",\"description\":\"Jadrolinija Kroatischer F\u00e4hrbetreiber, Informationen, Fahrplan und F\u00e4hrstrecken, die von der F\u00e4hrgesellschaft Jadrolinija betrieben werden\",\"breadcrumb\":{\"@id\":\"https:\/\/www.ferrycroatia.com\/de\/jadrolinija\/#breadcrumb\"},\"mainEntity\":[{\"@id\":\"https:\/\/www.ferrycroatia.com\/de\/jadrolinija\/#faq-question-1625740168829\"},{\"@id\":\"https:\/\/www.ferrycroatia.com\/de\/jadrolinija\/#faq-question-1625740191101\"},{\"@id\":\"https:\/\/www.ferrycroatia.com\/de\/jadrolinija\/#faq-question-1625740203946\"},{\"@id\":\"https:\/\/www.ferrycroatia.com\/de\/jadrolinija\/#faq-question-1625740209821\"},{\"@id\":\"https:\/\/www.ferrycroatia.com\/de\/jadrolinija\/#faq-question-1625740217652\"}],\"inLanguage\":\"en-US\",\"potentialAction\":[{\"@type\":\"ReadAction\",\"target\":[\"https:\/\/www.ferrycroatia.com\/de\/jadrolinija\/\"]}]},{\"@type\":\"BreadcrumbList\",\"@id\":\"https:\/\/www.ferrycroatia.com\/de\/jadrolinija\/#breadcrumb\",\"itemListElement\":[{\"@type\":\"ListItem\",\"position\":1,\"name\":\"Home\",\"item\":\"https:\/\/www.ferrycroatia.com\/de\/\"},{\"@type\":\"ListItem\",\"position\":2,\"name\":\"Jadrolinija\"}]},{\"@type\":\"WebSite\",\"@id\":\"https:\/\/www.ferrycroatia.com\/de\/#website\",\"url\":\"https:\/\/www.ferrycroatia.com\/de\/\",\"name\":\"F\u00e4hre Kroatien\",\"description\":\"Info und Fahrpl\u00e4ne f\u00fcr alle Katamarane und F\u00e4hren in Kroatien\",\"potentialAction\":[{\"@type\":\"SearchAction\",\"target\":{\"@type\":\"EntryPoint\",\"urlTemplate\":\"https:\/\/www.ferrycroatia.com\/de\/?s={search_term_string}\"},\"query-input\":\"required name=search_term_string\"}],\"inLanguage\":\"en-US\"},{\"@type\":\"Question\",\"@id\":\"https:\/\/www.ferrycroatia.com\/de\/jadrolinija\/#faq-question-1625740168829\",\"position\":1,\"url\":\"https:\/\/www.ferrycroatia.com\/de\/jadrolinija\/#faq-question-1625740168829\",\"name\":\"Kann ich mein Haustier auf die F\u00e4hre oder den Katamaran bringen?\",\"answerCount\":1,\"acceptedAnswer\":{\"@type\":\"Answer\",\"text\":\"Gem\u00e4\u00df den Jadrolinija-<strong>Transportbedingungen<\/strong> gelten f\u00fcr Haustiere die folgenden Regeln:<br\/><em>\u201eHaustiere d\u00fcrfen nur bef\u00f6rdert werden, wenn sie keine Bedrohung oder St\u00f6rung f\u00fcr Passagiere oder das Schiff darstellen, und d\u00fcrfen nicht in geschlossene Passagierbereiche gebracht werden. Die Eigent\u00fcmer \u00fcbernehmen die Verantwortung f\u00fcr alle Reiserisiken und f\u00fcr etwaige Sch\u00e4den. Hunde m\u00fcssen einen Maulkorb tragen (mit Ausnahme von Blindenhunden) und an der Leine sein, Katzen in Reiseboxen und V\u00f6gel in K\u00e4figen. Hunde und Katzen m\u00fcssen \u00fcber aktuelle Impfnachweise verf\u00fcgen. \u201c<\/em><br\/><br\/><em>\u201eAuf Hochgeschwindigkeitsstrecken (Katamaranen) sind kleine Haustiere im Katamaran-Salon erlaubt. Kleine Haustiere d\u00fcrfen ausschlie\u00dflich in einer Tragetasche transportiert werden, die f\u00fcr den Transport von Haustieren (Transporter-Softbag) mit den maximalen Abmessungen 45 x 35 x 25 cm ausgelegt ist. Der Boden der Tasche<\/em> <em>muss wasserdicht sein. Das Gesamtgewicht <em>der Tasche<\/em><\/em> <em>mit einem Haustier sollte 8 kg nicht \u00fcberschreiten. Die Tasche muss w\u00e4hrend der gesamten Fahrt unter dem Sitz oder auf dem Scho\u00df des Passagiers aufbewahrt werden. Ein Passagier kann nur eine Tasche mit einem Haustier tragen. Gro\u00dfe Haustiere sind nur erlaubt, wenn die technischen Bedingungen an Bord erf\u00fcllt sind (spezielle Boxen). \u201c<\/em>\",\"inLanguage\":\"en-US\"},\"inLanguage\":\"en-US\"},{\"@type\":\"Question\",\"@id\":\"https:\/\/www.ferrycroatia.com\/de\/jadrolinija\/#faq-question-1625740191101\",\"position\":2,\"url\":\"https:\/\/www.ferrycroatia.com\/de\/jadrolinija\/#faq-question-1625740191101\",\"name\":\"Wo kann ich Tickets f\u00fcr die F\u00e4hre kaufen?\",\"answerCount\":1,\"acceptedAnswer\":{\"@type\":\"Answer\",\"text\":\"A: Jadrolinija hat Verkaufsstellen <strong>an allen H\u00e4fen<\/strong>. Wenn Sie keine Probleme mit dem Kauf des Tickets im Hafen haben m\u00f6chten, k\u00f6nnen Sie Tickets f\u00fcr die meisten F\u00e4hren auch <strong>online kaufen<\/strong>.\",\"inLanguage\":\"en-US\"},\"inLanguage\":\"en-US\"},{\"@type\":\"Question\",\"@id\":\"https:\/\/www.ferrycroatia.com\/de\/jadrolinija\/#faq-question-1625740203946\",\"position\":3,\"url\":\"https:\/\/www.ferrycroatia.com\/de\/jadrolinija\/#faq-question-1625740203946\",\"name\":\"Kann ich mein Fahrrad mit der F\u00e4hre oder dem Katamaran mitbringen?\",\"answerCount\":1,\"acceptedAnswer\":{\"@type\":\"Answer\",\"text\":\"Auf der Autof\u00e4hre k\u00f6nnen Sie Ihr Fahrrad mitbringen. Sie m\u00fcssen daf\u00fcr ein Erwachsenenticket kaufen. Auf Katamaranen \/ Schnellf\u00e4hren ist das Mitbringen eines Fahrrads nicht m\u00f6glich.\",\"inLanguage\":\"en-US\"},\"inLanguage\":\"en-US\"},{\"@type\":\"Question\",\"@id\":\"https:\/\/www.ferrycroatia.com\/de\/jadrolinija\/#faq-question-1625740209821\",\"position\":4,\"url\":\"https:\/\/www.ferrycroatia.com\/de\/jadrolinija\/#faq-question-1625740209821\",\"name\":\"Wie viel Gep\u00e4ck kann ich mit der F\u00e4hre mitnehmen?\",\"answerCount\":1,\"acceptedAnswer\":{\"@type\":\"Answer\",\"text\":\"Auf Autof\u00e4hrlinien ist Gep\u00e4ck bis zu 100 kg erlaubt, auf Katamaranen \/ Passagierf\u00e4hren ist das Freigep\u00e4ck auf 20 kg pro Person begrenzt.\",\"inLanguage\":\"en-US\"},\"inLanguage\":\"en-US\"},{\"@type\":\"Question\",\"@id\":\"https:\/\/www.ferrycroatia.com\/de\/jadrolinija\/#faq-question-1625740217652\",\"position\":5,\"url\":\"https:\/\/www.ferrycroatia.com\/de\/jadrolinija\/#faq-question-1625740217652\",\"name\":\"Ich versuche, ein Ticket f\u00fcr die Autof\u00e4hre zu kaufen. Warum hei\u00dft es, dass mir bei einer bestimmten Abfahrt kein Platz garantiert wird?\",\"answerCount\":1,\"acceptedAnswer\":{\"@type\":\"Answer\",\"text\":\"Viele F\u00e4hrh\u00e4fen haben aufgrund enger Stra\u00dfen oder kleiner H\u00e4fen kein Warteschlangensystem f\u00fcr Autos. Daher werden die Autos in der Reihenfolge beladen, in der sie am F\u00e4hrhafen angekommen sind. Aus diesem Grund<strong> kann Jadrolinija Ihnen bei einem bestimmten Abfahrt keinen Platz garantieren<\/strong>.\",\"inLanguage\":\"en-US\"},\"inLanguage\":\"en-US\"}]}<\/script>\n<!-- \/ Yoast SEO plugin. -->","yoast_head_json":{"title":"Jadrolinija F\u00e4hrgesellschaft, Infos, Fahrplan und Preise","description":"Jadrolinija Kroatischer F\u00e4hrbetreiber, Informationen, Fahrplan und F\u00e4hrstrecken, die von der F\u00e4hrgesellschaft Jadrolinija betrieben werden","robots":{"index":"index","follow":"follow","max-snippet":"max-snippet:-1","max-image-preview":"max-image-preview:large","max-video-preview":"max-video-preview:-1"},"canonical":"https:\/\/www.ferrycroatia.com\/de\/jadrolinija\/","og_locale":"en_US","og_type":"article","og_title":"Jadrolinija F\u00e4hrgesellschaft, Infos, Fahrplan und Preise","og_description":"Jadrolinija Kroatischer F\u00e4hrbetreiber, Informationen, Fahrplan und F\u00e4hrstrecken, die von der F\u00e4hrgesellschaft Jadrolinija betrieben werden","og_url":"https:\/\/www.ferrycroatia.com\/de\/jadrolinija\/","og_site_name":"F\u00e4hre Kroatien","article_modified_time":"2024-06-27T11:49:37+00:00","og_image":[{"width":1387,"height":1040,"url":"https:\/\/www.ferrycroatia.com\/de\/wp-content\/uploads\/2021\/01\/Jadrolinija-Katamaran.jpg","type":"image\/jpeg"}],"twitter_card":"summary_large_image","twitter_misc":{"Est. reading time":"3 minutes"},"schema":{"@context":"https:\/\/schema.org","@graph":[{"@type":["WebPage","FAQPage"],"@id":"https:\/\/www.ferrycroatia.com\/de\/jadrolinija\/","url":"https:\/\/www.ferrycroatia.com\/de\/jadrolinija\/","name":"Jadrolinija F\u00e4hrgesellschaft, Infos, Fahrplan und Preise","isPartOf":{"@id":"https:\/\/www.ferrycroatia.com\/de\/#website"},"datePublished":"2021-01-28T15:15:59+00:00","dateModified":"2024-06-27T11:49:37+00:00","description":"Jadrolinija Kroatischer F\u00e4hrbetreiber, Informationen, Fahrplan und F\u00e4hrstrecken, die von der F\u00e4hrgesellschaft Jadrolinija betrieben werden","breadcrumb":{"@id":"https:\/\/www.ferrycroatia.com\/de\/jadrolinija\/#breadcrumb"},"mainEntity":[{"@id":"https:\/\/www.ferrycroatia.com\/de\/jadrolinija\/#faq-question-1625740168829"},{"@id":"https:\/\/www.ferrycroatia.com\/de\/jadrolinija\/#faq-question-1625740191101"},{"@id":"https:\/\/www.ferrycroatia.com\/de\/jadrolinija\/#faq-question-1625740203946"},{"@id":"https:\/\/www.ferrycroatia.com\/de\/jadrolinija\/#faq-question-1625740209821"},{"@id":"https:\/\/www.ferrycroatia.com\/de\/jadrolinija\/#faq-question-1625740217652"}],"inLanguage":"en-US","potentialAction":[{"@type":"ReadAction","target":["https:\/\/www.ferrycroatia.com\/de\/jadrolinija\/"]}]},{"@type":"BreadcrumbList","@id":"https:\/\/www.ferrycroatia.com\/de\/jadrolinija\/#breadcrumb","itemListElement":[{"@type":"ListItem","position":1,"name":"Home","item":"https:\/\/www.ferrycroatia.com\/de\/"},{"@type":"ListItem","position":2,"name":"Jadrolinija"}]},{"@type":"WebSite","@id":"https:\/\/www.ferrycroatia.com\/de\/#website","url":"https:\/\/www.ferrycroatia.com\/de\/","name":"F\u00e4hre Kroatien","description":"Info und Fahrpl\u00e4ne f\u00fcr alle Katamarane und F\u00e4hren in Kroatien","potentialAction":[{"@type":"SearchAction","target":{"@type":"EntryPoint","urlTemplate":"https:\/\/www.ferrycroatia.com\/de\/?s={search_term_string}"},"query-input":"required name=search_term_string"}],"inLanguage":"en-US"},{"@type":"Question","@id":"https:\/\/www.ferrycroatia.com\/de\/jadrolinija\/#faq-question-1625740168829","position":1,"url":"https:\/\/www.ferrycroatia.com\/de\/jadrolinija\/#faq-question-1625740168829","name":"Kann ich mein Haustier auf die F\u00e4hre oder den Katamaran bringen?","answerCount":1,"acceptedAnswer":{"@type":"Answer","text":"Gem\u00e4\u00df den Jadrolinija-<strong>Transportbedingungen<\/strong> gelten f\u00fcr Haustiere die folgenden Regeln:<br\/><em>\u201eHaustiere d\u00fcrfen nur bef\u00f6rdert werden, wenn sie keine Bedrohung oder St\u00f6rung f\u00fcr Passagiere oder das Schiff darstellen, und d\u00fcrfen nicht in geschlossene Passagierbereiche gebracht werden. Die Eigent\u00fcmer \u00fcbernehmen die Verantwortung f\u00fcr alle Reiserisiken und f\u00fcr etwaige Sch\u00e4den. Hunde m\u00fcssen einen Maulkorb tragen (mit Ausnahme von Blindenhunden) und an der Leine sein, Katzen in Reiseboxen und V\u00f6gel in K\u00e4figen. Hunde und Katzen m\u00fcssen \u00fcber aktuelle Impfnachweise verf\u00fcgen. \u201c<\/em><br\/><br\/><em>\u201eAuf Hochgeschwindigkeitsstrecken (Katamaranen) sind kleine Haustiere im Katamaran-Salon erlaubt. Kleine Haustiere d\u00fcrfen ausschlie\u00dflich in einer Tragetasche transportiert werden, die f\u00fcr den Transport von Haustieren (Transporter-Softbag) mit den maximalen Abmessungen 45 x 35 x 25 cm ausgelegt ist. Der Boden der Tasche<\/em> <em>muss wasserdicht sein. Das Gesamtgewicht <em>der Tasche<\/em><\/em> <em>mit einem Haustier sollte 8 kg nicht \u00fcberschreiten. Die Tasche muss w\u00e4hrend der gesamten Fahrt unter dem Sitz oder auf dem Scho\u00df des Passagiers aufbewahrt werden. Ein Passagier kann nur eine Tasche mit einem Haustier tragen. Gro\u00dfe Haustiere sind nur erlaubt, wenn die technischen Bedingungen an Bord erf\u00fcllt sind (spezielle Boxen). \u201c<\/em>","inLanguage":"en-US"},"inLanguage":"en-US"},{"@type":"Question","@id":"https:\/\/www.ferrycroatia.com\/de\/jadrolinija\/#faq-question-1625740191101","position":2,"url":"https:\/\/www.ferrycroatia.com\/de\/jadrolinija\/#faq-question-1625740191101","name":"Wo kann ich Tickets f\u00fcr die F\u00e4hre kaufen?","answerCount":1,"acceptedAnswer":{"@type":"Answer","text":"A: Jadrolinija hat Verkaufsstellen <strong>an allen H\u00e4fen<\/strong>. Wenn Sie keine Probleme mit dem Kauf des Tickets im Hafen haben m\u00f6chten, k\u00f6nnen Sie Tickets f\u00fcr die meisten F\u00e4hren auch <strong>online kaufen<\/strong>.","inLanguage":"en-US"},"inLanguage":"en-US"},{"@type":"Question","@id":"https:\/\/www.ferrycroatia.com\/de\/jadrolinija\/#faq-question-1625740203946","position":3,"url":"https:\/\/www.ferrycroatia.com\/de\/jadrolinija\/#faq-question-1625740203946","name":"Kann ich mein Fahrrad mit der F\u00e4hre oder dem Katamaran mitbringen?","answerCount":1,"acceptedAnswer":{"@type":"Answer","text":"Auf der Autof\u00e4hre k\u00f6nnen Sie Ihr Fahrrad mitbringen. Sie m\u00fcssen daf\u00fcr ein Erwachsenenticket kaufen. Auf Katamaranen \/ Schnellf\u00e4hren ist das Mitbringen eines Fahrrads nicht m\u00f6glich.","inLanguage":"en-US"},"inLanguage":"en-US"},{"@type":"Question","@id":"https:\/\/www.ferrycroatia.com\/de\/jadrolinija\/#faq-question-1625740209821","position":4,"url":"https:\/\/www.ferrycroatia.com\/de\/jadrolinija\/#faq-question-1625740209821","name":"Wie viel Gep\u00e4ck kann ich mit der F\u00e4hre mitnehmen?","answerCount":1,"acceptedAnswer":{"@type":"Answer","text":"Auf Autof\u00e4hrlinien ist Gep\u00e4ck bis zu 100 kg erlaubt, auf Katamaranen \/ Passagierf\u00e4hren ist das Freigep\u00e4ck auf 20 kg pro Person begrenzt.","inLanguage":"en-US"},"inLanguage":"en-US"},{"@type":"Question","@id":"https:\/\/www.ferrycroatia.com\/de\/jadrolinija\/#faq-question-1625740217652","position":5,"url":"https:\/\/www.ferrycroatia.com\/de\/jadrolinija\/#faq-question-1625740217652","name":"Ich versuche, ein Ticket f\u00fcr die Autof\u00e4hre zu kaufen. Warum hei\u00dft es, dass mir bei einer bestimmten Abfahrt kein Platz garantiert wird?","answerCount":1,"acceptedAnswer":{"@type":"Answer","text":"Viele F\u00e4hrh\u00e4fen haben aufgrund enger Stra\u00dfen oder kleiner H\u00e4fen kein Warteschlangensystem f\u00fcr Autos. Daher werden die Autos in der Reihenfolge beladen, in der sie am F\u00e4hrhafen angekommen sind. Aus diesem Grund<strong> kann Jadrolinija Ihnen bei einem bestimmten Abfahrt keinen Platz garantieren<\/strong>.","inLanguage":"en-US"},"inLanguage":"en-US"}]}},"_links":{"self":[{"href":"https:\/\/www.ferrycroatia.com\/de\/wp-json\/wp\/v2\/pages\/746"}],"collection":[{"href":"https:\/\/www.ferrycroatia.com\/de\/wp-json\/wp\/v2\/pages"}],"about":[{"href":"https:\/\/www.ferrycroatia.com\/de\/wp-json\/wp\/v2\/types\/page"}],"author":[{"embeddable":true,"href":"https:\/\/www.ferrycroatia.com\/de\/wp-json\/wp\/v2\/users\/5"}],"replies":[{"embeddable":true,"href":"https:\/\/www.ferrycroatia.com\/de\/wp-json\/wp\/v2\/comments?post=746"}],"version-history":[{"count":7,"href":"https:\/\/www.ferrycroatia.com\/de\/wp-json\/wp\/v2\/pages\/746\/revisions"}],"predecessor-version":[{"id":2806,"href":"https:\/\/www.ferrycroatia.com\/de\/wp-json\/wp\/v2\/pages\/746\/revisions\/2806"}],"wp:featuredmedia":[{"embeddable":true,"href":"https:\/\/www.ferrycroatia.com\/de\/wp-json\/wp\/v2\/media\/748"}],"wp:attachment":[{"href":"https:\/\/www.ferrycroatia.com\/de\/wp-json\/wp\/v2\/media?parent=746"}],"curies":[{"name":"wp","href":"https:\/\/api.w.org\/{rel}","templated":true}]}}