{"id":750,"date":"2021-01-28T15:30:18","date_gmt":"2021-01-28T15:30:18","guid":{"rendered":"https:\/\/ferrycroatia.com\/de\/?page_id=750"},"modified":"2021-07-08T12:32:28","modified_gmt":"2021-07-08T10:32:28","slug":"krilo","status":"publish","type":"page","link":"https:\/\/www.ferrycroatia.com\/de\/krilo\/","title":{"rendered":"Krilo"},"content":{"rendered":"\n<p><strong>Die Krilo-F\u00e4hrgesellschaft<\/strong>, auch Kapetan Luka genannt, ist einer der gr\u00f6\u00dften Schnellf\u00e4hr- \/ Katamaran Betreiber in Kroatien. Der <strong>Haupthafen des Unternehmens ist der <a href=\"https:\/\/www.ferrycroatia.com\/de\/fahrhafen-split\/\">Hafen von Split<\/a><\/strong>, von wo aus Katamaran Linien zu den Hot Spots auf den kroatischen Inseln verkehren. Die <strong>beliebtesten Routen von Krilo<\/strong> sind <a href=\"https:\/\/www.ferrycroatia.com\/de\/split-hvar\/\">Split nach Hvar<\/a> und <a href=\"https:\/\/www.ferrycroatia.com\/de\/dubrovnik-stadt-hvar\/\">Dubrovnik nach Hvar<\/a>. Neben geplanten Schnellf\u00e4hren bietet Krilo auch die M\u00f6glichkeit, eine der Schnellf\u00e4hren f\u00fcr besondere Anl\u00e4sse zu mieten.<\/p>\n\n\n\n<p>Die <strong>Krilo-Katamarane haben kein einheitliches Design<\/strong>, einige sind wei\u00df, andere dunkler, aber alle haben entweder <em>KRILO JET<\/em> oder <em>www.krilo.hr<\/em> deutlich auf den Stellen des Schiffes gemalt. Daher sollten Sie keine Probleme haben, die Katamarane zu identifizieren.<\/p>\n\n\n\n<h2><b>H\u00e4ufig gestellte Fragen zu Krilo &#8211; Kapetan Luka<\/b><\/h2>\n\n\n\n<div class=\"schema-faq wp-block-yoast-faq-block\"><div class=\"schema-faq-section\" id=\"faq-question-1625740257882\"><strong class=\"schema-faq-question\"><strong>Wo kann ich Tickets f\u00fcr Krilo-Katamarane kaufen?<\/strong><\/strong> <p class=\"schema-faq-answer\">Krilo hat physische <strong>Verkaufsstellen<\/strong> in jedem Hafen, einige sind alleinstehend, andere sind Reiseb\u00fcros, die sich am oder in der N\u00e4he des Hafens befinden. Alternativ k\u00f6nnen Sie das <strong>Ticket einfach online kaufen.<\/strong><\/p> <\/div> <div class=\"schema-faq-section\" id=\"faq-question-1625740267088\"><strong class=\"schema-faq-question\"><strong>M\u00fcssen die Tickets ausgedruckt werden?<\/strong><\/strong> <p class=\"schema-faq-answer\">Wir empfehlen, die Tickets auszudrucken und beim Einsteigen bei sich zu haben. Falls Sie jedoch die Tickets auf Ihrem Telefon haben, sollte es auch in Ordnung sein, den QR-Code \/ das PDF der Tickets beim Einsteigen zu zeigen.<\/p> <\/div> <div class=\"schema-faq-section\" id=\"faq-question-1625740274509\"><strong class=\"schema-faq-question\"><strong>Wie viel Gep\u00e4ck kann ich an Bord bringen?<\/strong><\/strong> <p class=\"schema-faq-answer\">Krilo-Schnellf\u00e4hren haben viel Platz, um Gep\u00e4ck aufzubewahren, und das Unternehmen ist normalerweise ziemlich flexibel damit. Sie d\u00fcrfen eine Tasche mit einem Gewicht von bis zu 20 kg mitbringen, aber Passagiere hatten normalerweise keine Probleme, wenn sie schwerere Taschen an Bord brachten.<\/p> <\/div> <div class=\"schema-faq-section\" id=\"faq-question-1625740284708\"><strong class=\"schema-faq-question\"><strong>Kann ich auf dem Krilo-Katamaran ein Fahrrad mitbringen?<\/strong><\/strong> <p class=\"schema-faq-answer\">Ja, das k\u00f6nnen Sie, aber Sie m\u00fcssen <strong>ein Ticket im Voraus f\u00fcr sich selbst und das Fahrrad online kaufen<\/strong>, da es bei jeder Abfahrt nur wenige Pl\u00e4tze f\u00fcr Fahrr\u00e4der gibt.<\/p> <\/div> <div class=\"schema-faq-section\" id=\"faq-question-1625740292462\"><strong class=\"schema-faq-question\"><strong>Kann ich meinen Hund auf den Katamaran bringen?<\/strong><\/strong> <p class=\"schema-faq-answer\">Ja, das k\u00f6nnen Sie, <strong>wenn Sie die folgenden Krilo-Regeln befolgen:<\/strong><br\/><em>Maulkorb ist f\u00fcr alle Tiere ben\u00f6tigt.<\/em><br\/><br\/><em>HAUSTIERE k\u00f6nnen nur transportiert werden, wenn sie keine Gefahr oder St\u00f6rung f\u00fcr Passagiere oder Boote darstellen.<\/em><br\/><br\/><em>Die Eigent\u00fcmer gehen das Reiserisiko ein und haften f\u00fcr etwaige Sch\u00e4den.<\/em><br\/><em><strong>Hunde m\u00fcssen einen Maulkorb<\/strong> <strong>haben<\/strong> (mit Ausnahme des Blindenhundes einer blinden Person) und an der Leine sein, Katzen in Kisten und V\u00f6gel im K\u00e4fig.<\/em><br\/><em>Hunde und Katzen m\u00fcssen \u00fcber ordnungsgem\u00e4\u00dfe Impfdokumente verf\u00fcgen.<\/em><br\/><br\/><em>Auf den Hochgeschwindigkeitsstrecken sind kleine Haustiere im Katamaran-Salon erlaubt. Kleine Haustiere werden ausschlie\u00dflich in Taschen f\u00fcr die Bef\u00f6rderung und den Transport von Haustieren transportiert (Transporter Soft Bag) &#8211; maximale Abmessungen 45 x 35 x 25 cm. Der Boden des Beutels muss wasserdicht sein. Das Gesamtgewicht des Beutels mit einem Haustier sollte 8 kg nicht \u00fcberschreiten. Die Tasche muss w\u00e4hrend der gesamten Fahrt unter dem Sitz oder im Scho\u00df aufbewahrt werden. Ein Passagier darf nur eine Tasche mit einem Haustier haben.<\/em><br\/><br\/><em>Gro\u00dfe Haustiere sind nur erlaubt, wenn die technischen Bedingungen an Bord erf\u00fcllt sind (spezielle Boxen).<\/em><br\/><br\/><strong>Wenn Sie Zweifel haben, ein Haustier mitzubringen, sollten Sie sich per E-Mail an Krilo wenden.<\/strong><br\/><\/p> <\/div> <div class=\"schema-faq-section\" id=\"faq-question-1625740297631\"><strong class=\"schema-faq-question\"><strong>Ist Krilo nicht der Name einer Stadt?<\/strong><\/strong> <p class=\"schema-faq-answer\">Ja, Krilo ist der Name einer Stadt, und die Krilo-F\u00e4hrgesellschaft stammt aus dieser Stadt.<\/p> <\/div> <div class=\"schema-faq-section\" id=\"faq-question-1625740377967\"><strong class=\"schema-faq-question\"><strong>Verkehrt der Krilo-Katamaran das ganze Jahr \u00fcber?<\/strong><\/strong> <p class=\"schema-faq-answer\">Nein, mit Ausnahme der <strong>Linie Split &#8211; Hvar &#8211; Korcula<\/strong> verkehren alle Linien nur in der Sommersaison, normalerweise von Anfang April bis Ende Oktober.<\/p> <\/div> <\/div>\n\n\n\n<h2><b>Top-Strecken von Krilo betrieben<\/b><\/h2>\n\n\n\n<figure class=\"wp-block-table\"><table><tbody><tr><td><a href=\"https:\/\/www.ferrycroatia.com\/de\/split-hvar\/\">Split &#8211; Hvar<\/a><\/td><td><a href=\"https:\/\/www.ferrycroatia.com\/de\/split-korcula\/\">Split &#8211; Korcula<\/a><\/td><td><a href=\"https:\/\/www.ferrycroatia.com\/de\/split-dubrovnik\/\">Split &#8211; Dubrovnik<\/a><\/td><\/tr><tr><td><a href=\"https:\/\/www.ferrycroatia.com\/de\/split-bol\/\">Split &#8211; Bol<\/a><\/td><td><a href=\"https:\/\/www.ferrycroatia.com\/de\/hvar-korcula\/\">Hvar &#8211; Korcula<\/a><\/td><td><a href=\"https:\/\/www.ferrycroatia.com\/de\/hvar-dubrovnik\/\">Hvar &#8211; Dubrovnik<\/a><\/td><\/tr><tr><td><a href=\"https:\/\/www.ferrycroatia.com\/de\/hvar-bol\/\">Hvar &#8211; Bol<\/a><\/td><td><a href=\"https:\/\/www.ferrycroatia.com\/de\/dubrovnik-korcula\/\">Dubrovnik &#8211; Korcula<\/a><\/td><td><a href=\"https:\/\/www.ferrycroatia.com\/de\/dubrovnik-sobra\/\">Dubrovnik &#8211; Mljet (Sobra)<\/a><\/td><\/tr><\/tbody><\/table><\/figure>\n\n\n\n<figure class=\"wp-block-image alignnone lightbox\"><a class=\"lightbox\" href=\"http:\/\/www.ferrycroatia.com\/en\/wp-content\/uploads\/2020\/04\/Sales-Points-ferry-ticket.jpg\"><img decoding=\"async\" data-src=\"http:\/\/www.ferrycroatia.com\/en\/wp-content\/uploads\/2020\/04\/Sales-Points-ferry-ticket.jpg\" alt=\"Krilo ferry ticket point of sale\" class=\"wp-image-3163\"\/><\/a><figcaption>Krilo &#8211; Kapetan Luka Verkaufsstelle<\/figcaption><\/figure>\n\n\n\n<p><\/p>\n","protected":false},"excerpt":{"rendered":"<p>Die Krilo-F\u00e4hrgesellschaft, auch Kapetan Luka genannt, ist einer der gr\u00f6\u00dften Schnellf\u00e4hr- \/ Katamaran Betreiber in Kroatien. Der Haupthafen des Unternehmens ist der Hafen von Split, von wo aus Katamaran Linien zu den Hot Spots auf den kroatischen Inseln verkehren. Die beliebtesten Routen von Krilo sind Split nach Hvar und Dubrovnik nach Hvar. Neben geplanten Schnellf\u00e4hren [&hellip;]<\/p>\n<p><a class=\"more-link\" href=\"https:\/\/www.ferrycroatia.com\/de\/krilo\/\"> Continue reading&#8230;<\/a><\/p>\n","protected":false},"author":5,"featured_media":753,"parent":0,"menu_order":0,"comment_status":"closed","ping_status":"closed","template":"","meta":[],"yoast_head":"<!-- This site is optimized with the Yoast SEO plugin v19.8 - https:\/\/yoast.com\/wordpress\/plugins\/seo\/ -->\n<title>Krilo - Kapetan Luka F\u00e4hrgesellschaft - Infos f\u00fcr Reisende<\/title>\n<meta name=\"robots\" content=\"index, follow, max-snippet:-1, max-image-preview:large, max-video-preview:-1\" \/>\n<link rel=\"canonical\" href=\"https:\/\/www.ferrycroatia.com\/de\/krilo\/\" \/>\n<meta property=\"og:locale\" content=\"en_US\" \/>\n<meta property=\"og:type\" content=\"article\" \/>\n<meta property=\"og:title\" content=\"Krilo - Kapetan Luka F\u00e4hrgesellschaft - Infos f\u00fcr Reisende\" \/>\n<meta property=\"og:description\" content=\"Die Krilo-F\u00e4hrgesellschaft, auch Kapetan Luka genannt, ist einer der gr\u00f6\u00dften Schnellf\u00e4hr- \/ Katamaran Betreiber in Kroatien. Der Haupthafen des Unternehmens ist der Hafen von Split, von wo aus Katamaran Linien zu den Hot Spots auf den kroatischen Inseln verkehren. Die beliebtesten Routen von Krilo sind Split nach Hvar und Dubrovnik nach Hvar. Neben geplanten Schnellf\u00e4hren [&hellip;] Continue reading...\" \/>\n<meta property=\"og:url\" content=\"https:\/\/www.ferrycroatia.com\/de\/krilo\/\" \/>\n<meta property=\"og:site_name\" content=\"F\u00e4hre Kroatien\" \/>\n<meta property=\"article:modified_time\" content=\"2021-07-08T10:32:28+00:00\" \/>\n<meta property=\"og:image\" content=\"https:\/\/www.ferrycroatia.com\/de\/wp-content\/uploads\/2021\/01\/Krilo-Kapetan-Luka-2.jpg\" \/>\n\t<meta property=\"og:image:width\" content=\"1452\" \/>\n\t<meta property=\"og:image:height\" content=\"1089\" \/>\n\t<meta property=\"og:image:type\" content=\"image\/jpeg\" \/>\n<meta name=\"twitter:card\" content=\"summary_large_image\" \/>\n<meta name=\"twitter:label1\" content=\"Est. reading time\" \/>\n\t<meta name=\"twitter:data1\" content=\"3 minutes\" \/>\n<script type=\"application\/ld+json\" class=\"yoast-schema-graph\">{\"@context\":\"https:\/\/schema.org\",\"@graph\":[{\"@type\":[\"WebPage\",\"FAQPage\"],\"@id\":\"https:\/\/www.ferrycroatia.com\/de\/krilo\/\",\"url\":\"https:\/\/www.ferrycroatia.com\/de\/krilo\/\",\"name\":\"Krilo - Kapetan Luka F\u00e4hrgesellschaft - Infos f\u00fcr Reisende\",\"isPartOf\":{\"@id\":\"https:\/\/www.ferrycroatia.com\/de\/#website\"},\"datePublished\":\"2021-01-28T15:30:18+00:00\",\"dateModified\":\"2021-07-08T10:32:28+00:00\",\"breadcrumb\":{\"@id\":\"https:\/\/www.ferrycroatia.com\/de\/krilo\/#breadcrumb\"},\"mainEntity\":[{\"@id\":\"https:\/\/www.ferrycroatia.com\/de\/krilo\/#faq-question-1625740257882\"},{\"@id\":\"https:\/\/www.ferrycroatia.com\/de\/krilo\/#faq-question-1625740267088\"},{\"@id\":\"https:\/\/www.ferrycroatia.com\/de\/krilo\/#faq-question-1625740274509\"},{\"@id\":\"https:\/\/www.ferrycroatia.com\/de\/krilo\/#faq-question-1625740284708\"},{\"@id\":\"https:\/\/www.ferrycroatia.com\/de\/krilo\/#faq-question-1625740292462\"},{\"@id\":\"https:\/\/www.ferrycroatia.com\/de\/krilo\/#faq-question-1625740297631\"},{\"@id\":\"https:\/\/www.ferrycroatia.com\/de\/krilo\/#faq-question-1625740377967\"}],\"inLanguage\":\"en-US\",\"potentialAction\":[{\"@type\":\"ReadAction\",\"target\":[\"https:\/\/www.ferrycroatia.com\/de\/krilo\/\"]}]},{\"@type\":\"BreadcrumbList\",\"@id\":\"https:\/\/www.ferrycroatia.com\/de\/krilo\/#breadcrumb\",\"itemListElement\":[{\"@type\":\"ListItem\",\"position\":1,\"name\":\"Home\",\"item\":\"https:\/\/www.ferrycroatia.com\/de\/\"},{\"@type\":\"ListItem\",\"position\":2,\"name\":\"Krilo\"}]},{\"@type\":\"WebSite\",\"@id\":\"https:\/\/www.ferrycroatia.com\/de\/#website\",\"url\":\"https:\/\/www.ferrycroatia.com\/de\/\",\"name\":\"F\u00e4hre Kroatien\",\"description\":\"Info und Fahrpl\u00e4ne f\u00fcr alle Katamarane und F\u00e4hren in Kroatien\",\"potentialAction\":[{\"@type\":\"SearchAction\",\"target\":{\"@type\":\"EntryPoint\",\"urlTemplate\":\"https:\/\/www.ferrycroatia.com\/de\/?s={search_term_string}\"},\"query-input\":\"required name=search_term_string\"}],\"inLanguage\":\"en-US\"},{\"@type\":\"Question\",\"@id\":\"https:\/\/www.ferrycroatia.com\/de\/krilo\/#faq-question-1625740257882\",\"position\":1,\"url\":\"https:\/\/www.ferrycroatia.com\/de\/krilo\/#faq-question-1625740257882\",\"name\":\"Wo kann ich Tickets f\u00fcr Krilo-Katamarane kaufen?\",\"answerCount\":1,\"acceptedAnswer\":{\"@type\":\"Answer\",\"text\":\"Krilo hat physische <strong>Verkaufsstellen<\/strong> in jedem Hafen, einige sind alleinstehend, andere sind Reiseb\u00fcros, die sich am oder in der N\u00e4he des Hafens befinden. Alternativ k\u00f6nnen Sie das <strong>Ticket einfach online kaufen.<\/strong>\",\"inLanguage\":\"en-US\"},\"inLanguage\":\"en-US\"},{\"@type\":\"Question\",\"@id\":\"https:\/\/www.ferrycroatia.com\/de\/krilo\/#faq-question-1625740267088\",\"position\":2,\"url\":\"https:\/\/www.ferrycroatia.com\/de\/krilo\/#faq-question-1625740267088\",\"name\":\"M\u00fcssen die Tickets ausgedruckt werden?\",\"answerCount\":1,\"acceptedAnswer\":{\"@type\":\"Answer\",\"text\":\"Wir empfehlen, die Tickets auszudrucken und beim Einsteigen bei sich zu haben. Falls Sie jedoch die Tickets auf Ihrem Telefon haben, sollte es auch in Ordnung sein, den QR-Code \/ das PDF der Tickets beim Einsteigen zu zeigen.\",\"inLanguage\":\"en-US\"},\"inLanguage\":\"en-US\"},{\"@type\":\"Question\",\"@id\":\"https:\/\/www.ferrycroatia.com\/de\/krilo\/#faq-question-1625740274509\",\"position\":3,\"url\":\"https:\/\/www.ferrycroatia.com\/de\/krilo\/#faq-question-1625740274509\",\"name\":\"Wie viel Gep\u00e4ck kann ich an Bord bringen?\",\"answerCount\":1,\"acceptedAnswer\":{\"@type\":\"Answer\",\"text\":\"Krilo-Schnellf\u00e4hren haben viel Platz, um Gep\u00e4ck aufzubewahren, und das Unternehmen ist normalerweise ziemlich flexibel damit. Sie d\u00fcrfen eine Tasche mit einem Gewicht von bis zu 20 kg mitbringen, aber Passagiere hatten normalerweise keine Probleme, wenn sie schwerere Taschen an Bord brachten.\",\"inLanguage\":\"en-US\"},\"inLanguage\":\"en-US\"},{\"@type\":\"Question\",\"@id\":\"https:\/\/www.ferrycroatia.com\/de\/krilo\/#faq-question-1625740284708\",\"position\":4,\"url\":\"https:\/\/www.ferrycroatia.com\/de\/krilo\/#faq-question-1625740284708\",\"name\":\"Kann ich auf dem Krilo-Katamaran ein Fahrrad mitbringen?\",\"answerCount\":1,\"acceptedAnswer\":{\"@type\":\"Answer\",\"text\":\"Ja, das k\u00f6nnen Sie, aber Sie m\u00fcssen <strong>ein Ticket im Voraus f\u00fcr sich selbst und das Fahrrad online kaufen<\/strong>, da es bei jeder Abfahrt nur wenige Pl\u00e4tze f\u00fcr Fahrr\u00e4der gibt.\",\"inLanguage\":\"en-US\"},\"inLanguage\":\"en-US\"},{\"@type\":\"Question\",\"@id\":\"https:\/\/www.ferrycroatia.com\/de\/krilo\/#faq-question-1625740292462\",\"position\":5,\"url\":\"https:\/\/www.ferrycroatia.com\/de\/krilo\/#faq-question-1625740292462\",\"name\":\"Kann ich meinen Hund auf den Katamaran bringen?\",\"answerCount\":1,\"acceptedAnswer\":{\"@type\":\"Answer\",\"text\":\"Ja, das k\u00f6nnen Sie, <strong>wenn Sie die folgenden Krilo-Regeln befolgen:<\/strong><br\/><em>Maulkorb ist f\u00fcr alle Tiere ben\u00f6tigt.<\/em><br\/><br\/><em>HAUSTIERE k\u00f6nnen nur transportiert werden, wenn sie keine Gefahr oder St\u00f6rung f\u00fcr Passagiere oder Boote darstellen.<\/em><br\/><br\/><em>Die Eigent\u00fcmer gehen das Reiserisiko ein und haften f\u00fcr etwaige Sch\u00e4den.<\/em><br\/><em><strong>Hunde m\u00fcssen einen Maulkorb<\/strong> <strong>haben<\/strong> (mit Ausnahme des Blindenhundes einer blinden Person) und an der Leine sein, Katzen in Kisten und V\u00f6gel im K\u00e4fig.<\/em><br\/><em>Hunde und Katzen m\u00fcssen \u00fcber ordnungsgem\u00e4\u00dfe Impfdokumente verf\u00fcgen.<\/em><br\/><br\/><em>Auf den Hochgeschwindigkeitsstrecken sind kleine Haustiere im Katamaran-Salon erlaubt. Kleine Haustiere werden ausschlie\u00dflich in Taschen f\u00fcr die Bef\u00f6rderung und den Transport von Haustieren transportiert (Transporter Soft Bag) - maximale Abmessungen 45 x 35 x 25 cm. Der Boden des Beutels muss wasserdicht sein. Das Gesamtgewicht des Beutels mit einem Haustier sollte 8 kg nicht \u00fcberschreiten. Die Tasche muss w\u00e4hrend der gesamten Fahrt unter dem Sitz oder im Scho\u00df aufbewahrt werden. Ein Passagier darf nur eine Tasche mit einem Haustier haben.<\/em><br\/><br\/><em>Gro\u00dfe Haustiere sind nur erlaubt, wenn die technischen Bedingungen an Bord erf\u00fcllt sind (spezielle Boxen).<\/em><br\/><br\/><strong>Wenn Sie Zweifel haben, ein Haustier mitzubringen, sollten Sie sich per E-Mail an Krilo wenden.<\/strong><br\/>\",\"inLanguage\":\"en-US\"},\"inLanguage\":\"en-US\"},{\"@type\":\"Question\",\"@id\":\"https:\/\/www.ferrycroatia.com\/de\/krilo\/#faq-question-1625740297631\",\"position\":6,\"url\":\"https:\/\/www.ferrycroatia.com\/de\/krilo\/#faq-question-1625740297631\",\"name\":\"Ist Krilo nicht der Name einer Stadt?\",\"answerCount\":1,\"acceptedAnswer\":{\"@type\":\"Answer\",\"text\":\"Ja, Krilo ist der Name einer Stadt, und die Krilo-F\u00e4hrgesellschaft stammt aus dieser Stadt.\",\"inLanguage\":\"en-US\"},\"inLanguage\":\"en-US\"},{\"@type\":\"Question\",\"@id\":\"https:\/\/www.ferrycroatia.com\/de\/krilo\/#faq-question-1625740377967\",\"position\":7,\"url\":\"https:\/\/www.ferrycroatia.com\/de\/krilo\/#faq-question-1625740377967\",\"name\":\"Verkehrt der Krilo-Katamaran das ganze Jahr \u00fcber?\",\"answerCount\":1,\"acceptedAnswer\":{\"@type\":\"Answer\",\"text\":\"Nein, mit Ausnahme der <strong>Linie Split - Hvar - Korcula<\/strong> verkehren alle Linien nur in der Sommersaison, normalerweise von Anfang April bis Ende Oktober.\",\"inLanguage\":\"en-US\"},\"inLanguage\":\"en-US\"}]}<\/script>\n<!-- \/ Yoast SEO plugin. -->","yoast_head_json":{"title":"Krilo - Kapetan Luka F\u00e4hrgesellschaft - Infos f\u00fcr Reisende","robots":{"index":"index","follow":"follow","max-snippet":"max-snippet:-1","max-image-preview":"max-image-preview:large","max-video-preview":"max-video-preview:-1"},"canonical":"https:\/\/www.ferrycroatia.com\/de\/krilo\/","og_locale":"en_US","og_type":"article","og_title":"Krilo - Kapetan Luka F\u00e4hrgesellschaft - Infos f\u00fcr Reisende","og_description":"Die Krilo-F\u00e4hrgesellschaft, auch Kapetan Luka genannt, ist einer der gr\u00f6\u00dften Schnellf\u00e4hr- \/ Katamaran Betreiber in Kroatien. Der Haupthafen des Unternehmens ist der Hafen von Split, von wo aus Katamaran Linien zu den Hot Spots auf den kroatischen Inseln verkehren. Die beliebtesten Routen von Krilo sind Split nach Hvar und Dubrovnik nach Hvar. Neben geplanten Schnellf\u00e4hren [&hellip;] Continue reading...","og_url":"https:\/\/www.ferrycroatia.com\/de\/krilo\/","og_site_name":"F\u00e4hre Kroatien","article_modified_time":"2021-07-08T10:32:28+00:00","og_image":[{"width":1452,"height":1089,"url":"https:\/\/www.ferrycroatia.com\/de\/wp-content\/uploads\/2021\/01\/Krilo-Kapetan-Luka-2.jpg","type":"image\/jpeg"}],"twitter_card":"summary_large_image","twitter_misc":{"Est. reading time":"3 minutes"},"schema":{"@context":"https:\/\/schema.org","@graph":[{"@type":["WebPage","FAQPage"],"@id":"https:\/\/www.ferrycroatia.com\/de\/krilo\/","url":"https:\/\/www.ferrycroatia.com\/de\/krilo\/","name":"Krilo - Kapetan Luka F\u00e4hrgesellschaft - Infos f\u00fcr Reisende","isPartOf":{"@id":"https:\/\/www.ferrycroatia.com\/de\/#website"},"datePublished":"2021-01-28T15:30:18+00:00","dateModified":"2021-07-08T10:32:28+00:00","breadcrumb":{"@id":"https:\/\/www.ferrycroatia.com\/de\/krilo\/#breadcrumb"},"mainEntity":[{"@id":"https:\/\/www.ferrycroatia.com\/de\/krilo\/#faq-question-1625740257882"},{"@id":"https:\/\/www.ferrycroatia.com\/de\/krilo\/#faq-question-1625740267088"},{"@id":"https:\/\/www.ferrycroatia.com\/de\/krilo\/#faq-question-1625740274509"},{"@id":"https:\/\/www.ferrycroatia.com\/de\/krilo\/#faq-question-1625740284708"},{"@id":"https:\/\/www.ferrycroatia.com\/de\/krilo\/#faq-question-1625740292462"},{"@id":"https:\/\/www.ferrycroatia.com\/de\/krilo\/#faq-question-1625740297631"},{"@id":"https:\/\/www.ferrycroatia.com\/de\/krilo\/#faq-question-1625740377967"}],"inLanguage":"en-US","potentialAction":[{"@type":"ReadAction","target":["https:\/\/www.ferrycroatia.com\/de\/krilo\/"]}]},{"@type":"BreadcrumbList","@id":"https:\/\/www.ferrycroatia.com\/de\/krilo\/#breadcrumb","itemListElement":[{"@type":"ListItem","position":1,"name":"Home","item":"https:\/\/www.ferrycroatia.com\/de\/"},{"@type":"ListItem","position":2,"name":"Krilo"}]},{"@type":"WebSite","@id":"https:\/\/www.ferrycroatia.com\/de\/#website","url":"https:\/\/www.ferrycroatia.com\/de\/","name":"F\u00e4hre Kroatien","description":"Info und Fahrpl\u00e4ne f\u00fcr alle Katamarane und F\u00e4hren in Kroatien","potentialAction":[{"@type":"SearchAction","target":{"@type":"EntryPoint","urlTemplate":"https:\/\/www.ferrycroatia.com\/de\/?s={search_term_string}"},"query-input":"required name=search_term_string"}],"inLanguage":"en-US"},{"@type":"Question","@id":"https:\/\/www.ferrycroatia.com\/de\/krilo\/#faq-question-1625740257882","position":1,"url":"https:\/\/www.ferrycroatia.com\/de\/krilo\/#faq-question-1625740257882","name":"Wo kann ich Tickets f\u00fcr Krilo-Katamarane kaufen?","answerCount":1,"acceptedAnswer":{"@type":"Answer","text":"Krilo hat physische <strong>Verkaufsstellen<\/strong> in jedem Hafen, einige sind alleinstehend, andere sind Reiseb\u00fcros, die sich am oder in der N\u00e4he des Hafens befinden. Alternativ k\u00f6nnen Sie das <strong>Ticket einfach online kaufen.<\/strong>","inLanguage":"en-US"},"inLanguage":"en-US"},{"@type":"Question","@id":"https:\/\/www.ferrycroatia.com\/de\/krilo\/#faq-question-1625740267088","position":2,"url":"https:\/\/www.ferrycroatia.com\/de\/krilo\/#faq-question-1625740267088","name":"M\u00fcssen die Tickets ausgedruckt werden?","answerCount":1,"acceptedAnswer":{"@type":"Answer","text":"Wir empfehlen, die Tickets auszudrucken und beim Einsteigen bei sich zu haben. Falls Sie jedoch die Tickets auf Ihrem Telefon haben, sollte es auch in Ordnung sein, den QR-Code \/ das PDF der Tickets beim Einsteigen zu zeigen.","inLanguage":"en-US"},"inLanguage":"en-US"},{"@type":"Question","@id":"https:\/\/www.ferrycroatia.com\/de\/krilo\/#faq-question-1625740274509","position":3,"url":"https:\/\/www.ferrycroatia.com\/de\/krilo\/#faq-question-1625740274509","name":"Wie viel Gep\u00e4ck kann ich an Bord bringen?","answerCount":1,"acceptedAnswer":{"@type":"Answer","text":"Krilo-Schnellf\u00e4hren haben viel Platz, um Gep\u00e4ck aufzubewahren, und das Unternehmen ist normalerweise ziemlich flexibel damit. Sie d\u00fcrfen eine Tasche mit einem Gewicht von bis zu 20 kg mitbringen, aber Passagiere hatten normalerweise keine Probleme, wenn sie schwerere Taschen an Bord brachten.","inLanguage":"en-US"},"inLanguage":"en-US"},{"@type":"Question","@id":"https:\/\/www.ferrycroatia.com\/de\/krilo\/#faq-question-1625740284708","position":4,"url":"https:\/\/www.ferrycroatia.com\/de\/krilo\/#faq-question-1625740284708","name":"Kann ich auf dem Krilo-Katamaran ein Fahrrad mitbringen?","answerCount":1,"acceptedAnswer":{"@type":"Answer","text":"Ja, das k\u00f6nnen Sie, aber Sie m\u00fcssen <strong>ein Ticket im Voraus f\u00fcr sich selbst und das Fahrrad online kaufen<\/strong>, da es bei jeder Abfahrt nur wenige Pl\u00e4tze f\u00fcr Fahrr\u00e4der gibt.","inLanguage":"en-US"},"inLanguage":"en-US"},{"@type":"Question","@id":"https:\/\/www.ferrycroatia.com\/de\/krilo\/#faq-question-1625740292462","position":5,"url":"https:\/\/www.ferrycroatia.com\/de\/krilo\/#faq-question-1625740292462","name":"Kann ich meinen Hund auf den Katamaran bringen?","answerCount":1,"acceptedAnswer":{"@type":"Answer","text":"Ja, das k\u00f6nnen Sie, <strong>wenn Sie die folgenden Krilo-Regeln befolgen:<\/strong><br\/><em>Maulkorb ist f\u00fcr alle Tiere ben\u00f6tigt.<\/em><br\/><br\/><em>HAUSTIERE k\u00f6nnen nur transportiert werden, wenn sie keine Gefahr oder St\u00f6rung f\u00fcr Passagiere oder Boote darstellen.<\/em><br\/><br\/><em>Die Eigent\u00fcmer gehen das Reiserisiko ein und haften f\u00fcr etwaige Sch\u00e4den.<\/em><br\/><em><strong>Hunde m\u00fcssen einen Maulkorb<\/strong> <strong>haben<\/strong> (mit Ausnahme des Blindenhundes einer blinden Person) und an der Leine sein, Katzen in Kisten und V\u00f6gel im K\u00e4fig.<\/em><br\/><em>Hunde und Katzen m\u00fcssen \u00fcber ordnungsgem\u00e4\u00dfe Impfdokumente verf\u00fcgen.<\/em><br\/><br\/><em>Auf den Hochgeschwindigkeitsstrecken sind kleine Haustiere im Katamaran-Salon erlaubt. Kleine Haustiere werden ausschlie\u00dflich in Taschen f\u00fcr die Bef\u00f6rderung und den Transport von Haustieren transportiert (Transporter Soft Bag) - maximale Abmessungen 45 x 35 x 25 cm. Der Boden des Beutels muss wasserdicht sein. Das Gesamtgewicht des Beutels mit einem Haustier sollte 8 kg nicht \u00fcberschreiten. Die Tasche muss w\u00e4hrend der gesamten Fahrt unter dem Sitz oder im Scho\u00df aufbewahrt werden. Ein Passagier darf nur eine Tasche mit einem Haustier haben.<\/em><br\/><br\/><em>Gro\u00dfe Haustiere sind nur erlaubt, wenn die technischen Bedingungen an Bord erf\u00fcllt sind (spezielle Boxen).<\/em><br\/><br\/><strong>Wenn Sie Zweifel haben, ein Haustier mitzubringen, sollten Sie sich per E-Mail an Krilo wenden.<\/strong><br\/>","inLanguage":"en-US"},"inLanguage":"en-US"},{"@type":"Question","@id":"https:\/\/www.ferrycroatia.com\/de\/krilo\/#faq-question-1625740297631","position":6,"url":"https:\/\/www.ferrycroatia.com\/de\/krilo\/#faq-question-1625740297631","name":"Ist Krilo nicht der Name einer Stadt?","answerCount":1,"acceptedAnswer":{"@type":"Answer","text":"Ja, Krilo ist der Name einer Stadt, und die Krilo-F\u00e4hrgesellschaft stammt aus dieser Stadt.","inLanguage":"en-US"},"inLanguage":"en-US"},{"@type":"Question","@id":"https:\/\/www.ferrycroatia.com\/de\/krilo\/#faq-question-1625740377967","position":7,"url":"https:\/\/www.ferrycroatia.com\/de\/krilo\/#faq-question-1625740377967","name":"Verkehrt der Krilo-Katamaran das ganze Jahr \u00fcber?","answerCount":1,"acceptedAnswer":{"@type":"Answer","text":"Nein, mit Ausnahme der <strong>Linie Split - Hvar - Korcula<\/strong> verkehren alle Linien nur in der Sommersaison, normalerweise von Anfang April bis Ende Oktober.","inLanguage":"en-US"},"inLanguage":"en-US"}]}},"_links":{"self":[{"href":"https:\/\/www.ferrycroatia.com\/de\/wp-json\/wp\/v2\/pages\/750"}],"collection":[{"href":"https:\/\/www.ferrycroatia.com\/de\/wp-json\/wp\/v2\/pages"}],"about":[{"href":"https:\/\/www.ferrycroatia.com\/de\/wp-json\/wp\/v2\/types\/page"}],"author":[{"embeddable":true,"href":"https:\/\/www.ferrycroatia.com\/de\/wp-json\/wp\/v2\/users\/5"}],"replies":[{"embeddable":true,"href":"https:\/\/www.ferrycroatia.com\/de\/wp-json\/wp\/v2\/comments?post=750"}],"version-history":[{"count":7,"href":"https:\/\/www.ferrycroatia.com\/de\/wp-json\/wp\/v2\/pages\/750\/revisions"}],"predecessor-version":[{"id":1975,"href":"https:\/\/www.ferrycroatia.com\/de\/wp-json\/wp\/v2\/pages\/750\/revisions\/1975"}],"wp:featuredmedia":[{"embeddable":true,"href":"https:\/\/www.ferrycroatia.com\/de\/wp-json\/wp\/v2\/media\/753"}],"wp:attachment":[{"href":"https:\/\/www.ferrycroatia.com\/de\/wp-json\/wp\/v2\/media?parent=750"}],"curies":[{"name":"wp","href":"https:\/\/api.w.org\/{rel}","templated":true}]}}