{"id":756,"date":"2021-01-28T15:34:12","date_gmt":"2021-01-28T15:34:12","guid":{"rendered":"https:\/\/ferrycroatia.com\/de\/?page_id=756"},"modified":"2021-07-08T12:34:32","modified_gmt":"2021-07-08T10:34:32","slug":"krilo-shipping-company","status":"publish","type":"page","link":"https:\/\/www.ferrycroatia.com\/de\/krilo-shipping-company\/","title":{"rendered":"Krilo Shipping Company"},"content":{"rendered":"\n<p><strong>Krilo Shipping Company d.d.<\/strong> ist ein Katamaranunternehmen mit Sitz in Krilo Jesenice, <strong>nicht zu verwechseln<\/strong> mit <a href=\"https:\/\/www.ferrycroatia.com\/de\/krilo\/\">Krilo Kapetan Luka<\/a>, welche verschiedene F\u00e4hrlinien betreibt. Das Unternehmen bedient derzeit einige Katamaranlinien:<\/p>\n\n\n\n<ul><li><strong>Split &#8211; Rogac &#8211; Milna,<\/strong> verbindet den <a href=\"https:\/\/www.ferrycroatia.com\/de\/fahrhafen-split\/\">Hafen von Split<\/a> mit der <a href=\"https:\/\/www.ferrycroatia.com\/de\/insel-solta\/\">Insel Solta<\/a> und der <a href=\"https:\/\/www.ferrycroatia.com\/de\/insel-brac\/\">Insel Brac<\/a><\/li><li><strong>Dubrovnik &#8211; Pomena &#8211; Korcula<\/strong>, verbindet den <a href=\"https:\/\/www.ferrycroatia.com\/de\/fahrhafen-dubrovnik\/\">Hafen von Dubrovnik<\/a> mit der <a href=\"https:\/\/www.ferrycroatia.com\/de\/insel-mljet\/\">Insel Mljet<\/a> und der <a href=\"https:\/\/www.ferrycroatia.com\/de\/insel-korcula\/\">Insel Korcula<\/a><\/li><li><strong>Split &#8211; Sutivan \u2013 Milna<\/strong><\/li><\/ul>\n\n\n\n<p>F\u00fcr die Flotte stehen dem Unternehmen <strong>einige Katamarane zur Verf\u00fcgung,<\/strong> wobei \u201eNaranca\u201c der bekannteste ist und bis zu 250 Personen aufnehmen kann.<\/p>\n\n\n\n<h2><b>H\u00e4ufig gestellte Fragen zu Krilo Shipping Company<\/b><\/h2>\n\n\n\n<div class=\"schema-faq wp-block-yoast-faq-block\"><div class=\"schema-faq-section\" id=\"faq-question-1625740506575\"><strong class=\"schema-faq-question\"><strong>Wo kann ich Tickets f\u00fcr Krilo-Katamarane kaufen?<\/strong><\/strong> <p class=\"schema-faq-answer\">Tickets k\u00f6nnen <strong>online<\/strong> sowie an <strong>zwei Verkaufsstellen<\/strong> gekauft werden &#8211; eine befindet sich im Hafen von Split unter der Adresse Obala Lazareta 2 und die andere im <a href=\"https:\/\/www.ferrycroatia.com\/de\/fahrhafen-rogac\/\">Hafen von Rogac<\/a> auf der Insel Solta.<\/p> <\/div> <div class=\"schema-faq-section\" id=\"faq-question-1625740514182\"><strong class=\"schema-faq-question\"><strong>Kann ich mein Haustier auf den Katamaran bringen?<\/strong><\/strong> <p class=\"schema-faq-answer\">Hier ist ein Auszug aus den Bedingungen von Krilo Shipping in Bezug auf Haustiere:<br\/><em>Wenn die Boote die technischen Bedingungen (Zwinger) f\u00fcr den Transport von Haustieren an Bord erf\u00fcllen, wird der Transport eines Haustieres in einem Zwinger mit 50% des Ticketpreises pro Person berechnet.<\/em><\/p> <\/div> <div class=\"schema-faq-section\" id=\"faq-question-1625740527223\"><strong class=\"schema-faq-question\"><strong>Wie viel Gep\u00e4ck kann ich an Bord bringen?<\/strong><\/strong> <p class=\"schema-faq-answer\">Am Katamaran sollte gen\u00fcgend Platz zum Laden von Gep\u00e4ck vorhanden sein. Sie d\u00fcrfen eine Tasche mit einem Gewicht von bis zu 20 kg mitbringen, aber Passagiere hatten normalerweise keine Probleme, wenn sie schwerere Taschen an Bord brachten.<\/p> <\/div> <div class=\"schema-faq-section\" id=\"faq-question-1625740537612\"><strong class=\"schema-faq-question\"><strong>Muss ich f\u00fcr kleine Kinder, die mit mir reisen, ein separates Ticket kaufen?<\/strong><\/strong> <p class=\"schema-faq-answer\">Kinder von 1 bis 3 Jahren k\u00f6nnen kostenlos reisen. Kinder bis 1 Jahr erhalten kein Reiseticket, w\u00e4hrend Kinder bis 3 Jahre ein Reiseticket erhalten.<\/p> <\/div> <\/div>\n","protected":false},"excerpt":{"rendered":"<p>Krilo Shipping Company d.d. ist ein Katamaranunternehmen mit Sitz in Krilo Jesenice, nicht zu verwechseln mit Krilo Kapetan Luka, welche verschiedene F\u00e4hrlinien betreibt. Das Unternehmen bedient derzeit einige Katamaranlinien: Split &#8211; Rogac &#8211; Milna, verbindet den Hafen von Split mit der Insel Solta und der Insel Brac Dubrovnik &#8211; Pomena &#8211; Korcula, verbindet den Hafen [&hellip;]<\/p>\n<p><a class=\"more-link\" href=\"https:\/\/www.ferrycroatia.com\/de\/krilo-shipping-company\/\"> Continue reading&#8230;<\/a><\/p>\n","protected":false},"author":5,"featured_media":0,"parent":0,"menu_order":0,"comment_status":"closed","ping_status":"closed","template":"","meta":[],"yoast_head":"<!-- This site is optimized with the Yoast SEO plugin v19.8 - https:\/\/yoast.com\/wordpress\/plugins\/seo\/ -->\n<title>Krilo Shipping Company - Katamaran Info, Fahrplan &amp; Preise<\/title>\n<meta name=\"description\" content=\"Krilo Shipping ist eine lokale Katamaranfirma mit Sitz in Krilo Jesenice. Informieren Sie sich \u00fcber das Unternehmen, wie Sie Tickets kaufen und welche Linien sie betreiben.\" \/>\n<meta name=\"robots\" content=\"index, follow, max-snippet:-1, max-image-preview:large, max-video-preview:-1\" \/>\n<link rel=\"canonical\" href=\"https:\/\/www.ferrycroatia.com\/de\/krilo-shipping-company\/\" \/>\n<meta property=\"og:locale\" content=\"en_US\" \/>\n<meta property=\"og:type\" content=\"article\" \/>\n<meta property=\"og:title\" content=\"Krilo Shipping Company - Katamaran Info, Fahrplan &amp; Preise\" \/>\n<meta property=\"og:description\" content=\"Krilo Shipping ist eine lokale Katamaranfirma mit Sitz in Krilo Jesenice. Informieren Sie sich \u00fcber das Unternehmen, wie Sie Tickets kaufen und welche Linien sie betreiben.\" \/>\n<meta property=\"og:url\" content=\"https:\/\/www.ferrycroatia.com\/de\/krilo-shipping-company\/\" \/>\n<meta property=\"og:site_name\" content=\"F\u00e4hre Kroatien\" \/>\n<meta property=\"article:modified_time\" content=\"2021-07-08T10:34:32+00:00\" \/>\n<meta name=\"twitter:card\" content=\"summary_large_image\" \/>\n<meta name=\"twitter:label1\" content=\"Est. reading time\" \/>\n\t<meta name=\"twitter:data1\" content=\"2 minutes\" \/>\n<script type=\"application\/ld+json\" class=\"yoast-schema-graph\">{\"@context\":\"https:\/\/schema.org\",\"@graph\":[{\"@type\":[\"WebPage\",\"FAQPage\"],\"@id\":\"https:\/\/www.ferrycroatia.com\/de\/krilo-shipping-company\/\",\"url\":\"https:\/\/www.ferrycroatia.com\/de\/krilo-shipping-company\/\",\"name\":\"Krilo Shipping Company - Katamaran Info, Fahrplan & Preise\",\"isPartOf\":{\"@id\":\"https:\/\/www.ferrycroatia.com\/de\/#website\"},\"datePublished\":\"2021-01-28T15:34:12+00:00\",\"dateModified\":\"2021-07-08T10:34:32+00:00\",\"description\":\"Krilo Shipping ist eine lokale Katamaranfirma mit Sitz in Krilo Jesenice. Informieren Sie sich \u00fcber das Unternehmen, wie Sie Tickets kaufen und welche Linien sie betreiben.\",\"breadcrumb\":{\"@id\":\"https:\/\/www.ferrycroatia.com\/de\/krilo-shipping-company\/#breadcrumb\"},\"mainEntity\":[{\"@id\":\"https:\/\/www.ferrycroatia.com\/de\/krilo-shipping-company\/#faq-question-1625740506575\"},{\"@id\":\"https:\/\/www.ferrycroatia.com\/de\/krilo-shipping-company\/#faq-question-1625740514182\"},{\"@id\":\"https:\/\/www.ferrycroatia.com\/de\/krilo-shipping-company\/#faq-question-1625740527223\"},{\"@id\":\"https:\/\/www.ferrycroatia.com\/de\/krilo-shipping-company\/#faq-question-1625740537612\"}],\"inLanguage\":\"en-US\",\"potentialAction\":[{\"@type\":\"ReadAction\",\"target\":[\"https:\/\/www.ferrycroatia.com\/de\/krilo-shipping-company\/\"]}]},{\"@type\":\"BreadcrumbList\",\"@id\":\"https:\/\/www.ferrycroatia.com\/de\/krilo-shipping-company\/#breadcrumb\",\"itemListElement\":[{\"@type\":\"ListItem\",\"position\":1,\"name\":\"Home\",\"item\":\"https:\/\/www.ferrycroatia.com\/de\/\"},{\"@type\":\"ListItem\",\"position\":2,\"name\":\"Krilo Shipping Company\"}]},{\"@type\":\"WebSite\",\"@id\":\"https:\/\/www.ferrycroatia.com\/de\/#website\",\"url\":\"https:\/\/www.ferrycroatia.com\/de\/\",\"name\":\"F\u00e4hre Kroatien\",\"description\":\"Info und Fahrpl\u00e4ne f\u00fcr alle Katamarane und F\u00e4hren in Kroatien\",\"potentialAction\":[{\"@type\":\"SearchAction\",\"target\":{\"@type\":\"EntryPoint\",\"urlTemplate\":\"https:\/\/www.ferrycroatia.com\/de\/?s={search_term_string}\"},\"query-input\":\"required name=search_term_string\"}],\"inLanguage\":\"en-US\"},{\"@type\":\"Question\",\"@id\":\"https:\/\/www.ferrycroatia.com\/de\/krilo-shipping-company\/#faq-question-1625740506575\",\"position\":1,\"url\":\"https:\/\/www.ferrycroatia.com\/de\/krilo-shipping-company\/#faq-question-1625740506575\",\"name\":\"Wo kann ich Tickets f\u00fcr Krilo-Katamarane kaufen?\",\"answerCount\":1,\"acceptedAnswer\":{\"@type\":\"Answer\",\"text\":\"Tickets k\u00f6nnen <strong>online<\/strong> sowie an <strong>zwei Verkaufsstellen<\/strong> gekauft werden - eine befindet sich im Hafen von Split unter der Adresse Obala Lazareta 2 und die andere im <a href=\\\"https:\/\/www.ferrycroatia.com\/de\/fahrhafen-rogac\/\\\">Hafen von Rogac<\/a> auf der Insel Solta.\",\"inLanguage\":\"en-US\"},\"inLanguage\":\"en-US\"},{\"@type\":\"Question\",\"@id\":\"https:\/\/www.ferrycroatia.com\/de\/krilo-shipping-company\/#faq-question-1625740514182\",\"position\":2,\"url\":\"https:\/\/www.ferrycroatia.com\/de\/krilo-shipping-company\/#faq-question-1625740514182\",\"name\":\"Kann ich mein Haustier auf den Katamaran bringen?\",\"answerCount\":1,\"acceptedAnswer\":{\"@type\":\"Answer\",\"text\":\"Hier ist ein Auszug aus den Bedingungen von Krilo Shipping in Bezug auf Haustiere:<br\/><em>Wenn die Boote die technischen Bedingungen (Zwinger) f\u00fcr den Transport von Haustieren an Bord erf\u00fcllen, wird der Transport eines Haustieres in einem Zwinger mit 50% des Ticketpreises pro Person berechnet.<\/em>\",\"inLanguage\":\"en-US\"},\"inLanguage\":\"en-US\"},{\"@type\":\"Question\",\"@id\":\"https:\/\/www.ferrycroatia.com\/de\/krilo-shipping-company\/#faq-question-1625740527223\",\"position\":3,\"url\":\"https:\/\/www.ferrycroatia.com\/de\/krilo-shipping-company\/#faq-question-1625740527223\",\"name\":\"Wie viel Gep\u00e4ck kann ich an Bord bringen?\",\"answerCount\":1,\"acceptedAnswer\":{\"@type\":\"Answer\",\"text\":\"Am Katamaran sollte gen\u00fcgend Platz zum Laden von Gep\u00e4ck vorhanden sein. Sie d\u00fcrfen eine Tasche mit einem Gewicht von bis zu 20 kg mitbringen, aber Passagiere hatten normalerweise keine Probleme, wenn sie schwerere Taschen an Bord brachten.\",\"inLanguage\":\"en-US\"},\"inLanguage\":\"en-US\"},{\"@type\":\"Question\",\"@id\":\"https:\/\/www.ferrycroatia.com\/de\/krilo-shipping-company\/#faq-question-1625740537612\",\"position\":4,\"url\":\"https:\/\/www.ferrycroatia.com\/de\/krilo-shipping-company\/#faq-question-1625740537612\",\"name\":\"Muss ich f\u00fcr kleine Kinder, die mit mir reisen, ein separates Ticket kaufen?\",\"answerCount\":1,\"acceptedAnswer\":{\"@type\":\"Answer\",\"text\":\"Kinder von 1 bis 3 Jahren k\u00f6nnen kostenlos reisen. Kinder bis 1 Jahr erhalten kein Reiseticket, w\u00e4hrend Kinder bis 3 Jahre ein Reiseticket erhalten.\",\"inLanguage\":\"en-US\"},\"inLanguage\":\"en-US\"}]}<\/script>\n<!-- \/ Yoast SEO plugin. -->","yoast_head_json":{"title":"Krilo Shipping Company - Katamaran Info, Fahrplan & Preise","description":"Krilo Shipping ist eine lokale Katamaranfirma mit Sitz in Krilo Jesenice. Informieren Sie sich \u00fcber das Unternehmen, wie Sie Tickets kaufen und welche Linien sie betreiben.","robots":{"index":"index","follow":"follow","max-snippet":"max-snippet:-1","max-image-preview":"max-image-preview:large","max-video-preview":"max-video-preview:-1"},"canonical":"https:\/\/www.ferrycroatia.com\/de\/krilo-shipping-company\/","og_locale":"en_US","og_type":"article","og_title":"Krilo Shipping Company - Katamaran Info, Fahrplan & Preise","og_description":"Krilo Shipping ist eine lokale Katamaranfirma mit Sitz in Krilo Jesenice. Informieren Sie sich \u00fcber das Unternehmen, wie Sie Tickets kaufen und welche Linien sie betreiben.","og_url":"https:\/\/www.ferrycroatia.com\/de\/krilo-shipping-company\/","og_site_name":"F\u00e4hre Kroatien","article_modified_time":"2021-07-08T10:34:32+00:00","twitter_card":"summary_large_image","twitter_misc":{"Est. reading time":"2 minutes"},"schema":{"@context":"https:\/\/schema.org","@graph":[{"@type":["WebPage","FAQPage"],"@id":"https:\/\/www.ferrycroatia.com\/de\/krilo-shipping-company\/","url":"https:\/\/www.ferrycroatia.com\/de\/krilo-shipping-company\/","name":"Krilo Shipping Company - Katamaran Info, Fahrplan & Preise","isPartOf":{"@id":"https:\/\/www.ferrycroatia.com\/de\/#website"},"datePublished":"2021-01-28T15:34:12+00:00","dateModified":"2021-07-08T10:34:32+00:00","description":"Krilo Shipping ist eine lokale Katamaranfirma mit Sitz in Krilo Jesenice. Informieren Sie sich \u00fcber das Unternehmen, wie Sie Tickets kaufen und welche Linien sie betreiben.","breadcrumb":{"@id":"https:\/\/www.ferrycroatia.com\/de\/krilo-shipping-company\/#breadcrumb"},"mainEntity":[{"@id":"https:\/\/www.ferrycroatia.com\/de\/krilo-shipping-company\/#faq-question-1625740506575"},{"@id":"https:\/\/www.ferrycroatia.com\/de\/krilo-shipping-company\/#faq-question-1625740514182"},{"@id":"https:\/\/www.ferrycroatia.com\/de\/krilo-shipping-company\/#faq-question-1625740527223"},{"@id":"https:\/\/www.ferrycroatia.com\/de\/krilo-shipping-company\/#faq-question-1625740537612"}],"inLanguage":"en-US","potentialAction":[{"@type":"ReadAction","target":["https:\/\/www.ferrycroatia.com\/de\/krilo-shipping-company\/"]}]},{"@type":"BreadcrumbList","@id":"https:\/\/www.ferrycroatia.com\/de\/krilo-shipping-company\/#breadcrumb","itemListElement":[{"@type":"ListItem","position":1,"name":"Home","item":"https:\/\/www.ferrycroatia.com\/de\/"},{"@type":"ListItem","position":2,"name":"Krilo Shipping Company"}]},{"@type":"WebSite","@id":"https:\/\/www.ferrycroatia.com\/de\/#website","url":"https:\/\/www.ferrycroatia.com\/de\/","name":"F\u00e4hre Kroatien","description":"Info und Fahrpl\u00e4ne f\u00fcr alle Katamarane und F\u00e4hren in Kroatien","potentialAction":[{"@type":"SearchAction","target":{"@type":"EntryPoint","urlTemplate":"https:\/\/www.ferrycroatia.com\/de\/?s={search_term_string}"},"query-input":"required name=search_term_string"}],"inLanguage":"en-US"},{"@type":"Question","@id":"https:\/\/www.ferrycroatia.com\/de\/krilo-shipping-company\/#faq-question-1625740506575","position":1,"url":"https:\/\/www.ferrycroatia.com\/de\/krilo-shipping-company\/#faq-question-1625740506575","name":"Wo kann ich Tickets f\u00fcr Krilo-Katamarane kaufen?","answerCount":1,"acceptedAnswer":{"@type":"Answer","text":"Tickets k\u00f6nnen <strong>online<\/strong> sowie an <strong>zwei Verkaufsstellen<\/strong> gekauft werden - eine befindet sich im Hafen von Split unter der Adresse Obala Lazareta 2 und die andere im <a href=\"https:\/\/www.ferrycroatia.com\/de\/fahrhafen-rogac\/\">Hafen von Rogac<\/a> auf der Insel Solta.","inLanguage":"en-US"},"inLanguage":"en-US"},{"@type":"Question","@id":"https:\/\/www.ferrycroatia.com\/de\/krilo-shipping-company\/#faq-question-1625740514182","position":2,"url":"https:\/\/www.ferrycroatia.com\/de\/krilo-shipping-company\/#faq-question-1625740514182","name":"Kann ich mein Haustier auf den Katamaran bringen?","answerCount":1,"acceptedAnswer":{"@type":"Answer","text":"Hier ist ein Auszug aus den Bedingungen von Krilo Shipping in Bezug auf Haustiere:<br\/><em>Wenn die Boote die technischen Bedingungen (Zwinger) f\u00fcr den Transport von Haustieren an Bord erf\u00fcllen, wird der Transport eines Haustieres in einem Zwinger mit 50% des Ticketpreises pro Person berechnet.<\/em>","inLanguage":"en-US"},"inLanguage":"en-US"},{"@type":"Question","@id":"https:\/\/www.ferrycroatia.com\/de\/krilo-shipping-company\/#faq-question-1625740527223","position":3,"url":"https:\/\/www.ferrycroatia.com\/de\/krilo-shipping-company\/#faq-question-1625740527223","name":"Wie viel Gep\u00e4ck kann ich an Bord bringen?","answerCount":1,"acceptedAnswer":{"@type":"Answer","text":"Am Katamaran sollte gen\u00fcgend Platz zum Laden von Gep\u00e4ck vorhanden sein. Sie d\u00fcrfen eine Tasche mit einem Gewicht von bis zu 20 kg mitbringen, aber Passagiere hatten normalerweise keine Probleme, wenn sie schwerere Taschen an Bord brachten.","inLanguage":"en-US"},"inLanguage":"en-US"},{"@type":"Question","@id":"https:\/\/www.ferrycroatia.com\/de\/krilo-shipping-company\/#faq-question-1625740537612","position":4,"url":"https:\/\/www.ferrycroatia.com\/de\/krilo-shipping-company\/#faq-question-1625740537612","name":"Muss ich f\u00fcr kleine Kinder, die mit mir reisen, ein separates Ticket kaufen?","answerCount":1,"acceptedAnswer":{"@type":"Answer","text":"Kinder von 1 bis 3 Jahren k\u00f6nnen kostenlos reisen. Kinder bis 1 Jahr erhalten kein Reiseticket, w\u00e4hrend Kinder bis 3 Jahre ein Reiseticket erhalten.","inLanguage":"en-US"},"inLanguage":"en-US"}]}},"_links":{"self":[{"href":"https:\/\/www.ferrycroatia.com\/de\/wp-json\/wp\/v2\/pages\/756"}],"collection":[{"href":"https:\/\/www.ferrycroatia.com\/de\/wp-json\/wp\/v2\/pages"}],"about":[{"href":"https:\/\/www.ferrycroatia.com\/de\/wp-json\/wp\/v2\/types\/page"}],"author":[{"embeddable":true,"href":"https:\/\/www.ferrycroatia.com\/de\/wp-json\/wp\/v2\/users\/5"}],"replies":[{"embeddable":true,"href":"https:\/\/www.ferrycroatia.com\/de\/wp-json\/wp\/v2\/comments?post=756"}],"version-history":[{"count":5,"href":"https:\/\/www.ferrycroatia.com\/de\/wp-json\/wp\/v2\/pages\/756\/revisions"}],"predecessor-version":[{"id":1977,"href":"https:\/\/www.ferrycroatia.com\/de\/wp-json\/wp\/v2\/pages\/756\/revisions\/1977"}],"wp:attachment":[{"href":"https:\/\/www.ferrycroatia.com\/de\/wp-json\/wp\/v2\/media?parent=756"}],"curies":[{"name":"wp","href":"https:\/\/api.w.org\/{rel}","templated":true}]}}