{"id":759,"date":"2021-01-28T15:46:02","date_gmt":"2021-01-28T15:46:02","guid":{"rendered":"https:\/\/ferrycroatia.com\/de\/?page_id=759"},"modified":"2021-07-08T13:12:01","modified_gmt":"2021-07-08T11:12:01","slug":"liberty-lines","status":"publish","type":"page","link":"https:\/\/www.ferrycroatia.com\/de\/liberty-lines\/","title":{"rendered":"Liberty Lines"},"content":{"rendered":"\n<p><strong>Liberty Lines<\/strong> ist ein italienisches Schnellf\u00e4hr- \/ Katamaran Unternehmen, das 1993 als <em>Ustica Lines<\/em> in Sizilien gegr\u00fcndet wurde. Das Unternehmen ist <strong>eines der gr\u00f6\u00dften Hochgeschwindigkeits-Seeverkehrsunternehmen<\/strong> der Welt und verf\u00fcgt \u00fcber F\u00e4hrverbindungen in Italien, Griechenland, Slowenien und Kroatien. Im Jahr 2011 begann der Unternehmenszweig, <em>Trieste Lines<\/em>, Katamaranrouten nach Istrien zu betreiben. Heute bietet Liberty Lines <strong>mehrere Linien an, die <a href=\"https:\/\/www.ferrycroatia.com\/de\/fahre-italien-kroatien\/\">Italien mit Kroatien<\/a> verbinden<\/strong>. Die istrischen St\u00e4dte <a href=\"https:\/\/www.ferrycroatia.com\/de\/fahrhafen-rovinj\/\">Rovinj<\/a> und <a href=\"https:\/\/www.ferrycroatia.com\/de\/fahrhafen-porec\/\">Porec<\/a> sind mit Triest und Piran (Slowenien) verbunden, und es gibt auch eine weitere Linie zwischen Mali Losinj und Triest. Die Flotte des Unternehmens &#8211; derzeit sind <strong>32 Boote<\/strong> im Einsatz \u2013 besteht aus Tragfl\u00fcgelbooten, schnellen Katamaranen und Einh\u00fcllenschiffen. Sie k\u00f6nnen zwischen 200 und 350 Passagiere an Bord nehmen.<\/p>\n\n\n\n<h2><b>H\u00e4ufig gestellte Fragen zu Liberty Lines<\/b><\/h2>\n\n\n\n<div class=\"schema-faq wp-block-yoast-faq-block\"><div class=\"schema-faq-section\" id=\"faq-question-1625742736236\"><strong class=\"schema-faq-question\"><strong>Wo kann ich Tickets f\u00fcr Liberty Lines Schnellf\u00e4hren \/ Katamarane kaufen?<\/strong><\/strong> <p class=\"schema-faq-answer\">Tickets k\u00f6nnen online und in ausgewiesenen Reiseb\u00fcros in F\u00e4hrh\u00e4fen gekauft werden. Es ist ratsam, Ihr Ticket online zu buchen, insbesondere w\u00e4hrend der Sommersaison, wenn der Passagierverkehr zunimmt. Vor dem Einsteigen in den Katamaran m\u00fcssen sich die Passagiere einem Check-in-Verfahren unterziehen, das von Mitarbeitern des Unternehmens an Bord durchgef\u00fchrt wird.<\/p> <\/div> <div class=\"schema-faq-section\" id=\"faq-question-1625742744841\"><strong class=\"schema-faq-question\"><strong>Ist das Ticket f\u00fcr eine bestimmte Abfahrtszeit oder f\u00fcr eine Abfahrt am Tag g\u00fcltig?<\/strong><\/strong> <p class=\"schema-faq-answer\">Das gebuchte Ticket ist nur f\u00fcr die ausgew\u00e4hlte Abfahrtszeit g\u00fcltig. Wenn Sie das Datum und die Uhrzeit Ihrer Abreise \u00e4ndern m\u00f6chten, m\u00fcssen Sie sich dazu an das Unternehmen wenden. Beachten Sie, dass in diesem Fall eine Geb\u00fchr zu entrichten ist.<\/p> <\/div> <div class=\"schema-faq-section\" id=\"faq-question-1625742755230\"><strong class=\"schema-faq-question\"><strong>Wie fr\u00fch sollten Passagiere im Hafen ankommen?<\/strong><\/strong> <p class=\"schema-faq-answer\">Wie immer ist es ratsam, so fr\u00fch wie m\u00f6glich, sp\u00e4testens jedoch 30 Minuten vor Abreise, dort zu sein. In der Hochsaison gibt es mehr Passagiere, seien Sie also vorsichtig.<\/p> <\/div> <div class=\"schema-faq-section\" id=\"faq-question-1625742759381\"><strong class=\"schema-faq-question\"><strong>Wie viel Gep\u00e4ck kann ich an Bord bringen?<\/strong><\/strong> <p class=\"schema-faq-answer\">Jeder Passagier kann ein Gep\u00e4ckst\u00fcck kostenlos mit an Bord nehmen, die Gr\u00f6\u00dfe der Tasche \/ des Koffers darf jedoch nur bis zu 60 x 40 x 20 cm betragen. Wenn Ihr Gep\u00e4ck gr\u00f6\u00dfer als diese Abmessungen ist, m\u00fcssen Sie ein separates Gep\u00e4ckticket kaufen.<\/p> <\/div> <div class=\"schema-faq-section\" id=\"faq-question-1625742767844\"><strong class=\"schema-faq-question\"><strong>Kann ich mein Fahrrad an Bord bringen?<\/strong><\/strong> <p class=\"schema-faq-answer\">Hier ist der Auszug aus der Unternehmensrichtlinie in Bezug auf Fahrr\u00e4der:<br\/><em>Es tut uns leid, aber aufgrund der begrenzten Pl\u00e4tze auf unseren Schiffen k\u00f6nnen wir keine Fahrr\u00e4der oder andere (kleine) Transportmittel akzeptieren. Als Ausnahme von dieser Regel akzeptieren wir jedoch Lexi-Bikes ohne Batterien und in der entsprechenden Sicherheitstasche. Das Fahrrad gilt als Gep\u00e4ck.<\/em><\/p> <\/div> <div class=\"schema-faq-section\" id=\"faq-question-1625742780244\"><strong class=\"schema-faq-question\"><strong>Kann ich mein Haustier an Bord bringen?<\/strong><\/strong> <p class=\"schema-faq-answer\">Es ist m\u00f6glich, Ihr Haustier an Bord zu bringen, Sie m\u00fcssen jedoch ein spezielles &#8220;Tier&#8221; -Ticket kaufen. Kleintiere m\u00fcssen w\u00e4hrend der gesamten Dauer der Reise in ihren Tr\u00e4gern \/ K\u00e4figen gehalten werden. Mittlere und gro\u00dfe Tiere m\u00fcssen einen Maulkorb tragen und angeleint werden. Das Unternehmen hat das Recht, \u00e4rztliche Atteste zu verlangen, aus denen die Gesundheit des Tieres hervorgeht.<\/p> <\/div> <\/div>\n","protected":false},"excerpt":{"rendered":"<p>Liberty Lines ist ein italienisches Schnellf\u00e4hr- \/ Katamaran Unternehmen, das 1993 als Ustica Lines in Sizilien gegr\u00fcndet wurde. Das Unternehmen ist eines der gr\u00f6\u00dften Hochgeschwindigkeits-Seeverkehrsunternehmen der Welt und verf\u00fcgt \u00fcber F\u00e4hrverbindungen in Italien, Griechenland, Slowenien und Kroatien. Im Jahr 2011 begann der Unternehmenszweig, Trieste Lines, Katamaranrouten nach Istrien zu betreiben. Heute bietet Liberty Lines mehrere [&hellip;]<\/p>\n<p><a class=\"more-link\" href=\"https:\/\/www.ferrycroatia.com\/de\/liberty-lines\/\"> Continue reading&#8230;<\/a><\/p>\n","protected":false},"author":5,"featured_media":0,"parent":0,"menu_order":0,"comment_status":"closed","ping_status":"closed","template":"","meta":[],"yoast_head":"<!-- This site is optimized with the Yoast SEO plugin v19.8 - https:\/\/yoast.com\/wordpress\/plugins\/seo\/ -->\n<title>Liberty Lines - Katamaranfirma Info, Fahrplan &amp; Preise<\/title>\n<meta name=\"description\" content=\"Liberty Lines ist ein F\u00e4hr- \/ Katamaranunternehmen, das kroatische, italienische und slowenische H\u00e4fen an der Nordadria verbindet. Hier finden Sie Informationen, Routen und HGF.\" \/>\n<meta name=\"robots\" content=\"index, follow, max-snippet:-1, max-image-preview:large, max-video-preview:-1\" \/>\n<link rel=\"canonical\" href=\"https:\/\/www.ferrycroatia.com\/de\/liberty-lines\/\" \/>\n<meta property=\"og:locale\" content=\"en_US\" \/>\n<meta property=\"og:type\" content=\"article\" \/>\n<meta property=\"og:title\" content=\"Liberty Lines - Katamaranfirma Info, Fahrplan &amp; Preise\" \/>\n<meta property=\"og:description\" content=\"Liberty Lines ist ein F\u00e4hr- \/ Katamaranunternehmen, das kroatische, italienische und slowenische H\u00e4fen an der Nordadria verbindet. Hier finden Sie Informationen, Routen und HGF.\" \/>\n<meta property=\"og:url\" content=\"https:\/\/www.ferrycroatia.com\/de\/liberty-lines\/\" \/>\n<meta property=\"og:site_name\" content=\"F\u00e4hre Kroatien\" \/>\n<meta property=\"article:modified_time\" content=\"2021-07-08T11:12:01+00:00\" \/>\n<meta name=\"twitter:card\" content=\"summary_large_image\" \/>\n<meta name=\"twitter:label1\" content=\"Est. reading time\" \/>\n\t<meta name=\"twitter:data1\" content=\"2 minutes\" \/>\n<script type=\"application\/ld+json\" class=\"yoast-schema-graph\">{\"@context\":\"https:\/\/schema.org\",\"@graph\":[{\"@type\":[\"WebPage\",\"FAQPage\"],\"@id\":\"https:\/\/www.ferrycroatia.com\/de\/liberty-lines\/\",\"url\":\"https:\/\/www.ferrycroatia.com\/de\/liberty-lines\/\",\"name\":\"Liberty Lines - Katamaranfirma Info, Fahrplan & Preise\",\"isPartOf\":{\"@id\":\"https:\/\/www.ferrycroatia.com\/de\/#website\"},\"datePublished\":\"2021-01-28T15:46:02+00:00\",\"dateModified\":\"2021-07-08T11:12:01+00:00\",\"description\":\"Liberty Lines ist ein F\u00e4hr- \/ Katamaranunternehmen, das kroatische, italienische und slowenische H\u00e4fen an der Nordadria verbindet. Hier finden Sie Informationen, Routen und HGF.\",\"breadcrumb\":{\"@id\":\"https:\/\/www.ferrycroatia.com\/de\/liberty-lines\/#breadcrumb\"},\"mainEntity\":[{\"@id\":\"https:\/\/www.ferrycroatia.com\/de\/liberty-lines\/#faq-question-1625742736236\"},{\"@id\":\"https:\/\/www.ferrycroatia.com\/de\/liberty-lines\/#faq-question-1625742744841\"},{\"@id\":\"https:\/\/www.ferrycroatia.com\/de\/liberty-lines\/#faq-question-1625742755230\"},{\"@id\":\"https:\/\/www.ferrycroatia.com\/de\/liberty-lines\/#faq-question-1625742759381\"},{\"@id\":\"https:\/\/www.ferrycroatia.com\/de\/liberty-lines\/#faq-question-1625742767844\"},{\"@id\":\"https:\/\/www.ferrycroatia.com\/de\/liberty-lines\/#faq-question-1625742780244\"}],\"inLanguage\":\"en-US\",\"potentialAction\":[{\"@type\":\"ReadAction\",\"target\":[\"https:\/\/www.ferrycroatia.com\/de\/liberty-lines\/\"]}]},{\"@type\":\"BreadcrumbList\",\"@id\":\"https:\/\/www.ferrycroatia.com\/de\/liberty-lines\/#breadcrumb\",\"itemListElement\":[{\"@type\":\"ListItem\",\"position\":1,\"name\":\"Home\",\"item\":\"https:\/\/www.ferrycroatia.com\/de\/\"},{\"@type\":\"ListItem\",\"position\":2,\"name\":\"Liberty Lines\"}]},{\"@type\":\"WebSite\",\"@id\":\"https:\/\/www.ferrycroatia.com\/de\/#website\",\"url\":\"https:\/\/www.ferrycroatia.com\/de\/\",\"name\":\"F\u00e4hre Kroatien\",\"description\":\"Info und Fahrpl\u00e4ne f\u00fcr alle Katamarane und F\u00e4hren in Kroatien\",\"potentialAction\":[{\"@type\":\"SearchAction\",\"target\":{\"@type\":\"EntryPoint\",\"urlTemplate\":\"https:\/\/www.ferrycroatia.com\/de\/?s={search_term_string}\"},\"query-input\":\"required name=search_term_string\"}],\"inLanguage\":\"en-US\"},{\"@type\":\"Question\",\"@id\":\"https:\/\/www.ferrycroatia.com\/de\/liberty-lines\/#faq-question-1625742736236\",\"position\":1,\"url\":\"https:\/\/www.ferrycroatia.com\/de\/liberty-lines\/#faq-question-1625742736236\",\"name\":\"Wo kann ich Tickets f\u00fcr Liberty Lines Schnellf\u00e4hren \/ Katamarane kaufen?\",\"answerCount\":1,\"acceptedAnswer\":{\"@type\":\"Answer\",\"text\":\"Tickets k\u00f6nnen online und in ausgewiesenen Reiseb\u00fcros in F\u00e4hrh\u00e4fen gekauft werden. Es ist ratsam, Ihr Ticket online zu buchen, insbesondere w\u00e4hrend der Sommersaison, wenn der Passagierverkehr zunimmt. Vor dem Einsteigen in den Katamaran m\u00fcssen sich die Passagiere einem Check-in-Verfahren unterziehen, das von Mitarbeitern des Unternehmens an Bord durchgef\u00fchrt wird.\",\"inLanguage\":\"en-US\"},\"inLanguage\":\"en-US\"},{\"@type\":\"Question\",\"@id\":\"https:\/\/www.ferrycroatia.com\/de\/liberty-lines\/#faq-question-1625742744841\",\"position\":2,\"url\":\"https:\/\/www.ferrycroatia.com\/de\/liberty-lines\/#faq-question-1625742744841\",\"name\":\"Ist das Ticket f\u00fcr eine bestimmte Abfahrtszeit oder f\u00fcr eine Abfahrt am Tag g\u00fcltig?\",\"answerCount\":1,\"acceptedAnswer\":{\"@type\":\"Answer\",\"text\":\"Das gebuchte Ticket ist nur f\u00fcr die ausgew\u00e4hlte Abfahrtszeit g\u00fcltig. Wenn Sie das Datum und die Uhrzeit Ihrer Abreise \u00e4ndern m\u00f6chten, m\u00fcssen Sie sich dazu an das Unternehmen wenden. Beachten Sie, dass in diesem Fall eine Geb\u00fchr zu entrichten ist.\",\"inLanguage\":\"en-US\"},\"inLanguage\":\"en-US\"},{\"@type\":\"Question\",\"@id\":\"https:\/\/www.ferrycroatia.com\/de\/liberty-lines\/#faq-question-1625742755230\",\"position\":3,\"url\":\"https:\/\/www.ferrycroatia.com\/de\/liberty-lines\/#faq-question-1625742755230\",\"name\":\"Wie fr\u00fch sollten Passagiere im Hafen ankommen?\",\"answerCount\":1,\"acceptedAnswer\":{\"@type\":\"Answer\",\"text\":\"Wie immer ist es ratsam, so fr\u00fch wie m\u00f6glich, sp\u00e4testens jedoch 30 Minuten vor Abreise, dort zu sein. In der Hochsaison gibt es mehr Passagiere, seien Sie also vorsichtig.\",\"inLanguage\":\"en-US\"},\"inLanguage\":\"en-US\"},{\"@type\":\"Question\",\"@id\":\"https:\/\/www.ferrycroatia.com\/de\/liberty-lines\/#faq-question-1625742759381\",\"position\":4,\"url\":\"https:\/\/www.ferrycroatia.com\/de\/liberty-lines\/#faq-question-1625742759381\",\"name\":\"Wie viel Gep\u00e4ck kann ich an Bord bringen?\",\"answerCount\":1,\"acceptedAnswer\":{\"@type\":\"Answer\",\"text\":\"Jeder Passagier kann ein Gep\u00e4ckst\u00fcck kostenlos mit an Bord nehmen, die Gr\u00f6\u00dfe der Tasche \/ des Koffers darf jedoch nur bis zu 60 x 40 x 20 cm betragen. Wenn Ihr Gep\u00e4ck gr\u00f6\u00dfer als diese Abmessungen ist, m\u00fcssen Sie ein separates Gep\u00e4ckticket kaufen.\",\"inLanguage\":\"en-US\"},\"inLanguage\":\"en-US\"},{\"@type\":\"Question\",\"@id\":\"https:\/\/www.ferrycroatia.com\/de\/liberty-lines\/#faq-question-1625742767844\",\"position\":5,\"url\":\"https:\/\/www.ferrycroatia.com\/de\/liberty-lines\/#faq-question-1625742767844\",\"name\":\"Kann ich mein Fahrrad an Bord bringen?\",\"answerCount\":1,\"acceptedAnswer\":{\"@type\":\"Answer\",\"text\":\"Hier ist der Auszug aus der Unternehmensrichtlinie in Bezug auf Fahrr\u00e4der:<br\/><em>Es tut uns leid, aber aufgrund der begrenzten Pl\u00e4tze auf unseren Schiffen k\u00f6nnen wir keine Fahrr\u00e4der oder andere (kleine) Transportmittel akzeptieren. Als Ausnahme von dieser Regel akzeptieren wir jedoch Lexi-Bikes ohne Batterien und in der entsprechenden Sicherheitstasche. Das Fahrrad gilt als Gep\u00e4ck.<\/em>\",\"inLanguage\":\"en-US\"},\"inLanguage\":\"en-US\"},{\"@type\":\"Question\",\"@id\":\"https:\/\/www.ferrycroatia.com\/de\/liberty-lines\/#faq-question-1625742780244\",\"position\":6,\"url\":\"https:\/\/www.ferrycroatia.com\/de\/liberty-lines\/#faq-question-1625742780244\",\"name\":\"Kann ich mein Haustier an Bord bringen?\",\"answerCount\":1,\"acceptedAnswer\":{\"@type\":\"Answer\",\"text\":\"Es ist m\u00f6glich, Ihr Haustier an Bord zu bringen, Sie m\u00fcssen jedoch ein spezielles \\\"Tier\\\" -Ticket kaufen. Kleintiere m\u00fcssen w\u00e4hrend der gesamten Dauer der Reise in ihren Tr\u00e4gern \/ K\u00e4figen gehalten werden. Mittlere und gro\u00dfe Tiere m\u00fcssen einen Maulkorb tragen und angeleint werden. Das Unternehmen hat das Recht, \u00e4rztliche Atteste zu verlangen, aus denen die Gesundheit des Tieres hervorgeht.\",\"inLanguage\":\"en-US\"},\"inLanguage\":\"en-US\"}]}<\/script>\n<!-- \/ Yoast SEO plugin. -->","yoast_head_json":{"title":"Liberty Lines - Katamaranfirma Info, Fahrplan & Preise","description":"Liberty Lines ist ein F\u00e4hr- \/ Katamaranunternehmen, das kroatische, italienische und slowenische H\u00e4fen an der Nordadria verbindet. Hier finden Sie Informationen, Routen und HGF.","robots":{"index":"index","follow":"follow","max-snippet":"max-snippet:-1","max-image-preview":"max-image-preview:large","max-video-preview":"max-video-preview:-1"},"canonical":"https:\/\/www.ferrycroatia.com\/de\/liberty-lines\/","og_locale":"en_US","og_type":"article","og_title":"Liberty Lines - Katamaranfirma Info, Fahrplan & Preise","og_description":"Liberty Lines ist ein F\u00e4hr- \/ Katamaranunternehmen, das kroatische, italienische und slowenische H\u00e4fen an der Nordadria verbindet. Hier finden Sie Informationen, Routen und HGF.","og_url":"https:\/\/www.ferrycroatia.com\/de\/liberty-lines\/","og_site_name":"F\u00e4hre Kroatien","article_modified_time":"2021-07-08T11:12:01+00:00","twitter_card":"summary_large_image","twitter_misc":{"Est. reading time":"2 minutes"},"schema":{"@context":"https:\/\/schema.org","@graph":[{"@type":["WebPage","FAQPage"],"@id":"https:\/\/www.ferrycroatia.com\/de\/liberty-lines\/","url":"https:\/\/www.ferrycroatia.com\/de\/liberty-lines\/","name":"Liberty Lines - Katamaranfirma Info, Fahrplan & Preise","isPartOf":{"@id":"https:\/\/www.ferrycroatia.com\/de\/#website"},"datePublished":"2021-01-28T15:46:02+00:00","dateModified":"2021-07-08T11:12:01+00:00","description":"Liberty Lines ist ein F\u00e4hr- \/ Katamaranunternehmen, das kroatische, italienische und slowenische H\u00e4fen an der Nordadria verbindet. Hier finden Sie Informationen, Routen und HGF.","breadcrumb":{"@id":"https:\/\/www.ferrycroatia.com\/de\/liberty-lines\/#breadcrumb"},"mainEntity":[{"@id":"https:\/\/www.ferrycroatia.com\/de\/liberty-lines\/#faq-question-1625742736236"},{"@id":"https:\/\/www.ferrycroatia.com\/de\/liberty-lines\/#faq-question-1625742744841"},{"@id":"https:\/\/www.ferrycroatia.com\/de\/liberty-lines\/#faq-question-1625742755230"},{"@id":"https:\/\/www.ferrycroatia.com\/de\/liberty-lines\/#faq-question-1625742759381"},{"@id":"https:\/\/www.ferrycroatia.com\/de\/liberty-lines\/#faq-question-1625742767844"},{"@id":"https:\/\/www.ferrycroatia.com\/de\/liberty-lines\/#faq-question-1625742780244"}],"inLanguage":"en-US","potentialAction":[{"@type":"ReadAction","target":["https:\/\/www.ferrycroatia.com\/de\/liberty-lines\/"]}]},{"@type":"BreadcrumbList","@id":"https:\/\/www.ferrycroatia.com\/de\/liberty-lines\/#breadcrumb","itemListElement":[{"@type":"ListItem","position":1,"name":"Home","item":"https:\/\/www.ferrycroatia.com\/de\/"},{"@type":"ListItem","position":2,"name":"Liberty Lines"}]},{"@type":"WebSite","@id":"https:\/\/www.ferrycroatia.com\/de\/#website","url":"https:\/\/www.ferrycroatia.com\/de\/","name":"F\u00e4hre Kroatien","description":"Info und Fahrpl\u00e4ne f\u00fcr alle Katamarane und F\u00e4hren in Kroatien","potentialAction":[{"@type":"SearchAction","target":{"@type":"EntryPoint","urlTemplate":"https:\/\/www.ferrycroatia.com\/de\/?s={search_term_string}"},"query-input":"required name=search_term_string"}],"inLanguage":"en-US"},{"@type":"Question","@id":"https:\/\/www.ferrycroatia.com\/de\/liberty-lines\/#faq-question-1625742736236","position":1,"url":"https:\/\/www.ferrycroatia.com\/de\/liberty-lines\/#faq-question-1625742736236","name":"Wo kann ich Tickets f\u00fcr Liberty Lines Schnellf\u00e4hren \/ Katamarane kaufen?","answerCount":1,"acceptedAnswer":{"@type":"Answer","text":"Tickets k\u00f6nnen online und in ausgewiesenen Reiseb\u00fcros in F\u00e4hrh\u00e4fen gekauft werden. Es ist ratsam, Ihr Ticket online zu buchen, insbesondere w\u00e4hrend der Sommersaison, wenn der Passagierverkehr zunimmt. Vor dem Einsteigen in den Katamaran m\u00fcssen sich die Passagiere einem Check-in-Verfahren unterziehen, das von Mitarbeitern des Unternehmens an Bord durchgef\u00fchrt wird.","inLanguage":"en-US"},"inLanguage":"en-US"},{"@type":"Question","@id":"https:\/\/www.ferrycroatia.com\/de\/liberty-lines\/#faq-question-1625742744841","position":2,"url":"https:\/\/www.ferrycroatia.com\/de\/liberty-lines\/#faq-question-1625742744841","name":"Ist das Ticket f\u00fcr eine bestimmte Abfahrtszeit oder f\u00fcr eine Abfahrt am Tag g\u00fcltig?","answerCount":1,"acceptedAnswer":{"@type":"Answer","text":"Das gebuchte Ticket ist nur f\u00fcr die ausgew\u00e4hlte Abfahrtszeit g\u00fcltig. Wenn Sie das Datum und die Uhrzeit Ihrer Abreise \u00e4ndern m\u00f6chten, m\u00fcssen Sie sich dazu an das Unternehmen wenden. Beachten Sie, dass in diesem Fall eine Geb\u00fchr zu entrichten ist.","inLanguage":"en-US"},"inLanguage":"en-US"},{"@type":"Question","@id":"https:\/\/www.ferrycroatia.com\/de\/liberty-lines\/#faq-question-1625742755230","position":3,"url":"https:\/\/www.ferrycroatia.com\/de\/liberty-lines\/#faq-question-1625742755230","name":"Wie fr\u00fch sollten Passagiere im Hafen ankommen?","answerCount":1,"acceptedAnswer":{"@type":"Answer","text":"Wie immer ist es ratsam, so fr\u00fch wie m\u00f6glich, sp\u00e4testens jedoch 30 Minuten vor Abreise, dort zu sein. In der Hochsaison gibt es mehr Passagiere, seien Sie also vorsichtig.","inLanguage":"en-US"},"inLanguage":"en-US"},{"@type":"Question","@id":"https:\/\/www.ferrycroatia.com\/de\/liberty-lines\/#faq-question-1625742759381","position":4,"url":"https:\/\/www.ferrycroatia.com\/de\/liberty-lines\/#faq-question-1625742759381","name":"Wie viel Gep\u00e4ck kann ich an Bord bringen?","answerCount":1,"acceptedAnswer":{"@type":"Answer","text":"Jeder Passagier kann ein Gep\u00e4ckst\u00fcck kostenlos mit an Bord nehmen, die Gr\u00f6\u00dfe der Tasche \/ des Koffers darf jedoch nur bis zu 60 x 40 x 20 cm betragen. Wenn Ihr Gep\u00e4ck gr\u00f6\u00dfer als diese Abmessungen ist, m\u00fcssen Sie ein separates Gep\u00e4ckticket kaufen.","inLanguage":"en-US"},"inLanguage":"en-US"},{"@type":"Question","@id":"https:\/\/www.ferrycroatia.com\/de\/liberty-lines\/#faq-question-1625742767844","position":5,"url":"https:\/\/www.ferrycroatia.com\/de\/liberty-lines\/#faq-question-1625742767844","name":"Kann ich mein Fahrrad an Bord bringen?","answerCount":1,"acceptedAnswer":{"@type":"Answer","text":"Hier ist der Auszug aus der Unternehmensrichtlinie in Bezug auf Fahrr\u00e4der:<br\/><em>Es tut uns leid, aber aufgrund der begrenzten Pl\u00e4tze auf unseren Schiffen k\u00f6nnen wir keine Fahrr\u00e4der oder andere (kleine) Transportmittel akzeptieren. Als Ausnahme von dieser Regel akzeptieren wir jedoch Lexi-Bikes ohne Batterien und in der entsprechenden Sicherheitstasche. Das Fahrrad gilt als Gep\u00e4ck.<\/em>","inLanguage":"en-US"},"inLanguage":"en-US"},{"@type":"Question","@id":"https:\/\/www.ferrycroatia.com\/de\/liberty-lines\/#faq-question-1625742780244","position":6,"url":"https:\/\/www.ferrycroatia.com\/de\/liberty-lines\/#faq-question-1625742780244","name":"Kann ich mein Haustier an Bord bringen?","answerCount":1,"acceptedAnswer":{"@type":"Answer","text":"Es ist m\u00f6glich, Ihr Haustier an Bord zu bringen, Sie m\u00fcssen jedoch ein spezielles \"Tier\" -Ticket kaufen. Kleintiere m\u00fcssen w\u00e4hrend der gesamten Dauer der Reise in ihren Tr\u00e4gern \/ K\u00e4figen gehalten werden. Mittlere und gro\u00dfe Tiere m\u00fcssen einen Maulkorb tragen und angeleint werden. Das Unternehmen hat das Recht, \u00e4rztliche Atteste zu verlangen, aus denen die Gesundheit des Tieres hervorgeht.","inLanguage":"en-US"},"inLanguage":"en-US"}]}},"_links":{"self":[{"href":"https:\/\/www.ferrycroatia.com\/de\/wp-json\/wp\/v2\/pages\/759"}],"collection":[{"href":"https:\/\/www.ferrycroatia.com\/de\/wp-json\/wp\/v2\/pages"}],"about":[{"href":"https:\/\/www.ferrycroatia.com\/de\/wp-json\/wp\/v2\/types\/page"}],"author":[{"embeddable":true,"href":"https:\/\/www.ferrycroatia.com\/de\/wp-json\/wp\/v2\/users\/5"}],"replies":[{"embeddable":true,"href":"https:\/\/www.ferrycroatia.com\/de\/wp-json\/wp\/v2\/comments?post=759"}],"version-history":[{"count":3,"href":"https:\/\/www.ferrycroatia.com\/de\/wp-json\/wp\/v2\/pages\/759\/revisions"}],"predecessor-version":[{"id":1979,"href":"https:\/\/www.ferrycroatia.com\/de\/wp-json\/wp\/v2\/pages\/759\/revisions\/1979"}],"wp:attachment":[{"href":"https:\/\/www.ferrycroatia.com\/de\/wp-json\/wp\/v2\/media?parent=759"}],"curies":[{"name":"wp","href":"https:\/\/api.w.org\/{rel}","templated":true}]}}