{"id":761,"date":"2021-01-28T15:50:54","date_gmt":"2021-01-28T15:50:54","guid":{"rendered":"https:\/\/ferrycroatia.com\/de\/?page_id=761"},"modified":"2021-07-08T13:13:18","modified_gmt":"2021-07-08T11:13:18","slug":"miatours","status":"publish","type":"page","link":"https:\/\/www.ferrycroatia.com\/de\/miatours\/","title":{"rendered":"Miatours"},"content":{"rendered":"\n<p><strong>Miatours ist ein Reiseb\u00fcro<\/strong> der <strong>Katamaran Firma Miatrade d.o.o.<\/strong> in Zadar gelegen. Sie betreiben seit mehr als 20 Jahren inl\u00e4ndische Katamaran Linien.<br>\nZu Beginn ihres Betriebs hatten sie internationale Linien nach Italien, bieten jedoch derzeit nur eine Inlandslinie <strong>Zadar &#8211; Premuda &#8211; Silba &#8211; Olib<\/strong> an, die <a href=\"https:\/\/www.ferrycroatia.com\/de\/fahrhafen-zadar\/\">Zadar<\/a> mit kleineren Inseln im Zadar-Archipel verbindet. Neben dieser regul\u00e4ren Linie bietet Miatours <strong>auf Anfrage auch Transporte f\u00fcr Ausfl\u00fcge<\/strong>, Hochzeiten und andere besondere Anl\u00e4sse an.<\/p>\n\n\n\n<p>F\u00fcr die Flotte von Miatours stehen <strong>zwei Katamarane nur f\u00fcr Passagiere zur Verf\u00fcgung<\/strong>: &#8220;Princ Zadra&#8221; und &#8220;Mala Sirena&#8221; mit einer Kapazit\u00e4t von 300 und 180 Passagieren.<br>\nPrinc Zadra ist ein gr\u00f6\u00dferer Katamaran mit zwei Decks, Klimaanlage, Toiletten und Kioskbar an Bord. Mala Sirena hat nur ein Deck, aber die gleichen Annehmlichkeiten.<\/p>\n\n\n\n<h2><b>H\u00e4ufig gestellte Fragen zu Miatours<\/b><\/h2>\n\n\n\n<div class=\"schema-faq wp-block-yoast-faq-block\"><div class=\"schema-faq-section\" id=\"faq-question-1625742812741\"><strong class=\"schema-faq-question\"><strong>Wo kann ich Tickets f\u00fcr Miatours-Katamarane kaufen?<\/strong><\/strong> <p class=\"schema-faq-answer\">Tickets k\u00f6nnen online sowie in H\u00e4fen in Zadar, Premuda, Silba und Olib gekauft werden. Alle Verkaufsstellen sind 30 Minuten vor Abreise des Katamarans ge\u00f6ffnet, mit Ausnahme der Verkaufsstelle in Zadar, bei der es sich im Grunde um ein Miatours-B\u00fcro handelt, das an allen Tagen der Woche ge\u00f6ffnet ist. Beachten Sie, dass in der Nebensaison \/ im Winter keine Tickets in Premuda, Silba und Olib gekauft werden k\u00f6nnen, sondern nur direkt auf dem Katamaran (Zahlung in kroatischer Kuna).<\/p> <\/div> <div class=\"schema-faq-section\" id=\"faq-question-1625742822616\"><strong class=\"schema-faq-question\"><strong>Wie viel Gep\u00e4ck kann ich mit Miatours-Katamaranen mitnehmen?<\/strong><\/strong> <p class=\"schema-faq-answer\">Jeder Passagier kann bis zu 20 kg Handgep\u00e4ck kostenlos mitbringen. Andere Frachttransporte sind auf Katamaranen nicht gestattet.<\/p> <\/div> <div class=\"schema-faq-section\" id=\"faq-question-1625742830485\"><strong class=\"schema-faq-question\"><strong>Muss ich die Tickets zum Einsteigen in den Katamaran ausdrucken?<\/strong><\/strong> <p class=\"schema-faq-answer\">Wenn Sie Ihr Ticket online kaufen, erhalten Sie eine E-Mail-Best\u00e4tigung der gekauften Tickets. Danach m\u00fcssen Sie diese Best\u00e4tigung verwenden, um Tickets in den zuvor genannten Verkaufsstellen abzuholen.<\/p> <\/div> <div class=\"schema-faq-section\" id=\"faq-question-1625742840836\"><strong class=\"schema-faq-question\"><strong>Kann ich mein Haustier an Bord bringen?<\/strong><\/strong> <p class=\"schema-faq-answer\">Hier ist ein Auszug aus Miatours Bemerkungen \u00fcber Haustiere:<br\/><em>Wenn die technischen Bedingungen an Bord (Spezialboxen) f\u00fcr den Transport von Haustieren erf\u00fcllt sind, wird der Transport von Haustieren in Spezialboxen mit 50% des Ticketpreises pro Person berechnet.<\/em><\/p> <\/div> <div class=\"schema-faq-section\" id=\"faq-question-1625742850322\"><strong class=\"schema-faq-question\">M<strong>uss ich f\u00fcr kleine Kinder, die mit mir reisen, ein separates Ticket kaufen?<\/strong><\/strong> <p class=\"schema-faq-answer\">Kinder von 1 bis 3 Jahren k\u00f6nnen kostenlos reisen. Kinder bis 1 Jahr erhalten kein Reiseticket, w\u00e4hrend Kinder bis 3 Jahre ein Reiseticket erhalten.<\/p> <\/div> <\/div>\n","protected":false},"excerpt":{"rendered":"<p>Miatours ist ein Reiseb\u00fcro der Katamaran Firma Miatrade d.o.o. in Zadar gelegen. Sie betreiben seit mehr als 20 Jahren inl\u00e4ndische Katamaran Linien. Zu Beginn ihres Betriebs hatten sie internationale Linien nach Italien, bieten jedoch derzeit nur eine Inlandslinie Zadar &#8211; Premuda &#8211; Silba &#8211; Olib an, die Zadar mit kleineren Inseln im Zadar-Archipel verbindet. Neben [&hellip;]<\/p>\n<p><a class=\"more-link\" href=\"https:\/\/www.ferrycroatia.com\/de\/miatours\/\"> Continue reading&#8230;<\/a><\/p>\n","protected":false},"author":5,"featured_media":0,"parent":0,"menu_order":0,"comment_status":"closed","ping_status":"closed","template":"","meta":[],"yoast_head":"<!-- This site is optimized with the Yoast SEO plugin v19.8 - https:\/\/yoast.com\/wordpress\/plugins\/seo\/ -->\n<title>Miatours - Katamaranfirma Info, Fahrplan &amp; Preise<\/title>\n<meta name=\"description\" content=\"Miatours ist eine lokale F\u00e4hr- \/ Katamaranfirma mit Sitz in Zadar. Erfahren Sie mehr \u00fcber das Unternehmen, wie Sie Tickets kaufen k\u00f6nnen und welche Linien sie betreiben.\" \/>\n<meta name=\"robots\" content=\"index, follow, max-snippet:-1, max-image-preview:large, max-video-preview:-1\" \/>\n<link rel=\"canonical\" href=\"https:\/\/www.ferrycroatia.com\/de\/miatours\/\" \/>\n<meta property=\"og:locale\" content=\"en_US\" \/>\n<meta property=\"og:type\" content=\"article\" \/>\n<meta property=\"og:title\" content=\"Miatours - Katamaranfirma Info, Fahrplan &amp; Preise\" \/>\n<meta property=\"og:description\" content=\"Miatours ist eine lokale F\u00e4hr- \/ Katamaranfirma mit Sitz in Zadar. Erfahren Sie mehr \u00fcber das Unternehmen, wie Sie Tickets kaufen k\u00f6nnen und welche Linien sie betreiben.\" \/>\n<meta property=\"og:url\" content=\"https:\/\/www.ferrycroatia.com\/de\/miatours\/\" \/>\n<meta property=\"og:site_name\" content=\"F\u00e4hre Kroatien\" \/>\n<meta property=\"article:modified_time\" content=\"2021-07-08T11:13:18+00:00\" \/>\n<meta name=\"twitter:card\" content=\"summary_large_image\" \/>\n<meta name=\"twitter:label1\" content=\"Est. reading time\" \/>\n\t<meta name=\"twitter:data1\" content=\"2 minutes\" \/>\n<script type=\"application\/ld+json\" class=\"yoast-schema-graph\">{\"@context\":\"https:\/\/schema.org\",\"@graph\":[{\"@type\":[\"WebPage\",\"FAQPage\"],\"@id\":\"https:\/\/www.ferrycroatia.com\/de\/miatours\/\",\"url\":\"https:\/\/www.ferrycroatia.com\/de\/miatours\/\",\"name\":\"Miatours - Katamaranfirma Info, Fahrplan & Preise\",\"isPartOf\":{\"@id\":\"https:\/\/www.ferrycroatia.com\/de\/#website\"},\"datePublished\":\"2021-01-28T15:50:54+00:00\",\"dateModified\":\"2021-07-08T11:13:18+00:00\",\"description\":\"Miatours ist eine lokale F\u00e4hr- \/ Katamaranfirma mit Sitz in Zadar. Erfahren Sie mehr \u00fcber das Unternehmen, wie Sie Tickets kaufen k\u00f6nnen und welche Linien sie betreiben.\",\"breadcrumb\":{\"@id\":\"https:\/\/www.ferrycroatia.com\/de\/miatours\/#breadcrumb\"},\"mainEntity\":[{\"@id\":\"https:\/\/www.ferrycroatia.com\/de\/miatours\/#faq-question-1625742812741\"},{\"@id\":\"https:\/\/www.ferrycroatia.com\/de\/miatours\/#faq-question-1625742822616\"},{\"@id\":\"https:\/\/www.ferrycroatia.com\/de\/miatours\/#faq-question-1625742830485\"},{\"@id\":\"https:\/\/www.ferrycroatia.com\/de\/miatours\/#faq-question-1625742840836\"},{\"@id\":\"https:\/\/www.ferrycroatia.com\/de\/miatours\/#faq-question-1625742850322\"}],\"inLanguage\":\"en-US\",\"potentialAction\":[{\"@type\":\"ReadAction\",\"target\":[\"https:\/\/www.ferrycroatia.com\/de\/miatours\/\"]}]},{\"@type\":\"BreadcrumbList\",\"@id\":\"https:\/\/www.ferrycroatia.com\/de\/miatours\/#breadcrumb\",\"itemListElement\":[{\"@type\":\"ListItem\",\"position\":1,\"name\":\"Home\",\"item\":\"https:\/\/www.ferrycroatia.com\/de\/\"},{\"@type\":\"ListItem\",\"position\":2,\"name\":\"Miatours\"}]},{\"@type\":\"WebSite\",\"@id\":\"https:\/\/www.ferrycroatia.com\/de\/#website\",\"url\":\"https:\/\/www.ferrycroatia.com\/de\/\",\"name\":\"F\u00e4hre Kroatien\",\"description\":\"Info und Fahrpl\u00e4ne f\u00fcr alle Katamarane und F\u00e4hren in Kroatien\",\"potentialAction\":[{\"@type\":\"SearchAction\",\"target\":{\"@type\":\"EntryPoint\",\"urlTemplate\":\"https:\/\/www.ferrycroatia.com\/de\/?s={search_term_string}\"},\"query-input\":\"required name=search_term_string\"}],\"inLanguage\":\"en-US\"},{\"@type\":\"Question\",\"@id\":\"https:\/\/www.ferrycroatia.com\/de\/miatours\/#faq-question-1625742812741\",\"position\":1,\"url\":\"https:\/\/www.ferrycroatia.com\/de\/miatours\/#faq-question-1625742812741\",\"name\":\"Wo kann ich Tickets f\u00fcr Miatours-Katamarane kaufen?\",\"answerCount\":1,\"acceptedAnswer\":{\"@type\":\"Answer\",\"text\":\"Tickets k\u00f6nnen online sowie in H\u00e4fen in Zadar, Premuda, Silba und Olib gekauft werden. Alle Verkaufsstellen sind 30 Minuten vor Abreise des Katamarans ge\u00f6ffnet, mit Ausnahme der Verkaufsstelle in Zadar, bei der es sich im Grunde um ein Miatours-B\u00fcro handelt, das an allen Tagen der Woche ge\u00f6ffnet ist. Beachten Sie, dass in der Nebensaison \/ im Winter keine Tickets in Premuda, Silba und Olib gekauft werden k\u00f6nnen, sondern nur direkt auf dem Katamaran (Zahlung in kroatischer Kuna).\",\"inLanguage\":\"en-US\"},\"inLanguage\":\"en-US\"},{\"@type\":\"Question\",\"@id\":\"https:\/\/www.ferrycroatia.com\/de\/miatours\/#faq-question-1625742822616\",\"position\":2,\"url\":\"https:\/\/www.ferrycroatia.com\/de\/miatours\/#faq-question-1625742822616\",\"name\":\"Wie viel Gep\u00e4ck kann ich mit Miatours-Katamaranen mitnehmen?\",\"answerCount\":1,\"acceptedAnswer\":{\"@type\":\"Answer\",\"text\":\"Jeder Passagier kann bis zu 20 kg Handgep\u00e4ck kostenlos mitbringen. Andere Frachttransporte sind auf Katamaranen nicht gestattet.\",\"inLanguage\":\"en-US\"},\"inLanguage\":\"en-US\"},{\"@type\":\"Question\",\"@id\":\"https:\/\/www.ferrycroatia.com\/de\/miatours\/#faq-question-1625742830485\",\"position\":3,\"url\":\"https:\/\/www.ferrycroatia.com\/de\/miatours\/#faq-question-1625742830485\",\"name\":\"Muss ich die Tickets zum Einsteigen in den Katamaran ausdrucken?\",\"answerCount\":1,\"acceptedAnswer\":{\"@type\":\"Answer\",\"text\":\"Wenn Sie Ihr Ticket online kaufen, erhalten Sie eine E-Mail-Best\u00e4tigung der gekauften Tickets. Danach m\u00fcssen Sie diese Best\u00e4tigung verwenden, um Tickets in den zuvor genannten Verkaufsstellen abzuholen.\",\"inLanguage\":\"en-US\"},\"inLanguage\":\"en-US\"},{\"@type\":\"Question\",\"@id\":\"https:\/\/www.ferrycroatia.com\/de\/miatours\/#faq-question-1625742840836\",\"position\":4,\"url\":\"https:\/\/www.ferrycroatia.com\/de\/miatours\/#faq-question-1625742840836\",\"name\":\"Kann ich mein Haustier an Bord bringen?\",\"answerCount\":1,\"acceptedAnswer\":{\"@type\":\"Answer\",\"text\":\"Hier ist ein Auszug aus Miatours Bemerkungen \u00fcber Haustiere:<br\/><em>Wenn die technischen Bedingungen an Bord (Spezialboxen) f\u00fcr den Transport von Haustieren erf\u00fcllt sind, wird der Transport von Haustieren in Spezialboxen mit 50% des Ticketpreises pro Person berechnet.<\/em>\",\"inLanguage\":\"en-US\"},\"inLanguage\":\"en-US\"},{\"@type\":\"Question\",\"@id\":\"https:\/\/www.ferrycroatia.com\/de\/miatours\/#faq-question-1625742850322\",\"position\":5,\"url\":\"https:\/\/www.ferrycroatia.com\/de\/miatours\/#faq-question-1625742850322\",\"name\":\"Muss ich f\u00fcr kleine Kinder, die mit mir reisen, ein separates Ticket kaufen?\",\"answerCount\":1,\"acceptedAnswer\":{\"@type\":\"Answer\",\"text\":\"Kinder von 1 bis 3 Jahren k\u00f6nnen kostenlos reisen. Kinder bis 1 Jahr erhalten kein Reiseticket, w\u00e4hrend Kinder bis 3 Jahre ein Reiseticket erhalten.\",\"inLanguage\":\"en-US\"},\"inLanguage\":\"en-US\"}]}<\/script>\n<!-- \/ Yoast SEO plugin. -->","yoast_head_json":{"title":"Miatours - Katamaranfirma Info, Fahrplan & Preise","description":"Miatours ist eine lokale F\u00e4hr- \/ Katamaranfirma mit Sitz in Zadar. Erfahren Sie mehr \u00fcber das Unternehmen, wie Sie Tickets kaufen k\u00f6nnen und welche Linien sie betreiben.","robots":{"index":"index","follow":"follow","max-snippet":"max-snippet:-1","max-image-preview":"max-image-preview:large","max-video-preview":"max-video-preview:-1"},"canonical":"https:\/\/www.ferrycroatia.com\/de\/miatours\/","og_locale":"en_US","og_type":"article","og_title":"Miatours - Katamaranfirma Info, Fahrplan & Preise","og_description":"Miatours ist eine lokale F\u00e4hr- \/ Katamaranfirma mit Sitz in Zadar. Erfahren Sie mehr \u00fcber das Unternehmen, wie Sie Tickets kaufen k\u00f6nnen und welche Linien sie betreiben.","og_url":"https:\/\/www.ferrycroatia.com\/de\/miatours\/","og_site_name":"F\u00e4hre Kroatien","article_modified_time":"2021-07-08T11:13:18+00:00","twitter_card":"summary_large_image","twitter_misc":{"Est. reading time":"2 minutes"},"schema":{"@context":"https:\/\/schema.org","@graph":[{"@type":["WebPage","FAQPage"],"@id":"https:\/\/www.ferrycroatia.com\/de\/miatours\/","url":"https:\/\/www.ferrycroatia.com\/de\/miatours\/","name":"Miatours - Katamaranfirma Info, Fahrplan & Preise","isPartOf":{"@id":"https:\/\/www.ferrycroatia.com\/de\/#website"},"datePublished":"2021-01-28T15:50:54+00:00","dateModified":"2021-07-08T11:13:18+00:00","description":"Miatours ist eine lokale F\u00e4hr- \/ Katamaranfirma mit Sitz in Zadar. Erfahren Sie mehr \u00fcber das Unternehmen, wie Sie Tickets kaufen k\u00f6nnen und welche Linien sie betreiben.","breadcrumb":{"@id":"https:\/\/www.ferrycroatia.com\/de\/miatours\/#breadcrumb"},"mainEntity":[{"@id":"https:\/\/www.ferrycroatia.com\/de\/miatours\/#faq-question-1625742812741"},{"@id":"https:\/\/www.ferrycroatia.com\/de\/miatours\/#faq-question-1625742822616"},{"@id":"https:\/\/www.ferrycroatia.com\/de\/miatours\/#faq-question-1625742830485"},{"@id":"https:\/\/www.ferrycroatia.com\/de\/miatours\/#faq-question-1625742840836"},{"@id":"https:\/\/www.ferrycroatia.com\/de\/miatours\/#faq-question-1625742850322"}],"inLanguage":"en-US","potentialAction":[{"@type":"ReadAction","target":["https:\/\/www.ferrycroatia.com\/de\/miatours\/"]}]},{"@type":"BreadcrumbList","@id":"https:\/\/www.ferrycroatia.com\/de\/miatours\/#breadcrumb","itemListElement":[{"@type":"ListItem","position":1,"name":"Home","item":"https:\/\/www.ferrycroatia.com\/de\/"},{"@type":"ListItem","position":2,"name":"Miatours"}]},{"@type":"WebSite","@id":"https:\/\/www.ferrycroatia.com\/de\/#website","url":"https:\/\/www.ferrycroatia.com\/de\/","name":"F\u00e4hre Kroatien","description":"Info und Fahrpl\u00e4ne f\u00fcr alle Katamarane und F\u00e4hren in Kroatien","potentialAction":[{"@type":"SearchAction","target":{"@type":"EntryPoint","urlTemplate":"https:\/\/www.ferrycroatia.com\/de\/?s={search_term_string}"},"query-input":"required name=search_term_string"}],"inLanguage":"en-US"},{"@type":"Question","@id":"https:\/\/www.ferrycroatia.com\/de\/miatours\/#faq-question-1625742812741","position":1,"url":"https:\/\/www.ferrycroatia.com\/de\/miatours\/#faq-question-1625742812741","name":"Wo kann ich Tickets f\u00fcr Miatours-Katamarane kaufen?","answerCount":1,"acceptedAnswer":{"@type":"Answer","text":"Tickets k\u00f6nnen online sowie in H\u00e4fen in Zadar, Premuda, Silba und Olib gekauft werden. Alle Verkaufsstellen sind 30 Minuten vor Abreise des Katamarans ge\u00f6ffnet, mit Ausnahme der Verkaufsstelle in Zadar, bei der es sich im Grunde um ein Miatours-B\u00fcro handelt, das an allen Tagen der Woche ge\u00f6ffnet ist. Beachten Sie, dass in der Nebensaison \/ im Winter keine Tickets in Premuda, Silba und Olib gekauft werden k\u00f6nnen, sondern nur direkt auf dem Katamaran (Zahlung in kroatischer Kuna).","inLanguage":"en-US"},"inLanguage":"en-US"},{"@type":"Question","@id":"https:\/\/www.ferrycroatia.com\/de\/miatours\/#faq-question-1625742822616","position":2,"url":"https:\/\/www.ferrycroatia.com\/de\/miatours\/#faq-question-1625742822616","name":"Wie viel Gep\u00e4ck kann ich mit Miatours-Katamaranen mitnehmen?","answerCount":1,"acceptedAnswer":{"@type":"Answer","text":"Jeder Passagier kann bis zu 20 kg Handgep\u00e4ck kostenlos mitbringen. Andere Frachttransporte sind auf Katamaranen nicht gestattet.","inLanguage":"en-US"},"inLanguage":"en-US"},{"@type":"Question","@id":"https:\/\/www.ferrycroatia.com\/de\/miatours\/#faq-question-1625742830485","position":3,"url":"https:\/\/www.ferrycroatia.com\/de\/miatours\/#faq-question-1625742830485","name":"Muss ich die Tickets zum Einsteigen in den Katamaran ausdrucken?","answerCount":1,"acceptedAnswer":{"@type":"Answer","text":"Wenn Sie Ihr Ticket online kaufen, erhalten Sie eine E-Mail-Best\u00e4tigung der gekauften Tickets. Danach m\u00fcssen Sie diese Best\u00e4tigung verwenden, um Tickets in den zuvor genannten Verkaufsstellen abzuholen.","inLanguage":"en-US"},"inLanguage":"en-US"},{"@type":"Question","@id":"https:\/\/www.ferrycroatia.com\/de\/miatours\/#faq-question-1625742840836","position":4,"url":"https:\/\/www.ferrycroatia.com\/de\/miatours\/#faq-question-1625742840836","name":"Kann ich mein Haustier an Bord bringen?","answerCount":1,"acceptedAnswer":{"@type":"Answer","text":"Hier ist ein Auszug aus Miatours Bemerkungen \u00fcber Haustiere:<br\/><em>Wenn die technischen Bedingungen an Bord (Spezialboxen) f\u00fcr den Transport von Haustieren erf\u00fcllt sind, wird der Transport von Haustieren in Spezialboxen mit 50% des Ticketpreises pro Person berechnet.<\/em>","inLanguage":"en-US"},"inLanguage":"en-US"},{"@type":"Question","@id":"https:\/\/www.ferrycroatia.com\/de\/miatours\/#faq-question-1625742850322","position":5,"url":"https:\/\/www.ferrycroatia.com\/de\/miatours\/#faq-question-1625742850322","name":"Muss ich f\u00fcr kleine Kinder, die mit mir reisen, ein separates Ticket kaufen?","answerCount":1,"acceptedAnswer":{"@type":"Answer","text":"Kinder von 1 bis 3 Jahren k\u00f6nnen kostenlos reisen. Kinder bis 1 Jahr erhalten kein Reiseticket, w\u00e4hrend Kinder bis 3 Jahre ein Reiseticket erhalten.","inLanguage":"en-US"},"inLanguage":"en-US"}]}},"_links":{"self":[{"href":"https:\/\/www.ferrycroatia.com\/de\/wp-json\/wp\/v2\/pages\/761"}],"collection":[{"href":"https:\/\/www.ferrycroatia.com\/de\/wp-json\/wp\/v2\/pages"}],"about":[{"href":"https:\/\/www.ferrycroatia.com\/de\/wp-json\/wp\/v2\/types\/page"}],"author":[{"embeddable":true,"href":"https:\/\/www.ferrycroatia.com\/de\/wp-json\/wp\/v2\/users\/5"}],"replies":[{"embeddable":true,"href":"https:\/\/www.ferrycroatia.com\/de\/wp-json\/wp\/v2\/comments?post=761"}],"version-history":[{"count":3,"href":"https:\/\/www.ferrycroatia.com\/de\/wp-json\/wp\/v2\/pages\/761\/revisions"}],"predecessor-version":[{"id":1981,"href":"https:\/\/www.ferrycroatia.com\/de\/wp-json\/wp\/v2\/pages\/761\/revisions\/1981"}],"wp:attachment":[{"href":"https:\/\/www.ferrycroatia.com\/de\/wp-json\/wp\/v2\/media?parent=761"}],"curies":[{"name":"wp","href":"https:\/\/api.w.org\/{rel}","templated":true}]}}