{"id":763,"date":"2021-01-28T16:17:42","date_gmt":"2021-01-28T16:17:42","guid":{"rendered":"https:\/\/ferrycroatia.com\/de\/?page_id=763"},"modified":"2021-07-08T13:14:35","modified_gmt":"2021-07-08T11:14:35","slug":"rapska-plovidba","status":"publish","type":"page","link":"https:\/\/www.ferrycroatia.com\/de\/rapska-plovidba\/","title":{"rendered":"Rapska Plovidba"},"content":{"rendered":"\n<p><strong>Rapska plovidba d.d. ist eine lokale F\u00e4hrgesellschaft<\/strong> mit Sitz in der Stadt Mali Palit auf der <a href=\"https:\/\/www.ferrycroatia.com\/de\/insel-rab\/\">Insel Rab<\/a>. Sie begannen 1963 mit dem Betrieb von F\u00e4hrstrecken. <strong>Die Flotte des Unternehmens umfasst derzeit f\u00fcnf F\u00e4hren:<\/strong> &#8220;Cetiri zvonika&#8221;, &#8220;Barbat&#8221;, &#8220;Sveti Marin&#8221;, &#8220;Sveti Kristofor&#8221; und &#8220;Maslina&#8221;. Da Rapska plovidba ein kleines lokales Unternehmen ist, bieten sie derzeit nur <strong>zwei F\u00e4hrrouten<\/strong> an, von denen eine Rab mit der <a href=\"https:\/\/www.ferrycroatia.com\/de\/insel-pag\/\">Insel Pag<\/a> verbindet:<\/p>\n\n\n\n<ul><li><a href=\"https:\/\/www.ferrycroatia.com\/de\/stinica-misnjak\/\">Stinica &#8211; Misnjak (Rab)<\/a><\/li><li><a href=\"https:\/\/www.ferrycroatia.com\/de\/rab-lun-tovarnele\/\">Stadt Rab &#8211; Lun Tovarnele (Pag)<\/a><\/li><\/ul>\n\n\n\n<p><strong>Diese Linien verkehren das ganze Jahr \u00fcber<\/strong> mit Dutzenden von t\u00e4glichen Abfahrten w\u00e4hrend der Sommersaison. In der Nebensaison und im Winter sind sie seltener. \u00dcberpr\u00fcfen Sie daher unbedingt den vollst\u00e4ndigen Fahrplan oder verwenden Sie unser Suchformular, um bestimmte Abfahrten zu finden.<\/p>\n\n\n\n<h2><b>H\u00e4ufig gestellte Fragen zu Rapska plovidba<\/b><\/h2>\n\n\n\n<div class=\"schema-faq wp-block-yoast-faq-block\"><div class=\"schema-faq-section\" id=\"faq-question-1625742890583\"><strong class=\"schema-faq-question\"><strong>Wo kann ich Tickets f\u00fcr Routen kaufen, die von Rapska plovidba betrieben werden?<\/strong><\/strong> <p class=\"schema-faq-answer\">F\u00e4hrtickets k\u00f6nnen nur an Verkaufsstellen in H\u00e4fen gekauft werden. Aufgrund der sommerlichen Menschenmenge in den H\u00e4fen und des begrenzten Platzes auf F\u00e4hren empfehlen wir, Ihr Ticket rechtzeitig zu kaufen. Wenn Sie mit dem Auto reisen, m\u00fcssen Sie beides kaufen &#8211; ein Autoticket und Tickets f\u00fcr alle Passagiere, die reisen.<\/p> <\/div> <div class=\"schema-faq-section\" id=\"faq-question-1625742897476\"><strong class=\"schema-faq-question\"><strong>Wie fr\u00fch vor Abreise sollte ich im Hafen sein?<\/strong><\/strong> <p class=\"schema-faq-answer\">Das h\u00e4ngt von der Jahreszeit ab, aber da Rapska plovidba-F\u00e4hren nur \u00fcber begrenzten Platz f\u00fcr Autos verf\u00fcgen, empfehlen wir, so fr\u00fch wie m\u00f6glich dorthin zu fahren, um sich einen Platz auf der F\u00e4hre zu sichern. Das bedeutet mindestens 1,5 Stunden vor Abreise w\u00e4hrend der Sommersaison.<\/p> <\/div> <div class=\"schema-faq-section\" id=\"faq-question-1625742906415\"><strong class=\"schema-faq-question\"><strong>Kann ich mein Haustier auf die Rapska plovidba F\u00e4hre bringen?<\/strong><\/strong> <p class=\"schema-faq-answer\">Ja, Sie k\u00f6nnen Ihr Haustier (kostenlos) an Bord bringen, aber nur, wenn dies keine Gefahr oder Ablenkung f\u00fcr andere Passagiere darstellt. Haustiere k\u00f6nnen nicht in geschlossene Fahrgastr\u00e4ume gebracht werden.<\/p> <\/div> <div class=\"schema-faq-section\" id=\"faq-question-1625742914287\"><strong class=\"schema-faq-question\"><strong>Kann ich ein Fahrrad mit der Rapska plovidba F\u00e4hre mitbringen?<\/strong><\/strong> <p class=\"schema-faq-answer\">Ja, Sie k\u00f6nnen Ihr Fahrrad an Bord bringen, aber beachten Sie, dass Sie extra bezahlen m\u00fcssen. Die Preise f\u00fcr Fahrr\u00e4der sind in den Fahrpl\u00e4nen f\u00fcr beide Linien aufgef\u00fchrt.<\/p> <\/div> <div class=\"schema-faq-section\" id=\"faq-question-1625742919381\"><strong class=\"schema-faq-question\"><strong>Wie viel Gep\u00e4ck kann ich mit der Rapska plovidba F\u00e4hre mitbringen?<\/strong><\/strong> <p class=\"schema-faq-answer\">Wenn Sie ein Fu\u00dfpassagier sind, k\u00f6nnen Sie bis zu 100 kg Gep\u00e4ck an Bord bringen. Wenn Ihr Gep\u00e4ck 20 kg nicht \u00fcberschreitet, k\u00f6nnen Sie es kostenlos auf die F\u00e4hre bringen.<\/p> <\/div> <div class=\"schema-faq-section\" id=\"faq-question-1625742928589\"><strong class=\"schema-faq-question\"><strong>Kann ich ein Ticket f\u00fcr eine bestimmte Abreise kaufen?<\/strong><\/strong> <p class=\"schema-faq-answer\">A: Leider nein, Sie k\u00f6nnen ein Ticket f\u00fcr ein bestimmtes Datum kaufen, aber nicht f\u00fcr eine bestimmte Tageszeit. Aufgrund der gro\u00dfen Menschenmenge in F\u00e4hrh\u00e4fen, in denen Autos in der Schlange stehen, um an Bord zu gehen, verwendet Rapska plovidba bei der Beladung der Autos und Passagiere das First-In-First-Out-System.<\/p> <\/div> <\/div>\n","protected":false},"excerpt":{"rendered":"<p>Rapska plovidba d.d. ist eine lokale F\u00e4hrgesellschaft mit Sitz in der Stadt Mali Palit auf der Insel Rab. Sie begannen 1963 mit dem Betrieb von F\u00e4hrstrecken. Die Flotte des Unternehmens umfasst derzeit f\u00fcnf F\u00e4hren: &#8220;Cetiri zvonika&#8221;, &#8220;Barbat&#8221;, &#8220;Sveti Marin&#8221;, &#8220;Sveti Kristofor&#8221; und &#8220;Maslina&#8221;. Da Rapska plovidba ein kleines lokales Unternehmen ist, bieten sie derzeit nur [&hellip;]<\/p>\n<p><a class=\"more-link\" href=\"https:\/\/www.ferrycroatia.com\/de\/rapska-plovidba\/\"> Continue reading&#8230;<\/a><\/p>\n","protected":false},"author":5,"featured_media":764,"parent":0,"menu_order":0,"comment_status":"closed","ping_status":"closed","template":"","meta":[],"yoast_head":"<!-- This site is optimized with the Yoast SEO plugin v19.8 - https:\/\/yoast.com\/wordpress\/plugins\/seo\/ -->\n<title>Rapska Plovidba d.d. - F\u00e4hrunternehem Infos &amp; Fahrpl\u00e4ne<\/title>\n<meta name=\"description\" content=\"Rapska Plovidba ist eine lokale F\u00e4hrgesellschaft mit Sitz auf der kroatischen Insel Rab. Hier finden Sie Infos zum Unternehmen, wie Sie Tickets kaufen und welche Linien sie betreiben.\" \/>\n<meta name=\"robots\" content=\"index, follow, max-snippet:-1, max-image-preview:large, max-video-preview:-1\" \/>\n<link rel=\"canonical\" href=\"https:\/\/www.ferrycroatia.com\/de\/rapska-plovidba\/\" \/>\n<meta property=\"og:locale\" content=\"en_US\" \/>\n<meta property=\"og:type\" content=\"article\" \/>\n<meta property=\"og:title\" content=\"Rapska Plovidba d.d. - F\u00e4hrunternehem Infos &amp; Fahrpl\u00e4ne\" \/>\n<meta property=\"og:description\" content=\"Rapska Plovidba ist eine lokale F\u00e4hrgesellschaft mit Sitz auf der kroatischen Insel Rab. Hier finden Sie Infos zum Unternehmen, wie Sie Tickets kaufen und welche Linien sie betreiben.\" \/>\n<meta property=\"og:url\" content=\"https:\/\/www.ferrycroatia.com\/de\/rapska-plovidba\/\" \/>\n<meta property=\"og:site_name\" content=\"F\u00e4hre Kroatien\" \/>\n<meta property=\"article:modified_time\" content=\"2021-07-08T11:14:35+00:00\" \/>\n<meta property=\"og:image\" content=\"https:\/\/www.ferrycroatia.com\/de\/wp-content\/uploads\/2021\/01\/Rapska-plovidba-2.jpg\" \/>\n\t<meta property=\"og:image:width\" content=\"1024\" \/>\n\t<meta property=\"og:image:height\" content=\"576\" \/>\n\t<meta property=\"og:image:type\" content=\"image\/jpeg\" \/>\n<meta name=\"twitter:card\" content=\"summary_large_image\" \/>\n<meta name=\"twitter:label1\" content=\"Est. reading time\" \/>\n\t<meta name=\"twitter:data1\" content=\"2 minutes\" \/>\n<script type=\"application\/ld+json\" class=\"yoast-schema-graph\">{\"@context\":\"https:\/\/schema.org\",\"@graph\":[{\"@type\":[\"WebPage\",\"FAQPage\"],\"@id\":\"https:\/\/www.ferrycroatia.com\/de\/rapska-plovidba\/\",\"url\":\"https:\/\/www.ferrycroatia.com\/de\/rapska-plovidba\/\",\"name\":\"Rapska Plovidba d.d. - F\u00e4hrunternehem Infos & Fahrpl\u00e4ne\",\"isPartOf\":{\"@id\":\"https:\/\/www.ferrycroatia.com\/de\/#website\"},\"datePublished\":\"2021-01-28T16:17:42+00:00\",\"dateModified\":\"2021-07-08T11:14:35+00:00\",\"description\":\"Rapska Plovidba ist eine lokale F\u00e4hrgesellschaft mit Sitz auf der kroatischen Insel Rab. Hier finden Sie Infos zum Unternehmen, wie Sie Tickets kaufen und welche Linien sie betreiben.\",\"breadcrumb\":{\"@id\":\"https:\/\/www.ferrycroatia.com\/de\/rapska-plovidba\/#breadcrumb\"},\"mainEntity\":[{\"@id\":\"https:\/\/www.ferrycroatia.com\/de\/rapska-plovidba\/#faq-question-1625742890583\"},{\"@id\":\"https:\/\/www.ferrycroatia.com\/de\/rapska-plovidba\/#faq-question-1625742897476\"},{\"@id\":\"https:\/\/www.ferrycroatia.com\/de\/rapska-plovidba\/#faq-question-1625742906415\"},{\"@id\":\"https:\/\/www.ferrycroatia.com\/de\/rapska-plovidba\/#faq-question-1625742914287\"},{\"@id\":\"https:\/\/www.ferrycroatia.com\/de\/rapska-plovidba\/#faq-question-1625742919381\"},{\"@id\":\"https:\/\/www.ferrycroatia.com\/de\/rapska-plovidba\/#faq-question-1625742928589\"}],\"inLanguage\":\"en-US\",\"potentialAction\":[{\"@type\":\"ReadAction\",\"target\":[\"https:\/\/www.ferrycroatia.com\/de\/rapska-plovidba\/\"]}]},{\"@type\":\"BreadcrumbList\",\"@id\":\"https:\/\/www.ferrycroatia.com\/de\/rapska-plovidba\/#breadcrumb\",\"itemListElement\":[{\"@type\":\"ListItem\",\"position\":1,\"name\":\"Home\",\"item\":\"https:\/\/www.ferrycroatia.com\/de\/\"},{\"@type\":\"ListItem\",\"position\":2,\"name\":\"Rapska Plovidba\"}]},{\"@type\":\"WebSite\",\"@id\":\"https:\/\/www.ferrycroatia.com\/de\/#website\",\"url\":\"https:\/\/www.ferrycroatia.com\/de\/\",\"name\":\"F\u00e4hre Kroatien\",\"description\":\"Info und Fahrpl\u00e4ne f\u00fcr alle Katamarane und F\u00e4hren in Kroatien\",\"potentialAction\":[{\"@type\":\"SearchAction\",\"target\":{\"@type\":\"EntryPoint\",\"urlTemplate\":\"https:\/\/www.ferrycroatia.com\/de\/?s={search_term_string}\"},\"query-input\":\"required name=search_term_string\"}],\"inLanguage\":\"en-US\"},{\"@type\":\"Question\",\"@id\":\"https:\/\/www.ferrycroatia.com\/de\/rapska-plovidba\/#faq-question-1625742890583\",\"position\":1,\"url\":\"https:\/\/www.ferrycroatia.com\/de\/rapska-plovidba\/#faq-question-1625742890583\",\"name\":\"Wo kann ich Tickets f\u00fcr Routen kaufen, die von Rapska plovidba betrieben werden?\",\"answerCount\":1,\"acceptedAnswer\":{\"@type\":\"Answer\",\"text\":\"F\u00e4hrtickets k\u00f6nnen nur an Verkaufsstellen in H\u00e4fen gekauft werden. Aufgrund der sommerlichen Menschenmenge in den H\u00e4fen und des begrenzten Platzes auf F\u00e4hren empfehlen wir, Ihr Ticket rechtzeitig zu kaufen. Wenn Sie mit dem Auto reisen, m\u00fcssen Sie beides kaufen - ein Autoticket und Tickets f\u00fcr alle Passagiere, die reisen.\",\"inLanguage\":\"en-US\"},\"inLanguage\":\"en-US\"},{\"@type\":\"Question\",\"@id\":\"https:\/\/www.ferrycroatia.com\/de\/rapska-plovidba\/#faq-question-1625742897476\",\"position\":2,\"url\":\"https:\/\/www.ferrycroatia.com\/de\/rapska-plovidba\/#faq-question-1625742897476\",\"name\":\"Wie fr\u00fch vor Abreise sollte ich im Hafen sein?\",\"answerCount\":1,\"acceptedAnswer\":{\"@type\":\"Answer\",\"text\":\"Das h\u00e4ngt von der Jahreszeit ab, aber da Rapska plovidba-F\u00e4hren nur \u00fcber begrenzten Platz f\u00fcr Autos verf\u00fcgen, empfehlen wir, so fr\u00fch wie m\u00f6glich dorthin zu fahren, um sich einen Platz auf der F\u00e4hre zu sichern. Das bedeutet mindestens 1,5 Stunden vor Abreise w\u00e4hrend der Sommersaison.\",\"inLanguage\":\"en-US\"},\"inLanguage\":\"en-US\"},{\"@type\":\"Question\",\"@id\":\"https:\/\/www.ferrycroatia.com\/de\/rapska-plovidba\/#faq-question-1625742906415\",\"position\":3,\"url\":\"https:\/\/www.ferrycroatia.com\/de\/rapska-plovidba\/#faq-question-1625742906415\",\"name\":\"Kann ich mein Haustier auf die Rapska plovidba F\u00e4hre bringen?\",\"answerCount\":1,\"acceptedAnswer\":{\"@type\":\"Answer\",\"text\":\"Ja, Sie k\u00f6nnen Ihr Haustier (kostenlos) an Bord bringen, aber nur, wenn dies keine Gefahr oder Ablenkung f\u00fcr andere Passagiere darstellt. Haustiere k\u00f6nnen nicht in geschlossene Fahrgastr\u00e4ume gebracht werden.\",\"inLanguage\":\"en-US\"},\"inLanguage\":\"en-US\"},{\"@type\":\"Question\",\"@id\":\"https:\/\/www.ferrycroatia.com\/de\/rapska-plovidba\/#faq-question-1625742914287\",\"position\":4,\"url\":\"https:\/\/www.ferrycroatia.com\/de\/rapska-plovidba\/#faq-question-1625742914287\",\"name\":\"Kann ich ein Fahrrad mit der Rapska plovidba F\u00e4hre mitbringen?\",\"answerCount\":1,\"acceptedAnswer\":{\"@type\":\"Answer\",\"text\":\"Ja, Sie k\u00f6nnen Ihr Fahrrad an Bord bringen, aber beachten Sie, dass Sie extra bezahlen m\u00fcssen. Die Preise f\u00fcr Fahrr\u00e4der sind in den Fahrpl\u00e4nen f\u00fcr beide Linien aufgef\u00fchrt.\",\"inLanguage\":\"en-US\"},\"inLanguage\":\"en-US\"},{\"@type\":\"Question\",\"@id\":\"https:\/\/www.ferrycroatia.com\/de\/rapska-plovidba\/#faq-question-1625742919381\",\"position\":5,\"url\":\"https:\/\/www.ferrycroatia.com\/de\/rapska-plovidba\/#faq-question-1625742919381\",\"name\":\"Wie viel Gep\u00e4ck kann ich mit der Rapska plovidba F\u00e4hre mitbringen?\",\"answerCount\":1,\"acceptedAnswer\":{\"@type\":\"Answer\",\"text\":\"Wenn Sie ein Fu\u00dfpassagier sind, k\u00f6nnen Sie bis zu 100 kg Gep\u00e4ck an Bord bringen. Wenn Ihr Gep\u00e4ck 20 kg nicht \u00fcberschreitet, k\u00f6nnen Sie es kostenlos auf die F\u00e4hre bringen.\",\"inLanguage\":\"en-US\"},\"inLanguage\":\"en-US\"},{\"@type\":\"Question\",\"@id\":\"https:\/\/www.ferrycroatia.com\/de\/rapska-plovidba\/#faq-question-1625742928589\",\"position\":6,\"url\":\"https:\/\/www.ferrycroatia.com\/de\/rapska-plovidba\/#faq-question-1625742928589\",\"name\":\"Kann ich ein Ticket f\u00fcr eine bestimmte Abreise kaufen?\",\"answerCount\":1,\"acceptedAnswer\":{\"@type\":\"Answer\",\"text\":\"A: Leider nein, Sie k\u00f6nnen ein Ticket f\u00fcr ein bestimmtes Datum kaufen, aber nicht f\u00fcr eine bestimmte Tageszeit. Aufgrund der gro\u00dfen Menschenmenge in F\u00e4hrh\u00e4fen, in denen Autos in der Schlange stehen, um an Bord zu gehen, verwendet Rapska plovidba bei der Beladung der Autos und Passagiere das First-In-First-Out-System.\",\"inLanguage\":\"en-US\"},\"inLanguage\":\"en-US\"}]}<\/script>\n<!-- \/ Yoast SEO plugin. -->","yoast_head_json":{"title":"Rapska Plovidba d.d. - F\u00e4hrunternehem Infos & Fahrpl\u00e4ne","description":"Rapska Plovidba ist eine lokale F\u00e4hrgesellschaft mit Sitz auf der kroatischen Insel Rab. Hier finden Sie Infos zum Unternehmen, wie Sie Tickets kaufen und welche Linien sie betreiben.","robots":{"index":"index","follow":"follow","max-snippet":"max-snippet:-1","max-image-preview":"max-image-preview:large","max-video-preview":"max-video-preview:-1"},"canonical":"https:\/\/www.ferrycroatia.com\/de\/rapska-plovidba\/","og_locale":"en_US","og_type":"article","og_title":"Rapska Plovidba d.d. - F\u00e4hrunternehem Infos & Fahrpl\u00e4ne","og_description":"Rapska Plovidba ist eine lokale F\u00e4hrgesellschaft mit Sitz auf der kroatischen Insel Rab. Hier finden Sie Infos zum Unternehmen, wie Sie Tickets kaufen und welche Linien sie betreiben.","og_url":"https:\/\/www.ferrycroatia.com\/de\/rapska-plovidba\/","og_site_name":"F\u00e4hre Kroatien","article_modified_time":"2021-07-08T11:14:35+00:00","og_image":[{"width":1024,"height":576,"url":"https:\/\/www.ferrycroatia.com\/de\/wp-content\/uploads\/2021\/01\/Rapska-plovidba-2.jpg","type":"image\/jpeg"}],"twitter_card":"summary_large_image","twitter_misc":{"Est. reading time":"2 minutes"},"schema":{"@context":"https:\/\/schema.org","@graph":[{"@type":["WebPage","FAQPage"],"@id":"https:\/\/www.ferrycroatia.com\/de\/rapska-plovidba\/","url":"https:\/\/www.ferrycroatia.com\/de\/rapska-plovidba\/","name":"Rapska Plovidba d.d. - F\u00e4hrunternehem Infos & Fahrpl\u00e4ne","isPartOf":{"@id":"https:\/\/www.ferrycroatia.com\/de\/#website"},"datePublished":"2021-01-28T16:17:42+00:00","dateModified":"2021-07-08T11:14:35+00:00","description":"Rapska Plovidba ist eine lokale F\u00e4hrgesellschaft mit Sitz auf der kroatischen Insel Rab. Hier finden Sie Infos zum Unternehmen, wie Sie Tickets kaufen und welche Linien sie betreiben.","breadcrumb":{"@id":"https:\/\/www.ferrycroatia.com\/de\/rapska-plovidba\/#breadcrumb"},"mainEntity":[{"@id":"https:\/\/www.ferrycroatia.com\/de\/rapska-plovidba\/#faq-question-1625742890583"},{"@id":"https:\/\/www.ferrycroatia.com\/de\/rapska-plovidba\/#faq-question-1625742897476"},{"@id":"https:\/\/www.ferrycroatia.com\/de\/rapska-plovidba\/#faq-question-1625742906415"},{"@id":"https:\/\/www.ferrycroatia.com\/de\/rapska-plovidba\/#faq-question-1625742914287"},{"@id":"https:\/\/www.ferrycroatia.com\/de\/rapska-plovidba\/#faq-question-1625742919381"},{"@id":"https:\/\/www.ferrycroatia.com\/de\/rapska-plovidba\/#faq-question-1625742928589"}],"inLanguage":"en-US","potentialAction":[{"@type":"ReadAction","target":["https:\/\/www.ferrycroatia.com\/de\/rapska-plovidba\/"]}]},{"@type":"BreadcrumbList","@id":"https:\/\/www.ferrycroatia.com\/de\/rapska-plovidba\/#breadcrumb","itemListElement":[{"@type":"ListItem","position":1,"name":"Home","item":"https:\/\/www.ferrycroatia.com\/de\/"},{"@type":"ListItem","position":2,"name":"Rapska Plovidba"}]},{"@type":"WebSite","@id":"https:\/\/www.ferrycroatia.com\/de\/#website","url":"https:\/\/www.ferrycroatia.com\/de\/","name":"F\u00e4hre Kroatien","description":"Info und Fahrpl\u00e4ne f\u00fcr alle Katamarane und F\u00e4hren in Kroatien","potentialAction":[{"@type":"SearchAction","target":{"@type":"EntryPoint","urlTemplate":"https:\/\/www.ferrycroatia.com\/de\/?s={search_term_string}"},"query-input":"required name=search_term_string"}],"inLanguage":"en-US"},{"@type":"Question","@id":"https:\/\/www.ferrycroatia.com\/de\/rapska-plovidba\/#faq-question-1625742890583","position":1,"url":"https:\/\/www.ferrycroatia.com\/de\/rapska-plovidba\/#faq-question-1625742890583","name":"Wo kann ich Tickets f\u00fcr Routen kaufen, die von Rapska plovidba betrieben werden?","answerCount":1,"acceptedAnswer":{"@type":"Answer","text":"F\u00e4hrtickets k\u00f6nnen nur an Verkaufsstellen in H\u00e4fen gekauft werden. Aufgrund der sommerlichen Menschenmenge in den H\u00e4fen und des begrenzten Platzes auf F\u00e4hren empfehlen wir, Ihr Ticket rechtzeitig zu kaufen. Wenn Sie mit dem Auto reisen, m\u00fcssen Sie beides kaufen - ein Autoticket und Tickets f\u00fcr alle Passagiere, die reisen.","inLanguage":"en-US"},"inLanguage":"en-US"},{"@type":"Question","@id":"https:\/\/www.ferrycroatia.com\/de\/rapska-plovidba\/#faq-question-1625742897476","position":2,"url":"https:\/\/www.ferrycroatia.com\/de\/rapska-plovidba\/#faq-question-1625742897476","name":"Wie fr\u00fch vor Abreise sollte ich im Hafen sein?","answerCount":1,"acceptedAnswer":{"@type":"Answer","text":"Das h\u00e4ngt von der Jahreszeit ab, aber da Rapska plovidba-F\u00e4hren nur \u00fcber begrenzten Platz f\u00fcr Autos verf\u00fcgen, empfehlen wir, so fr\u00fch wie m\u00f6glich dorthin zu fahren, um sich einen Platz auf der F\u00e4hre zu sichern. Das bedeutet mindestens 1,5 Stunden vor Abreise w\u00e4hrend der Sommersaison.","inLanguage":"en-US"},"inLanguage":"en-US"},{"@type":"Question","@id":"https:\/\/www.ferrycroatia.com\/de\/rapska-plovidba\/#faq-question-1625742906415","position":3,"url":"https:\/\/www.ferrycroatia.com\/de\/rapska-plovidba\/#faq-question-1625742906415","name":"Kann ich mein Haustier auf die Rapska plovidba F\u00e4hre bringen?","answerCount":1,"acceptedAnswer":{"@type":"Answer","text":"Ja, Sie k\u00f6nnen Ihr Haustier (kostenlos) an Bord bringen, aber nur, wenn dies keine Gefahr oder Ablenkung f\u00fcr andere Passagiere darstellt. Haustiere k\u00f6nnen nicht in geschlossene Fahrgastr\u00e4ume gebracht werden.","inLanguage":"en-US"},"inLanguage":"en-US"},{"@type":"Question","@id":"https:\/\/www.ferrycroatia.com\/de\/rapska-plovidba\/#faq-question-1625742914287","position":4,"url":"https:\/\/www.ferrycroatia.com\/de\/rapska-plovidba\/#faq-question-1625742914287","name":"Kann ich ein Fahrrad mit der Rapska plovidba F\u00e4hre mitbringen?","answerCount":1,"acceptedAnswer":{"@type":"Answer","text":"Ja, Sie k\u00f6nnen Ihr Fahrrad an Bord bringen, aber beachten Sie, dass Sie extra bezahlen m\u00fcssen. Die Preise f\u00fcr Fahrr\u00e4der sind in den Fahrpl\u00e4nen f\u00fcr beide Linien aufgef\u00fchrt.","inLanguage":"en-US"},"inLanguage":"en-US"},{"@type":"Question","@id":"https:\/\/www.ferrycroatia.com\/de\/rapska-plovidba\/#faq-question-1625742919381","position":5,"url":"https:\/\/www.ferrycroatia.com\/de\/rapska-plovidba\/#faq-question-1625742919381","name":"Wie viel Gep\u00e4ck kann ich mit der Rapska plovidba F\u00e4hre mitbringen?","answerCount":1,"acceptedAnswer":{"@type":"Answer","text":"Wenn Sie ein Fu\u00dfpassagier sind, k\u00f6nnen Sie bis zu 100 kg Gep\u00e4ck an Bord bringen. Wenn Ihr Gep\u00e4ck 20 kg nicht \u00fcberschreitet, k\u00f6nnen Sie es kostenlos auf die F\u00e4hre bringen.","inLanguage":"en-US"},"inLanguage":"en-US"},{"@type":"Question","@id":"https:\/\/www.ferrycroatia.com\/de\/rapska-plovidba\/#faq-question-1625742928589","position":6,"url":"https:\/\/www.ferrycroatia.com\/de\/rapska-plovidba\/#faq-question-1625742928589","name":"Kann ich ein Ticket f\u00fcr eine bestimmte Abreise kaufen?","answerCount":1,"acceptedAnswer":{"@type":"Answer","text":"A: Leider nein, Sie k\u00f6nnen ein Ticket f\u00fcr ein bestimmtes Datum kaufen, aber nicht f\u00fcr eine bestimmte Tageszeit. Aufgrund der gro\u00dfen Menschenmenge in F\u00e4hrh\u00e4fen, in denen Autos in der Schlange stehen, um an Bord zu gehen, verwendet Rapska plovidba bei der Beladung der Autos und Passagiere das First-In-First-Out-System.","inLanguage":"en-US"},"inLanguage":"en-US"}]}},"_links":{"self":[{"href":"https:\/\/www.ferrycroatia.com\/de\/wp-json\/wp\/v2\/pages\/763"}],"collection":[{"href":"https:\/\/www.ferrycroatia.com\/de\/wp-json\/wp\/v2\/pages"}],"about":[{"href":"https:\/\/www.ferrycroatia.com\/de\/wp-json\/wp\/v2\/types\/page"}],"author":[{"embeddable":true,"href":"https:\/\/www.ferrycroatia.com\/de\/wp-json\/wp\/v2\/users\/5"}],"replies":[{"embeddable":true,"href":"https:\/\/www.ferrycroatia.com\/de\/wp-json\/wp\/v2\/comments?post=763"}],"version-history":[{"count":4,"href":"https:\/\/www.ferrycroatia.com\/de\/wp-json\/wp\/v2\/pages\/763\/revisions"}],"predecessor-version":[{"id":1983,"href":"https:\/\/www.ferrycroatia.com\/de\/wp-json\/wp\/v2\/pages\/763\/revisions\/1983"}],"wp:featuredmedia":[{"embeddable":true,"href":"https:\/\/www.ferrycroatia.com\/de\/wp-json\/wp\/v2\/media\/764"}],"wp:attachment":[{"href":"https:\/\/www.ferrycroatia.com\/de\/wp-json\/wp\/v2\/media?parent=763"}],"curies":[{"name":"wp","href":"https:\/\/api.w.org\/{rel}","templated":true}]}}