{"id":769,"date":"2021-01-28T16:53:59","date_gmt":"2021-01-28T16:53:59","guid":{"rendered":"https:\/\/ferrycroatia.com\/de\/?page_id=769"},"modified":"2021-07-08T13:16:05","modified_gmt":"2021-07-08T11:16:05","slug":"snav","status":"publish","type":"page","link":"https:\/\/www.ferrycroatia.com\/de\/snav\/","title":{"rendered":"SNAV"},"content":{"rendered":"\n<p><strong>SNAV S.p.A.<\/strong> ist ein italienisches F\u00e4hr- \/ Katamaran Unternehmen mit Sitz in Napoli, das regelm\u00e4\u00dfige Abfahrten nach Kroatien, Spanien, Tunesien und Marokko anbietet. Neben Inlandsstrecken ist die h\u00e4ufigste F\u00e4hrlinie des Unternehmens <a href=\"https:\/\/www.ferrycroatia.com\/de\/ancona-split\/\">Ancona nach Split<\/a>. W\u00e4hrend der Sommersaison gibt es mindestens 2 t\u00e4gliche Abfahrten von <a href=\"https:\/\/www.ferrycroatia.com\/de\/split-ancona\/\">Split nach Ancona<\/a> und umgekehrt.<\/p>\n\n\n\n<p>Die Flotte des Unternehmens umfasst <strong>Katamarane, Tragfl\u00fcgelboote und Hochgeschwindigkeits-Kreuzfahrtf\u00e4hren<\/strong>, und die neuesten k\u00f6nnen sowohl Fahrzeuge als auch Personen transportieren. Die F\u00e4hre ist an dem gro\u00dfen <em>SNAV<\/em>-Schild an der Seite des Bootes zu erkennen. Was die Annehmlichkeiten angeht &#8211; Kreuzfahrtf\u00e4hren haben Schlafkabinen f\u00fcr bis zu vier Personen, von denen einige eine sch\u00f6ne Aussicht bieten. F\u00e4hren haben auch <strong>Kaffee-Bars, Restaurant, Waschraum <\/strong>und <strong>Zugang f\u00fcr Behinderte<\/strong>. Katamarane und Tragfl\u00fcgelboote haben keine Schlafkabinen und kein Restaurant, bieten aber alle anderen Annehmlichkeiten wie eine Kreuzfahrtf\u00e4hre.<\/p>\n\n\n\n<h2><b>H\u00e4ufig gestellte Fragen zu SNAV<\/b><\/h2>\n\n\n\n<div class=\"schema-faq wp-block-yoast-faq-block\"><div class=\"schema-faq-section\" id=\"faq-question-1625742971082\"><strong class=\"schema-faq-question\"><strong>Wo kann ich Tickets f\u00fcr SNAV-F\u00e4hr- und Katamaran Routen kaufen?<\/strong><\/strong> <p class=\"schema-faq-answer\">Tickets f\u00fcr alle Abfahrten k\u00f6nnen online gekauft werden, was empfohlen wird. F\u00fcr die Linie Split &#8211; Ancona k\u00f6nnen Tickets auch an der Verkaufsstelle des <a href=\"https:\/\/www.ferrycroatia.com\/de\/fahrhafen-split\/\">Hafens Split<\/a> gekauft werden. Beachten Sie jedoch, dass es insbesondere im Sommer zu Staus kommen kann. Kaufen Sie Ihr Ticket immer rechtzeitig.<\/p> <\/div> <div class=\"schema-faq-section\" id=\"faq-question-1625742978389\"><strong class=\"schema-faq-question\"><strong>Wie viel Gep\u00e4ck kann ich an Bord bringen?<\/strong><\/strong> <p class=\"schema-faq-answer\">Jeder Passagier kann <strong>ein Handgep\u00e4ckst\u00fcck kostenlos<\/strong> mitbringen, es darf jedoch nur bis zu 9 kg schwer sein. Alles \u00fcber diesem Gewicht muss separat bezahlt werden. Bei F\u00e4hrfahrten kann Handgep\u00e4ck in Kabinen gebracht werden, w\u00e4hrend bei Hochgeschwindigkeitsschiffen das Gep\u00e4ck an einem daf\u00fcr vorgesehenen Ort aufbewahrt wird.<\/p> <\/div> <div class=\"schema-faq-section\" id=\"faq-question-1625742987653\"><strong class=\"schema-faq-question\"><strong>Kann ich mein Haustier an Bord bringen?<\/strong><\/strong> <p class=\"schema-faq-answer\">Ja, das k\u00f6nnen Sie. Hier ist der Auszug aus den Allgemeinen Gesch\u00e4ftsbedingungen von SNAV zu Haustieren. Weitere Informationen finden Sie auf der Website des Unternehmens oder Sie k\u00f6nnen ihnen eine Anfrage per E-Mail senden:<br\/><em>Andernfalls sind Haustiere auf den Kreuzfahrtf\u00e4hren (z. B. Katzen, Hunde usw.) gem\u00e4\u00df den gesetzlichen Bestimmungen gestattet. Um an Bord zugelassen zu werden, m\u00fcssen im Allgemeinen alle Haustiere ein Ticket und eine tier\u00e4rztliche Bescheinigung besitzen, aus der hervorgeht, dass sie bei guter Gesundheit sind und die Prophylaxe f\u00fcr externe Parasiten durchlaufen haben m\u00fcssen. Hunde m\u00fcssen im Hunde-Register registriert sein.<\/em><br\/><em>Um die Hygienevorschriften einzuhalten, m\u00fcssen Haustiere im Zwinger oder in bestimmten Kabinen reisen (maximal 2 Haustiere pro Kabine).<\/em><\/p> <\/div> <div class=\"schema-faq-section\" id=\"faq-question-1625742999556\"><strong class=\"schema-faq-question\"><strong>Kann ich mein Fahrrad an Bord bringen?<\/strong><\/strong> <p class=\"schema-faq-answer\">Ja, Sie k\u00f6nnen Ihr Fahrrad an Bord der SNAV-Kreuzfahrtf\u00e4hre bringen. Beachten Sie jedoch, dass m\u00f6glicherweise zus\u00e4tzliche Geb\u00fchren anfallen. \u00dcberpr\u00fcfen Sie daher die Preise vor der Abreise.<\/p> <\/div> <div class=\"schema-faq-section\" id=\"faq-question-1625743008244\"><strong class=\"schema-faq-question\"><strong>Welche Dokumente ben\u00f6tige ich, wenn ich mit der SNAV-Linie Ancona &#8211; Split (und umgekehrt) unterwegs bin?<\/strong><\/strong> <p class=\"schema-faq-answer\">Sie ben\u00f6tigen einen Reisepass oder einen Personalausweis, der f\u00fcr Auslandsreisen g\u00fcltig ist. Der Reisepass muss mindestens 90 Tage ab dem R\u00fcckreisedatum g\u00fcltig sein. Wenn Ihre Dokumente bald ablaufen, wird empfohlen, sie rechtzeitig zu erneuern. Wenn Sie mit dem Auto anreisen, ben\u00f6tigen Sie: F\u00fchrerschein, Fahrzeugschein und Versicherungspapiere.<\/p> <\/div> <div class=\"schema-faq-section\" id=\"faq-question-1625743018518\"><strong class=\"schema-faq-question\"><strong>Wie fr\u00fch sollte ich im Hafen sein?<\/strong><\/strong> <p class=\"schema-faq-answer\">F\u00fcr die Route Ancona &#8211; Split wird empfohlen, so fr\u00fch wie m\u00f6glich am Hafen von Ancona zu sein. SNAV empfiehlt, dass die ideale Check-in-Zeit mindestens 3 Stunden vor Abreise ist. Bitte beachten Sie, dass Sie vor dem Einsteigen in die F\u00e4hre zum Check-in im Terminal gehen und dort Ihre Bordkarte erhalten m\u00fcssen.<\/p> <\/div> <\/div>\n","protected":false},"excerpt":{"rendered":"<p>SNAV S.p.A. ist ein italienisches F\u00e4hr- \/ Katamaran Unternehmen mit Sitz in Napoli, das regelm\u00e4\u00dfige Abfahrten nach Kroatien, Spanien, Tunesien und Marokko anbietet. Neben Inlandsstrecken ist die h\u00e4ufigste F\u00e4hrlinie des Unternehmens Ancona nach Split. W\u00e4hrend der Sommersaison gibt es mindestens 2 t\u00e4gliche Abfahrten von Split nach Ancona und umgekehrt. Die Flotte des Unternehmens umfasst Katamarane, [&hellip;]<\/p>\n<p><a class=\"more-link\" href=\"https:\/\/www.ferrycroatia.com\/de\/snav\/\"> Continue reading&#8230;<\/a><\/p>\n","protected":false},"author":5,"featured_media":0,"parent":0,"menu_order":0,"comment_status":"closed","ping_status":"closed","template":"","meta":[],"yoast_head":"<!-- This site is optimized with the Yoast SEO plugin v19.8 - https:\/\/yoast.com\/wordpress\/plugins\/seo\/ -->\n<title>SNAV - F\u00e4hr- \/ Katamaranunternehem Info, Fahrplan &amp; Preise<\/title>\n<meta name=\"description\" content=\"SNAV ist ein italienisches F\u00e4hr- \/ Katamaranunternehmen mit Sitz in Napoli. SNAV bietet regelm\u00e4\u00dfige Abfahrten auf der Route Split - Ancona an. Hier finden Sie Infos zum Unternehmen, Fahrpl\u00e4ne und HGF.\" \/>\n<meta name=\"robots\" content=\"index, follow, max-snippet:-1, max-image-preview:large, max-video-preview:-1\" \/>\n<link rel=\"canonical\" href=\"https:\/\/www.ferrycroatia.com\/de\/snav\/\" \/>\n<meta property=\"og:locale\" content=\"en_US\" \/>\n<meta property=\"og:type\" content=\"article\" \/>\n<meta property=\"og:title\" content=\"SNAV - F\u00e4hr- \/ Katamaranunternehem Info, Fahrplan &amp; Preise\" \/>\n<meta property=\"og:description\" content=\"SNAV ist ein italienisches F\u00e4hr- \/ Katamaranunternehmen mit Sitz in Napoli. SNAV bietet regelm\u00e4\u00dfige Abfahrten auf der Route Split - Ancona an. Hier finden Sie Infos zum Unternehmen, Fahrpl\u00e4ne und HGF.\" \/>\n<meta property=\"og:url\" content=\"https:\/\/www.ferrycroatia.com\/de\/snav\/\" \/>\n<meta property=\"og:site_name\" content=\"F\u00e4hre Kroatien\" \/>\n<meta property=\"article:modified_time\" content=\"2021-07-08T11:16:05+00:00\" \/>\n<meta name=\"twitter:card\" content=\"summary_large_image\" \/>\n<meta name=\"twitter:label1\" content=\"Est. reading time\" \/>\n\t<meta name=\"twitter:data1\" content=\"3 minutes\" \/>\n<script type=\"application\/ld+json\" class=\"yoast-schema-graph\">{\"@context\":\"https:\/\/schema.org\",\"@graph\":[{\"@type\":[\"WebPage\",\"FAQPage\"],\"@id\":\"https:\/\/www.ferrycroatia.com\/de\/snav\/\",\"url\":\"https:\/\/www.ferrycroatia.com\/de\/snav\/\",\"name\":\"SNAV - F\u00e4hr- \/ Katamaranunternehem Info, Fahrplan & Preise\",\"isPartOf\":{\"@id\":\"https:\/\/www.ferrycroatia.com\/de\/#website\"},\"datePublished\":\"2021-01-28T16:53:59+00:00\",\"dateModified\":\"2021-07-08T11:16:05+00:00\",\"description\":\"SNAV ist ein italienisches F\u00e4hr- \/ Katamaranunternehmen mit Sitz in Napoli. SNAV bietet regelm\u00e4\u00dfige Abfahrten auf der Route Split - Ancona an. Hier finden Sie Infos zum Unternehmen, Fahrpl\u00e4ne und HGF.\",\"breadcrumb\":{\"@id\":\"https:\/\/www.ferrycroatia.com\/de\/snav\/#breadcrumb\"},\"mainEntity\":[{\"@id\":\"https:\/\/www.ferrycroatia.com\/de\/snav\/#faq-question-1625742971082\"},{\"@id\":\"https:\/\/www.ferrycroatia.com\/de\/snav\/#faq-question-1625742978389\"},{\"@id\":\"https:\/\/www.ferrycroatia.com\/de\/snav\/#faq-question-1625742987653\"},{\"@id\":\"https:\/\/www.ferrycroatia.com\/de\/snav\/#faq-question-1625742999556\"},{\"@id\":\"https:\/\/www.ferrycroatia.com\/de\/snav\/#faq-question-1625743008244\"},{\"@id\":\"https:\/\/www.ferrycroatia.com\/de\/snav\/#faq-question-1625743018518\"}],\"inLanguage\":\"en-US\",\"potentialAction\":[{\"@type\":\"ReadAction\",\"target\":[\"https:\/\/www.ferrycroatia.com\/de\/snav\/\"]}]},{\"@type\":\"BreadcrumbList\",\"@id\":\"https:\/\/www.ferrycroatia.com\/de\/snav\/#breadcrumb\",\"itemListElement\":[{\"@type\":\"ListItem\",\"position\":1,\"name\":\"Home\",\"item\":\"https:\/\/www.ferrycroatia.com\/de\/\"},{\"@type\":\"ListItem\",\"position\":2,\"name\":\"SNAV\"}]},{\"@type\":\"WebSite\",\"@id\":\"https:\/\/www.ferrycroatia.com\/de\/#website\",\"url\":\"https:\/\/www.ferrycroatia.com\/de\/\",\"name\":\"F\u00e4hre Kroatien\",\"description\":\"Info und Fahrpl\u00e4ne f\u00fcr alle Katamarane und F\u00e4hren in Kroatien\",\"potentialAction\":[{\"@type\":\"SearchAction\",\"target\":{\"@type\":\"EntryPoint\",\"urlTemplate\":\"https:\/\/www.ferrycroatia.com\/de\/?s={search_term_string}\"},\"query-input\":\"required name=search_term_string\"}],\"inLanguage\":\"en-US\"},{\"@type\":\"Question\",\"@id\":\"https:\/\/www.ferrycroatia.com\/de\/snav\/#faq-question-1625742971082\",\"position\":1,\"url\":\"https:\/\/www.ferrycroatia.com\/de\/snav\/#faq-question-1625742971082\",\"name\":\"Wo kann ich Tickets f\u00fcr SNAV-F\u00e4hr- und Katamaran Routen kaufen?\",\"answerCount\":1,\"acceptedAnswer\":{\"@type\":\"Answer\",\"text\":\"Tickets f\u00fcr alle Abfahrten k\u00f6nnen online gekauft werden, was empfohlen wird. F\u00fcr die Linie Split - Ancona k\u00f6nnen Tickets auch an der Verkaufsstelle des <a href=\\\"https:\/\/www.ferrycroatia.com\/de\/fahrhafen-split\/\\\">Hafens Split<\/a> gekauft werden. Beachten Sie jedoch, dass es insbesondere im Sommer zu Staus kommen kann. Kaufen Sie Ihr Ticket immer rechtzeitig.\",\"inLanguage\":\"en-US\"},\"inLanguage\":\"en-US\"},{\"@type\":\"Question\",\"@id\":\"https:\/\/www.ferrycroatia.com\/de\/snav\/#faq-question-1625742978389\",\"position\":2,\"url\":\"https:\/\/www.ferrycroatia.com\/de\/snav\/#faq-question-1625742978389\",\"name\":\"Wie viel Gep\u00e4ck kann ich an Bord bringen?\",\"answerCount\":1,\"acceptedAnswer\":{\"@type\":\"Answer\",\"text\":\"Jeder Passagier kann <strong>ein Handgep\u00e4ckst\u00fcck kostenlos<\/strong> mitbringen, es darf jedoch nur bis zu 9 kg schwer sein. Alles \u00fcber diesem Gewicht muss separat bezahlt werden. Bei F\u00e4hrfahrten kann Handgep\u00e4ck in Kabinen gebracht werden, w\u00e4hrend bei Hochgeschwindigkeitsschiffen das Gep\u00e4ck an einem daf\u00fcr vorgesehenen Ort aufbewahrt wird.\",\"inLanguage\":\"en-US\"},\"inLanguage\":\"en-US\"},{\"@type\":\"Question\",\"@id\":\"https:\/\/www.ferrycroatia.com\/de\/snav\/#faq-question-1625742987653\",\"position\":3,\"url\":\"https:\/\/www.ferrycroatia.com\/de\/snav\/#faq-question-1625742987653\",\"name\":\"Kann ich mein Haustier an Bord bringen?\",\"answerCount\":1,\"acceptedAnswer\":{\"@type\":\"Answer\",\"text\":\"Ja, das k\u00f6nnen Sie. Hier ist der Auszug aus den Allgemeinen Gesch\u00e4ftsbedingungen von SNAV zu Haustieren. Weitere Informationen finden Sie auf der Website des Unternehmens oder Sie k\u00f6nnen ihnen eine Anfrage per E-Mail senden:<br\/><em>Andernfalls sind Haustiere auf den Kreuzfahrtf\u00e4hren (z. B. Katzen, Hunde usw.) gem\u00e4\u00df den gesetzlichen Bestimmungen gestattet. Um an Bord zugelassen zu werden, m\u00fcssen im Allgemeinen alle Haustiere ein Ticket und eine tier\u00e4rztliche Bescheinigung besitzen, aus der hervorgeht, dass sie bei guter Gesundheit sind und die Prophylaxe f\u00fcr externe Parasiten durchlaufen haben m\u00fcssen. Hunde m\u00fcssen im Hunde-Register registriert sein.<\/em><br\/><em>Um die Hygienevorschriften einzuhalten, m\u00fcssen Haustiere im Zwinger oder in bestimmten Kabinen reisen (maximal 2 Haustiere pro Kabine).<\/em>\",\"inLanguage\":\"en-US\"},\"inLanguage\":\"en-US\"},{\"@type\":\"Question\",\"@id\":\"https:\/\/www.ferrycroatia.com\/de\/snav\/#faq-question-1625742999556\",\"position\":4,\"url\":\"https:\/\/www.ferrycroatia.com\/de\/snav\/#faq-question-1625742999556\",\"name\":\"Kann ich mein Fahrrad an Bord bringen?\",\"answerCount\":1,\"acceptedAnswer\":{\"@type\":\"Answer\",\"text\":\"Ja, Sie k\u00f6nnen Ihr Fahrrad an Bord der SNAV-Kreuzfahrtf\u00e4hre bringen. Beachten Sie jedoch, dass m\u00f6glicherweise zus\u00e4tzliche Geb\u00fchren anfallen. \u00dcberpr\u00fcfen Sie daher die Preise vor der Abreise.\",\"inLanguage\":\"en-US\"},\"inLanguage\":\"en-US\"},{\"@type\":\"Question\",\"@id\":\"https:\/\/www.ferrycroatia.com\/de\/snav\/#faq-question-1625743008244\",\"position\":5,\"url\":\"https:\/\/www.ferrycroatia.com\/de\/snav\/#faq-question-1625743008244\",\"name\":\"Welche Dokumente ben\u00f6tige ich, wenn ich mit der SNAV-Linie Ancona - Split (und umgekehrt) unterwegs bin?\",\"answerCount\":1,\"acceptedAnswer\":{\"@type\":\"Answer\",\"text\":\"Sie ben\u00f6tigen einen Reisepass oder einen Personalausweis, der f\u00fcr Auslandsreisen g\u00fcltig ist. Der Reisepass muss mindestens 90 Tage ab dem R\u00fcckreisedatum g\u00fcltig sein. Wenn Ihre Dokumente bald ablaufen, wird empfohlen, sie rechtzeitig zu erneuern. Wenn Sie mit dem Auto anreisen, ben\u00f6tigen Sie: F\u00fchrerschein, Fahrzeugschein und Versicherungspapiere.\",\"inLanguage\":\"en-US\"},\"inLanguage\":\"en-US\"},{\"@type\":\"Question\",\"@id\":\"https:\/\/www.ferrycroatia.com\/de\/snav\/#faq-question-1625743018518\",\"position\":6,\"url\":\"https:\/\/www.ferrycroatia.com\/de\/snav\/#faq-question-1625743018518\",\"name\":\"Wie fr\u00fch sollte ich im Hafen sein?\",\"answerCount\":1,\"acceptedAnswer\":{\"@type\":\"Answer\",\"text\":\"F\u00fcr die Route Ancona - Split wird empfohlen, so fr\u00fch wie m\u00f6glich am Hafen von Ancona zu sein. SNAV empfiehlt, dass die ideale Check-in-Zeit mindestens 3 Stunden vor Abreise ist. Bitte beachten Sie, dass Sie vor dem Einsteigen in die F\u00e4hre zum Check-in im Terminal gehen und dort Ihre Bordkarte erhalten m\u00fcssen.\",\"inLanguage\":\"en-US\"},\"inLanguage\":\"en-US\"}]}<\/script>\n<!-- \/ Yoast SEO plugin. -->","yoast_head_json":{"title":"SNAV - F\u00e4hr- \/ Katamaranunternehem Info, Fahrplan & Preise","description":"SNAV ist ein italienisches F\u00e4hr- \/ Katamaranunternehmen mit Sitz in Napoli. SNAV bietet regelm\u00e4\u00dfige Abfahrten auf der Route Split - Ancona an. Hier finden Sie Infos zum Unternehmen, Fahrpl\u00e4ne und HGF.","robots":{"index":"index","follow":"follow","max-snippet":"max-snippet:-1","max-image-preview":"max-image-preview:large","max-video-preview":"max-video-preview:-1"},"canonical":"https:\/\/www.ferrycroatia.com\/de\/snav\/","og_locale":"en_US","og_type":"article","og_title":"SNAV - F\u00e4hr- \/ Katamaranunternehem Info, Fahrplan & Preise","og_description":"SNAV ist ein italienisches F\u00e4hr- \/ Katamaranunternehmen mit Sitz in Napoli. SNAV bietet regelm\u00e4\u00dfige Abfahrten auf der Route Split - Ancona an. Hier finden Sie Infos zum Unternehmen, Fahrpl\u00e4ne und HGF.","og_url":"https:\/\/www.ferrycroatia.com\/de\/snav\/","og_site_name":"F\u00e4hre Kroatien","article_modified_time":"2021-07-08T11:16:05+00:00","twitter_card":"summary_large_image","twitter_misc":{"Est. reading time":"3 minutes"},"schema":{"@context":"https:\/\/schema.org","@graph":[{"@type":["WebPage","FAQPage"],"@id":"https:\/\/www.ferrycroatia.com\/de\/snav\/","url":"https:\/\/www.ferrycroatia.com\/de\/snav\/","name":"SNAV - F\u00e4hr- \/ Katamaranunternehem Info, Fahrplan & Preise","isPartOf":{"@id":"https:\/\/www.ferrycroatia.com\/de\/#website"},"datePublished":"2021-01-28T16:53:59+00:00","dateModified":"2021-07-08T11:16:05+00:00","description":"SNAV ist ein italienisches F\u00e4hr- \/ Katamaranunternehmen mit Sitz in Napoli. SNAV bietet regelm\u00e4\u00dfige Abfahrten auf der Route Split - Ancona an. Hier finden Sie Infos zum Unternehmen, Fahrpl\u00e4ne und HGF.","breadcrumb":{"@id":"https:\/\/www.ferrycroatia.com\/de\/snav\/#breadcrumb"},"mainEntity":[{"@id":"https:\/\/www.ferrycroatia.com\/de\/snav\/#faq-question-1625742971082"},{"@id":"https:\/\/www.ferrycroatia.com\/de\/snav\/#faq-question-1625742978389"},{"@id":"https:\/\/www.ferrycroatia.com\/de\/snav\/#faq-question-1625742987653"},{"@id":"https:\/\/www.ferrycroatia.com\/de\/snav\/#faq-question-1625742999556"},{"@id":"https:\/\/www.ferrycroatia.com\/de\/snav\/#faq-question-1625743008244"},{"@id":"https:\/\/www.ferrycroatia.com\/de\/snav\/#faq-question-1625743018518"}],"inLanguage":"en-US","potentialAction":[{"@type":"ReadAction","target":["https:\/\/www.ferrycroatia.com\/de\/snav\/"]}]},{"@type":"BreadcrumbList","@id":"https:\/\/www.ferrycroatia.com\/de\/snav\/#breadcrumb","itemListElement":[{"@type":"ListItem","position":1,"name":"Home","item":"https:\/\/www.ferrycroatia.com\/de\/"},{"@type":"ListItem","position":2,"name":"SNAV"}]},{"@type":"WebSite","@id":"https:\/\/www.ferrycroatia.com\/de\/#website","url":"https:\/\/www.ferrycroatia.com\/de\/","name":"F\u00e4hre Kroatien","description":"Info und Fahrpl\u00e4ne f\u00fcr alle Katamarane und F\u00e4hren in Kroatien","potentialAction":[{"@type":"SearchAction","target":{"@type":"EntryPoint","urlTemplate":"https:\/\/www.ferrycroatia.com\/de\/?s={search_term_string}"},"query-input":"required name=search_term_string"}],"inLanguage":"en-US"},{"@type":"Question","@id":"https:\/\/www.ferrycroatia.com\/de\/snav\/#faq-question-1625742971082","position":1,"url":"https:\/\/www.ferrycroatia.com\/de\/snav\/#faq-question-1625742971082","name":"Wo kann ich Tickets f\u00fcr SNAV-F\u00e4hr- und Katamaran Routen kaufen?","answerCount":1,"acceptedAnswer":{"@type":"Answer","text":"Tickets f\u00fcr alle Abfahrten k\u00f6nnen online gekauft werden, was empfohlen wird. F\u00fcr die Linie Split - Ancona k\u00f6nnen Tickets auch an der Verkaufsstelle des <a href=\"https:\/\/www.ferrycroatia.com\/de\/fahrhafen-split\/\">Hafens Split<\/a> gekauft werden. Beachten Sie jedoch, dass es insbesondere im Sommer zu Staus kommen kann. Kaufen Sie Ihr Ticket immer rechtzeitig.","inLanguage":"en-US"},"inLanguage":"en-US"},{"@type":"Question","@id":"https:\/\/www.ferrycroatia.com\/de\/snav\/#faq-question-1625742978389","position":2,"url":"https:\/\/www.ferrycroatia.com\/de\/snav\/#faq-question-1625742978389","name":"Wie viel Gep\u00e4ck kann ich an Bord bringen?","answerCount":1,"acceptedAnswer":{"@type":"Answer","text":"Jeder Passagier kann <strong>ein Handgep\u00e4ckst\u00fcck kostenlos<\/strong> mitbringen, es darf jedoch nur bis zu 9 kg schwer sein. Alles \u00fcber diesem Gewicht muss separat bezahlt werden. Bei F\u00e4hrfahrten kann Handgep\u00e4ck in Kabinen gebracht werden, w\u00e4hrend bei Hochgeschwindigkeitsschiffen das Gep\u00e4ck an einem daf\u00fcr vorgesehenen Ort aufbewahrt wird.","inLanguage":"en-US"},"inLanguage":"en-US"},{"@type":"Question","@id":"https:\/\/www.ferrycroatia.com\/de\/snav\/#faq-question-1625742987653","position":3,"url":"https:\/\/www.ferrycroatia.com\/de\/snav\/#faq-question-1625742987653","name":"Kann ich mein Haustier an Bord bringen?","answerCount":1,"acceptedAnswer":{"@type":"Answer","text":"Ja, das k\u00f6nnen Sie. Hier ist der Auszug aus den Allgemeinen Gesch\u00e4ftsbedingungen von SNAV zu Haustieren. Weitere Informationen finden Sie auf der Website des Unternehmens oder Sie k\u00f6nnen ihnen eine Anfrage per E-Mail senden:<br\/><em>Andernfalls sind Haustiere auf den Kreuzfahrtf\u00e4hren (z. B. Katzen, Hunde usw.) gem\u00e4\u00df den gesetzlichen Bestimmungen gestattet. Um an Bord zugelassen zu werden, m\u00fcssen im Allgemeinen alle Haustiere ein Ticket und eine tier\u00e4rztliche Bescheinigung besitzen, aus der hervorgeht, dass sie bei guter Gesundheit sind und die Prophylaxe f\u00fcr externe Parasiten durchlaufen haben m\u00fcssen. Hunde m\u00fcssen im Hunde-Register registriert sein.<\/em><br\/><em>Um die Hygienevorschriften einzuhalten, m\u00fcssen Haustiere im Zwinger oder in bestimmten Kabinen reisen (maximal 2 Haustiere pro Kabine).<\/em>","inLanguage":"en-US"},"inLanguage":"en-US"},{"@type":"Question","@id":"https:\/\/www.ferrycroatia.com\/de\/snav\/#faq-question-1625742999556","position":4,"url":"https:\/\/www.ferrycroatia.com\/de\/snav\/#faq-question-1625742999556","name":"Kann ich mein Fahrrad an Bord bringen?","answerCount":1,"acceptedAnswer":{"@type":"Answer","text":"Ja, Sie k\u00f6nnen Ihr Fahrrad an Bord der SNAV-Kreuzfahrtf\u00e4hre bringen. Beachten Sie jedoch, dass m\u00f6glicherweise zus\u00e4tzliche Geb\u00fchren anfallen. \u00dcberpr\u00fcfen Sie daher die Preise vor der Abreise.","inLanguage":"en-US"},"inLanguage":"en-US"},{"@type":"Question","@id":"https:\/\/www.ferrycroatia.com\/de\/snav\/#faq-question-1625743008244","position":5,"url":"https:\/\/www.ferrycroatia.com\/de\/snav\/#faq-question-1625743008244","name":"Welche Dokumente ben\u00f6tige ich, wenn ich mit der SNAV-Linie Ancona - Split (und umgekehrt) unterwegs bin?","answerCount":1,"acceptedAnswer":{"@type":"Answer","text":"Sie ben\u00f6tigen einen Reisepass oder einen Personalausweis, der f\u00fcr Auslandsreisen g\u00fcltig ist. Der Reisepass muss mindestens 90 Tage ab dem R\u00fcckreisedatum g\u00fcltig sein. Wenn Ihre Dokumente bald ablaufen, wird empfohlen, sie rechtzeitig zu erneuern. Wenn Sie mit dem Auto anreisen, ben\u00f6tigen Sie: F\u00fchrerschein, Fahrzeugschein und Versicherungspapiere.","inLanguage":"en-US"},"inLanguage":"en-US"},{"@type":"Question","@id":"https:\/\/www.ferrycroatia.com\/de\/snav\/#faq-question-1625743018518","position":6,"url":"https:\/\/www.ferrycroatia.com\/de\/snav\/#faq-question-1625743018518","name":"Wie fr\u00fch sollte ich im Hafen sein?","answerCount":1,"acceptedAnswer":{"@type":"Answer","text":"F\u00fcr die Route Ancona - Split wird empfohlen, so fr\u00fch wie m\u00f6glich am Hafen von Ancona zu sein. SNAV empfiehlt, dass die ideale Check-in-Zeit mindestens 3 Stunden vor Abreise ist. Bitte beachten Sie, dass Sie vor dem Einsteigen in die F\u00e4hre zum Check-in im Terminal gehen und dort Ihre Bordkarte erhalten m\u00fcssen.","inLanguage":"en-US"},"inLanguage":"en-US"}]}},"_links":{"self":[{"href":"https:\/\/www.ferrycroatia.com\/de\/wp-json\/wp\/v2\/pages\/769"}],"collection":[{"href":"https:\/\/www.ferrycroatia.com\/de\/wp-json\/wp\/v2\/pages"}],"about":[{"href":"https:\/\/www.ferrycroatia.com\/de\/wp-json\/wp\/v2\/types\/page"}],"author":[{"embeddable":true,"href":"https:\/\/www.ferrycroatia.com\/de\/wp-json\/wp\/v2\/users\/5"}],"replies":[{"embeddable":true,"href":"https:\/\/www.ferrycroatia.com\/de\/wp-json\/wp\/v2\/comments?post=769"}],"version-history":[{"count":3,"href":"https:\/\/www.ferrycroatia.com\/de\/wp-json\/wp\/v2\/pages\/769\/revisions"}],"predecessor-version":[{"id":1985,"href":"https:\/\/www.ferrycroatia.com\/de\/wp-json\/wp\/v2\/pages\/769\/revisions\/1985"}],"wp:attachment":[{"href":"https:\/\/www.ferrycroatia.com\/de\/wp-json\/wp\/v2\/media?parent=769"}],"curies":[{"name":"wp","href":"https:\/\/api.w.org\/{rel}","templated":true}]}}