{"id":863,"date":"2021-01-29T09:02:47","date_gmt":"2021-01-29T09:02:47","guid":{"rendered":"https:\/\/ferrycroatia.com\/de\/?page_id=863"},"modified":"2021-02-08T16:13:23","modified_gmt":"2021-02-08T16:13:23","slug":"insel-kolocep","status":"publish","type":"page","link":"https:\/\/www.ferrycroatia.com\/de\/insel-kolocep\/","title":{"rendered":"Insel Kolocep"},"content":{"rendered":"<p>Die Insel Kolocep ist<strong> die kleinste der drei Elaphiten<\/strong> und diejenige, die Dubrovnik am n\u00e4chsten liegt. Diese Insel ist weniger als 3 km2 gro\u00df und hat das ganze Jahr \u00fcber <strong>weniger als 200 Einwohner<\/strong>. W\u00e4hrend der Sommerzeit leben auf der Insel Hunderte von Touristen sowie eine gro\u00dfe Anzahl von Menschen, die Tagesausfl\u00fcge von Dubrovnik aus unternehmen.<\/p>\n<p>Die <strong>autofreie<\/strong> <strong>Insel<\/strong> hat zwei Siedlungen, <strong>Donje \u010celo und Gornje \u010celo<\/strong>, die sich jeweils am Fu\u00dfe einer Bucht befinden. Gornje Celo befindet sich am s\u00fcd\u00f6stlichen Ende der Insel mit Blick auf das Festland, die gr\u00f6\u00dfere Siedlung Donje Celo befindet sich am n\u00f6rdlichen Ende der <strong>Insel Kolocep<\/strong>, die Entfernung zwischen den beiden D\u00f6rfern betr\u00e4gt ca. 1,5 km.<\/p>\n<p><strong>Unterkunft<\/strong> finden Sie in beiden Siedlungen. Das Hotel Sensimar Kalamota Island Resort (TUI BLUE) und das Kalamota Beach House sind die Hauptoptionen. Die Apartments befinden sich in Donje \u010celo und Gornje \u010celo sowie zwischen den D\u00f6rfern.<\/p>\n<h2><b>Was Sie auf Kolocep sehen und tun k\u00f6nnen<\/b><\/h2>\n<p>Die <strong>Hauptaktivit\u00e4t<\/strong> f\u00fcr G\u00e4ste auf der Insel Kolocep ist das <strong>Entspannen und Genie\u00dfen<\/strong>, dicht gefolgt vom Schwimmen im klaren Wasser, das die Insel umgibt.<\/p>\n<p>Es ist auch empfehlenswert, <strong>alle Ecken der Insel auf den Wanderwegen zu erkunden<\/strong>, die die meisten Teile der Insel abdecken.<\/p>\n<p>Ein Muss ist ein <strong>Besuch der Blauen H\u00f6hle<\/strong>, einer H\u00f6hle am s\u00fcdwestlichen Ende der Insel. Um zur Blauen H\u00f6hle zu gelangen, m\u00fcssen Sie an einer Tour teilnehmen oder ein Boot in Donje \u010celo mieten.<\/p>\n<h2><b>Anreise nach Kolocep:<\/b><\/h2>\n<p>Der <strong>F\u00e4hrhafen auf Kolocep befindet sich in Gornje \u010celo<\/strong> im \u00f6stlichen Teil der Bucht. Die Passagierschiffroute 807 von Jadrolinija hat<strong> bis zu vier t\u00e4gliche Abfahrten<\/strong> zwischen Dubrovnik und Kolocep. Den Fahrplan f\u00fcr alle Reisekombinationen von \/ nach Kolocep finden Sie hier:<\/p>\n\n\n<figure class=\"wp-block-table\"><table><tbody><tr><td class=\"has-text-align-center\" data-align=\"center\"><a href=\"https:\/\/www.ferrycroatia.com\/de\/dubrovnik-kolocep\/\" title=\"Dubrovnik \u2192 Kolocep\">Dubrovnik &#8211; Kolocep<\/a><\/td><td class=\"has-text-align-center\" data-align=\"center\"><a href=\"https:\/\/www.ferrycroatia.com\/de\/kolocep-lopud\/\" title=\"Kolocep \u2192 Lopud\">Kolocep &#8211; Lopud<\/a><\/td><td class=\"has-text-align-center\" data-align=\"center\"><a href=\"https:\/\/www.ferrycroatia.com\/de\/kolocep-sudurad\/\" title=\"Kolocep \u2192 Sudurad\">Kolocep &#8211; Sudurad<\/a><\/td><\/tr><tr><td class=\"has-text-align-center\" data-align=\"center\"><a href=\"https:\/\/www.ferrycroatia.com\/de\/kolocep-dubrovnik\/\" title=\"Kolocep \u2192 Dubrovnik\">Kolocep &#8211; Dubrovnik<\/a><\/td><td class=\"has-text-align-center\" data-align=\"center\"><a href=\"https:\/\/www.ferrycroatia.com\/de\/lopud-kolocep\/\" title=\"Lopud \u2192 Kolocep\">Lopud &#8211; Kolocep<\/a><\/td><td class=\"has-text-align-center\" data-align=\"center\"><a href=\"https:\/\/www.ferrycroatia.com\/de\/sudurad-kolocep\/\" title=\"Sudurad \u2192 Kolocep\">Sudurad &#8211; Kolocep<\/a><\/td><\/tr><\/tbody><\/table><\/figure>\n","protected":false},"excerpt":{"rendered":"<p>Die Insel Kolocep ist die kleinste der drei Elaphiten und diejenige, die Dubrovnik am n\u00e4chsten liegt. Diese Insel ist weniger als 3 km2 gro\u00df und hat das ganze Jahr \u00fcber weniger als 200 Einwohner. W\u00e4hrend der Sommerzeit leben auf der Insel Hunderte von Touristen sowie eine gro\u00dfe Anzahl von Menschen, die Tagesausfl\u00fcge von Dubrovnik aus [&hellip;]<\/p>\n<p><a class=\"more-link\" href=\"https:\/\/www.ferrycroatia.com\/de\/insel-kolocep\/\"> Continue reading&#8230;<\/a><\/p>\n","protected":false},"author":5,"featured_media":0,"parent":0,"menu_order":0,"comment_status":"closed","ping_status":"closed","template":"","meta":[],"yoast_head":"<!-- This site is optimized with the Yoast SEO plugin v19.8 - https:\/\/yoast.com\/wordpress\/plugins\/seo\/ -->\n<title>Insel Kolocep, erholsamer Inselurlaub in der N\u00e4he von Dubrovnik<\/title>\n<meta name=\"robots\" content=\"index, follow, max-snippet:-1, max-image-preview:large, max-video-preview:-1\" \/>\n<link rel=\"canonical\" href=\"https:\/\/www.ferrycroatia.com\/de\/insel-kolocep\/\" \/>\n<meta property=\"og:locale\" content=\"en_US\" \/>\n<meta property=\"og:type\" content=\"article\" \/>\n<meta property=\"og:title\" content=\"Insel Kolocep, erholsamer Inselurlaub in der N\u00e4he von Dubrovnik\" \/>\n<meta property=\"og:description\" content=\"Die Insel Kolocep ist die kleinste der drei Elaphiten und diejenige, die Dubrovnik am n\u00e4chsten liegt. Diese Insel ist weniger als 3 km2 gro\u00df und hat das ganze Jahr \u00fcber weniger als 200 Einwohner. W\u00e4hrend der Sommerzeit leben auf der Insel Hunderte von Touristen sowie eine gro\u00dfe Anzahl von Menschen, die Tagesausfl\u00fcge von Dubrovnik aus [&hellip;] Continue reading...\" \/>\n<meta property=\"og:url\" content=\"https:\/\/www.ferrycroatia.com\/de\/insel-kolocep\/\" \/>\n<meta property=\"og:site_name\" content=\"F\u00e4hre Kroatien\" \/>\n<meta property=\"article:modified_time\" content=\"2021-02-08T16:13:23+00:00\" \/>\n<meta name=\"twitter:card\" content=\"summary_large_image\" \/>\n<meta name=\"twitter:label1\" content=\"Est. reading time\" \/>\n\t<meta name=\"twitter:data1\" content=\"2 minutes\" \/>\n<script type=\"application\/ld+json\" class=\"yoast-schema-graph\">{\"@context\":\"https:\/\/schema.org\",\"@graph\":[{\"@type\":\"WebPage\",\"@id\":\"https:\/\/www.ferrycroatia.com\/de\/insel-kolocep\/\",\"url\":\"https:\/\/www.ferrycroatia.com\/de\/insel-kolocep\/\",\"name\":\"Insel Kolocep, erholsamer Inselurlaub in der N\u00e4he von Dubrovnik\",\"isPartOf\":{\"@id\":\"https:\/\/www.ferrycroatia.com\/de\/#website\"},\"datePublished\":\"2021-01-29T09:02:47+00:00\",\"dateModified\":\"2021-02-08T16:13:23+00:00\",\"breadcrumb\":{\"@id\":\"https:\/\/www.ferrycroatia.com\/de\/insel-kolocep\/#breadcrumb\"},\"inLanguage\":\"en-US\",\"potentialAction\":[{\"@type\":\"ReadAction\",\"target\":[\"https:\/\/www.ferrycroatia.com\/de\/insel-kolocep\/\"]}]},{\"@type\":\"BreadcrumbList\",\"@id\":\"https:\/\/www.ferrycroatia.com\/de\/insel-kolocep\/#breadcrumb\",\"itemListElement\":[{\"@type\":\"ListItem\",\"position\":1,\"name\":\"Home\",\"item\":\"https:\/\/www.ferrycroatia.com\/de\/\"},{\"@type\":\"ListItem\",\"position\":2,\"name\":\"Insel Kolocep\"}]},{\"@type\":\"WebSite\",\"@id\":\"https:\/\/www.ferrycroatia.com\/de\/#website\",\"url\":\"https:\/\/www.ferrycroatia.com\/de\/\",\"name\":\"F\u00e4hre Kroatien\",\"description\":\"Info und Fahrpl\u00e4ne f\u00fcr alle Katamarane und F\u00e4hren in Kroatien\",\"potentialAction\":[{\"@type\":\"SearchAction\",\"target\":{\"@type\":\"EntryPoint\",\"urlTemplate\":\"https:\/\/www.ferrycroatia.com\/de\/?s={search_term_string}\"},\"query-input\":\"required name=search_term_string\"}],\"inLanguage\":\"en-US\"}]}<\/script>\n<!-- \/ Yoast SEO plugin. -->","yoast_head_json":{"title":"Insel Kolocep, erholsamer Inselurlaub in der N\u00e4he von Dubrovnik","robots":{"index":"index","follow":"follow","max-snippet":"max-snippet:-1","max-image-preview":"max-image-preview:large","max-video-preview":"max-video-preview:-1"},"canonical":"https:\/\/www.ferrycroatia.com\/de\/insel-kolocep\/","og_locale":"en_US","og_type":"article","og_title":"Insel Kolocep, erholsamer Inselurlaub in der N\u00e4he von Dubrovnik","og_description":"Die Insel Kolocep ist die kleinste der drei Elaphiten und diejenige, die Dubrovnik am n\u00e4chsten liegt. Diese Insel ist weniger als 3 km2 gro\u00df und hat das ganze Jahr \u00fcber weniger als 200 Einwohner. W\u00e4hrend der Sommerzeit leben auf der Insel Hunderte von Touristen sowie eine gro\u00dfe Anzahl von Menschen, die Tagesausfl\u00fcge von Dubrovnik aus [&hellip;] Continue reading...","og_url":"https:\/\/www.ferrycroatia.com\/de\/insel-kolocep\/","og_site_name":"F\u00e4hre Kroatien","article_modified_time":"2021-02-08T16:13:23+00:00","twitter_card":"summary_large_image","twitter_misc":{"Est. reading time":"2 minutes"},"schema":{"@context":"https:\/\/schema.org","@graph":[{"@type":"WebPage","@id":"https:\/\/www.ferrycroatia.com\/de\/insel-kolocep\/","url":"https:\/\/www.ferrycroatia.com\/de\/insel-kolocep\/","name":"Insel Kolocep, erholsamer Inselurlaub in der N\u00e4he von Dubrovnik","isPartOf":{"@id":"https:\/\/www.ferrycroatia.com\/de\/#website"},"datePublished":"2021-01-29T09:02:47+00:00","dateModified":"2021-02-08T16:13:23+00:00","breadcrumb":{"@id":"https:\/\/www.ferrycroatia.com\/de\/insel-kolocep\/#breadcrumb"},"inLanguage":"en-US","potentialAction":[{"@type":"ReadAction","target":["https:\/\/www.ferrycroatia.com\/de\/insel-kolocep\/"]}]},{"@type":"BreadcrumbList","@id":"https:\/\/www.ferrycroatia.com\/de\/insel-kolocep\/#breadcrumb","itemListElement":[{"@type":"ListItem","position":1,"name":"Home","item":"https:\/\/www.ferrycroatia.com\/de\/"},{"@type":"ListItem","position":2,"name":"Insel Kolocep"}]},{"@type":"WebSite","@id":"https:\/\/www.ferrycroatia.com\/de\/#website","url":"https:\/\/www.ferrycroatia.com\/de\/","name":"F\u00e4hre Kroatien","description":"Info und Fahrpl\u00e4ne f\u00fcr alle Katamarane und F\u00e4hren in Kroatien","potentialAction":[{"@type":"SearchAction","target":{"@type":"EntryPoint","urlTemplate":"https:\/\/www.ferrycroatia.com\/de\/?s={search_term_string}"},"query-input":"required name=search_term_string"}],"inLanguage":"en-US"}]}},"_links":{"self":[{"href":"https:\/\/www.ferrycroatia.com\/de\/wp-json\/wp\/v2\/pages\/863"}],"collection":[{"href":"https:\/\/www.ferrycroatia.com\/de\/wp-json\/wp\/v2\/pages"}],"about":[{"href":"https:\/\/www.ferrycroatia.com\/de\/wp-json\/wp\/v2\/types\/page"}],"author":[{"embeddable":true,"href":"https:\/\/www.ferrycroatia.com\/de\/wp-json\/wp\/v2\/users\/5"}],"replies":[{"embeddable":true,"href":"https:\/\/www.ferrycroatia.com\/de\/wp-json\/wp\/v2\/comments?post=863"}],"version-history":[{"count":2,"href":"https:\/\/www.ferrycroatia.com\/de\/wp-json\/wp\/v2\/pages\/863\/revisions"}],"predecessor-version":[{"id":1506,"href":"https:\/\/www.ferrycroatia.com\/de\/wp-json\/wp\/v2\/pages\/863\/revisions\/1506"}],"wp:attachment":[{"href":"https:\/\/www.ferrycroatia.com\/de\/wp-json\/wp\/v2\/media?parent=863"}],"curies":[{"name":"wp","href":"https:\/\/api.w.org\/{rel}","templated":true}]}}