{"id":874,"date":"2021-01-29T11:00:47","date_gmt":"2021-01-29T11:00:47","guid":{"rendered":"https:\/\/ferrycroatia.com\/de\/?page_id=874"},"modified":"2021-02-08T17:52:38","modified_gmt":"2021-02-08T17:52:38","slug":"insel-lopud","status":"publish","type":"page","link":"https:\/\/www.ferrycroatia.com\/de\/insel-lopud\/","title":{"rendered":"Insel Lopud"},"content":{"rendered":"<p>Die <strong>Insel Lopud<\/strong> ist die Mitte der <strong>3 Elaphiten<\/strong> n\u00f6rdlich von Dubrovnik. Die Insel ist ein gro\u00dfartiger Ort f\u00fcr <strong>einen erholsamen Urlaub<\/strong>. Die Insel hat nur etwa 250 Einwohner das ganze Jahr \u00fcber, aber im Sommermonat steigt diese Zahl erheblich, wenn Menschen in den vielen Apartments, im<strong> Lafodia Resort Hotel<\/strong> oder in einem der anderen kleinen Hotels auf der Insel \u00fcbernachten.<\/p>\n<div id=\"ez-toc-container\" class=\"ez-toc-v2_0_62 counter-hierarchy ez-toc-counter ez-toc-custom ez-toc-container-direction\">\n<div class=\"ez-toc-title-container\">\n<p class=\"ez-toc-title \" >Table of Contents<\/p>\n<span class=\"ez-toc-title-toggle\"><a href=\"#\" class=\"ez-toc-pull-right ez-toc-btn ez-toc-btn-xs ez-toc-btn-default ez-toc-toggle\" aria-label=\"Toggle Table of Content\"><span class=\"ez-toc-js-icon-con\"><span class=\"\"><span class=\"eztoc-hide\" style=\"display:none;\">Toggle<\/span><span class=\"ez-toc-icon-toggle-span\"><svg style=\"fill: #070c63;color:#070c63\" xmlns=\"http:\/\/www.w3.org\/2000\/svg\" class=\"list-377408\" width=\"20px\" height=\"20px\" viewBox=\"0 0 24 24\" fill=\"none\"><path d=\"M6 6H4v2h2V6zm14 0H8v2h12V6zM4 11h2v2H4v-2zm16 0H8v2h12v-2zM4 16h2v2H4v-2zm16 0H8v2h12v-2z\" fill=\"currentColor\"><\/path><\/svg><svg style=\"fill: #070c63;color:#070c63\" class=\"arrow-unsorted-368013\" xmlns=\"http:\/\/www.w3.org\/2000\/svg\" width=\"10px\" height=\"10px\" viewBox=\"0 0 24 24\" version=\"1.2\" baseProfile=\"tiny\"><path d=\"M18.2 9.3l-6.2-6.3-6.2 6.3c-.2.2-.3.4-.3.7s.1.5.3.7c.2.2.4.3.7.3h11c.3 0 .5-.1.7-.3.2-.2.3-.5.3-.7s-.1-.5-.3-.7zM5.8 14.7l6.2 6.3 6.2-6.3c.2-.2.3-.5.3-.7s-.1-.5-.3-.7c-.2-.2-.4-.3-.7-.3h-11c-.3 0-.5.1-.7.3-.2.2-.3.5-.3.7s.1.5.3.7z\"\/><\/svg><\/span><\/span><\/span><\/a><\/span><\/div>\n<nav><ul class='ez-toc-list ez-toc-list-level-1 eztoc-toggle-hide-by-default' ><li class='ez-toc-page-1 ez-toc-heading-level-2'><a class=\"ez-toc-link ez-toc-heading-1\" href=\"https:\/\/www.ferrycroatia.com\/de\/insel-lopud\/#Was_Sie_auf_Lopud_sehen_und_tun_konnen\" title=\"Was Sie auf Lopud sehen und tun k\u00f6nnen\">Was Sie auf Lopud sehen und tun k\u00f6nnen<\/a><\/li><li class='ez-toc-page-1 ez-toc-heading-level-2'><a class=\"ez-toc-link ez-toc-heading-2\" href=\"https:\/\/www.ferrycroatia.com\/de\/insel-lopud\/#Wie_man_nach_Lopud_gelangt\" title=\"Wie man nach Lopud gelangt \n\">Wie man nach Lopud gelangt \n<\/a><\/li><li class='ez-toc-page-1 ez-toc-heading-level-2'><a class=\"ez-toc-link ez-toc-heading-3\" href=\"https:\/\/www.ferrycroatia.com\/de\/insel-lopud\/#Tagesausflug_nach_Lopud\" title=\"Tagesausflug nach Lopud\">Tagesausflug nach Lopud<\/a><\/li><\/ul><\/nav><\/div>\n<h2><span class=\"ez-toc-section\" id=\"Was_Sie_auf_Lopud_sehen_und_tun_konnen\"><\/span><b>Was Sie auf Lopud sehen und tun k\u00f6nnen<\/b><span class=\"ez-toc-section-end\"><\/span><\/h2>\n<p>Obwohl die Insel <strong>weniger als 5 km<span class=\"aCOpRe\"><sup>2<\/sup><\/span> <\/strong>gro\u00df ist, hat sie mehr als<strong> 1 km Sandstr\u00e4nde<\/strong>, was etwas im Gegensatz zu den haupts\u00e4chlich aus Kieselsteinen bestehenden Str\u00e4nden in Dubrovnik steht. Der <strong>Hauptstrand der Insel ist \u0160unj<\/strong> in einer Bucht im S\u00fcdosten von der Insel.<\/p>\n<p>Die <strong>Hauptsiedlung<\/strong> <strong>Lopud<\/strong> befindet sich in der Bucht im Nordwesten der Insel, in der Siedlung befindet sich das <strong>Franziskanerkloster aus dem 15. Jahrhundert<\/strong>. In Lopud gibt es auch eine sch\u00f6ne Strandpromenade mit vielen Restaurants und Kaffeebars.<\/p>\n<p>Auf einem hohen Punkt der Insel befinden sich die<strong> Ruinen der Festung Sutvrac<\/strong>, von wo aus man einen gro\u00dfartigen <strong>Blick auf die Bucht von Lopud<\/strong> hat. Die Festung ist etwa 15 bis 20 Minuten zu Fu\u00df \/ Wanderung von Lopud entfernt. Die Insel hat auch mehrere kleine Kirchen, es erfordert jedoch ein wenig Erkundung, um zu erreichen.<\/p>\n<h2><span class=\"ez-toc-section\" id=\"Wie_man_nach_Lopud_gelangt\"><\/span><b>Wie man nach Lopud gelangt<br \/>\n<\/b><span class=\"ez-toc-section-end\"><\/span><\/h2>\n<p>Es gibt <strong>2 offizielle F\u00e4hrverbindungen zur Insel Lopud<\/strong>, die folgende sind<\/p>\n<p>Jadrolinija 831: Dubrovnik &#8211; Lopud &#8211; \u0160u\u0111ura\u0111<\/p>\n<p>Jadrolinija 807: Dubrovnik &#8211; Kolo\u010dep &#8211; Lopud &#8211; \u0160ipan<\/p>\n<p>Beide Linien verkehren das ganze Jahr \u00fcber. W\u00e4hrend der Sommersaison gibt es <strong>bis zu 5 t\u00e4gliche F\u00e4hren zwischen Dubrovnik und Lopud<\/strong>. Hier sehen Sie den Fahrplan f\u00fcr die Reisem\u00f6glichkeiten von und nach Lopud.<\/p>\n<table width=\"747\">\n<tbody>\n<tr>\n<td style=\"text-align: center;\"><a href=\"https:\/\/www.ferrycroatia.com\/de\/dubrovnik-lopud\/\">Dubrovnik &#8211; Lopud<\/a><\/td>\n<td style=\"text-align: center;\"><a href=\"https:\/\/www.ferrycroatia.com\/de\/sudurad-lopud\/\">Sudurad &#8211; Lopud<\/a><\/td>\n<td style=\"text-align: center;\"><a href=\"https:\/\/www.ferrycroatia.com\/de\/kolocep-lopud\/\">Kolocep &#8211; Lopud<\/a><\/td>\n<\/tr>\n<tr>\n<td style=\"text-align: center;\"><a href=\"https:\/\/www.ferrycroatia.com\/de\/lopud-dubrovnik\/\">Lopud &#8211; Dubrovnik<\/a><\/td>\n<td style=\"text-align: center;\"><a href=\"https:\/\/www.ferrycroatia.com\/de\/lopud-sudurad\/\">Lopud &#8211; Sudurad<\/a><\/td>\n<td style=\"text-align: center;\"><a href=\"https:\/\/www.ferrycroatia.com\/de\/lopud-kolocep\/\">Lopud &#8211; Kolocep<\/a><\/td>\n<\/tr>\n<\/tbody>\n<\/table>\n<p>Zus\u00e4tzlich zu den F\u00e4hren gibt es normalerweise auch kleinere Boote zu \/ von Tresteno (Game of Thrones Drehort) auf dem Festland und<strong> von der Insel Sipan.<\/strong><\/p>\n<h2><span class=\"ez-toc-section\" id=\"Tagesausflug_nach_Lopud\"><\/span><b>Tagesausflug nach Lopud<\/b><span class=\"ez-toc-section-end\"><\/span><\/h2>\n<p>Wenn Sie in Dubrovnik \u00fcbernachten und <strong>einen Tag am Sandstrand Sunj verbringen m\u00f6chten<\/strong>, k\u00f6nnen Sie die F\u00e4hren nutzen, um von und zur Insel zu gelangen. Wenn Sie nicht einen ganzen Tag auf Lopud verbringen m\u00f6chten, gibt es mehrere <strong>organisierte Touren von Dubrovnik aus<\/strong>, die einen Besuch der Insel beinhalten.<\/p>\n","protected":false},"excerpt":{"rendered":"<p>Die Insel Lopud ist die Mitte der 3 Elaphiten n\u00f6rdlich von Dubrovnik. Die Insel ist ein gro\u00dfartiger Ort f\u00fcr einen erholsamen Urlaub. Die Insel hat nur etwa 250 Einwohner das ganze Jahr \u00fcber, aber im Sommermonat steigt diese Zahl erheblich, wenn Menschen in den vielen Apartments, im Lafodia Resort Hotel oder in einem der anderen [&hellip;]<\/p>\n<p><a class=\"more-link\" href=\"https:\/\/www.ferrycroatia.com\/de\/insel-lopud\/\"> Continue reading&#8230;<\/a><\/p>\n","protected":false},"author":5,"featured_media":0,"parent":0,"menu_order":0,"comment_status":"closed","ping_status":"closed","template":"","meta":[],"yoast_head":"<!-- This site is optimized with the Yoast SEO plugin v19.8 - https:\/\/yoast.com\/wordpress\/plugins\/seo\/ -->\n<title>Insel Lopud eine charmante Insel in der N\u00e4he von Dubrovnik<\/title>\n<meta name=\"robots\" content=\"index, follow, max-snippet:-1, max-image-preview:large, max-video-preview:-1\" \/>\n<link rel=\"canonical\" href=\"https:\/\/www.ferrycroatia.com\/de\/insel-lopud\/\" \/>\n<meta property=\"og:locale\" content=\"en_US\" \/>\n<meta property=\"og:type\" content=\"article\" \/>\n<meta property=\"og:title\" content=\"Insel Lopud eine charmante Insel in der N\u00e4he von Dubrovnik\" \/>\n<meta property=\"og:description\" content=\"Die Insel Lopud ist die Mitte der 3 Elaphiten n\u00f6rdlich von Dubrovnik. Die Insel ist ein gro\u00dfartiger Ort f\u00fcr einen erholsamen Urlaub. Die Insel hat nur etwa 250 Einwohner das ganze Jahr \u00fcber, aber im Sommermonat steigt diese Zahl erheblich, wenn Menschen in den vielen Apartments, im Lafodia Resort Hotel oder in einem der anderen [&hellip;] Continue reading...\" \/>\n<meta property=\"og:url\" content=\"https:\/\/www.ferrycroatia.com\/de\/insel-lopud\/\" \/>\n<meta property=\"og:site_name\" content=\"F\u00e4hre Kroatien\" \/>\n<meta property=\"article:modified_time\" content=\"2021-02-08T17:52:38+00:00\" \/>\n<meta name=\"twitter:card\" content=\"summary_large_image\" \/>\n<meta name=\"twitter:label1\" content=\"Est. reading time\" \/>\n\t<meta name=\"twitter:data1\" content=\"2 minutes\" \/>\n<script type=\"application\/ld+json\" class=\"yoast-schema-graph\">{\"@context\":\"https:\/\/schema.org\",\"@graph\":[{\"@type\":\"WebPage\",\"@id\":\"https:\/\/www.ferrycroatia.com\/de\/insel-lopud\/\",\"url\":\"https:\/\/www.ferrycroatia.com\/de\/insel-lopud\/\",\"name\":\"Insel Lopud eine charmante Insel in der N\u00e4he von Dubrovnik\",\"isPartOf\":{\"@id\":\"https:\/\/www.ferrycroatia.com\/de\/#website\"},\"datePublished\":\"2021-01-29T11:00:47+00:00\",\"dateModified\":\"2021-02-08T17:52:38+00:00\",\"breadcrumb\":{\"@id\":\"https:\/\/www.ferrycroatia.com\/de\/insel-lopud\/#breadcrumb\"},\"inLanguage\":\"en-US\",\"potentialAction\":[{\"@type\":\"ReadAction\",\"target\":[\"https:\/\/www.ferrycroatia.com\/de\/insel-lopud\/\"]}]},{\"@type\":\"BreadcrumbList\",\"@id\":\"https:\/\/www.ferrycroatia.com\/de\/insel-lopud\/#breadcrumb\",\"itemListElement\":[{\"@type\":\"ListItem\",\"position\":1,\"name\":\"Home\",\"item\":\"https:\/\/www.ferrycroatia.com\/de\/\"},{\"@type\":\"ListItem\",\"position\":2,\"name\":\"Insel Lopud\"}]},{\"@type\":\"WebSite\",\"@id\":\"https:\/\/www.ferrycroatia.com\/de\/#website\",\"url\":\"https:\/\/www.ferrycroatia.com\/de\/\",\"name\":\"F\u00e4hre Kroatien\",\"description\":\"Info und Fahrpl\u00e4ne f\u00fcr alle Katamarane und F\u00e4hren in Kroatien\",\"potentialAction\":[{\"@type\":\"SearchAction\",\"target\":{\"@type\":\"EntryPoint\",\"urlTemplate\":\"https:\/\/www.ferrycroatia.com\/de\/?s={search_term_string}\"},\"query-input\":\"required name=search_term_string\"}],\"inLanguage\":\"en-US\"}]}<\/script>\n<!-- \/ Yoast SEO plugin. -->","yoast_head_json":{"title":"Insel Lopud eine charmante Insel in der N\u00e4he von Dubrovnik","robots":{"index":"index","follow":"follow","max-snippet":"max-snippet:-1","max-image-preview":"max-image-preview:large","max-video-preview":"max-video-preview:-1"},"canonical":"https:\/\/www.ferrycroatia.com\/de\/insel-lopud\/","og_locale":"en_US","og_type":"article","og_title":"Insel Lopud eine charmante Insel in der N\u00e4he von Dubrovnik","og_description":"Die Insel Lopud ist die Mitte der 3 Elaphiten n\u00f6rdlich von Dubrovnik. Die Insel ist ein gro\u00dfartiger Ort f\u00fcr einen erholsamen Urlaub. Die Insel hat nur etwa 250 Einwohner das ganze Jahr \u00fcber, aber im Sommermonat steigt diese Zahl erheblich, wenn Menschen in den vielen Apartments, im Lafodia Resort Hotel oder in einem der anderen [&hellip;] Continue reading...","og_url":"https:\/\/www.ferrycroatia.com\/de\/insel-lopud\/","og_site_name":"F\u00e4hre Kroatien","article_modified_time":"2021-02-08T17:52:38+00:00","twitter_card":"summary_large_image","twitter_misc":{"Est. reading time":"2 minutes"},"schema":{"@context":"https:\/\/schema.org","@graph":[{"@type":"WebPage","@id":"https:\/\/www.ferrycroatia.com\/de\/insel-lopud\/","url":"https:\/\/www.ferrycroatia.com\/de\/insel-lopud\/","name":"Insel Lopud eine charmante Insel in der N\u00e4he von Dubrovnik","isPartOf":{"@id":"https:\/\/www.ferrycroatia.com\/de\/#website"},"datePublished":"2021-01-29T11:00:47+00:00","dateModified":"2021-02-08T17:52:38+00:00","breadcrumb":{"@id":"https:\/\/www.ferrycroatia.com\/de\/insel-lopud\/#breadcrumb"},"inLanguage":"en-US","potentialAction":[{"@type":"ReadAction","target":["https:\/\/www.ferrycroatia.com\/de\/insel-lopud\/"]}]},{"@type":"BreadcrumbList","@id":"https:\/\/www.ferrycroatia.com\/de\/insel-lopud\/#breadcrumb","itemListElement":[{"@type":"ListItem","position":1,"name":"Home","item":"https:\/\/www.ferrycroatia.com\/de\/"},{"@type":"ListItem","position":2,"name":"Insel Lopud"}]},{"@type":"WebSite","@id":"https:\/\/www.ferrycroatia.com\/de\/#website","url":"https:\/\/www.ferrycroatia.com\/de\/","name":"F\u00e4hre Kroatien","description":"Info und Fahrpl\u00e4ne f\u00fcr alle Katamarane und F\u00e4hren in Kroatien","potentialAction":[{"@type":"SearchAction","target":{"@type":"EntryPoint","urlTemplate":"https:\/\/www.ferrycroatia.com\/de\/?s={search_term_string}"},"query-input":"required name=search_term_string"}],"inLanguage":"en-US"}]}},"_links":{"self":[{"href":"https:\/\/www.ferrycroatia.com\/de\/wp-json\/wp\/v2\/pages\/874"}],"collection":[{"href":"https:\/\/www.ferrycroatia.com\/de\/wp-json\/wp\/v2\/pages"}],"about":[{"href":"https:\/\/www.ferrycroatia.com\/de\/wp-json\/wp\/v2\/types\/page"}],"author":[{"embeddable":true,"href":"https:\/\/www.ferrycroatia.com\/de\/wp-json\/wp\/v2\/users\/5"}],"replies":[{"embeddable":true,"href":"https:\/\/www.ferrycroatia.com\/de\/wp-json\/wp\/v2\/comments?post=874"}],"version-history":[{"count":2,"href":"https:\/\/www.ferrycroatia.com\/de\/wp-json\/wp\/v2\/pages\/874\/revisions"}],"predecessor-version":[{"id":1514,"href":"https:\/\/www.ferrycroatia.com\/de\/wp-json\/wp\/v2\/pages\/874\/revisions\/1514"}],"wp:attachment":[{"href":"https:\/\/www.ferrycroatia.com\/de\/wp-json\/wp\/v2\/media?parent=874"}],"curies":[{"name":"wp","href":"https:\/\/api.w.org\/{rel}","templated":true}]}}