{"id":960,"date":"2021-01-30T10:53:26","date_gmt":"2021-01-30T10:53:26","guid":{"rendered":"https:\/\/ferrycroatia.com\/de\/?page_id=960"},"modified":"2021-02-09T07:12:50","modified_gmt":"2021-02-09T07:12:50","slug":"insel-molat","status":"publish","type":"page","link":"https:\/\/www.ferrycroatia.com\/de\/insel-molat\/","title":{"rendered":"Insel Molat"},"content":{"rendered":"<p>Die <strong>kleine Insel Molat<\/strong> befindet sich im Zadar-Archipel, 15 Seemeilen oder 28 km Luftentfernung von Zadar entfernt. Die Insel hat <strong>weniger als 200 Einwohner<\/strong>. Sie ist ein gro\u00dfartiger Ort f\u00fcr diejenigen, die einen Urlaub in einer ruhigen Umgebung suchen.<\/p>\n<p>Die Insel mit einer <strong>Gesamtgr\u00f6\u00dfe von rund 23 km<span class=\"aCOpRe\"><sup>2<\/sup><\/span><\/strong> ist 9 km lang und bis zu 3 km breit, hat <strong>3 Siedlungen, Molat, Brgulje und Zapuntel<\/strong>, Molat liegt im s\u00fcdlichen Teil, Brgulje im Zentrum und Zapuntel im n\u00f6rdlichen Teil von der Insel. Alle 3 Siedlungen haben H\u00e4fen. Vom n\u00f6rdlichen Teil der Insel sind es nur etwa 100 Meter bis zur <a href=\"https:\/\/www.ferrycroatia.com\/de\/insel-ist\/\">Insel Ist<\/a>.<\/p>\n<h2><b>Anreise zur Insel Molat<\/b><\/h2>\n<p>Die Insel Molat ist das ganze Jahr \u00fcber <strong>mit einem Katamaran, einer Schnellf\u00e4hre und einer Autof\u00e4hre mit Zadar auf dem Festland verbunden<\/strong>. Beide verkehren t\u00e4glich, au\u00dfer an einigen Feiertagen.<\/p>\n<p>Der t<strong>\u00e4gliche Katamaran (nur Passagierf\u00e4hre)<\/strong> f\u00e4hrt auf folgender Route: Zadar &#8211; <a href=\"https:\/\/www.ferrycroatia.com\/de\/fahrhafen-molat\/\">Molat<\/a> &#8211; <a href=\"https:\/\/www.ferrycroatia.com\/de\/fahrhafen-brgulje\/\">Brgulje<\/a> &#8211; <a href=\"https:\/\/www.ferrycroatia.com\/de\/fahrhafen-zapuntel\/\">Zapuntel<\/a> &#8211; Ist, die <strong>Segelzeit von Zadar nach Molat betr\u00e4gt 50 Minuten<\/strong>, nach Brgulje 1 Stunde 5 Minuten und nach Zapuntel 1 Stunde und 35 Minuten. Hier sehen Sie den Katamaran-Fahrplan von und zur Insel:<\/p>\n<table width=\"747\">\n<tbody>\n<tr>\n<td style=\"text-align: center;\"><a href=\"https:\/\/www.ferrycroatia.com\/de\/zadar-molat\/\">Zadar &#8211; Molat<\/a><\/td>\n<td style=\"text-align: center;\"><a href=\"https:\/\/www.ferrycroatia.com\/de\/zadar-brgulje\/\">Zadar &#8211; Brgulje<\/a><\/td>\n<td style=\"text-align: center;\"><a href=\"https:\/\/www.ferrycroatia.com\/de\/zadar-zapuntel\/\">Zadar &#8211; Zapuntel<\/a><\/td>\n<\/tr>\n<tr>\n<td style=\"text-align: center;\"><a href=\"https:\/\/www.ferrycroatia.com\/de\/molat-zadar\/\">Molat &#8211; Zadar<\/a><\/td>\n<td style=\"text-align: center;\"><a href=\"https:\/\/www.ferrycroatia.com\/de\/brgulje-zadar\/\">Brgulje &#8211; Zadar<\/a><\/td>\n<td style=\"text-align: center;\"><a href=\"https:\/\/www.ferrycroatia.com\/de\/zapuntel-zadar\/\">Zapuntel &#8211; Zadar<\/a><\/td>\n<\/tr>\n<\/tbody>\n<\/table>\n<p>Die <strong>t\u00e4gliche Autof\u00e4hre<\/strong> f\u00e4hrt von Zadar zu allen oder einigen der folgenden Inseln,<strong> Insel Rivanj, Insel Sestrunj und Insel Zverinac<\/strong>, bevor sie in Molat endet. Die Segelzeit der Autof\u00e4hre betr\u00e4gt zwischen 2 Stunden und 30 Minuten und 3 Stunden. Hier sehen Sie den Fahrplan f\u00fcr die Autof\u00e4hre von und nach Insel Molat:<\/p>\n<table width=\"747\">\n<tbody>\n<tr>\n<td style=\"text-align: center;\"><a href=\"https:\/\/www.ferrycroatia.com\/de\/zadar-molat\/\">Zadar &#8211; Molat<\/a><\/td>\n<td style=\"text-align: center;\"><a href=\"https:\/\/www.ferrycroatia.com\/de\/rivanj-molat\/\">Rivanj &#8211; Molat<\/a><\/td>\n<td style=\"text-align: center;\"><a href=\"https:\/\/www.ferrycroatia.com\/de\/sestrunj-molat\/\">Sestrunj &#8211; Molat<\/a><\/td>\n<td style=\"text-align: center;\"><a href=\"https:\/\/www.ferrycroatia.com\/de\/zverinac-molat\/\">Zverinac &#8211; Molat<\/a><\/td>\n<\/tr>\n<tr>\n<td style=\"text-align: center;\"><a href=\"https:\/\/www.ferrycroatia.com\/de\/molat-zadar\/\">Molat &#8211; Zadar<\/a><\/td>\n<td style=\"text-align: center;\"><a href=\"https:\/\/www.ferrycroatia.com\/de\/molat-rivanj\/\">Molat &#8211; Rivanj<\/a><\/td>\n<td style=\"text-align: center;\"><a href=\"https:\/\/www.ferrycroatia.com\/de\/molat-sestrunj\/\">Molat &#8211; Sestrunj<\/a><\/td>\n<td style=\"text-align: center;\"><a href=\"https:\/\/www.ferrycroatia.com\/de\/molat-zverinac\/\">Molat &#8211; Zverinac<\/a><\/td>\n<\/tr>\n<\/tbody>\n<\/table>\n<h2><b>Ticketpreise der F\u00e4hre Zadar &#8211; Molat<br \/>\n<\/b><\/h2>\n<p>Weder eine Fahrt mit dem Katamaran noch eine Fahrt mit der Autof\u00e4hre werden Ihre Tasche leeren \ud83d\ude42. Ein Einfaches Ticket mit dem Katamaran <strong>von Zadar zu einem der drei H\u00e4fen von der Insel Molat kostet im Sommer 40 Kuna<\/strong>, in der Nebensaison 30 Kuna und 20 Kuna in der Wintersaison, der Preis f\u00fcr ein Einfaches Ticket f\u00fcr Erwachsene auf der <strong>Autof\u00e4hre von Zadar betr\u00e4gt 28 Kuna im Sommer<\/strong> und 23 Kuna im Winter. Wenn Sie Ihr Auto auf die Insel bringen, kostet Sie das 160 Kuna pro Fahrt.<\/p>\n","protected":false},"excerpt":{"rendered":"<p>Die kleine Insel Molat befindet sich im Zadar-Archipel, 15 Seemeilen oder 28 km Luftentfernung von Zadar entfernt. Die Insel hat weniger als 200 Einwohner. Sie ist ein gro\u00dfartiger Ort f\u00fcr diejenigen, die einen Urlaub in einer ruhigen Umgebung suchen. Die Insel mit einer Gesamtgr\u00f6\u00dfe von rund 23 km2 ist 9 km lang und bis zu [&hellip;]<\/p>\n<p><a class=\"more-link\" href=\"https:\/\/www.ferrycroatia.com\/de\/insel-molat\/\"> Continue reading&#8230;<\/a><\/p>\n","protected":false},"author":5,"featured_media":0,"parent":0,"menu_order":0,"comment_status":"closed","ping_status":"closed","template":"","meta":[],"yoast_head":"<!-- This site is optimized with the Yoast SEO plugin v19.8 - https:\/\/yoast.com\/wordpress\/plugins\/seo\/ -->\n<title>Insel Molat im Zadar-Archipel, wie man dorthin kommt<\/title>\n<meta name=\"robots\" content=\"index, follow, max-snippet:-1, max-image-preview:large, max-video-preview:-1\" \/>\n<link rel=\"canonical\" href=\"https:\/\/www.ferrycroatia.com\/de\/insel-molat\/\" \/>\n<meta property=\"og:locale\" content=\"en_US\" \/>\n<meta property=\"og:type\" content=\"article\" \/>\n<meta property=\"og:title\" content=\"Insel Molat im Zadar-Archipel, wie man dorthin kommt\" \/>\n<meta property=\"og:description\" content=\"Die kleine Insel Molat befindet sich im Zadar-Archipel, 15 Seemeilen oder 28 km Luftentfernung von Zadar entfernt. Die Insel hat weniger als 200 Einwohner. Sie ist ein gro\u00dfartiger Ort f\u00fcr diejenigen, die einen Urlaub in einer ruhigen Umgebung suchen. Die Insel mit einer Gesamtgr\u00f6\u00dfe von rund 23 km2 ist 9 km lang und bis zu [&hellip;] Continue reading...\" \/>\n<meta property=\"og:url\" content=\"https:\/\/www.ferrycroatia.com\/de\/insel-molat\/\" \/>\n<meta property=\"og:site_name\" content=\"F\u00e4hre Kroatien\" \/>\n<meta property=\"article:modified_time\" content=\"2021-02-09T07:12:50+00:00\" \/>\n<meta name=\"twitter:card\" content=\"summary_large_image\" \/>\n<meta name=\"twitter:label1\" content=\"Est. reading time\" \/>\n\t<meta name=\"twitter:data1\" content=\"2 minutes\" \/>\n<script type=\"application\/ld+json\" class=\"yoast-schema-graph\">{\"@context\":\"https:\/\/schema.org\",\"@graph\":[{\"@type\":\"WebPage\",\"@id\":\"https:\/\/www.ferrycroatia.com\/de\/insel-molat\/\",\"url\":\"https:\/\/www.ferrycroatia.com\/de\/insel-molat\/\",\"name\":\"Insel Molat im Zadar-Archipel, wie man dorthin kommt\",\"isPartOf\":{\"@id\":\"https:\/\/www.ferrycroatia.com\/de\/#website\"},\"datePublished\":\"2021-01-30T10:53:26+00:00\",\"dateModified\":\"2021-02-09T07:12:50+00:00\",\"breadcrumb\":{\"@id\":\"https:\/\/www.ferrycroatia.com\/de\/insel-molat\/#breadcrumb\"},\"inLanguage\":\"en-US\",\"potentialAction\":[{\"@type\":\"ReadAction\",\"target\":[\"https:\/\/www.ferrycroatia.com\/de\/insel-molat\/\"]}]},{\"@type\":\"BreadcrumbList\",\"@id\":\"https:\/\/www.ferrycroatia.com\/de\/insel-molat\/#breadcrumb\",\"itemListElement\":[{\"@type\":\"ListItem\",\"position\":1,\"name\":\"Home\",\"item\":\"https:\/\/www.ferrycroatia.com\/de\/\"},{\"@type\":\"ListItem\",\"position\":2,\"name\":\"Insel Molat\"}]},{\"@type\":\"WebSite\",\"@id\":\"https:\/\/www.ferrycroatia.com\/de\/#website\",\"url\":\"https:\/\/www.ferrycroatia.com\/de\/\",\"name\":\"F\u00e4hre Kroatien\",\"description\":\"Info und Fahrpl\u00e4ne f\u00fcr alle Katamarane und F\u00e4hren in Kroatien\",\"potentialAction\":[{\"@type\":\"SearchAction\",\"target\":{\"@type\":\"EntryPoint\",\"urlTemplate\":\"https:\/\/www.ferrycroatia.com\/de\/?s={search_term_string}\"},\"query-input\":\"required name=search_term_string\"}],\"inLanguage\":\"en-US\"}]}<\/script>\n<!-- \/ Yoast SEO plugin. -->","yoast_head_json":{"title":"Insel Molat im Zadar-Archipel, wie man dorthin kommt","robots":{"index":"index","follow":"follow","max-snippet":"max-snippet:-1","max-image-preview":"max-image-preview:large","max-video-preview":"max-video-preview:-1"},"canonical":"https:\/\/www.ferrycroatia.com\/de\/insel-molat\/","og_locale":"en_US","og_type":"article","og_title":"Insel Molat im Zadar-Archipel, wie man dorthin kommt","og_description":"Die kleine Insel Molat befindet sich im Zadar-Archipel, 15 Seemeilen oder 28 km Luftentfernung von Zadar entfernt. Die Insel hat weniger als 200 Einwohner. Sie ist ein gro\u00dfartiger Ort f\u00fcr diejenigen, die einen Urlaub in einer ruhigen Umgebung suchen. Die Insel mit einer Gesamtgr\u00f6\u00dfe von rund 23 km2 ist 9 km lang und bis zu [&hellip;] Continue reading...","og_url":"https:\/\/www.ferrycroatia.com\/de\/insel-molat\/","og_site_name":"F\u00e4hre Kroatien","article_modified_time":"2021-02-09T07:12:50+00:00","twitter_card":"summary_large_image","twitter_misc":{"Est. reading time":"2 minutes"},"schema":{"@context":"https:\/\/schema.org","@graph":[{"@type":"WebPage","@id":"https:\/\/www.ferrycroatia.com\/de\/insel-molat\/","url":"https:\/\/www.ferrycroatia.com\/de\/insel-molat\/","name":"Insel Molat im Zadar-Archipel, wie man dorthin kommt","isPartOf":{"@id":"https:\/\/www.ferrycroatia.com\/de\/#website"},"datePublished":"2021-01-30T10:53:26+00:00","dateModified":"2021-02-09T07:12:50+00:00","breadcrumb":{"@id":"https:\/\/www.ferrycroatia.com\/de\/insel-molat\/#breadcrumb"},"inLanguage":"en-US","potentialAction":[{"@type":"ReadAction","target":["https:\/\/www.ferrycroatia.com\/de\/insel-molat\/"]}]},{"@type":"BreadcrumbList","@id":"https:\/\/www.ferrycroatia.com\/de\/insel-molat\/#breadcrumb","itemListElement":[{"@type":"ListItem","position":1,"name":"Home","item":"https:\/\/www.ferrycroatia.com\/de\/"},{"@type":"ListItem","position":2,"name":"Insel Molat"}]},{"@type":"WebSite","@id":"https:\/\/www.ferrycroatia.com\/de\/#website","url":"https:\/\/www.ferrycroatia.com\/de\/","name":"F\u00e4hre Kroatien","description":"Info und Fahrpl\u00e4ne f\u00fcr alle Katamarane und F\u00e4hren in Kroatien","potentialAction":[{"@type":"SearchAction","target":{"@type":"EntryPoint","urlTemplate":"https:\/\/www.ferrycroatia.com\/de\/?s={search_term_string}"},"query-input":"required name=search_term_string"}],"inLanguage":"en-US"}]}},"_links":{"self":[{"href":"https:\/\/www.ferrycroatia.com\/de\/wp-json\/wp\/v2\/pages\/960"}],"collection":[{"href":"https:\/\/www.ferrycroatia.com\/de\/wp-json\/wp\/v2\/pages"}],"about":[{"href":"https:\/\/www.ferrycroatia.com\/de\/wp-json\/wp\/v2\/types\/page"}],"author":[{"embeddable":true,"href":"https:\/\/www.ferrycroatia.com\/de\/wp-json\/wp\/v2\/users\/5"}],"replies":[{"embeddable":true,"href":"https:\/\/www.ferrycroatia.com\/de\/wp-json\/wp\/v2\/comments?post=960"}],"version-history":[{"count":2,"href":"https:\/\/www.ferrycroatia.com\/de\/wp-json\/wp\/v2\/pages\/960\/revisions"}],"predecessor-version":[{"id":1520,"href":"https:\/\/www.ferrycroatia.com\/de\/wp-json\/wp\/v2\/pages\/960\/revisions\/1520"}],"wp:attachment":[{"href":"https:\/\/www.ferrycroatia.com\/de\/wp-json\/wp\/v2\/media?parent=960"}],"curies":[{"name":"wp","href":"https:\/\/api.w.org\/{rel}","templated":true}]}}