{"id":138,"date":"2016-07-18T05:43:43","date_gmt":"2016-07-18T05:43:43","guid":{"rendered":"http:\/\/www.ferrycroatia.com\/?page_id=138"},"modified":"2022-01-18T08:26:38","modified_gmt":"2022-01-18T07:26:38","slug":"ploce-ferry-port","status":"publish","type":"page","link":"https:\/\/www.ferrycroatia.com\/en\/ploce-ferry-port\/","title":{"rendered":"Plo\u010de ferry port"},"content":{"rendered":"<p>Plo\u010de is a coastal town located around <strong>50 kilometres south of Makarska<\/strong>. The ferry terminal of Plo\u010de has always had a big significance because <strong>it is located in a narrow bay<\/strong> and at the same time well protected by the peninsula Pelje\u0161ac.\u00a0The ferry terminal is located <strong>in the centre of the town<\/strong>, really close to the main bus station in Plo\u010de which makes it well connected to other parts of Croatia.<\/p><div id=\"ez-toc-container\" class=\"ez-toc-v2_0_62 counter-hierarchy ez-toc-counter ez-toc-custom ez-toc-container-direction\">\n<div class=\"ez-toc-title-container\">\n<p class=\"ez-toc-title \" >Table of Contents<\/p>\n<span class=\"ez-toc-title-toggle\"><a href=\"#\" class=\"ez-toc-pull-right ez-toc-btn ez-toc-btn-xs ez-toc-btn-default ez-toc-toggle\" aria-label=\"Toggle Table of Content\"><span class=\"ez-toc-js-icon-con\"><span class=\"\"><span class=\"eztoc-hide\" style=\"display:none;\">Toggle<\/span><span class=\"ez-toc-icon-toggle-span\"><svg style=\"fill: #070c63;color:#070c63\" xmlns=\"http:\/\/www.w3.org\/2000\/svg\" class=\"list-377408\" width=\"20px\" height=\"20px\" viewBox=\"0 0 24 24\" fill=\"none\"><path d=\"M6 6H4v2h2V6zm14 0H8v2h12V6zM4 11h2v2H4v-2zm16 0H8v2h12v-2zM4 16h2v2H4v-2zm16 0H8v2h12v-2z\" fill=\"currentColor\"><\/path><\/svg><svg style=\"fill: #070c63;color:#070c63\" class=\"arrow-unsorted-368013\" xmlns=\"http:\/\/www.w3.org\/2000\/svg\" width=\"10px\" height=\"10px\" viewBox=\"0 0 24 24\" version=\"1.2\" baseProfile=\"tiny\"><path d=\"M18.2 9.3l-6.2-6.3-6.2 6.3c-.2.2-.3.4-.3.7s.1.5.3.7c.2.2.4.3.7.3h11c.3 0 .5-.1.7-.3.2-.2.3-.5.3-.7s-.1-.5-.3-.7zM5.8 14.7l6.2 6.3 6.2-6.3c.2-.2.3-.5.3-.7s-.1-.5-.3-.7c-.2-.2-.4-.3-.7-.3h-11c-.3 0-.5.1-.7.3-.2.2-.3.5-.3.7s.1.5.3.7z\"\/><\/svg><\/span><\/span><\/span><\/a><\/span><\/div>\n<nav><ul class='ez-toc-list ez-toc-list-level-1 eztoc-toggle-hide-by-default' ><li class='ez-toc-page-1 ez-toc-heading-level-3'><a class=\"ez-toc-link ez-toc-heading-1\" href=\"https:\/\/www.ferrycroatia.com\/en\/ploce-ferry-port\/#Getting_to_and_from_Ploce_port\" title=\"Getting to and from Plo\u010de port\">Getting to and from Plo\u010de port<\/a><\/li><li class='ez-toc-page-1 ez-toc-heading-level-3'><a class=\"ez-toc-link ez-toc-heading-2\" href=\"https:\/\/www.ferrycroatia.com\/en\/ploce-ferry-port\/#Getting_from_SplitDubrovnik_Airport_to_Ploce_port\" title=\"Getting from Split\/Dubrovnik Airport to Plo\u010de port\">Getting from Split\/Dubrovnik Airport to Plo\u010de port<\/a><\/li><li class='ez-toc-page-1 ez-toc-heading-level-3'><a class=\"ez-toc-link ez-toc-heading-3\" href=\"https:\/\/www.ferrycroatia.com\/en\/ploce-ferry-port\/#Ploce_port_facilities\" title=\"Plo\u010de port facilities\">Plo\u010de port facilities<\/a><\/li><li class='ez-toc-page-1 ez-toc-heading-level-3'><a class=\"ez-toc-link ez-toc-heading-4\" href=\"https:\/\/www.ferrycroatia.com\/en\/ploce-ferry-port\/#Ploce_port_location\" title=\"Plo\u010de port location\">Plo\u010de port location<\/a><\/li><li class='ez-toc-page-1 ez-toc-heading-level-3'><a class=\"ez-toc-link ez-toc-heading-5\" href=\"https:\/\/www.ferrycroatia.com\/en\/ploce-ferry-port\/#List_of_ferry_routes_from_Ploce\" title=\"List of ferry routes from Plo\u010de\">List of ferry routes from Plo\u010de<\/a><\/li><\/ul><\/nav><\/div>\n\n<h3><span class=\"ez-toc-section\" id=\"Getting_to_and_from_Ploce_port\"><\/span>Getting to and from Plo\u010de port<span class=\"ez-toc-section-end\"><\/span><\/h3>\n<p>As already mentioned above, <strong>Plo\u010de is a really small town<\/strong>, so if you\u2019re staying there and if you want to reach Trpanj <strong>on the <a href=\"https:\/\/www.ferrycroatia.com\/en\/peljesac\/\">peninsula Pelje\u0161ac<\/a><\/strong>, you won\u2019t have any problem finding the ferry terminal since the signs are very clear. When you get to the waterfront, <strong>you will see it without a problem<\/strong>.<\/p>\n<h3><span class=\"ez-toc-section\" id=\"Getting_from_SplitDubrovnik_Airport_to_Ploce_port\"><\/span>Getting from Split\/Dubrovnik Airport to Plo\u010de port<span class=\"ez-toc-section-end\"><\/span><\/h3>\n<p>If you are landing in Split Airport and need to continue to Pelje\u0161ac via the ferry from Ploce you can go there by bus from the <a href=\"https:\/\/getbybus.com\/en\/bus-from-split\">bus terminal in Split<\/a>, which means you first have to take the airport bus to the bus station and then change bus there. Other travel options are renting a\u00a0 car, taking a taxi or pre-booking a transfer from the airport to Ploce. Another way of travelling to Pelje\u0161ac is to drive to Pelje\u0161ac.<\/p>\n<p>From Dubrovnik Airport the ferry from Ploce is really the only option if you are staying in Trpanj, in other cases, you should drive via Ston to the place you need to be on Pelje\u0161ac.<\/p>\n<h3><span class=\"ez-toc-section\" id=\"Ploce_port_facilities\"><\/span>Plo\u010de port facilities<span class=\"ez-toc-section-end\"><\/span><\/h3>\n<p>Plo\u010de is not a big town, so you can find almost everything you need near the ferry terminal: <strong>bars, shops, restaurants, ATMs, etc.<\/strong><\/p>\n<h3><span class=\"ez-toc-section\" id=\"Ploce_port_location\"><\/span>Plo\u010de port location<span class=\"ez-toc-section-end\"><\/span><\/h3>\n<blockquote>\n<p style=\"text-align: justify;\">Obala Hrvatskih Branitelja, Dalmatinska ulica<\/p>\n<p style=\"text-align: justify;\">20340 Plo\u010de<\/p>\n<p style=\"text-align: justify;\"><strong>GPS co-ordinates:\u00a0<\/strong>43.05139, 17.43053<\/p>\n<\/blockquote>\n<p><a class=\"lightbox\" href=\"https:\/\/www.ferrycroatia.com\/en\/wp-content\/uploads\/2021\/04\/Ploce-port.png\"><img decoding=\"async\" loading=\"lazy\" class=\"alignnone wp-image-6703 size-full\" data-src=\"https:\/\/www.ferrycroatia.com\/en\/wp-content\/uploads\/2021\/04\/Ploce-port.png\" alt=\"Plo\u010de port\" width=\"1024\" height=\"697\" data-srcset=\"https:\/\/www.ferrycroatia.com\/en\/wp-content\/uploads\/2021\/04\/Ploce-port.png 1024w, https:\/\/www.ferrycroatia.com\/en\/wp-content\/uploads\/2021\/04\/Ploce-port-300x204.png 300w, https:\/\/www.ferrycroatia.com\/en\/wp-content\/uploads\/2021\/04\/Ploce-port-768x523.png 768w\" sizes=\"(max-width: 1024px) 100vw, 1024px\" \/><\/a><\/p>\n<h3><span class=\"ez-toc-section\" id=\"List_of_ferry_routes_from_Ploce\"><\/span>List of ferry routes from Plo\u010de<span class=\"ez-toc-section-end\"><\/span><\/h3>\n<p>\u2192 Car ferry: <span style=\"font-weight: 400;\">Plo\u010de \u2013 Trpanj (Pelje\u0161ac)<br \/>\n<\/span><\/p>\n<ul>\n<li><a href=\"https:\/\/www.ferrycroatia.com\/en\/ploce-trpanj\/\">Plo\u010de \u2013 Trpanj<\/a><\/li>\n<\/ul>\n","protected":false},"excerpt":{"rendered":"<p>Plo\u010de is a coastal town located around 50 kilometres south of Makarska. The ferry terminal of Plo\u010de has always had a big significance because it is located in a narrow bay and at the same time well protected by the peninsula Pelje\u0161ac.\u00a0The ferry terminal is located in the centre of the town, really close to [&hellip;]<\/p>\n<p><a class=\"more-link\" href=\"https:\/\/www.ferrycroatia.com\/en\/ploce-ferry-port\/\"> Continue reading&#8230;<\/a><\/p>\n","protected":false},"author":1,"featured_media":147,"parent":0,"menu_order":0,"comment_status":"closed","ping_status":"closed","template":"","meta":[],"yoast_head":"<!-- This site is optimized with the Yoast SEO plugin v19.8 - https:\/\/yoast.com\/wordpress\/plugins\/seo\/ -->\n<title>Plo\u010de ferry terminal, car ferry departures from Plo\u010de<\/title>\n<meta name=\"description\" content=\"Ferries from Plo\u010de ferry port, how to reach the ferry terminal in Plo\u010de by bus or by car from other cities in Croatia, address of the ferry port\" \/>\n<meta name=\"robots\" content=\"index, follow, max-snippet:-1, max-image-preview:large, max-video-preview:-1\" \/>\n<link rel=\"canonical\" href=\"https:\/\/www.ferrycroatia.com\/en\/ploce-ferry-port\/\" \/>\n<meta property=\"og:locale\" content=\"en_US\" \/>\n<meta property=\"og:type\" content=\"article\" \/>\n<meta property=\"og:title\" content=\"Plo\u010de ferry terminal, car ferry departures from Plo\u010de\" \/>\n<meta property=\"og:description\" content=\"Ferries from Plo\u010de ferry port, how to reach the ferry terminal in Plo\u010de by bus or by car from other cities in Croatia, address of the ferry port\" \/>\n<meta property=\"og:url\" content=\"https:\/\/www.ferrycroatia.com\/en\/ploce-ferry-port\/\" \/>\n<meta property=\"og:site_name\" content=\"Ferry Croatia\" \/>\n<meta property=\"article:modified_time\" content=\"2022-01-18T07:26:38+00:00\" \/>\n<meta property=\"og:image\" content=\"https:\/\/www.ferrycroatia.com\/en\/wp-content\/uploads\/2016\/06\/Ferry-pier-in-Ploce.jpg\" \/>\n\t<meta property=\"og:image:width\" content=\"1024\" \/>\n\t<meta property=\"og:image:height\" content=\"768\" \/>\n\t<meta property=\"og:image:type\" content=\"image\/jpeg\" \/>\n<meta name=\"twitter:card\" content=\"summary_large_image\" \/>\n<meta name=\"twitter:label1\" content=\"Est. reading time\" \/>\n\t<meta name=\"twitter:data1\" content=\"2 minutes\" \/>\n<script type=\"application\/ld+json\" class=\"yoast-schema-graph\">{\"@context\":\"https:\/\/schema.org\",\"@graph\":[{\"@type\":\"WebPage\",\"@id\":\"https:\/\/www.ferrycroatia.com\/en\/ploce-ferry-port\/\",\"url\":\"https:\/\/www.ferrycroatia.com\/en\/ploce-ferry-port\/\",\"name\":\"Plo\u010de ferry terminal, car ferry departures from Plo\u010de\",\"isPartOf\":{\"@id\":\"https:\/\/www.ferrycroatia.com\/en\/#website\"},\"datePublished\":\"2016-07-18T05:43:43+00:00\",\"dateModified\":\"2022-01-18T07:26:38+00:00\",\"description\":\"Ferries from Plo\u010de ferry port, how to reach the ferry terminal in Plo\u010de by bus or by car from other cities in Croatia, address of the ferry port\",\"breadcrumb\":{\"@id\":\"https:\/\/www.ferrycroatia.com\/en\/ploce-ferry-port\/#breadcrumb\"},\"inLanguage\":\"en-US\",\"potentialAction\":[{\"@type\":\"ReadAction\",\"target\":[\"https:\/\/www.ferrycroatia.com\/en\/ploce-ferry-port\/\"]}]},{\"@type\":\"BreadcrumbList\",\"@id\":\"https:\/\/www.ferrycroatia.com\/en\/ploce-ferry-port\/#breadcrumb\",\"itemListElement\":[{\"@type\":\"ListItem\",\"position\":1,\"name\":\"Home\",\"item\":\"https:\/\/www.ferrycroatia.com\/en\/\"},{\"@type\":\"ListItem\",\"position\":2,\"name\":\"Plo\u010de ferry port\"}]},{\"@type\":\"WebSite\",\"@id\":\"https:\/\/www.ferrycroatia.com\/en\/#website\",\"url\":\"https:\/\/www.ferrycroatia.com\/en\/\",\"name\":\"Ferry Croatia\",\"description\":\"Info\u2019s and timetables - all catamarans and ferries in Croatia\",\"potentialAction\":[{\"@type\":\"SearchAction\",\"target\":{\"@type\":\"EntryPoint\",\"urlTemplate\":\"https:\/\/www.ferrycroatia.com\/en\/?s={search_term_string}\"},\"query-input\":\"required name=search_term_string\"}],\"inLanguage\":\"en-US\"}]}<\/script>\n<!-- \/ Yoast SEO plugin. -->","yoast_head_json":{"title":"Plo\u010de ferry terminal, car ferry departures from Plo\u010de","description":"Ferries from Plo\u010de ferry port, how to reach the ferry terminal in Plo\u010de by bus or by car from other cities in Croatia, address of the ferry port","robots":{"index":"index","follow":"follow","max-snippet":"max-snippet:-1","max-image-preview":"max-image-preview:large","max-video-preview":"max-video-preview:-1"},"canonical":"https:\/\/www.ferrycroatia.com\/en\/ploce-ferry-port\/","og_locale":"en_US","og_type":"article","og_title":"Plo\u010de ferry terminal, car ferry departures from Plo\u010de","og_description":"Ferries from Plo\u010de ferry port, how to reach the ferry terminal in Plo\u010de by bus or by car from other cities in Croatia, address of the ferry port","og_url":"https:\/\/www.ferrycroatia.com\/en\/ploce-ferry-port\/","og_site_name":"Ferry Croatia","article_modified_time":"2022-01-18T07:26:38+00:00","og_image":[{"width":1024,"height":768,"url":"https:\/\/www.ferrycroatia.com\/en\/wp-content\/uploads\/2016\/06\/Ferry-pier-in-Ploce.jpg","type":"image\/jpeg"}],"twitter_card":"summary_large_image","twitter_misc":{"Est. reading time":"2 minutes"},"schema":{"@context":"https:\/\/schema.org","@graph":[{"@type":"WebPage","@id":"https:\/\/www.ferrycroatia.com\/en\/ploce-ferry-port\/","url":"https:\/\/www.ferrycroatia.com\/en\/ploce-ferry-port\/","name":"Plo\u010de ferry terminal, car ferry departures from Plo\u010de","isPartOf":{"@id":"https:\/\/www.ferrycroatia.com\/en\/#website"},"datePublished":"2016-07-18T05:43:43+00:00","dateModified":"2022-01-18T07:26:38+00:00","description":"Ferries from Plo\u010de ferry port, how to reach the ferry terminal in Plo\u010de by bus or by car from other cities in Croatia, address of the ferry port","breadcrumb":{"@id":"https:\/\/www.ferrycroatia.com\/en\/ploce-ferry-port\/#breadcrumb"},"inLanguage":"en-US","potentialAction":[{"@type":"ReadAction","target":["https:\/\/www.ferrycroatia.com\/en\/ploce-ferry-port\/"]}]},{"@type":"BreadcrumbList","@id":"https:\/\/www.ferrycroatia.com\/en\/ploce-ferry-port\/#breadcrumb","itemListElement":[{"@type":"ListItem","position":1,"name":"Home","item":"https:\/\/www.ferrycroatia.com\/en\/"},{"@type":"ListItem","position":2,"name":"Plo\u010de ferry port"}]},{"@type":"WebSite","@id":"https:\/\/www.ferrycroatia.com\/en\/#website","url":"https:\/\/www.ferrycroatia.com\/en\/","name":"Ferry Croatia","description":"Info\u2019s and timetables - all catamarans and ferries in Croatia","potentialAction":[{"@type":"SearchAction","target":{"@type":"EntryPoint","urlTemplate":"https:\/\/www.ferrycroatia.com\/en\/?s={search_term_string}"},"query-input":"required name=search_term_string"}],"inLanguage":"en-US"}]}},"_links":{"self":[{"href":"https:\/\/www.ferrycroatia.com\/en\/wp-json\/wp\/v2\/pages\/138"}],"collection":[{"href":"https:\/\/www.ferrycroatia.com\/en\/wp-json\/wp\/v2\/pages"}],"about":[{"href":"https:\/\/www.ferrycroatia.com\/en\/wp-json\/wp\/v2\/types\/page"}],"author":[{"embeddable":true,"href":"https:\/\/www.ferrycroatia.com\/en\/wp-json\/wp\/v2\/users\/1"}],"replies":[{"embeddable":true,"href":"https:\/\/www.ferrycroatia.com\/en\/wp-json\/wp\/v2\/comments?post=138"}],"version-history":[{"count":17,"href":"https:\/\/www.ferrycroatia.com\/en\/wp-json\/wp\/v2\/pages\/138\/revisions"}],"predecessor-version":[{"id":7851,"href":"https:\/\/www.ferrycroatia.com\/en\/wp-json\/wp\/v2\/pages\/138\/revisions\/7851"}],"wp:featuredmedia":[{"embeddable":true,"href":"https:\/\/www.ferrycroatia.com\/en\/wp-json\/wp\/v2\/media\/147"}],"wp:attachment":[{"href":"https:\/\/www.ferrycroatia.com\/en\/wp-json\/wp\/v2\/media?parent=138"}],"curies":[{"name":"wp","href":"https:\/\/api.w.org\/{rel}","templated":true}]}}