{"id":175,"date":"2016-07-18T06:58:31","date_gmt":"2016-07-18T06:58:31","guid":{"rendered":"http:\/\/www.ferrycroatia.com\/?page_id=175"},"modified":"2022-01-18T14:03:24","modified_gmt":"2022-01-18T13:03:24","slug":"vodice-port","status":"publish","type":"page","link":"https:\/\/www.ferrycroatia.com\/en\/vodice-port\/","title":{"rendered":"Vodice port"},"content":{"rendered":"\r\n<p class=\"has-text-align-left\"><span style=\"font-weight: 400;\">Vodice is <strong>a little town in a \u0160ibenik region<\/strong>, located around 10 km from the city of \u0160ibenik. The pier where the ship departs towards <strong>Prvi\u0107, Kaprije, \u017dirje and the city of \u0160ibenik<\/strong> is located in a very centre of the town, near the <strong>ACI Marina and the main promenade by the sea<\/strong>.\u00a0<\/span><span style=\"font-weight: 400;\">The main bus station is located only minutes away from the departure pier, and some buses stop on the main coastal road which is around 700 m from the pier.<\/span><\/p><div id=\"ez-toc-container\" class=\"ez-toc-v2_0_62 counter-hierarchy ez-toc-counter ez-toc-custom ez-toc-container-direction\">\n<div class=\"ez-toc-title-container\">\n<p class=\"ez-toc-title \" >Table of Contents<\/p>\n<span class=\"ez-toc-title-toggle\"><a href=\"#\" class=\"ez-toc-pull-right ez-toc-btn ez-toc-btn-xs ez-toc-btn-default ez-toc-toggle\" aria-label=\"Toggle Table of Content\"><span class=\"ez-toc-js-icon-con\"><span class=\"\"><span class=\"eztoc-hide\" style=\"display:none;\">Toggle<\/span><span class=\"ez-toc-icon-toggle-span\"><svg style=\"fill: #070c63;color:#070c63\" xmlns=\"http:\/\/www.w3.org\/2000\/svg\" class=\"list-377408\" width=\"20px\" height=\"20px\" viewBox=\"0 0 24 24\" fill=\"none\"><path d=\"M6 6H4v2h2V6zm14 0H8v2h12V6zM4 11h2v2H4v-2zm16 0H8v2h12v-2zM4 16h2v2H4v-2zm16 0H8v2h12v-2z\" fill=\"currentColor\"><\/path><\/svg><svg style=\"fill: #070c63;color:#070c63\" class=\"arrow-unsorted-368013\" xmlns=\"http:\/\/www.w3.org\/2000\/svg\" width=\"10px\" height=\"10px\" viewBox=\"0 0 24 24\" version=\"1.2\" baseProfile=\"tiny\"><path d=\"M18.2 9.3l-6.2-6.3-6.2 6.3c-.2.2-.3.4-.3.7s.1.5.3.7c.2.2.4.3.7.3h11c.3 0 .5-.1.7-.3.2-.2.3-.5.3-.7s-.1-.5-.3-.7zM5.8 14.7l6.2 6.3 6.2-6.3c.2-.2.3-.5.3-.7s-.1-.5-.3-.7c-.2-.2-.4-.3-.7-.3h-11c-.3 0-.5.1-.7.3-.2.2-.3.5-.3.7s.1.5.3.7z\"\/><\/svg><\/span><\/span><\/span><\/a><\/span><\/div>\n<nav><ul class='ez-toc-list ez-toc-list-level-1 eztoc-toggle-hide-by-default' ><li class='ez-toc-page-1 ez-toc-heading-level-3'><a class=\"ez-toc-link ez-toc-heading-1\" href=\"https:\/\/www.ferrycroatia.com\/en\/vodice-port\/#Getting_to_and_from_the_ferry_terminal_in_Vodice\" title=\"Getting to and from the ferry terminal in Vodice\">Getting to and from the ferry terminal in Vodice<\/a><\/li><li class='ez-toc-page-1 ez-toc-heading-level-3'><a class=\"ez-toc-link ez-toc-heading-2\" href=\"https:\/\/www.ferrycroatia.com\/en\/vodice-port\/#Getting_from_Zadar_airport_to_Vodice_port\" title=\"Getting from Zadar airport to Vodice port\">Getting from Zadar airport to Vodice port<\/a><\/li><li class='ez-toc-page-1 ez-toc-heading-level-3'><a class=\"ez-toc-link ez-toc-heading-3\" href=\"https:\/\/www.ferrycroatia.com\/en\/vodice-port\/#Vodice_port_facilities\" title=\"Vodice port facilities \">Vodice port facilities <\/a><\/li><li class='ez-toc-page-1 ez-toc-heading-level-3'><a class=\"ez-toc-link ez-toc-heading-4\" href=\"https:\/\/www.ferrycroatia.com\/en\/vodice-port\/#Vodice_port_location\" title=\"Vodice port location\">Vodice port location<\/a><\/li><li class='ez-toc-page-1 ez-toc-heading-level-3'><a class=\"ez-toc-link ez-toc-heading-5\" href=\"https:\/\/www.ferrycroatia.com\/en\/vodice-port\/#List_of_the_routes\" title=\"List of the routes\">List of the routes<\/a><\/li><\/ul><\/nav><\/div>\n\r\n\r\n\r\n\r\n<h3><span class=\"ez-toc-section\" id=\"Getting_to_and_from_the_ferry_terminal_in_Vodice\"><\/span>Getting to and from the ferry terminal in Vodice<span class=\"ez-toc-section-end\"><\/span><\/h3>\r\n\r\n\r\n\r\n<p class=\"has-text-align-left\">Vodice is a small town, so if you\u2019re staying there and want to reach <strong>the <a href=\"https:\/\/www.ferrycroatia.com\/en\/island-prvic\/\">island of Prvi\u0107<\/a>, Kaprije, \u017dirje<\/strong>, it won\u2019t be hard to get to the port since it\u2019s located in the very center of the town. The main promenade <strong>by the sea is just next to it<\/strong>.\u00a0<span style=\"font-weight: 400;\">If you\u2019re carrying a lot of luggage, you can call a taxi which won\u2019t cost you a lot since it\u2019s quite<strong> a small distance<\/strong>, wherever your accommodation in Vodice might be.<\/span><\/p>\r\n\r\n\r\n\r\n<h3><span class=\"ez-toc-section\" id=\"Getting_from_Zadar_airport_to_Vodice_port\"><\/span>Getting from Zadar airport to Vodice port<span class=\"ez-toc-section-end\"><\/span><\/h3>\r\n\r\n\r\n\r\n<p class=\"has-text-align-left\">The nearest airport is the airport of Zadar <strong>located at around 60 km from Vodice<\/strong> (around 10 km from Zadar). Once you land, you can take <strong>a pre-booked transfer or take a taxi<\/strong> directly to the port of Vodice.\u00a0<span style=\"font-weight: 400;\"><strong>There are also shuttle buses<\/strong> running from the airport towards Zadar (all stopping at the main bus station which is located minutes away from the ferry terminal). <strong>The ticket is around 25 kn = 3 euros<\/strong> and the trip to the main bus station in Zadar takes 15 &#8211; 20 minutes. <strong>When you reach the <a href=\"https:\/\/getbybus.com\/en\/bus-from-zadar\">main bus station<\/a><\/strong> in Zadar, you have to buy the ticket for Vodice.<\/span><\/p>\r\n\r\n\r\n\r\n<p class=\"has-text-align-left\">If you want to read more about getting off Zadar airport, click\u00a0<a href=\"https:\/\/getbybus.com\/en\/blog\/airport-bus-zadar\/\">here<\/a>.<\/p>\r\n\r\n\r\n\r\n<h3><span class=\"ez-toc-section\" id=\"Vodice_port_facilities\"><\/span>Vodice port facilities<b><\/b><span style=\"text-decoration: underline;\"><b><br \/><\/b><\/span><span class=\"ez-toc-section-end\"><\/span><\/h3>\r\n\r\n\r\n\r\n<p class=\"has-text-align-left\">As you already have read above, <strong>the port of Vodice<\/strong> is located right in the town centre, next to the promenade by the sea. Obviously, most of the town facilities are nearby: <strong>bars, restaurants, shops, etc.<\/strong><\/p>\r\n\r\n\r\n\r\n<h3><span class=\"ez-toc-section\" id=\"Vodice_port_location\"><\/span>Vodice port location<span class=\"ez-toc-section-end\"><\/span><\/h3>\r\n\r\n\r\n\r\n<blockquote class=\"wp-block-quote\">\r\n<p>Obala Ive Juriceva Cota 1<\/p>\r\n<p>22211 Vodice<\/p>\r\n<p><strong>GPS co-ordinates: <\/strong>43.75613, 15.77797<\/p>\r\n<\/blockquote>\r\n\r\n\r\n\r\n<figure class=\"wp-block-image\"><img decoding=\"async\" loading=\"lazy\" class=\"alignnone wp-image-176\" data-src=\"http:\/\/www.ferrycroatia.com\/wp-content\/uploads\/2016\/06\/Vodice.jpg\" alt=\"Vodice\" width=\"800\" height=\"585\" data-srcset=\"https:\/\/www.ferrycroatia.com\/en\/wp-content\/uploads\/2016\/06\/Vodice.jpg 800w, https:\/\/www.ferrycroatia.com\/en\/wp-content\/uploads\/2016\/06\/Vodice-300x219.jpg 300w\" sizes=\"(max-width: 800px) 100vw, 800px\" \/><\/figure>\r\n\r\n\r\n\r\n<h3><span class=\"ez-toc-section\" id=\"List_of_the_routes\"><\/span>List of the routes<span class=\"ez-toc-section-end\"><\/span><\/h3>\r\n\r\n\r\n\r\n<p>\u2192 Ship: \u0160ibenik &#8211; Zlarin &#8211; Prvi\u0107 Luka &#8211; \u0160epurine &#8211; Vodice<\/p>\r\n\r\n\r\n\r\n<ul>\r\n<li><a href=\"https:\/\/www.ferrycroatia.com\/en\/vodice-sibenik\/\">Vodice &#8211; \u0160ibenik<\/a><\/li>\r\n<li><a href=\"https:\/\/www.ferrycroatia.com\/en\/vodice-zlarin\/\">Vodice &#8211; Zlarin<\/a><\/li>\r\n<li><a href=\"https:\/\/www.ferrycroatia.com\/en\/vodice-prvic\/\">Vodice &#8211; Prvic Luka<\/a><\/li>\r\n<li>Vodice &#8211; Sepurine<\/li>\r\n<\/ul>\r\n","protected":false},"excerpt":{"rendered":"<p>Vodice is a little town in a \u0160ibenik region, located around 10 km from the city of \u0160ibenik. The pier where the ship departs towards Prvi\u0107, Kaprije, \u017dirje and the city of \u0160ibenik is located in a very centre of the town, near the ACI Marina and the main promenade by the sea.\u00a0The main bus [&hellip;]<\/p>\n<p><a class=\"more-link\" href=\"https:\/\/www.ferrycroatia.com\/en\/vodice-port\/\"> Continue reading&#8230;<\/a><\/p>\n","protected":false},"author":1,"featured_media":427,"parent":0,"menu_order":0,"comment_status":"closed","ping_status":"closed","template":"","meta":[],"yoast_head":"<!-- This site is optimized with the Yoast SEO plugin v19.8 - https:\/\/yoast.com\/wordpress\/plugins\/seo\/ -->\n<title>Vodice port, ship departures from the Port in Vodice<\/title>\n<meta name=\"description\" content=\"Ship departures from Vodice port, how to reach the port by bus or by car from other destinations in Croatia, address of the port in Vodice\" \/>\n<meta name=\"robots\" content=\"index, follow, max-snippet:-1, max-image-preview:large, max-video-preview:-1\" \/>\n<link rel=\"canonical\" href=\"https:\/\/www.ferrycroatia.com\/en\/vodice-port\/\" \/>\n<meta property=\"og:locale\" content=\"en_US\" \/>\n<meta property=\"og:type\" content=\"article\" \/>\n<meta property=\"og:title\" content=\"Vodice port, ship departures from the Port in Vodice\" \/>\n<meta property=\"og:description\" content=\"Ship departures from Vodice port, how to reach the port by bus or by car from other destinations in Croatia, address of the port in Vodice\" \/>\n<meta property=\"og:url\" content=\"https:\/\/www.ferrycroatia.com\/en\/vodice-port\/\" \/>\n<meta property=\"og:site_name\" content=\"Ferry Croatia\" \/>\n<meta property=\"article:modified_time\" content=\"2022-01-18T13:03:24+00:00\" \/>\n<meta property=\"og:image\" content=\"https:\/\/www.ferrycroatia.com\/en\/wp-content\/uploads\/2016\/07\/Vodice.jpg\" \/>\n\t<meta property=\"og:image:width\" content=\"1024\" \/>\n\t<meta property=\"og:image:height\" content=\"768\" \/>\n\t<meta property=\"og:image:type\" content=\"image\/jpeg\" \/>\n<meta name=\"twitter:card\" content=\"summary_large_image\" \/>\n<meta name=\"twitter:label1\" content=\"Est. reading time\" \/>\n\t<meta name=\"twitter:data1\" content=\"2 minutes\" \/>\n<script type=\"application\/ld+json\" class=\"yoast-schema-graph\">{\"@context\":\"https:\/\/schema.org\",\"@graph\":[{\"@type\":\"WebPage\",\"@id\":\"https:\/\/www.ferrycroatia.com\/en\/vodice-port\/\",\"url\":\"https:\/\/www.ferrycroatia.com\/en\/vodice-port\/\",\"name\":\"Vodice port, ship departures from the Port in Vodice\",\"isPartOf\":{\"@id\":\"https:\/\/www.ferrycroatia.com\/en\/#website\"},\"datePublished\":\"2016-07-18T06:58:31+00:00\",\"dateModified\":\"2022-01-18T13:03:24+00:00\",\"description\":\"Ship departures from Vodice port, how to reach the port by bus or by car from other destinations in Croatia, address of the port in Vodice\",\"breadcrumb\":{\"@id\":\"https:\/\/www.ferrycroatia.com\/en\/vodice-port\/#breadcrumb\"},\"inLanguage\":\"en-US\",\"potentialAction\":[{\"@type\":\"ReadAction\",\"target\":[\"https:\/\/www.ferrycroatia.com\/en\/vodice-port\/\"]}]},{\"@type\":\"BreadcrumbList\",\"@id\":\"https:\/\/www.ferrycroatia.com\/en\/vodice-port\/#breadcrumb\",\"itemListElement\":[{\"@type\":\"ListItem\",\"position\":1,\"name\":\"Home\",\"item\":\"https:\/\/www.ferrycroatia.com\/en\/\"},{\"@type\":\"ListItem\",\"position\":2,\"name\":\"Vodice port\"}]},{\"@type\":\"WebSite\",\"@id\":\"https:\/\/www.ferrycroatia.com\/en\/#website\",\"url\":\"https:\/\/www.ferrycroatia.com\/en\/\",\"name\":\"Ferry Croatia\",\"description\":\"Info\u2019s and timetables - all catamarans and ferries in Croatia\",\"potentialAction\":[{\"@type\":\"SearchAction\",\"target\":{\"@type\":\"EntryPoint\",\"urlTemplate\":\"https:\/\/www.ferrycroatia.com\/en\/?s={search_term_string}\"},\"query-input\":\"required name=search_term_string\"}],\"inLanguage\":\"en-US\"}]}<\/script>\n<!-- \/ Yoast SEO plugin. -->","yoast_head_json":{"title":"Vodice port, ship departures from the Port in Vodice","description":"Ship departures from Vodice port, how to reach the port by bus or by car from other destinations in Croatia, address of the port in Vodice","robots":{"index":"index","follow":"follow","max-snippet":"max-snippet:-1","max-image-preview":"max-image-preview:large","max-video-preview":"max-video-preview:-1"},"canonical":"https:\/\/www.ferrycroatia.com\/en\/vodice-port\/","og_locale":"en_US","og_type":"article","og_title":"Vodice port, ship departures from the Port in Vodice","og_description":"Ship departures from Vodice port, how to reach the port by bus or by car from other destinations in Croatia, address of the port in Vodice","og_url":"https:\/\/www.ferrycroatia.com\/en\/vodice-port\/","og_site_name":"Ferry Croatia","article_modified_time":"2022-01-18T13:03:24+00:00","og_image":[{"width":1024,"height":768,"url":"https:\/\/www.ferrycroatia.com\/en\/wp-content\/uploads\/2016\/07\/Vodice.jpg","type":"image\/jpeg"}],"twitter_card":"summary_large_image","twitter_misc":{"Est. reading time":"2 minutes"},"schema":{"@context":"https:\/\/schema.org","@graph":[{"@type":"WebPage","@id":"https:\/\/www.ferrycroatia.com\/en\/vodice-port\/","url":"https:\/\/www.ferrycroatia.com\/en\/vodice-port\/","name":"Vodice port, ship departures from the Port in Vodice","isPartOf":{"@id":"https:\/\/www.ferrycroatia.com\/en\/#website"},"datePublished":"2016-07-18T06:58:31+00:00","dateModified":"2022-01-18T13:03:24+00:00","description":"Ship departures from Vodice port, how to reach the port by bus or by car from other destinations in Croatia, address of the port in Vodice","breadcrumb":{"@id":"https:\/\/www.ferrycroatia.com\/en\/vodice-port\/#breadcrumb"},"inLanguage":"en-US","potentialAction":[{"@type":"ReadAction","target":["https:\/\/www.ferrycroatia.com\/en\/vodice-port\/"]}]},{"@type":"BreadcrumbList","@id":"https:\/\/www.ferrycroatia.com\/en\/vodice-port\/#breadcrumb","itemListElement":[{"@type":"ListItem","position":1,"name":"Home","item":"https:\/\/www.ferrycroatia.com\/en\/"},{"@type":"ListItem","position":2,"name":"Vodice port"}]},{"@type":"WebSite","@id":"https:\/\/www.ferrycroatia.com\/en\/#website","url":"https:\/\/www.ferrycroatia.com\/en\/","name":"Ferry Croatia","description":"Info\u2019s and timetables - all catamarans and ferries in Croatia","potentialAction":[{"@type":"SearchAction","target":{"@type":"EntryPoint","urlTemplate":"https:\/\/www.ferrycroatia.com\/en\/?s={search_term_string}"},"query-input":"required name=search_term_string"}],"inLanguage":"en-US"}]}},"_links":{"self":[{"href":"https:\/\/www.ferrycroatia.com\/en\/wp-json\/wp\/v2\/pages\/175"}],"collection":[{"href":"https:\/\/www.ferrycroatia.com\/en\/wp-json\/wp\/v2\/pages"}],"about":[{"href":"https:\/\/www.ferrycroatia.com\/en\/wp-json\/wp\/v2\/types\/page"}],"author":[{"embeddable":true,"href":"https:\/\/www.ferrycroatia.com\/en\/wp-json\/wp\/v2\/users\/1"}],"replies":[{"embeddable":true,"href":"https:\/\/www.ferrycroatia.com\/en\/wp-json\/wp\/v2\/comments?post=175"}],"version-history":[{"count":11,"href":"https:\/\/www.ferrycroatia.com\/en\/wp-json\/wp\/v2\/pages\/175\/revisions"}],"predecessor-version":[{"id":7922,"href":"https:\/\/www.ferrycroatia.com\/en\/wp-json\/wp\/v2\/pages\/175\/revisions\/7922"}],"wp:featuredmedia":[{"embeddable":true,"href":"https:\/\/www.ferrycroatia.com\/en\/wp-json\/wp\/v2\/media\/427"}],"wp:attachment":[{"href":"https:\/\/www.ferrycroatia.com\/en\/wp-json\/wp\/v2\/media?parent=175"}],"curies":[{"name":"wp","href":"https:\/\/api.w.org\/{rel}","templated":true}]}}