{"id":247,"date":"2016-07-18T09:26:14","date_gmt":"2016-07-18T09:26:14","guid":{"rendered":"http:\/\/www.ferrycroatia.com\/?page_id=247"},"modified":"2024-02-16T09:55:28","modified_gmt":"2024-02-16T08:55:28","slug":"sucuraj-ferry-port","status":"publish","type":"page","link":"https:\/\/www.ferrycroatia.com\/en\/sucuraj-ferry-port\/","title":{"rendered":"Su\u0107uraj ferry port"},"content":{"rendered":"<p><strong>Su\u0107uraj is a little town on the island of Hvar<\/strong>, located on the east side of the island, on the closest point to the mainland.\u00a0The ferry terminal is located in\u00a0<strong>a really narrow little bay<\/strong>\u00a0and, like in almost all other island towns, it\u2019s located not far from the centre, in the end of the promenade by the sea.<strong>\u00a0<\/strong><strong>The tickets can be bought<\/strong>\u00a0in the ticket office in Su\u0107uraj or in Drvenik.<\/p><div id=\"ez-toc-container\" class=\"ez-toc-v2_0_62 counter-hierarchy ez-toc-counter ez-toc-custom ez-toc-container-direction\">\n<div class=\"ez-toc-title-container\">\n<p class=\"ez-toc-title \" >Table of Contents<\/p>\n<span class=\"ez-toc-title-toggle\"><a href=\"#\" class=\"ez-toc-pull-right ez-toc-btn ez-toc-btn-xs ez-toc-btn-default ez-toc-toggle\" aria-label=\"Toggle Table of Content\"><span class=\"ez-toc-js-icon-con\"><span class=\"\"><span class=\"eztoc-hide\" style=\"display:none;\">Toggle<\/span><span class=\"ez-toc-icon-toggle-span\"><svg style=\"fill: #070c63;color:#070c63\" xmlns=\"http:\/\/www.w3.org\/2000\/svg\" class=\"list-377408\" width=\"20px\" height=\"20px\" viewBox=\"0 0 24 24\" fill=\"none\"><path d=\"M6 6H4v2h2V6zm14 0H8v2h12V6zM4 11h2v2H4v-2zm16 0H8v2h12v-2zM4 16h2v2H4v-2zm16 0H8v2h12v-2z\" fill=\"currentColor\"><\/path><\/svg><svg style=\"fill: #070c63;color:#070c63\" class=\"arrow-unsorted-368013\" xmlns=\"http:\/\/www.w3.org\/2000\/svg\" width=\"10px\" height=\"10px\" viewBox=\"0 0 24 24\" version=\"1.2\" baseProfile=\"tiny\"><path d=\"M18.2 9.3l-6.2-6.3-6.2 6.3c-.2.2-.3.4-.3.7s.1.5.3.7c.2.2.4.3.7.3h11c.3 0 .5-.1.7-.3.2-.2.3-.5.3-.7s-.1-.5-.3-.7zM5.8 14.7l6.2 6.3 6.2-6.3c.2-.2.3-.5.3-.7s-.1-.5-.3-.7c-.2-.2-.4-.3-.7-.3h-11c-.3 0-.5.1-.7.3-.2.2-.3.5-.3.7s.1.5.3.7z\"\/><\/svg><\/span><\/span><\/span><\/a><\/span><\/div>\n<nav><ul class='ez-toc-list ez-toc-list-level-1 eztoc-toggle-hide-by-default' ><li class='ez-toc-page-1 ez-toc-heading-level-3'><a class=\"ez-toc-link ez-toc-heading-1\" href=\"https:\/\/www.ferrycroatia.com\/en\/sucuraj-ferry-port\/#Getting_to_and_from_Sucuraj_port\" title=\"Getting to and from Su\u0107uraj port\">Getting to and from Su\u0107uraj port<\/a><\/li><li class='ez-toc-page-1 ez-toc-heading-level-3'><a class=\"ez-toc-link ez-toc-heading-2\" href=\"https:\/\/www.ferrycroatia.com\/en\/sucuraj-ferry-port\/#Sucuraj_port_facilities\" title=\"Su\u0107uraj port facilities\">Su\u0107uraj port facilities<\/a><\/li><li class='ez-toc-page-1 ez-toc-heading-level-3'><a class=\"ez-toc-link ez-toc-heading-3\" href=\"https:\/\/www.ferrycroatia.com\/en\/sucuraj-ferry-port\/#Sucuraj_port_location\" title=\"Su\u0107uraj port location\">Su\u0107uraj port location<\/a><\/li><li class='ez-toc-page-1 ez-toc-heading-level-3'><a class=\"ez-toc-link ez-toc-heading-4\" href=\"https:\/\/www.ferrycroatia.com\/en\/sucuraj-ferry-port\/#List_of_the_routes\" title=\"List of the routes\">List of the routes<\/a><\/li><\/ul><\/nav><\/div>\n\n<h3><span class=\"ez-toc-section\" id=\"Getting_to_and_from_Sucuraj_port\"><\/span>Getting to and from Su\u0107uraj port<span class=\"ez-toc-section-end\"><\/span><\/h3>\n<p>Su\u0107uraj is a small island town, so no matter where your accommodation is, the ferry terminal is easily reachable on foot. If you have rented an apartment in one of the bays along the coast from Su\u0107uraj you might be able to arrange a pick up by your landlord. If you&#8217;re staying somewhere else <a href=\"https:\/\/www.ferrycroatia.com\/en\/island-hvar\/\">on the island of Hvar<\/a>, it&#8217;s easy to reach Su\u0107uraj by bus. The <a href=\"https:\/\/getbybus.com\/en\/bus-from-sucuraj-hvar\">bus stop<\/a> is also located in the center of the town.<\/p>\n<h3><span class=\"ez-toc-section\" id=\"Sucuraj_port_facilities\"><\/span>Su\u0107uraj port facilities<span class=\"ez-toc-section-end\"><\/span><\/h3>\n<p>As already mentioned above, Su\u0107uraj is a really small island town and the ferry terminal is not located far from the centre. That\u2019s why, most of the town\u2019s facilities are really close to the ferry terminal: bars, restaurants, shops, etc.<\/p>\n<h3><span class=\"ez-toc-section\" id=\"Sucuraj_port_location\"><\/span>Su\u0107uraj port location<span class=\"ez-toc-section-end\"><\/span><\/h3>\n<blockquote>\n<p style=\"text-align: justify;\">D116 29<\/p>\n<p style=\"text-align: justify;\">21469 Su\u0107uraj (Hvar)<\/p>\n<p style=\"text-align: justify;\"><strong>GPS co-ordinates: <\/strong>43.12486, 17.18808<\/p>\n<\/blockquote>\n<h3><span class=\"ez-toc-section\" id=\"List_of_the_routes\"><\/span>List of the routes<span class=\"ez-toc-section-end\"><\/span><\/h3>\n<p>\u2192 Car ferry:\u00a0 Su\u0107uraj &#8211; Drvenik<\/p>\n<ul>\n<li><a href=\"https:\/\/www.ferrycroatia.com\/en\/sucuraj-drvenik\/\">Sucuraj &#8211; Drvenik<\/a><\/li>\n<\/ul>\n","protected":false},"excerpt":{"rendered":"<p>Su\u0107uraj is a little town on the island of Hvar, located on the east side of the island, on the closest point to the mainland.\u00a0The ferry terminal is located in\u00a0a really narrow little bay\u00a0and, like in almost all other island towns, it\u2019s located not far from the centre, in the end of the promenade by [&hellip;]<\/p>\n<p><a class=\"more-link\" href=\"https:\/\/www.ferrycroatia.com\/en\/sucuraj-ferry-port\/\"> Continue reading&#8230;<\/a><\/p>\n","protected":false},"author":1,"featured_media":0,"parent":0,"menu_order":0,"comment_status":"closed","ping_status":"closed","template":"","meta":[],"yoast_head":"<!-- This site is optimized with the Yoast SEO plugin v19.8 - https:\/\/yoast.com\/wordpress\/plugins\/seo\/ -->\n<title>Su\u0107uraj ferry terminal, car ferry departures from Su\u0107uraj<\/title>\n<meta name=\"description\" content=\"Ferries from Su\u0107uraj ferry port, how to reach the port by bus or by car from other destinations in Croatia, address and facilities\" \/>\n<meta name=\"robots\" content=\"index, follow, max-snippet:-1, max-image-preview:large, max-video-preview:-1\" \/>\n<link rel=\"canonical\" href=\"https:\/\/www.ferrycroatia.com\/en\/sucuraj-ferry-port\/\" \/>\n<meta property=\"og:locale\" content=\"en_US\" \/>\n<meta property=\"og:type\" content=\"article\" \/>\n<meta property=\"og:title\" content=\"Su\u0107uraj ferry terminal, car ferry departures from Su\u0107uraj\" \/>\n<meta property=\"og:description\" content=\"Ferries from Su\u0107uraj ferry port, how to reach the port by bus or by car from other destinations in Croatia, address and facilities\" \/>\n<meta property=\"og:url\" content=\"https:\/\/www.ferrycroatia.com\/en\/sucuraj-ferry-port\/\" \/>\n<meta property=\"og:site_name\" content=\"Ferry Croatia\" \/>\n<meta property=\"article:modified_time\" content=\"2024-02-16T08:55:28+00:00\" \/>\n<meta name=\"twitter:card\" content=\"summary_large_image\" \/>\n<meta name=\"twitter:label1\" content=\"Est. reading time\" \/>\n\t<meta name=\"twitter:data1\" content=\"1 minute\" \/>\n<script type=\"application\/ld+json\" class=\"yoast-schema-graph\">{\"@context\":\"https:\/\/schema.org\",\"@graph\":[{\"@type\":\"WebPage\",\"@id\":\"https:\/\/www.ferrycroatia.com\/en\/sucuraj-ferry-port\/\",\"url\":\"https:\/\/www.ferrycroatia.com\/en\/sucuraj-ferry-port\/\",\"name\":\"Su\u0107uraj ferry terminal, car ferry departures from Su\u0107uraj\",\"isPartOf\":{\"@id\":\"https:\/\/www.ferrycroatia.com\/en\/#website\"},\"datePublished\":\"2016-07-18T09:26:14+00:00\",\"dateModified\":\"2024-02-16T08:55:28+00:00\",\"description\":\"Ferries from Su\u0107uraj ferry port, how to reach the port by bus or by car from other destinations in Croatia, address and facilities\",\"breadcrumb\":{\"@id\":\"https:\/\/www.ferrycroatia.com\/en\/sucuraj-ferry-port\/#breadcrumb\"},\"inLanguage\":\"en-US\",\"potentialAction\":[{\"@type\":\"ReadAction\",\"target\":[\"https:\/\/www.ferrycroatia.com\/en\/sucuraj-ferry-port\/\"]}]},{\"@type\":\"BreadcrumbList\",\"@id\":\"https:\/\/www.ferrycroatia.com\/en\/sucuraj-ferry-port\/#breadcrumb\",\"itemListElement\":[{\"@type\":\"ListItem\",\"position\":1,\"name\":\"Home\",\"item\":\"https:\/\/www.ferrycroatia.com\/en\/\"},{\"@type\":\"ListItem\",\"position\":2,\"name\":\"Su\u0107uraj ferry port\"}]},{\"@type\":\"WebSite\",\"@id\":\"https:\/\/www.ferrycroatia.com\/en\/#website\",\"url\":\"https:\/\/www.ferrycroatia.com\/en\/\",\"name\":\"Ferry Croatia\",\"description\":\"Info\u2019s and timetables - all catamarans and ferries in Croatia\",\"potentialAction\":[{\"@type\":\"SearchAction\",\"target\":{\"@type\":\"EntryPoint\",\"urlTemplate\":\"https:\/\/www.ferrycroatia.com\/en\/?s={search_term_string}\"},\"query-input\":\"required name=search_term_string\"}],\"inLanguage\":\"en-US\"}]}<\/script>\n<!-- \/ Yoast SEO plugin. -->","yoast_head_json":{"title":"Su\u0107uraj ferry terminal, car ferry departures from Su\u0107uraj","description":"Ferries from Su\u0107uraj ferry port, how to reach the port by bus or by car from other destinations in Croatia, address and facilities","robots":{"index":"index","follow":"follow","max-snippet":"max-snippet:-1","max-image-preview":"max-image-preview:large","max-video-preview":"max-video-preview:-1"},"canonical":"https:\/\/www.ferrycroatia.com\/en\/sucuraj-ferry-port\/","og_locale":"en_US","og_type":"article","og_title":"Su\u0107uraj ferry terminal, car ferry departures from Su\u0107uraj","og_description":"Ferries from Su\u0107uraj ferry port, how to reach the port by bus or by car from other destinations in Croatia, address and facilities","og_url":"https:\/\/www.ferrycroatia.com\/en\/sucuraj-ferry-port\/","og_site_name":"Ferry Croatia","article_modified_time":"2024-02-16T08:55:28+00:00","twitter_card":"summary_large_image","twitter_misc":{"Est. reading time":"1 minute"},"schema":{"@context":"https:\/\/schema.org","@graph":[{"@type":"WebPage","@id":"https:\/\/www.ferrycroatia.com\/en\/sucuraj-ferry-port\/","url":"https:\/\/www.ferrycroatia.com\/en\/sucuraj-ferry-port\/","name":"Su\u0107uraj ferry terminal, car ferry departures from Su\u0107uraj","isPartOf":{"@id":"https:\/\/www.ferrycroatia.com\/en\/#website"},"datePublished":"2016-07-18T09:26:14+00:00","dateModified":"2024-02-16T08:55:28+00:00","description":"Ferries from Su\u0107uraj ferry port, how to reach the port by bus or by car from other destinations in Croatia, address and facilities","breadcrumb":{"@id":"https:\/\/www.ferrycroatia.com\/en\/sucuraj-ferry-port\/#breadcrumb"},"inLanguage":"en-US","potentialAction":[{"@type":"ReadAction","target":["https:\/\/www.ferrycroatia.com\/en\/sucuraj-ferry-port\/"]}]},{"@type":"BreadcrumbList","@id":"https:\/\/www.ferrycroatia.com\/en\/sucuraj-ferry-port\/#breadcrumb","itemListElement":[{"@type":"ListItem","position":1,"name":"Home","item":"https:\/\/www.ferrycroatia.com\/en\/"},{"@type":"ListItem","position":2,"name":"Su\u0107uraj ferry port"}]},{"@type":"WebSite","@id":"https:\/\/www.ferrycroatia.com\/en\/#website","url":"https:\/\/www.ferrycroatia.com\/en\/","name":"Ferry Croatia","description":"Info\u2019s and timetables - all catamarans and ferries in Croatia","potentialAction":[{"@type":"SearchAction","target":{"@type":"EntryPoint","urlTemplate":"https:\/\/www.ferrycroatia.com\/en\/?s={search_term_string}"},"query-input":"required name=search_term_string"}],"inLanguage":"en-US"}]}},"_links":{"self":[{"href":"https:\/\/www.ferrycroatia.com\/en\/wp-json\/wp\/v2\/pages\/247"}],"collection":[{"href":"https:\/\/www.ferrycroatia.com\/en\/wp-json\/wp\/v2\/pages"}],"about":[{"href":"https:\/\/www.ferrycroatia.com\/en\/wp-json\/wp\/v2\/types\/page"}],"author":[{"embeddable":true,"href":"https:\/\/www.ferrycroatia.com\/en\/wp-json\/wp\/v2\/users\/1"}],"replies":[{"embeddable":true,"href":"https:\/\/www.ferrycroatia.com\/en\/wp-json\/wp\/v2\/comments?post=247"}],"version-history":[{"count":21,"href":"https:\/\/www.ferrycroatia.com\/en\/wp-json\/wp\/v2\/pages\/247\/revisions"}],"predecessor-version":[{"id":10100,"href":"https:\/\/www.ferrycroatia.com\/en\/wp-json\/wp\/v2\/pages\/247\/revisions\/10100"}],"wp:attachment":[{"href":"https:\/\/www.ferrycroatia.com\/en\/wp-json\/wp\/v2\/media?parent=247"}],"curies":[{"name":"wp","href":"https:\/\/api.w.org\/{rel}","templated":true}]}}