{"id":258,"date":"2016-07-15T15:54:20","date_gmt":"2016-07-15T15:54:20","guid":{"rendered":"http:\/\/www.ferrycroatia.com\/?page_id=258"},"modified":"2022-01-18T08:20:47","modified_gmt":"2022-01-18T07:20:47","slug":"orebic-ferry-port","status":"publish","type":"page","link":"https:\/\/www.ferrycroatia.com\/en\/orebic-ferry-port\/","title":{"rendered":"Orebi\u0107 ferry port"},"content":{"rendered":"<p><strong>Orebi\u0107 is a little town on the southwest side of the peninsula Pelje\u0161ac<\/strong>. It\u2019s not connected to the mainland, but only to the island of Kor\u010dula by regular ferry lines.\u00a0The ferry terminal is located a little bit towards the west from the town centre. Orebi\u0107 is connected to the <a href=\"https:\/\/www.ferrycroatia.com\/en\/domince-ferry-port\/\">ferry terminal of Domin\u010de<\/a> (<strong>near Kor\u010dula town<\/strong>) by regular ferry lines and by one private company to Kor\u010dula town.<\/p><div id=\"ez-toc-container\" class=\"ez-toc-v2_0_62 counter-hierarchy ez-toc-counter ez-toc-custom ez-toc-container-direction\">\n<div class=\"ez-toc-title-container\">\n<p class=\"ez-toc-title \" >Table of Contents<\/p>\n<span class=\"ez-toc-title-toggle\"><a href=\"#\" class=\"ez-toc-pull-right ez-toc-btn ez-toc-btn-xs ez-toc-btn-default ez-toc-toggle\" aria-label=\"Toggle Table of Content\"><span class=\"ez-toc-js-icon-con\"><span class=\"\"><span class=\"eztoc-hide\" style=\"display:none;\">Toggle<\/span><span class=\"ez-toc-icon-toggle-span\"><svg style=\"fill: #070c63;color:#070c63\" xmlns=\"http:\/\/www.w3.org\/2000\/svg\" class=\"list-377408\" width=\"20px\" height=\"20px\" viewBox=\"0 0 24 24\" fill=\"none\"><path d=\"M6 6H4v2h2V6zm14 0H8v2h12V6zM4 11h2v2H4v-2zm16 0H8v2h12v-2zM4 16h2v2H4v-2zm16 0H8v2h12v-2z\" fill=\"currentColor\"><\/path><\/svg><svg style=\"fill: #070c63;color:#070c63\" class=\"arrow-unsorted-368013\" xmlns=\"http:\/\/www.w3.org\/2000\/svg\" width=\"10px\" height=\"10px\" viewBox=\"0 0 24 24\" version=\"1.2\" baseProfile=\"tiny\"><path d=\"M18.2 9.3l-6.2-6.3-6.2 6.3c-.2.2-.3.4-.3.7s.1.5.3.7c.2.2.4.3.7.3h11c.3 0 .5-.1.7-.3.2-.2.3-.5.3-.7s-.1-.5-.3-.7zM5.8 14.7l6.2 6.3 6.2-6.3c.2-.2.3-.5.3-.7s-.1-.5-.3-.7c-.2-.2-.4-.3-.7-.3h-11c-.3 0-.5.1-.7.3-.2.2-.3.5-.3.7s.1.5.3.7z\"\/><\/svg><\/span><\/span><\/span><\/a><\/span><\/div>\n<nav><ul class='ez-toc-list ez-toc-list-level-1 eztoc-toggle-hide-by-default' ><li class='ez-toc-page-1 ez-toc-heading-level-3'><a class=\"ez-toc-link ez-toc-heading-1\" href=\"https:\/\/www.ferrycroatia.com\/en\/orebic-ferry-port\/#Getting_to_and_from_Orebic_port\" title=\"Getting to and from Orebi\u0107 port\">Getting to and from Orebi\u0107 port<\/a><\/li><li class='ez-toc-page-1 ez-toc-heading-level-3'><a class=\"ez-toc-link ez-toc-heading-2\" href=\"https:\/\/www.ferrycroatia.com\/en\/orebic-ferry-port\/#Getting_from_Orebic_to_Dubrovnik\" title=\"Getting from Orebi\u0107 to Dubrovnik\">Getting from Orebi\u0107 to Dubrovnik<\/a><\/li><li class='ez-toc-page-1 ez-toc-heading-level-3'><a class=\"ez-toc-link ez-toc-heading-3\" href=\"https:\/\/www.ferrycroatia.com\/en\/orebic-ferry-port\/#Orebic_port_facilities\" title=\"Orebi\u0107 port facilities\">Orebi\u0107 port facilities<\/a><\/li><li class='ez-toc-page-1 ez-toc-heading-level-3'><a class=\"ez-toc-link ez-toc-heading-4\" href=\"https:\/\/www.ferrycroatia.com\/en\/orebic-ferry-port\/#Orebic_port_location\" title=\"Orebi\u0107 port location\">Orebi\u0107 port location<\/a><\/li><li class='ez-toc-page-1 ez-toc-heading-level-3'><a class=\"ez-toc-link ez-toc-heading-5\" href=\"https:\/\/www.ferrycroatia.com\/en\/orebic-ferry-port\/#List_of_the_routes\" title=\"List of the routes\">List of the routes<\/a><\/li><\/ul><\/nav><\/div>\n\n<h3><span class=\"ez-toc-section\" id=\"Getting_to_and_from_Orebic_port\"><\/span>Getting to and from Orebi\u0107 port<span class=\"ez-toc-section-end\"><\/span><\/h3>\n<p>Orebi\u0107 is a really small town, so no matter <strong>where your accommodation is<\/strong>, the ferry terminal is reachable on foot. There is also a taxi service available, especially if you\u2019re<strong> with luggage<\/strong>. It won\u2019t cost you a lot, since everything is at quite a small distance. The <a href=\"https:\/\/getbybus.com\/en\/bus-from-orebic\">main bus station in <\/a><strong>Orebi\u0107 is around 1 km from the ferry terminal<\/strong>, some bus drivers from there other from the bus stop at the ferry port.<\/p>\n<h3><span class=\"ez-toc-section\" id=\"Getting_from_Orebic_to_Dubrovnik\"><\/span>Getting from Orebi\u0107 to Dubrovnik<span class=\"ez-toc-section-end\"><\/span><\/h3>\n<p>If you&#8217;re on the <a href=\"https:\/\/www.ferrycroatia.com\/en\/island-korcula\/\">island of Kor\u010dula<\/a> by car and you want to reach the airport of Dubrovnik, you will need to take a ferry in Domin\u010de to Orebi\u0107. From Orebi\u0107 you can drive up to the airport of Dubrovnik (130 km). The alternative, if you&#8217;re already staying in Orebi\u0107 is taking a bus from Orebi\u0107 to the main bus station in Dubrovnik where you take a shuttle bus to the airport.<\/p>\n<h3><span class=\"ez-toc-section\" id=\"Orebic_port_facilities\"><\/span>Orebi\u0107 port facilities<span class=\"ez-toc-section-end\"><\/span><\/h3>\n<p>As already mentioned above, the ferry terminal is located close <strong>to the town centre<\/strong>. Since Orebi\u0107 is quite a small town, everything is easily reachable on foot, so obviously, all the town\u2019s facilities are nearby: <strong>bars, restaurants, shops<\/strong>, etc.<\/p>\n<h3><span class=\"ez-toc-section\" id=\"Orebic_port_location\"><\/span>Orebi\u0107 port location<span class=\"ez-toc-section-end\"><\/span><\/h3>\n<blockquote><p>Ulica bana Josipa Jela\u010di\u0107a 36<\/p>\n<p>20250 Orebi\u0107 (Pelje\u0161ac)<\/p>\n<p style=\"text-align: justify;\"><strong>GPS co-ordinates:\u00a0<\/strong>42.97276, 17.17495<\/p>\n<\/blockquote>\n<p><a class=\"lightbox\" href=\"https:\/\/www.ferrycroatia.com\/en\/wp-content\/uploads\/2016\/07\/Orebic.jpg\"><img decoding=\"async\" loading=\"lazy\" class=\"alignnone wp-image-2563 size-full\" data-src=\"https:\/\/www.ferrycroatia.com\/en\/wp-content\/uploads\/2016\/07\/Orebic.jpg\" alt=\"ferry port Orebic\" width=\"800\" height=\"532\" data-srcset=\"https:\/\/www.ferrycroatia.com\/en\/wp-content\/uploads\/2016\/07\/Orebic.jpg 800w, https:\/\/www.ferrycroatia.com\/en\/wp-content\/uploads\/2016\/07\/Orebic-300x200.jpg 300w, https:\/\/www.ferrycroatia.com\/en\/wp-content\/uploads\/2016\/07\/Orebic-768x511.jpg 768w\" sizes=\"(max-width: 800px) 100vw, 800px\" \/><\/a><\/p>\n<h3><span class=\"ez-toc-section\" id=\"List_of_the_routes\"><\/span>List of the routes<span class=\"ez-toc-section-end\"><\/span><\/h3>\n<p>\u2192 Car ferry : Orebi\u0107 \u2013 Domin\u010de (Kor\u010dula)<\/p>\n<ul>\n<li><a href=\"https:\/\/www.ferrycroatia.com\/en\/orebic-domince\/\">Orebic &#8211; Domin\u010de (Kor\u010dula)<\/a><\/li>\n<\/ul>\n<p><span style=\"font-weight: 400;\">\u2192 Ship: Orebi\u0107 &#8211; Kor\u010dula (town)<\/span><\/p>\n<ul>\n<li>Orebic &#8211; Kor\u010dula city<\/li>\n<\/ul>\n","protected":false},"excerpt":{"rendered":"<p>Orebi\u0107 is a little town on the southwest side of the peninsula Pelje\u0161ac. It\u2019s not connected to the mainland, but only to the island of Kor\u010dula by regular ferry lines.\u00a0The ferry terminal is located a little bit towards the west from the town centre. Orebi\u0107 is connected to the ferry terminal of Domin\u010de (near Kor\u010dula [&hellip;]<\/p>\n<p><a class=\"more-link\" href=\"https:\/\/www.ferrycroatia.com\/en\/orebic-ferry-port\/\"> Continue reading&#8230;<\/a><\/p>\n","protected":false},"author":1,"featured_media":0,"parent":0,"menu_order":0,"comment_status":"closed","ping_status":"closed","template":"","meta":[],"yoast_head":"<!-- This site is optimized with the Yoast SEO plugin v19.8 - https:\/\/yoast.com\/wordpress\/plugins\/seo\/ -->\n<title>Orebi\u0107 ferry terminal, car ferry and ship departures<\/title>\n<meta name=\"description\" content=\"Ferries from Orebi\u0107 ferry port, how to reach the ferry terminal by bus or by car from other destinations in Croatia, address and facilities\" \/>\n<meta name=\"robots\" content=\"index, follow, max-snippet:-1, max-image-preview:large, max-video-preview:-1\" \/>\n<link rel=\"canonical\" href=\"https:\/\/www.ferrycroatia.com\/en\/orebic-ferry-port\/\" \/>\n<meta property=\"og:locale\" content=\"en_US\" \/>\n<meta property=\"og:type\" content=\"article\" \/>\n<meta property=\"og:title\" content=\"Orebi\u0107 ferry terminal, car ferry and ship departures\" \/>\n<meta property=\"og:description\" content=\"Ferries from Orebi\u0107 ferry port, how to reach the ferry terminal by bus or by car from other destinations in Croatia, address and facilities\" \/>\n<meta property=\"og:url\" content=\"https:\/\/www.ferrycroatia.com\/en\/orebic-ferry-port\/\" \/>\n<meta property=\"og:site_name\" content=\"Ferry Croatia\" \/>\n<meta property=\"article:modified_time\" content=\"2022-01-18T07:20:47+00:00\" \/>\n<meta property=\"og:image\" content=\"https:\/\/www.ferrycroatia.com\/en\/wp-content\/uploads\/2016\/07\/Orebic.jpg\" \/>\n<meta name=\"twitter:card\" content=\"summary_large_image\" \/>\n<meta name=\"twitter:label1\" content=\"Est. reading time\" \/>\n\t<meta name=\"twitter:data1\" content=\"2 minutes\" \/>\n<script type=\"application\/ld+json\" class=\"yoast-schema-graph\">{\"@context\":\"https:\/\/schema.org\",\"@graph\":[{\"@type\":\"WebPage\",\"@id\":\"https:\/\/www.ferrycroatia.com\/en\/orebic-ferry-port\/\",\"url\":\"https:\/\/www.ferrycroatia.com\/en\/orebic-ferry-port\/\",\"name\":\"Orebi\u0107 ferry terminal, car ferry and ship departures\",\"isPartOf\":{\"@id\":\"https:\/\/www.ferrycroatia.com\/en\/#website\"},\"datePublished\":\"2016-07-15T15:54:20+00:00\",\"dateModified\":\"2022-01-18T07:20:47+00:00\",\"description\":\"Ferries from Orebi\u0107 ferry port, how to reach the ferry terminal by bus or by car from other destinations in Croatia, address and facilities\",\"breadcrumb\":{\"@id\":\"https:\/\/www.ferrycroatia.com\/en\/orebic-ferry-port\/#breadcrumb\"},\"inLanguage\":\"en-US\",\"potentialAction\":[{\"@type\":\"ReadAction\",\"target\":[\"https:\/\/www.ferrycroatia.com\/en\/orebic-ferry-port\/\"]}]},{\"@type\":\"BreadcrumbList\",\"@id\":\"https:\/\/www.ferrycroatia.com\/en\/orebic-ferry-port\/#breadcrumb\",\"itemListElement\":[{\"@type\":\"ListItem\",\"position\":1,\"name\":\"Home\",\"item\":\"https:\/\/www.ferrycroatia.com\/en\/\"},{\"@type\":\"ListItem\",\"position\":2,\"name\":\"Orebi\u0107 ferry port\"}]},{\"@type\":\"WebSite\",\"@id\":\"https:\/\/www.ferrycroatia.com\/en\/#website\",\"url\":\"https:\/\/www.ferrycroatia.com\/en\/\",\"name\":\"Ferry Croatia\",\"description\":\"Info\u2019s and timetables - all catamarans and ferries in Croatia\",\"potentialAction\":[{\"@type\":\"SearchAction\",\"target\":{\"@type\":\"EntryPoint\",\"urlTemplate\":\"https:\/\/www.ferrycroatia.com\/en\/?s={search_term_string}\"},\"query-input\":\"required name=search_term_string\"}],\"inLanguage\":\"en-US\"}]}<\/script>\n<!-- \/ Yoast SEO plugin. -->","yoast_head_json":{"title":"Orebi\u0107 ferry terminal, car ferry and ship departures","description":"Ferries from Orebi\u0107 ferry port, how to reach the ferry terminal by bus or by car from other destinations in Croatia, address and facilities","robots":{"index":"index","follow":"follow","max-snippet":"max-snippet:-1","max-image-preview":"max-image-preview:large","max-video-preview":"max-video-preview:-1"},"canonical":"https:\/\/www.ferrycroatia.com\/en\/orebic-ferry-port\/","og_locale":"en_US","og_type":"article","og_title":"Orebi\u0107 ferry terminal, car ferry and ship departures","og_description":"Ferries from Orebi\u0107 ferry port, how to reach the ferry terminal by bus or by car from other destinations in Croatia, address and facilities","og_url":"https:\/\/www.ferrycroatia.com\/en\/orebic-ferry-port\/","og_site_name":"Ferry Croatia","article_modified_time":"2022-01-18T07:20:47+00:00","og_image":[{"url":"https:\/\/www.ferrycroatia.com\/en\/wp-content\/uploads\/2016\/07\/Orebic.jpg"}],"twitter_card":"summary_large_image","twitter_misc":{"Est. reading time":"2 minutes"},"schema":{"@context":"https:\/\/schema.org","@graph":[{"@type":"WebPage","@id":"https:\/\/www.ferrycroatia.com\/en\/orebic-ferry-port\/","url":"https:\/\/www.ferrycroatia.com\/en\/orebic-ferry-port\/","name":"Orebi\u0107 ferry terminal, car ferry and ship departures","isPartOf":{"@id":"https:\/\/www.ferrycroatia.com\/en\/#website"},"datePublished":"2016-07-15T15:54:20+00:00","dateModified":"2022-01-18T07:20:47+00:00","description":"Ferries from Orebi\u0107 ferry port, how to reach the ferry terminal by bus or by car from other destinations in Croatia, address and facilities","breadcrumb":{"@id":"https:\/\/www.ferrycroatia.com\/en\/orebic-ferry-port\/#breadcrumb"},"inLanguage":"en-US","potentialAction":[{"@type":"ReadAction","target":["https:\/\/www.ferrycroatia.com\/en\/orebic-ferry-port\/"]}]},{"@type":"BreadcrumbList","@id":"https:\/\/www.ferrycroatia.com\/en\/orebic-ferry-port\/#breadcrumb","itemListElement":[{"@type":"ListItem","position":1,"name":"Home","item":"https:\/\/www.ferrycroatia.com\/en\/"},{"@type":"ListItem","position":2,"name":"Orebi\u0107 ferry port"}]},{"@type":"WebSite","@id":"https:\/\/www.ferrycroatia.com\/en\/#website","url":"https:\/\/www.ferrycroatia.com\/en\/","name":"Ferry Croatia","description":"Info\u2019s and timetables - all catamarans and ferries in Croatia","potentialAction":[{"@type":"SearchAction","target":{"@type":"EntryPoint","urlTemplate":"https:\/\/www.ferrycroatia.com\/en\/?s={search_term_string}"},"query-input":"required name=search_term_string"}],"inLanguage":"en-US"}]}},"_links":{"self":[{"href":"https:\/\/www.ferrycroatia.com\/en\/wp-json\/wp\/v2\/pages\/258"}],"collection":[{"href":"https:\/\/www.ferrycroatia.com\/en\/wp-json\/wp\/v2\/pages"}],"about":[{"href":"https:\/\/www.ferrycroatia.com\/en\/wp-json\/wp\/v2\/types\/page"}],"author":[{"embeddable":true,"href":"https:\/\/www.ferrycroatia.com\/en\/wp-json\/wp\/v2\/users\/1"}],"replies":[{"embeddable":true,"href":"https:\/\/www.ferrycroatia.com\/en\/wp-json\/wp\/v2\/comments?post=258"}],"version-history":[{"count":11,"href":"https:\/\/www.ferrycroatia.com\/en\/wp-json\/wp\/v2\/pages\/258\/revisions"}],"predecessor-version":[{"id":7848,"href":"https:\/\/www.ferrycroatia.com\/en\/wp-json\/wp\/v2\/pages\/258\/revisions\/7848"}],"wp:attachment":[{"href":"https:\/\/www.ferrycroatia.com\/en\/wp-json\/wp\/v2\/media?parent=258"}],"curies":[{"name":"wp","href":"https:\/\/api.w.org\/{rel}","templated":true}]}}