{"id":274,"date":"2016-07-18T13:17:07","date_gmt":"2016-07-18T13:17:07","guid":{"rendered":"http:\/\/www.ferrycroatia.com\/?page_id=274"},"modified":"2022-01-18T13:31:01","modified_gmt":"2022-01-18T12:31:01","slug":"ubli-ferry-terminal","status":"publish","type":"page","link":"https:\/\/www.ferrycroatia.com\/en\/ubli-ferry-terminal\/","title":{"rendered":"Ubli ferry terminal"},"content":{"rendered":"\r\n<p>Ubli is a small town on the south-west part of the island of Lastovo.\u00a0<strong>At the same time, Ubli is the only ferry terminal<\/strong>\u00a0on the island and the only connection to the mainland and other islands. The ferry terminal itself\u00a0<strong>is located in a narrow bay which makes<\/strong>\u00a0it perfectly protected from the wind and waves, near it there\u2019s a nice promenade by the sea.<\/p><div id=\"ez-toc-container\" class=\"ez-toc-v2_0_62 counter-hierarchy ez-toc-counter ez-toc-custom ez-toc-container-direction\">\n<div class=\"ez-toc-title-container\">\n<p class=\"ez-toc-title \" >Table of Contents<\/p>\n<span class=\"ez-toc-title-toggle\"><a href=\"#\" class=\"ez-toc-pull-right ez-toc-btn ez-toc-btn-xs ez-toc-btn-default ez-toc-toggle\" aria-label=\"Toggle Table of Content\"><span class=\"ez-toc-js-icon-con\"><span class=\"\"><span class=\"eztoc-hide\" style=\"display:none;\">Toggle<\/span><span class=\"ez-toc-icon-toggle-span\"><svg style=\"fill: #070c63;color:#070c63\" xmlns=\"http:\/\/www.w3.org\/2000\/svg\" class=\"list-377408\" width=\"20px\" height=\"20px\" viewBox=\"0 0 24 24\" fill=\"none\"><path d=\"M6 6H4v2h2V6zm14 0H8v2h12V6zM4 11h2v2H4v-2zm16 0H8v2h12v-2zM4 16h2v2H4v-2zm16 0H8v2h12v-2z\" fill=\"currentColor\"><\/path><\/svg><svg style=\"fill: #070c63;color:#070c63\" class=\"arrow-unsorted-368013\" xmlns=\"http:\/\/www.w3.org\/2000\/svg\" width=\"10px\" height=\"10px\" viewBox=\"0 0 24 24\" version=\"1.2\" baseProfile=\"tiny\"><path d=\"M18.2 9.3l-6.2-6.3-6.2 6.3c-.2.2-.3.4-.3.7s.1.5.3.7c.2.2.4.3.7.3h11c.3 0 .5-.1.7-.3.2-.2.3-.5.3-.7s-.1-.5-.3-.7zM5.8 14.7l6.2 6.3 6.2-6.3c.2-.2.3-.5.3-.7s-.1-.5-.3-.7c-.2-.2-.4-.3-.7-.3h-11c-.3 0-.5.1-.7.3-.2.2-.3.5-.3.7s.1.5.3.7z\"\/><\/svg><\/span><\/span><\/span><\/a><\/span><\/div>\n<nav><ul class='ez-toc-list ez-toc-list-level-1 eztoc-toggle-hide-by-default' ><li class='ez-toc-page-1 ez-toc-heading-level-3'><a class=\"ez-toc-link ez-toc-heading-1\" href=\"https:\/\/www.ferrycroatia.com\/en\/ubli-ferry-terminal\/#Getting_to_and_from_Ubli_port\" title=\"Getting to and from Ubli port\">Getting to and from Ubli port<\/a><\/li><li class='ez-toc-page-1 ez-toc-heading-level-3'><a class=\"ez-toc-link ez-toc-heading-2\" href=\"https:\/\/www.ferrycroatia.com\/en\/ubli-ferry-terminal\/#Ubli_port_facilities\" title=\"Ubli port facilities\">Ubli port facilities<\/a><\/li><li class='ez-toc-page-1 ez-toc-heading-level-3'><a class=\"ez-toc-link ez-toc-heading-3\" href=\"https:\/\/www.ferrycroatia.com\/en\/ubli-ferry-terminal\/#Ubli_port_location\" title=\"Ubli port location\">Ubli port location<\/a><\/li><li class='ez-toc-page-1 ez-toc-heading-level-3'><a class=\"ez-toc-link ez-toc-heading-4\" href=\"https:\/\/www.ferrycroatia.com\/en\/ubli-ferry-terminal\/#List_of_the_routes\" title=\"List of the routes\">List of the routes<\/a><\/li><\/ul><\/nav><\/div>\n\r\n\r\n\r\n\r\n<h3><span class=\"ez-toc-section\" id=\"Getting_to_and_from_Ubli_port\"><\/span>Getting to and from Ubli port<span class=\"ez-toc-section-end\"><\/span><\/h3>\r\n\r\n\r\n\r\n<p>As mentioned Ubli is a very small town so no matter where you accommodation is,<strong>\u00a0<\/strong><strong>the ferry terminal is located in the walking distance<\/strong>. If you as most people are staying in Lastovo town or Pasadur you have a bus driving just after ferry arrival, and when going back of course the opposite applies.<\/p>\r\n\r\n\r\n\r\n<h3><span class=\"ez-toc-section\" id=\"Ubli_port_facilities\"><\/span>Ubli port facilities<span class=\"ez-toc-section-end\"><\/span><\/h3>\r\n\r\n\r\n\r\n<p>The ferry terminal is <strong>located right in the centre so obviously that all the town\u2019s facilities are nearby<\/strong>: bars, restaurants, shops, etc.<\/p>\r\n\r\n\r\n\r\n<h3><span class=\"ez-toc-section\" id=\"Ubli_port_location\"><\/span>Ubli port location<span class=\"ez-toc-section-end\"><\/span><\/h3>\r\n\r\n\r\n\r\n<blockquote class=\"wp-block-quote\">\r\n<p style=\"text-align: justify;\">20289 Ubli<\/p>\r\n<p style=\"text-align: justify;\"><strong>GPS CO-ORDINATES: \u00a0<\/strong>42.74612, 16.8247<\/p>\r\n<\/blockquote>\r\n\r\n\r\n\r\n<figure class=\"wp-block-image\"><img decoding=\"async\" loading=\"lazy\" class=\"alignnone wp-image-275\" data-src=\"http:\/\/www.ferrycroatia.com\/wp-content\/uploads\/2016\/06\/Ubli.jpg\" alt=\"Ubli\" width=\"800\" height=\"732\" data-srcset=\"https:\/\/www.ferrycroatia.com\/en\/wp-content\/uploads\/2016\/06\/Ubli.jpg 800w, https:\/\/www.ferrycroatia.com\/en\/wp-content\/uploads\/2016\/06\/Ubli-300x275.jpg 300w\" sizes=\"(max-width: 800px) 100vw, 800px\" \/><\/figure>\r\n\r\n\r\n\r\n<h3><span class=\"ez-toc-section\" id=\"List_of_the_routes\"><\/span>List of the routes<span class=\"ez-toc-section-end\"><\/span><\/h3>\r\n\r\n\r\n\r\n<p>\u2192 Car ferry: Split \u2013 Vela Luka (Kor\u010dula) \u2013 Ubli (Lastovo)<\/p>\r\n\r\n\r\n\r\n<ul>\r\n<li><a href=\"https:\/\/www.ferrycroatia.com\/en\/ubli-split\/\">Ubli &#8211; Split<\/a><\/li>\r\n<li><a href=\"https:\/\/www.ferrycroatia.com\/en\/ubli-vela-luka\/\">Ubli &#8211; Vela Luka<\/a><\/li>\r\n<\/ul>\r\n\r\n\r\n\r\n<p>\u2192 Catamaran: Dubrovnik-Luka \u0160ipanska-Sobra (Mljet)-Pola\u010de (Mljet)-Kor\u010dula-Ubli (Lastovo)<\/p>\r\n\r\n\r\n\r\n<ul>\r\n<li><a href=\"https:\/\/www.ferrycroatia.com\/en\/ubli-dubrovnik\/\">Ubli &#8211; Dubrovnik<\/a><\/li>\r\n<li><a href=\"https:\/\/www.ferrycroatia.com\/en\/ubli-sipanjska-luka\/\">Ubli &#8211; \u0160ipanska Luka<\/a><\/li>\r\n<li><a href=\"https:\/\/www.ferrycroatia.com\/en\/ubli-sobra\/\">Ubli &#8211; Sobra<\/a><\/li>\r\n<li><a href=\"https:\/\/ferrycroatia.com\/en\/ubli-korcula\/\">Ubli &#8211; Korcula<\/a><\/li>\r\n<\/ul>\r\n\r\n\r\n\r\n<p><span style=\"font-weight: 400;\">\u2192 Catamaran: Split \u2013 Hvar \u2013 Vela Luka (Kor\u010dula) \u2013 Ubli (Lastovo)<\/span><\/p>\r\n\r\n\r\n\r\n<ul>\r\n<li><a href=\"https:\/\/www.ferrycroatia.com\/en\/ubli-hvar\/\">Ubli &#8211; Hvar<\/a><\/li>\r\n<\/ul>\r\n","protected":false},"excerpt":{"rendered":"<p>Ubli is a small town on the south-west part of the island of Lastovo.\u00a0At the same time, Ubli is the only ferry terminal\u00a0on the island and the only connection to the mainland and other islands. The ferry terminal itself\u00a0is located in a narrow bay which makes\u00a0it perfectly protected from the wind and waves, near it [&hellip;]<\/p>\n<p><a class=\"more-link\" href=\"https:\/\/www.ferrycroatia.com\/en\/ubli-ferry-terminal\/\"> Continue reading&#8230;<\/a><\/p>\n","protected":false},"author":1,"featured_media":0,"parent":0,"menu_order":0,"comment_status":"closed","ping_status":"closed","template":"","meta":[],"yoast_head":"<!-- This site is optimized with the Yoast SEO plugin v19.8 - https:\/\/yoast.com\/wordpress\/plugins\/seo\/ -->\n<title>Ubli ferry terminal, catamaran and car ferry departures<\/title>\n<meta name=\"description\" content=\"Ferries and catamarans from Ubli ferry port, how to reach the port by bus or by car from other destinations in Croatia, address and facilities\" \/>\n<meta name=\"robots\" content=\"index, follow, max-snippet:-1, max-image-preview:large, max-video-preview:-1\" \/>\n<link rel=\"canonical\" href=\"https:\/\/www.ferrycroatia.com\/en\/ubli-ferry-terminal\/\" \/>\n<meta property=\"og:locale\" content=\"en_US\" \/>\n<meta property=\"og:type\" content=\"article\" \/>\n<meta property=\"og:title\" content=\"Ubli ferry terminal, catamaran and car ferry departures\" \/>\n<meta property=\"og:description\" content=\"Ferries and catamarans from Ubli ferry port, how to reach the port by bus or by car from other destinations in Croatia, address and facilities\" \/>\n<meta property=\"og:url\" content=\"https:\/\/www.ferrycroatia.com\/en\/ubli-ferry-terminal\/\" \/>\n<meta property=\"og:site_name\" content=\"Ferry Croatia\" \/>\n<meta property=\"article:modified_time\" content=\"2022-01-18T12:31:01+00:00\" \/>\n<meta property=\"og:image\" content=\"http:\/\/www.ferrycroatia.com\/wp-content\/uploads\/2016\/06\/Ubli.jpg\" \/>\n<meta name=\"twitter:card\" content=\"summary_large_image\" \/>\n<meta name=\"twitter:label1\" content=\"Est. reading time\" \/>\n\t<meta name=\"twitter:data1\" content=\"2 minutes\" \/>\n<script type=\"application\/ld+json\" class=\"yoast-schema-graph\">{\"@context\":\"https:\/\/schema.org\",\"@graph\":[{\"@type\":\"WebPage\",\"@id\":\"https:\/\/www.ferrycroatia.com\/en\/ubli-ferry-terminal\/\",\"url\":\"https:\/\/www.ferrycroatia.com\/en\/ubli-ferry-terminal\/\",\"name\":\"Ubli ferry terminal, catamaran and car ferry departures\",\"isPartOf\":{\"@id\":\"https:\/\/www.ferrycroatia.com\/en\/#website\"},\"datePublished\":\"2016-07-18T13:17:07+00:00\",\"dateModified\":\"2022-01-18T12:31:01+00:00\",\"description\":\"Ferries and catamarans from Ubli ferry port, how to reach the port by bus or by car from other destinations in Croatia, address and facilities\",\"breadcrumb\":{\"@id\":\"https:\/\/www.ferrycroatia.com\/en\/ubli-ferry-terminal\/#breadcrumb\"},\"inLanguage\":\"en-US\",\"potentialAction\":[{\"@type\":\"ReadAction\",\"target\":[\"https:\/\/www.ferrycroatia.com\/en\/ubli-ferry-terminal\/\"]}]},{\"@type\":\"BreadcrumbList\",\"@id\":\"https:\/\/www.ferrycroatia.com\/en\/ubli-ferry-terminal\/#breadcrumb\",\"itemListElement\":[{\"@type\":\"ListItem\",\"position\":1,\"name\":\"Home\",\"item\":\"https:\/\/www.ferrycroatia.com\/en\/\"},{\"@type\":\"ListItem\",\"position\":2,\"name\":\"Ubli ferry terminal\"}]},{\"@type\":\"WebSite\",\"@id\":\"https:\/\/www.ferrycroatia.com\/en\/#website\",\"url\":\"https:\/\/www.ferrycroatia.com\/en\/\",\"name\":\"Ferry Croatia\",\"description\":\"Info\u2019s and timetables - all catamarans and ferries in Croatia\",\"potentialAction\":[{\"@type\":\"SearchAction\",\"target\":{\"@type\":\"EntryPoint\",\"urlTemplate\":\"https:\/\/www.ferrycroatia.com\/en\/?s={search_term_string}\"},\"query-input\":\"required name=search_term_string\"}],\"inLanguage\":\"en-US\"}]}<\/script>\n<!-- \/ Yoast SEO plugin. -->","yoast_head_json":{"title":"Ubli ferry terminal, catamaran and car ferry departures","description":"Ferries and catamarans from Ubli ferry port, how to reach the port by bus or by car from other destinations in Croatia, address and facilities","robots":{"index":"index","follow":"follow","max-snippet":"max-snippet:-1","max-image-preview":"max-image-preview:large","max-video-preview":"max-video-preview:-1"},"canonical":"https:\/\/www.ferrycroatia.com\/en\/ubli-ferry-terminal\/","og_locale":"en_US","og_type":"article","og_title":"Ubli ferry terminal, catamaran and car ferry departures","og_description":"Ferries and catamarans from Ubli ferry port, how to reach the port by bus or by car from other destinations in Croatia, address and facilities","og_url":"https:\/\/www.ferrycroatia.com\/en\/ubli-ferry-terminal\/","og_site_name":"Ferry Croatia","article_modified_time":"2022-01-18T12:31:01+00:00","og_image":[{"url":"http:\/\/www.ferrycroatia.com\/wp-content\/uploads\/2016\/06\/Ubli.jpg"}],"twitter_card":"summary_large_image","twitter_misc":{"Est. reading time":"2 minutes"},"schema":{"@context":"https:\/\/schema.org","@graph":[{"@type":"WebPage","@id":"https:\/\/www.ferrycroatia.com\/en\/ubli-ferry-terminal\/","url":"https:\/\/www.ferrycroatia.com\/en\/ubli-ferry-terminal\/","name":"Ubli ferry terminal, catamaran and car ferry departures","isPartOf":{"@id":"https:\/\/www.ferrycroatia.com\/en\/#website"},"datePublished":"2016-07-18T13:17:07+00:00","dateModified":"2022-01-18T12:31:01+00:00","description":"Ferries and catamarans from Ubli ferry port, how to reach the port by bus or by car from other destinations in Croatia, address and facilities","breadcrumb":{"@id":"https:\/\/www.ferrycroatia.com\/en\/ubli-ferry-terminal\/#breadcrumb"},"inLanguage":"en-US","potentialAction":[{"@type":"ReadAction","target":["https:\/\/www.ferrycroatia.com\/en\/ubli-ferry-terminal\/"]}]},{"@type":"BreadcrumbList","@id":"https:\/\/www.ferrycroatia.com\/en\/ubli-ferry-terminal\/#breadcrumb","itemListElement":[{"@type":"ListItem","position":1,"name":"Home","item":"https:\/\/www.ferrycroatia.com\/en\/"},{"@type":"ListItem","position":2,"name":"Ubli ferry terminal"}]},{"@type":"WebSite","@id":"https:\/\/www.ferrycroatia.com\/en\/#website","url":"https:\/\/www.ferrycroatia.com\/en\/","name":"Ferry Croatia","description":"Info\u2019s and timetables - all catamarans and ferries in Croatia","potentialAction":[{"@type":"SearchAction","target":{"@type":"EntryPoint","urlTemplate":"https:\/\/www.ferrycroatia.com\/en\/?s={search_term_string}"},"query-input":"required name=search_term_string"}],"inLanguage":"en-US"}]}},"_links":{"self":[{"href":"https:\/\/www.ferrycroatia.com\/en\/wp-json\/wp\/v2\/pages\/274"}],"collection":[{"href":"https:\/\/www.ferrycroatia.com\/en\/wp-json\/wp\/v2\/pages"}],"about":[{"href":"https:\/\/www.ferrycroatia.com\/en\/wp-json\/wp\/v2\/types\/page"}],"author":[{"embeddable":true,"href":"https:\/\/www.ferrycroatia.com\/en\/wp-json\/wp\/v2\/users\/1"}],"replies":[{"embeddable":true,"href":"https:\/\/www.ferrycroatia.com\/en\/wp-json\/wp\/v2\/comments?post=274"}],"version-history":[{"count":21,"href":"https:\/\/www.ferrycroatia.com\/en\/wp-json\/wp\/v2\/pages\/274\/revisions"}],"predecessor-version":[{"id":7915,"href":"https:\/\/www.ferrycroatia.com\/en\/wp-json\/wp\/v2\/pages\/274\/revisions\/7915"}],"wp:attachment":[{"href":"https:\/\/www.ferrycroatia.com\/en\/wp-json\/wp\/v2\/media?parent=274"}],"curies":[{"name":"wp","href":"https:\/\/api.w.org\/{rel}","templated":true}]}}