{"id":277,"date":"2016-07-15T15:39:02","date_gmt":"2016-07-15T15:39:02","guid":{"rendered":"http:\/\/www.ferrycroatia.com\/?page_id=277"},"modified":"2022-01-18T07:22:37","modified_gmt":"2022-01-18T06:22:37","slug":"lopud-ferry-port","status":"publish","type":"page","link":"https:\/\/www.ferrycroatia.com\/en\/lopud-ferry-port\/","title":{"rendered":"Lopud ferry port"},"content":{"rendered":"\r\n<p>Lopud is one of three inhabited islands located near the city of Dubrovnik.\u00a0<strong>The town is located on the northwestern side of the island<\/strong>\u00a0and the ferry terminal of Lopud, in the end of a wide bay, is located in a very centre of the town.\u00a0<strong>Once you\u2019re in Lopud<\/strong>, you most probably wish to spend a peaceful holiday, so you can stay there and enjoy town and island\u2019s hidden beauties, you can also visit the islands of \u0160ipan and Kolo\u010dep or you can go back to the mainland and<strong>\u00a0<\/strong><strong>explore the exciting city of Dubrovnik<\/strong>.<\/p><div id=\"ez-toc-container\" class=\"ez-toc-v2_0_62 counter-hierarchy ez-toc-counter ez-toc-custom ez-toc-container-direction\">\n<div class=\"ez-toc-title-container\">\n<p class=\"ez-toc-title \" >Table of Contents<\/p>\n<span class=\"ez-toc-title-toggle\"><a href=\"#\" class=\"ez-toc-pull-right ez-toc-btn ez-toc-btn-xs ez-toc-btn-default ez-toc-toggle\" aria-label=\"Toggle Table of Content\"><span class=\"ez-toc-js-icon-con\"><span class=\"\"><span class=\"eztoc-hide\" style=\"display:none;\">Toggle<\/span><span class=\"ez-toc-icon-toggle-span\"><svg style=\"fill: #070c63;color:#070c63\" xmlns=\"http:\/\/www.w3.org\/2000\/svg\" class=\"list-377408\" width=\"20px\" height=\"20px\" viewBox=\"0 0 24 24\" fill=\"none\"><path d=\"M6 6H4v2h2V6zm14 0H8v2h12V6zM4 11h2v2H4v-2zm16 0H8v2h12v-2zM4 16h2v2H4v-2zm16 0H8v2h12v-2z\" fill=\"currentColor\"><\/path><\/svg><svg style=\"fill: #070c63;color:#070c63\" class=\"arrow-unsorted-368013\" xmlns=\"http:\/\/www.w3.org\/2000\/svg\" width=\"10px\" height=\"10px\" viewBox=\"0 0 24 24\" version=\"1.2\" baseProfile=\"tiny\"><path d=\"M18.2 9.3l-6.2-6.3-6.2 6.3c-.2.2-.3.4-.3.7s.1.5.3.7c.2.2.4.3.7.3h11c.3 0 .5-.1.7-.3.2-.2.3-.5.3-.7s-.1-.5-.3-.7zM5.8 14.7l6.2 6.3 6.2-6.3c.2-.2.3-.5.3-.7s-.1-.5-.3-.7c-.2-.2-.4-.3-.7-.3h-11c-.3 0-.5.1-.7.3-.2.2-.3.5-.3.7s.1.5.3.7z\"\/><\/svg><\/span><\/span><\/span><\/a><\/span><\/div>\n<nav><ul class='ez-toc-list ez-toc-list-level-1 eztoc-toggle-hide-by-default' ><li class='ez-toc-page-1 ez-toc-heading-level-3'><a class=\"ez-toc-link ez-toc-heading-1\" href=\"https:\/\/www.ferrycroatia.com\/en\/lopud-ferry-port\/#Getting_from_Lopud_port_to_Dubrovnik_Airport\" title=\"Getting from Lopud port to Dubrovnik Airport\">Getting from Lopud port to Dubrovnik Airport<\/a><\/li><li class='ez-toc-page-1 ez-toc-heading-level-3'><a class=\"ez-toc-link ez-toc-heading-2\" href=\"https:\/\/www.ferrycroatia.com\/en\/lopud-ferry-port\/#Lopud_port_facilities\" title=\"Lopud port facilities\">Lopud port facilities<\/a><\/li><li class='ez-toc-page-1 ez-toc-heading-level-3'><a class=\"ez-toc-link ez-toc-heading-3\" href=\"https:\/\/www.ferrycroatia.com\/en\/lopud-ferry-port\/#Lopud_port_location\" title=\"Lopud port location\">Lopud port location<\/a><\/li><li class='ez-toc-page-1 ez-toc-heading-level-3'><a class=\"ez-toc-link ez-toc-heading-4\" href=\"https:\/\/www.ferrycroatia.com\/en\/lopud-ferry-port\/#List_of_routes\" title=\"List of routes\">List of routes<\/a><\/li><\/ul><\/nav><\/div>\n\r\n\r\n\r\n\r\n<p>Since Lopud is a really small island town,\u00a0<strong>no matter where your accommodation is<\/strong>, the ferry terminal is easily reachable on foot.<\/p>\r\n\r\n\r\n\r\n<h3><span class=\"ez-toc-section\" id=\"Getting_from_Lopud_port_to_Dubrovnik_Airport\"><\/span>Getting from Lopud port to Dubrovnik Airport<span class=\"ez-toc-section-end\"><\/span><\/h3>\r\n\r\n\r\n\r\n<p>The nearest airport is the airport of Dubrovnik at around\u00a0<strong>22 km from the <a href=\"https:\/\/www.ferrycroatia.com\/en\/dubrovnik-ferry-port\/\">ferry terminal in Dubrovnik<\/a><\/strong>. Once you get off the ferry in Dubrovnik, it won&#8217;t be hard for you to find the bus station since it&#8217;s very close. That&#8217;s where you take a shuttle bus to the airport. The ticket is around 40 kn = a little bit more than 5 euros and the trip lasts\u00a030 &#8211; 40 minutes.<\/p>\r\n\r\n\r\n\r\n<p>The alternative, especially if you&#8217;re with luggage and you want to avoid all the hassle, is to take a taxi or a private transfer up to the airport.<\/p>\r\n\r\n\r\n\r\n<h3><span class=\"ez-toc-section\" id=\"Lopud_port_facilities\"><\/span>Lopud port facilities<span class=\"ez-toc-section-end\"><\/span><\/h3>\r\n\r\n\r\n\r\n<p>As I have already mentioned above, Lopud is a small island town\u00a0<strong>where the ferry terminal is located in a very centre of the town<\/strong>. All the town\u2019s facilities are nearby: bars, restaurants, shops, etc.<\/p>\r\n\r\n\r\n\r\n<h3><span class=\"ez-toc-section\" id=\"Lopud_port_location\"><\/span>Lopud port location<span class=\"ez-toc-section-end\"><\/span><\/h3>\r\n\r\n\r\n\r\n<blockquote class=\"wp-block-quote\">\r\n<p style=\"text-align: justify;\">20222 Lopud (Lopud)<\/p>\r\n<p style=\"text-align: justify;\"><strong>GPS CO-ORDINATES:\u00a0<\/strong>42.69054, 17.94133<\/p>\r\n<\/blockquote>\r\n\r\n\r\n\r\n<figure class=\"wp-block-image\"><a class=\"lightbox\" href=\"https:\/\/www.ferrycroatia.com\/en\/wp-content\/uploads\/2016\/06\/Lopud.jpg\"><img decoding=\"async\" loading=\"lazy\" class=\"alignnone wp-image-278\" data-src=\"https:\/\/www.ferrycroatia.com\/en\/wp-content\/uploads\/2016\/06\/Lopud.jpg\" alt=\"Lopud port\" width=\"800\" height=\"598\" data-srcset=\"https:\/\/www.ferrycroatia.com\/en\/wp-content\/uploads\/2016\/06\/Lopud.jpg 800w, https:\/\/www.ferrycroatia.com\/en\/wp-content\/uploads\/2016\/06\/Lopud-300x224.jpg 300w\" sizes=\"(max-width: 800px) 100vw, 800px\" \/><\/a><\/figure>\r\n\r\n\r\n\r\n<h3><span class=\"ez-toc-section\" id=\"List_of_routes\"><\/span>List of routes<span class=\"ez-toc-section-end\"><\/span><\/h3>\r\n\r\n\r\n\r\n<p>Car ferry: Dubrovnik-Lopud-Su\u0111ura\u0111 (\u0160ipan)<\/p>\r\n\r\n\r\n\r\n<ul>\r\n<li><a href=\"https:\/\/www.ferrycroatia.com\/en\/lopud-dubrovnik\/\">Lopud &#8211; Dubrovnik<\/a><\/li>\r\n<li><a href=\"https:\/\/www.ferrycroatia.com\/en\/lopud-sudurad\/\">Lopud &#8211; Su\u0111ura\u0111 (\u0160ipan)<\/a><\/li>\r\n<\/ul>\r\n\r\n\r\n\r\n<p><span style=\"font-weight: 400;\">Ship: Dubrovnik-Kolo\u010dep-Lopud-Su\u0111ura\u0111 (\u0160ipan)<\/span><\/p>\r\n\r\n\r\n\r\n<ul>\r\n<li><a href=\"https:\/\/www.ferrycroatia.com\/en\/lopud-kolocep\/\">Lopud &#8211; Kolo\u010dep<\/a><\/li>\r\n<\/ul>\r\n","protected":false},"excerpt":{"rendered":"<p>Lopud is one of three inhabited islands located near the city of Dubrovnik.\u00a0The town is located on the northwestern side of the island\u00a0and the ferry terminal of Lopud, in the end of a wide bay, is located in a very centre of the town.\u00a0Once you\u2019re in Lopud, you most probably wish to spend a peaceful [&hellip;]<\/p>\n<p><a class=\"more-link\" href=\"https:\/\/www.ferrycroatia.com\/en\/lopud-ferry-port\/\"> Continue reading&#8230;<\/a><\/p>\n","protected":false},"author":1,"featured_media":0,"parent":0,"menu_order":0,"comment_status":"closed","ping_status":"closed","template":"","meta":[],"yoast_head":"<!-- This site is optimized with the Yoast SEO plugin v19.8 - https:\/\/yoast.com\/wordpress\/plugins\/seo\/ -->\n<title>Lopud ferry terminal, ship and car ferry departures<\/title>\n<meta name=\"description\" content=\"Ferries and ships from Lopud ferry port, how to reach the port by bus or by car from other destinations in Croatia, address and facilities\" \/>\n<meta name=\"robots\" content=\"index, follow, max-snippet:-1, max-image-preview:large, max-video-preview:-1\" \/>\n<link rel=\"canonical\" href=\"https:\/\/www.ferrycroatia.com\/en\/lopud-ferry-port\/\" \/>\n<meta property=\"og:locale\" content=\"en_US\" \/>\n<meta property=\"og:type\" content=\"article\" \/>\n<meta property=\"og:title\" content=\"Lopud ferry terminal, ship and car ferry departures\" \/>\n<meta property=\"og:description\" content=\"Ferries and ships from Lopud ferry port, how to reach the port by bus or by car from other destinations in Croatia, address and facilities\" \/>\n<meta property=\"og:url\" content=\"https:\/\/www.ferrycroatia.com\/en\/lopud-ferry-port\/\" \/>\n<meta property=\"og:site_name\" content=\"Ferry Croatia\" \/>\n<meta property=\"article:modified_time\" content=\"2022-01-18T06:22:37+00:00\" \/>\n<meta property=\"og:image\" content=\"https:\/\/www.ferrycroatia.com\/en\/wp-content\/uploads\/2016\/06\/Lopud.jpg\" \/>\n<meta name=\"twitter:card\" content=\"summary_large_image\" \/>\n<meta name=\"twitter:label1\" content=\"Est. reading time\" \/>\n\t<meta name=\"twitter:data1\" content=\"2 minutes\" \/>\n<script type=\"application\/ld+json\" class=\"yoast-schema-graph\">{\"@context\":\"https:\/\/schema.org\",\"@graph\":[{\"@type\":\"WebPage\",\"@id\":\"https:\/\/www.ferrycroatia.com\/en\/lopud-ferry-port\/\",\"url\":\"https:\/\/www.ferrycroatia.com\/en\/lopud-ferry-port\/\",\"name\":\"Lopud ferry terminal, ship and car ferry departures\",\"isPartOf\":{\"@id\":\"https:\/\/www.ferrycroatia.com\/en\/#website\"},\"datePublished\":\"2016-07-15T15:39:02+00:00\",\"dateModified\":\"2022-01-18T06:22:37+00:00\",\"description\":\"Ferries and ships from Lopud ferry port, how to reach the port by bus or by car from other destinations in Croatia, address and facilities\",\"breadcrumb\":{\"@id\":\"https:\/\/www.ferrycroatia.com\/en\/lopud-ferry-port\/#breadcrumb\"},\"inLanguage\":\"en-US\",\"potentialAction\":[{\"@type\":\"ReadAction\",\"target\":[\"https:\/\/www.ferrycroatia.com\/en\/lopud-ferry-port\/\"]}]},{\"@type\":\"BreadcrumbList\",\"@id\":\"https:\/\/www.ferrycroatia.com\/en\/lopud-ferry-port\/#breadcrumb\",\"itemListElement\":[{\"@type\":\"ListItem\",\"position\":1,\"name\":\"Home\",\"item\":\"https:\/\/www.ferrycroatia.com\/en\/\"},{\"@type\":\"ListItem\",\"position\":2,\"name\":\"Lopud ferry port\"}]},{\"@type\":\"WebSite\",\"@id\":\"https:\/\/www.ferrycroatia.com\/en\/#website\",\"url\":\"https:\/\/www.ferrycroatia.com\/en\/\",\"name\":\"Ferry Croatia\",\"description\":\"Info\u2019s and timetables - all catamarans and ferries in Croatia\",\"potentialAction\":[{\"@type\":\"SearchAction\",\"target\":{\"@type\":\"EntryPoint\",\"urlTemplate\":\"https:\/\/www.ferrycroatia.com\/en\/?s={search_term_string}\"},\"query-input\":\"required name=search_term_string\"}],\"inLanguage\":\"en-US\"}]}<\/script>\n<!-- \/ Yoast SEO plugin. -->","yoast_head_json":{"title":"Lopud ferry terminal, ship and car ferry departures","description":"Ferries and ships from Lopud ferry port, how to reach the port by bus or by car from other destinations in Croatia, address and facilities","robots":{"index":"index","follow":"follow","max-snippet":"max-snippet:-1","max-image-preview":"max-image-preview:large","max-video-preview":"max-video-preview:-1"},"canonical":"https:\/\/www.ferrycroatia.com\/en\/lopud-ferry-port\/","og_locale":"en_US","og_type":"article","og_title":"Lopud ferry terminal, ship and car ferry departures","og_description":"Ferries and ships from Lopud ferry port, how to reach the port by bus or by car from other destinations in Croatia, address and facilities","og_url":"https:\/\/www.ferrycroatia.com\/en\/lopud-ferry-port\/","og_site_name":"Ferry Croatia","article_modified_time":"2022-01-18T06:22:37+00:00","og_image":[{"url":"https:\/\/www.ferrycroatia.com\/en\/wp-content\/uploads\/2016\/06\/Lopud.jpg"}],"twitter_card":"summary_large_image","twitter_misc":{"Est. reading time":"2 minutes"},"schema":{"@context":"https:\/\/schema.org","@graph":[{"@type":"WebPage","@id":"https:\/\/www.ferrycroatia.com\/en\/lopud-ferry-port\/","url":"https:\/\/www.ferrycroatia.com\/en\/lopud-ferry-port\/","name":"Lopud ferry terminal, ship and car ferry departures","isPartOf":{"@id":"https:\/\/www.ferrycroatia.com\/en\/#website"},"datePublished":"2016-07-15T15:39:02+00:00","dateModified":"2022-01-18T06:22:37+00:00","description":"Ferries and ships from Lopud ferry port, how to reach the port by bus or by car from other destinations in Croatia, address and facilities","breadcrumb":{"@id":"https:\/\/www.ferrycroatia.com\/en\/lopud-ferry-port\/#breadcrumb"},"inLanguage":"en-US","potentialAction":[{"@type":"ReadAction","target":["https:\/\/www.ferrycroatia.com\/en\/lopud-ferry-port\/"]}]},{"@type":"BreadcrumbList","@id":"https:\/\/www.ferrycroatia.com\/en\/lopud-ferry-port\/#breadcrumb","itemListElement":[{"@type":"ListItem","position":1,"name":"Home","item":"https:\/\/www.ferrycroatia.com\/en\/"},{"@type":"ListItem","position":2,"name":"Lopud ferry port"}]},{"@type":"WebSite","@id":"https:\/\/www.ferrycroatia.com\/en\/#website","url":"https:\/\/www.ferrycroatia.com\/en\/","name":"Ferry Croatia","description":"Info\u2019s and timetables - all catamarans and ferries in Croatia","potentialAction":[{"@type":"SearchAction","target":{"@type":"EntryPoint","urlTemplate":"https:\/\/www.ferrycroatia.com\/en\/?s={search_term_string}"},"query-input":"required name=search_term_string"}],"inLanguage":"en-US"}]}},"_links":{"self":[{"href":"https:\/\/www.ferrycroatia.com\/en\/wp-json\/wp\/v2\/pages\/277"}],"collection":[{"href":"https:\/\/www.ferrycroatia.com\/en\/wp-json\/wp\/v2\/pages"}],"about":[{"href":"https:\/\/www.ferrycroatia.com\/en\/wp-json\/wp\/v2\/types\/page"}],"author":[{"embeddable":true,"href":"https:\/\/www.ferrycroatia.com\/en\/wp-json\/wp\/v2\/users\/1"}],"replies":[{"embeddable":true,"href":"https:\/\/www.ferrycroatia.com\/en\/wp-json\/wp\/v2\/comments?post=277"}],"version-history":[{"count":13,"href":"https:\/\/www.ferrycroatia.com\/en\/wp-json\/wp\/v2\/pages\/277\/revisions"}],"predecessor-version":[{"id":7826,"href":"https:\/\/www.ferrycroatia.com\/en\/wp-json\/wp\/v2\/pages\/277\/revisions\/7826"}],"wp:attachment":[{"href":"https:\/\/www.ferrycroatia.com\/en\/wp-json\/wp\/v2\/media?parent=277"}],"curies":[{"name":"wp","href":"https:\/\/api.w.org\/{rel}","templated":true}]}}