{"id":3454,"date":"2020-04-28T09:26:21","date_gmt":"2020-04-28T09:26:21","guid":{"rendered":"http:\/\/www.ferrycroatia.com\/en\/?page_id=3454"},"modified":"2022-12-02T12:16:32","modified_gmt":"2022-12-02T11:16:32","slug":"island-iz","status":"publish","type":"page","link":"https:\/\/www.ferrycroatia.com\/en\/island-iz\/","title":{"rendered":"Island Iz"},"content":{"rendered":"\r\n<p>The <strong>I<\/strong><strong>sland I\u017e is a small island in the Zadar archipelago<\/strong>, it is located about 10 km air distance and 20 km sailing distance from Zadar.\u00a0 The Island which has a whole year population of fewer than 700 people, is a popular destination for sailing boats. The 18 km2 large Island is about 12 km long and 1.5 km wide.<\/p>\r\n\r\n\r\n\r\n<p>The<strong> main settlement on the island is Veli I\u017e<\/strong>, the second most important settlement is Mali I\u017e, additionally, the following small settlements can be found on the island, Drage near Veli I\u017e and Mu\u0107e, Makovac, Kne\u017e, Porovac, Dolinje <strong>near Mali I\u017e<\/strong>. All are located on the east coast <strong>towards Island Ugljan<\/strong>.<\/p>\r\n\r\n\r\n\r\n<h2>Getting to Island I\u017e<\/h2>\r\n\r\n\r\n\r\n<p>Island I\u017e is <strong>connected to Zadar on the mainland<\/strong> year-round, additionally, there is a whole-year <strong>connection to Rava Island<\/strong>, which is located west of I\u017e.<\/p>\r\n\r\n\r\n\r\n<p>The connection to the Island consists of a <strong>car ferry and a fast ferry\/catamaran<\/strong>.<\/p>\r\n\r\n\r\n\r\n<p>The car ferry sail <strong>between Zadar(Ga\u017eenica) and the<a href=\"https:\/\/www.ferrycroatia.com\/en\/brsanj-ferry-port\/\"> port Br\u0161anj<\/a><\/strong>, which is located southeast on the Island I\u017e, the car ferry operates daily, during the summer season some weekdays have two departures. The <strong>car ferry<\/strong> has a sailing time of 1 hour and 15 minutes, timetable and tickets from <a href=\"https:\/\/www.ferrycroatia.com\/en\/zadar-brsanj\/\">Zadar(Ga\u017eenica) to Br\u0161anj.<\/a><\/p>\r\n\r\n\r\n\r\n<p>The <strong>Catamaran<\/strong> which also operates year-round, sails between <strong>Zadar (old town) and <a href=\"https:\/\/www.ferrycroatia.com\/en\/mali-iz-catamaran-port\/\">Mali I\u017e<\/a><\/strong> and continues from there on to <a href=\"https:\/\/www.ferrycroatia.com\/en\/veli-iz-catamaran-port\/\">Veli I\u017e<\/a>, after the two stops at Island I\u017e the catamaran continues to Island Rava.<\/p>\r\n\r\n\r\n\r\n<p><a href=\"https:\/\/www.ferrycroatia.com\/en\/zadar-mali-iz\/\">Timetable between Zadar and Mali I\u017e<\/a><\/p>\r\n\r\n\r\n\r\n<p><a href=\"https:\/\/www.ferrycroatia.com\/en\/zadar-veli-iz\/\">Timetable between Zadar and Veli I\u017e<\/a><\/p>\r\n\r\n\r\n\r\n<p>The sailing time of the catamaran from <strong>Zadar to Mail I\u017e is 35 minutes<\/strong>, between Zadar and Veli I\u017e the sailing time is 55 minutes.<\/p>\r\n\r\n\r\n\r\n<h2>Prices ferry Zadar to Island I\u017e<\/h2>\r\n\r\n\r\n\r\n<p>Getting to I\u017e is <strong>quite affordable<\/strong>, a one-way adult ticket from Zadar to Mali or Veli I\u017e, costs about <strong>40 kuna in the main season<\/strong>, 30 kuna in the shoulder season and 20 kuna in the winter season.<\/p>\r\n\r\n\r\n\r\n<p>A one-way ticket with the <strong>car ferry from Zadar to Br\u0161anj cost 24 Kuna<\/strong> in the summer season and 20 Kuna in the winter season, the transportation of a regular vehicle cost 130 Kuna one way, prices for other vehicle types you can see here:<\/p>\r\n\r\n\r\n\r\n<figure class=\"wp-block-image size-large\"><img decoding=\"async\" loading=\"lazy\" class=\"alignnone wp-image-7712\" data-src=\"https:\/\/www.ferrycroatia.com\/en\/wp-content\/uploads\/2022\/01\/Zadar-Brsanj-Pricelist-2022.jpg\" alt=\"Island Iz - Ferry Price 2022\" width=\"631\" height=\"882\" data-srcset=\"https:\/\/www.ferrycroatia.com\/en\/wp-content\/uploads\/2022\/01\/Zadar-Brsanj-Pricelist-2022.jpg 631w, https:\/\/www.ferrycroatia.com\/en\/wp-content\/uploads\/2022\/01\/Zadar-Brsanj-Pricelist-2022-215x300.jpg 215w\" sizes=\"(max-width: 631px) 100vw, 631px\" \/><\/figure>\r\n","protected":false},"excerpt":{"rendered":"<p>The Island I\u017e is a small island in the Zadar archipelago, it is located about 10 km air distance and 20 km sailing distance from Zadar.\u00a0 The Island which has a whole year population of fewer than 700 people, is a popular destination for sailing boats. The 18 km2 large Island is about 12 km [&hellip;]<\/p>\n<p><a class=\"more-link\" href=\"https:\/\/www.ferrycroatia.com\/en\/island-iz\/\"> Continue reading&#8230;<\/a><\/p>\n","protected":false},"author":1,"featured_media":0,"parent":0,"menu_order":0,"comment_status":"closed","ping_status":"closed","template":"","meta":[],"yoast_head":"<!-- This site is optimized with the Yoast SEO plugin v19.8 - https:\/\/yoast.com\/wordpress\/plugins\/seo\/ -->\n<title>Iz Island Croatia - Guide with all you need to know about Iz Island<\/title>\n<meta name=\"description\" content=\"Iz Island Guide by locals with helpful information about the island, how to get there and what to see and do on Iz Island\" \/>\n<meta name=\"robots\" content=\"index, follow, max-snippet:-1, max-image-preview:large, max-video-preview:-1\" \/>\n<link rel=\"canonical\" href=\"https:\/\/www.ferrycroatia.com\/en\/island-iz\/\" \/>\n<meta property=\"og:locale\" content=\"en_US\" \/>\n<meta property=\"og:type\" content=\"article\" \/>\n<meta property=\"og:title\" content=\"Iz Island Croatia - Guide with all you need to know about Iz Island\" \/>\n<meta property=\"og:description\" content=\"Iz Island Guide by locals with helpful information about the island, how to get there and what to see and do on Iz Island\" \/>\n<meta property=\"og:url\" content=\"https:\/\/www.ferrycroatia.com\/en\/island-iz\/\" \/>\n<meta property=\"og:site_name\" content=\"Ferry Croatia\" \/>\n<meta property=\"article:modified_time\" content=\"2022-12-02T11:16:32+00:00\" \/>\n<meta property=\"og:image\" content=\"https:\/\/www.ferrycroatia.com\/en\/wp-content\/uploads\/2022\/01\/Zadar-Brsanj-Pricelist-2022.jpg\" \/>\n<meta name=\"twitter:card\" content=\"summary_large_image\" \/>\n<meta name=\"twitter:label1\" content=\"Est. reading time\" \/>\n\t<meta name=\"twitter:data1\" content=\"2 minutes\" \/>\n<script type=\"application\/ld+json\" class=\"yoast-schema-graph\">{\"@context\":\"https:\/\/schema.org\",\"@graph\":[{\"@type\":\"WebPage\",\"@id\":\"https:\/\/www.ferrycroatia.com\/en\/island-iz\/\",\"url\":\"https:\/\/www.ferrycroatia.com\/en\/island-iz\/\",\"name\":\"Iz Island Croatia - Guide with all you need to know about Iz Island\",\"isPartOf\":{\"@id\":\"https:\/\/www.ferrycroatia.com\/en\/#website\"},\"datePublished\":\"2020-04-28T09:26:21+00:00\",\"dateModified\":\"2022-12-02T11:16:32+00:00\",\"description\":\"Iz Island Guide by locals with helpful information about the island, how to get there and what to see and do on Iz Island\",\"breadcrumb\":{\"@id\":\"https:\/\/www.ferrycroatia.com\/en\/island-iz\/#breadcrumb\"},\"inLanguage\":\"en-US\",\"potentialAction\":[{\"@type\":\"ReadAction\",\"target\":[\"https:\/\/www.ferrycroatia.com\/en\/island-iz\/\"]}]},{\"@type\":\"BreadcrumbList\",\"@id\":\"https:\/\/www.ferrycroatia.com\/en\/island-iz\/#breadcrumb\",\"itemListElement\":[{\"@type\":\"ListItem\",\"position\":1,\"name\":\"Home\",\"item\":\"https:\/\/www.ferrycroatia.com\/en\/\"},{\"@type\":\"ListItem\",\"position\":2,\"name\":\"Island Iz\"}]},{\"@type\":\"WebSite\",\"@id\":\"https:\/\/www.ferrycroatia.com\/en\/#website\",\"url\":\"https:\/\/www.ferrycroatia.com\/en\/\",\"name\":\"Ferry Croatia\",\"description\":\"Info\u2019s and timetables - all catamarans and ferries in Croatia\",\"potentialAction\":[{\"@type\":\"SearchAction\",\"target\":{\"@type\":\"EntryPoint\",\"urlTemplate\":\"https:\/\/www.ferrycroatia.com\/en\/?s={search_term_string}\"},\"query-input\":\"required name=search_term_string\"}],\"inLanguage\":\"en-US\"}]}<\/script>\n<!-- \/ Yoast SEO plugin. -->","yoast_head_json":{"title":"Iz Island Croatia - Guide with all you need to know about Iz Island","description":"Iz Island Guide by locals with helpful information about the island, how to get there and what to see and do on Iz Island","robots":{"index":"index","follow":"follow","max-snippet":"max-snippet:-1","max-image-preview":"max-image-preview:large","max-video-preview":"max-video-preview:-1"},"canonical":"https:\/\/www.ferrycroatia.com\/en\/island-iz\/","og_locale":"en_US","og_type":"article","og_title":"Iz Island Croatia - Guide with all you need to know about Iz Island","og_description":"Iz Island Guide by locals with helpful information about the island, how to get there and what to see and do on Iz Island","og_url":"https:\/\/www.ferrycroatia.com\/en\/island-iz\/","og_site_name":"Ferry Croatia","article_modified_time":"2022-12-02T11:16:32+00:00","og_image":[{"url":"https:\/\/www.ferrycroatia.com\/en\/wp-content\/uploads\/2022\/01\/Zadar-Brsanj-Pricelist-2022.jpg"}],"twitter_card":"summary_large_image","twitter_misc":{"Est. reading time":"2 minutes"},"schema":{"@context":"https:\/\/schema.org","@graph":[{"@type":"WebPage","@id":"https:\/\/www.ferrycroatia.com\/en\/island-iz\/","url":"https:\/\/www.ferrycroatia.com\/en\/island-iz\/","name":"Iz Island Croatia - Guide with all you need to know about Iz Island","isPartOf":{"@id":"https:\/\/www.ferrycroatia.com\/en\/#website"},"datePublished":"2020-04-28T09:26:21+00:00","dateModified":"2022-12-02T11:16:32+00:00","description":"Iz Island Guide by locals with helpful information about the island, how to get there and what to see and do on Iz Island","breadcrumb":{"@id":"https:\/\/www.ferrycroatia.com\/en\/island-iz\/#breadcrumb"},"inLanguage":"en-US","potentialAction":[{"@type":"ReadAction","target":["https:\/\/www.ferrycroatia.com\/en\/island-iz\/"]}]},{"@type":"BreadcrumbList","@id":"https:\/\/www.ferrycroatia.com\/en\/island-iz\/#breadcrumb","itemListElement":[{"@type":"ListItem","position":1,"name":"Home","item":"https:\/\/www.ferrycroatia.com\/en\/"},{"@type":"ListItem","position":2,"name":"Island Iz"}]},{"@type":"WebSite","@id":"https:\/\/www.ferrycroatia.com\/en\/#website","url":"https:\/\/www.ferrycroatia.com\/en\/","name":"Ferry Croatia","description":"Info\u2019s and timetables - all catamarans and ferries in Croatia","potentialAction":[{"@type":"SearchAction","target":{"@type":"EntryPoint","urlTemplate":"https:\/\/www.ferrycroatia.com\/en\/?s={search_term_string}"},"query-input":"required name=search_term_string"}],"inLanguage":"en-US"}]}},"_links":{"self":[{"href":"https:\/\/www.ferrycroatia.com\/en\/wp-json\/wp\/v2\/pages\/3454"}],"collection":[{"href":"https:\/\/www.ferrycroatia.com\/en\/wp-json\/wp\/v2\/pages"}],"about":[{"href":"https:\/\/www.ferrycroatia.com\/en\/wp-json\/wp\/v2\/types\/page"}],"author":[{"embeddable":true,"href":"https:\/\/www.ferrycroatia.com\/en\/wp-json\/wp\/v2\/users\/1"}],"replies":[{"embeddable":true,"href":"https:\/\/www.ferrycroatia.com\/en\/wp-json\/wp\/v2\/comments?post=3454"}],"version-history":[{"count":15,"href":"https:\/\/www.ferrycroatia.com\/en\/wp-json\/wp\/v2\/pages\/3454\/revisions"}],"predecessor-version":[{"id":8820,"href":"https:\/\/www.ferrycroatia.com\/en\/wp-json\/wp\/v2\/pages\/3454\/revisions\/8820"}],"wp:attachment":[{"href":"https:\/\/www.ferrycroatia.com\/en\/wp-json\/wp\/v2\/media?parent=3454"}],"curies":[{"name":"wp","href":"https:\/\/api.w.org\/{rel}","templated":true}]}}