{"id":3587,"date":"2020-05-07T15:42:25","date_gmt":"2020-05-07T15:42:25","guid":{"rendered":"http:\/\/www.ferrycroatia.com\/en\/?page_id=3587"},"modified":"2022-12-02T11:57:44","modified_gmt":"2022-12-02T10:57:44","slug":"island-lopud","status":"publish","type":"page","link":"https:\/\/www.ferrycroatia.com\/en\/island-lopud\/","title":{"rendered":"Island Lopud"},"content":{"rendered":"\r\n<p>The <strong>Island Lopud<\/strong> is the middle of the <strong>3 Elaphiti Islands<\/strong> located north of Dubrovnik, the Island is a great place for a <strong>totally relaxing holiday<\/strong>. The Island has only about 250 whole year residents, but in the summer month, this number increases considerably with people staying in the many apartments, <strong>the Lafodia Resort hotel<\/strong>, or one of the other small hotels on the Island.<\/p><div id=\"ez-toc-container\" class=\"ez-toc-v2_0_62 counter-hierarchy ez-toc-counter ez-toc-custom ez-toc-container-direction\">\n<div class=\"ez-toc-title-container\">\n<p class=\"ez-toc-title \" >Table of Contents<\/p>\n<span class=\"ez-toc-title-toggle\"><a href=\"#\" class=\"ez-toc-pull-right ez-toc-btn ez-toc-btn-xs ez-toc-btn-default ez-toc-toggle\" aria-label=\"Toggle Table of Content\"><span class=\"ez-toc-js-icon-con\"><span class=\"\"><span class=\"eztoc-hide\" style=\"display:none;\">Toggle<\/span><span class=\"ez-toc-icon-toggle-span\"><svg style=\"fill: #070c63;color:#070c63\" xmlns=\"http:\/\/www.w3.org\/2000\/svg\" class=\"list-377408\" width=\"20px\" height=\"20px\" viewBox=\"0 0 24 24\" fill=\"none\"><path d=\"M6 6H4v2h2V6zm14 0H8v2h12V6zM4 11h2v2H4v-2zm16 0H8v2h12v-2zM4 16h2v2H4v-2zm16 0H8v2h12v-2z\" fill=\"currentColor\"><\/path><\/svg><svg style=\"fill: #070c63;color:#070c63\" class=\"arrow-unsorted-368013\" xmlns=\"http:\/\/www.w3.org\/2000\/svg\" width=\"10px\" height=\"10px\" viewBox=\"0 0 24 24\" version=\"1.2\" baseProfile=\"tiny\"><path d=\"M18.2 9.3l-6.2-6.3-6.2 6.3c-.2.2-.3.4-.3.7s.1.5.3.7c.2.2.4.3.7.3h11c.3 0 .5-.1.7-.3.2-.2.3-.5.3-.7s-.1-.5-.3-.7zM5.8 14.7l6.2 6.3 6.2-6.3c.2-.2.3-.5.3-.7s-.1-.5-.3-.7c-.2-.2-.4-.3-.7-.3h-11c-.3 0-.5.1-.7.3-.2.2-.3.5-.3.7s.1.5.3.7z\"\/><\/svg><\/span><\/span><\/span><\/a><\/span><\/div>\n<nav><ul class='ez-toc-list ez-toc-list-level-1 eztoc-toggle-hide-by-default' ><li class='ez-toc-page-1 ez-toc-heading-level-2'><a class=\"ez-toc-link ez-toc-heading-1\" href=\"https:\/\/www.ferrycroatia.com\/en\/island-lopud\/#What_to_see_or_do_on_Lopud\" title=\"What to see or do on Lopud\">What to see or do on Lopud<\/a><\/li><li class='ez-toc-page-1 ez-toc-heading-level-2'><a class=\"ez-toc-link ez-toc-heading-2\" href=\"https:\/\/www.ferrycroatia.com\/en\/island-lopud\/#How_to_get_to_Lopud\" title=\"How to get to Lopud\">How to get to Lopud<\/a><\/li><li class='ez-toc-page-1 ez-toc-heading-level-2'><a class=\"ez-toc-link ez-toc-heading-3\" href=\"https:\/\/www.ferrycroatia.com\/en\/island-lopud\/#Day_trip_to_Lopud\" title=\"Day trip to Lopud\">Day trip to Lopud<\/a><\/li><\/ul><\/nav><\/div>\n\r\n\r\n\r\n\r\n<h2><span class=\"ez-toc-section\" id=\"What_to_see_or_do_on_Lopud\"><\/span>What to see or do on Lopud<span class=\"ez-toc-section-end\"><\/span><\/h2>\r\n\r\n\r\n\r\n<p>Despite the island being <strong>less than 5 km2 big<\/strong> it has more than <strong>1 km of Sandy beaches<\/strong> which is somewhat a contrast to the beaches in Dubrovnik which are mainly pebble, the <strong>main beach on the Island is \u0160unj<\/strong> located in a bay on the southeast side of the Island.<\/p>\r\n\r\n\r\n\r\n<p>The main <strong>settlement Lopud<\/strong>, is located in the bay on the northwestern side of the Island, in the settlement, there is <strong>a Franciscan monastery from the 15th century<\/strong>. In Lopud there is also a nice seaside promenade, with plenty of restaurants and coffee bars.<\/p>\r\n\r\n\r\n\r\n<p>At a high point of the island, you can find the <strong>ruins of Fortress Sutvrac<\/strong>, from where there is a great <strong>view on the Lopud bay<\/strong>, the fortress is about 15-20 minutes walk\/hike from Lopud, the Island also have several small churches which required a bit of exploring to get to.<\/p>\r\n\r\n\r\n\r\n<h2><span class=\"ez-toc-section\" id=\"How_to_get_to_Lopud\"><\/span>How to get to Lopud<span class=\"ez-toc-section-end\"><\/span><\/h2>\r\n\r\n\r\n\r\n<p>There is <strong>2 official ferry route to Island Lopud<\/strong>, which are the following<\/p>\r\n\r\n\r\n\r\n<p>Jadrolinija 831: Dubrovnik &#8211; Lopud &#8211; \u0160u\u0111ura\u0111<\/p>\r\n\r\n\r\n\r\n<p>Jadrolinija 807: Dubrovnik &#8211; Kolo\u010dep &#8211; Lopud &#8211; \u0160ipan<\/p>\r\n\r\n\r\n\r\n<p>Both lines operate the whole year, during the summer season there is <strong>up to 5 daily ferries between Dubrovnik and Lopud<\/strong>, here you can see the timetable for travel options to and from Lopud, and also book tickets directly.<\/p>\r\n\r\n\r\n\r\n<figure class=\"wp-block-table\">\r\n<table>\r\n<tbody>\r\n<tr>\r\n<td><a href=\"https:\/\/www.ferrycroatia.com\/en\/dubrovnik-lopud\/\">Dubrovnik &#8211; Lopud<\/a><\/td>\r\n<td><a href=\"https:\/\/www.ferrycroatia.com\/en\/sudurad-lopud\/\">Sudurad &#8211; Lopud<\/a><\/td>\r\n<td><a href=\"https:\/\/www.ferrycroatia.com\/en\/kolocep-lopud\/\">Kolocep &#8211; Lopud<\/a><\/td>\r\n<\/tr>\r\n<tr>\r\n<td><a href=\"https:\/\/www.ferrycroatia.com\/en\/lopud-dubrovnik\/\">Lopud &#8211; Dubrovnik<\/a><\/td>\r\n<td><a href=\"https:\/\/www.ferrycroatia.com\/en\/lopud-sudurad\/\">Lopud &#8211; Sudurad<\/a><\/td>\r\n<td><a href=\"https:\/\/www.ferrycroatia.com\/en\/lopud-kolocep\/\">Lopud &#8211; Kolocep<\/a><\/td>\r\n<\/tr>\r\n<\/tbody>\r\n<\/table>\r\n<\/figure>\r\n\r\n\r\n\r\n<p>In addition to the ferries, there are usually also smaller boats to\/from Tresteno (Game of Throne Location) on the mainland and <strong>from Island Sipan<\/strong>.<\/p>\r\n\r\n\r\n\r\n<h2><span class=\"ez-toc-section\" id=\"Day_trip_to_Lopud\"><\/span>Day trip to Lopud<span class=\"ez-toc-section-end\"><\/span><\/h2>\r\n\r\n\r\n\r\n<p>If you are staying in Dubrovnik and want to <strong>spend a day on the sandy beach Sunj<\/strong>, you can use the ferries to get to and from the Island, alternatively, if you don&#8217;t want to spend a whole day on Lopud, there are several <strong>organized tours from Dubrovnik<\/strong>, which include a visit to the Island.<\/p>\r\n","protected":false},"excerpt":{"rendered":"<p>The Island Lopud is the middle of the 3 Elaphiti Islands located north of Dubrovnik, the Island is a great place for a totally relaxing holiday. The Island has only about 250 whole year residents, but in the summer month, this number increases considerably with people staying in the many apartments, the Lafodia Resort hotel, [&hellip;]<\/p>\n<p><a class=\"more-link\" href=\"https:\/\/www.ferrycroatia.com\/en\/island-lopud\/\"> Continue reading&#8230;<\/a><\/p>\n","protected":false},"author":1,"featured_media":0,"parent":0,"menu_order":0,"comment_status":"closed","ping_status":"closed","template":"","meta":[],"yoast_head":"<!-- This site is optimized with the Yoast SEO plugin v19.8 - https:\/\/yoast.com\/wordpress\/plugins\/seo\/ -->\n<title>Lopud Island Croatia - Guide with all you need to know about Lopud Island<\/title>\n<meta name=\"description\" content=\"Lopud Island Guide by locals with helpful information about the island, how to get there and what to see and do on Lopud Island\" \/>\n<meta name=\"robots\" content=\"index, follow, max-snippet:-1, max-image-preview:large, max-video-preview:-1\" \/>\n<link rel=\"canonical\" href=\"https:\/\/www.ferrycroatia.com\/en\/island-lopud\/\" \/>\n<meta property=\"og:locale\" content=\"en_US\" \/>\n<meta property=\"og:type\" content=\"article\" \/>\n<meta property=\"og:title\" content=\"Lopud Island Croatia - Guide with all you need to know about Lopud Island\" \/>\n<meta property=\"og:description\" content=\"Lopud Island Guide by locals with helpful information about the island, how to get there and what to see and do on Lopud Island\" \/>\n<meta property=\"og:url\" content=\"https:\/\/www.ferrycroatia.com\/en\/island-lopud\/\" \/>\n<meta property=\"og:site_name\" content=\"Ferry Croatia\" \/>\n<meta property=\"article:modified_time\" content=\"2022-12-02T10:57:44+00:00\" \/>\n<meta name=\"twitter:card\" content=\"summary_large_image\" \/>\n<meta name=\"twitter:label1\" content=\"Est. reading time\" \/>\n\t<meta name=\"twitter:data1\" content=\"2 minutes\" \/>\n<script type=\"application\/ld+json\" class=\"yoast-schema-graph\">{\"@context\":\"https:\/\/schema.org\",\"@graph\":[{\"@type\":\"WebPage\",\"@id\":\"https:\/\/www.ferrycroatia.com\/en\/island-lopud\/\",\"url\":\"https:\/\/www.ferrycroatia.com\/en\/island-lopud\/\",\"name\":\"Lopud Island Croatia - Guide with all you need to know about Lopud Island\",\"isPartOf\":{\"@id\":\"https:\/\/www.ferrycroatia.com\/en\/#website\"},\"datePublished\":\"2020-05-07T15:42:25+00:00\",\"dateModified\":\"2022-12-02T10:57:44+00:00\",\"description\":\"Lopud Island Guide by locals with helpful information about the island, how to get there and what to see and do on Lopud Island\",\"breadcrumb\":{\"@id\":\"https:\/\/www.ferrycroatia.com\/en\/island-lopud\/#breadcrumb\"},\"inLanguage\":\"en-US\",\"potentialAction\":[{\"@type\":\"ReadAction\",\"target\":[\"https:\/\/www.ferrycroatia.com\/en\/island-lopud\/\"]}]},{\"@type\":\"BreadcrumbList\",\"@id\":\"https:\/\/www.ferrycroatia.com\/en\/island-lopud\/#breadcrumb\",\"itemListElement\":[{\"@type\":\"ListItem\",\"position\":1,\"name\":\"Home\",\"item\":\"https:\/\/www.ferrycroatia.com\/en\/\"},{\"@type\":\"ListItem\",\"position\":2,\"name\":\"Island Lopud\"}]},{\"@type\":\"WebSite\",\"@id\":\"https:\/\/www.ferrycroatia.com\/en\/#website\",\"url\":\"https:\/\/www.ferrycroatia.com\/en\/\",\"name\":\"Ferry Croatia\",\"description\":\"Info\u2019s and timetables - all catamarans and ferries in Croatia\",\"potentialAction\":[{\"@type\":\"SearchAction\",\"target\":{\"@type\":\"EntryPoint\",\"urlTemplate\":\"https:\/\/www.ferrycroatia.com\/en\/?s={search_term_string}\"},\"query-input\":\"required name=search_term_string\"}],\"inLanguage\":\"en-US\"}]}<\/script>\n<!-- \/ Yoast SEO plugin. -->","yoast_head_json":{"title":"Lopud Island Croatia - Guide with all you need to know about Lopud Island","description":"Lopud Island Guide by locals with helpful information about the island, how to get there and what to see and do on Lopud Island","robots":{"index":"index","follow":"follow","max-snippet":"max-snippet:-1","max-image-preview":"max-image-preview:large","max-video-preview":"max-video-preview:-1"},"canonical":"https:\/\/www.ferrycroatia.com\/en\/island-lopud\/","og_locale":"en_US","og_type":"article","og_title":"Lopud Island Croatia - Guide with all you need to know about Lopud Island","og_description":"Lopud Island Guide by locals with helpful information about the island, how to get there and what to see and do on Lopud Island","og_url":"https:\/\/www.ferrycroatia.com\/en\/island-lopud\/","og_site_name":"Ferry Croatia","article_modified_time":"2022-12-02T10:57:44+00:00","twitter_card":"summary_large_image","twitter_misc":{"Est. reading time":"2 minutes"},"schema":{"@context":"https:\/\/schema.org","@graph":[{"@type":"WebPage","@id":"https:\/\/www.ferrycroatia.com\/en\/island-lopud\/","url":"https:\/\/www.ferrycroatia.com\/en\/island-lopud\/","name":"Lopud Island Croatia - Guide with all you need to know about Lopud Island","isPartOf":{"@id":"https:\/\/www.ferrycroatia.com\/en\/#website"},"datePublished":"2020-05-07T15:42:25+00:00","dateModified":"2022-12-02T10:57:44+00:00","description":"Lopud Island Guide by locals with helpful information about the island, how to get there and what to see and do on Lopud Island","breadcrumb":{"@id":"https:\/\/www.ferrycroatia.com\/en\/island-lopud\/#breadcrumb"},"inLanguage":"en-US","potentialAction":[{"@type":"ReadAction","target":["https:\/\/www.ferrycroatia.com\/en\/island-lopud\/"]}]},{"@type":"BreadcrumbList","@id":"https:\/\/www.ferrycroatia.com\/en\/island-lopud\/#breadcrumb","itemListElement":[{"@type":"ListItem","position":1,"name":"Home","item":"https:\/\/www.ferrycroatia.com\/en\/"},{"@type":"ListItem","position":2,"name":"Island Lopud"}]},{"@type":"WebSite","@id":"https:\/\/www.ferrycroatia.com\/en\/#website","url":"https:\/\/www.ferrycroatia.com\/en\/","name":"Ferry Croatia","description":"Info\u2019s and timetables - all catamarans and ferries in Croatia","potentialAction":[{"@type":"SearchAction","target":{"@type":"EntryPoint","urlTemplate":"https:\/\/www.ferrycroatia.com\/en\/?s={search_term_string}"},"query-input":"required name=search_term_string"}],"inLanguage":"en-US"}]}},"_links":{"self":[{"href":"https:\/\/www.ferrycroatia.com\/en\/wp-json\/wp\/v2\/pages\/3587"}],"collection":[{"href":"https:\/\/www.ferrycroatia.com\/en\/wp-json\/wp\/v2\/pages"}],"about":[{"href":"https:\/\/www.ferrycroatia.com\/en\/wp-json\/wp\/v2\/types\/page"}],"author":[{"embeddable":true,"href":"https:\/\/www.ferrycroatia.com\/en\/wp-json\/wp\/v2\/users\/1"}],"replies":[{"embeddable":true,"href":"https:\/\/www.ferrycroatia.com\/en\/wp-json\/wp\/v2\/comments?post=3587"}],"version-history":[{"count":7,"href":"https:\/\/www.ferrycroatia.com\/en\/wp-json\/wp\/v2\/pages\/3587\/revisions"}],"predecessor-version":[{"id":7709,"href":"https:\/\/www.ferrycroatia.com\/en\/wp-json\/wp\/v2\/pages\/3587\/revisions\/7709"}],"wp:attachment":[{"href":"https:\/\/www.ferrycroatia.com\/en\/wp-json\/wp\/v2\/media?parent=3587"}],"curies":[{"name":"wp","href":"https:\/\/api.w.org\/{rel}","templated":true}]}}