{"id":3691,"date":"2020-05-14T09:48:26","date_gmt":"2020-05-14T09:48:26","guid":{"rendered":"http:\/\/www.ferrycroatia.com\/en\/?page_id=3691"},"modified":"2022-12-02T12:13:17","modified_gmt":"2022-12-02T11:13:17","slug":"island-sipan","status":"publish","type":"page","link":"https:\/\/www.ferrycroatia.com\/en\/island-sipan\/","title":{"rendered":"Island Sipan"},"content":{"rendered":"\r\n<p>Island Sipan is <strong>the largest of the 3 Elaphiti Islands<\/strong> located north of Dubrovnik, the island which is about 16km2 in size only has a <strong>whole year population of about 400 people<\/strong>, during summer there is, of course, more people on the island, but it is by no means crowded, so if you are looking for a peaceful spot, Island Sipan is for sure something to consider.\u00a0\u00a0<\/p>\r\n\r\n\r\n\r\n<p>The Island has <strong>two settlements\/villages<\/strong> Sudurad (on Croatian Su\u0111ura\u0111) at the south end of the Island towards <a href=\"https:\/\/www.ferrycroatia.com\/en\/island-lopud\/\">Island Lopud<\/a> and the larger <strong>Sipanska Luka<\/strong> (\u0160ipanska Luka) on the west side of the Island, the distance between the two settlements is about 5 km. The connection between the two villages runs in a valley, where <strong>Wine, Olives and Citrus is grown<\/strong>, the rest of the island has a lot of hills, the <strong>highest point is 247 meter<\/strong> above sea level, so there is plenty of spots with a great view to the nearby Island Jakljan, Island Lopud, <a href=\"https:\/\/www.ferrycroatia.com\/en\/island-mljet\/\">Island Mljet<\/a> and the mainland.\u00a0<\/p>\r\n\r\n\r\n\r\n<h2>Visiting Island Sipan &#8211; good to know<\/h2>\r\n\r\n\r\n\r\n<p><strong>Accommodation<\/strong> on Island Sipan can be found in both Sudurad and Sipanska Luka, if you like to stay in a hotel you can choose between the hotel Bozica in Sudurad and the hotel Sipan in Sipanska Luka alternative you have several private apartments and a few holiday house to choose between.<\/p>\r\n\r\n\r\n\r\n<p>Despite Island Sipan having a <strong>long history as an inhabited island<\/strong>, there are not many significant sights, but what you could see is t<strong>he Sko\u010dibuha Palace<\/strong>, other things you could do during your stay is to <strong>go hiking around the Island<\/strong>, there are several marked trails. Also do not forget to visit <a href=\"https:\/\/www.bowa-dubrovnik.com\/\" target=\"_blank\" rel=\"noreferrer noopener\" aria-label=\" (opens in a new tab)\">Restaurant Bowa<\/a> which is a unique experience.<\/p>\r\n\r\n\r\n\r\n<p>In terms of beaches you have <strong>plenty of options around the Island<\/strong>, ranging from the most popular ones in Sudurad and Sipanska Luka to beaches in more remote and hard reach places, ask the locals for advice once there.<\/p>\r\n\r\n\r\n\r\n<p>Shopping is possible in both Sipanska Luka and Sudurad, in both villages there are also plenty of coffee bars and restaurants. <strong>TIP<\/strong>: As the majority of the people living on Island Sipan are fishermen, <strong>eating fish<\/strong> there is not a bad idea.<\/p>\r\n\r\n\r\n\r\n<p>You can <strong>visit Island Sipan from Dubrovnik on a day trip<\/strong>, you can either arrange it yourselves or join one of the excursions offered from Dubrovnik. The cheapest way is to arrange it yourselves.<\/p>\r\n\r\n\r\n\r\n<h2>Getting to Island Sipan<\/h2>\r\n\r\n\r\n\r\n<p>Both Sudurad and Sipanska Luka are port villages, <strong>Sudurad is the main port<\/strong>, it is connected to the mainland with the following ferry routes.<\/p>\r\n\r\n\r\n\r\n<p><strong>Car ferry route 831<\/strong>: Dubrovnik &#8211; Lopud &#8211; \u0160u\u0111ura\u0111<\/p>\r\n\r\n\r\n\r\n<p><strong>Passenger Ship route 807<\/strong>: Dubrovnik &#8211; Kolo\u010dep &#8211; Lopud &#8211; \u0160ipan<\/p>\r\n\r\n\r\n\r\n<p>Both routes <strong>operates year round<\/strong>, during June, July, August and September, the car ferry sails up to 2 times daily and the passenger ship <strong>up to 4 times daily<\/strong>, rest of the year there are up to 5 daily connections from Dubrovnik, you can see more info about the timetables and buy tickets here.<\/p>\r\n\r\n\r\n\r\n<figure class=\"wp-block-table\">\r\n<table>\r\n<tbody>\r\n<tr>\r\n<td class=\"has-text-align-center\" data-align=\"center\"><a href=\"https:\/\/www.ferrycroatia.com\/en\/dubrovnik-sudurad\/\">Dubrovnik &#8211; Sudurad<\/a><\/td>\r\n<td class=\"has-text-align-center\" data-align=\"center\"><a href=\"https:\/\/www.ferrycroatia.com\/en\/lopud-sudurad\/\">Lopud &#8211; Sudurad<\/a><\/td>\r\n<td class=\"has-text-align-center\" data-align=\"center\"><a href=\"https:\/\/www.ferrycroatia.com\/en\/kolocep-sudurad\/\">Kolocep &#8211; Sudurad<\/a><\/td>\r\n<\/tr>\r\n<tr>\r\n<td class=\"has-text-align-center\" data-align=\"center\"><a href=\"https:\/\/www.ferrycroatia.com\/en\/sudurad-dubrovnik\/\">Sudurad &#8211; Dubrovnik<\/a><\/td>\r\n<td class=\"has-text-align-center\" data-align=\"center\"><a href=\"https:\/\/www.ferrycroatia.com\/en\/sudurad-lopud\/\">Sudurad &#8211; Lopud<\/a><\/td>\r\n<td class=\"has-text-align-center\" data-align=\"center\"><a href=\"https:\/\/www.ferrycroatia.com\/en\/sudurad-kolocep\/\">Sudurad &#8211; Kolocep<\/a><\/td>\r\n<\/tr>\r\n<\/tbody>\r\n<\/table>\r\n<\/figure>\r\n\r\n\r\n\r\n<p>The <strong>ferry connection to Sipanska Luk<\/strong>a is a fast ferry \/ catamaran <a href=\"https:\/\/www.ferrycroatia.com\/en\/gv-line\/\">operated by G&amp;V line<\/a>, the catamaran<strong> sails daily year round<\/strong>, you can see timetable for travel options and buy tickets from Sipanska Luka here:<\/p>\r\n\r\n\r\n\r\n<figure class=\"wp-block-table\">\r\n<table>\r\n<tbody>\r\n<tr>\r\n<td class=\"has-text-align-center\" data-align=\"center\"><a href=\"https:\/\/www.ferrycroatia.com\/en\/dubrovnik-sipanska-luka\/\">Dubrovnik &#8211; Sipanska Luka<\/a><\/td>\r\n<td class=\"has-text-align-center\" data-align=\"center\"><a href=\"https:\/\/www.ferrycroatia.com\/en\/sobra-sipanska-luka\/\">Mljet &#8211; Sipanska Luka<\/a><\/td>\r\n<\/tr>\r\n<tr>\r\n<td class=\"has-text-align-center\" data-align=\"center\"><a href=\"https:\/\/www.ferrycroatia.com\/en\/sipanska-luka-dubrovnik\/\">Sipanska Luka Dubrovnik<\/a><\/td>\r\n<td class=\"has-text-align-center\" data-align=\"center\"><a href=\"https:\/\/www.ferrycroatia.com\/en\/sipanska-luka-sobra\/\">Sipanska Luka &#8211; Mljet<\/a><\/td>\r\n<\/tr>\r\n<\/tbody>\r\n<\/table>\r\n<\/figure>\r\n","protected":false},"excerpt":{"rendered":"<p>Island Sipan is the largest of the 3 Elaphiti Islands located north of Dubrovnik, the island which is about 16km2 in size only has a whole year population of about 400 people, during summer there is, of course, more people on the island, but it is by no means crowded, so if you are looking [&hellip;]<\/p>\n<p><a class=\"more-link\" href=\"https:\/\/www.ferrycroatia.com\/en\/island-sipan\/\"> Continue reading&#8230;<\/a><\/p>\n","protected":false},"author":1,"featured_media":0,"parent":0,"menu_order":0,"comment_status":"closed","ping_status":"closed","template":"","meta":[],"yoast_head":"<!-- This site is optimized with the Yoast SEO plugin v19.8 - https:\/\/yoast.com\/wordpress\/plugins\/seo\/ -->\n<title>Sipan Island Croatia - Guide with all you need to know about Sipan Island<\/title>\n<meta name=\"description\" content=\"Sipan Island Guide by locals with helpful information about the island, how to get there and what to see and do on Sipan Island\" \/>\n<meta name=\"robots\" content=\"index, follow, max-snippet:-1, max-image-preview:large, max-video-preview:-1\" \/>\n<link rel=\"canonical\" href=\"https:\/\/www.ferrycroatia.com\/en\/island-sipan\/\" \/>\n<meta property=\"og:locale\" content=\"en_US\" \/>\n<meta property=\"og:type\" content=\"article\" \/>\n<meta property=\"og:title\" content=\"Sipan Island Croatia - Guide with all you need to know about Sipan Island\" \/>\n<meta property=\"og:description\" content=\"Sipan Island Guide by locals with helpful information about the island, how to get there and what to see and do on Sipan Island\" \/>\n<meta property=\"og:url\" content=\"https:\/\/www.ferrycroatia.com\/en\/island-sipan\/\" \/>\n<meta property=\"og:site_name\" content=\"Ferry Croatia\" \/>\n<meta property=\"article:modified_time\" content=\"2022-12-02T11:13:17+00:00\" \/>\n<meta name=\"twitter:card\" content=\"summary_large_image\" \/>\n<meta name=\"twitter:label1\" content=\"Est. reading time\" \/>\n\t<meta name=\"twitter:data1\" content=\"3 minutes\" \/>\n<script type=\"application\/ld+json\" class=\"yoast-schema-graph\">{\"@context\":\"https:\/\/schema.org\",\"@graph\":[{\"@type\":\"WebPage\",\"@id\":\"https:\/\/www.ferrycroatia.com\/en\/island-sipan\/\",\"url\":\"https:\/\/www.ferrycroatia.com\/en\/island-sipan\/\",\"name\":\"Sipan Island Croatia - Guide with all you need to know about Sipan Island\",\"isPartOf\":{\"@id\":\"https:\/\/www.ferrycroatia.com\/en\/#website\"},\"datePublished\":\"2020-05-14T09:48:26+00:00\",\"dateModified\":\"2022-12-02T11:13:17+00:00\",\"description\":\"Sipan Island Guide by locals with helpful information about the island, how to get there and what to see and do on Sipan Island\",\"breadcrumb\":{\"@id\":\"https:\/\/www.ferrycroatia.com\/en\/island-sipan\/#breadcrumb\"},\"inLanguage\":\"en-US\",\"potentialAction\":[{\"@type\":\"ReadAction\",\"target\":[\"https:\/\/www.ferrycroatia.com\/en\/island-sipan\/\"]}]},{\"@type\":\"BreadcrumbList\",\"@id\":\"https:\/\/www.ferrycroatia.com\/en\/island-sipan\/#breadcrumb\",\"itemListElement\":[{\"@type\":\"ListItem\",\"position\":1,\"name\":\"Home\",\"item\":\"https:\/\/www.ferrycroatia.com\/en\/\"},{\"@type\":\"ListItem\",\"position\":2,\"name\":\"Island Sipan\"}]},{\"@type\":\"WebSite\",\"@id\":\"https:\/\/www.ferrycroatia.com\/en\/#website\",\"url\":\"https:\/\/www.ferrycroatia.com\/en\/\",\"name\":\"Ferry Croatia\",\"description\":\"Info\u2019s and timetables - all catamarans and ferries in Croatia\",\"potentialAction\":[{\"@type\":\"SearchAction\",\"target\":{\"@type\":\"EntryPoint\",\"urlTemplate\":\"https:\/\/www.ferrycroatia.com\/en\/?s={search_term_string}\"},\"query-input\":\"required name=search_term_string\"}],\"inLanguage\":\"en-US\"}]}<\/script>\n<!-- \/ Yoast SEO plugin. -->","yoast_head_json":{"title":"Sipan Island Croatia - Guide with all you need to know about Sipan Island","description":"Sipan Island Guide by locals with helpful information about the island, how to get there and what to see and do on Sipan Island","robots":{"index":"index","follow":"follow","max-snippet":"max-snippet:-1","max-image-preview":"max-image-preview:large","max-video-preview":"max-video-preview:-1"},"canonical":"https:\/\/www.ferrycroatia.com\/en\/island-sipan\/","og_locale":"en_US","og_type":"article","og_title":"Sipan Island Croatia - Guide with all you need to know about Sipan Island","og_description":"Sipan Island Guide by locals with helpful information about the island, how to get there and what to see and do on Sipan Island","og_url":"https:\/\/www.ferrycroatia.com\/en\/island-sipan\/","og_site_name":"Ferry Croatia","article_modified_time":"2022-12-02T11:13:17+00:00","twitter_card":"summary_large_image","twitter_misc":{"Est. reading time":"3 minutes"},"schema":{"@context":"https:\/\/schema.org","@graph":[{"@type":"WebPage","@id":"https:\/\/www.ferrycroatia.com\/en\/island-sipan\/","url":"https:\/\/www.ferrycroatia.com\/en\/island-sipan\/","name":"Sipan Island Croatia - Guide with all you need to know about Sipan Island","isPartOf":{"@id":"https:\/\/www.ferrycroatia.com\/en\/#website"},"datePublished":"2020-05-14T09:48:26+00:00","dateModified":"2022-12-02T11:13:17+00:00","description":"Sipan Island Guide by locals with helpful information about the island, how to get there and what to see and do on Sipan Island","breadcrumb":{"@id":"https:\/\/www.ferrycroatia.com\/en\/island-sipan\/#breadcrumb"},"inLanguage":"en-US","potentialAction":[{"@type":"ReadAction","target":["https:\/\/www.ferrycroatia.com\/en\/island-sipan\/"]}]},{"@type":"BreadcrumbList","@id":"https:\/\/www.ferrycroatia.com\/en\/island-sipan\/#breadcrumb","itemListElement":[{"@type":"ListItem","position":1,"name":"Home","item":"https:\/\/www.ferrycroatia.com\/en\/"},{"@type":"ListItem","position":2,"name":"Island Sipan"}]},{"@type":"WebSite","@id":"https:\/\/www.ferrycroatia.com\/en\/#website","url":"https:\/\/www.ferrycroatia.com\/en\/","name":"Ferry Croatia","description":"Info\u2019s and timetables - all catamarans and ferries in Croatia","potentialAction":[{"@type":"SearchAction","target":{"@type":"EntryPoint","urlTemplate":"https:\/\/www.ferrycroatia.com\/en\/?s={search_term_string}"},"query-input":"required name=search_term_string"}],"inLanguage":"en-US"}]}},"_links":{"self":[{"href":"https:\/\/www.ferrycroatia.com\/en\/wp-json\/wp\/v2\/pages\/3691"}],"collection":[{"href":"https:\/\/www.ferrycroatia.com\/en\/wp-json\/wp\/v2\/pages"}],"about":[{"href":"https:\/\/www.ferrycroatia.com\/en\/wp-json\/wp\/v2\/types\/page"}],"author":[{"embeddable":true,"href":"https:\/\/www.ferrycroatia.com\/en\/wp-json\/wp\/v2\/users\/1"}],"replies":[{"embeddable":true,"href":"https:\/\/www.ferrycroatia.com\/en\/wp-json\/wp\/v2\/comments?post=3691"}],"version-history":[{"count":9,"href":"https:\/\/www.ferrycroatia.com\/en\/wp-json\/wp\/v2\/pages\/3691\/revisions"}],"predecessor-version":[{"id":7710,"href":"https:\/\/www.ferrycroatia.com\/en\/wp-json\/wp\/v2\/pages\/3691\/revisions\/7710"}],"wp:attachment":[{"href":"https:\/\/www.ferrycroatia.com\/en\/wp-json\/wp\/v2\/media?parent=3691"}],"curies":[{"name":"wp","href":"https:\/\/api.w.org\/{rel}","templated":true}]}}