{"id":390,"date":"2016-07-14T16:02:34","date_gmt":"2016-07-14T16:02:34","guid":{"rendered":"http:\/\/www.ferrycroatia.com\/?page_id=390"},"modified":"2022-01-17T14:23:23","modified_gmt":"2022-01-17T13:23:23","slug":"korcula-catamaran-port","status":"publish","type":"page","link":"https:\/\/www.ferrycroatia.com\/en\/korcula-catamaran-port\/","title":{"rendered":"Korcula town port"},"content":{"rendered":"<p><span style=\"font-weight: 400;\">Kor\u010dula is a historical town on the island of Kor\u010dula, located on the north-east side of the island, overlooking the peninsula of Pelje\u0161ac. From Korcula it is possible to sail with catamarans (passenger ferries only), the nearby <a href=\"https:\/\/www.ferrycroatia.com\/en\/domince-ferry-port\/\">Domin\u010de port<\/a> is where the car <a href=\"https:\/\/www.ferrycroatia.com\/en\/orebic-ferry-port\/\">ferries to Orebic<\/a> departure.\u00a0 <\/span><span style=\"font-weight: 400;\">The catamaran port is located in the vicinity of the\u00a0 old city walls. The tickets for the catamaran can be bought in the ticket office at the port or online.<\/span><\/p><div id=\"ez-toc-container\" class=\"ez-toc-v2_0_62 counter-hierarchy ez-toc-counter ez-toc-custom ez-toc-container-direction\">\n<div class=\"ez-toc-title-container\">\n<p class=\"ez-toc-title \" >Table of Contents<\/p>\n<span class=\"ez-toc-title-toggle\"><a href=\"#\" class=\"ez-toc-pull-right ez-toc-btn ez-toc-btn-xs ez-toc-btn-default ez-toc-toggle\" aria-label=\"Toggle Table of Content\"><span class=\"ez-toc-js-icon-con\"><span class=\"\"><span class=\"eztoc-hide\" style=\"display:none;\">Toggle<\/span><span class=\"ez-toc-icon-toggle-span\"><svg style=\"fill: #070c63;color:#070c63\" xmlns=\"http:\/\/www.w3.org\/2000\/svg\" class=\"list-377408\" width=\"20px\" height=\"20px\" viewBox=\"0 0 24 24\" fill=\"none\"><path d=\"M6 6H4v2h2V6zm14 0H8v2h12V6zM4 11h2v2H4v-2zm16 0H8v2h12v-2zM4 16h2v2H4v-2zm16 0H8v2h12v-2z\" fill=\"currentColor\"><\/path><\/svg><svg style=\"fill: #070c63;color:#070c63\" class=\"arrow-unsorted-368013\" xmlns=\"http:\/\/www.w3.org\/2000\/svg\" width=\"10px\" height=\"10px\" viewBox=\"0 0 24 24\" version=\"1.2\" baseProfile=\"tiny\"><path d=\"M18.2 9.3l-6.2-6.3-6.2 6.3c-.2.2-.3.4-.3.7s.1.5.3.7c.2.2.4.3.7.3h11c.3 0 .5-.1.7-.3.2-.2.3-.5.3-.7s-.1-.5-.3-.7zM5.8 14.7l6.2 6.3 6.2-6.3c.2-.2.3-.5.3-.7s-.1-.5-.3-.7c-.2-.2-.4-.3-.7-.3h-11c-.3 0-.5.1-.7.3-.2.2-.3.5-.3.7s.1.5.3.7z\"\/><\/svg><\/span><\/span><\/span><\/a><\/span><\/div>\n<nav><ul class='ez-toc-list ez-toc-list-level-1 eztoc-toggle-hide-by-default' ><li class='ez-toc-page-1 ez-toc-heading-level-3'><a class=\"ez-toc-link ez-toc-heading-1\" href=\"https:\/\/www.ferrycroatia.com\/en\/korcula-catamaran-port\/#Getting_to_and_from_Korcula_port\" title=\"Getting to and from Kor\u010dula port\">Getting to and from Kor\u010dula port<\/a><\/li><li class='ez-toc-page-1 ez-toc-heading-level-3'><a class=\"ez-toc-link ez-toc-heading-2\" href=\"https:\/\/www.ferrycroatia.com\/en\/korcula-catamaran-port\/#Getting_from_Korcula_to_SplitDubrovnik_airport\" title=\"Getting from Kor\u010dula to Split\/Dubrovnik airport\">Getting from Kor\u010dula to Split\/Dubrovnik airport<\/a><\/li><li class='ez-toc-page-1 ez-toc-heading-level-3'><a class=\"ez-toc-link ez-toc-heading-3\" href=\"https:\/\/www.ferrycroatia.com\/en\/korcula-catamaran-port\/#Korcula_port_facilities\" title=\"Kor\u010dula port facilities\">Kor\u010dula port facilities<\/a><\/li><li class='ez-toc-page-1 ez-toc-heading-level-3'><a class=\"ez-toc-link ez-toc-heading-4\" href=\"https:\/\/www.ferrycroatia.com\/en\/korcula-catamaran-port\/#Korcula_port_location\" title=\"Kor\u010dula port location\">Kor\u010dula port location<\/a><\/li><li class='ez-toc-page-1 ez-toc-heading-level-3'><a class=\"ez-toc-link ez-toc-heading-5\" href=\"https:\/\/www.ferrycroatia.com\/en\/korcula-catamaran-port\/#List_of_catamaran_routes_from_Korcula\" title=\"List of catamaran routes from Korcula\">List of catamaran routes from Korcula<\/a><\/li><\/ul><\/nav><\/div>\n\n<h3><span class=\"ez-toc-section\" id=\"Getting_to_and_from_Korcula_port\"><\/span>Getting to and from Kor\u010dula port<span class=\"ez-toc-section-end\"><\/span><\/h3>\n<p><span style=\"font-weight: 400;\">Since Kor\u010dula is, <strong>like most of the other island towns<\/strong>, quite a small town, no matter where your accommodation is, the catamaran port, located just outside the old town city walls, is easily reachable on foot, from any part of town, <strong>if you are staying a bit outside of Korcula e.g in Lumbarda<\/strong>, you will have to take a taxi to get there. From other towns on the island like Vela Luka, Blato etc , you have island bus which drive several times daily, the <a href=\"https:\/\/getbybus.com\/en\/bus-from-korcula\">bus station in Korcula<\/a> is located a few hundred metres from where the Catamaran sail.<\/span><\/p>\n<h3><span class=\"ez-toc-section\" id=\"Getting_from_Korcula_to_SplitDubrovnik_airport\"><\/span>Getting from Kor\u010dula to Split\/Dubrovnik airport<span class=\"ez-toc-section-end\"><\/span><\/h3>\n<p><strong>From Kor\u010dula you can take a catamaran both to Split and to Dubrovnik.\u00a0Once you get to either one of those cities<\/strong>,\u00a0 you will find the bus station really close to the ferry terminal. That&#8217;s where you take a shuttle bus to the airport.<\/p>\n<h3><span class=\"ez-toc-section\" id=\"Korcula_port_facilities\"><\/span>Kor\u010dula port facilities<span class=\"ez-toc-section-end\"><\/span><\/h3>\n<p><span style=\"font-weight: 400;\">As already mentioned above, the catamaran port in Kor\u010dula is located just outside of the city walls, so all the town facilities are in a walking distance from the pier where catamarans depart from. In the centre of Kor\u010dula you can find many restaurants, bars, shops, souvenir shops, ATM-s, etc.<\/span><\/p>\n<h3><span class=\"ez-toc-section\" id=\"Korcula_port_location\"><\/span>Kor\u010dula port location<span class=\"ez-toc-section-end\"><\/span><\/h3>\n<blockquote><p><span style=\"font-weight: 400;\">Obala Franje Tu\u0111mana<\/span><\/p>\n<p><span style=\"font-weight: 400;\">20260 Kor\u010dula (Kor\u010dula)<\/span><\/p>\n<p><strong>GPS CO-ORDINATES:\u00a0<\/strong>42.9633, 17.13562<\/p><\/blockquote>\n<p><a class=\"lightbox\" href=\"https:\/\/www.ferrycroatia.com\/en\/wp-content\/uploads\/2016\/07\/Korcula-1.jpg\"><img decoding=\"async\" loading=\"lazy\" class=\"alignnone wp-image-2538 size-full\" data-src=\"https:\/\/www.ferrycroatia.com\/en\/wp-content\/uploads\/2016\/07\/Korcula-1.jpg\" alt=\"Korcula port\" width=\"800\" height=\"692\" data-srcset=\"https:\/\/www.ferrycroatia.com\/en\/wp-content\/uploads\/2016\/07\/Korcula-1.jpg 800w, https:\/\/www.ferrycroatia.com\/en\/wp-content\/uploads\/2016\/07\/Korcula-1-300x260.jpg 300w, https:\/\/www.ferrycroatia.com\/en\/wp-content\/uploads\/2016\/07\/Korcula-1-768x664.jpg 768w\" sizes=\"(max-width: 800px) 100vw, 800px\" \/><\/a><\/p>\n<h3><span class=\"ez-toc-section\" id=\"List_of_catamaran_routes_from_Korcula\"><\/span>List of catamaran routes from Korcula<span class=\"ez-toc-section-end\"><\/span><\/h3>\n<p><span style=\"font-weight: 400;\">\u2192 Catamaran: Split \u2013 Milna (Brac)-Hvar-Korcula-Mljet-Dubrovnik<\/span><\/p>\n<ul>\n<li><a href=\"https:\/\/www.ferrycroatia.com\/en\/korcula-dubrovnik\/\">Kor\u010dula &#8211; Dubrovnik<\/a><\/li>\n<li><a href=\"https:\/\/www.ferrycroatia.com\/en\/korcula-sobra\/\">Kor\u010dula &#8211; Mljet<\/a><\/li>\n<li><a href=\"https:\/\/www.ferrycroatia.com\/en\/korcula-hvar\/\">Kor\u010dula &#8211; Hvar<\/a><\/li>\n<li><a href=\"https:\/\/www.ferrycroatia.com\/en\/korcula-milna\/\">Kor\u010dula &#8211; Milna Bra\u010d<\/a><\/li>\n<li><a href=\"https:\/\/www.ferrycroatia.com\/en\/korcula-split\/\">Kor\u010dula &#8211; Split<\/a><\/li>\n<\/ul>\n<p><span style=\"font-weight: 400;\">\u2192 Catamaran: Split \u2013 Hvar \u2013 Kor\u010dula<\/span><\/p>\n","protected":false},"excerpt":{"rendered":"<p>Kor\u010dula is a historical town on the island of Kor\u010dula, located on the north-east side of the island, overlooking the peninsula of Pelje\u0161ac. From Korcula it is possible to sail with catamarans (passenger ferries only), the nearby Domin\u010de port is where the car ferries to Orebic departure.\u00a0 The catamaran port is located in the vicinity [&hellip;]<\/p>\n<p><a class=\"more-link\" href=\"https:\/\/www.ferrycroatia.com\/en\/korcula-catamaran-port\/\"> Continue reading&#8230;<\/a><\/p>\n","protected":false},"author":1,"featured_media":412,"parent":0,"menu_order":0,"comment_status":"closed","ping_status":"closed","template":"","meta":[],"yoast_head":"<!-- This site is optimized with the Yoast SEO plugin v19.8 - https:\/\/yoast.com\/wordpress\/plugins\/seo\/ -->\n<title>Korcula ferry port, catamaran arrivals and departure times<\/title>\n<meta name=\"description\" content=\"Catamarans from Korcula ferry port, how to reach the ferry port by bus or by car from other destinations in Croatia, find departure and arrival times of catamarans from Korcula town port\" \/>\n<meta name=\"robots\" content=\"index, follow, max-snippet:-1, max-image-preview:large, max-video-preview:-1\" \/>\n<link rel=\"canonical\" href=\"https:\/\/www.ferrycroatia.com\/en\/korcula-catamaran-port\/\" \/>\n<meta property=\"og:locale\" content=\"en_US\" \/>\n<meta property=\"og:type\" content=\"article\" \/>\n<meta property=\"og:title\" content=\"Korcula ferry port, catamaran arrivals and departure times\" \/>\n<meta property=\"og:description\" content=\"Catamarans from Korcula ferry port, how to reach the ferry port by bus or by car from other destinations in Croatia, find departure and arrival times of catamarans from Korcula town port\" \/>\n<meta property=\"og:url\" content=\"https:\/\/www.ferrycroatia.com\/en\/korcula-catamaran-port\/\" \/>\n<meta property=\"og:site_name\" content=\"Ferry Croatia\" \/>\n<meta property=\"article:modified_time\" content=\"2022-01-17T13:23:23+00:00\" \/>\n<meta property=\"og:image\" content=\"https:\/\/www.ferrycroatia.com\/en\/wp-content\/uploads\/2016\/07\/Korcula.jpg\" \/>\n\t<meta property=\"og:image:width\" content=\"1024\" \/>\n\t<meta property=\"og:image:height\" content=\"768\" \/>\n\t<meta property=\"og:image:type\" content=\"image\/jpeg\" \/>\n<meta name=\"twitter:card\" content=\"summary_large_image\" \/>\n<meta name=\"twitter:label1\" content=\"Est. reading time\" \/>\n\t<meta name=\"twitter:data1\" content=\"2 minutes\" \/>\n<script type=\"application\/ld+json\" class=\"yoast-schema-graph\">{\"@context\":\"https:\/\/schema.org\",\"@graph\":[{\"@type\":\"WebPage\",\"@id\":\"https:\/\/www.ferrycroatia.com\/en\/korcula-catamaran-port\/\",\"url\":\"https:\/\/www.ferrycroatia.com\/en\/korcula-catamaran-port\/\",\"name\":\"Korcula ferry port, catamaran arrivals and departure times\",\"isPartOf\":{\"@id\":\"https:\/\/www.ferrycroatia.com\/en\/#website\"},\"datePublished\":\"2016-07-14T16:02:34+00:00\",\"dateModified\":\"2022-01-17T13:23:23+00:00\",\"description\":\"Catamarans from Korcula ferry port, how to reach the ferry port by bus or by car from other destinations in Croatia, find departure and arrival times of catamarans from Korcula town port\",\"breadcrumb\":{\"@id\":\"https:\/\/www.ferrycroatia.com\/en\/korcula-catamaran-port\/#breadcrumb\"},\"inLanguage\":\"en-US\",\"potentialAction\":[{\"@type\":\"ReadAction\",\"target\":[\"https:\/\/www.ferrycroatia.com\/en\/korcula-catamaran-port\/\"]}]},{\"@type\":\"BreadcrumbList\",\"@id\":\"https:\/\/www.ferrycroatia.com\/en\/korcula-catamaran-port\/#breadcrumb\",\"itemListElement\":[{\"@type\":\"ListItem\",\"position\":1,\"name\":\"Home\",\"item\":\"https:\/\/www.ferrycroatia.com\/en\/\"},{\"@type\":\"ListItem\",\"position\":2,\"name\":\"Korcula town port\"}]},{\"@type\":\"WebSite\",\"@id\":\"https:\/\/www.ferrycroatia.com\/en\/#website\",\"url\":\"https:\/\/www.ferrycroatia.com\/en\/\",\"name\":\"Ferry Croatia\",\"description\":\"Info\u2019s and timetables - all catamarans and ferries in Croatia\",\"potentialAction\":[{\"@type\":\"SearchAction\",\"target\":{\"@type\":\"EntryPoint\",\"urlTemplate\":\"https:\/\/www.ferrycroatia.com\/en\/?s={search_term_string}\"},\"query-input\":\"required name=search_term_string\"}],\"inLanguage\":\"en-US\"}]}<\/script>\n<!-- \/ Yoast SEO plugin. -->","yoast_head_json":{"title":"Korcula ferry port, catamaran arrivals and departure times","description":"Catamarans from Korcula ferry port, how to reach the ferry port by bus or by car from other destinations in Croatia, find departure and arrival times of catamarans from Korcula town port","robots":{"index":"index","follow":"follow","max-snippet":"max-snippet:-1","max-image-preview":"max-image-preview:large","max-video-preview":"max-video-preview:-1"},"canonical":"https:\/\/www.ferrycroatia.com\/en\/korcula-catamaran-port\/","og_locale":"en_US","og_type":"article","og_title":"Korcula ferry port, catamaran arrivals and departure times","og_description":"Catamarans from Korcula ferry port, how to reach the ferry port by bus or by car from other destinations in Croatia, find departure and arrival times of catamarans from Korcula town port","og_url":"https:\/\/www.ferrycroatia.com\/en\/korcula-catamaran-port\/","og_site_name":"Ferry Croatia","article_modified_time":"2022-01-17T13:23:23+00:00","og_image":[{"width":1024,"height":768,"url":"https:\/\/www.ferrycroatia.com\/en\/wp-content\/uploads\/2016\/07\/Korcula.jpg","type":"image\/jpeg"}],"twitter_card":"summary_large_image","twitter_misc":{"Est. reading time":"2 minutes"},"schema":{"@context":"https:\/\/schema.org","@graph":[{"@type":"WebPage","@id":"https:\/\/www.ferrycroatia.com\/en\/korcula-catamaran-port\/","url":"https:\/\/www.ferrycroatia.com\/en\/korcula-catamaran-port\/","name":"Korcula ferry port, catamaran arrivals and departure times","isPartOf":{"@id":"https:\/\/www.ferrycroatia.com\/en\/#website"},"datePublished":"2016-07-14T16:02:34+00:00","dateModified":"2022-01-17T13:23:23+00:00","description":"Catamarans from Korcula ferry port, how to reach the ferry port by bus or by car from other destinations in Croatia, find departure and arrival times of catamarans from Korcula town port","breadcrumb":{"@id":"https:\/\/www.ferrycroatia.com\/en\/korcula-catamaran-port\/#breadcrumb"},"inLanguage":"en-US","potentialAction":[{"@type":"ReadAction","target":["https:\/\/www.ferrycroatia.com\/en\/korcula-catamaran-port\/"]}]},{"@type":"BreadcrumbList","@id":"https:\/\/www.ferrycroatia.com\/en\/korcula-catamaran-port\/#breadcrumb","itemListElement":[{"@type":"ListItem","position":1,"name":"Home","item":"https:\/\/www.ferrycroatia.com\/en\/"},{"@type":"ListItem","position":2,"name":"Korcula town port"}]},{"@type":"WebSite","@id":"https:\/\/www.ferrycroatia.com\/en\/#website","url":"https:\/\/www.ferrycroatia.com\/en\/","name":"Ferry Croatia","description":"Info\u2019s and timetables - all catamarans and ferries in Croatia","potentialAction":[{"@type":"SearchAction","target":{"@type":"EntryPoint","urlTemplate":"https:\/\/www.ferrycroatia.com\/en\/?s={search_term_string}"},"query-input":"required name=search_term_string"}],"inLanguage":"en-US"}]}},"_links":{"self":[{"href":"https:\/\/www.ferrycroatia.com\/en\/wp-json\/wp\/v2\/pages\/390"}],"collection":[{"href":"https:\/\/www.ferrycroatia.com\/en\/wp-json\/wp\/v2\/pages"}],"about":[{"href":"https:\/\/www.ferrycroatia.com\/en\/wp-json\/wp\/v2\/types\/page"}],"author":[{"embeddable":true,"href":"https:\/\/www.ferrycroatia.com\/en\/wp-json\/wp\/v2\/users\/1"}],"replies":[{"embeddable":true,"href":"https:\/\/www.ferrycroatia.com\/en\/wp-json\/wp\/v2\/comments?post=390"}],"version-history":[{"count":16,"href":"https:\/\/www.ferrycroatia.com\/en\/wp-json\/wp\/v2\/pages\/390\/revisions"}],"predecessor-version":[{"id":7818,"href":"https:\/\/www.ferrycroatia.com\/en\/wp-json\/wp\/v2\/pages\/390\/revisions\/7818"}],"wp:featuredmedia":[{"embeddable":true,"href":"https:\/\/www.ferrycroatia.com\/en\/wp-json\/wp\/v2\/media\/412"}],"wp:attachment":[{"href":"https:\/\/www.ferrycroatia.com\/en\/wp-json\/wp\/v2\/media?parent=390"}],"curies":[{"name":"wp","href":"https:\/\/api.w.org\/{rel}","templated":true}]}}