{"id":605,"date":"2016-08-01T13:49:55","date_gmt":"2016-08-01T13:49:55","guid":{"rendered":"http:\/\/www.ferrycroatia.com\/?page_id=605"},"modified":"2022-02-09T13:43:31","modified_gmt":"2022-02-09T12:43:31","slug":"brsanj-ferry-port","status":"publish","type":"page","link":"https:\/\/www.ferrycroatia.com\/en\/brsanj-ferry-port\/","title":{"rendered":"Br\u0161anj ferry port"},"content":{"rendered":"\r\n<p><strong>Br\u0161anj is not a town<\/strong>,<strong> it\u2019s only a ferry terminal<\/strong> of the town <a href=\"https:\/\/www.ferrycroatia.com\/en\/mali-iz-catamaran-port\/\">Mali I\u017e<\/a> located on the southeastern side of the <a href=\"https:\/\/www.ferrycroatia.com\/en\/island-iz\/\">island of I\u017e.<\/a> The ferry terminal is located at around 1 km from the town centre. The ferry terminal in Br\u0161anj is connected by regular ferry lines with the <a href=\"https:\/\/www.ferrycroatia.com\/zadar-ferry-port\/\"><strong>ferry terminal of Ga\u017eenica in Zadar<\/strong><\/a> and the <a href=\"https:\/\/www.ferrycroatia.com\/en\/island-rava\/\">island of Rava<\/a>. In addition to the car ferry there is a catamaran connection from Zadar which operates only on specific periods of the year.<\/p><div id=\"ez-toc-container\" class=\"ez-toc-v2_0_62 counter-hierarchy ez-toc-counter ez-toc-custom ez-toc-container-direction\">\n<div class=\"ez-toc-title-container\">\n<p class=\"ez-toc-title \" >Table of Contents<\/p>\n<span class=\"ez-toc-title-toggle\"><a href=\"#\" class=\"ez-toc-pull-right ez-toc-btn ez-toc-btn-xs ez-toc-btn-default ez-toc-toggle\" aria-label=\"Toggle Table of Content\"><span class=\"ez-toc-js-icon-con\"><span class=\"\"><span class=\"eztoc-hide\" style=\"display:none;\">Toggle<\/span><span class=\"ez-toc-icon-toggle-span\"><svg style=\"fill: #070c63;color:#070c63\" xmlns=\"http:\/\/www.w3.org\/2000\/svg\" class=\"list-377408\" width=\"20px\" height=\"20px\" viewBox=\"0 0 24 24\" fill=\"none\"><path d=\"M6 6H4v2h2V6zm14 0H8v2h12V6zM4 11h2v2H4v-2zm16 0H8v2h12v-2zM4 16h2v2H4v-2zm16 0H8v2h12v-2z\" fill=\"currentColor\"><\/path><\/svg><svg style=\"fill: #070c63;color:#070c63\" class=\"arrow-unsorted-368013\" xmlns=\"http:\/\/www.w3.org\/2000\/svg\" width=\"10px\" height=\"10px\" viewBox=\"0 0 24 24\" version=\"1.2\" baseProfile=\"tiny\"><path d=\"M18.2 9.3l-6.2-6.3-6.2 6.3c-.2.2-.3.4-.3.7s.1.5.3.7c.2.2.4.3.7.3h11c.3 0 .5-.1.7-.3.2-.2.3-.5.3-.7s-.1-.5-.3-.7zM5.8 14.7l6.2 6.3 6.2-6.3c.2-.2.3-.5.3-.7s-.1-.5-.3-.7c-.2-.2-.4-.3-.7-.3h-11c-.3 0-.5.1-.7.3-.2.2-.3.5-.3.7s.1.5.3.7z\"\/><\/svg><\/span><\/span><\/span><\/a><\/span><\/div>\n<nav><ul class='ez-toc-list ez-toc-list-level-1 eztoc-toggle-hide-by-default' ><li class='ez-toc-page-1 ez-toc-heading-level-3'><a class=\"ez-toc-link ez-toc-heading-1\" href=\"https:\/\/www.ferrycroatia.com\/en\/brsanj-ferry-port\/#Getting_to_and_from_Brsanj_port\" title=\"Getting to and from Br\u0161anj port \">Getting to and from Br\u0161anj port <\/a><\/li><li class='ez-toc-page-1 ez-toc-heading-level-3'><a class=\"ez-toc-link ez-toc-heading-2\" href=\"https:\/\/www.ferrycroatia.com\/en\/brsanj-ferry-port\/#Brsanj_port_facilities\" title=\"Br\u0161anj port facilities \">Br\u0161anj port facilities <\/a><\/li><li class='ez-toc-page-1 ez-toc-heading-level-3'><a class=\"ez-toc-link ez-toc-heading-3\" href=\"https:\/\/www.ferrycroatia.com\/en\/brsanj-ferry-port\/#Brsanj_port_location\" title=\"Br\u0161anj port location \">Br\u0161anj port location <\/a><\/li><li class='ez-toc-page-1 ez-toc-heading-level-3'><a class=\"ez-toc-link ez-toc-heading-4\" href=\"https:\/\/www.ferrycroatia.com\/en\/brsanj-ferry-port\/#List_of_ferry_routes_to_and_from_Brsanj\" title=\"List of ferry routes to and from Br\u0161anj\">List of ferry routes to and from Br\u0161anj<\/a><\/li><\/ul><\/nav><\/div>\n\r\n\r\n\r\n\r\n<h3><span class=\"ez-toc-section\" id=\"Getting_to_and_from_Brsanj_port\"><\/span><b>Getting to and from Br\u0161anj port<br \/><\/b><span class=\"ez-toc-section-end\"><\/span><\/h3>\r\n\r\n\r\n\r\n<p>The <strong>car ferry between Zadar Ga\u017eenica and Br\u0161anj<\/strong> has a travel time of about 1 hour and 30 minutes. If you arrive at Zadar airport you can get to the ferry port by taxi in about <strong>20 minutes.<\/strong> As mentioned above, the ferry port Br\u0161anj is not a city, so you should contact your landlord to ask if he could <strong>arrange transportation from the ferry port upon your arrival<\/strong>. If you are flexible with time, <strong>you could also take the catamaran from Zadar<\/strong>, which stops both in Mali and Veli I\u017e.<\/p>\r\n\r\n\r\n\r\n<h3><span class=\"ez-toc-section\" id=\"Brsanj_port_facilities\"><\/span><b>Br\u0161anj port facilities<br \/><\/b><span class=\"ez-toc-section-end\"><\/span><\/h3>\r\n\r\n\r\n\r\n<p>Bra\u0161anj is located 1 km from the centre of the town Mali I\u017e where all the facilities are.<strong> The only facility at the ferry terminal is the ticket office. <\/strong>If you might need to buy something, you\u2019ll have to go to Mali I\u017e.<\/p>\r\n\r\n\r\n\r\n<h3><span class=\"ez-toc-section\" id=\"Brsanj_port_location\"><\/span><b>Br\u0161anj port location<br \/><\/b><span class=\"ez-toc-section-end\"><\/span><\/h3>\r\n\r\n\r\n\r\n<ul>\r\n<li>Longitude: 15.146519<\/li>\r\n<li>Latitude: 44.024261<\/li>\r\n<li>23284 Br\u0161anj (I\u017e)<\/li>\r\n<\/ul>\r\n\r\n\r\n\r\n<figure class=\"wp-block-image\"><a class=\"lightbox\" href=\"https:\/\/www.ferrycroatia.com\/wp-content\/uploads\/2016\/08\/Brsanj-ferry-port.jpg\"><img decoding=\"async\" loading=\"lazy\" class=\"alignnone wp-image-609\" data-src=\"http:\/\/www.ferrycroatia.com\/wp-content\/uploads\/2016\/08\/Brsanj-ferry-port.jpg\" alt=\"Brsanj ferry port\" width=\"1024\" height=\"708\" data-srcset=\"https:\/\/www.ferrycroatia.com\/en\/wp-content\/uploads\/2016\/08\/Brsanj-ferry-port.jpg 1024w, https:\/\/www.ferrycroatia.com\/en\/wp-content\/uploads\/2016\/08\/Brsanj-ferry-port-300x207.jpg 300w, https:\/\/www.ferrycroatia.com\/en\/wp-content\/uploads\/2016\/08\/Brsanj-ferry-port-768x531.jpg 768w\" sizes=\"(max-width: 1024px) 100vw, 1024px\" \/><\/a><\/figure>\r\n\r\n\r\n\r\n<h3><span class=\"ez-toc-section\" id=\"List_of_ferry_routes_to_and_from_Brsanj\"><\/span><b>List of ferry routes to and from Br\u0161anj<\/b><span class=\"ez-toc-section-end\"><\/span><\/h3>\r\n\r\n\r\n\r\n<p>Car ferry line: Zadar (Ga\u017eenica) &#8211; Br\u0161anj (I\u017e) &#8211; Rava &#8211; Mala Rava<\/p>\r\n\r\n\r\n\r\n<p>Catamaran Zadar &#8211; Sali &#8211; Zaglav &#8211; Brsanj<\/p>\r\n\r\n\r\n\r\n<figure class=\"wp-block-table\">\r\n<table>\r\n<tbody>\r\n<tr>\r\n<td><a href=\"https:\/\/www.ferrycroatia.com\/en\/brsanj-zadar\/\">Br\u0161anj &#8211; Zadar<\/a><\/td>\r\n<td><a href=\"https:\/\/www.ferrycroatia.com\/en\/brsanj-rava\/\">Br\u0161anj &#8211; Rava<\/a><\/td>\r\n<td><a href=\"https:\/\/www.ferrycroatia.com\/en\/brsanj-mala-rava\/\">Br\u0161anj &#8211; Mala Rava<\/a><\/td>\r\n<\/tr>\r\n<tr>\r\n<td><a href=\"https:\/\/www.ferrycroatia.com\/en\/zadar-brsanj\/\">Zadar &#8211; Brsanj<\/a><\/td>\r\n<td><a href=\"https:\/\/www.ferrycroatia.com\/en\/rava-brsanj\/\">Rava &#8211; Brsanj<\/a><\/td>\r\n<td><a href=\"https:\/\/www.ferrycroatia.com\/en\/mala-rava-brsanj\/\">Mala Rava &#8211; Brsanj<\/a><\/td>\r\n<\/tr>\r\n<\/tbody>\r\n<\/table>\r\n<\/figure>\r\n","protected":false},"excerpt":{"rendered":"<p>Br\u0161anj is not a town, it\u2019s only a ferry terminal of the town Mali I\u017e located on the southeastern side of the island of I\u017e. The ferry terminal is located at around 1 km from the town centre. The ferry terminal in Br\u0161anj is connected by regular ferry lines with the ferry terminal of Ga\u017eenica [&hellip;]<\/p>\n<p><a class=\"more-link\" href=\"https:\/\/www.ferrycroatia.com\/en\/brsanj-ferry-port\/\"> Continue reading&#8230;<\/a><\/p>\n","protected":false},"author":1,"featured_media":0,"parent":0,"menu_order":0,"comment_status":"closed","ping_status":"closed","template":"","meta":[],"yoast_head":"<!-- This site is optimized with the Yoast SEO plugin v19.8 - https:\/\/yoast.com\/wordpress\/plugins\/seo\/ -->\n<title>Br\u0161anj ferry terminal, getting to Island I\u017e with car ferry<\/title>\n<meta name=\"description\" content=\"Brsanj ferry port on Island Iz, information and location of the port as well as list of departures from the Brsanj port\" \/>\n<meta name=\"robots\" content=\"index, follow, max-snippet:-1, max-image-preview:large, max-video-preview:-1\" \/>\n<link rel=\"canonical\" href=\"https:\/\/www.ferrycroatia.com\/en\/brsanj-ferry-port\/\" \/>\n<meta property=\"og:locale\" content=\"en_US\" \/>\n<meta property=\"og:type\" content=\"article\" \/>\n<meta property=\"og:title\" content=\"Br\u0161anj ferry terminal, getting to Island I\u017e with car ferry\" \/>\n<meta property=\"og:description\" content=\"Brsanj ferry port on Island Iz, information and location of the port as well as list of departures from the Brsanj port\" \/>\n<meta property=\"og:url\" content=\"https:\/\/www.ferrycroatia.com\/en\/brsanj-ferry-port\/\" \/>\n<meta property=\"og:site_name\" content=\"Ferry Croatia\" \/>\n<meta property=\"article:modified_time\" content=\"2022-02-09T12:43:31+00:00\" \/>\n<meta property=\"og:image\" content=\"http:\/\/www.ferrycroatia.com\/wp-content\/uploads\/2016\/08\/Brsanj-ferry-port.jpg\" \/>\n<meta name=\"twitter:card\" content=\"summary_large_image\" \/>\n<meta name=\"twitter:label1\" content=\"Est. reading time\" \/>\n\t<meta name=\"twitter:data1\" content=\"2 minutes\" \/>\n<script type=\"application\/ld+json\" class=\"yoast-schema-graph\">{\"@context\":\"https:\/\/schema.org\",\"@graph\":[{\"@type\":\"WebPage\",\"@id\":\"https:\/\/www.ferrycroatia.com\/en\/brsanj-ferry-port\/\",\"url\":\"https:\/\/www.ferrycroatia.com\/en\/brsanj-ferry-port\/\",\"name\":\"Br\u0161anj ferry terminal, getting to Island I\u017e with car ferry\",\"isPartOf\":{\"@id\":\"https:\/\/www.ferrycroatia.com\/en\/#website\"},\"datePublished\":\"2016-08-01T13:49:55+00:00\",\"dateModified\":\"2022-02-09T12:43:31+00:00\",\"description\":\"Brsanj ferry port on Island Iz, information and location of the port as well as list of departures from the Brsanj port\",\"breadcrumb\":{\"@id\":\"https:\/\/www.ferrycroatia.com\/en\/brsanj-ferry-port\/#breadcrumb\"},\"inLanguage\":\"en-US\",\"potentialAction\":[{\"@type\":\"ReadAction\",\"target\":[\"https:\/\/www.ferrycroatia.com\/en\/brsanj-ferry-port\/\"]}]},{\"@type\":\"BreadcrumbList\",\"@id\":\"https:\/\/www.ferrycroatia.com\/en\/brsanj-ferry-port\/#breadcrumb\",\"itemListElement\":[{\"@type\":\"ListItem\",\"position\":1,\"name\":\"Home\",\"item\":\"https:\/\/www.ferrycroatia.com\/en\/\"},{\"@type\":\"ListItem\",\"position\":2,\"name\":\"Br\u0161anj ferry port\"}]},{\"@type\":\"WebSite\",\"@id\":\"https:\/\/www.ferrycroatia.com\/en\/#website\",\"url\":\"https:\/\/www.ferrycroatia.com\/en\/\",\"name\":\"Ferry Croatia\",\"description\":\"Info\u2019s and timetables - all catamarans and ferries in Croatia\",\"potentialAction\":[{\"@type\":\"SearchAction\",\"target\":{\"@type\":\"EntryPoint\",\"urlTemplate\":\"https:\/\/www.ferrycroatia.com\/en\/?s={search_term_string}\"},\"query-input\":\"required name=search_term_string\"}],\"inLanguage\":\"en-US\"}]}<\/script>\n<!-- \/ Yoast SEO plugin. -->","yoast_head_json":{"title":"Br\u0161anj ferry terminal, getting to Island I\u017e with car ferry","description":"Brsanj ferry port on Island Iz, information and location of the port as well as list of departures from the Brsanj port","robots":{"index":"index","follow":"follow","max-snippet":"max-snippet:-1","max-image-preview":"max-image-preview:large","max-video-preview":"max-video-preview:-1"},"canonical":"https:\/\/www.ferrycroatia.com\/en\/brsanj-ferry-port\/","og_locale":"en_US","og_type":"article","og_title":"Br\u0161anj ferry terminal, getting to Island I\u017e with car ferry","og_description":"Brsanj ferry port on Island Iz, information and location of the port as well as list of departures from the Brsanj port","og_url":"https:\/\/www.ferrycroatia.com\/en\/brsanj-ferry-port\/","og_site_name":"Ferry Croatia","article_modified_time":"2022-02-09T12:43:31+00:00","og_image":[{"url":"http:\/\/www.ferrycroatia.com\/wp-content\/uploads\/2016\/08\/Brsanj-ferry-port.jpg"}],"twitter_card":"summary_large_image","twitter_misc":{"Est. reading time":"2 minutes"},"schema":{"@context":"https:\/\/schema.org","@graph":[{"@type":"WebPage","@id":"https:\/\/www.ferrycroatia.com\/en\/brsanj-ferry-port\/","url":"https:\/\/www.ferrycroatia.com\/en\/brsanj-ferry-port\/","name":"Br\u0161anj ferry terminal, getting to Island I\u017e with car ferry","isPartOf":{"@id":"https:\/\/www.ferrycroatia.com\/en\/#website"},"datePublished":"2016-08-01T13:49:55+00:00","dateModified":"2022-02-09T12:43:31+00:00","description":"Brsanj ferry port on Island Iz, information and location of the port as well as list of departures from the Brsanj port","breadcrumb":{"@id":"https:\/\/www.ferrycroatia.com\/en\/brsanj-ferry-port\/#breadcrumb"},"inLanguage":"en-US","potentialAction":[{"@type":"ReadAction","target":["https:\/\/www.ferrycroatia.com\/en\/brsanj-ferry-port\/"]}]},{"@type":"BreadcrumbList","@id":"https:\/\/www.ferrycroatia.com\/en\/brsanj-ferry-port\/#breadcrumb","itemListElement":[{"@type":"ListItem","position":1,"name":"Home","item":"https:\/\/www.ferrycroatia.com\/en\/"},{"@type":"ListItem","position":2,"name":"Br\u0161anj ferry port"}]},{"@type":"WebSite","@id":"https:\/\/www.ferrycroatia.com\/en\/#website","url":"https:\/\/www.ferrycroatia.com\/en\/","name":"Ferry Croatia","description":"Info\u2019s and timetables - all catamarans and ferries in Croatia","potentialAction":[{"@type":"SearchAction","target":{"@type":"EntryPoint","urlTemplate":"https:\/\/www.ferrycroatia.com\/en\/?s={search_term_string}"},"query-input":"required name=search_term_string"}],"inLanguage":"en-US"}]}},"_links":{"self":[{"href":"https:\/\/www.ferrycroatia.com\/en\/wp-json\/wp\/v2\/pages\/605"}],"collection":[{"href":"https:\/\/www.ferrycroatia.com\/en\/wp-json\/wp\/v2\/pages"}],"about":[{"href":"https:\/\/www.ferrycroatia.com\/en\/wp-json\/wp\/v2\/types\/page"}],"author":[{"embeddable":true,"href":"https:\/\/www.ferrycroatia.com\/en\/wp-json\/wp\/v2\/users\/1"}],"replies":[{"embeddable":true,"href":"https:\/\/www.ferrycroatia.com\/en\/wp-json\/wp\/v2\/comments?post=605"}],"version-history":[{"count":18,"href":"https:\/\/www.ferrycroatia.com\/en\/wp-json\/wp\/v2\/pages\/605\/revisions"}],"predecessor-version":[{"id":8026,"href":"https:\/\/www.ferrycroatia.com\/en\/wp-json\/wp\/v2\/pages\/605\/revisions\/8026"}],"wp:attachment":[{"href":"https:\/\/www.ferrycroatia.com\/en\/wp-json\/wp\/v2\/media?parent=605"}],"curies":[{"name":"wp","href":"https:\/\/api.w.org\/{rel}","templated":true}]}}