{"id":649,"date":"2016-08-02T16:47:01","date_gmt":"2016-08-02T16:47:01","guid":{"rendered":"http:\/\/www.ferrycroatia.com\/?page_id=649"},"modified":"2022-01-18T08:30:28","modified_gmt":"2022-01-18T07:30:28","slug":"polace-port","status":"publish","type":"page","link":"https:\/\/www.ferrycroatia.com\/en\/polace-port\/","title":{"rendered":"Pola\u010de port"},"content":{"rendered":"<p><strong>Pola\u010de is a village on the northwest side of the <a href=\"https:\/\/www.ferrycroatia.com\/en\/island-mljet\/\">island of Mljet<\/a><\/strong> in the part of the national park of Mljet. It\u2019s located in a wide bay surrounded by four little islands, that\u2019s why it\u2019s considered one of the safest ports of the Adriatic, located right in the centre of the village.<\/p><div id=\"ez-toc-container\" class=\"ez-toc-v2_0_62 counter-hierarchy ez-toc-counter ez-toc-custom ez-toc-container-direction\">\n<div class=\"ez-toc-title-container\">\n<p class=\"ez-toc-title \" >Table of Contents<\/p>\n<span class=\"ez-toc-title-toggle\"><a href=\"#\" class=\"ez-toc-pull-right ez-toc-btn ez-toc-btn-xs ez-toc-btn-default ez-toc-toggle\" aria-label=\"Toggle Table of Content\"><span class=\"ez-toc-js-icon-con\"><span class=\"\"><span class=\"eztoc-hide\" style=\"display:none;\">Toggle<\/span><span class=\"ez-toc-icon-toggle-span\"><svg style=\"fill: #070c63;color:#070c63\" xmlns=\"http:\/\/www.w3.org\/2000\/svg\" class=\"list-377408\" width=\"20px\" height=\"20px\" viewBox=\"0 0 24 24\" fill=\"none\"><path d=\"M6 6H4v2h2V6zm14 0H8v2h12V6zM4 11h2v2H4v-2zm16 0H8v2h12v-2zM4 16h2v2H4v-2zm16 0H8v2h12v-2z\" fill=\"currentColor\"><\/path><\/svg><svg style=\"fill: #070c63;color:#070c63\" class=\"arrow-unsorted-368013\" xmlns=\"http:\/\/www.w3.org\/2000\/svg\" width=\"10px\" height=\"10px\" viewBox=\"0 0 24 24\" version=\"1.2\" baseProfile=\"tiny\"><path d=\"M18.2 9.3l-6.2-6.3-6.2 6.3c-.2.2-.3.4-.3.7s.1.5.3.7c.2.2.4.3.7.3h11c.3 0 .5-.1.7-.3.2-.2.3-.5.3-.7s-.1-.5-.3-.7zM5.8 14.7l6.2 6.3 6.2-6.3c.2-.2.3-.5.3-.7s-.1-.5-.3-.7c-.2-.2-.4-.3-.7-.3h-11c-.3 0-.5.1-.7.3-.2.2-.3.5-.3.7s.1.5.3.7z\"\/><\/svg><\/span><\/span><\/span><\/a><\/span><\/div>\n<nav><ul class='ez-toc-list ez-toc-list-level-1 eztoc-toggle-hide-by-default' ><li class='ez-toc-page-1 ez-toc-heading-level-3'><a class=\"ez-toc-link ez-toc-heading-1\" href=\"https:\/\/www.ferrycroatia.com\/en\/polace-port\/#Getting_to_and_from_Polace_port\" title=\"Getting to and from Pola\u010de port\">Getting to and from Pola\u010de port<\/a><\/li><li class='ez-toc-page-1 ez-toc-heading-level-3'><a class=\"ez-toc-link ez-toc-heading-2\" href=\"https:\/\/www.ferrycroatia.com\/en\/polace-port\/#Polace_port_facilities\" title=\"Pola\u010de port facilities\">Pola\u010de port facilities<\/a><\/li><li class='ez-toc-page-1 ez-toc-heading-level-3'><a class=\"ez-toc-link ez-toc-heading-3\" href=\"https:\/\/www.ferrycroatia.com\/en\/polace-port\/#Polace_port_location\" title=\"Pola\u010de port location\">Pola\u010de port location<\/a><\/li><li class='ez-toc-page-1 ez-toc-heading-level-3'><a class=\"ez-toc-link ez-toc-heading-4\" href=\"https:\/\/www.ferrycroatia.com\/en\/polace-port\/#List_of_catamaran_routes_to_and_from_Polace\" title=\"List of catamaran routes to and from Pola\u010de\">List of catamaran routes to and from Pola\u010de<\/a><\/li><\/ul><\/nav><\/div>\n\n<h3><span class=\"ez-toc-section\" id=\"Getting_to_and_from_Polace_port\"><\/span>Getting to and from Pola\u010de port<span class=\"ez-toc-section-end\"><\/span><\/h3>\n<p>The travel time with the <strong>catamaran from Dubrovnik to Pola\u010de<\/strong> is around 1 hour and 40 minutes, once you arrive in Pola\u010de you will be able to walk to any accommodation in the city. If you are <strong>staying elsewhere on the island<\/strong> you can get around by bus or taxi. The bus stop of Pola\u010de is located close to the Pola\u010de port.<\/p>\n<p>If you <strong>land in the Dubrovnik airport you need about 20 minutes<\/strong> from exiting the terminal to get to where the catamaran departure, to get ticket you should be in the port 30 minutes before departure.<\/p>\n<h3><span class=\"ez-toc-section\" id=\"Polace_port_facilities\"><\/span>Pola\u010de port facilities<span class=\"ez-toc-section-end\"><\/span><\/h3>\n<p>As already mentioned above, Pola\u010de is a really small village with a catamaran port located right in the centre of it. There aren\u2019t many facilities there, but all the things that you can find will be near the port.<\/p>\n<h3><span class=\"ez-toc-section\" id=\"Polace_port_location\"><\/span>Pola\u010de port location<span class=\"ez-toc-section-end\"><\/span><\/h3>\n<ul>\n<li>Longitude: 17.378509<\/li>\n<li>Latitude: 42.785864<\/li>\n<li>D120<\/li>\n<li>20226 Pola\u010de (Mljet)<\/li>\n<\/ul>\n<p><img decoding=\"async\" loading=\"lazy\" class=\"alignnone wp-image-651 size-full\" data-src=\"https:\/\/www.ferrycroatia.com\/en\/wp-content\/uploads\/2016\/08\/Polace-ferry-port.jpg\" alt=\"Polace ferry port\" width=\"1024\" height=\"684\" data-srcset=\"https:\/\/www.ferrycroatia.com\/en\/wp-content\/uploads\/2016\/08\/Polace-ferry-port.jpg 1024w, https:\/\/www.ferrycroatia.com\/en\/wp-content\/uploads\/2016\/08\/Polace-ferry-port-300x200.jpg 300w, https:\/\/www.ferrycroatia.com\/en\/wp-content\/uploads\/2016\/08\/Polace-ferry-port-768x513.jpg 768w\" sizes=\"(max-width: 1024px) 100vw, 1024px\" \/><\/p>\n<h3><span class=\"ez-toc-section\" id=\"List_of_catamaran_routes_to_and_from_Polace\"><\/span>List of catamaran routes to and from Pola\u010de<span class=\"ez-toc-section-end\"><\/span><\/h3>\n<p>\u2192 Catamaran: Dubrovnik-Luka-Sipanska-Sobra (Mljet)-Pola\u010de (Mljet)-Kor\u010dula-Ubli (Lastovo)<\/p>\n<ul>\n<li><a href=\"https:\/\/www.ferrycroatia.com\/en\/polace-dubrovnik\/\">Pola\u010de &#8211; Dubrovnik<\/a><\/li>\n<li><a href=\"https:\/\/www.ferrycroatia.com\/en\/polace-sipanjska-luka\/\">Pola\u010de &#8211; Luka \u0160ipanska<\/a><\/li>\n<li>Pola\u010de &#8211; Sobra<\/li>\n<li><a href=\"https:\/\/www.ferrycroatia.com\/en\/polace-korcula\/\">Pola\u010de &#8211; Kor\u010dula<\/a><\/li>\n<li><a href=\"https:\/\/www.ferrycroatia.com\/en\/polace-ubli\/\">Pola\u010de &#8211; Ubli<\/a><\/li>\n<\/ul>\n","protected":false},"excerpt":{"rendered":"<p>Pola\u010de is a village on the northwest side of the island of Mljet in the part of the national park of Mljet. It\u2019s located in a wide bay surrounded by four little islands, that\u2019s why it\u2019s considered one of the safest ports of the Adriatic, located right in the centre of the village. Getting to [&hellip;]<\/p>\n<p><a class=\"more-link\" href=\"https:\/\/www.ferrycroatia.com\/en\/polace-port\/\"> Continue reading&#8230;<\/a><\/p>\n","protected":false},"author":1,"featured_media":0,"parent":0,"menu_order":0,"comment_status":"closed","ping_status":"closed","template":"","meta":[],"yoast_head":"<!-- This site is optimized with the Yoast SEO plugin v19.8 - https:\/\/yoast.com\/wordpress\/plugins\/seo\/ -->\n<title>Pola\u010de ferry port, getting to and from Pola\u0107e Mljet<\/title>\n<meta name=\"robots\" content=\"index, follow, max-snippet:-1, max-image-preview:large, max-video-preview:-1\" \/>\n<link rel=\"canonical\" href=\"https:\/\/www.ferrycroatia.com\/en\/polace-port\/\" \/>\n<meta property=\"og:locale\" content=\"en_US\" \/>\n<meta property=\"og:type\" content=\"article\" \/>\n<meta property=\"og:title\" content=\"Pola\u010de ferry port, getting to and from Pola\u0107e Mljet\" \/>\n<meta property=\"og:description\" content=\"Pola\u010de is a village on the northwest side of the island of Mljet in the part of the national park of Mljet. It\u2019s located in a wide bay surrounded by four little islands, that\u2019s why it\u2019s considered one of the safest ports of the Adriatic, located right in the centre of the village. Getting to [&hellip;] Continue reading...\" \/>\n<meta property=\"og:url\" content=\"https:\/\/www.ferrycroatia.com\/en\/polace-port\/\" \/>\n<meta property=\"og:site_name\" content=\"Ferry Croatia\" \/>\n<meta property=\"article:modified_time\" content=\"2022-01-18T07:30:28+00:00\" \/>\n<meta property=\"og:image\" content=\"https:\/\/www.ferrycroatia.com\/en\/wp-content\/uploads\/2016\/08\/Polace-ferry-port.jpg\" \/>\n<meta name=\"twitter:card\" content=\"summary_large_image\" \/>\n<meta name=\"twitter:label1\" content=\"Est. reading time\" \/>\n\t<meta name=\"twitter:data1\" content=\"2 minutes\" \/>\n<script type=\"application\/ld+json\" class=\"yoast-schema-graph\">{\"@context\":\"https:\/\/schema.org\",\"@graph\":[{\"@type\":\"WebPage\",\"@id\":\"https:\/\/www.ferrycroatia.com\/en\/polace-port\/\",\"url\":\"https:\/\/www.ferrycroatia.com\/en\/polace-port\/\",\"name\":\"Pola\u010de ferry port, getting to and from Pola\u0107e Mljet\",\"isPartOf\":{\"@id\":\"https:\/\/www.ferrycroatia.com\/en\/#website\"},\"datePublished\":\"2016-08-02T16:47:01+00:00\",\"dateModified\":\"2022-01-18T07:30:28+00:00\",\"breadcrumb\":{\"@id\":\"https:\/\/www.ferrycroatia.com\/en\/polace-port\/#breadcrumb\"},\"inLanguage\":\"en-US\",\"potentialAction\":[{\"@type\":\"ReadAction\",\"target\":[\"https:\/\/www.ferrycroatia.com\/en\/polace-port\/\"]}]},{\"@type\":\"BreadcrumbList\",\"@id\":\"https:\/\/www.ferrycroatia.com\/en\/polace-port\/#breadcrumb\",\"itemListElement\":[{\"@type\":\"ListItem\",\"position\":1,\"name\":\"Home\",\"item\":\"https:\/\/www.ferrycroatia.com\/en\/\"},{\"@type\":\"ListItem\",\"position\":2,\"name\":\"Pola\u010de port\"}]},{\"@type\":\"WebSite\",\"@id\":\"https:\/\/www.ferrycroatia.com\/en\/#website\",\"url\":\"https:\/\/www.ferrycroatia.com\/en\/\",\"name\":\"Ferry Croatia\",\"description\":\"Info\u2019s and timetables - all catamarans and ferries in Croatia\",\"potentialAction\":[{\"@type\":\"SearchAction\",\"target\":{\"@type\":\"EntryPoint\",\"urlTemplate\":\"https:\/\/www.ferrycroatia.com\/en\/?s={search_term_string}\"},\"query-input\":\"required name=search_term_string\"}],\"inLanguage\":\"en-US\"}]}<\/script>\n<!-- \/ Yoast SEO plugin. -->","yoast_head_json":{"title":"Pola\u010de ferry port, getting to and from Pola\u0107e Mljet","robots":{"index":"index","follow":"follow","max-snippet":"max-snippet:-1","max-image-preview":"max-image-preview:large","max-video-preview":"max-video-preview:-1"},"canonical":"https:\/\/www.ferrycroatia.com\/en\/polace-port\/","og_locale":"en_US","og_type":"article","og_title":"Pola\u010de ferry port, getting to and from Pola\u0107e Mljet","og_description":"Pola\u010de is a village on the northwest side of the island of Mljet in the part of the national park of Mljet. It\u2019s located in a wide bay surrounded by four little islands, that\u2019s why it\u2019s considered one of the safest ports of the Adriatic, located right in the centre of the village. Getting to [&hellip;] Continue reading...","og_url":"https:\/\/www.ferrycroatia.com\/en\/polace-port\/","og_site_name":"Ferry Croatia","article_modified_time":"2022-01-18T07:30:28+00:00","og_image":[{"url":"https:\/\/www.ferrycroatia.com\/en\/wp-content\/uploads\/2016\/08\/Polace-ferry-port.jpg"}],"twitter_card":"summary_large_image","twitter_misc":{"Est. reading time":"2 minutes"},"schema":{"@context":"https:\/\/schema.org","@graph":[{"@type":"WebPage","@id":"https:\/\/www.ferrycroatia.com\/en\/polace-port\/","url":"https:\/\/www.ferrycroatia.com\/en\/polace-port\/","name":"Pola\u010de ferry port, getting to and from Pola\u0107e Mljet","isPartOf":{"@id":"https:\/\/www.ferrycroatia.com\/en\/#website"},"datePublished":"2016-08-02T16:47:01+00:00","dateModified":"2022-01-18T07:30:28+00:00","breadcrumb":{"@id":"https:\/\/www.ferrycroatia.com\/en\/polace-port\/#breadcrumb"},"inLanguage":"en-US","potentialAction":[{"@type":"ReadAction","target":["https:\/\/www.ferrycroatia.com\/en\/polace-port\/"]}]},{"@type":"BreadcrumbList","@id":"https:\/\/www.ferrycroatia.com\/en\/polace-port\/#breadcrumb","itemListElement":[{"@type":"ListItem","position":1,"name":"Home","item":"https:\/\/www.ferrycroatia.com\/en\/"},{"@type":"ListItem","position":2,"name":"Pola\u010de port"}]},{"@type":"WebSite","@id":"https:\/\/www.ferrycroatia.com\/en\/#website","url":"https:\/\/www.ferrycroatia.com\/en\/","name":"Ferry Croatia","description":"Info\u2019s and timetables - all catamarans and ferries in Croatia","potentialAction":[{"@type":"SearchAction","target":{"@type":"EntryPoint","urlTemplate":"https:\/\/www.ferrycroatia.com\/en\/?s={search_term_string}"},"query-input":"required name=search_term_string"}],"inLanguage":"en-US"}]}},"_links":{"self":[{"href":"https:\/\/www.ferrycroatia.com\/en\/wp-json\/wp\/v2\/pages\/649"}],"collection":[{"href":"https:\/\/www.ferrycroatia.com\/en\/wp-json\/wp\/v2\/pages"}],"about":[{"href":"https:\/\/www.ferrycroatia.com\/en\/wp-json\/wp\/v2\/types\/page"}],"author":[{"embeddable":true,"href":"https:\/\/www.ferrycroatia.com\/en\/wp-json\/wp\/v2\/users\/1"}],"replies":[{"embeddable":true,"href":"https:\/\/www.ferrycroatia.com\/en\/wp-json\/wp\/v2\/comments?post=649"}],"version-history":[{"count":13,"href":"https:\/\/www.ferrycroatia.com\/en\/wp-json\/wp\/v2\/pages\/649\/revisions"}],"predecessor-version":[{"id":7853,"href":"https:\/\/www.ferrycroatia.com\/en\/wp-json\/wp\/v2\/pages\/649\/revisions\/7853"}],"wp:attachment":[{"href":"https:\/\/www.ferrycroatia.com\/en\/wp-json\/wp\/v2\/media?parent=649"}],"curies":[{"name":"wp","href":"https:\/\/api.w.org\/{rel}","templated":true}]}}