{"id":69,"date":"2016-07-18T06:25:00","date_gmt":"2016-07-18T06:25:00","guid":{"rendered":"http:\/\/www.ferrycroatia.com\/?page_id=69"},"modified":"2022-01-18T11:30:55","modified_gmt":"2022-01-18T10:30:55","slug":"rijeka-ferry-port","status":"publish","type":"page","link":"https:\/\/www.ferrycroatia.com\/en\/rijeka-ferry-port\/","title":{"rendered":"Rijeka ferry port"},"content":{"rendered":"\r\n<p><span style=\"font-weight: 400;\"><strong>Rijeka is the third-largest city in Croatia<\/strong> and the second largest on the Croatian Adriatic coast. It\u2019s considered the biggest Croatian port, even though there are not many passenger lines that go through Rijeka. \u00a0<\/span><span style=\"font-weight: 400;\"><strong>The ferry terminal of Rijeka is located in<\/strong> the very centre of the city, only around 350 m from the main promenade and all the exciting city sights.\u00a0<\/span><\/p><div id=\"ez-toc-container\" class=\"ez-toc-v2_0_62 counter-hierarchy ez-toc-counter ez-toc-custom ez-toc-container-direction\">\n<div class=\"ez-toc-title-container\">\n<p class=\"ez-toc-title \" >Table of Contents<\/p>\n<span class=\"ez-toc-title-toggle\"><a href=\"#\" class=\"ez-toc-pull-right ez-toc-btn ez-toc-btn-xs ez-toc-btn-default ez-toc-toggle\" aria-label=\"Toggle Table of Content\"><span class=\"ez-toc-js-icon-con\"><span class=\"\"><span class=\"eztoc-hide\" style=\"display:none;\">Toggle<\/span><span class=\"ez-toc-icon-toggle-span\"><svg style=\"fill: #070c63;color:#070c63\" xmlns=\"http:\/\/www.w3.org\/2000\/svg\" class=\"list-377408\" width=\"20px\" height=\"20px\" viewBox=\"0 0 24 24\" fill=\"none\"><path d=\"M6 6H4v2h2V6zm14 0H8v2h12V6zM4 11h2v2H4v-2zm16 0H8v2h12v-2zM4 16h2v2H4v-2zm16 0H8v2h12v-2z\" fill=\"currentColor\"><\/path><\/svg><svg style=\"fill: #070c63;color:#070c63\" class=\"arrow-unsorted-368013\" xmlns=\"http:\/\/www.w3.org\/2000\/svg\" width=\"10px\" height=\"10px\" viewBox=\"0 0 24 24\" version=\"1.2\" baseProfile=\"tiny\"><path d=\"M18.2 9.3l-6.2-6.3-6.2 6.3c-.2.2-.3.4-.3.7s.1.5.3.7c.2.2.4.3.7.3h11c.3 0 .5-.1.7-.3.2-.2.3-.5.3-.7s-.1-.5-.3-.7zM5.8 14.7l6.2 6.3 6.2-6.3c.2-.2.3-.5.3-.7s-.1-.5-.3-.7c-.2-.2-.4-.3-.7-.3h-11c-.3 0-.5.1-.7.3-.2.2-.3.5-.3.7s.1.5.3.7z\"\/><\/svg><\/span><\/span><\/span><\/a><\/span><\/div>\n<nav><ul class='ez-toc-list ez-toc-list-level-1 eztoc-toggle-hide-by-default' ><li class='ez-toc-page-1 ez-toc-heading-level-3'><a class=\"ez-toc-link ez-toc-heading-1\" href=\"https:\/\/www.ferrycroatia.com\/en\/rijeka-ferry-port\/#Getting_to_and_from_Rijeka_port\" title=\"Getting to and from Rijeka port\">Getting to and from Rijeka port<\/a><\/li><li class='ez-toc-page-1 ez-toc-heading-level-3'><a class=\"ez-toc-link ez-toc-heading-2\" href=\"https:\/\/www.ferrycroatia.com\/en\/rijeka-ferry-port\/#Getting_from_Rijeka_Airport_to_Rijeka_port\" title=\"Getting from Rijeka Airport to Rijeka port\">Getting from Rijeka Airport to Rijeka port<\/a><\/li><li class='ez-toc-page-1 ez-toc-heading-level-3'><a class=\"ez-toc-link ez-toc-heading-3\" href=\"https:\/\/www.ferrycroatia.com\/en\/rijeka-ferry-port\/#Getting_to_Rijeka_port_from_other_destinations\" title=\"Getting to Rijeka port from other destinations\">Getting to Rijeka port from other destinations<\/a><\/li><li class='ez-toc-page-1 ez-toc-heading-level-3'><a class=\"ez-toc-link ez-toc-heading-4\" href=\"https:\/\/www.ferrycroatia.com\/en\/rijeka-ferry-port\/#Rijeka_port_facilities\" title=\"Rijeka port facilities\">Rijeka port facilities<\/a><\/li><li class='ez-toc-page-1 ez-toc-heading-level-3'><a class=\"ez-toc-link ez-toc-heading-5\" href=\"https:\/\/www.ferrycroatia.com\/en\/rijeka-ferry-port\/#Rijeka_port_location\" title=\"Rijeka port location\">Rijeka port location<\/a><\/li><li class='ez-toc-page-1 ez-toc-heading-level-3'><a class=\"ez-toc-link ez-toc-heading-6\" href=\"https:\/\/www.ferrycroatia.com\/en\/rijeka-ferry-port\/#List_of_catamaran_routes_from_Rijeka\" title=\"List of catamaran routes from Rijeka\">List of catamaran routes from Rijeka<\/a><\/li><\/ul><\/nav><\/div>\n\r\n\r\n\r\n\r\n<h3><span class=\"ez-toc-section\" id=\"Getting_to_and_from_Rijeka_port\"><\/span>Getting to and from Rijeka port<span class=\"ez-toc-section-end\"><\/span><\/h3>\r\n\r\n\r\n\r\n<p>If you are staying in Rijeka and <strong>want to reach the <a href=\"https:\/\/www.ferrycroatia.com\/en\/island-cres\/\">islands of Cres<\/a>, <a href=\"https:\/\/www.ferrycroatia.com\/en\/island-rab\/\">Rab<\/a>, <a href=\"https:\/\/www.ferrycroatia.com\/en\/island-losinj\/\">Mali Lo\u0161inj<\/a>, Unije, Susak<\/strong> and so on, here is how you get to the ferry terminal from different city parts; most of the bus lines pass really close<strong> the ferry terminal (5 minutes walking from it).<br \/><\/strong><\/p>\r\n\r\n\r\n\r\n<p>From the old town to the ferry terminal, you can <strong>take bus numbers 1, 1A, 1B, 2, 4, 5 etc<\/strong>. The bus stop is 5 minutes walking from the ferry terminal and the city center, in general, is only 10 minutes walking (only a few bus stops).<\/p>\r\n\r\n\r\n\r\n<p>If you\u2019re staying in <strong>Kantrida (another popular part of the town)<\/strong>, you have to take a bus number 1 to reach the ferry terminal.<\/p>\r\n\r\n\r\n\r\n<p>The bus ticket is around 10 kn = a little bit more<strong> than a euro if you buy it on the bus.<\/strong><\/p>\r\n\r\n\r\n\r\n<p><strong>From no matter which city part you can also<\/strong> take a taxi. From the city centre and Kantrida, it shouldn\u2019t cost a lot, since it\u2019s not a big distance.<\/p>\r\n\r\n\r\n\r\n<p><span style=\"font-weight: 400;\">If you\u2019re staying in Kastav, you have to <strong>take the bus numbers 18, 18B or 18C.<\/strong> The trip takes around 20 minutes and the ticket is around <strong>16 kn = around 2 euros bought on the bus.<\/strong><\/span><\/p>\r\n\r\n\r\n\r\n<p><strong>If you\u2019re staying in Opatija,<\/strong> you have to take a bus number 32 and the ticket is around 16 kn = around 2 euros bought on the bus.<\/p>\r\n\r\n\r\n\r\n<p>All the buses run from early morning to late evening and there are pretty much frequent. <strong>Please note, that tickets are a little bit more expensive if bought on the kiosk.<\/strong><\/p>\r\n\r\n\r\n\r\n<h3><span class=\"ez-toc-section\" id=\"Getting_from_Rijeka_Airport_to_Rijeka_port\"><\/span>Getting from Rijeka Airport to Rijeka port<span class=\"ez-toc-section-end\"><\/span><\/h3>\r\n\r\n\r\n\r\n<p>The airport of <strong>Rijeka is located around 26 km<\/strong> from the Rijeka ferry terminal near the town of Omi\u0161alj on the island of Krk. Once you land, you can take a <strong>pre-booked transfer or you can take a taxi (around 30 euros). <\/strong><span style=\"font-weight: 400;\">There are also shuttle <strong>buses running from the airport towards Rijeka<\/strong> &#8211; <\/span><span style=\"font-weight: 400;\">drives to the main bus station in Rijeka<\/span><span style=\"font-weight: 400;\">. From there, you can take a local <strong>bus numbers 1, 2, 6 to the ferry terminal.\u00a0 <\/strong><\/span><span style=\"font-weight: 400;\"><strong>The ticket for the shuttle bus is 50 kn = 7 euros<\/strong> and the trip takes around 30 minutes.<\/span><\/p>\r\n\r\n\r\n\r\n<p>If you want to read more about transportation from the airport to the ferry terminal, you can click <a href=\"https:\/\/getbybus.com\/en\/blog\/airport-bus-rijeka\/\">here<\/a>.<\/p>\r\n\r\n\r\n\r\n<h3><span class=\"ez-toc-section\" id=\"Getting_to_Rijeka_port_from_other_destinations\"><\/span>Getting to Rijeka port from other destinations<span class=\"ez-toc-section-end\"><\/span><\/h3>\r\n\r\n\r\n\r\n<p><strong>Rijeka is very well connected by regular and<\/strong> seasonal bus lines with many Croatian and even some European destinations. <strong><a href=\"https:\/\/getbybus.com\/en\/bus-from-rijeka\">The main bus station<\/a> is located<\/strong> at around 10 minutes from the ferry terminal and <strong>you can take bus numbers 1, 2, 6 to get there<\/strong>, or you can take a taxi, especially if you\u2019re with luggage.<\/p>\r\n\r\n\r\n\r\n<p>If you are traveling <strong>by car, coming from the north or the south,<\/strong> taking the highway or the coastal road, once you enter Rijeka, <strong>you will see the sign for the city centre and the ferry terminal.<\/strong> The ferry terminal is located only 350 m from the city centre.<\/p>\r\n\r\n\r\n\r\n<h3><span class=\"ez-toc-section\" id=\"Rijeka_port_facilities\"><\/span>Rijeka port facilities<span class=\"ez-toc-section-end\"><\/span><\/h3>\r\n\r\n\r\n\r\n<p>The ferry terminal is really <strong>close to the city centre and that is the reason why there are many facilities<\/strong> in the ferry terminal and near it: a ticket office, bars, restaurants, shops, banks, post office, historical sites, etc. The main bus station is only <strong>10 minutes (on foot) away and the bus station for local lines is at 5 minutes walking.<\/strong><\/p>\r\n\r\n\r\n\r\n<h3><span class=\"ez-toc-section\" id=\"Rijeka_port_location\"><\/span>Rijeka port location<span class=\"ez-toc-section-end\"><\/span><\/h3>\r\n\r\n\r\n\r\n<blockquote class=\"wp-block-quote\">\r\n<p style=\"text-align: justify;\">Senjsko pristani\u0161te 3<\/p>\r\n<p style=\"text-align: justify;\">51000 Rijeka<\/p>\r\n<p style=\"text-align: justify;\"><strong>GPS co-ordinates:\u00a0<\/strong>45.324, 14.43998<\/p>\r\n<\/blockquote>\r\n\r\n\r\n\r\n<figure class=\"wp-block-image\"><img decoding=\"async\" loading=\"lazy\" class=\"alignnone wp-image-70\" data-src=\"https:\/\/www.ferrycroatia.com\/en\/wp-content\/uploads\/2016\/06\/Rijeka.jpg\" alt=\"Rijeka port\" width=\"800\" height=\"456\" data-srcset=\"https:\/\/www.ferrycroatia.com\/en\/wp-content\/uploads\/2016\/06\/Rijeka.jpg 800w, https:\/\/www.ferrycroatia.com\/en\/wp-content\/uploads\/2016\/06\/Rijeka-300x171.jpg 300w\" sizes=\"(max-width: 800px) 100vw, 800px\" \/><\/figure>\r\n\r\n\r\n\r\n<h3><span class=\"ez-toc-section\" id=\"List_of_catamaran_routes_from_Rijeka\"><\/span>List of catamaran routes from Rijeka<span class=\"ez-toc-section-end\"><\/span><\/h3>\r\n\r\n\r\n\r\n<p>\u2192 Catamaran: Rijeka &#8211; Cres &#8211; Martin\u0161\u0107ica (Cres) &#8211; Unije &#8211; Susak &#8211; Ilovik &#8211; Mali Lo\u0161inj<\/p>\r\n\r\n\r\n\r\n<ul>\r\n<li><a href=\"https:\/\/www.ferrycroatia.com\/en\/rijeka-cres\/\">Rijeka &#8211; Cres<\/a><\/li>\r\n<li><a href=\"https:\/\/www.ferrycroatia.com\/en\/rijeka-martinscica\/\">Rijeka &#8211; Martin\u0161\u0107ica<\/a><\/li>\r\n<li><a href=\"https:\/\/www.ferrycroatia.com\/en\/rijeka-unije\/\">Rijeka &#8211; Unije<\/a><\/li>\r\n<li>Rijeka &#8211; Susak<\/li>\r\n<li><a href=\"https:\/\/www.ferrycroatia.com\/en\/rijeka-ilovik\/\">Rijeka &#8211; Ilovik<\/a><\/li>\r\n<li><a href=\"https:\/\/www.ferrycroatia.com\/en\/rijeka-mali-losinj\/\">Rijeka &#8211; Mali Lo\u0161inj<\/a><\/li>\r\n<\/ul>\r\n\r\n\r\n\r\n<p><span style=\"font-weight: 400;\">\u2192 Catamaran: Rijeka &#8211; Rab &#8211; Novalja (Pag)<\/span><\/p>\r\n\r\n\r\n\r\n<ul>\r\n<li><a href=\"https:\/\/www.ferrycroatia.com\/en\/rijeka-rab\/\">Rijeka &#8211; Rab<\/a><\/li>\r\n<li><a href=\"https:\/\/www.ferrycroatia.com\/en\/rijeka-novalja\/\">Rijeka &#8211; Novalja<\/a><\/li>\r\n<\/ul>\r\n\r\n\r\n\r\n<p>\u2192 Catamaran: Rijeka &#8211; Krk town &#8211; Lopar (Rab) &#8211; Silba &#8211; Zadar<\/p>\r\n\r\n\r\n\r\n<ul>\r\n<li><a href=\"https:\/\/www.ferrycroatia.com\/en\/rijeka-zadar\/\">Rijeka &#8211; Zadar<\/a><\/li>\r\n<li><a href=\"https:\/\/www.ferrycroatia.com\/en\/rijeka-krk\/\">Rijeka &#8211; Krk<\/a><\/li>\r\n<li><a href=\"https:\/\/www.ferrycroatia.com\/en\/rijeka-lopar\/\">Rijeka &#8211; Lopar<\/a><\/li>\r\n<li><a href=\"https:\/\/www.ferrycroatia.com\/en\/rijeka-silba\/\">Rijeka &#8211; Silba<\/a><\/li>\r\n<\/ul>\r\n","protected":false},"excerpt":{"rendered":"<p>Rijeka is the third-largest city in Croatia and the second largest on the Croatian Adriatic coast. It\u2019s considered the biggest Croatian port, even though there are not many passenger lines that go through Rijeka. \u00a0The ferry terminal of Rijeka is located in the very centre of the city, only around 350 m from the main [&hellip;]<\/p>\n<p><a class=\"more-link\" href=\"https:\/\/www.ferrycroatia.com\/en\/rijeka-ferry-port\/\"> Continue reading&#8230;<\/a><\/p>\n","protected":false},"author":1,"featured_media":0,"parent":0,"menu_order":0,"comment_status":"closed","ping_status":"closed","template":"","meta":[],"yoast_head":"<!-- This site is optimized with the Yoast SEO plugin v19.8 - https:\/\/yoast.com\/wordpress\/plugins\/seo\/ -->\n<title>Rijeka ferry terminal, catamaran and car ferry departures<\/title>\n<meta name=\"description\" content=\"Catamarans from Rijeka ferry port, how to reach the ferry terminal in Rijeka by bus or by car from the suburbs and other cities in Croatia\" \/>\n<meta name=\"robots\" content=\"index, follow, max-snippet:-1, max-image-preview:large, max-video-preview:-1\" \/>\n<link rel=\"canonical\" href=\"https:\/\/www.ferrycroatia.com\/en\/rijeka-ferry-port\/\" \/>\n<meta property=\"og:locale\" content=\"en_US\" \/>\n<meta property=\"og:type\" content=\"article\" \/>\n<meta property=\"og:title\" content=\"Rijeka ferry terminal, catamaran and car ferry departures\" \/>\n<meta property=\"og:description\" content=\"Catamarans from Rijeka ferry port, how to reach the ferry terminal in Rijeka by bus or by car from the suburbs and other cities in Croatia\" \/>\n<meta property=\"og:url\" content=\"https:\/\/www.ferrycroatia.com\/en\/rijeka-ferry-port\/\" \/>\n<meta property=\"og:site_name\" content=\"Ferry Croatia\" \/>\n<meta property=\"article:modified_time\" content=\"2022-01-18T10:30:55+00:00\" \/>\n<meta property=\"og:image\" content=\"https:\/\/www.ferrycroatia.com\/en\/wp-content\/uploads\/2016\/06\/Rijeka.jpg\" \/>\n<meta name=\"twitter:card\" content=\"summary_large_image\" \/>\n<meta name=\"twitter:label1\" content=\"Est. reading time\" \/>\n\t<meta name=\"twitter:data1\" content=\"4 minutes\" \/>\n<script type=\"application\/ld+json\" class=\"yoast-schema-graph\">{\"@context\":\"https:\/\/schema.org\",\"@graph\":[{\"@type\":\"WebPage\",\"@id\":\"https:\/\/www.ferrycroatia.com\/en\/rijeka-ferry-port\/\",\"url\":\"https:\/\/www.ferrycroatia.com\/en\/rijeka-ferry-port\/\",\"name\":\"Rijeka ferry terminal, catamaran and car ferry departures\",\"isPartOf\":{\"@id\":\"https:\/\/www.ferrycroatia.com\/en\/#website\"},\"datePublished\":\"2016-07-18T06:25:00+00:00\",\"dateModified\":\"2022-01-18T10:30:55+00:00\",\"description\":\"Catamarans from Rijeka ferry port, how to reach the ferry terminal in Rijeka by bus or by car from the suburbs and other cities in Croatia\",\"breadcrumb\":{\"@id\":\"https:\/\/www.ferrycroatia.com\/en\/rijeka-ferry-port\/#breadcrumb\"},\"inLanguage\":\"en-US\",\"potentialAction\":[{\"@type\":\"ReadAction\",\"target\":[\"https:\/\/www.ferrycroatia.com\/en\/rijeka-ferry-port\/\"]}]},{\"@type\":\"BreadcrumbList\",\"@id\":\"https:\/\/www.ferrycroatia.com\/en\/rijeka-ferry-port\/#breadcrumb\",\"itemListElement\":[{\"@type\":\"ListItem\",\"position\":1,\"name\":\"Home\",\"item\":\"https:\/\/www.ferrycroatia.com\/en\/\"},{\"@type\":\"ListItem\",\"position\":2,\"name\":\"Rijeka ferry port\"}]},{\"@type\":\"WebSite\",\"@id\":\"https:\/\/www.ferrycroatia.com\/en\/#website\",\"url\":\"https:\/\/www.ferrycroatia.com\/en\/\",\"name\":\"Ferry Croatia\",\"description\":\"Info\u2019s and timetables - all catamarans and ferries in Croatia\",\"potentialAction\":[{\"@type\":\"SearchAction\",\"target\":{\"@type\":\"EntryPoint\",\"urlTemplate\":\"https:\/\/www.ferrycroatia.com\/en\/?s={search_term_string}\"},\"query-input\":\"required name=search_term_string\"}],\"inLanguage\":\"en-US\"}]}<\/script>\n<!-- \/ Yoast SEO plugin. -->","yoast_head_json":{"title":"Rijeka ferry terminal, catamaran and car ferry departures","description":"Catamarans from Rijeka ferry port, how to reach the ferry terminal in Rijeka by bus or by car from the suburbs and other cities in Croatia","robots":{"index":"index","follow":"follow","max-snippet":"max-snippet:-1","max-image-preview":"max-image-preview:large","max-video-preview":"max-video-preview:-1"},"canonical":"https:\/\/www.ferrycroatia.com\/en\/rijeka-ferry-port\/","og_locale":"en_US","og_type":"article","og_title":"Rijeka ferry terminal, catamaran and car ferry departures","og_description":"Catamarans from Rijeka ferry port, how to reach the ferry terminal in Rijeka by bus or by car from the suburbs and other cities in Croatia","og_url":"https:\/\/www.ferrycroatia.com\/en\/rijeka-ferry-port\/","og_site_name":"Ferry Croatia","article_modified_time":"2022-01-18T10:30:55+00:00","og_image":[{"url":"https:\/\/www.ferrycroatia.com\/en\/wp-content\/uploads\/2016\/06\/Rijeka.jpg"}],"twitter_card":"summary_large_image","twitter_misc":{"Est. reading time":"4 minutes"},"schema":{"@context":"https:\/\/schema.org","@graph":[{"@type":"WebPage","@id":"https:\/\/www.ferrycroatia.com\/en\/rijeka-ferry-port\/","url":"https:\/\/www.ferrycroatia.com\/en\/rijeka-ferry-port\/","name":"Rijeka ferry terminal, catamaran and car ferry departures","isPartOf":{"@id":"https:\/\/www.ferrycroatia.com\/en\/#website"},"datePublished":"2016-07-18T06:25:00+00:00","dateModified":"2022-01-18T10:30:55+00:00","description":"Catamarans from Rijeka ferry port, how to reach the ferry terminal in Rijeka by bus or by car from the suburbs and other cities in Croatia","breadcrumb":{"@id":"https:\/\/www.ferrycroatia.com\/en\/rijeka-ferry-port\/#breadcrumb"},"inLanguage":"en-US","potentialAction":[{"@type":"ReadAction","target":["https:\/\/www.ferrycroatia.com\/en\/rijeka-ferry-port\/"]}]},{"@type":"BreadcrumbList","@id":"https:\/\/www.ferrycroatia.com\/en\/rijeka-ferry-port\/#breadcrumb","itemListElement":[{"@type":"ListItem","position":1,"name":"Home","item":"https:\/\/www.ferrycroatia.com\/en\/"},{"@type":"ListItem","position":2,"name":"Rijeka ferry port"}]},{"@type":"WebSite","@id":"https:\/\/www.ferrycroatia.com\/en\/#website","url":"https:\/\/www.ferrycroatia.com\/en\/","name":"Ferry Croatia","description":"Info\u2019s and timetables - all catamarans and ferries in Croatia","potentialAction":[{"@type":"SearchAction","target":{"@type":"EntryPoint","urlTemplate":"https:\/\/www.ferrycroatia.com\/en\/?s={search_term_string}"},"query-input":"required name=search_term_string"}],"inLanguage":"en-US"}]}},"_links":{"self":[{"href":"https:\/\/www.ferrycroatia.com\/en\/wp-json\/wp\/v2\/pages\/69"}],"collection":[{"href":"https:\/\/www.ferrycroatia.com\/en\/wp-json\/wp\/v2\/pages"}],"about":[{"href":"https:\/\/www.ferrycroatia.com\/en\/wp-json\/wp\/v2\/types\/page"}],"author":[{"embeddable":true,"href":"https:\/\/www.ferrycroatia.com\/en\/wp-json\/wp\/v2\/users\/1"}],"replies":[{"embeddable":true,"href":"https:\/\/www.ferrycroatia.com\/en\/wp-json\/wp\/v2\/comments?post=69"}],"version-history":[{"count":20,"href":"https:\/\/www.ferrycroatia.com\/en\/wp-json\/wp\/v2\/pages\/69\/revisions"}],"predecessor-version":[{"id":7877,"href":"https:\/\/www.ferrycroatia.com\/en\/wp-json\/wp\/v2\/pages\/69\/revisions\/7877"}],"wp:attachment":[{"href":"https:\/\/www.ferrycroatia.com\/en\/wp-json\/wp\/v2\/media?parent=69"}],"curies":[{"name":"wp","href":"https:\/\/api.w.org\/{rel}","templated":true}]}}