{"id":754,"date":"2016-08-08T08:18:28","date_gmt":"2016-08-08T08:18:28","guid":{"rendered":"http:\/\/www.ferrycroatia.com\/?page_id=754"},"modified":"2022-01-18T13:36:08","modified_gmt":"2022-01-18T12:36:08","slug":"veli-iz-catamaran-port","status":"publish","type":"page","link":"https:\/\/www.ferrycroatia.com\/en\/veli-iz-catamaran-port\/","title":{"rendered":"Veli I\u017e catamaran port"},"content":{"rendered":"<p><strong>Veli I\u017e is the \u201ccapital\u201d of the <a href=\"https:\/\/www.ferrycroatia.com\/en\/island-iz\/\">island of I\u017e<\/a><\/strong>, located on the northeast side of the island. It\u2019s also a catamaran port, connected by regular catamaran lines to Mali I\u017e, the <a href=\"https:\/\/www.ferrycroatia.com\/en\/island-rava\/\">island of Rava<\/a> and Zadar. The pier where the catamaran departs from is located in the town centre, in a near bay near the promenade by the sea.<\/p><div id=\"ez-toc-container\" class=\"ez-toc-v2_0_62 counter-hierarchy ez-toc-counter ez-toc-custom ez-toc-container-direction\">\n<div class=\"ez-toc-title-container\">\n<p class=\"ez-toc-title \" >Table of Contents<\/p>\n<span class=\"ez-toc-title-toggle\"><a href=\"#\" class=\"ez-toc-pull-right ez-toc-btn ez-toc-btn-xs ez-toc-btn-default ez-toc-toggle\" aria-label=\"Toggle Table of Content\"><span class=\"ez-toc-js-icon-con\"><span class=\"\"><span class=\"eztoc-hide\" style=\"display:none;\">Toggle<\/span><span class=\"ez-toc-icon-toggle-span\"><svg style=\"fill: #070c63;color:#070c63\" xmlns=\"http:\/\/www.w3.org\/2000\/svg\" class=\"list-377408\" width=\"20px\" height=\"20px\" viewBox=\"0 0 24 24\" fill=\"none\"><path d=\"M6 6H4v2h2V6zm14 0H8v2h12V6zM4 11h2v2H4v-2zm16 0H8v2h12v-2zM4 16h2v2H4v-2zm16 0H8v2h12v-2z\" fill=\"currentColor\"><\/path><\/svg><svg style=\"fill: #070c63;color:#070c63\" class=\"arrow-unsorted-368013\" xmlns=\"http:\/\/www.w3.org\/2000\/svg\" width=\"10px\" height=\"10px\" viewBox=\"0 0 24 24\" version=\"1.2\" baseProfile=\"tiny\"><path d=\"M18.2 9.3l-6.2-6.3-6.2 6.3c-.2.2-.3.4-.3.7s.1.5.3.7c.2.2.4.3.7.3h11c.3 0 .5-.1.7-.3.2-.2.3-.5.3-.7s-.1-.5-.3-.7zM5.8 14.7l6.2 6.3 6.2-6.3c.2-.2.3-.5.3-.7s-.1-.5-.3-.7c-.2-.2-.4-.3-.7-.3h-11c-.3 0-.5.1-.7.3-.2.2-.3.5-.3.7s.1.5.3.7z\"\/><\/svg><\/span><\/span><\/span><\/a><\/span><\/div>\n<nav><ul class='ez-toc-list ez-toc-list-level-1 eztoc-toggle-hide-by-default' ><li class='ez-toc-page-1 ez-toc-heading-level-3'><a class=\"ez-toc-link ez-toc-heading-1\" href=\"https:\/\/www.ferrycroatia.com\/en\/veli-iz-catamaran-port\/#Getting_to_and_from_Veli_Iz_port\" title=\"Getting to and from Veli I\u017e port\">Getting to and from Veli I\u017e port<\/a><\/li><li class='ez-toc-page-1 ez-toc-heading-level-3'><a class=\"ez-toc-link ez-toc-heading-2\" href=\"https:\/\/www.ferrycroatia.com\/en\/veli-iz-catamaran-port\/#Veli_Iz_port_facilities\" title=\"Veli I\u017e port facilities\">Veli I\u017e port facilities<\/a><\/li><li class='ez-toc-page-1 ez-toc-heading-level-3'><a class=\"ez-toc-link ez-toc-heading-3\" href=\"https:\/\/www.ferrycroatia.com\/en\/veli-iz-catamaran-port\/#Veli_Iz_port_location\" title=\"Veli I\u017e port location\">Veli I\u017e port location<\/a><\/li><li class='ez-toc-page-1 ez-toc-heading-level-3'><a class=\"ez-toc-link ez-toc-heading-4\" href=\"https:\/\/www.ferrycroatia.com\/en\/veli-iz-catamaran-port\/#List_of_catamaran_routes_to_and_from_Veli_Iz\" title=\"List of catamaran routes to and from Veli I\u017e\">List of catamaran routes to and from Veli I\u017e<\/a><\/li><\/ul><\/nav><\/div>\n\n<h3><span class=\"ez-toc-section\" id=\"Getting_to_and_from_Veli_Iz_port\"><\/span>Getting to and from Veli I\u017e port<span class=\"ez-toc-section-end\"><\/span><\/h3>\n<p>The travel time <strong>with the catamaran from Zadar old town port to Veli I\u017e i about 1 hour<\/strong>, \u00a0once you arrive on the island you can easily reach your accommodation on foot. If you are staying elsewhere on the island, you should ask your landlord for the best way to get from the catamaran port to your apartment\/hotel.<\/p>\n<h3><span class=\"ez-toc-section\" id=\"Veli_Iz_port_facilities\"><\/span>Veli I\u017e port facilities<span class=\"ez-toc-section-end\"><\/span><\/h3>\n<p>As Veli I\u017e is a small island town where the catamaran port is located right in the center, you can find some facilities nearby: restaurants, bar, shops, etc.<\/p>\n<h3><span class=\"ez-toc-section\" id=\"Veli_Iz_port_location\"><\/span>Veli I\u017e port location<span class=\"ez-toc-section-end\"><\/span><\/h3>\n<ul>\n<li>Longitude: 15.109712<\/li>\n<li>Latitude: 44.050375<\/li>\n<li>23284 Veli I\u017e (I\u017e)<\/li>\n<\/ul>\n<p><img decoding=\"async\" loading=\"lazy\" class=\"alignnone wp-image-756 size-full\" data-src=\"https:\/\/www.ferrycroatia.com\/en\/wp-content\/uploads\/2016\/08\/Veli-Iz-catamaran.jpg\" alt=\"Veli Iz catamaran\" width=\"884\" height=\"553\" data-srcset=\"https:\/\/www.ferrycroatia.com\/en\/wp-content\/uploads\/2016\/08\/Veli-Iz-catamaran.jpg 884w, https:\/\/www.ferrycroatia.com\/en\/wp-content\/uploads\/2016\/08\/Veli-Iz-catamaran-300x188.jpg 300w, https:\/\/www.ferrycroatia.com\/en\/wp-content\/uploads\/2016\/08\/Veli-Iz-catamaran-768x480.jpg 768w\" sizes=\"(max-width: 884px) 100vw, 884px\" \/><\/p>\n<h3><span class=\"ez-toc-section\" id=\"List_of_catamaran_routes_to_and_from_Veli_Iz\"><\/span>List of catamaran routes to and from Veli I\u017e<span class=\"ez-toc-section-end\"><\/span><\/h3>\n<p>\u2192 Catamaran: Zadar &#8211; Mali I\u017e- Veli I\u017e &#8211; Mala Rava- Rava<\/p>\n<ul>\n<li><a href=\"https:\/\/www.ferrycroatia.com\/en\/veli-iz-zadar\/\">Veli I\u017e &#8211; Zadar<\/a><\/li>\n<li><a href=\"https:\/\/www.ferrycroatia.com\/en\/veli-iz-mali-iz\/\">Veli I\u017e &#8211; Mali I\u017e<\/a><\/li>\n<li><a href=\"https:\/\/www.ferrycroatia.com\/en\/veli-iz-mala-rava\/\">Veli I\u017e &#8211; Mala Rava<\/a><\/li>\n<li><a href=\"https:\/\/www.ferrycroatia.com\/en\/veli-iz-rava\/\">Veli I\u017e &#8211; Rava<\/a><\/li>\n<\/ul>\n","protected":false},"excerpt":{"rendered":"<p>Veli I\u017e is the \u201ccapital\u201d of the island of I\u017e, located on the northeast side of the island. It\u2019s also a catamaran port, connected by regular catamaran lines to Mali I\u017e, the island of Rava and Zadar. The pier where the catamaran departs from is located in the town centre, in a near bay near [&hellip;]<\/p>\n<p><a class=\"more-link\" href=\"https:\/\/www.ferrycroatia.com\/en\/veli-iz-catamaran-port\/\"> Continue reading&#8230;<\/a><\/p>\n","protected":false},"author":1,"featured_media":0,"parent":0,"menu_order":0,"comment_status":"closed","ping_status":"closed","template":"","meta":[],"yoast_head":"<!-- This site is optimized with the Yoast SEO plugin v19.8 - https:\/\/yoast.com\/wordpress\/plugins\/seo\/ -->\n<title>Veli I\u017e catamaran port, getting to and from Veli I\u017e<\/title>\n<meta name=\"robots\" content=\"index, follow, max-snippet:-1, max-image-preview:large, max-video-preview:-1\" \/>\n<link rel=\"canonical\" href=\"https:\/\/www.ferrycroatia.com\/en\/veli-iz-catamaran-port\/\" \/>\n<meta property=\"og:locale\" content=\"en_US\" \/>\n<meta property=\"og:type\" content=\"article\" \/>\n<meta property=\"og:title\" content=\"Veli I\u017e catamaran port, getting to and from Veli I\u017e\" \/>\n<meta property=\"og:description\" content=\"Veli I\u017e is the \u201ccapital\u201d of the island of I\u017e, located on the northeast side of the island. It\u2019s also a catamaran port, connected by regular catamaran lines to Mali I\u017e, the island of Rava and Zadar. The pier where the catamaran departs from is located in the town centre, in a near bay near [&hellip;] Continue reading...\" \/>\n<meta property=\"og:url\" content=\"https:\/\/www.ferrycroatia.com\/en\/veli-iz-catamaran-port\/\" \/>\n<meta property=\"og:site_name\" content=\"Ferry Croatia\" \/>\n<meta property=\"article:modified_time\" content=\"2022-01-18T12:36:08+00:00\" \/>\n<meta property=\"og:image\" content=\"https:\/\/www.ferrycroatia.com\/en\/wp-content\/uploads\/2016\/08\/Veli-Iz-catamaran.jpg\" \/>\n<meta name=\"twitter:card\" content=\"summary_large_image\" \/>\n<meta name=\"twitter:label1\" content=\"Est. reading time\" \/>\n\t<meta name=\"twitter:data1\" content=\"2 minutes\" \/>\n<script type=\"application\/ld+json\" class=\"yoast-schema-graph\">{\"@context\":\"https:\/\/schema.org\",\"@graph\":[{\"@type\":\"WebPage\",\"@id\":\"https:\/\/www.ferrycroatia.com\/en\/veli-iz-catamaran-port\/\",\"url\":\"https:\/\/www.ferrycroatia.com\/en\/veli-iz-catamaran-port\/\",\"name\":\"Veli I\u017e catamaran port, getting to and from Veli I\u017e\",\"isPartOf\":{\"@id\":\"https:\/\/www.ferrycroatia.com\/en\/#website\"},\"datePublished\":\"2016-08-08T08:18:28+00:00\",\"dateModified\":\"2022-01-18T12:36:08+00:00\",\"breadcrumb\":{\"@id\":\"https:\/\/www.ferrycroatia.com\/en\/veli-iz-catamaran-port\/#breadcrumb\"},\"inLanguage\":\"en-US\",\"potentialAction\":[{\"@type\":\"ReadAction\",\"target\":[\"https:\/\/www.ferrycroatia.com\/en\/veli-iz-catamaran-port\/\"]}]},{\"@type\":\"BreadcrumbList\",\"@id\":\"https:\/\/www.ferrycroatia.com\/en\/veli-iz-catamaran-port\/#breadcrumb\",\"itemListElement\":[{\"@type\":\"ListItem\",\"position\":1,\"name\":\"Home\",\"item\":\"https:\/\/www.ferrycroatia.com\/en\/\"},{\"@type\":\"ListItem\",\"position\":2,\"name\":\"Veli I\u017e catamaran port\"}]},{\"@type\":\"WebSite\",\"@id\":\"https:\/\/www.ferrycroatia.com\/en\/#website\",\"url\":\"https:\/\/www.ferrycroatia.com\/en\/\",\"name\":\"Ferry Croatia\",\"description\":\"Info\u2019s and timetables - all catamarans and ferries in Croatia\",\"potentialAction\":[{\"@type\":\"SearchAction\",\"target\":{\"@type\":\"EntryPoint\",\"urlTemplate\":\"https:\/\/www.ferrycroatia.com\/en\/?s={search_term_string}\"},\"query-input\":\"required name=search_term_string\"}],\"inLanguage\":\"en-US\"}]}<\/script>\n<!-- \/ Yoast SEO plugin. -->","yoast_head_json":{"title":"Veli I\u017e catamaran port, getting to and from Veli I\u017e","robots":{"index":"index","follow":"follow","max-snippet":"max-snippet:-1","max-image-preview":"max-image-preview:large","max-video-preview":"max-video-preview:-1"},"canonical":"https:\/\/www.ferrycroatia.com\/en\/veli-iz-catamaran-port\/","og_locale":"en_US","og_type":"article","og_title":"Veli I\u017e catamaran port, getting to and from Veli I\u017e","og_description":"Veli I\u017e is the \u201ccapital\u201d of the island of I\u017e, located on the northeast side of the island. It\u2019s also a catamaran port, connected by regular catamaran lines to Mali I\u017e, the island of Rava and Zadar. The pier where the catamaran departs from is located in the town centre, in a near bay near [&hellip;] Continue reading...","og_url":"https:\/\/www.ferrycroatia.com\/en\/veli-iz-catamaran-port\/","og_site_name":"Ferry Croatia","article_modified_time":"2022-01-18T12:36:08+00:00","og_image":[{"url":"https:\/\/www.ferrycroatia.com\/en\/wp-content\/uploads\/2016\/08\/Veli-Iz-catamaran.jpg"}],"twitter_card":"summary_large_image","twitter_misc":{"Est. reading time":"2 minutes"},"schema":{"@context":"https:\/\/schema.org","@graph":[{"@type":"WebPage","@id":"https:\/\/www.ferrycroatia.com\/en\/veli-iz-catamaran-port\/","url":"https:\/\/www.ferrycroatia.com\/en\/veli-iz-catamaran-port\/","name":"Veli I\u017e catamaran port, getting to and from Veli I\u017e","isPartOf":{"@id":"https:\/\/www.ferrycroatia.com\/en\/#website"},"datePublished":"2016-08-08T08:18:28+00:00","dateModified":"2022-01-18T12:36:08+00:00","breadcrumb":{"@id":"https:\/\/www.ferrycroatia.com\/en\/veli-iz-catamaran-port\/#breadcrumb"},"inLanguage":"en-US","potentialAction":[{"@type":"ReadAction","target":["https:\/\/www.ferrycroatia.com\/en\/veli-iz-catamaran-port\/"]}]},{"@type":"BreadcrumbList","@id":"https:\/\/www.ferrycroatia.com\/en\/veli-iz-catamaran-port\/#breadcrumb","itemListElement":[{"@type":"ListItem","position":1,"name":"Home","item":"https:\/\/www.ferrycroatia.com\/en\/"},{"@type":"ListItem","position":2,"name":"Veli I\u017e catamaran port"}]},{"@type":"WebSite","@id":"https:\/\/www.ferrycroatia.com\/en\/#website","url":"https:\/\/www.ferrycroatia.com\/en\/","name":"Ferry Croatia","description":"Info\u2019s and timetables - all catamarans and ferries in Croatia","potentialAction":[{"@type":"SearchAction","target":{"@type":"EntryPoint","urlTemplate":"https:\/\/www.ferrycroatia.com\/en\/?s={search_term_string}"},"query-input":"required name=search_term_string"}],"inLanguage":"en-US"}]}},"_links":{"self":[{"href":"https:\/\/www.ferrycroatia.com\/en\/wp-json\/wp\/v2\/pages\/754"}],"collection":[{"href":"https:\/\/www.ferrycroatia.com\/en\/wp-json\/wp\/v2\/pages"}],"about":[{"href":"https:\/\/www.ferrycroatia.com\/en\/wp-json\/wp\/v2\/types\/page"}],"author":[{"embeddable":true,"href":"https:\/\/www.ferrycroatia.com\/en\/wp-json\/wp\/v2\/users\/1"}],"replies":[{"embeddable":true,"href":"https:\/\/www.ferrycroatia.com\/en\/wp-json\/wp\/v2\/comments?post=754"}],"version-history":[{"count":9,"href":"https:\/\/www.ferrycroatia.com\/en\/wp-json\/wp\/v2\/pages\/754\/revisions"}],"predecessor-version":[{"id":7917,"href":"https:\/\/www.ferrycroatia.com\/en\/wp-json\/wp\/v2\/pages\/754\/revisions\/7917"}],"wp:attachment":[{"href":"https:\/\/www.ferrycroatia.com\/en\/wp-json\/wp\/v2\/media?parent=754"}],"curies":[{"name":"wp","href":"https:\/\/api.w.org\/{rel}","templated":true}]}}