{"id":763,"date":"2016-08-08T09:15:44","date_gmt":"2016-08-08T09:15:44","guid":{"rendered":"http:\/\/www.ferrycroatia.com\/?page_id=763"},"modified":"2022-01-18T11:27:50","modified_gmt":"2022-01-18T10:27:50","slug":"rava-ferry-terminal","status":"publish","type":"page","link":"https:\/\/www.ferrycroatia.com\/en\/rava-ferry-terminal\/","title":{"rendered":"Rava ferry terminal"},"content":{"rendered":"<p>Rava is a little town <strong>located on the southwest side of the island of Rava<\/strong>, in the Zadar archipelago. The ferry terminal is located right in the town centre, near the main promenade. The ferry terminal of Rava is connected with the town Mala Rava, the <a href=\"https:\/\/www.ferrycroatia.com\/en\/island-iz\/\">island of I\u017e<\/a> (Mali and Veli I\u017e and Br\u0161anj) and with <a href=\"https:\/\/www.ferrycroatia.com\/en\/zadar-ferry-port\/\">Zadar and Zadar (Ga\u017eenica)<\/a> by regular ferry and catamaran lines.<\/p><div id=\"ez-toc-container\" class=\"ez-toc-v2_0_62 counter-hierarchy ez-toc-counter ez-toc-custom ez-toc-container-direction\">\n<div class=\"ez-toc-title-container\">\n<p class=\"ez-toc-title \" >Table of Contents<\/p>\n<span class=\"ez-toc-title-toggle\"><a href=\"#\" class=\"ez-toc-pull-right ez-toc-btn ez-toc-btn-xs ez-toc-btn-default ez-toc-toggle\" aria-label=\"Toggle Table of Content\"><span class=\"ez-toc-js-icon-con\"><span class=\"\"><span class=\"eztoc-hide\" style=\"display:none;\">Toggle<\/span><span class=\"ez-toc-icon-toggle-span\"><svg style=\"fill: #070c63;color:#070c63\" xmlns=\"http:\/\/www.w3.org\/2000\/svg\" class=\"list-377408\" width=\"20px\" height=\"20px\" viewBox=\"0 0 24 24\" fill=\"none\"><path d=\"M6 6H4v2h2V6zm14 0H8v2h12V6zM4 11h2v2H4v-2zm16 0H8v2h12v-2zM4 16h2v2H4v-2zm16 0H8v2h12v-2z\" fill=\"currentColor\"><\/path><\/svg><svg style=\"fill: #070c63;color:#070c63\" class=\"arrow-unsorted-368013\" xmlns=\"http:\/\/www.w3.org\/2000\/svg\" width=\"10px\" height=\"10px\" viewBox=\"0 0 24 24\" version=\"1.2\" baseProfile=\"tiny\"><path d=\"M18.2 9.3l-6.2-6.3-6.2 6.3c-.2.2-.3.4-.3.7s.1.5.3.7c.2.2.4.3.7.3h11c.3 0 .5-.1.7-.3.2-.2.3-.5.3-.7s-.1-.5-.3-.7zM5.8 14.7l6.2 6.3 6.2-6.3c.2-.2.3-.5.3-.7s-.1-.5-.3-.7c-.2-.2-.4-.3-.7-.3h-11c-.3 0-.5.1-.7.3-.2.2-.3.5-.3.7s.1.5.3.7z\"\/><\/svg><\/span><\/span><\/span><\/a><\/span><\/div>\n<nav><ul class='ez-toc-list ez-toc-list-level-1 eztoc-toggle-hide-by-default' ><li class='ez-toc-page-1 ez-toc-heading-level-3'><a class=\"ez-toc-link ez-toc-heading-1\" href=\"https:\/\/www.ferrycroatia.com\/en\/rava-ferry-terminal\/#Rava_port_facilities\" title=\"Rava port facilities\">Rava port facilities<\/a><\/li><li class='ez-toc-page-1 ez-toc-heading-level-3'><a class=\"ez-toc-link ez-toc-heading-2\" href=\"https:\/\/www.ferrycroatia.com\/en\/rava-ferry-terminal\/#Rava_port_location\" title=\"Rava port location\">Rava port location<\/a><\/li><li class='ez-toc-page-1 ez-toc-heading-level-3'><a class=\"ez-toc-link ez-toc-heading-3\" href=\"https:\/\/www.ferrycroatia.com\/en\/rava-ferry-terminal\/#List_of_ferry_and_catamaran_routes_to_and_from_Rava\" title=\"List of ferry and catamaran routes to and from Rava\">List of ferry and catamaran routes to and from Rava<\/a><\/li><\/ul><\/nav><\/div>\n\n<p>As Rava is a fairly small island town and since the <strong>ferry terminal is located right in the center of it<\/strong>, no matter where your accommodation is, it\u2019s quite easy to reach the ferry terminal on foot.<\/p>\n<h3><span class=\"ez-toc-section\" id=\"Rava_port_facilities\"><\/span>Rava port facilities<span class=\"ez-toc-section-end\"><\/span><\/h3>\n<p>As mentioned above, Rava is a really small town and the ferry terminal is quite close to the center, so obviously, all the town facilities are nearby (it\u2019s a small town, so don\u2019t expect to find a whole lot of things).<\/p>\n<h3><span class=\"ez-toc-section\" id=\"Rava_port_location\"><\/span>Rava port location<span class=\"ez-toc-section-end\"><\/span><\/h3>\n<ul>\n<li>Longitude: 15.059555<\/li>\n<li>Latitude: 44.022678<\/li>\n<li>Obalni put<\/li>\n<li>23283 Rava (Rava)<\/li>\n<\/ul>\n<p><img decoding=\"async\" loading=\"lazy\" class=\"alignnone wp-image-765 size-full\" data-src=\"https:\/\/www.ferrycroatia.com\/en\/wp-content\/uploads\/2016\/08\/Rava-ferry-port.jpg\" alt=\"Rava ferry port\" width=\"1016\" height=\"619\" data-srcset=\"https:\/\/www.ferrycroatia.com\/en\/wp-content\/uploads\/2016\/08\/Rava-ferry-port.jpg 1016w, https:\/\/www.ferrycroatia.com\/en\/wp-content\/uploads\/2016\/08\/Rava-ferry-port-300x183.jpg 300w, https:\/\/www.ferrycroatia.com\/en\/wp-content\/uploads\/2016\/08\/Rava-ferry-port-768x468.jpg 768w\" sizes=\"(max-width: 1016px) 100vw, 1016px\" \/><\/p>\n<h3><span class=\"ez-toc-section\" id=\"List_of_ferry_and_catamaran_routes_to_and_from_Rava\"><\/span>List of ferry and catamaran routes to and from Rava<span class=\"ez-toc-section-end\"><\/span><\/h3>\n<p>\u2192 Car ferry: Zadar (Ga\u017eenica) &#8211; Br\u0161anj (I\u017e) &#8211; Rava &#8211; Mala Rava<\/p>\n<ul>\n<li><a href=\"https:\/\/www.ferrycroatia.com\/en\/rava-mala-rava\/\">Rava &#8211; Mala Rava<\/a><\/li>\n<li><a href=\"https:\/\/www.ferrycroatia.com\/en\/rava-brsanj\/\">Rava &#8211; Br\u0161anj<\/a><\/li>\n<li><a href=\"https:\/\/www.ferrycroatia.com\/en\/rava-zadar\/\">Rava &#8211; Zadar<\/a><\/li>\n<\/ul>\n<p>\u2192 Catamaran: Zadar &#8211; Mali I\u017e- Veli I\u017e &#8211; Mala Rava- Rava<\/p>\n<ul>\n<li><a href=\"https:\/\/www.ferrycroatia.com\/en\/rava-mali-iz\/\">Rava &#8211; Mali I\u017e<\/a><\/li>\n<li><a href=\"https:\/\/www.ferrycroatia.com\/en\/rava-veli-iz\/\">Rava &#8211; Veli I\u017e<\/a><\/li>\n<\/ul>\n","protected":false},"excerpt":{"rendered":"<p>Rava is a little town located on the southwest side of the island of Rava, in the Zadar archipelago. The ferry terminal is located right in the town centre, near the main promenade. The ferry terminal of Rava is connected with the town Mala Rava, the island of I\u017e (Mali and Veli I\u017e and Br\u0161anj) [&hellip;]<\/p>\n<p><a class=\"more-link\" href=\"https:\/\/www.ferrycroatia.com\/en\/rava-ferry-terminal\/\"> Continue reading&#8230;<\/a><\/p>\n","protected":false},"author":1,"featured_media":0,"parent":0,"menu_order":0,"comment_status":"closed","ping_status":"closed","template":"","meta":[],"yoast_head":"<!-- This site is optimized with the Yoast SEO plugin v19.8 - https:\/\/yoast.com\/wordpress\/plugins\/seo\/ -->\n<title>Rava ferry terminal, ferry and catamaran to Rava town<\/title>\n<meta name=\"robots\" content=\"index, follow, max-snippet:-1, max-image-preview:large, max-video-preview:-1\" \/>\n<link rel=\"canonical\" href=\"https:\/\/www.ferrycroatia.com\/en\/rava-ferry-terminal\/\" \/>\n<meta property=\"og:locale\" content=\"en_US\" \/>\n<meta property=\"og:type\" content=\"article\" \/>\n<meta property=\"og:title\" content=\"Rava ferry terminal, ferry and catamaran to Rava town\" \/>\n<meta property=\"og:description\" content=\"Rava is a little town located on the southwest side of the island of Rava, in the Zadar archipelago. The ferry terminal is located right in the town centre, near the main promenade. The ferry terminal of Rava is connected with the town Mala Rava, the island of I\u017e (Mali and Veli I\u017e and Br\u0161anj) [&hellip;] Continue reading...\" \/>\n<meta property=\"og:url\" content=\"https:\/\/www.ferrycroatia.com\/en\/rava-ferry-terminal\/\" \/>\n<meta property=\"og:site_name\" content=\"Ferry Croatia\" \/>\n<meta property=\"article:modified_time\" content=\"2022-01-18T10:27:50+00:00\" \/>\n<meta property=\"og:image\" content=\"https:\/\/www.ferrycroatia.com\/en\/wp-content\/uploads\/2016\/08\/Rava-ferry-port.jpg\" \/>\n<meta name=\"twitter:card\" content=\"summary_large_image\" \/>\n<meta name=\"twitter:label1\" content=\"Est. reading time\" \/>\n\t<meta name=\"twitter:data1\" content=\"2 minutes\" \/>\n<script type=\"application\/ld+json\" class=\"yoast-schema-graph\">{\"@context\":\"https:\/\/schema.org\",\"@graph\":[{\"@type\":\"WebPage\",\"@id\":\"https:\/\/www.ferrycroatia.com\/en\/rava-ferry-terminal\/\",\"url\":\"https:\/\/www.ferrycroatia.com\/en\/rava-ferry-terminal\/\",\"name\":\"Rava ferry terminal, ferry and catamaran to Rava town\",\"isPartOf\":{\"@id\":\"https:\/\/www.ferrycroatia.com\/en\/#website\"},\"datePublished\":\"2016-08-08T09:15:44+00:00\",\"dateModified\":\"2022-01-18T10:27:50+00:00\",\"breadcrumb\":{\"@id\":\"https:\/\/www.ferrycroatia.com\/en\/rava-ferry-terminal\/#breadcrumb\"},\"inLanguage\":\"en-US\",\"potentialAction\":[{\"@type\":\"ReadAction\",\"target\":[\"https:\/\/www.ferrycroatia.com\/en\/rava-ferry-terminal\/\"]}]},{\"@type\":\"BreadcrumbList\",\"@id\":\"https:\/\/www.ferrycroatia.com\/en\/rava-ferry-terminal\/#breadcrumb\",\"itemListElement\":[{\"@type\":\"ListItem\",\"position\":1,\"name\":\"Home\",\"item\":\"https:\/\/www.ferrycroatia.com\/en\/\"},{\"@type\":\"ListItem\",\"position\":2,\"name\":\"Rava ferry terminal\"}]},{\"@type\":\"WebSite\",\"@id\":\"https:\/\/www.ferrycroatia.com\/en\/#website\",\"url\":\"https:\/\/www.ferrycroatia.com\/en\/\",\"name\":\"Ferry Croatia\",\"description\":\"Info\u2019s and timetables - all catamarans and ferries in Croatia\",\"potentialAction\":[{\"@type\":\"SearchAction\",\"target\":{\"@type\":\"EntryPoint\",\"urlTemplate\":\"https:\/\/www.ferrycroatia.com\/en\/?s={search_term_string}\"},\"query-input\":\"required name=search_term_string\"}],\"inLanguage\":\"en-US\"}]}<\/script>\n<!-- \/ Yoast SEO plugin. -->","yoast_head_json":{"title":"Rava ferry terminal, ferry and catamaran to Rava town","robots":{"index":"index","follow":"follow","max-snippet":"max-snippet:-1","max-image-preview":"max-image-preview:large","max-video-preview":"max-video-preview:-1"},"canonical":"https:\/\/www.ferrycroatia.com\/en\/rava-ferry-terminal\/","og_locale":"en_US","og_type":"article","og_title":"Rava ferry terminal, ferry and catamaran to Rava town","og_description":"Rava is a little town located on the southwest side of the island of Rava, in the Zadar archipelago. The ferry terminal is located right in the town centre, near the main promenade. The ferry terminal of Rava is connected with the town Mala Rava, the island of I\u017e (Mali and Veli I\u017e and Br\u0161anj) [&hellip;] Continue reading...","og_url":"https:\/\/www.ferrycroatia.com\/en\/rava-ferry-terminal\/","og_site_name":"Ferry Croatia","article_modified_time":"2022-01-18T10:27:50+00:00","og_image":[{"url":"https:\/\/www.ferrycroatia.com\/en\/wp-content\/uploads\/2016\/08\/Rava-ferry-port.jpg"}],"twitter_card":"summary_large_image","twitter_misc":{"Est. reading time":"2 minutes"},"schema":{"@context":"https:\/\/schema.org","@graph":[{"@type":"WebPage","@id":"https:\/\/www.ferrycroatia.com\/en\/rava-ferry-terminal\/","url":"https:\/\/www.ferrycroatia.com\/en\/rava-ferry-terminal\/","name":"Rava ferry terminal, ferry and catamaran to Rava town","isPartOf":{"@id":"https:\/\/www.ferrycroatia.com\/en\/#website"},"datePublished":"2016-08-08T09:15:44+00:00","dateModified":"2022-01-18T10:27:50+00:00","breadcrumb":{"@id":"https:\/\/www.ferrycroatia.com\/en\/rava-ferry-terminal\/#breadcrumb"},"inLanguage":"en-US","potentialAction":[{"@type":"ReadAction","target":["https:\/\/www.ferrycroatia.com\/en\/rava-ferry-terminal\/"]}]},{"@type":"BreadcrumbList","@id":"https:\/\/www.ferrycroatia.com\/en\/rava-ferry-terminal\/#breadcrumb","itemListElement":[{"@type":"ListItem","position":1,"name":"Home","item":"https:\/\/www.ferrycroatia.com\/en\/"},{"@type":"ListItem","position":2,"name":"Rava ferry terminal"}]},{"@type":"WebSite","@id":"https:\/\/www.ferrycroatia.com\/en\/#website","url":"https:\/\/www.ferrycroatia.com\/en\/","name":"Ferry Croatia","description":"Info\u2019s and timetables - all catamarans and ferries in Croatia","potentialAction":[{"@type":"SearchAction","target":{"@type":"EntryPoint","urlTemplate":"https:\/\/www.ferrycroatia.com\/en\/?s={search_term_string}"},"query-input":"required name=search_term_string"}],"inLanguage":"en-US"}]}},"_links":{"self":[{"href":"https:\/\/www.ferrycroatia.com\/en\/wp-json\/wp\/v2\/pages\/763"}],"collection":[{"href":"https:\/\/www.ferrycroatia.com\/en\/wp-json\/wp\/v2\/pages"}],"about":[{"href":"https:\/\/www.ferrycroatia.com\/en\/wp-json\/wp\/v2\/types\/page"}],"author":[{"embeddable":true,"href":"https:\/\/www.ferrycroatia.com\/en\/wp-json\/wp\/v2\/users\/1"}],"replies":[{"embeddable":true,"href":"https:\/\/www.ferrycroatia.com\/en\/wp-json\/wp\/v2\/comments?post=763"}],"version-history":[{"count":8,"href":"https:\/\/www.ferrycroatia.com\/en\/wp-json\/wp\/v2\/pages\/763\/revisions"}],"predecessor-version":[{"id":7875,"href":"https:\/\/www.ferrycroatia.com\/en\/wp-json\/wp\/v2\/pages\/763\/revisions\/7875"}],"wp:attachment":[{"href":"https:\/\/www.ferrycroatia.com\/en\/wp-json\/wp\/v2\/media?parent=763"}],"curies":[{"name":"wp","href":"https:\/\/api.w.org\/{rel}","templated":true}]}}