{"id":767,"date":"2016-08-08T09:32:57","date_gmt":"2016-08-08T09:32:57","guid":{"rendered":"http:\/\/www.ferrycroatia.com\/?page_id=767"},"modified":"2022-01-18T07:42:07","modified_gmt":"2022-01-18T06:42:07","slug":"mali-iz-catamaran-port","status":"publish","type":"page","link":"https:\/\/www.ferrycroatia.com\/en\/mali-iz-catamaran-port\/","title":{"rendered":"Mali I\u017e port"},"content":{"rendered":"\r\n<p>Mali I\u017e is a little town on the <strong>northeast side of the island of I\u017e<\/strong>. The pier where the catamaran departs from is located right in the center, near the main promenade by the sea. The town of Mali I\u017e is connected by regular catamaran lines with Veli I\u017e, Rava and Zadar main port.<\/p><div id=\"ez-toc-container\" class=\"ez-toc-v2_0_62 counter-hierarchy ez-toc-counter ez-toc-custom ez-toc-container-direction\">\n<div class=\"ez-toc-title-container\">\n<p class=\"ez-toc-title \" >Table of Contents<\/p>\n<span class=\"ez-toc-title-toggle\"><a href=\"#\" class=\"ez-toc-pull-right ez-toc-btn ez-toc-btn-xs ez-toc-btn-default ez-toc-toggle\" aria-label=\"Toggle Table of Content\"><span class=\"ez-toc-js-icon-con\"><span class=\"\"><span class=\"eztoc-hide\" style=\"display:none;\">Toggle<\/span><span class=\"ez-toc-icon-toggle-span\"><svg style=\"fill: #070c63;color:#070c63\" xmlns=\"http:\/\/www.w3.org\/2000\/svg\" class=\"list-377408\" width=\"20px\" height=\"20px\" viewBox=\"0 0 24 24\" fill=\"none\"><path d=\"M6 6H4v2h2V6zm14 0H8v2h12V6zM4 11h2v2H4v-2zm16 0H8v2h12v-2zM4 16h2v2H4v-2zm16 0H8v2h12v-2z\" fill=\"currentColor\"><\/path><\/svg><svg style=\"fill: #070c63;color:#070c63\" class=\"arrow-unsorted-368013\" xmlns=\"http:\/\/www.w3.org\/2000\/svg\" width=\"10px\" height=\"10px\" viewBox=\"0 0 24 24\" version=\"1.2\" baseProfile=\"tiny\"><path d=\"M18.2 9.3l-6.2-6.3-6.2 6.3c-.2.2-.3.4-.3.7s.1.5.3.7c.2.2.4.3.7.3h11c.3 0 .5-.1.7-.3.2-.2.3-.5.3-.7s-.1-.5-.3-.7zM5.8 14.7l6.2 6.3 6.2-6.3c.2-.2.3-.5.3-.7s-.1-.5-.3-.7c-.2-.2-.4-.3-.7-.3h-11c-.3 0-.5.1-.7.3-.2.2-.3.5-.3.7s.1.5.3.7z\"\/><\/svg><\/span><\/span><\/span><\/a><\/span><\/div>\n<nav><ul class='ez-toc-list ez-toc-list-level-1 eztoc-toggle-hide-by-default' ><li class='ez-toc-page-1 ez-toc-heading-level-3'><a class=\"ez-toc-link ez-toc-heading-1\" href=\"https:\/\/www.ferrycroatia.com\/en\/mali-iz-catamaran-port\/#Mali_Iz_port_facilities\" title=\"Mali I\u017e port facilities\">Mali I\u017e port facilities<\/a><\/li><li class='ez-toc-page-1 ez-toc-heading-level-3'><a class=\"ez-toc-link ez-toc-heading-2\" href=\"https:\/\/www.ferrycroatia.com\/en\/mali-iz-catamaran-port\/#Mali_Iz_port_location\" title=\"Mali I\u017e port location\">Mali I\u017e port location<\/a><\/li><li class='ez-toc-page-1 ez-toc-heading-level-3'><a class=\"ez-toc-link ez-toc-heading-3\" href=\"https:\/\/www.ferrycroatia.com\/en\/mali-iz-catamaran-port\/#List_of_catamarans_to_and_from_Mali_Iz\" title=\"List of catamarans to and from Mali I\u017e\">List of catamarans to and from Mali I\u017e<\/a><\/li><\/ul><\/nav><\/div>\n\r\n\r\n\r\n\r\n<p>From the port you can walk to the majority of accommodation units in Mali I\u017e, if you have luggage, you can always contact your landlord to see if he can pick you up at the port.<\/p>\r\n\r\n\r\n\r\n<h3><span class=\"ez-toc-section\" id=\"Mali_Iz_port_facilities\"><\/span>Mali I\u017e port facilities<span class=\"ez-toc-section-end\"><\/span><\/h3>\r\n\r\n\r\n\r\n<p><strong>Mali I\u017e is a small island town<\/strong> and since the pier where the catamarans depart from is located right in the center, most of the town facilities are nearby, even though there aren\u2019t many of them: restaurants, cafe bars, shops.<\/p>\r\n\r\n\r\n\r\n<h3><span class=\"ez-toc-section\" id=\"Mali_Iz_port_location\"><\/span>Mali I\u017e port location<span class=\"ez-toc-section-end\"><\/span><\/h3>\r\n\r\n\r\n\r\n<ul>\r\n<li>Longitude: 15.139820<\/li>\r\n<li>Latitude: 44.028290<\/li>\r\n<li>Riva<\/li>\r\n<li>23284 Mali I\u017e (I\u017e)<\/li>\r\n<\/ul>\r\n\r\n\r\n\r\n<figure class=\"wp-block-image\"><a class=\"lightbox\" href=\"https:\/\/www.ferrycroatia.com\/en\/wp-content\/uploads\/2016\/08\/Mali-Iz-ferry-port.jpg\"><img decoding=\"async\" loading=\"lazy\" class=\"alignnone wp-image-769\" data-src=\"http:\/\/www.ferrycroatia.com\/wp-content\/uploads\/2016\/08\/Mali-Iz-ferry-port.jpg\" alt=\"Mali Iz ferry port\" width=\"1024\" height=\"578\" data-srcset=\"https:\/\/www.ferrycroatia.com\/en\/wp-content\/uploads\/2016\/08\/Mali-Iz-ferry-port.jpg 1024w, https:\/\/www.ferrycroatia.com\/en\/wp-content\/uploads\/2016\/08\/Mali-Iz-ferry-port-300x169.jpg 300w, https:\/\/www.ferrycroatia.com\/en\/wp-content\/uploads\/2016\/08\/Mali-Iz-ferry-port-768x434.jpg 768w\" sizes=\"(max-width: 1024px) 100vw, 1024px\" \/><\/a><\/figure>\r\n\r\n\r\n\r\n<h3><span class=\"ez-toc-section\" id=\"List_of_catamarans_to_and_from_Mali_Iz\"><\/span>List of catamarans to and from Mali I\u017e<span class=\"ez-toc-section-end\"><\/span><\/h3>\r\n\r\n\r\n\r\n<p>\u2192 Catamaran: Zadar &#8211; Mali I\u017e &#8211; Veli I\u017e &#8211; Mala Rava- Rava<\/p>\r\n\r\n\r\n\r\n<ul>\r\n<li><a href=\"https:\/\/www.ferrycroatia.com\/en\/mali-iz-zadar\/\">Mali I\u017e &#8211; Zadar<\/a><\/li>\r\n<li><a href=\"https:\/\/www.ferrycroatia.com\/en\/mali-iz-veli-iz\/\">Mali I\u017e &#8211; Veli I\u017e<\/a><\/li>\r\n<li><a href=\"https:\/\/www.ferrycroatia.com\/en\/mali-iz-mala-rava\/\">Mali I\u017e &#8211; Mala Rava<\/a><\/li>\r\n<li><a href=\"https:\/\/www.ferrycroatia.com\/en\/mali-iz-rava\/\">Mali I\u017e &#8211; Rava<\/a><\/li>\r\n<\/ul>\r\n","protected":false},"excerpt":{"rendered":"<p>Mali I\u017e is a little town on the northeast side of the island of I\u017e. The pier where the catamaran departs from is located right in the center, near the main promenade by the sea. The town of Mali I\u017e is connected by regular catamaran lines with Veli I\u017e, Rava and Zadar main port. From [&hellip;]<\/p>\n<p><a class=\"more-link\" href=\"https:\/\/www.ferrycroatia.com\/en\/mali-iz-catamaran-port\/\"> Continue reading&#8230;<\/a><\/p>\n","protected":false},"author":1,"featured_media":0,"parent":0,"menu_order":0,"comment_status":"closed","ping_status":"closed","template":"","meta":[],"yoast_head":"<!-- This site is optimized with the Yoast SEO plugin v19.8 - https:\/\/yoast.com\/wordpress\/plugins\/seo\/ -->\n<title>Mali I\u017e catamaran port, Getting to and from Mali I\u017e<\/title>\n<meta name=\"robots\" content=\"index, follow, max-snippet:-1, max-image-preview:large, max-video-preview:-1\" \/>\n<link rel=\"canonical\" href=\"https:\/\/www.ferrycroatia.com\/en\/mali-iz-catamaran-port\/\" \/>\n<meta property=\"og:locale\" content=\"en_US\" \/>\n<meta property=\"og:type\" content=\"article\" \/>\n<meta property=\"og:title\" content=\"Mali I\u017e catamaran port, Getting to and from Mali I\u017e\" \/>\n<meta property=\"og:description\" content=\"Mali I\u017e is a little town on the northeast side of the island of I\u017e. The pier where the catamaran departs from is located right in the center, near the main promenade by the sea. The town of Mali I\u017e is connected by regular catamaran lines with Veli I\u017e, Rava and Zadar main port. From [&hellip;] Continue reading...\" \/>\n<meta property=\"og:url\" content=\"https:\/\/www.ferrycroatia.com\/en\/mali-iz-catamaran-port\/\" \/>\n<meta property=\"og:site_name\" content=\"Ferry Croatia\" \/>\n<meta property=\"article:modified_time\" content=\"2022-01-18T06:42:07+00:00\" \/>\n<meta property=\"og:image\" content=\"http:\/\/www.ferrycroatia.com\/wp-content\/uploads\/2016\/08\/Mali-Iz-ferry-port.jpg\" \/>\n<meta name=\"twitter:card\" content=\"summary_large_image\" \/>\n<meta name=\"twitter:label1\" content=\"Est. reading time\" \/>\n\t<meta name=\"twitter:data1\" content=\"1 minute\" \/>\n<script type=\"application\/ld+json\" class=\"yoast-schema-graph\">{\"@context\":\"https:\/\/schema.org\",\"@graph\":[{\"@type\":\"WebPage\",\"@id\":\"https:\/\/www.ferrycroatia.com\/en\/mali-iz-catamaran-port\/\",\"url\":\"https:\/\/www.ferrycroatia.com\/en\/mali-iz-catamaran-port\/\",\"name\":\"Mali I\u017e catamaran port, Getting to and from Mali I\u017e\",\"isPartOf\":{\"@id\":\"https:\/\/www.ferrycroatia.com\/en\/#website\"},\"datePublished\":\"2016-08-08T09:32:57+00:00\",\"dateModified\":\"2022-01-18T06:42:07+00:00\",\"breadcrumb\":{\"@id\":\"https:\/\/www.ferrycroatia.com\/en\/mali-iz-catamaran-port\/#breadcrumb\"},\"inLanguage\":\"en-US\",\"potentialAction\":[{\"@type\":\"ReadAction\",\"target\":[\"https:\/\/www.ferrycroatia.com\/en\/mali-iz-catamaran-port\/\"]}]},{\"@type\":\"BreadcrumbList\",\"@id\":\"https:\/\/www.ferrycroatia.com\/en\/mali-iz-catamaran-port\/#breadcrumb\",\"itemListElement\":[{\"@type\":\"ListItem\",\"position\":1,\"name\":\"Home\",\"item\":\"https:\/\/www.ferrycroatia.com\/en\/\"},{\"@type\":\"ListItem\",\"position\":2,\"name\":\"Mali I\u017e port\"}]},{\"@type\":\"WebSite\",\"@id\":\"https:\/\/www.ferrycroatia.com\/en\/#website\",\"url\":\"https:\/\/www.ferrycroatia.com\/en\/\",\"name\":\"Ferry Croatia\",\"description\":\"Info\u2019s and timetables - all catamarans and ferries in Croatia\",\"potentialAction\":[{\"@type\":\"SearchAction\",\"target\":{\"@type\":\"EntryPoint\",\"urlTemplate\":\"https:\/\/www.ferrycroatia.com\/en\/?s={search_term_string}\"},\"query-input\":\"required name=search_term_string\"}],\"inLanguage\":\"en-US\"}]}<\/script>\n<!-- \/ Yoast SEO plugin. -->","yoast_head_json":{"title":"Mali I\u017e catamaran port, Getting to and from Mali I\u017e","robots":{"index":"index","follow":"follow","max-snippet":"max-snippet:-1","max-image-preview":"max-image-preview:large","max-video-preview":"max-video-preview:-1"},"canonical":"https:\/\/www.ferrycroatia.com\/en\/mali-iz-catamaran-port\/","og_locale":"en_US","og_type":"article","og_title":"Mali I\u017e catamaran port, Getting to and from Mali I\u017e","og_description":"Mali I\u017e is a little town on the northeast side of the island of I\u017e. The pier where the catamaran departs from is located right in the center, near the main promenade by the sea. The town of Mali I\u017e is connected by regular catamaran lines with Veli I\u017e, Rava and Zadar main port. From [&hellip;] Continue reading...","og_url":"https:\/\/www.ferrycroatia.com\/en\/mali-iz-catamaran-port\/","og_site_name":"Ferry Croatia","article_modified_time":"2022-01-18T06:42:07+00:00","og_image":[{"url":"http:\/\/www.ferrycroatia.com\/wp-content\/uploads\/2016\/08\/Mali-Iz-ferry-port.jpg"}],"twitter_card":"summary_large_image","twitter_misc":{"Est. reading time":"1 minute"},"schema":{"@context":"https:\/\/schema.org","@graph":[{"@type":"WebPage","@id":"https:\/\/www.ferrycroatia.com\/en\/mali-iz-catamaran-port\/","url":"https:\/\/www.ferrycroatia.com\/en\/mali-iz-catamaran-port\/","name":"Mali I\u017e catamaran port, Getting to and from Mali I\u017e","isPartOf":{"@id":"https:\/\/www.ferrycroatia.com\/en\/#website"},"datePublished":"2016-08-08T09:32:57+00:00","dateModified":"2022-01-18T06:42:07+00:00","breadcrumb":{"@id":"https:\/\/www.ferrycroatia.com\/en\/mali-iz-catamaran-port\/#breadcrumb"},"inLanguage":"en-US","potentialAction":[{"@type":"ReadAction","target":["https:\/\/www.ferrycroatia.com\/en\/mali-iz-catamaran-port\/"]}]},{"@type":"BreadcrumbList","@id":"https:\/\/www.ferrycroatia.com\/en\/mali-iz-catamaran-port\/#breadcrumb","itemListElement":[{"@type":"ListItem","position":1,"name":"Home","item":"https:\/\/www.ferrycroatia.com\/en\/"},{"@type":"ListItem","position":2,"name":"Mali I\u017e port"}]},{"@type":"WebSite","@id":"https:\/\/www.ferrycroatia.com\/en\/#website","url":"https:\/\/www.ferrycroatia.com\/en\/","name":"Ferry Croatia","description":"Info\u2019s and timetables - all catamarans and ferries in Croatia","potentialAction":[{"@type":"SearchAction","target":{"@type":"EntryPoint","urlTemplate":"https:\/\/www.ferrycroatia.com\/en\/?s={search_term_string}"},"query-input":"required name=search_term_string"}],"inLanguage":"en-US"}]}},"_links":{"self":[{"href":"https:\/\/www.ferrycroatia.com\/en\/wp-json\/wp\/v2\/pages\/767"}],"collection":[{"href":"https:\/\/www.ferrycroatia.com\/en\/wp-json\/wp\/v2\/pages"}],"about":[{"href":"https:\/\/www.ferrycroatia.com\/en\/wp-json\/wp\/v2\/types\/page"}],"author":[{"embeddable":true,"href":"https:\/\/www.ferrycroatia.com\/en\/wp-json\/wp\/v2\/users\/1"}],"replies":[{"embeddable":true,"href":"https:\/\/www.ferrycroatia.com\/en\/wp-json\/wp\/v2\/comments?post=767"}],"version-history":[{"count":8,"href":"https:\/\/www.ferrycroatia.com\/en\/wp-json\/wp\/v2\/pages\/767\/revisions"}],"predecessor-version":[{"id":7835,"href":"https:\/\/www.ferrycroatia.com\/en\/wp-json\/wp\/v2\/pages\/767\/revisions\/7835"}],"wp:attachment":[{"href":"https:\/\/www.ferrycroatia.com\/en\/wp-json\/wp\/v2\/media?parent=767"}],"curies":[{"name":"wp","href":"https:\/\/api.w.org\/{rel}","templated":true}]}}