{"id":771,"date":"2016-08-08T09:48:48","date_gmt":"2016-08-08T09:48:48","guid":{"rendered":"http:\/\/www.ferrycroatia.com\/?page_id=771"},"modified":"2022-01-18T07:40:22","modified_gmt":"2022-01-18T06:40:22","slug":"mala-rava-ferry-terminal","status":"publish","type":"page","link":"https:\/\/www.ferrycroatia.com\/en\/mala-rava-ferry-terminal\/","title":{"rendered":"Mala Rava ferry terminal"},"content":{"rendered":"\r\n<p>Mala Rava is a little town <strong>located on the north side of the island Rava<\/strong>. It embraces two bays, the ferry terminal is located in centre of the town in the southern protected bay,. The ferry terminal is connected with the town Rava, the island of I\u017e (Mali and Veli I\u017e and Br\u0161anj) and <a href=\"https:\/\/www.ferrycroatia.com\/zadar-ferry-port\/\"><strong>with Zadar and Zadar (Ga\u017eenica)<\/strong><\/a> by regular ferry and catamaran lines.<\/p><div id=\"ez-toc-container\" class=\"ez-toc-v2_0_62 counter-hierarchy ez-toc-counter ez-toc-custom ez-toc-container-direction\">\n<div class=\"ez-toc-title-container\">\n<p class=\"ez-toc-title \" >Table of Contents<\/p>\n<span class=\"ez-toc-title-toggle\"><a href=\"#\" class=\"ez-toc-pull-right ez-toc-btn ez-toc-btn-xs ez-toc-btn-default ez-toc-toggle\" aria-label=\"Toggle Table of Content\"><span class=\"ez-toc-js-icon-con\"><span class=\"\"><span class=\"eztoc-hide\" style=\"display:none;\">Toggle<\/span><span class=\"ez-toc-icon-toggle-span\"><svg style=\"fill: #070c63;color:#070c63\" xmlns=\"http:\/\/www.w3.org\/2000\/svg\" class=\"list-377408\" width=\"20px\" height=\"20px\" viewBox=\"0 0 24 24\" fill=\"none\"><path d=\"M6 6H4v2h2V6zm14 0H8v2h12V6zM4 11h2v2H4v-2zm16 0H8v2h12v-2zM4 16h2v2H4v-2zm16 0H8v2h12v-2z\" fill=\"currentColor\"><\/path><\/svg><svg style=\"fill: #070c63;color:#070c63\" class=\"arrow-unsorted-368013\" xmlns=\"http:\/\/www.w3.org\/2000\/svg\" width=\"10px\" height=\"10px\" viewBox=\"0 0 24 24\" version=\"1.2\" baseProfile=\"tiny\"><path d=\"M18.2 9.3l-6.2-6.3-6.2 6.3c-.2.2-.3.4-.3.7s.1.5.3.7c.2.2.4.3.7.3h11c.3 0 .5-.1.7-.3.2-.2.3-.5.3-.7s-.1-.5-.3-.7zM5.8 14.7l6.2 6.3 6.2-6.3c.2-.2.3-.5.3-.7s-.1-.5-.3-.7c-.2-.2-.4-.3-.7-.3h-11c-.3 0-.5.1-.7.3-.2.2-.3.5-.3.7s.1.5.3.7z\"\/><\/svg><\/span><\/span><\/span><\/a><\/span><\/div>\n<nav><ul class='ez-toc-list ez-toc-list-level-1 eztoc-toggle-hide-by-default' ><li class='ez-toc-page-1 ez-toc-heading-level-3'><a class=\"ez-toc-link ez-toc-heading-1\" href=\"https:\/\/www.ferrycroatia.com\/en\/mala-rava-ferry-terminal\/#Mala_Rava_port_facilities\" title=\"Mala Rava port facilities\">Mala Rava port facilities<\/a><\/li><li class='ez-toc-page-1 ez-toc-heading-level-3'><a class=\"ez-toc-link ez-toc-heading-2\" href=\"https:\/\/www.ferrycroatia.com\/en\/mala-rava-ferry-terminal\/#Mala_Rava_port_location\" title=\"Mala Rava port location\">Mala Rava port location<\/a><\/li><li class='ez-toc-page-1 ez-toc-heading-level-3'><a class=\"ez-toc-link ez-toc-heading-3\" href=\"https:\/\/www.ferrycroatia.com\/en\/mala-rava-ferry-terminal\/#List_of_catamaran_and_ferry_routes_to_and_from_Mala_Rava\" title=\"List of catamaran and ferry routes to and from Mala Rava\">List of catamaran and ferry routes to and from Mala Rava<\/a><\/li><\/ul><\/nav><\/div>\n\r\n\r\n\r\n\r\n<p>From the ferry terminal you can walk to <strong>any location within Mala Rava<\/strong>, if you are staying elsewhere on the island, contact your landlord to get advice about transportation.<\/p>\r\n\r\n\r\n\r\n<h3><span class=\"ez-toc-section\" id=\"Mala_Rava_port_facilities\"><\/span>Mala Rava port facilities<span class=\"ez-toc-section-end\"><\/span><\/h3>\r\n\r\n\r\n\r\n<p>As already mentioned above, Mala Rava is a really small town, but you can find some facilities there such as cafes, restaurants, shops.<\/p>\r\n\r\n\r\n\r\n<h3><span class=\"ez-toc-section\" id=\"Mala_Rava_port_location\"><\/span>Mala Rava port location<span class=\"ez-toc-section-end\"><\/span><\/h3>\r\n\r\n\r\n\r\n<ul>\r\n<li>Longitude: 15.056954<\/li>\r\n<li>Latitude: 44.040103<\/li>\r\n<li>23283 Mala Rava (Rava)<\/li>\r\n<\/ul>\r\n\r\n\r\n\r\n<figure class=\"wp-block-image\"><a class=\"lightbox\" href=\"https:\/\/www.ferrycroatia.com\/en\/wp-content\/uploads\/2016\/08\/Mala-Rava-ferry-port.jpg\"><img decoding=\"async\" loading=\"lazy\" class=\"alignnone wp-image-773\" data-src=\"http:\/\/www.ferrycroatia.com\/wp-content\/uploads\/2016\/08\/Mala-Rava-ferry-port.jpg\" alt=\"Mala Rava ferry port\" width=\"1024\" height=\"614\" data-srcset=\"https:\/\/www.ferrycroatia.com\/en\/wp-content\/uploads\/2016\/08\/Mala-Rava-ferry-port.jpg 1024w, https:\/\/www.ferrycroatia.com\/en\/wp-content\/uploads\/2016\/08\/Mala-Rava-ferry-port-300x180.jpg 300w, https:\/\/www.ferrycroatia.com\/en\/wp-content\/uploads\/2016\/08\/Mala-Rava-ferry-port-768x461.jpg 768w\" sizes=\"(max-width: 1024px) 100vw, 1024px\" \/><\/a><\/figure>\r\n\r\n\r\n\r\n<h3><span class=\"ez-toc-section\" id=\"List_of_catamaran_and_ferry_routes_to_and_from_Mala_Rava\"><\/span>List of catamaran and ferry routes to and from Mala Rava<span class=\"ez-toc-section-end\"><\/span><\/h3>\r\n\r\n\r\n\r\n<p>\u2192 Car ferry: Zadar (Ga\u017eenica) &#8211; Br\u0161anj (I\u017e) &#8211; Rava &#8211; Mala Rava<\/p>\r\n\r\n\r\n\r\n<ul>\r\n<li><a href=\"https:\/\/www.ferrycroatia.com\/en\/mala-rava-zadar\/\">Mala Rava &#8211; Zadar<\/a><\/li>\r\n<li><a href=\"https:\/\/www.ferrycroatia.com\/en\/mala-rava-rava\/\">Mala Rava &#8211; Rava<\/a><\/li>\r\n<li><a href=\"https:\/\/www.ferrycroatia.com\/en\/mala-rava-brsanj\/\">Mala Rava &#8211; Br\u0161anj (I\u017e)<\/a><\/li>\r\n<\/ul>\r\n\r\n\r\n\r\n<p>\u2192 Catamaran: Zadar &#8211; Mali I\u017e- Veli I\u017e &#8211; Mala Rava- Rava<\/p>\r\n\r\n\r\n\r\n<ul>\r\n<li><a href=\"https:\/\/www.ferrycroatia.com\/en\/mala-rava-veli-iz\/\">Mala Rava &#8211; Veli I\u017e<\/a><\/li>\r\n<li><a href=\"https:\/\/ferrycroatia.com\/en\/mala-rava-mali-iz\/\">Mala Rava &#8211; Mali I\u017e<\/a><\/li>\r\n<\/ul>\r\n","protected":false},"excerpt":{"rendered":"<p>Mala Rava is a little town located on the north side of the island Rava. It embraces two bays, the ferry terminal is located in centre of the town in the southern protected bay,. The ferry terminal is connected with the town Rava, the island of I\u017e (Mali and Veli I\u017e and Br\u0161anj) and with [&hellip;]<\/p>\n<p><a class=\"more-link\" href=\"https:\/\/www.ferrycroatia.com\/en\/mala-rava-ferry-terminal\/\"> Continue reading&#8230;<\/a><\/p>\n","protected":false},"author":1,"featured_media":0,"parent":0,"menu_order":0,"comment_status":"closed","ping_status":"closed","template":"","meta":[],"yoast_head":"<!-- This site is optimized with the Yoast SEO plugin v19.8 - https:\/\/yoast.com\/wordpress\/plugins\/seo\/ -->\n<title>Mala Rava ferry, getting to and from Mala Rava<\/title>\n<meta name=\"robots\" content=\"index, follow, max-snippet:-1, max-image-preview:large, max-video-preview:-1\" \/>\n<link rel=\"canonical\" href=\"https:\/\/www.ferrycroatia.com\/en\/mala-rava-ferry-terminal\/\" \/>\n<meta property=\"og:locale\" content=\"en_US\" \/>\n<meta property=\"og:type\" content=\"article\" \/>\n<meta property=\"og:title\" content=\"Mala Rava ferry, getting to and from Mala Rava\" \/>\n<meta property=\"og:description\" content=\"Mala Rava is a little town located on the north side of the island Rava. It embraces two bays, the ferry terminal is located in centre of the town in the southern protected bay,. The ferry terminal is connected with the town Rava, the island of I\u017e (Mali and Veli I\u017e and Br\u0161anj) and with [&hellip;] Continue reading...\" \/>\n<meta property=\"og:url\" content=\"https:\/\/www.ferrycroatia.com\/en\/mala-rava-ferry-terminal\/\" \/>\n<meta property=\"og:site_name\" content=\"Ferry Croatia\" \/>\n<meta property=\"article:modified_time\" content=\"2022-01-18T06:40:22+00:00\" \/>\n<meta property=\"og:image\" content=\"http:\/\/www.ferrycroatia.com\/wp-content\/uploads\/2016\/08\/Mala-Rava-ferry-port.jpg\" \/>\n<meta name=\"twitter:card\" content=\"summary_large_image\" \/>\n<meta name=\"twitter:label1\" content=\"Est. reading time\" \/>\n\t<meta name=\"twitter:data1\" content=\"1 minute\" \/>\n<script type=\"application\/ld+json\" class=\"yoast-schema-graph\">{\"@context\":\"https:\/\/schema.org\",\"@graph\":[{\"@type\":\"WebPage\",\"@id\":\"https:\/\/www.ferrycroatia.com\/en\/mala-rava-ferry-terminal\/\",\"url\":\"https:\/\/www.ferrycroatia.com\/en\/mala-rava-ferry-terminal\/\",\"name\":\"Mala Rava ferry, getting to and from Mala Rava\",\"isPartOf\":{\"@id\":\"https:\/\/www.ferrycroatia.com\/en\/#website\"},\"datePublished\":\"2016-08-08T09:48:48+00:00\",\"dateModified\":\"2022-01-18T06:40:22+00:00\",\"breadcrumb\":{\"@id\":\"https:\/\/www.ferrycroatia.com\/en\/mala-rava-ferry-terminal\/#breadcrumb\"},\"inLanguage\":\"en-US\",\"potentialAction\":[{\"@type\":\"ReadAction\",\"target\":[\"https:\/\/www.ferrycroatia.com\/en\/mala-rava-ferry-terminal\/\"]}]},{\"@type\":\"BreadcrumbList\",\"@id\":\"https:\/\/www.ferrycroatia.com\/en\/mala-rava-ferry-terminal\/#breadcrumb\",\"itemListElement\":[{\"@type\":\"ListItem\",\"position\":1,\"name\":\"Home\",\"item\":\"https:\/\/www.ferrycroatia.com\/en\/\"},{\"@type\":\"ListItem\",\"position\":2,\"name\":\"Mala Rava ferry terminal\"}]},{\"@type\":\"WebSite\",\"@id\":\"https:\/\/www.ferrycroatia.com\/en\/#website\",\"url\":\"https:\/\/www.ferrycroatia.com\/en\/\",\"name\":\"Ferry Croatia\",\"description\":\"Info\u2019s and timetables - all catamarans and ferries in Croatia\",\"potentialAction\":[{\"@type\":\"SearchAction\",\"target\":{\"@type\":\"EntryPoint\",\"urlTemplate\":\"https:\/\/www.ferrycroatia.com\/en\/?s={search_term_string}\"},\"query-input\":\"required name=search_term_string\"}],\"inLanguage\":\"en-US\"}]}<\/script>\n<!-- \/ Yoast SEO plugin. -->","yoast_head_json":{"title":"Mala Rava ferry, getting to and from Mala Rava","robots":{"index":"index","follow":"follow","max-snippet":"max-snippet:-1","max-image-preview":"max-image-preview:large","max-video-preview":"max-video-preview:-1"},"canonical":"https:\/\/www.ferrycroatia.com\/en\/mala-rava-ferry-terminal\/","og_locale":"en_US","og_type":"article","og_title":"Mala Rava ferry, getting to and from Mala Rava","og_description":"Mala Rava is a little town located on the north side of the island Rava. It embraces two bays, the ferry terminal is located in centre of the town in the southern protected bay,. The ferry terminal is connected with the town Rava, the island of I\u017e (Mali and Veli I\u017e and Br\u0161anj) and with [&hellip;] Continue reading...","og_url":"https:\/\/www.ferrycroatia.com\/en\/mala-rava-ferry-terminal\/","og_site_name":"Ferry Croatia","article_modified_time":"2022-01-18T06:40:22+00:00","og_image":[{"url":"http:\/\/www.ferrycroatia.com\/wp-content\/uploads\/2016\/08\/Mala-Rava-ferry-port.jpg"}],"twitter_card":"summary_large_image","twitter_misc":{"Est. reading time":"1 minute"},"schema":{"@context":"https:\/\/schema.org","@graph":[{"@type":"WebPage","@id":"https:\/\/www.ferrycroatia.com\/en\/mala-rava-ferry-terminal\/","url":"https:\/\/www.ferrycroatia.com\/en\/mala-rava-ferry-terminal\/","name":"Mala Rava ferry, getting to and from Mala Rava","isPartOf":{"@id":"https:\/\/www.ferrycroatia.com\/en\/#website"},"datePublished":"2016-08-08T09:48:48+00:00","dateModified":"2022-01-18T06:40:22+00:00","breadcrumb":{"@id":"https:\/\/www.ferrycroatia.com\/en\/mala-rava-ferry-terminal\/#breadcrumb"},"inLanguage":"en-US","potentialAction":[{"@type":"ReadAction","target":["https:\/\/www.ferrycroatia.com\/en\/mala-rava-ferry-terminal\/"]}]},{"@type":"BreadcrumbList","@id":"https:\/\/www.ferrycroatia.com\/en\/mala-rava-ferry-terminal\/#breadcrumb","itemListElement":[{"@type":"ListItem","position":1,"name":"Home","item":"https:\/\/www.ferrycroatia.com\/en\/"},{"@type":"ListItem","position":2,"name":"Mala Rava ferry terminal"}]},{"@type":"WebSite","@id":"https:\/\/www.ferrycroatia.com\/en\/#website","url":"https:\/\/www.ferrycroatia.com\/en\/","name":"Ferry Croatia","description":"Info\u2019s and timetables - all catamarans and ferries in Croatia","potentialAction":[{"@type":"SearchAction","target":{"@type":"EntryPoint","urlTemplate":"https:\/\/www.ferrycroatia.com\/en\/?s={search_term_string}"},"query-input":"required name=search_term_string"}],"inLanguage":"en-US"}]}},"_links":{"self":[{"href":"https:\/\/www.ferrycroatia.com\/en\/wp-json\/wp\/v2\/pages\/771"}],"collection":[{"href":"https:\/\/www.ferrycroatia.com\/en\/wp-json\/wp\/v2\/pages"}],"about":[{"href":"https:\/\/www.ferrycroatia.com\/en\/wp-json\/wp\/v2\/types\/page"}],"author":[{"embeddable":true,"href":"https:\/\/www.ferrycroatia.com\/en\/wp-json\/wp\/v2\/users\/1"}],"replies":[{"embeddable":true,"href":"https:\/\/www.ferrycroatia.com\/en\/wp-json\/wp\/v2\/comments?post=771"}],"version-history":[{"count":9,"href":"https:\/\/www.ferrycroatia.com\/en\/wp-json\/wp\/v2\/pages\/771\/revisions"}],"predecessor-version":[{"id":7832,"href":"https:\/\/www.ferrycroatia.com\/en\/wp-json\/wp\/v2\/pages\/771\/revisions\/7832"}],"wp:attachment":[{"href":"https:\/\/www.ferrycroatia.com\/en\/wp-json\/wp\/v2\/media?parent=771"}],"curies":[{"name":"wp","href":"https:\/\/api.w.org\/{rel}","templated":true}]}}