{"id":1101,"date":"2021-01-26T12:12:50","date_gmt":"2021-01-26T12:12:50","guid":{"rendered":"https:\/\/ferrycroatia.com\/hr\/?page_id=1101"},"modified":"2021-07-29T12:05:11","modified_gmt":"2021-07-29T10:05:11","slug":"otok-ist","status":"publish","type":"page","link":"https:\/\/www.ferrycroatia.com\/hr\/otok-ist\/","title":{"rendered":"Otok Ist"},"content":{"rendered":"\n<p>Iako <b>otok Ist<\/b> zauzima manje od 10 km2 te ima manje od 200 stanovnika, 3 trajektne linije ga povezuju s kopnom i ostalim otocima u blizini. Otok <b>izgledom podsje\u0107a na leptira<\/b>, a na njemu se nalazi samo jedno naselje, <b>grad Ist smje\u0161ten u sredi\u0161tu otoka<\/b>, s pristupom i sjevernom i ju\u017enom zaljevu.<\/p>\n\n\n\n<p>Na otoku <a href=\"https:\/\/ferrycroatia.com\/hr\/trajektna-luka-ist\/\">se nalaze dvije luke<\/a>, katamaranska <b>luka \u0160iroka<\/b> u ju\u017enom zaljevu, i trajektna <b>luka Kosira\u010da<\/b> u sjevernom je zaljevu. Udaljenost izme\u0111u dviju luka je malo vi\u0161e od 1 km.<\/p>\n\n\n\n<h2>Kako do\u0107i do otoka Ist<\/h2>\n\n\n\n<p>Kao \u0161to je ve\u0107 spomenuto iznad, 3 linije povezuju <b>otok Ist sa Zadrom na kopnu<\/b>, od tih su 2 trajektne linije, a posljednja je brza trajektna katamaranska linija.<\/p>\n\n\n\n<p>Katamaranske linije prema otoku prometuju <b>svakodnevno tijekom cijele godine<\/b>, katamaranske linije idu <b>od Zadra preko <a href=\"http:\/\/ferrycroatia.com\/hr\/otok-molat\/\">otoka Molata<\/a> do luke \u0160iroka na Istu<\/b>, a jednom tjedno ide izravno do otoka Ista. Vo\u017enja od Zadra do Ista traje izme\u0111u 1 sat i 20 i 50 minuta, a ispod mo\u017eete prona\u0107i tablicu s <strong>redom vo\u017enje katamarana od i do otoka na kojem mo\u017eete direktno kupiti karte<\/strong>:<\/p>\n\n\n\n<figure class=\"wp-block-table\"><table><tbody><tr><td><a href=\"http:\/\/www.ferrycroatia.com\/hr\/zadar-ist\/\">Zadar &#8211; Ist<\/a><\/td><td><a href=\"http:\/\/www.ferrycroatia.com\/hr\/molat-ist\/\">Molat &#8211; Ist<\/a><\/td><td><a href=\"http:\/\/www.ferrycroatia.com\/hr\/zapuntel-ist\/\">Zapuntel &#8211; Ist<\/a><\/td><\/tr><tr><td><a href=\"http:\/\/www.ferrycroatia.com\/hr\/ist-zadar\/\">Ist &#8211; Zadar<\/a><\/td><td><a href=\"http:\/\/www.ferrycroatia.com\/hr\/ist-molat\/\">Ist &#8211; Molat<\/a><\/td><td><a href=\"http:\/\/www.ferrycroatia.com\/hr\/ist-zapuntel\/\">Ist &#8211; Zapuntel<\/a><\/td><\/tr><\/tbody><\/table><\/figure>\n\n\n\n<p><b>Dvije trajektne linije <\/b>do Otoka su:<\/p>\n\n\n\n<ul><li aria-level=\"1\">Linija 433: Zadar (Ga\u017eenica) &#8211; Rivanj &#8211; Sestrunj &#8211; Zverinac &#8211; Molat &#8211; Ist<\/li><li aria-level=\"1\">Linija 403: Zadar (Ga\u017eenica) &#8211; Ist &#8211; Olib &#8211; Silba &#8211; Premuda &#8211; Mali Lo\u0161inj<\/li><\/ul>\n\n\n\n<p><b>Linija 433<\/b> ide do otoka Ista tijekom ljetne sezone, kada do i od otoka <b>prometuje dva puta tjedno<\/b>. Vo\u017enja traje neka 4 sata.<\/p>\n\n\n\n<p><b>Linija 403<\/b> ide do Ista tijekom cijele godine, a svaki tjedan prometuje nekih <b>4 do 5 puta u oba smjera<\/b>. Vo\u017enja na ovoj liniji traje nekih 2 sata i 30 minuta.<\/p>\n\n\n\n<p>Ispod mo\u017eete prona\u0107i <strong>vozni red i kupiti karte <\/strong>za trajektnu liniju do i od Ista.<\/p>\n\n\n\n<figure class=\"wp-block-table\"><table><tbody><tr><td><a href=\"http:\/\/www.ferrycroatia.com\/hr\/ist-olib\/\">Ist &#8211; Olib<\/a><\/td><td><a href=\"http:\/\/www.ferrycroatia.com\/hr\/ist-silba\/\">Ist &#8211; Silba<\/a><\/td><td><a href=\"http:\/\/www.ferrycroatia.com\/hr\/ist-premuda\/\">Ist &#8211; Permuda<\/a><\/td><td><a href=\"http:\/\/www.ferrycroatia.com\/hr\/ist-mali-losinj\/\">Ist &#8211; Mali Lo\u0161inj<\/a><\/td><\/tr><tr><td><a href=\"http:\/\/www.ferrycroatia.com\/hr\/olib-ist\/\">Olib &#8211; Ist<\/a><\/td><td><a href=\"http:\/\/www.ferrycroatia.com\/hr\/silba-ist\/\">Silba &#8211; Ist<\/a><\/td><td><a href=\"http:\/\/www.ferrycroatia.com\/hr\/premuda-ist\/\">Permuda &#8211; Ist<\/a><\/td><td><a href=\"http:\/\/www.ferrycroatia.com\/hr\/mali-losinj-ist\/\">Mali Lo\u0161inj &#8211; Ist<\/a><\/td><\/tr><\/tbody><\/table><\/figure>\n\n\n\n<h2>Cijene za trajekt Zadar \u2013 Ist<\/h2>\n\n\n\n<p><b>Jednosmjerne karte za trajekt ili katamaran iz Zadra do Ista prili\u010dno su jeftine<\/b>, cijena karte za za katamaran iznosi nekih 40 kuna tijekom ljetne sezone, 30 kuna u predsezoni i postsezoni&nbsp; i 20 kuna zimi. Cijena karte za trajekt iznosi nekih 30 kuna ljeti i 25 kuna zimi. \u017delite li dovesti <b>automobil na otok trebat \u0107ete platiti 170 kuna<\/b> u jednom smjeru.<\/p>\n","protected":false},"excerpt":{"rendered":"<p>Iako otok Ist zauzima manje od 10 km2 te ima manje od 200 stanovnika, 3 trajektne linije ga povezuju s kopnom i ostalim otocima u blizini. Otok izgledom podsje\u0107a na leptira, a na njemu se nalazi samo jedno naselje, grad Ist smje\u0161ten u sredi\u0161tu otoka, s pristupom i sjevernom i ju\u017enom zaljevu. Na otoku se [&hellip;]<\/p>\n<p><a class=\"more-link\" href=\"https:\/\/www.ferrycroatia.com\/hr\/otok-ist\/\"> Continue reading&#8230;<\/a><\/p>\n","protected":false},"author":5,"featured_media":0,"parent":0,"menu_order":0,"comment_status":"closed","ping_status":"closed","template":"","meta":[],"yoast_head":"<!-- This site is optimized with the Yoast SEO plugin v19.8 - https:\/\/yoast.com\/wordpress\/plugins\/seo\/ -->\n<title>Otok Ist u zadarskom arhipelagu, kako do\u0107i do otoka<\/title>\n<meta name=\"robots\" content=\"index, follow, max-snippet:-1, max-image-preview:large, max-video-preview:-1\" \/>\n<link rel=\"canonical\" href=\"https:\/\/www.ferrycroatia.com\/hr\/otok-ist\/\" \/>\n<meta property=\"og:locale\" content=\"en_US\" \/>\n<meta property=\"og:type\" content=\"article\" \/>\n<meta property=\"og:title\" content=\"Otok Ist u zadarskom arhipelagu, kako do\u0107i do otoka\" \/>\n<meta property=\"og:description\" content=\"Iako otok Ist zauzima manje od 10 km2 te ima manje od 200 stanovnika, 3 trajektne linije ga povezuju s kopnom i ostalim otocima u blizini. Otok izgledom podsje\u0107a na leptira, a na njemu se nalazi samo jedno naselje, grad Ist smje\u0161ten u sredi\u0161tu otoka, s pristupom i sjevernom i ju\u017enom zaljevu. Na otoku se [&hellip;] Continue reading...\" \/>\n<meta property=\"og:url\" content=\"https:\/\/www.ferrycroatia.com\/hr\/otok-ist\/\" \/>\n<meta property=\"og:site_name\" content=\"Trajekti Hrvatska\" \/>\n<meta property=\"article:modified_time\" content=\"2021-07-29T10:05:11+00:00\" \/>\n<meta name=\"twitter:card\" content=\"summary_large_image\" \/>\n<meta name=\"twitter:label1\" content=\"Est. reading time\" \/>\n\t<meta name=\"twitter:data1\" content=\"2 minutes\" \/>\n<script type=\"application\/ld+json\" class=\"yoast-schema-graph\">{\"@context\":\"https:\/\/schema.org\",\"@graph\":[{\"@type\":\"WebPage\",\"@id\":\"https:\/\/www.ferrycroatia.com\/hr\/otok-ist\/\",\"url\":\"https:\/\/www.ferrycroatia.com\/hr\/otok-ist\/\",\"name\":\"Otok Ist u zadarskom arhipelagu, kako do\u0107i do otoka\",\"isPartOf\":{\"@id\":\"https:\/\/www.ferrycroatia.com\/hr\/#website\"},\"datePublished\":\"2021-01-26T12:12:50+00:00\",\"dateModified\":\"2021-07-29T10:05:11+00:00\",\"breadcrumb\":{\"@id\":\"https:\/\/www.ferrycroatia.com\/hr\/otok-ist\/#breadcrumb\"},\"inLanguage\":\"en-US\",\"potentialAction\":[{\"@type\":\"ReadAction\",\"target\":[\"https:\/\/www.ferrycroatia.com\/hr\/otok-ist\/\"]}]},{\"@type\":\"BreadcrumbList\",\"@id\":\"https:\/\/www.ferrycroatia.com\/hr\/otok-ist\/#breadcrumb\",\"itemListElement\":[{\"@type\":\"ListItem\",\"position\":1,\"name\":\"Home\",\"item\":\"https:\/\/www.ferrycroatia.com\/hr\/\"},{\"@type\":\"ListItem\",\"position\":2,\"name\":\"Otok Ist\"}]},{\"@type\":\"WebSite\",\"@id\":\"https:\/\/www.ferrycroatia.com\/hr\/#website\",\"url\":\"https:\/\/www.ferrycroatia.com\/hr\/\",\"name\":\"Trajekti Hrvatska\",\"description\":\"Vozni red za sve trajekte i katamarane u Hrvatskoj\",\"potentialAction\":[{\"@type\":\"SearchAction\",\"target\":{\"@type\":\"EntryPoint\",\"urlTemplate\":\"https:\/\/www.ferrycroatia.com\/hr\/?s={search_term_string}\"},\"query-input\":\"required name=search_term_string\"}],\"inLanguage\":\"en-US\"}]}<\/script>\n<!-- \/ Yoast SEO plugin. -->","yoast_head_json":{"title":"Otok Ist u zadarskom arhipelagu, kako do\u0107i do otoka","robots":{"index":"index","follow":"follow","max-snippet":"max-snippet:-1","max-image-preview":"max-image-preview:large","max-video-preview":"max-video-preview:-1"},"canonical":"https:\/\/www.ferrycroatia.com\/hr\/otok-ist\/","og_locale":"en_US","og_type":"article","og_title":"Otok Ist u zadarskom arhipelagu, kako do\u0107i do otoka","og_description":"Iako otok Ist zauzima manje od 10 km2 te ima manje od 200 stanovnika, 3 trajektne linije ga povezuju s kopnom i ostalim otocima u blizini. Otok izgledom podsje\u0107a na leptira, a na njemu se nalazi samo jedno naselje, grad Ist smje\u0161ten u sredi\u0161tu otoka, s pristupom i sjevernom i ju\u017enom zaljevu. Na otoku se [&hellip;] Continue reading...","og_url":"https:\/\/www.ferrycroatia.com\/hr\/otok-ist\/","og_site_name":"Trajekti Hrvatska","article_modified_time":"2021-07-29T10:05:11+00:00","twitter_card":"summary_large_image","twitter_misc":{"Est. reading time":"2 minutes"},"schema":{"@context":"https:\/\/schema.org","@graph":[{"@type":"WebPage","@id":"https:\/\/www.ferrycroatia.com\/hr\/otok-ist\/","url":"https:\/\/www.ferrycroatia.com\/hr\/otok-ist\/","name":"Otok Ist u zadarskom arhipelagu, kako do\u0107i do otoka","isPartOf":{"@id":"https:\/\/www.ferrycroatia.com\/hr\/#website"},"datePublished":"2021-01-26T12:12:50+00:00","dateModified":"2021-07-29T10:05:11+00:00","breadcrumb":{"@id":"https:\/\/www.ferrycroatia.com\/hr\/otok-ist\/#breadcrumb"},"inLanguage":"en-US","potentialAction":[{"@type":"ReadAction","target":["https:\/\/www.ferrycroatia.com\/hr\/otok-ist\/"]}]},{"@type":"BreadcrumbList","@id":"https:\/\/www.ferrycroatia.com\/hr\/otok-ist\/#breadcrumb","itemListElement":[{"@type":"ListItem","position":1,"name":"Home","item":"https:\/\/www.ferrycroatia.com\/hr\/"},{"@type":"ListItem","position":2,"name":"Otok Ist"}]},{"@type":"WebSite","@id":"https:\/\/www.ferrycroatia.com\/hr\/#website","url":"https:\/\/www.ferrycroatia.com\/hr\/","name":"Trajekti Hrvatska","description":"Vozni red za sve trajekte i katamarane u Hrvatskoj","potentialAction":[{"@type":"SearchAction","target":{"@type":"EntryPoint","urlTemplate":"https:\/\/www.ferrycroatia.com\/hr\/?s={search_term_string}"},"query-input":"required name=search_term_string"}],"inLanguage":"en-US"}]}},"_links":{"self":[{"href":"https:\/\/www.ferrycroatia.com\/hr\/wp-json\/wp\/v2\/pages\/1101"}],"collection":[{"href":"https:\/\/www.ferrycroatia.com\/hr\/wp-json\/wp\/v2\/pages"}],"about":[{"href":"https:\/\/www.ferrycroatia.com\/hr\/wp-json\/wp\/v2\/types\/page"}],"author":[{"embeddable":true,"href":"https:\/\/www.ferrycroatia.com\/hr\/wp-json\/wp\/v2\/users\/5"}],"replies":[{"embeddable":true,"href":"https:\/\/www.ferrycroatia.com\/hr\/wp-json\/wp\/v2\/comments?post=1101"}],"version-history":[{"count":4,"href":"https:\/\/www.ferrycroatia.com\/hr\/wp-json\/wp\/v2\/pages\/1101\/revisions"}],"predecessor-version":[{"id":2412,"href":"https:\/\/www.ferrycroatia.com\/hr\/wp-json\/wp\/v2\/pages\/1101\/revisions\/2412"}],"wp:attachment":[{"href":"https:\/\/www.ferrycroatia.com\/hr\/wp-json\/wp\/v2\/media?parent=1101"}],"curies":[{"name":"wp","href":"https:\/\/api.w.org\/{rel}","templated":true}]}}