{"id":1105,"date":"2021-01-26T12:45:03","date_gmt":"2021-01-26T12:45:03","guid":{"rendered":"https:\/\/ferrycroatia.com\/hr\/?page_id=1105"},"modified":"2021-07-29T12:06:11","modified_gmt":"2021-07-29T10:06:11","slug":"otok-kolocep","status":"publish","type":"page","link":"https:\/\/www.ferrycroatia.com\/hr\/otok-kolocep\/","title":{"rendered":"Otok Kolo\u010dep"},"content":{"rendered":"\n<p>Otok Kolo\u010dep <b>najmanji je od 3 Elafitska otoka<\/b> i najbli\u017ei je Dubrovniku. Povr\u0161ina otoka je manja od 3 km2, a <b>broj stalnih stanovnika manji je od 200<\/b>. Tijekom ljeta otok je dom stotinama turista, kao i velikom broju ljudi koji dolaze na jednodnevne izlete iz Dubrovnika.<\/p>\n\n\n\n<p>Na ovom <b>otoku bez automobila<\/b> nalaze se dva naselja: <b>Gornje \u010celo i Donje \u010celo<\/b>, svako smje\u0161teno u svom zaljevu. Gornje \u010celo smje\u0161teno je na jugoisto\u010dnom kraju otoka s pogledom na kopno, a ve\u0107e Donje \u010celo smje\u0161teno je na sjevernom kraju otoka.&nbsp; Udaljenost izme\u0111u dva sela je nekih 1,5 km.<\/p>\n\n\n\n<p><b>Smje\u0161taj<\/b> se lako mo\u017ee na\u0107i u oba naselja, a glavne opcije su hotel Sensimar Kalamota Island Resort (TUI BLUE) i Kalamota Beach House, apartmani se nalaze u Gornjem \u010celu i Donjem \u010celu, kao i izme\u0111u dva sela.<\/p>\n\n\n\n<h2>\u0160to vidjeti i raditi na Kolo\u010depu<\/h2>\n\n\n\n<p><b>Glavne aktivnosti <\/b>kojima se bave posjetitelji otoka Kolo\u010depa su <b>opu\u0161tanje i u\u017eivanje<\/b>, uz pra\u0107eno kupanje u kristalno \u010distom moru.<\/p>\n\n\n\n<p>Preporu\u010da se i <b>istra\u017eiti sve kutke otoka<\/b> prate\u0107i pje\u0161a\u010dke staze koje prekrivaju ve\u0107i dio otoka.<\/p>\n\n\n\n<p>Ne propustite posjetiti <b>Modru \u0161pilju<\/b> koja se nalazi na jugozapadnom kraju otoka. Kako biste do\u0161li do Modre \u0161pilje, morate se pridru\u017eiti jednoj od brojnih tura ili unajmiti brod iz Donjeg \u010cela.<\/p>\n\n\n\n<h2>Kako do\u0107i do Kolo\u010depa<\/h2>\n\n\n\n<p><b>Trajektna luka na Kolo\u010depu nalazi se u Gornjem \u010celu,<\/b> u isto\u010dnom dijelu zaljeva. Jadrolinijina putni\u010dka brodska linija 807 <b>prometuje do 4 puta dnevno<\/b> izme\u0111u Dubrovnika i Kolo\u010depa. <strong>Ispod mo\u017eete prona\u0107i vozni red i direktno kupiti karte za sve polaske prema i s Kolo\u010depa<\/strong>:<\/p>\n\n\n\n<figure class=\"wp-block-table\"><table><tbody><tr><td><a href=\"http:\/\/ferrycroatia.com\/hr\/kolocep-dubrovnik\/\">Kolo\u010dep &#8211; Dubrovnik<\/a><\/td><td><a href=\"http:\/\/ferrycroatia.com\/hr\/kolocep-lopud\/\">Kolo\u010dep &#8211; Lopud<\/a><\/td><td><a href=\"http:\/\/ferrycroatia.com\/hr\/kolocep-sudurad\/\">Kolo\u010dep &#8211; Su\u0111ura\u0111<\/a><\/td><\/tr><tr><td><a href=\"http:\/\/ferrycroatia.com\/hr\/dubrovnik-kolocep\/\">Dubrovnik &#8211; Kolo\u010dep<\/a><\/td><td><a href=\"http:\/\/ferrycroatia.com\/hr\/lopud-kolocep\/\">Lopud &#8211; Kolo\u010dep<\/a><\/td><td><a href=\"http:\/\/ferrycroatia.com\/hr\/sudurad-kolocep\/\">Su\u0111ura\u0111 &#8211; Kolo\u010dep<\/a><\/td><\/tr><\/tbody><\/table><\/figure>\n","protected":false},"excerpt":{"rendered":"<p>Otok Kolo\u010dep najmanji je od 3 Elafitska otoka i najbli\u017ei je Dubrovniku. Povr\u0161ina otoka je manja od 3 km2, a broj stalnih stanovnika manji je od 200. Tijekom ljeta otok je dom stotinama turista, kao i velikom broju ljudi koji dolaze na jednodnevne izlete iz Dubrovnika. Na ovom otoku bez automobila nalaze se dva naselja: [&hellip;]<\/p>\n<p><a class=\"more-link\" href=\"https:\/\/www.ferrycroatia.com\/hr\/otok-kolocep\/\"> Continue reading&#8230;<\/a><\/p>\n","protected":false},"author":5,"featured_media":0,"parent":0,"menu_order":0,"comment_status":"closed","ping_status":"closed","template":"","meta":[],"yoast_head":"<!-- This site is optimized with the Yoast SEO plugin v19.8 - https:\/\/yoast.com\/wordpress\/plugins\/seo\/ -->\n<title>Otok Kolo\u010dep, u\u017eivajte u opu\u0161taju\u0107em odmoru blizu Dubrovnika<\/title>\n<meta name=\"robots\" content=\"index, follow, max-snippet:-1, max-image-preview:large, max-video-preview:-1\" \/>\n<link rel=\"canonical\" href=\"https:\/\/www.ferrycroatia.com\/hr\/otok-kolocep\/\" \/>\n<meta property=\"og:locale\" content=\"en_US\" \/>\n<meta property=\"og:type\" content=\"article\" \/>\n<meta property=\"og:title\" content=\"Otok Kolo\u010dep, u\u017eivajte u opu\u0161taju\u0107em odmoru blizu Dubrovnika\" \/>\n<meta property=\"og:description\" content=\"Otok Kolo\u010dep najmanji je od 3 Elafitska otoka i najbli\u017ei je Dubrovniku. Povr\u0161ina otoka je manja od 3 km2, a broj stalnih stanovnika manji je od 200. Tijekom ljeta otok je dom stotinama turista, kao i velikom broju ljudi koji dolaze na jednodnevne izlete iz Dubrovnika. Na ovom otoku bez automobila nalaze se dva naselja: [&hellip;] Continue reading...\" \/>\n<meta property=\"og:url\" content=\"https:\/\/www.ferrycroatia.com\/hr\/otok-kolocep\/\" \/>\n<meta property=\"og:site_name\" content=\"Trajekti Hrvatska\" \/>\n<meta property=\"article:modified_time\" content=\"2021-07-29T10:06:11+00:00\" \/>\n<meta name=\"twitter:card\" content=\"summary_large_image\" \/>\n<meta name=\"twitter:label1\" content=\"Est. reading time\" \/>\n\t<meta name=\"twitter:data1\" content=\"2 minutes\" \/>\n<script type=\"application\/ld+json\" class=\"yoast-schema-graph\">{\"@context\":\"https:\/\/schema.org\",\"@graph\":[{\"@type\":\"WebPage\",\"@id\":\"https:\/\/www.ferrycroatia.com\/hr\/otok-kolocep\/\",\"url\":\"https:\/\/www.ferrycroatia.com\/hr\/otok-kolocep\/\",\"name\":\"Otok Kolo\u010dep, u\u017eivajte u opu\u0161taju\u0107em odmoru blizu Dubrovnika\",\"isPartOf\":{\"@id\":\"https:\/\/www.ferrycroatia.com\/hr\/#website\"},\"datePublished\":\"2021-01-26T12:45:03+00:00\",\"dateModified\":\"2021-07-29T10:06:11+00:00\",\"breadcrumb\":{\"@id\":\"https:\/\/www.ferrycroatia.com\/hr\/otok-kolocep\/#breadcrumb\"},\"inLanguage\":\"en-US\",\"potentialAction\":[{\"@type\":\"ReadAction\",\"target\":[\"https:\/\/www.ferrycroatia.com\/hr\/otok-kolocep\/\"]}]},{\"@type\":\"BreadcrumbList\",\"@id\":\"https:\/\/www.ferrycroatia.com\/hr\/otok-kolocep\/#breadcrumb\",\"itemListElement\":[{\"@type\":\"ListItem\",\"position\":1,\"name\":\"Home\",\"item\":\"https:\/\/www.ferrycroatia.com\/hr\/\"},{\"@type\":\"ListItem\",\"position\":2,\"name\":\"Otok Kolo\u010dep\"}]},{\"@type\":\"WebSite\",\"@id\":\"https:\/\/www.ferrycroatia.com\/hr\/#website\",\"url\":\"https:\/\/www.ferrycroatia.com\/hr\/\",\"name\":\"Trajekti Hrvatska\",\"description\":\"Vozni red za sve trajekte i katamarane u Hrvatskoj\",\"potentialAction\":[{\"@type\":\"SearchAction\",\"target\":{\"@type\":\"EntryPoint\",\"urlTemplate\":\"https:\/\/www.ferrycroatia.com\/hr\/?s={search_term_string}\"},\"query-input\":\"required name=search_term_string\"}],\"inLanguage\":\"en-US\"}]}<\/script>\n<!-- \/ Yoast SEO plugin. -->","yoast_head_json":{"title":"Otok Kolo\u010dep, u\u017eivajte u opu\u0161taju\u0107em odmoru blizu Dubrovnika","robots":{"index":"index","follow":"follow","max-snippet":"max-snippet:-1","max-image-preview":"max-image-preview:large","max-video-preview":"max-video-preview:-1"},"canonical":"https:\/\/www.ferrycroatia.com\/hr\/otok-kolocep\/","og_locale":"en_US","og_type":"article","og_title":"Otok Kolo\u010dep, u\u017eivajte u opu\u0161taju\u0107em odmoru blizu Dubrovnika","og_description":"Otok Kolo\u010dep najmanji je od 3 Elafitska otoka i najbli\u017ei je Dubrovniku. Povr\u0161ina otoka je manja od 3 km2, a broj stalnih stanovnika manji je od 200. Tijekom ljeta otok je dom stotinama turista, kao i velikom broju ljudi koji dolaze na jednodnevne izlete iz Dubrovnika. Na ovom otoku bez automobila nalaze se dva naselja: [&hellip;] Continue reading...","og_url":"https:\/\/www.ferrycroatia.com\/hr\/otok-kolocep\/","og_site_name":"Trajekti Hrvatska","article_modified_time":"2021-07-29T10:06:11+00:00","twitter_card":"summary_large_image","twitter_misc":{"Est. reading time":"2 minutes"},"schema":{"@context":"https:\/\/schema.org","@graph":[{"@type":"WebPage","@id":"https:\/\/www.ferrycroatia.com\/hr\/otok-kolocep\/","url":"https:\/\/www.ferrycroatia.com\/hr\/otok-kolocep\/","name":"Otok Kolo\u010dep, u\u017eivajte u opu\u0161taju\u0107em odmoru blizu Dubrovnika","isPartOf":{"@id":"https:\/\/www.ferrycroatia.com\/hr\/#website"},"datePublished":"2021-01-26T12:45:03+00:00","dateModified":"2021-07-29T10:06:11+00:00","breadcrumb":{"@id":"https:\/\/www.ferrycroatia.com\/hr\/otok-kolocep\/#breadcrumb"},"inLanguage":"en-US","potentialAction":[{"@type":"ReadAction","target":["https:\/\/www.ferrycroatia.com\/hr\/otok-kolocep\/"]}]},{"@type":"BreadcrumbList","@id":"https:\/\/www.ferrycroatia.com\/hr\/otok-kolocep\/#breadcrumb","itemListElement":[{"@type":"ListItem","position":1,"name":"Home","item":"https:\/\/www.ferrycroatia.com\/hr\/"},{"@type":"ListItem","position":2,"name":"Otok Kolo\u010dep"}]},{"@type":"WebSite","@id":"https:\/\/www.ferrycroatia.com\/hr\/#website","url":"https:\/\/www.ferrycroatia.com\/hr\/","name":"Trajekti Hrvatska","description":"Vozni red za sve trajekte i katamarane u Hrvatskoj","potentialAction":[{"@type":"SearchAction","target":{"@type":"EntryPoint","urlTemplate":"https:\/\/www.ferrycroatia.com\/hr\/?s={search_term_string}"},"query-input":"required name=search_term_string"}],"inLanguage":"en-US"}]}},"_links":{"self":[{"href":"https:\/\/www.ferrycroatia.com\/hr\/wp-json\/wp\/v2\/pages\/1105"}],"collection":[{"href":"https:\/\/www.ferrycroatia.com\/hr\/wp-json\/wp\/v2\/pages"}],"about":[{"href":"https:\/\/www.ferrycroatia.com\/hr\/wp-json\/wp\/v2\/types\/page"}],"author":[{"embeddable":true,"href":"https:\/\/www.ferrycroatia.com\/hr\/wp-json\/wp\/v2\/users\/5"}],"replies":[{"embeddable":true,"href":"https:\/\/www.ferrycroatia.com\/hr\/wp-json\/wp\/v2\/comments?post=1105"}],"version-history":[{"count":4,"href":"https:\/\/www.ferrycroatia.com\/hr\/wp-json\/wp\/v2\/pages\/1105\/revisions"}],"predecessor-version":[{"id":2414,"href":"https:\/\/www.ferrycroatia.com\/hr\/wp-json\/wp\/v2\/pages\/1105\/revisions\/2414"}],"wp:attachment":[{"href":"https:\/\/www.ferrycroatia.com\/hr\/wp-json\/wp\/v2\/media?parent=1105"}],"curies":[{"name":"wp","href":"https:\/\/api.w.org\/{rel}","templated":true}]}}