{"id":1107,"date":"2021-01-26T12:47:01","date_gmt":"2021-01-26T12:47:01","guid":{"rendered":"https:\/\/ferrycroatia.com\/hr\/?page_id=1107"},"modified":"2021-07-29T12:13:47","modified_gmt":"2021-07-29T10:13:47","slug":"otok-lopud","status":"publish","type":"page","link":"https:\/\/www.ferrycroatia.com\/hr\/otok-lopud\/","title":{"rendered":"Otok Lopud"},"content":{"rendered":"\n<p><b>Otok Lopud<\/b> jedan je od <b>3 Elafitska otok<\/b>a koji se nalaze sjeverno od Dubrovnika te je savr\u0161eno mjesto <b>za opu\u0161tanje i odmor<\/b>. Otok broji tek nekih 250 stalnih stanovnika, ali tijekom ljetnih mjeseci taj broj znatno pove\u0107avaju ljudi koji odsjedaju u brojnim stanovima, <b>hotelu Lafodia Resort<\/b> ili jednom od ostalih malih hotela na Otoku.<\/p>\n\n\n\n<h2>\u0160to vidjeti i raditi na Lopudu<\/h2>\n\n\n\n<p>Iako je<b> povr\u0161ina otoka manja od 5 km<\/b><b>2<\/b>, vi\u0161e od <b>1 km zauzimaju pje\u0161\u010dane pla\u017ee<\/b>, \u0161to je donekle kontrast uglavnom \u0161ljun\u010danim dubrova\u010dkim pla\u017eama. <b>Najpoznatija pla\u017ea na otoku je \u0160unj<\/b>, a nalazi se u uvali na jugoisto\u010dnoj strani otoka.<\/p>\n\n\n\n<p><b>Glavno naselje Lopud<\/b> nalazi se u uvali na sjeverozapadnoj strani otoka, a tu se nalazi <b>franjeva\u010dki samostan iz 15. stolje\u0107a<\/b>. Uz more u Lopudu nalazi se i lijepa riva s mno\u0161tvom restorana i kafi\u0107a.<\/p>\n\n\n\n<p>Na jednoj od vi\u0161ih to\u010daka otoka nalaze se <b>ru\u0161evine tvr\u0111ave Sutvra\u010d<\/b>, odakle se pru\u017ea sjajan <b>pogled na Lopudski zaljev<\/b>. Tvr\u0111ava je udaljena nekih 15-20 minuta hoda od Lopuda, a na otoku se nalazi i nekoliko crkvica za koje je potrebno malo istra\u017eivanja da biste ih prona\u0161li.<\/p>\n\n\n\n<h2>Kako do\u0107i do Lopuda<\/h2>\n\n\n\n<p>Postoje <b>2 slu\u017ebene trajektne linije do otoka Lopuda<\/b>, a to su:<\/p>\n\n\n\n<p>Jadrolinija 831: Dubrovnik &#8211; Lopud &#8211; Su\u0111ura\u0111<\/p>\n\n\n\n<p>Jadrolinija 807: Dubrovnik &#8211; Kolo\u010dep &#8211; Lopud &#8211; \u0160ipan<\/p>\n\n\n\n<p>Obje linije prometuju tijekom cijele godine, tijekom ljetne sezone <b>izme\u0111u Dubrovnika i Lopuda ima do 5 polazaka dnevno<\/b>, a ovdje mo\u017eete prona\u0107i <strong>red vo\u017enje i karte <\/strong>prema i iz Lopuda:<\/p>\n\n\n\n<figure class=\"wp-block-table\"><table><tbody><tr><td><a href=\"http:\/\/ferrycroatia.com\/hr\/dubrovnik-lopud\/\">Dubrovnik &#8211; Lopud<\/a><\/td><td><a href=\"http:\/\/ferrycroatia.com\/hr\/sudurad-lopud\/\">Su\u0111ura\u0111 &#8211; Lopud<\/a><\/td><td><a href=\"http:\/\/ferrycroatia.com\/hr\/kolocep-lopud\/\">Kolo\u010dep &#8211; Lopud<\/a><\/td><\/tr><tr><td><a href=\"http:\/\/ferrycroatia.com\/hr\/lopud-dubrovnik\/\">Lopud &#8211; Dubrovnik<\/a><\/td><td><a href=\"http:\/\/ferrycroatia.com\/hr\/lopud-sudurad\/\">Lopud &#8211; Su\u0111ura\u0111<\/a><\/td><td><a href=\"http:\/\/ferrycroatia.com\/hr\/lopud-kolocep\/\">Lopud &#8211; Kolo\u010dep<\/a><\/td><\/tr><\/tbody><\/table><\/figure>\n\n\n\n<p>Uz trajekte, \u010desto prometuju i manji \u010damci do\/od Trestena (lokacija snimanja Igre prijestolja) na kopnu i<b> s otoka \u0160ipana<\/b>.<\/p>\n\n\n\n<h2>Jednodnevni izlet do Lopuda<\/h2>\n\n\n\n<p>Ako odsjedate u Dubrovniku i \u017eelite <b>provesti dan na pje\u0161\u010danoj pla\u017ei Sunj<\/b>, mo\u017eete trajektom do otoka i natrag, ukoliko ne \u017eelite provesti cijeli dan na Lopudu, ima <b>nekoliko organiziranih tura iz Dubrovnika<\/b> koje uklju\u010duju posjet Otoku.<\/p>\n","protected":false},"excerpt":{"rendered":"<p>Otok Lopud jedan je od 3 Elafitska otoka koji se nalaze sjeverno od Dubrovnika te je savr\u0161eno mjesto za opu\u0161tanje i odmor. Otok broji tek nekih 250 stalnih stanovnika, ali tijekom ljetnih mjeseci taj broj znatno pove\u0107avaju ljudi koji odsjedaju u brojnim stanovima, hotelu Lafodia Resort ili jednom od ostalih malih hotela na Otoku. \u0160to [&hellip;]<\/p>\n<p><a class=\"more-link\" href=\"https:\/\/www.ferrycroatia.com\/hr\/otok-lopud\/\"> Continue reading&#8230;<\/a><\/p>\n","protected":false},"author":5,"featured_media":0,"parent":0,"menu_order":0,"comment_status":"closed","ping_status":"closed","template":"","meta":[],"yoast_head":"<!-- This site is optimized with the Yoast SEO plugin v19.8 - https:\/\/yoast.com\/wordpress\/plugins\/seo\/ -->\n<title>Otok Lopud, \u0161armantni otok u blizini Dubrovnika<\/title>\n<meta name=\"robots\" content=\"index, follow, max-snippet:-1, max-image-preview:large, max-video-preview:-1\" \/>\n<link rel=\"canonical\" href=\"https:\/\/www.ferrycroatia.com\/hr\/otok-lopud\/\" \/>\n<meta property=\"og:locale\" content=\"en_US\" \/>\n<meta property=\"og:type\" content=\"article\" \/>\n<meta property=\"og:title\" content=\"Otok Lopud, \u0161armantni otok u blizini Dubrovnika\" \/>\n<meta property=\"og:description\" content=\"Otok Lopud jedan je od 3 Elafitska otoka koji se nalaze sjeverno od Dubrovnika te je savr\u0161eno mjesto za opu\u0161tanje i odmor. Otok broji tek nekih 250 stalnih stanovnika, ali tijekom ljetnih mjeseci taj broj znatno pove\u0107avaju ljudi koji odsjedaju u brojnim stanovima, hotelu Lafodia Resort ili jednom od ostalih malih hotela na Otoku. \u0160to [&hellip;] Continue reading...\" \/>\n<meta property=\"og:url\" content=\"https:\/\/www.ferrycroatia.com\/hr\/otok-lopud\/\" \/>\n<meta property=\"og:site_name\" content=\"Trajekti Hrvatska\" \/>\n<meta property=\"article:modified_time\" content=\"2021-07-29T10:13:47+00:00\" \/>\n<meta name=\"twitter:card\" content=\"summary_large_image\" \/>\n<meta name=\"twitter:label1\" content=\"Est. reading time\" \/>\n\t<meta name=\"twitter:data1\" content=\"2 minutes\" \/>\n<script type=\"application\/ld+json\" class=\"yoast-schema-graph\">{\"@context\":\"https:\/\/schema.org\",\"@graph\":[{\"@type\":\"WebPage\",\"@id\":\"https:\/\/www.ferrycroatia.com\/hr\/otok-lopud\/\",\"url\":\"https:\/\/www.ferrycroatia.com\/hr\/otok-lopud\/\",\"name\":\"Otok Lopud, \u0161armantni otok u blizini Dubrovnika\",\"isPartOf\":{\"@id\":\"https:\/\/www.ferrycroatia.com\/hr\/#website\"},\"datePublished\":\"2021-01-26T12:47:01+00:00\",\"dateModified\":\"2021-07-29T10:13:47+00:00\",\"breadcrumb\":{\"@id\":\"https:\/\/www.ferrycroatia.com\/hr\/otok-lopud\/#breadcrumb\"},\"inLanguage\":\"en-US\",\"potentialAction\":[{\"@type\":\"ReadAction\",\"target\":[\"https:\/\/www.ferrycroatia.com\/hr\/otok-lopud\/\"]}]},{\"@type\":\"BreadcrumbList\",\"@id\":\"https:\/\/www.ferrycroatia.com\/hr\/otok-lopud\/#breadcrumb\",\"itemListElement\":[{\"@type\":\"ListItem\",\"position\":1,\"name\":\"Home\",\"item\":\"https:\/\/www.ferrycroatia.com\/hr\/\"},{\"@type\":\"ListItem\",\"position\":2,\"name\":\"Otok Lopud\"}]},{\"@type\":\"WebSite\",\"@id\":\"https:\/\/www.ferrycroatia.com\/hr\/#website\",\"url\":\"https:\/\/www.ferrycroatia.com\/hr\/\",\"name\":\"Trajekti Hrvatska\",\"description\":\"Vozni red za sve trajekte i katamarane u Hrvatskoj\",\"potentialAction\":[{\"@type\":\"SearchAction\",\"target\":{\"@type\":\"EntryPoint\",\"urlTemplate\":\"https:\/\/www.ferrycroatia.com\/hr\/?s={search_term_string}\"},\"query-input\":\"required name=search_term_string\"}],\"inLanguage\":\"en-US\"}]}<\/script>\n<!-- \/ Yoast SEO plugin. -->","yoast_head_json":{"title":"Otok Lopud, \u0161armantni otok u blizini Dubrovnika","robots":{"index":"index","follow":"follow","max-snippet":"max-snippet:-1","max-image-preview":"max-image-preview:large","max-video-preview":"max-video-preview:-1"},"canonical":"https:\/\/www.ferrycroatia.com\/hr\/otok-lopud\/","og_locale":"en_US","og_type":"article","og_title":"Otok Lopud, \u0161armantni otok u blizini Dubrovnika","og_description":"Otok Lopud jedan je od 3 Elafitska otoka koji se nalaze sjeverno od Dubrovnika te je savr\u0161eno mjesto za opu\u0161tanje i odmor. Otok broji tek nekih 250 stalnih stanovnika, ali tijekom ljetnih mjeseci taj broj znatno pove\u0107avaju ljudi koji odsjedaju u brojnim stanovima, hotelu Lafodia Resort ili jednom od ostalih malih hotela na Otoku. \u0160to [&hellip;] Continue reading...","og_url":"https:\/\/www.ferrycroatia.com\/hr\/otok-lopud\/","og_site_name":"Trajekti Hrvatska","article_modified_time":"2021-07-29T10:13:47+00:00","twitter_card":"summary_large_image","twitter_misc":{"Est. reading time":"2 minutes"},"schema":{"@context":"https:\/\/schema.org","@graph":[{"@type":"WebPage","@id":"https:\/\/www.ferrycroatia.com\/hr\/otok-lopud\/","url":"https:\/\/www.ferrycroatia.com\/hr\/otok-lopud\/","name":"Otok Lopud, \u0161armantni otok u blizini Dubrovnika","isPartOf":{"@id":"https:\/\/www.ferrycroatia.com\/hr\/#website"},"datePublished":"2021-01-26T12:47:01+00:00","dateModified":"2021-07-29T10:13:47+00:00","breadcrumb":{"@id":"https:\/\/www.ferrycroatia.com\/hr\/otok-lopud\/#breadcrumb"},"inLanguage":"en-US","potentialAction":[{"@type":"ReadAction","target":["https:\/\/www.ferrycroatia.com\/hr\/otok-lopud\/"]}]},{"@type":"BreadcrumbList","@id":"https:\/\/www.ferrycroatia.com\/hr\/otok-lopud\/#breadcrumb","itemListElement":[{"@type":"ListItem","position":1,"name":"Home","item":"https:\/\/www.ferrycroatia.com\/hr\/"},{"@type":"ListItem","position":2,"name":"Otok Lopud"}]},{"@type":"WebSite","@id":"https:\/\/www.ferrycroatia.com\/hr\/#website","url":"https:\/\/www.ferrycroatia.com\/hr\/","name":"Trajekti Hrvatska","description":"Vozni red za sve trajekte i katamarane u Hrvatskoj","potentialAction":[{"@type":"SearchAction","target":{"@type":"EntryPoint","urlTemplate":"https:\/\/www.ferrycroatia.com\/hr\/?s={search_term_string}"},"query-input":"required name=search_term_string"}],"inLanguage":"en-US"}]}},"_links":{"self":[{"href":"https:\/\/www.ferrycroatia.com\/hr\/wp-json\/wp\/v2\/pages\/1107"}],"collection":[{"href":"https:\/\/www.ferrycroatia.com\/hr\/wp-json\/wp\/v2\/pages"}],"about":[{"href":"https:\/\/www.ferrycroatia.com\/hr\/wp-json\/wp\/v2\/types\/page"}],"author":[{"embeddable":true,"href":"https:\/\/www.ferrycroatia.com\/hr\/wp-json\/wp\/v2\/users\/5"}],"replies":[{"embeddable":true,"href":"https:\/\/www.ferrycroatia.com\/hr\/wp-json\/wp\/v2\/comments?post=1107"}],"version-history":[{"count":4,"href":"https:\/\/www.ferrycroatia.com\/hr\/wp-json\/wp\/v2\/pages\/1107\/revisions"}],"predecessor-version":[{"id":2421,"href":"https:\/\/www.ferrycroatia.com\/hr\/wp-json\/wp\/v2\/pages\/1107\/revisions\/2421"}],"wp:attachment":[{"href":"https:\/\/www.ferrycroatia.com\/hr\/wp-json\/wp\/v2\/media?parent=1107"}],"curies":[{"name":"wp","href":"https:\/\/api.w.org\/{rel}","templated":true}]}}