{"id":1111,"date":"2021-01-26T12:54:00","date_gmt":"2021-01-26T12:54:00","guid":{"rendered":"https:\/\/ferrycroatia.com\/hr\/?page_id=1111"},"modified":"2021-07-29T12:17:17","modified_gmt":"2021-07-29T10:17:17","slug":"otok-molat","status":"publish","type":"page","link":"https:\/\/www.ferrycroatia.com\/hr\/otok-molat\/","title":{"rendered":"Otok Molat"},"content":{"rendered":"\n<p><b>Oto\u010di\u0107 Molat<\/b> nalazi se u zadarskom arhipelagu, 15 nauti\u010dkih milja ili 28 km zra\u010dne udaljenosti od Zadra. Ovaj otok s <b>manje od 200 stanovnika<\/b> izvrsno je mjesto za one koji \u017eele odmor provesti u mirnom okru\u017eenju.<\/p>\n\n\n\n<p>Otok <b>povr\u0161ine od oko 23 km<\/b><b>2<\/b> duga\u010dak je 9 km i \u0161irok do 3 km, a na otoku se nalaze <b>3 naselja<\/b>, <b>Molat, Brgulje i Zapuntel<\/b>, Molat se nalazi na ju\u017enom dijelu, Brgulje u sredi\u0161tu i Zapuntel na sjevernom dijelu otoka. Sva 3 naselja imaju luke. Sjeverni vrh otoka samo je nekih 100 metara udaljen od otoka Ist.<\/p>\n\n\n\n<h2>Kako do\u0107i do Molata<\/h2>\n\n\n\n<p>Otok Molat i <b>Zadar na kopnu cijele su godine povezani<\/b> katamaranom\/brzim trajektom i trajektom koji prometuju svakog dana, osim nekim dr\u017eavnim praznicima.<\/p>\n\n\n\n<p><b>Dnevni katamaran (samo za putnike)<\/b> plovi rutom: Zadar &#8211; <a href=\"https:\/\/ferrycroatia.com\/hr\/trajektna-luka-molat\/\">Molat<\/a> &#8211; <a href=\"https:\/\/ferrycroatia.com\/hr\/trajektna-luka-brgulje\/\">Brgulje<\/a> &#8211; <a href=\"https:\/\/ferrycroatia.com\/hr\/trajektna-luka-zapuntel\/\">Zapuntel<\/a> &#8211; <a href=\"https:\/\/ferrycroatia.com\/hr\/trajektna-luka-ist\/\">Ist<\/a>, <b>vo\u017enja od Zadra do Molata traje nekih 50 minuta<\/b>, do Brgulja nekih 1 sat 5 minuta te do Zapuntela nekih 1 sat i 35 minuta. Ispod mo\u017eete prona\u0107i <strong>karte za kupnju i red vo\u017enje <\/strong>katamarana do i s otoka:<\/p>\n\n\n\n<figure class=\"wp-block-table\"><table><tbody><tr><td><a href=\"http:\/\/ferrycroatia.com\/hr\/zadar-molat\/\">Zadar &#8211; Molat<\/a><\/td><td><a href=\"http:\/\/ferrycroatia.com\/hr\/zadar-brgulje\/\">Zadar &#8211; Brgulje<\/a><\/td><td><a href=\"http:\/\/ferrycroatia.com\/hr\/zadar-zapuntel\/\">Zadar &#8211; Zapuntel<\/a><\/td><\/tr><tr><td><a href=\"http:\/\/ferrycroatia.com\/hr\/molat-zadar\/\">Molat &#8211; Zadar<\/a><\/td><td><a href=\"http:\/\/ferrycroatia.com\/hr\/brgulje-zadar\/\">Brgulje &#8211; Zadar<\/a><\/td><td><a href=\"http:\/\/ferrycroatia.com\/hr\/zapuntel-zadar\/\">Zapuntel &#8211; Zadar<\/a><\/td><\/tr><\/tbody><\/table><\/figure>\n\n\n\n<p><b>Dnevni trajekt<\/b> kre\u0107e iz Zadra, a zatim nastavlja do svih ili nekih od sljede\u0107ih otoka: <b>otok Rivanj, otok Sestrunj i otok Zverinac<\/b> te na kraju ide do Molata. Vo\u017enja od Zadra do Molata traje izme\u0111u 2 sata i 30 minuta i 3 sata. Ispod mo\u017eete prona\u0107i <strong>red vo\u017enje i karte <\/strong>trajekta do i s otoka Molat:<\/p>\n\n\n\n<figure class=\"wp-block-table\"><table><tbody><tr><td><a href=\"http:\/\/ferrycroatia.com\/hr\/zadar-molat\/\">Zadar &#8211; Molat<\/a><\/td><td><a href=\"http:\/\/ferrycroatia.com\/hr\/rivanj-molat\/\">Rivanj &#8211; Molat<\/a><\/td><td><a href=\"http:\/\/ferrycroatia.com\/hr\/sestrunj-molat\/\">Sestrunj &#8211; Molat<\/a><\/td><td><a href=\"http:\/\/ferrycroatia.com\/hr\/zverinac-molat\/\">Zverinac &#8211; Molat<\/a><\/td><\/tr><tr><td><a href=\"http:\/\/ferrycroatia.com\/hr\/molat-zadar\/\">Molat &#8211; Zadar<\/a><\/td><td><a href=\"http:\/\/ferrycroatia.com\/hr\/molat-rivanj\/\">Molat &#8211; Rivanj<\/a><\/td><td><a href=\"http:\/\/ferrycroatia.com\/hr\/molat-sestrunj\/\">Molat &#8211; Sestunj<\/a><\/td><td><a href=\"http:\/\/ferrycroatia.com\/hr\/molat-zverinac\/\">Molat &#8211; Zverinac<\/a><\/td><\/tr><\/tbody><\/table><\/figure>\n\n\n\n<h2>Cijene Zadar \u2013 Molat<\/h2>\n\n\n\n<p>Vo\u017enja katamaranom ili trajektom ne\u0107e vam isprazniti d\u017eep \ud83d\ude42 Cijena jednosmjerne karte za katamaran <b>iz Zadra do bilo koje od 3 luke otoka Molata ljeti iznosi nekih 40 kuna<\/b>, 30 kuna u predsezoni i postsezoni te 20 Kuna izvan sezone. Cijena jednosmjerne karte za odrasle za trajekt iz Zadra iznosi nekih 28 kuna ljeti i 23 kune zimi, a \u017eelite li dovesti automobil na otok trebat \u0107ete platiti 160 kuna u jednom smjeru.<\/p>\n","protected":false},"excerpt":{"rendered":"<p>Oto\u010di\u0107 Molat nalazi se u zadarskom arhipelagu, 15 nauti\u010dkih milja ili 28 km zra\u010dne udaljenosti od Zadra. Ovaj otok s manje od 200 stanovnika izvrsno je mjesto za one koji \u017eele odmor provesti u mirnom okru\u017eenju. Otok povr\u0161ine od oko 23 km2 duga\u010dak je 9 km i \u0161irok do 3 km, a na otoku se [&hellip;]<\/p>\n<p><a class=\"more-link\" href=\"https:\/\/www.ferrycroatia.com\/hr\/otok-molat\/\"> Continue reading&#8230;<\/a><\/p>\n","protected":false},"author":5,"featured_media":0,"parent":0,"menu_order":0,"comment_status":"closed","ping_status":"closed","template":"","meta":[],"yoast_head":"<!-- This site is optimized with the Yoast SEO plugin v19.8 - https:\/\/yoast.com\/wordpress\/plugins\/seo\/ -->\n<title>Otok Molat u zadarskom arhipelagu, kako do\u0107i do otoka<\/title>\n<meta name=\"robots\" content=\"index, follow, max-snippet:-1, max-image-preview:large, max-video-preview:-1\" \/>\n<link rel=\"canonical\" href=\"https:\/\/www.ferrycroatia.com\/hr\/otok-molat\/\" \/>\n<meta property=\"og:locale\" content=\"en_US\" \/>\n<meta property=\"og:type\" content=\"article\" \/>\n<meta property=\"og:title\" content=\"Otok Molat u zadarskom arhipelagu, kako do\u0107i do otoka\" \/>\n<meta property=\"og:description\" content=\"Oto\u010di\u0107 Molat nalazi se u zadarskom arhipelagu, 15 nauti\u010dkih milja ili 28 km zra\u010dne udaljenosti od Zadra. Ovaj otok s manje od 200 stanovnika izvrsno je mjesto za one koji \u017eele odmor provesti u mirnom okru\u017eenju. Otok povr\u0161ine od oko 23 km2 duga\u010dak je 9 km i \u0161irok do 3 km, a na otoku se [&hellip;] Continue reading...\" \/>\n<meta property=\"og:url\" content=\"https:\/\/www.ferrycroatia.com\/hr\/otok-molat\/\" \/>\n<meta property=\"og:site_name\" content=\"Trajekti Hrvatska\" \/>\n<meta property=\"article:modified_time\" content=\"2021-07-29T10:17:17+00:00\" \/>\n<meta name=\"twitter:card\" content=\"summary_large_image\" \/>\n<meta name=\"twitter:label1\" content=\"Est. reading time\" \/>\n\t<meta name=\"twitter:data1\" content=\"2 minutes\" \/>\n<script type=\"application\/ld+json\" class=\"yoast-schema-graph\">{\"@context\":\"https:\/\/schema.org\",\"@graph\":[{\"@type\":\"WebPage\",\"@id\":\"https:\/\/www.ferrycroatia.com\/hr\/otok-molat\/\",\"url\":\"https:\/\/www.ferrycroatia.com\/hr\/otok-molat\/\",\"name\":\"Otok Molat u zadarskom arhipelagu, kako do\u0107i do otoka\",\"isPartOf\":{\"@id\":\"https:\/\/www.ferrycroatia.com\/hr\/#website\"},\"datePublished\":\"2021-01-26T12:54:00+00:00\",\"dateModified\":\"2021-07-29T10:17:17+00:00\",\"breadcrumb\":{\"@id\":\"https:\/\/www.ferrycroatia.com\/hr\/otok-molat\/#breadcrumb\"},\"inLanguage\":\"en-US\",\"potentialAction\":[{\"@type\":\"ReadAction\",\"target\":[\"https:\/\/www.ferrycroatia.com\/hr\/otok-molat\/\"]}]},{\"@type\":\"BreadcrumbList\",\"@id\":\"https:\/\/www.ferrycroatia.com\/hr\/otok-molat\/#breadcrumb\",\"itemListElement\":[{\"@type\":\"ListItem\",\"position\":1,\"name\":\"Home\",\"item\":\"https:\/\/www.ferrycroatia.com\/hr\/\"},{\"@type\":\"ListItem\",\"position\":2,\"name\":\"Otok Molat\"}]},{\"@type\":\"WebSite\",\"@id\":\"https:\/\/www.ferrycroatia.com\/hr\/#website\",\"url\":\"https:\/\/www.ferrycroatia.com\/hr\/\",\"name\":\"Trajekti Hrvatska\",\"description\":\"Vozni red za sve trajekte i katamarane u Hrvatskoj\",\"potentialAction\":[{\"@type\":\"SearchAction\",\"target\":{\"@type\":\"EntryPoint\",\"urlTemplate\":\"https:\/\/www.ferrycroatia.com\/hr\/?s={search_term_string}\"},\"query-input\":\"required name=search_term_string\"}],\"inLanguage\":\"en-US\"}]}<\/script>\n<!-- \/ Yoast SEO plugin. -->","yoast_head_json":{"title":"Otok Molat u zadarskom arhipelagu, kako do\u0107i do otoka","robots":{"index":"index","follow":"follow","max-snippet":"max-snippet:-1","max-image-preview":"max-image-preview:large","max-video-preview":"max-video-preview:-1"},"canonical":"https:\/\/www.ferrycroatia.com\/hr\/otok-molat\/","og_locale":"en_US","og_type":"article","og_title":"Otok Molat u zadarskom arhipelagu, kako do\u0107i do otoka","og_description":"Oto\u010di\u0107 Molat nalazi se u zadarskom arhipelagu, 15 nauti\u010dkih milja ili 28 km zra\u010dne udaljenosti od Zadra. Ovaj otok s manje od 200 stanovnika izvrsno je mjesto za one koji \u017eele odmor provesti u mirnom okru\u017eenju. Otok povr\u0161ine od oko 23 km2 duga\u010dak je 9 km i \u0161irok do 3 km, a na otoku se [&hellip;] Continue reading...","og_url":"https:\/\/www.ferrycroatia.com\/hr\/otok-molat\/","og_site_name":"Trajekti Hrvatska","article_modified_time":"2021-07-29T10:17:17+00:00","twitter_card":"summary_large_image","twitter_misc":{"Est. reading time":"2 minutes"},"schema":{"@context":"https:\/\/schema.org","@graph":[{"@type":"WebPage","@id":"https:\/\/www.ferrycroatia.com\/hr\/otok-molat\/","url":"https:\/\/www.ferrycroatia.com\/hr\/otok-molat\/","name":"Otok Molat u zadarskom arhipelagu, kako do\u0107i do otoka","isPartOf":{"@id":"https:\/\/www.ferrycroatia.com\/hr\/#website"},"datePublished":"2021-01-26T12:54:00+00:00","dateModified":"2021-07-29T10:17:17+00:00","breadcrumb":{"@id":"https:\/\/www.ferrycroatia.com\/hr\/otok-molat\/#breadcrumb"},"inLanguage":"en-US","potentialAction":[{"@type":"ReadAction","target":["https:\/\/www.ferrycroatia.com\/hr\/otok-molat\/"]}]},{"@type":"BreadcrumbList","@id":"https:\/\/www.ferrycroatia.com\/hr\/otok-molat\/#breadcrumb","itemListElement":[{"@type":"ListItem","position":1,"name":"Home","item":"https:\/\/www.ferrycroatia.com\/hr\/"},{"@type":"ListItem","position":2,"name":"Otok Molat"}]},{"@type":"WebSite","@id":"https:\/\/www.ferrycroatia.com\/hr\/#website","url":"https:\/\/www.ferrycroatia.com\/hr\/","name":"Trajekti Hrvatska","description":"Vozni red za sve trajekte i katamarane u Hrvatskoj","potentialAction":[{"@type":"SearchAction","target":{"@type":"EntryPoint","urlTemplate":"https:\/\/www.ferrycroatia.com\/hr\/?s={search_term_string}"},"query-input":"required name=search_term_string"}],"inLanguage":"en-US"}]}},"_links":{"self":[{"href":"https:\/\/www.ferrycroatia.com\/hr\/wp-json\/wp\/v2\/pages\/1111"}],"collection":[{"href":"https:\/\/www.ferrycroatia.com\/hr\/wp-json\/wp\/v2\/pages"}],"about":[{"href":"https:\/\/www.ferrycroatia.com\/hr\/wp-json\/wp\/v2\/types\/page"}],"author":[{"embeddable":true,"href":"https:\/\/www.ferrycroatia.com\/hr\/wp-json\/wp\/v2\/users\/5"}],"replies":[{"embeddable":true,"href":"https:\/\/www.ferrycroatia.com\/hr\/wp-json\/wp\/v2\/comments?post=1111"}],"version-history":[{"count":4,"href":"https:\/\/www.ferrycroatia.com\/hr\/wp-json\/wp\/v2\/pages\/1111\/revisions"}],"predecessor-version":[{"id":2427,"href":"https:\/\/www.ferrycroatia.com\/hr\/wp-json\/wp\/v2\/pages\/1111\/revisions\/2427"}],"wp:attachment":[{"href":"https:\/\/www.ferrycroatia.com\/hr\/wp-json\/wp\/v2\/media?parent=1111"}],"curies":[{"name":"wp","href":"https:\/\/api.w.org\/{rel}","templated":true}]}}