{"id":1119,"date":"2021-01-26T13:59:49","date_gmt":"2021-01-26T13:59:49","guid":{"rendered":"https:\/\/ferrycroatia.com\/hr\/?page_id=1119"},"modified":"2021-07-29T12:20:20","modified_gmt":"2021-07-29T10:20:20","slug":"otok-prvic","status":"publish","type":"page","link":"https:\/\/www.ferrycroatia.com\/hr\/otok-prvic\/","title":{"rendered":"Otok Prvi\u0107"},"content":{"rendered":"\n<p>Otok <strong>Prvi\u0107 nalazi se blizu Vodica<\/strong>, a \u201cPrvi\u0107\u201d je zapravo referenca na to da je otok \u201cprvi\u201d od obale do Vodica. Ukupne povr\u0161ine<strong> od otprilike 3 km2<\/strong> , Prvi\u0107 je idealno mjesto za mirni odmor. Na otoku je stalno naseljeno oko 400 osoba, ali se broj posjetitelja ljeti znatno pove\u0107a. <strong>Dva su ve\u0107a naselja na otoku<\/strong>, ve\u0107e <strong>\u0160epurine<\/strong> na zapadnoj strani otoka te<strong> Prvi\u0107 Luka<\/strong> na ju\u017enoj strani otoka. Dva naselja su povezana su povezana cestom, ali mogu\u0107e je i propje\u0161a\u010diti od jednog do drugog mjesta, jer je udaljenost izme\u0111u njih tek 1.5 kilometar.<\/p>\n\n\n\n<h2>Posjetite otok Prvi\u0107<\/h2>\n\n\n\n<p>Ukoliko planirate provesti va\u0161 odmor na otoku koji nudi <strong>odli\u010dan no\u0107ni \u017eivot<\/strong>, razmotrite<a href=\"http:\/\/ferrycroatia.com\/hr\/otok-hvar\/\"> otoke Hvar<\/a> ili <a href=\"http:\/\/ferrycroatia.com\/hr\/otok-brac\/\">Bra\u010d<\/a>, jer Prvi\u0107 ima vrlo malo za ponuditi u tom pogledu. Me\u0111utim, ukoliko tra\u017eite <strong>mirno mjesto<\/strong> otok Prvi\u0107 je izvrsna lokacija.<\/p>\n\n\n\n<p>Na otoku ne postoje zna\u010dajne znamenitosti, osim nekoliko povijesnih crkvi i <strong>memorijalnog centra Fausta Vran\u010di\u0107a<\/strong>, biskupa i inovatora \u010dija je obitelj porijeklom s otoka.<\/p>\n\n\n\n<p>Pla\u017ee se mogu prona\u0107i svuda po otoku, a uglavnom je rije\u010d o \u0161ljun\u010danim pla\u017eama.<\/p>\n\n\n\n<p>\u0160oping je mogu\u0107e obaviti u \u0160epurinama i Prvi\u0107 Luci, a oba naselja<strong> imaju nekoliko kafi\u0107a i restorane<\/strong>, tako da nema potrebe za svakodnevnim kuhanjem.<\/p>\n\n\n\n<h2>Kako do\u0107i do otoka<\/h2>\n\n\n\n<p>Do otoka se s obale mo\u017ee \u010dak i doplivati, me\u0111utim ukoliko <strong>dolazite na odmor<\/strong>, vjerojatno tra\u017eite tradicionalniji na\u010din dolaska na otok.<\/p>\n\n\n\n<p><strong>Trajektna linija Jadrolinije broj 505<\/strong> plovi od Vodica do Prvi\u0107a. Trajekt plovi na ruti <strong>Vodice &#8211; Prvi\u0107 &#8211; Zlarin &#8211; \u0160ibenik<\/strong>, \u0161to zna\u010di da do Prvi\u0107a mo\u017eete do\u0107i i direktno iz \u0160ibenika.<\/p>\n\n\n\n<p><strong>Trajekt je namijenjen samo za pje\u0161ake<\/strong>, \u0161to zna\u010di da na Prvi\u0107 <strong>ne mo\u017eete do\u0107i automobilom<\/strong>. U srpnju i kolovozu trajekt isplovljava do 4 puta dnevno iz Vodica te <strong>do 5 puta dnevno iz \u0160ibenika<\/strong>. U lipnju i rujnu, te tokom ostatka godine, trajekt isplovljava do 3 puta dnevno (iz Vodica) te do 5 puta dnevno (iz \u0160ibenika). <strong>Ve\u0107ina polazaka tako\u0111er ide do obja mjesta na otoku (\u0160epurine i Prvi\u0107 Luka)<\/strong>, ali odre\u0111ene plovidbe idu samo do \u0160epurina. U nastavku mo\u017eete vidjeti <strong>raspored i kupiti karte od i do \u0160epurina<\/strong>:<\/p>\n\n\n\n<figure class=\"wp-block-table\"><table><tbody><tr><td><a href=\"http:\/\/www.ferrycroatia.com\/hr\/vodice-sepurine\/\">Vodice \u2013 \u0160epurine<\/a><\/td><td><a href=\"http:\/\/www.ferrycroatia.com\/hr\/sibenik-sepurine\/\">\u0160ibenik \u2013 \u0160epurine<\/a><\/td><td><a href=\"http:\/\/www.ferrycroatia.com\/hr\/zlarin-sepurine\/\">Zlarin \u2013 \u0160epurine<\/a><\/td><\/tr><tr><td><a href=\"http:\/\/www.ferrycroatia.com\/hr\/sepurine-vodice\/\">\u0160epurine \u2013 Vodice<\/a><\/td><td><a href=\"http:\/\/www.ferrycroatia.com\/hr\/sepurine-sibenik\/\">\u0160epurine \u2013 \u0160ibenik<\/a><\/td><td><a href=\"http:\/\/www.ferrycroatia.com\/hr\/sepurine-zlarin\/\">\u0160epurine \u2013 Zlarin<\/a><\/td><\/tr><\/tbody><\/table><\/figure>\n\n\n\n<p>A ovdje mo\u017eete vidjeti <strong>red plovidbe i kupiti karte <\/strong>od i do Prvi\u0107 Luke:<\/p>\n\n\n\n<figure class=\"wp-block-table\"><table><tbody><tr><td><a href=\"http:\/\/www.ferrycroatia.com\/hr\/vodice-prvic\/\">Vodice \u2013 Prvi\u0107 Luka<\/a><\/td><td><a href=\"http:\/\/www.ferrycroatia.com\/hr\/sibenik-sepurine\/\">\u0160ibenik \u2013 Prvi\u0107 Luka<\/a><\/td><td><a href=\"http:\/\/www.ferrycroatia.com\/hr\/zlarin-prvic\/\">Zlarin \u2013 Prvi\u0107 Luka<\/a><\/td><\/tr><tr><td><a href=\"http:\/\/www.ferrycroatia.com\/hr\/prvic-vodice\/\">Prvi\u0107 Luka \u2013 Vodice<\/a><\/td><td><a href=\"http:\/\/www.ferrycroatia.com\/hr\/prvic-sibenik\/\">Prvi\u0107 Luka \u2013 \u0160ibenik<\/a><\/td><td><a href=\"http:\/\/www.ferrycroatia.com\/hr\/sepurine-zlarin\/\">Prvi\u0107 Luka \u2013 Zlarin<\/a><\/td><\/tr><\/tbody><\/table><\/figure>\n","protected":false},"excerpt":{"rendered":"<p>Otok Prvi\u0107 nalazi se blizu Vodica, a \u201cPrvi\u0107\u201d je zapravo referenca na to da je otok \u201cprvi\u201d od obale do Vodica. Ukupne povr\u0161ine od otprilike 3 km2 , Prvi\u0107 je idealno mjesto za mirni odmor. Na otoku je stalno naseljeno oko 400 osoba, ali se broj posjetitelja ljeti znatno pove\u0107a. Dva su ve\u0107a naselja na [&hellip;]<\/p>\n<p><a class=\"more-link\" href=\"https:\/\/www.ferrycroatia.com\/hr\/otok-prvic\/\"> Continue reading&#8230;<\/a><\/p>\n","protected":false},"author":5,"featured_media":0,"parent":0,"menu_order":0,"comment_status":"closed","ping_status":"closed","template":"","meta":[],"yoast_head":"<!-- This site is optimized with the Yoast SEO plugin v19.8 - https:\/\/yoast.com\/wordpress\/plugins\/seo\/ -->\n<title>Otok Prvi\u0107 u \u0161ibenskom arhipelagu, kako do\u0107i do otoka<\/title>\n<meta name=\"robots\" content=\"index, follow, max-snippet:-1, max-image-preview:large, max-video-preview:-1\" \/>\n<link rel=\"canonical\" href=\"https:\/\/www.ferrycroatia.com\/hr\/otok-prvic\/\" \/>\n<meta property=\"og:locale\" content=\"en_US\" \/>\n<meta property=\"og:type\" content=\"article\" \/>\n<meta property=\"og:title\" content=\"Otok Prvi\u0107 u \u0161ibenskom arhipelagu, kako do\u0107i do otoka\" \/>\n<meta property=\"og:description\" content=\"Otok Prvi\u0107 nalazi se blizu Vodica, a \u201cPrvi\u0107\u201d je zapravo referenca na to da je otok \u201cprvi\u201d od obale do Vodica. Ukupne povr\u0161ine od otprilike 3 km2 , Prvi\u0107 je idealno mjesto za mirni odmor. Na otoku je stalno naseljeno oko 400 osoba, ali se broj posjetitelja ljeti znatno pove\u0107a. Dva su ve\u0107a naselja na [&hellip;] Continue reading...\" \/>\n<meta property=\"og:url\" content=\"https:\/\/www.ferrycroatia.com\/hr\/otok-prvic\/\" \/>\n<meta property=\"og:site_name\" content=\"Trajekti Hrvatska\" \/>\n<meta property=\"article:modified_time\" content=\"2021-07-29T10:20:20+00:00\" \/>\n<meta name=\"twitter:card\" content=\"summary_large_image\" \/>\n<meta name=\"twitter:label1\" content=\"Est. reading time\" \/>\n\t<meta name=\"twitter:data1\" content=\"2 minutes\" \/>\n<script type=\"application\/ld+json\" class=\"yoast-schema-graph\">{\"@context\":\"https:\/\/schema.org\",\"@graph\":[{\"@type\":\"WebPage\",\"@id\":\"https:\/\/www.ferrycroatia.com\/hr\/otok-prvic\/\",\"url\":\"https:\/\/www.ferrycroatia.com\/hr\/otok-prvic\/\",\"name\":\"Otok Prvi\u0107 u \u0161ibenskom arhipelagu, kako do\u0107i do otoka\",\"isPartOf\":{\"@id\":\"https:\/\/www.ferrycroatia.com\/hr\/#website\"},\"datePublished\":\"2021-01-26T13:59:49+00:00\",\"dateModified\":\"2021-07-29T10:20:20+00:00\",\"breadcrumb\":{\"@id\":\"https:\/\/www.ferrycroatia.com\/hr\/otok-prvic\/#breadcrumb\"},\"inLanguage\":\"en-US\",\"potentialAction\":[{\"@type\":\"ReadAction\",\"target\":[\"https:\/\/www.ferrycroatia.com\/hr\/otok-prvic\/\"]}]},{\"@type\":\"BreadcrumbList\",\"@id\":\"https:\/\/www.ferrycroatia.com\/hr\/otok-prvic\/#breadcrumb\",\"itemListElement\":[{\"@type\":\"ListItem\",\"position\":1,\"name\":\"Home\",\"item\":\"https:\/\/www.ferrycroatia.com\/hr\/\"},{\"@type\":\"ListItem\",\"position\":2,\"name\":\"Otok Prvi\u0107\"}]},{\"@type\":\"WebSite\",\"@id\":\"https:\/\/www.ferrycroatia.com\/hr\/#website\",\"url\":\"https:\/\/www.ferrycroatia.com\/hr\/\",\"name\":\"Trajekti Hrvatska\",\"description\":\"Vozni red za sve trajekte i katamarane u Hrvatskoj\",\"potentialAction\":[{\"@type\":\"SearchAction\",\"target\":{\"@type\":\"EntryPoint\",\"urlTemplate\":\"https:\/\/www.ferrycroatia.com\/hr\/?s={search_term_string}\"},\"query-input\":\"required name=search_term_string\"}],\"inLanguage\":\"en-US\"}]}<\/script>\n<!-- \/ Yoast SEO plugin. -->","yoast_head_json":{"title":"Otok Prvi\u0107 u \u0161ibenskom arhipelagu, kako do\u0107i do otoka","robots":{"index":"index","follow":"follow","max-snippet":"max-snippet:-1","max-image-preview":"max-image-preview:large","max-video-preview":"max-video-preview:-1"},"canonical":"https:\/\/www.ferrycroatia.com\/hr\/otok-prvic\/","og_locale":"en_US","og_type":"article","og_title":"Otok Prvi\u0107 u \u0161ibenskom arhipelagu, kako do\u0107i do otoka","og_description":"Otok Prvi\u0107 nalazi se blizu Vodica, a \u201cPrvi\u0107\u201d je zapravo referenca na to da je otok \u201cprvi\u201d od obale do Vodica. Ukupne povr\u0161ine od otprilike 3 km2 , Prvi\u0107 je idealno mjesto za mirni odmor. Na otoku je stalno naseljeno oko 400 osoba, ali se broj posjetitelja ljeti znatno pove\u0107a. Dva su ve\u0107a naselja na [&hellip;] Continue reading...","og_url":"https:\/\/www.ferrycroatia.com\/hr\/otok-prvic\/","og_site_name":"Trajekti Hrvatska","article_modified_time":"2021-07-29T10:20:20+00:00","twitter_card":"summary_large_image","twitter_misc":{"Est. reading time":"2 minutes"},"schema":{"@context":"https:\/\/schema.org","@graph":[{"@type":"WebPage","@id":"https:\/\/www.ferrycroatia.com\/hr\/otok-prvic\/","url":"https:\/\/www.ferrycroatia.com\/hr\/otok-prvic\/","name":"Otok Prvi\u0107 u \u0161ibenskom arhipelagu, kako do\u0107i do otoka","isPartOf":{"@id":"https:\/\/www.ferrycroatia.com\/hr\/#website"},"datePublished":"2021-01-26T13:59:49+00:00","dateModified":"2021-07-29T10:20:20+00:00","breadcrumb":{"@id":"https:\/\/www.ferrycroatia.com\/hr\/otok-prvic\/#breadcrumb"},"inLanguage":"en-US","potentialAction":[{"@type":"ReadAction","target":["https:\/\/www.ferrycroatia.com\/hr\/otok-prvic\/"]}]},{"@type":"BreadcrumbList","@id":"https:\/\/www.ferrycroatia.com\/hr\/otok-prvic\/#breadcrumb","itemListElement":[{"@type":"ListItem","position":1,"name":"Home","item":"https:\/\/www.ferrycroatia.com\/hr\/"},{"@type":"ListItem","position":2,"name":"Otok Prvi\u0107"}]},{"@type":"WebSite","@id":"https:\/\/www.ferrycroatia.com\/hr\/#website","url":"https:\/\/www.ferrycroatia.com\/hr\/","name":"Trajekti Hrvatska","description":"Vozni red za sve trajekte i katamarane u Hrvatskoj","potentialAction":[{"@type":"SearchAction","target":{"@type":"EntryPoint","urlTemplate":"https:\/\/www.ferrycroatia.com\/hr\/?s={search_term_string}"},"query-input":"required name=search_term_string"}],"inLanguage":"en-US"}]}},"_links":{"self":[{"href":"https:\/\/www.ferrycroatia.com\/hr\/wp-json\/wp\/v2\/pages\/1119"}],"collection":[{"href":"https:\/\/www.ferrycroatia.com\/hr\/wp-json\/wp\/v2\/pages"}],"about":[{"href":"https:\/\/www.ferrycroatia.com\/hr\/wp-json\/wp\/v2\/types\/page"}],"author":[{"embeddable":true,"href":"https:\/\/www.ferrycroatia.com\/hr\/wp-json\/wp\/v2\/users\/5"}],"replies":[{"embeddable":true,"href":"https:\/\/www.ferrycroatia.com\/hr\/wp-json\/wp\/v2\/comments?post=1119"}],"version-history":[{"count":3,"href":"https:\/\/www.ferrycroatia.com\/hr\/wp-json\/wp\/v2\/pages\/1119\/revisions"}],"predecessor-version":[{"id":2434,"href":"https:\/\/www.ferrycroatia.com\/hr\/wp-json\/wp\/v2\/pages\/1119\/revisions\/2434"}],"wp:attachment":[{"href":"https:\/\/www.ferrycroatia.com\/hr\/wp-json\/wp\/v2\/media?parent=1119"}],"curies":[{"name":"wp","href":"https:\/\/api.w.org\/{rel}","templated":true}]}}