{"id":1126,"date":"2021-01-26T14:16:46","date_gmt":"2021-01-26T14:16:46","guid":{"rendered":"https:\/\/ferrycroatia.com\/hr\/?page_id=1126"},"modified":"2021-07-29T12:22:51","modified_gmt":"2021-07-29T10:22:51","slug":"otok-rava","status":"publish","type":"page","link":"https:\/\/www.ferrycroatia.com\/hr\/otok-rava\/","title":{"rendered":"Otok Rava"},"content":{"rendered":"\n<p>Rava je <strong>oto\u010di\u0107 u zadarskom arhipelagu<\/strong>, a nalazi se izme\u0111u <a href=\"http:\/\/ferrycroatia.com\/hr\/dugi-otok\/\">Dugog Otoka<\/a> i <a href=\"http:\/\/ferrycroatia.com\/hr\/otok-iz\/\">otoka I\u017ea<\/a>. Ukupna povr\u0161ina otoka je otprilike 4 kvadratna kilometra. Rava je otok duljine 5 kilometara, a \u0161irina ovisno o lokaciji, iznosi od 50 metara do 1.2 kilometara. Na otoku ukupno \u017eivi ne\u0161to manje od 200 stanovnika, \u010dine\u0107i ga idealnim <strong>mjestom za provo\u0111enje mirnog odmora.<\/strong><\/p>\n\n\n\n<p>Otok Rava ima 2 glavna naselja, <strong>Rava i Mala Rava<\/strong>. Naselje <a href=\"https:\/\/ferrycroatia.com\/hr\/trajektna-luka-rava\/\">Rava<\/a> se nalazi u sredi\u0161tu otoka, dok se <a href=\"https:\/\/ferrycroatia.com\/hr\/trajektna-luka-mala-rava\/\">Mala Rava<\/a> nalazi na sjevernoj strani otoka. Oba naselja su lu\u010dki gradi\u0107i.<\/p>\n\n\n\n<h2>Kako do\u0107i do otoka Rava<\/h2>\n\n\n\n<p>Otok Rava je povezan s kopnom preko 3 vrste plovila: <strong>katamaranom, motornim brodom te trajektom<\/strong> koji isplovljava 1-3 puta tjedno, ovisno o doba godine.<\/p>\n\n\n\n<p>Katamaran plovi na sljede\u0107oj ruti:<\/p>\n\n\n\n<p><strong>Zadar \u2013 Mali I\u017e \u2013 Veli I\u017e \u2013 Mala Rava \u2013 Rava<\/strong> (linija broj 9405)<\/p>\n\n\n\n<p>Trajekt isplovljava <strong>3 puta tjedno u srpnju i kolovozu<\/strong>, 2 puta tjedno u lipnju i rujnu te 1 put tjedno ostatak godine. Trajekt plovi na sljede\u0107oj ruti:<\/p>\n\n\n\n<p><strong>Zadar (Ga\u017eenica) \u2013 Brsanj (I\u017e) \u2013 Rava \u2013 Mala Rava<\/strong> (linija broj 435)<\/p>\n\n\n\n<p>Motorni brod <i>Anamarija<\/i> (linija broj 405) plovi istom rutom kao i katamaran, ali je ne\u0161to sporiji. Putovanje od Zadra u ovom slu\u010daju traje oko 2 sata, dok katamaranom traje 1 sat i 30 minuta.<\/p>\n\n\n\n<p>Potpuni<strong> vozni red i karte za katamaran, trajekt i motorni brod<\/strong> mo\u017eete prona\u0107i u nastavku.<\/p>\n\n\n\n<figure class=\"wp-block-table\"><table><tbody><tr><td><a href=\"http:\/\/www.ferrycroatia.com\/hr\/zadar-rava\/\">Zadar \u2013 Rava<\/a><\/td><td><a href=\"http:\/\/www.ferrycroatia.com\/hr\/zadar-mala-rava\/\">Zadar \u2013 Mala Rava<\/a><\/td><td><a href=\"http:\/\/www.ferrycroatia.com\/hr\/veli-iz-rava\/\">Veli I\u017e \u2013 Rava<\/a><\/td><td><a href=\"http:\/\/www.ferrycroatia.com\/hr\/brsanj-rava\/\">Br\u0161anj \u2013 Rava<\/a><\/td><\/tr><tr><td><a href=\"http:\/\/www.ferrycroatia.com\/hr\/rava-zadar\/\">Rava \u2013 Zadar<\/a><\/td><td><a href=\"http:\/\/www.ferrycroatia.com\/hr\/mala-rava-zadar\/\">Mala Rava \u2013 Zadar<\/a><\/td><td><a href=\"http:\/\/www.ferrycroatia.com\/hr\/rava-veli-iz\/\">Rava \u2013 Veli I\u017e<\/a><\/td><td><a href=\"http:\/\/www.ferrycroatia.com\/hr\/rava-brsanj\/\">Rava \u2013 Br\u0161anj<\/a><\/td><\/tr><\/tbody><\/table><\/figure>\n\n\n\n<h2>Cijena trajekta Zadar &#8211; Rava i Zadar &#8211; Mala Rava<\/h2>\n\n\n\n<p>Trajekti koji plove od kopna do otoka su u vlasni\u0161tvu dr\u017eavne tvrtke. Zbog toga su karte za trajekt <strong>iznimno povoljne<\/strong>. Jednosmjerna karta za<strong> katamaran<\/strong>&nbsp;<strong>iz Zadra do Rave ili Male Rave<\/strong> za odrasle osobe iznosi 40 kuna u srcu sezone, 30 kuna u pred i postsezoni te 20 kuna u zimskim mjesecima.<\/p>\n\n\n\n<p>\u0160to se ti\u010de trajekta,<strong> jednosmjerna karta za odrasle osobe<\/strong> u srcu sezone iznosi 28 kuna, te 23 kune u zimskim mjesecima. Cijena za dolazak na otok s automobilom iznosi 130 kuna.<\/p>\n","protected":false},"excerpt":{"rendered":"<p>Rava je oto\u010di\u0107 u zadarskom arhipelagu, a nalazi se izme\u0111u Dugog Otoka i otoka I\u017ea. Ukupna povr\u0161ina otoka je otprilike 4 kvadratna kilometra. Rava je otok duljine 5 kilometara, a \u0161irina ovisno o lokaciji, iznosi od 50 metara do 1.2 kilometara. Na otoku ukupno \u017eivi ne\u0161to manje od 200 stanovnika, \u010dine\u0107i ga idealnim mjestom za [&hellip;]<\/p>\n<p><a class=\"more-link\" href=\"https:\/\/www.ferrycroatia.com\/hr\/otok-rava\/\"> Continue reading&#8230;<\/a><\/p>\n","protected":false},"author":5,"featured_media":0,"parent":0,"menu_order":0,"comment_status":"closed","ping_status":"closed","template":"","meta":[],"yoast_head":"<!-- This site is optimized with the Yoast SEO plugin v19.8 - https:\/\/yoast.com\/wordpress\/plugins\/seo\/ -->\n<title>Otok Rava u zadarskom arhipelagu, kako do\u0107i do otoka<\/title>\n<meta name=\"robots\" content=\"index, follow, max-snippet:-1, max-image-preview:large, max-video-preview:-1\" \/>\n<link rel=\"canonical\" href=\"https:\/\/www.ferrycroatia.com\/hr\/otok-rava\/\" \/>\n<meta property=\"og:locale\" content=\"en_US\" \/>\n<meta property=\"og:type\" content=\"article\" \/>\n<meta property=\"og:title\" content=\"Otok Rava u zadarskom arhipelagu, kako do\u0107i do otoka\" \/>\n<meta property=\"og:description\" content=\"Rava je oto\u010di\u0107 u zadarskom arhipelagu, a nalazi se izme\u0111u Dugog Otoka i otoka I\u017ea. Ukupna povr\u0161ina otoka je otprilike 4 kvadratna kilometra. Rava je otok duljine 5 kilometara, a \u0161irina ovisno o lokaciji, iznosi od 50 metara do 1.2 kilometara. Na otoku ukupno \u017eivi ne\u0161to manje od 200 stanovnika, \u010dine\u0107i ga idealnim mjestom za [&hellip;] Continue reading...\" \/>\n<meta property=\"og:url\" content=\"https:\/\/www.ferrycroatia.com\/hr\/otok-rava\/\" \/>\n<meta property=\"og:site_name\" content=\"Trajekti Hrvatska\" \/>\n<meta property=\"article:modified_time\" content=\"2021-07-29T10:22:51+00:00\" \/>\n<meta name=\"twitter:card\" content=\"summary_large_image\" \/>\n<meta name=\"twitter:label1\" content=\"Est. reading time\" \/>\n\t<meta name=\"twitter:data1\" content=\"2 minutes\" \/>\n<script type=\"application\/ld+json\" class=\"yoast-schema-graph\">{\"@context\":\"https:\/\/schema.org\",\"@graph\":[{\"@type\":\"WebPage\",\"@id\":\"https:\/\/www.ferrycroatia.com\/hr\/otok-rava\/\",\"url\":\"https:\/\/www.ferrycroatia.com\/hr\/otok-rava\/\",\"name\":\"Otok Rava u zadarskom arhipelagu, kako do\u0107i do otoka\",\"isPartOf\":{\"@id\":\"https:\/\/www.ferrycroatia.com\/hr\/#website\"},\"datePublished\":\"2021-01-26T14:16:46+00:00\",\"dateModified\":\"2021-07-29T10:22:51+00:00\",\"breadcrumb\":{\"@id\":\"https:\/\/www.ferrycroatia.com\/hr\/otok-rava\/#breadcrumb\"},\"inLanguage\":\"en-US\",\"potentialAction\":[{\"@type\":\"ReadAction\",\"target\":[\"https:\/\/www.ferrycroatia.com\/hr\/otok-rava\/\"]}]},{\"@type\":\"BreadcrumbList\",\"@id\":\"https:\/\/www.ferrycroatia.com\/hr\/otok-rava\/#breadcrumb\",\"itemListElement\":[{\"@type\":\"ListItem\",\"position\":1,\"name\":\"Home\",\"item\":\"https:\/\/www.ferrycroatia.com\/hr\/\"},{\"@type\":\"ListItem\",\"position\":2,\"name\":\"Otok Rava\"}]},{\"@type\":\"WebSite\",\"@id\":\"https:\/\/www.ferrycroatia.com\/hr\/#website\",\"url\":\"https:\/\/www.ferrycroatia.com\/hr\/\",\"name\":\"Trajekti Hrvatska\",\"description\":\"Vozni red za sve trajekte i katamarane u Hrvatskoj\",\"potentialAction\":[{\"@type\":\"SearchAction\",\"target\":{\"@type\":\"EntryPoint\",\"urlTemplate\":\"https:\/\/www.ferrycroatia.com\/hr\/?s={search_term_string}\"},\"query-input\":\"required name=search_term_string\"}],\"inLanguage\":\"en-US\"}]}<\/script>\n<!-- \/ Yoast SEO plugin. -->","yoast_head_json":{"title":"Otok Rava u zadarskom arhipelagu, kako do\u0107i do otoka","robots":{"index":"index","follow":"follow","max-snippet":"max-snippet:-1","max-image-preview":"max-image-preview:large","max-video-preview":"max-video-preview:-1"},"canonical":"https:\/\/www.ferrycroatia.com\/hr\/otok-rava\/","og_locale":"en_US","og_type":"article","og_title":"Otok Rava u zadarskom arhipelagu, kako do\u0107i do otoka","og_description":"Rava je oto\u010di\u0107 u zadarskom arhipelagu, a nalazi se izme\u0111u Dugog Otoka i otoka I\u017ea. Ukupna povr\u0161ina otoka je otprilike 4 kvadratna kilometra. Rava je otok duljine 5 kilometara, a \u0161irina ovisno o lokaciji, iznosi od 50 metara do 1.2 kilometara. Na otoku ukupno \u017eivi ne\u0161to manje od 200 stanovnika, \u010dine\u0107i ga idealnim mjestom za [&hellip;] Continue reading...","og_url":"https:\/\/www.ferrycroatia.com\/hr\/otok-rava\/","og_site_name":"Trajekti Hrvatska","article_modified_time":"2021-07-29T10:22:51+00:00","twitter_card":"summary_large_image","twitter_misc":{"Est. reading time":"2 minutes"},"schema":{"@context":"https:\/\/schema.org","@graph":[{"@type":"WebPage","@id":"https:\/\/www.ferrycroatia.com\/hr\/otok-rava\/","url":"https:\/\/www.ferrycroatia.com\/hr\/otok-rava\/","name":"Otok Rava u zadarskom arhipelagu, kako do\u0107i do otoka","isPartOf":{"@id":"https:\/\/www.ferrycroatia.com\/hr\/#website"},"datePublished":"2021-01-26T14:16:46+00:00","dateModified":"2021-07-29T10:22:51+00:00","breadcrumb":{"@id":"https:\/\/www.ferrycroatia.com\/hr\/otok-rava\/#breadcrumb"},"inLanguage":"en-US","potentialAction":[{"@type":"ReadAction","target":["https:\/\/www.ferrycroatia.com\/hr\/otok-rava\/"]}]},{"@type":"BreadcrumbList","@id":"https:\/\/www.ferrycroatia.com\/hr\/otok-rava\/#breadcrumb","itemListElement":[{"@type":"ListItem","position":1,"name":"Home","item":"https:\/\/www.ferrycroatia.com\/hr\/"},{"@type":"ListItem","position":2,"name":"Otok Rava"}]},{"@type":"WebSite","@id":"https:\/\/www.ferrycroatia.com\/hr\/#website","url":"https:\/\/www.ferrycroatia.com\/hr\/","name":"Trajekti Hrvatska","description":"Vozni red za sve trajekte i katamarane u Hrvatskoj","potentialAction":[{"@type":"SearchAction","target":{"@type":"EntryPoint","urlTemplate":"https:\/\/www.ferrycroatia.com\/hr\/?s={search_term_string}"},"query-input":"required name=search_term_string"}],"inLanguage":"en-US"}]}},"_links":{"self":[{"href":"https:\/\/www.ferrycroatia.com\/hr\/wp-json\/wp\/v2\/pages\/1126"}],"collection":[{"href":"https:\/\/www.ferrycroatia.com\/hr\/wp-json\/wp\/v2\/pages"}],"about":[{"href":"https:\/\/www.ferrycroatia.com\/hr\/wp-json\/wp\/v2\/types\/page"}],"author":[{"embeddable":true,"href":"https:\/\/www.ferrycroatia.com\/hr\/wp-json\/wp\/v2\/users\/5"}],"replies":[{"embeddable":true,"href":"https:\/\/www.ferrycroatia.com\/hr\/wp-json\/wp\/v2\/comments?post=1126"}],"version-history":[{"count":4,"href":"https:\/\/www.ferrycroatia.com\/hr\/wp-json\/wp\/v2\/pages\/1126\/revisions"}],"predecessor-version":[{"id":2437,"href":"https:\/\/www.ferrycroatia.com\/hr\/wp-json\/wp\/v2\/pages\/1126\/revisions\/2437"}],"wp:attachment":[{"href":"https:\/\/www.ferrycroatia.com\/hr\/wp-json\/wp\/v2\/media?parent=1126"}],"curies":[{"name":"wp","href":"https:\/\/api.w.org\/{rel}","templated":true}]}}