{"id":1133,"date":"2021-01-26T14:37:30","date_gmt":"2021-01-26T14:37:30","guid":{"rendered":"https:\/\/ferrycroatia.com\/hr\/?page_id=1133"},"modified":"2021-07-29T12:25:10","modified_gmt":"2021-07-29T10:25:10","slug":"otok-sipan","status":"publish","type":"page","link":"https:\/\/www.ferrycroatia.com\/hr\/otok-sipan\/","title":{"rendered":"Otok \u0160ipan"},"content":{"rendered":"\n<p>Otok \u0160ipan <b>najve\u0107i je od 3 Elafitska otoka<\/b> koji su smje\u0161teni sjeverno od Dubrovnika. Povr\u0161ina otoka iznosi nekih 16 km2. Otok broji <b>nekih 400 stalnih stanovnika<\/b>, ljeti je taj broj ve\u0107i, no ipak na otoku ne bude gu\u017eve pa ako tra\u017eite mirno mjesto za odmor razmislite o tome da posjetite \u0160ipan.<\/p>\n\n\n\n<p>Na otoku se nalaze <b>dva naselja: Su\u0111ura\u0111<\/b> na ju\u017enom kraju otoka, u smjeru <a href=\"http:\/\/ferrycroatia.com\/hr\/otok-lopud\/\">otoka Lopud<\/a> i ve\u0107a <b>\u0160ipanska Luka<\/b> na zapadnoj strani otoka. Udaljenost izme\u0111u ova dva naselja je oko 5 km.&nbsp;Izme\u0111u ova dva sela nalazi se dolina gdje se uzgajaju <b>gro\u017e\u0111e za vino, masline i citrusi<\/b>. Ostatak otoka je brdovit, a <b>najvi\u0161a to\u010dka otoka nalazi se na 247 metara nadmorske visine<\/b>, tako da mo\u017eete prona\u0107i mnogo mjesta s odli\u010dnim pogled na obli\u017enje otoke Jakljan, Lopud, Mljet i kopno.<\/p>\n\n\n\n<h2>Otok \u0160ipan \u2013 korisne informacije<\/h2>\n\n\n\n<p><b>Smje\u0161taj na otoku \u0160ipanu<\/b> mo\u017eete prona\u0107i u Su\u0111ur\u0111u i u \u0160ipanskoj Luci. \u017delite li odsjesti u hotelu, mo\u017eete birati izme\u0111u <b>hotela Bo\u017eica u Su\u0111ur\u0111u<\/b> i <b>hotela \u0160ipan u \u0160ipanskoj Luci<\/b>. Tako\u0111er mo\u017eete birati i izme\u0111u nekoliko privatnih apartmana i ku\u0107a za odmor.<\/p>\n\n\n\n<p>Unato\u010d \u010dinjenici da otok \u0160ipan ima <b>dugu povijest naseljenosti<\/b>, nema mnogo zna\u010dajnih znamenitosti, no jedna koju biste mogli vidjeti je <b>ljetnikovac Sko\u010dibuha<\/b>. Boravak na otoku mo\u017eete provesti i <b>pje\u0161a\u010de\u0107i na nekoliko ozna\u010denih staza<\/b>. Pobrinite se da posjetite i <a href=\"https:\/\/www.bowa-dubrovnik.com\/\">restoran Bowu<\/a> gdje vas o\u010dekuje jedinstveno iskustvo.<\/p>\n\n\n\n<p>\u0160to se ti\u010de pla\u017ea, <b>imate puno izbora<\/b>; od najpopularnijih pla\u017ea u<b> Su\u0111ur\u0111u<\/b> i \u0160ipanskoj Luci do udaljenijih i izoliranijih pla\u017ea. Najbolje je da pitate mje\u0161tane za savjet.<\/p>\n\n\n\n<p>Trgovine se nalaze i u \u0161ipanskoj Luci i u Su\u0111ur\u0111u te u oba grada nalazi i velik broj kafi\u0107a i restorana. <b>SAVJET<\/b>: Budu\u0107i da su ve\u0107ina stanovni\u0161tva otoka \u0160ipana ribari, probati <b>riblja jela<\/b> nije lo\u0161a ideja.<\/p>\n\n\n\n<p>Mo\u017eete <b>iz Dubrovnika oti\u0107i na jednodnevan izlet na otok \u0160ipan<\/b>. Izlet mo\u017eete organizirati samostalno ili se pridru\u017eiti jednom od izleta koji se nude u Dubrovniku. Najjeftinija opcija bi bila da izlet organizirate samostalno.<\/p>\n\n\n\n<h2>Kako do\u0107i do otoka \u0160ipana<\/h2>\n\n\n\n<p>I Su\u0111ura\u0111 i \u0160ipanska Luka su lu\u010dki gradovi, <b>no Su\u0111ura\u0111 je glavna luka<\/b>, a povezan je s kopnom trajektnim linijama navedenima ispod:<\/p>\n\n\n\n<p><b>Trajektna linija 831:<\/b> Dubrovnik &#8211; Lopud &#8211; Su\u0111ura\u0111<\/p>\n\n\n\n<p><b>Brodska linija 807<\/b>: Dubrovnik &#8211; Kolo\u010dep &#8211; Lopud &#8211; \u0160ipan<\/p>\n\n\n\n<p>Obje linije <b>prometuju tijekom cijele godine<\/b>, tijekom lipnja, srpnja, kolovoza i rujna, trajekti isplovljavaju do 2 puta dnevno, a<b> putni\u010dki brod do 4 puta dnevno<\/b>. Tijekom ostataka godine iz Dubrovnika ima do 5 polazaka dnevno, vi\u0161e informacija o voznim redovima mo\u017eete prona\u0107i u tablici ispod te <strong>direktno kupiti kartu<\/strong>:<\/p>\n\n\n\n<figure class=\"wp-block-table\"><table><tbody><tr><td><a href=\"http:\/\/ferrycroatia.com\/hr\/dubrovnik-sudurad\/\">Dubrovnik &#8211; Su\u0111ura\u0111<\/a><\/td><td><a href=\"http:\/\/ferrycroatia.com\/hr\/lopud-sudurad\/\">Lopud &#8211; Su\u0111ura\u0111<\/a><\/td><td><a href=\"http:\/\/ferrycroatia.com\/hr\/kolocep-sudurad\/\">Kolo\u010dep &#8211; Su\u0111ura\u0111<\/a><\/td><\/tr><tr><td><a href=\"http:\/\/ferrycroatia.com\/hr\/sudurad-dubrovnik\/\">Su\u0111ura\u0111 &#8211; Dubrovnik<\/a><\/td><td><a href=\"http:\/\/ferrycroatia.com\/hr\/sudurad-lopud\/\">Su\u0111ura\u0111 &#8211; Lopud<\/a><\/td><td><a href=\"http:\/\/ferrycroatia.com\/hr\/sudurad-kolocep\/\">Su\u0111ura\u0111 &#8211; Kolo\u010dep<\/a><\/td><\/tr><\/tbody><\/table><\/figure>\n\n\n\n<p><b>Do \u0160ipanske Luke<\/b> vozi brzi trajekt\/katamaran kojim upravlja <a href=\"http:\/\/ferrycroatia.com\/hr\/gv-line\/\"><strong>G&amp;V line<\/strong><\/a>, a katamaran prometuje <b>svakog dana tijekom cijele godine<\/b>. Red vo\u017enje iz \u0160ipanske Luke mo\u017eete prona\u0107i ispod te <strong>direktno kupiti kartu<\/strong>:<\/p>\n\n\n\n<figure class=\"wp-block-table\"><table><tbody><tr><td><a href=\"http:\/\/ferrycroatia.com\/hr\/dubrovnik-sipanska-luka\/\">Dubrovnik &#8211; \u0160ipanska Luka<\/a><\/td><td><a href=\"http:\/\/ferrycroatia.com\/hr\/sobra-sipanska-luka\/\">Mljet -\u0160ipanska Luka<\/a><\/td><\/tr><tr><td><a href=\"http:\/\/ferrycroatia.com\/hr\/sipanska-luka-dubrovnik\/\">\u0160ipanska Luka &#8211; Dubrovnik<\/a><\/td><td><a href=\"http:\/\/ferrycroatia.com\/hr\/sipanska-luka-sobra\/\">\u0160ipanska Luka &#8211; Mljet<\/a><\/td><\/tr><\/tbody><\/table><\/figure>\n","protected":false},"excerpt":{"rendered":"<p>Otok \u0160ipan najve\u0107i je od 3 Elafitska otoka koji su smje\u0161teni sjeverno od Dubrovnika. Povr\u0161ina otoka iznosi nekih 16 km2. Otok broji nekih 400 stalnih stanovnika, ljeti je taj broj ve\u0107i, no ipak na otoku ne bude gu\u017eve pa ako tra\u017eite mirno mjesto za odmor razmislite o tome da posjetite \u0160ipan. Na otoku se nalaze [&hellip;]<\/p>\n<p><a class=\"more-link\" href=\"https:\/\/www.ferrycroatia.com\/hr\/otok-sipan\/\"> Continue reading&#8230;<\/a><\/p>\n","protected":false},"author":5,"featured_media":0,"parent":0,"menu_order":0,"comment_status":"closed","ping_status":"closed","template":"","meta":[],"yoast_head":"<!-- This site is optimized with the Yoast SEO plugin v19.8 - https:\/\/yoast.com\/wordpress\/plugins\/seo\/ -->\n<title>Otok \u0160ipan,najve\u0107i Elafitski otok u blizini Dubrovnika<\/title>\n<meta name=\"robots\" content=\"index, follow, max-snippet:-1, max-image-preview:large, max-video-preview:-1\" \/>\n<link rel=\"canonical\" href=\"https:\/\/www.ferrycroatia.com\/hr\/otok-sipan\/\" \/>\n<meta property=\"og:locale\" content=\"en_US\" \/>\n<meta property=\"og:type\" content=\"article\" \/>\n<meta property=\"og:title\" content=\"Otok \u0160ipan,najve\u0107i Elafitski otok u blizini Dubrovnika\" \/>\n<meta property=\"og:description\" content=\"Otok \u0160ipan najve\u0107i je od 3 Elafitska otoka koji su smje\u0161teni sjeverno od Dubrovnika. Povr\u0161ina otoka iznosi nekih 16 km2. Otok broji nekih 400 stalnih stanovnika, ljeti je taj broj ve\u0107i, no ipak na otoku ne bude gu\u017eve pa ako tra\u017eite mirno mjesto za odmor razmislite o tome da posjetite \u0160ipan. Na otoku se nalaze [&hellip;] Continue reading...\" \/>\n<meta property=\"og:url\" content=\"https:\/\/www.ferrycroatia.com\/hr\/otok-sipan\/\" \/>\n<meta property=\"og:site_name\" content=\"Trajekti Hrvatska\" \/>\n<meta property=\"article:modified_time\" content=\"2021-07-29T10:25:10+00:00\" \/>\n<meta name=\"twitter:card\" content=\"summary_large_image\" \/>\n<meta name=\"twitter:label1\" content=\"Est. reading time\" \/>\n\t<meta name=\"twitter:data1\" content=\"3 minutes\" \/>\n<script type=\"application\/ld+json\" class=\"yoast-schema-graph\">{\"@context\":\"https:\/\/schema.org\",\"@graph\":[{\"@type\":\"WebPage\",\"@id\":\"https:\/\/www.ferrycroatia.com\/hr\/otok-sipan\/\",\"url\":\"https:\/\/www.ferrycroatia.com\/hr\/otok-sipan\/\",\"name\":\"Otok \u0160ipan,najve\u0107i Elafitski otok u blizini Dubrovnika\",\"isPartOf\":{\"@id\":\"https:\/\/www.ferrycroatia.com\/hr\/#website\"},\"datePublished\":\"2021-01-26T14:37:30+00:00\",\"dateModified\":\"2021-07-29T10:25:10+00:00\",\"breadcrumb\":{\"@id\":\"https:\/\/www.ferrycroatia.com\/hr\/otok-sipan\/#breadcrumb\"},\"inLanguage\":\"en-US\",\"potentialAction\":[{\"@type\":\"ReadAction\",\"target\":[\"https:\/\/www.ferrycroatia.com\/hr\/otok-sipan\/\"]}]},{\"@type\":\"BreadcrumbList\",\"@id\":\"https:\/\/www.ferrycroatia.com\/hr\/otok-sipan\/#breadcrumb\",\"itemListElement\":[{\"@type\":\"ListItem\",\"position\":1,\"name\":\"Home\",\"item\":\"https:\/\/www.ferrycroatia.com\/hr\/\"},{\"@type\":\"ListItem\",\"position\":2,\"name\":\"Otok \u0160ipan\"}]},{\"@type\":\"WebSite\",\"@id\":\"https:\/\/www.ferrycroatia.com\/hr\/#website\",\"url\":\"https:\/\/www.ferrycroatia.com\/hr\/\",\"name\":\"Trajekti Hrvatska\",\"description\":\"Vozni red za sve trajekte i katamarane u Hrvatskoj\",\"potentialAction\":[{\"@type\":\"SearchAction\",\"target\":{\"@type\":\"EntryPoint\",\"urlTemplate\":\"https:\/\/www.ferrycroatia.com\/hr\/?s={search_term_string}\"},\"query-input\":\"required name=search_term_string\"}],\"inLanguage\":\"en-US\"}]}<\/script>\n<!-- \/ Yoast SEO plugin. -->","yoast_head_json":{"title":"Otok \u0160ipan,najve\u0107i Elafitski otok u blizini Dubrovnika","robots":{"index":"index","follow":"follow","max-snippet":"max-snippet:-1","max-image-preview":"max-image-preview:large","max-video-preview":"max-video-preview:-1"},"canonical":"https:\/\/www.ferrycroatia.com\/hr\/otok-sipan\/","og_locale":"en_US","og_type":"article","og_title":"Otok \u0160ipan,najve\u0107i Elafitski otok u blizini Dubrovnika","og_description":"Otok \u0160ipan najve\u0107i je od 3 Elafitska otoka koji su smje\u0161teni sjeverno od Dubrovnika. Povr\u0161ina otoka iznosi nekih 16 km2. Otok broji nekih 400 stalnih stanovnika, ljeti je taj broj ve\u0107i, no ipak na otoku ne bude gu\u017eve pa ako tra\u017eite mirno mjesto za odmor razmislite o tome da posjetite \u0160ipan. Na otoku se nalaze [&hellip;] Continue reading...","og_url":"https:\/\/www.ferrycroatia.com\/hr\/otok-sipan\/","og_site_name":"Trajekti Hrvatska","article_modified_time":"2021-07-29T10:25:10+00:00","twitter_card":"summary_large_image","twitter_misc":{"Est. reading time":"3 minutes"},"schema":{"@context":"https:\/\/schema.org","@graph":[{"@type":"WebPage","@id":"https:\/\/www.ferrycroatia.com\/hr\/otok-sipan\/","url":"https:\/\/www.ferrycroatia.com\/hr\/otok-sipan\/","name":"Otok \u0160ipan,najve\u0107i Elafitski otok u blizini Dubrovnika","isPartOf":{"@id":"https:\/\/www.ferrycroatia.com\/hr\/#website"},"datePublished":"2021-01-26T14:37:30+00:00","dateModified":"2021-07-29T10:25:10+00:00","breadcrumb":{"@id":"https:\/\/www.ferrycroatia.com\/hr\/otok-sipan\/#breadcrumb"},"inLanguage":"en-US","potentialAction":[{"@type":"ReadAction","target":["https:\/\/www.ferrycroatia.com\/hr\/otok-sipan\/"]}]},{"@type":"BreadcrumbList","@id":"https:\/\/www.ferrycroatia.com\/hr\/otok-sipan\/#breadcrumb","itemListElement":[{"@type":"ListItem","position":1,"name":"Home","item":"https:\/\/www.ferrycroatia.com\/hr\/"},{"@type":"ListItem","position":2,"name":"Otok \u0160ipan"}]},{"@type":"WebSite","@id":"https:\/\/www.ferrycroatia.com\/hr\/#website","url":"https:\/\/www.ferrycroatia.com\/hr\/","name":"Trajekti Hrvatska","description":"Vozni red za sve trajekte i katamarane u Hrvatskoj","potentialAction":[{"@type":"SearchAction","target":{"@type":"EntryPoint","urlTemplate":"https:\/\/www.ferrycroatia.com\/hr\/?s={search_term_string}"},"query-input":"required name=search_term_string"}],"inLanguage":"en-US"}]}},"_links":{"self":[{"href":"https:\/\/www.ferrycroatia.com\/hr\/wp-json\/wp\/v2\/pages\/1133"}],"collection":[{"href":"https:\/\/www.ferrycroatia.com\/hr\/wp-json\/wp\/v2\/pages"}],"about":[{"href":"https:\/\/www.ferrycroatia.com\/hr\/wp-json\/wp\/v2\/types\/page"}],"author":[{"embeddable":true,"href":"https:\/\/www.ferrycroatia.com\/hr\/wp-json\/wp\/v2\/users\/5"}],"replies":[{"embeddable":true,"href":"https:\/\/www.ferrycroatia.com\/hr\/wp-json\/wp\/v2\/comments?post=1133"}],"version-history":[{"count":4,"href":"https:\/\/www.ferrycroatia.com\/hr\/wp-json\/wp\/v2\/pages\/1133\/revisions"}],"predecessor-version":[{"id":2442,"href":"https:\/\/www.ferrycroatia.com\/hr\/wp-json\/wp\/v2\/pages\/1133\/revisions\/2442"}],"wp:attachment":[{"href":"https:\/\/www.ferrycroatia.com\/hr\/wp-json\/wp\/v2\/media?parent=1133"}],"curies":[{"name":"wp","href":"https:\/\/api.w.org\/{rel}","templated":true}]}}