{"id":1148,"date":"2021-01-27T13:53:28","date_gmt":"2021-01-27T13:53:28","guid":{"rendered":"https:\/\/ferrycroatia.com\/hr\/?page_id=1148"},"modified":"2021-07-29T12:31:04","modified_gmt":"2021-07-29T10:31:04","slug":"otok-zverinac","status":"publish","type":"page","link":"https:\/\/www.ferrycroatia.com\/hr\/otok-zverinac\/","title":{"rendered":"Otok Zverinac"},"content":{"rendered":"\n<p><strong>Zverinac je mali otok<\/strong> u Zadarskom arhipelagu, a nalazi se <strong>izme\u0111u Dugog Otoka i otoka Tun Veli<\/strong>. Zverinac zauzima povr\u0161inu od otprilike 4 kvadratna kilometra, uz duljinu od 4.5 kilometra te \u0161irinu od 1.2 kilometara.<strong> Jedino naselje na otoku zove se Zverinac<\/strong>, a nalazi se na zapadnoj strani otoka, te gleda prema <a href=\"https:\/\/ferrycroatia.com\/hr\/dugi-otok\/\">Dugom otoku<\/a>. Na otoku trenutno \u017eivi oko 50 osoba. Unato\u010d tome, na otoku se mo\u017ee iznajmiti nekoliko smje\u0161tajnih jedinica. Ukoliko tra\u017eite mirno mjesto za odmor, Zverinac bi mogao biti dobar izbor.<\/p>\n\n\n\n<h2>Kako do\u0107i do otoka Zverinac<\/h2>\n\n\n\n<p>Iz <a href=\"http:\/\/ferrycroatia.com\/hr\/trajektna-luka-zverinac\/\">luke u Zverincu<\/a> <strong>postoje redovne trajektne i katamaranske linije<\/strong> prema Zadru te obli\u017enjim otocima.&nbsp;<\/p>\n\n\n\n<p><strong>Trajektna linija broj 433<\/strong>; Molat &#8211; Zverinac &#8211; Sestrunj &#8211; Rivanj &#8211; Zadar isplovljava svakodnevno tokom ljetne sezone te do 3 puta tjedno tokom zimskih mjeseci. Vrijeme plovidbe od Zadra do Zverinca je otprilike 2 sata i 30 minuta. U nastavku se mo\u017ee vidjeti <strong>kompletan raspored plovidbe trajekta te direktno kupiti kartu<\/strong>:<\/p>\n\n\n\n<figure class=\"wp-block-table\"><table><tbody><tr><td><a href=\"http:\/\/www.ferrycroatia.com\/hr\/zadar-zverinac\/\">Zadar &#8211; Zverinac<\/a><\/td><td><a href=\"http:\/\/www.ferrycroatia.com\/hr\/zverinac-sestrunj\/\">Zverinac &#8211; Sestrunj<\/a><\/td><td><a href=\"http:\/\/www.ferrycroatia.com\/hr\/zverinac-molat\/\">Zverinac &#8211; Molat<\/a><\/td><\/tr><tr><td><a href=\"http:\/\/www.ferrycroatia.com\/hr\/zverinac-zadar\/\">Zverinac &#8211; Zadar<\/a><\/td><td><a href=\"http:\/\/www.ferrycroatia.com\/hr\/sestrunj-zverinac\/\">Sestrunj &#8211; Zverinac<\/a><\/td><td><a href=\"http:\/\/www.ferrycroatia.com\/hr\/molat-zverinac\/\">Molat &#8211; Zverinac<\/a><\/td><\/tr><\/tbody><\/table><\/figure>\n\n\n\n<p><strong>Katamaranska linija broj 9404<\/strong>; Brbin (Dugi Otok) &#8211; Bo\u017eava &#8211; Zverinac &#8211; Sestrunj &#8211; Rivanj &#8211; Zadar isplovljava svakodnevno tokom cijele godine, uz iznimke za blagdane i dr\u017eavne praznike. Vrijeme plovidbe od Zadra do Zverinca je otprilike 1 sat i 15 minuta. <strong>Kompletan raspored plovidbe katamarana te karte za kupnju <\/strong>\u0107ete prona\u0107i u nastavku:<\/p>\n\n\n\n<figure class=\"wp-block-table\"><table><tbody><tr><td><a href=\"http:\/\/www.ferrycroatia.com\/hr\/zverinac-brbinj\/\">Zverinac &#8211; Brbinj (Dugi Otok)<\/a><\/td><td><a href=\"http:\/\/www.ferrycroatia.com\/hr\/zverinac-bozava\/\">Zverinac &#8211; Bo\u017eava<\/a><\/td><td><a href=\"http:\/\/www.ferrycroatia.com\/hr\/rivanj-zverinac\/\">Rivanj &#8211; Zverinac<\/a><\/td><\/tr><tr><td><a href=\"http:\/\/www.ferrycroatia.com\/hr\/zverinac-brbinj\/\">Brbinj &#8211; Zverinac<\/a><\/td><td><a href=\"http:\/\/www.ferrycroatia.com\/hr\/bozava-zverinac\/\">Bo\u017eava (Dugi Otok) &#8211; Zverinac<\/a><\/td><td><a href=\"http:\/\/www.ferrycroatia.com\/hr\/zverinac-rivanj\/\">Zverinac &#8211; Rivanj<\/a><\/td><\/tr><\/tbody><\/table><\/figure>\n\n\n\n<h2>Zadar &#8211; Zverinac cijena karata<\/h2>\n\n\n\n<p>CIjena jednosmjerne karte za odrasle na katamaranskoj liniji <strong>u srcu sezone iznosi oko 40 kuna<\/strong> te 25 kuna u pred i postsezoni. Cijena karte za trajekt je ne\u0161to ni\u017ea i iznosi 24 kune u sezoni te 20 kuna van sezone. Ukoliko na Zverinac idete s automobilom, cijena jednosmjerne karte za trajekt iznosi oko 160 kuna.<\/p>\n\n\n\n<p><\/p>\n","protected":false},"excerpt":{"rendered":"<p>Zverinac je mali otok u Zadarskom arhipelagu, a nalazi se izme\u0111u Dugog Otoka i otoka Tun Veli. Zverinac zauzima povr\u0161inu od otprilike 4 kvadratna kilometra, uz duljinu od 4.5 kilometra te \u0161irinu od 1.2 kilometara. Jedino naselje na otoku zove se Zverinac, a nalazi se na zapadnoj strani otoka, te gleda prema Dugom otoku. Na [&hellip;]<\/p>\n<p><a class=\"more-link\" href=\"https:\/\/www.ferrycroatia.com\/hr\/otok-zverinac\/\"> Continue reading&#8230;<\/a><\/p>\n","protected":false},"author":5,"featured_media":0,"parent":0,"menu_order":0,"comment_status":"closed","ping_status":"closed","template":"","meta":[],"yoast_head":"<!-- This site is optimized with the Yoast SEO plugin v19.8 - https:\/\/yoast.com\/wordpress\/plugins\/seo\/ -->\n<title>Otok Zverinac u zadarskom arhipelagu, kako do\u0107i do otoka<\/title>\n<meta name=\"robots\" content=\"index, follow, max-snippet:-1, max-image-preview:large, max-video-preview:-1\" \/>\n<link rel=\"canonical\" href=\"https:\/\/www.ferrycroatia.com\/hr\/otok-zverinac\/\" \/>\n<meta property=\"og:locale\" content=\"en_US\" \/>\n<meta property=\"og:type\" content=\"article\" \/>\n<meta property=\"og:title\" content=\"Otok Zverinac u zadarskom arhipelagu, kako do\u0107i do otoka\" \/>\n<meta property=\"og:description\" content=\"Zverinac je mali otok u Zadarskom arhipelagu, a nalazi se izme\u0111u Dugog Otoka i otoka Tun Veli. Zverinac zauzima povr\u0161inu od otprilike 4 kvadratna kilometra, uz duljinu od 4.5 kilometra te \u0161irinu od 1.2 kilometara. Jedino naselje na otoku zove se Zverinac, a nalazi se na zapadnoj strani otoka, te gleda prema Dugom otoku. Na [&hellip;] Continue reading...\" \/>\n<meta property=\"og:url\" content=\"https:\/\/www.ferrycroatia.com\/hr\/otok-zverinac\/\" \/>\n<meta property=\"og:site_name\" content=\"Trajekti Hrvatska\" \/>\n<meta property=\"article:modified_time\" content=\"2021-07-29T10:31:04+00:00\" \/>\n<meta name=\"twitter:card\" content=\"summary_large_image\" \/>\n<meta name=\"twitter:label1\" content=\"Est. reading time\" \/>\n\t<meta name=\"twitter:data1\" content=\"2 minutes\" \/>\n<script type=\"application\/ld+json\" class=\"yoast-schema-graph\">{\"@context\":\"https:\/\/schema.org\",\"@graph\":[{\"@type\":\"WebPage\",\"@id\":\"https:\/\/www.ferrycroatia.com\/hr\/otok-zverinac\/\",\"url\":\"https:\/\/www.ferrycroatia.com\/hr\/otok-zverinac\/\",\"name\":\"Otok Zverinac u zadarskom arhipelagu, kako do\u0107i do otoka\",\"isPartOf\":{\"@id\":\"https:\/\/www.ferrycroatia.com\/hr\/#website\"},\"datePublished\":\"2021-01-27T13:53:28+00:00\",\"dateModified\":\"2021-07-29T10:31:04+00:00\",\"breadcrumb\":{\"@id\":\"https:\/\/www.ferrycroatia.com\/hr\/otok-zverinac\/#breadcrumb\"},\"inLanguage\":\"en-US\",\"potentialAction\":[{\"@type\":\"ReadAction\",\"target\":[\"https:\/\/www.ferrycroatia.com\/hr\/otok-zverinac\/\"]}]},{\"@type\":\"BreadcrumbList\",\"@id\":\"https:\/\/www.ferrycroatia.com\/hr\/otok-zverinac\/#breadcrumb\",\"itemListElement\":[{\"@type\":\"ListItem\",\"position\":1,\"name\":\"Home\",\"item\":\"https:\/\/www.ferrycroatia.com\/hr\/\"},{\"@type\":\"ListItem\",\"position\":2,\"name\":\"Otok Zverinac\"}]},{\"@type\":\"WebSite\",\"@id\":\"https:\/\/www.ferrycroatia.com\/hr\/#website\",\"url\":\"https:\/\/www.ferrycroatia.com\/hr\/\",\"name\":\"Trajekti Hrvatska\",\"description\":\"Vozni red za sve trajekte i katamarane u Hrvatskoj\",\"potentialAction\":[{\"@type\":\"SearchAction\",\"target\":{\"@type\":\"EntryPoint\",\"urlTemplate\":\"https:\/\/www.ferrycroatia.com\/hr\/?s={search_term_string}\"},\"query-input\":\"required name=search_term_string\"}],\"inLanguage\":\"en-US\"}]}<\/script>\n<!-- \/ Yoast SEO plugin. -->","yoast_head_json":{"title":"Otok Zverinac u zadarskom arhipelagu, kako do\u0107i do otoka","robots":{"index":"index","follow":"follow","max-snippet":"max-snippet:-1","max-image-preview":"max-image-preview:large","max-video-preview":"max-video-preview:-1"},"canonical":"https:\/\/www.ferrycroatia.com\/hr\/otok-zverinac\/","og_locale":"en_US","og_type":"article","og_title":"Otok Zverinac u zadarskom arhipelagu, kako do\u0107i do otoka","og_description":"Zverinac je mali otok u Zadarskom arhipelagu, a nalazi se izme\u0111u Dugog Otoka i otoka Tun Veli. Zverinac zauzima povr\u0161inu od otprilike 4 kvadratna kilometra, uz duljinu od 4.5 kilometra te \u0161irinu od 1.2 kilometara. Jedino naselje na otoku zove se Zverinac, a nalazi se na zapadnoj strani otoka, te gleda prema Dugom otoku. Na [&hellip;] Continue reading...","og_url":"https:\/\/www.ferrycroatia.com\/hr\/otok-zverinac\/","og_site_name":"Trajekti Hrvatska","article_modified_time":"2021-07-29T10:31:04+00:00","twitter_card":"summary_large_image","twitter_misc":{"Est. reading time":"2 minutes"},"schema":{"@context":"https:\/\/schema.org","@graph":[{"@type":"WebPage","@id":"https:\/\/www.ferrycroatia.com\/hr\/otok-zverinac\/","url":"https:\/\/www.ferrycroatia.com\/hr\/otok-zverinac\/","name":"Otok Zverinac u zadarskom arhipelagu, kako do\u0107i do otoka","isPartOf":{"@id":"https:\/\/www.ferrycroatia.com\/hr\/#website"},"datePublished":"2021-01-27T13:53:28+00:00","dateModified":"2021-07-29T10:31:04+00:00","breadcrumb":{"@id":"https:\/\/www.ferrycroatia.com\/hr\/otok-zverinac\/#breadcrumb"},"inLanguage":"en-US","potentialAction":[{"@type":"ReadAction","target":["https:\/\/www.ferrycroatia.com\/hr\/otok-zverinac\/"]}]},{"@type":"BreadcrumbList","@id":"https:\/\/www.ferrycroatia.com\/hr\/otok-zverinac\/#breadcrumb","itemListElement":[{"@type":"ListItem","position":1,"name":"Home","item":"https:\/\/www.ferrycroatia.com\/hr\/"},{"@type":"ListItem","position":2,"name":"Otok Zverinac"}]},{"@type":"WebSite","@id":"https:\/\/www.ferrycroatia.com\/hr\/#website","url":"https:\/\/www.ferrycroatia.com\/hr\/","name":"Trajekti Hrvatska","description":"Vozni red za sve trajekte i katamarane u Hrvatskoj","potentialAction":[{"@type":"SearchAction","target":{"@type":"EntryPoint","urlTemplate":"https:\/\/www.ferrycroatia.com\/hr\/?s={search_term_string}"},"query-input":"required name=search_term_string"}],"inLanguage":"en-US"}]}},"_links":{"self":[{"href":"https:\/\/www.ferrycroatia.com\/hr\/wp-json\/wp\/v2\/pages\/1148"}],"collection":[{"href":"https:\/\/www.ferrycroatia.com\/hr\/wp-json\/wp\/v2\/pages"}],"about":[{"href":"https:\/\/www.ferrycroatia.com\/hr\/wp-json\/wp\/v2\/types\/page"}],"author":[{"embeddable":true,"href":"https:\/\/www.ferrycroatia.com\/hr\/wp-json\/wp\/v2\/users\/5"}],"replies":[{"embeddable":true,"href":"https:\/\/www.ferrycroatia.com\/hr\/wp-json\/wp\/v2\/comments?post=1148"}],"version-history":[{"count":6,"href":"https:\/\/www.ferrycroatia.com\/hr\/wp-json\/wp\/v2\/pages\/1148\/revisions"}],"predecessor-version":[{"id":2450,"href":"https:\/\/www.ferrycroatia.com\/hr\/wp-json\/wp\/v2\/pages\/1148\/revisions\/2450"}],"wp:attachment":[{"href":"https:\/\/www.ferrycroatia.com\/hr\/wp-json\/wp\/v2\/media?parent=1148"}],"curies":[{"name":"wp","href":"https:\/\/api.w.org\/{rel}","templated":true}]}}